{"id":8226,"date":"2021-09-23T14:11:49","date_gmt":"2021-09-23T12:11:49","guid":{"rendered":"https:\/\/strangercam.com\/?page_id=8226"},"modified":"2023-08-21T12:24:41","modified_gmt":"2023-08-21T10:24:41","slug":"echat","status":"publish","type":"page","link":"https:\/\/strangercam.com\/fr\/echat\/","title":{"rendered":"eChat"},"content":{"rendered":"<h2>Faut-il engager la conversation avec un inconnu ?<\/h2>\n<p>C'est une question que se posent presque tous ceux qui sont de nature r\u00e9serv\u00e9e. Les extravertis ne rencontrent pas ce genre de probl\u00e8me, car ils sont francs et peuvent facilement s'entendre avec n'importe qui. Mais comme le monde est rempli d'escrocs, de fraudeurs et de personnes qui ont l'intention de nuire \u00e0 autrui, vous devez prendre les pr\u00e9cautions qui s'imposent. C'est d'autant plus important si vous essayez de parler avec des inconnus par l'interm\u00e9diaire d'un site web. <a href=\"https:\/\/strangercam.com\/fr\/chatroulette\/\">chat<\/a> chambres. Au <b>echat<\/b>Vous pouvez avoir des conversations saines puisque vous pouvez voir les profils des autres. Vous pouvez \u00e9galement discuter avec des personnes ayant des int\u00e9r\u00eats similaires aux v\u00f4tres.<\/p>\n<h2>Qui est un \u00e9tranger ?<\/h2>\n<p>Pour briser votre nature introvertie, le meilleur endroit o\u00f9 se trouver est <b>echat<\/b>. Ici, vous pouvez rencontrer diff\u00e9rents types de personnes de tous \u00e2ges, hommes et femmes, avec des int\u00e9r\u00eats vari\u00e9s. Vous devez initier le chat ou quelqu'un d'autre peut le faire. Il se peut que vous ne connaissiez pas la personne, si ce n'est par le profil qu'elle a cr\u00e9\u00e9. Ce sont des inconnus, car vous ne savez pas grand-chose d'eux. C'est <a href=\"https:\/\/strangercam.com\/fr\/only2chat\/\">seulement<\/a> Apr\u00e8s avoir pris contact et parl\u00e9 avec eux pendant un certain temps, cela peut vous aider \u00e0 savoir s'ils peuvent devenir des amis.<\/p>\n<h2>Se faire de nouveaux amis<\/h2>\n<p>N'oubliez pas que tout le monde a besoin d'amis et que l'homme est un animal social. Il n'est tout simplement pas possible de continuer \u00e0 \u00e9viter les personnes que l'on ne conna\u00eet pas. Des portails en ligne comme <b>echat<\/b> offrent la possibilit\u00e9 d'entrer en contact avec d'autres personnes, quel que soit leur lieu de r\u00e9sidence ou la distance qui les s\u00e9pare. Il vous suffit d'initier le chat en disant \u2018Hi\u2019 ou \u2018Hello\u2019 si la personne est int\u00e9ress\u00e9e, et la conversation s'ensuit. Qu'elles durent des heures ou qu'elles se terminent en une minute ou deux d\u00e9pend de votre int\u00e9r\u00eat et du sujet choisi. Par cons\u00e9quent, identifiez les cat\u00e9gories dans lesquelles les sujets sont abord\u00e9s <a href=\"https:\/\/strangercam.com\/fr\/chatmatch\/\">correspondre<\/a> votre mentalit\u00e9 et vos connaissances. Vous vous y sentirez \u00e0 l'aise et ne vous consid\u00e9rerez pas comme un extraterrestre. Un tel environnement peut \u00eatre s\u00fbr et int\u00e9ressant. Si vous sentez que l'environnement est mena\u00e7ant, vous pouvez toujours passer \u00e0 un meilleur environnement. <a href=\"https:\/\/strangercam.com\/fr\/1v1-chat\/\">un<\/a> ou simplement passer \u00e0 un autre <a href=\"https:\/\/strangercam.com\/fr\/chatingly\/\">chat<\/a> portail. Tendre la main \u00e0 de nouvelles personnes permet de cr\u00e9er de nouvelles connaissances et de nouveaux amis. Cela demande du temps et beaucoup d'attention. Mais les r\u00e9sultats peuvent \u00eatre fabuleux si vous savez comment entamer la premi\u00e8re conversation.<\/p>\n<p>Chatter en ligne avec des inconnus permet de garder son c\u0153ur en pleine forme, tant sur le plan psychologique que mental. Vous pouvez m\u00eame parler de votre c\u0153ur avec ceux avec qui vous vous sentez \u00e0 l'aise, en s\u00e9curit\u00e9 et pleinement connect\u00e9s. Il y a de fortes chances qu'ils vous donnent des conseils utiles pour vous aider \u00e0 sortir du p\u00e9trin dans lequel vous vous trouvez actuellement, et ce dans de nombreux domaines.<\/p>","protected":false},"excerpt":{"rendered":"<p>Should you initiate talk with a stranger? This is a question that is asked by almost all those who are reserved by nature. The extroverts do not face such trouble since they are outspoken and can get along with any person easily. But with the world being full of scammers, fraudsters, and those who intend [&hellip;]<\/p>\n","protected":false},"author":6,"featured_media":559,"parent":0,"menu_order":0,"comment_status":"closed","ping_status":"closed","template":"","meta":{"footnotes":""},"class_list":["post-8226","page","type-page","status-publish","has-post-thumbnail","hentry"],"yoast_head":"<!-- This site is optimized with the Yoast SEO plugin v26.9 - https:\/\/yoast.com\/product\/yoast-seo-wordpress\/ -->\n<title>eChat - Anonymous Chat For Two - Cam on StrangerCam.com<\/title>\n<meta name=\"description\" content=\"Like eChat? Come chat with more than 5.000.000 strangers on Stranger Cam for Free! Turn on your cam and find new friends &amp; maby a match!\" \/>\n<meta name=\"robots\" content=\"index, follow, max-snippet:-1, max-image-preview:large, max-video-preview:-1\" \/>\n<link rel=\"canonical\" href=\"https:\/\/strangercam.com\/fr\/echat\/\" \/>\n<meta property=\"og:locale\" content=\"fr_FR\" \/>\n<meta property=\"og:type\" content=\"article\" \/>\n<meta property=\"og:title\" content=\"eChat - Anonymous Chat For Two - Cam on StrangerCam.com\" \/>\n<meta property=\"og:description\" content=\"Like eChat? Come chat with more than 5.000.000 strangers on Stranger Cam for Free! Turn on your cam and find new friends &amp; maby a match!\" \/>\n<meta property=\"og:url\" content=\"https:\/\/strangercam.com\/fr\/echat\/\" \/>\n<meta property=\"og:site_name\" content=\"Strangercam\" \/>\n<meta property=\"article:publisher\" content=\"https:\/\/www.facebook.com\/strangercam\" \/>\n<meta property=\"article:modified_time\" content=\"2023-08-21T10:24:41+00:00\" \/>\n<meta property=\"og:image\" content=\"https:\/\/strangercam.com\/wp-content\/uploads\/2020\/11\/stranger-cam-1.png\" \/>\n\t<meta property=\"og:image:width\" content=\"800\" \/>\n\t<meta property=\"og:image:height\" content=\"800\" \/>\n\t<meta property=\"og:image:type\" content=\"image\/png\" \/>\n<meta name=\"twitter:card\" content=\"summary_large_image\" \/>\n<meta name=\"twitter:site\" content=\"@strangercamapp\" \/>\n<meta name=\"twitter:label1\" content=\"Dur\u00e9e de lecture estim\u00e9e\" \/>\n\t<meta name=\"twitter:data1\" content=\"2 minutes\" \/>\n<script type=\"application\/ld+json\" class=\"yoast-schema-graph\">{\"@context\":\"https:\/\/schema.org\",\"@graph\":[{\"@type\":\"WebPage\",\"@id\":\"https:\/\/strangercam.com\/echat\/\",\"url\":\"https:\/\/strangercam.com\/echat\/\",\"name\":\"eChat - Anonymous Chat For Two - Cam on StrangerCam.com\",\"isPartOf\":{\"@id\":\"https:\/\/strangercam.com\/#website\"},\"primaryImageOfPage\":{\"@id\":\"https:\/\/strangercam.com\/echat\/#primaryimage\"},\"image\":{\"@id\":\"https:\/\/strangercam.com\/echat\/#primaryimage\"},\"thumbnailUrl\":\"https:\/\/strangercam.com\/wp-content\/uploads\/2020\/11\/stranger-cam-1.png\",\"datePublished\":\"2021-09-23T12:11:49+00:00\",\"dateModified\":\"2023-08-21T10:24:41+00:00\",\"description\":\"Like eChat? Come chat with more than 5.000.000 strangers on Stranger Cam for Free! Turn on your cam and find new friends & maby a match!\",\"breadcrumb\":{\"@id\":\"https:\/\/strangercam.com\/echat\/#breadcrumb\"},\"inLanguage\":\"fr-FR\",\"potentialAction\":[{\"@type\":\"ReadAction\",\"target\":[\"https:\/\/strangercam.com\/echat\/\"]}]},{\"@type\":\"ImageObject\",\"inLanguage\":\"fr-FR\",\"@id\":\"https:\/\/strangercam.com\/echat\/#primaryimage\",\"url\":\"https:\/\/strangercam.com\/wp-content\/uploads\/2020\/11\/stranger-cam-1.png\",\"contentUrl\":\"https:\/\/strangercam.com\/wp-content\/uploads\/2020\/11\/stranger-cam-1.png\",\"width\":800,\"height\":800,\"caption\":\"stranger cam random video chat\"},{\"@type\":\"BreadcrumbList\",\"@id\":\"https:\/\/strangercam.com\/echat\/#breadcrumb\",\"itemListElement\":[{\"@type\":\"ListItem\",\"position\":1,\"name\":\"Home\",\"item\":\"https:\/\/strangercam.com\/\"},{\"@type\":\"ListItem\",\"position\":2,\"name\":\"eChat\"}]},{\"@type\":\"WebSite\",\"@id\":\"https:\/\/strangercam.com\/#website\",\"url\":\"https:\/\/strangercam.com\/\",\"name\":\"Strangercam\",\"description\":\"Random Video Chat with Strangers\",\"publisher\":{\"@id\":\"https:\/\/strangercam.com\/#organization\"},\"alternateName\":\"Strangercam.com\",\"potentialAction\":[{\"@type\":\"SearchAction\",\"target\":{\"@type\":\"EntryPoint\",\"urlTemplate\":\"https:\/\/strangercam.com\/?s={search_term_string}\"},\"query-input\":{\"@type\":\"PropertyValueSpecification\",\"valueRequired\":true,\"valueName\":\"search_term_string\"}}],\"inLanguage\":\"fr-FR\"},{\"@type\":\"Organization\",\"@id\":\"https:\/\/strangercam.com\/#organization\",\"name\":\"Strangercam\",\"alternateName\":\"Strangercam.com\",\"url\":\"https:\/\/strangercam.com\/\",\"logo\":{\"@type\":\"ImageObject\",\"inLanguage\":\"fr-FR\",\"@id\":\"https:\/\/strangercam.com\/#\/schema\/logo\/image\/\",\"url\":\"https:\/\/strangercam.com\/wp-content\/uploads\/2020\/11\/cropped-new-favicon-black.png\",\"contentUrl\":\"https:\/\/strangercam.com\/wp-content\/uploads\/2020\/11\/cropped-new-favicon-black.png\",\"width\":512,\"height\":512,\"caption\":\"Strangercam\"},\"image\":{\"@id\":\"https:\/\/strangercam.com\/#\/schema\/logo\/image\/\"},\"sameAs\":[\"https:\/\/www.facebook.com\/strangercam\",\"https:\/\/x.com\/strangercamapp\"]}]}<\/script>\n<!-- \/ Yoast SEO plugin. -->","yoast_head_json":{"title":"eChat - Chat anonyme pour deux - Cam sur StrangerCam.com","description":"Vous aimez eChat ? Venez discuter avec plus de 5.000.000 d'inconnus sur Stranger Cam gratuitement ! Allume ta cam\u00e9ra et trouve de nouveaux amis et peut-\u00eatre un partenaire !","robots":{"index":"index","follow":"follow","max-snippet":"max-snippet:-1","max-image-preview":"max-image-preview:large","max-video-preview":"max-video-preview:-1"},"canonical":"https:\/\/strangercam.com\/fr\/echat\/","og_locale":"fr_FR","og_type":"article","og_title":"eChat - Anonymous Chat For Two - Cam on StrangerCam.com","og_description":"Like eChat? Come chat with more than 5.000.000 strangers on Stranger Cam for Free! Turn on your cam and find new friends & maby a match!","og_url":"https:\/\/strangercam.com\/fr\/echat\/","og_site_name":"Strangercam","article_publisher":"https:\/\/www.facebook.com\/strangercam","article_modified_time":"2023-08-21T10:24:41+00:00","og_image":[{"width":800,"height":800,"url":"https:\/\/strangercam.com\/wp-content\/uploads\/2020\/11\/stranger-cam-1.png","type":"image\/png"}],"twitter_card":"summary_large_image","twitter_site":"@strangercamapp","twitter_misc":{"Dur\u00e9e de lecture estim\u00e9e":"2 minutes"},"schema":{"@context":"https:\/\/schema.org","@graph":[{"@type":"WebPage","@id":"https:\/\/strangercam.com\/echat\/","url":"https:\/\/strangercam.com\/echat\/","name":"eChat - Chat anonyme pour deux - Cam sur StrangerCam.com","isPartOf":{"@id":"https:\/\/strangercam.com\/#website"},"primaryImageOfPage":{"@id":"https:\/\/strangercam.com\/echat\/#primaryimage"},"image":{"@id":"https:\/\/strangercam.com\/echat\/#primaryimage"},"thumbnailUrl":"https:\/\/strangercam.com\/wp-content\/uploads\/2020\/11\/stranger-cam-1.png","datePublished":"2021-09-23T12:11:49+00:00","dateModified":"2023-08-21T10:24:41+00:00","description":"Vous aimez eChat ? Venez discuter avec plus de 5.000.000 d'inconnus sur Stranger Cam gratuitement ! Allume ta cam\u00e9ra et trouve de nouveaux amis et peut-\u00eatre un partenaire !","breadcrumb":{"@id":"https:\/\/strangercam.com\/echat\/#breadcrumb"},"inLanguage":"fr-FR","potentialAction":[{"@type":"ReadAction","target":["https:\/\/strangercam.com\/echat\/"]}]},{"@type":"ImageObject","inLanguage":"fr-FR","@id":"https:\/\/strangercam.com\/echat\/#primaryimage","url":"https:\/\/strangercam.com\/wp-content\/uploads\/2020\/11\/stranger-cam-1.png","contentUrl":"https:\/\/strangercam.com\/wp-content\/uploads\/2020\/11\/stranger-cam-1.png","width":800,"height":800,"caption":"stranger cam random video chat"},{"@type":"BreadcrumbList","@id":"https:\/\/strangercam.com\/echat\/#breadcrumb","itemListElement":[{"@type":"ListItem","position":1,"name":"Home","item":"https:\/\/strangercam.com\/"},{"@type":"ListItem","position":2,"name":"eChat"}]},{"@type":"WebSite","@id":"https:\/\/strangercam.com\/#website","url":"https:\/\/strangercam.com\/","name":"Strangercam","description":"Chat vid\u00e9o al\u00e9atoire avec des inconnus","publisher":{"@id":"https:\/\/strangercam.com\/#organization"},"alternateName":"Strangercam.com","potentialAction":[{"@type":"SearchAction","target":{"@type":"EntryPoint","urlTemplate":"https:\/\/strangercam.com\/?s={search_term_string}"},"query-input":{"@type":"PropertyValueSpecification","valueRequired":true,"valueName":"search_term_string"}}],"inLanguage":"fr-FR"},{"@type":"Organization","@id":"https:\/\/strangercam.com\/#organization","name":"Strangercam","alternateName":"Strangercam.com","url":"https:\/\/strangercam.com\/","logo":{"@type":"ImageObject","inLanguage":"fr-FR","@id":"https:\/\/strangercam.com\/#\/schema\/logo\/image\/","url":"https:\/\/strangercam.com\/wp-content\/uploads\/2020\/11\/cropped-new-favicon-black.png","contentUrl":"https:\/\/strangercam.com\/wp-content\/uploads\/2020\/11\/cropped-new-favicon-black.png","width":512,"height":512,"caption":"Strangercam"},"image":{"@id":"https:\/\/strangercam.com\/#\/schema\/logo\/image\/"},"sameAs":["https:\/\/www.facebook.com\/strangercam","https:\/\/x.com\/strangercamapp"]}]}},"_links":{"self":[{"href":"https:\/\/strangercam.com\/fr\/wp-json\/wp\/v2\/pages\/8226","targetHints":{"allow":["GET"]}}],"collection":[{"href":"https:\/\/strangercam.com\/fr\/wp-json\/wp\/v2\/pages"}],"about":[{"href":"https:\/\/strangercam.com\/fr\/wp-json\/wp\/v2\/types\/page"}],"author":[{"embeddable":true,"href":"https:\/\/strangercam.com\/fr\/wp-json\/wp\/v2\/users\/6"}],"replies":[{"embeddable":true,"href":"https:\/\/strangercam.com\/fr\/wp-json\/wp\/v2\/comments?post=8226"}],"version-history":[{"count":0,"href":"https:\/\/strangercam.com\/fr\/wp-json\/wp\/v2\/pages\/8226\/revisions"}],"wp:featuredmedia":[{"embeddable":true,"href":"https:\/\/strangercam.com\/fr\/wp-json\/wp\/v2\/media\/559"}],"wp:attachment":[{"href":"https:\/\/strangercam.com\/fr\/wp-json\/wp\/v2\/media?parent=8226"}],"curies":[{"name":"wp","href":"https:\/\/api.w.org\/{rel}","templated":true}]}}