{"id":80,"date":"2020-04-09T18:35:29","date_gmt":"2020-04-09T16:35:29","guid":{"rendered":"https:\/\/strangercam.com\/?page_id=80"},"modified":"2023-08-21T11:40:39","modified_gmt":"2023-08-21T09:40:39","slug":"chat-alternative","status":"publish","type":"page","link":"https:\/\/strangercam.com\/fr\/chat-alternative\/","title":{"rendered":"Chat Alternative"},"content":{"rendered":"<p><a href=\"https:\/\/strangercam.com\/fr\/chatroulette\/\">Chat<\/a> L'application mobile alternative est id\u00e9ale pour ceux qui veulent <a href=\"https:\/\/strangercam.com\/fr\/coomeet\/\">rencontrer<\/a> des inconnus au hasard dans diff\u00e9rentes parties du monde. Il permet aux utilisateurs d'avoir un <a href=\"https:\/\/strangercam.com\/fr\/rabbit-video-chat\/\">chat vid\u00e9o<\/a> avec d'autres personnes depuis leur domicile. De plus, l'application trouve des milliers de nouvelles personnes chaque jour pour garantir une exp\u00e9rience optimale. De plus, l'application montre comment avoir des conversations en face \u00e0 face avec des personnes qui vivent \u00e0 des kilom\u00e8tres d'un endroit.<\/p>\n<p>En outre, l'application propose des m\u00e9thodes pour r\u00e9duire les r\u00e9sultats lorsque quelqu'un souhaite discuter avec des inconnus s\u00e9lectionn\u00e9s.<a href=\"https:\/\/cashpotresulttoday.com\/\">.<\/a> Vous pouvez s\u00e9lectionner le sexe et le lieu de votre choix. Le choix du sexe et du lieu pr\u00e9sente de nombreux avantages. Il peut arriver que vous souhaitiez parler avec des inconnus d'un pays ou d'une origine en particulier. En choisissant le pays de votre choix, vous pouvez parler avec les personnes que vous souhaitez.<\/p>\n<h2>Raisons d'utiliser l'application Chat Alternative<\/h2>\n<h3>1. Permet aux utilisateurs de discuter avec d'autres personnes de mani\u00e8re anonyme<\/h3>\n<p>Le principal avantage de l'application Chat Alternative est qu'elle permet aux utilisateurs de discuter avec d'autres personnes de mani\u00e8re anonyme, sans cr\u00e9er de compte.<a href=\"https:\/\/nlcbplaywheresults.com\/\">.<\/a> En effet, l'application permet d'appuyer simplement sur le bouton permettant \u00e0 une personne de commencer \u00e0 parcourir les utilisateurs en ligne avec facilit\u00e9. Lorsque vous avez la certitude que l'autre personne ne trouvera jamais qui vous \u00eates, c'est \u00e0 ce moment-l\u00e0 que vous commencez \u00e0 appr\u00e9cier le chat vid\u00e9o en ligne.<\/p>\n<h3>2. Chat Alternative a les cam\u00e9ras qui se chargent le plus rapidement et qui sont de la meilleure qualit\u00e9.<\/h3>\n<p>L'application Chat Alternative offre le chargement le plus rapide <a href=\"https:\/\/strangercam.com\/fr\/camzey\/\">cames<\/a> qui permettent aux utilisateurs de rencontrer plus de personnes dans un d\u00e9lai rapide. En effet, il offre la possibilit\u00e9 de rencontrer de nombreux inconnus qui peuvent aider \u00e0 atteindre des objectifs.<\/p>\n<p>Les gens disent que la qualit\u00e9 n'a pas d'importance, mais ce n'est pas vrai. Une vid\u00e9o de bonne qualit\u00e9 est n\u00e9cessaire pour communiquer efficacement. Vous ne pouvez pas mieux communiquer avec la personne assise \u00e0 l'autre bout du fil sans une bonne qualit\u00e9 vid\u00e9o.<\/p>\n<h4>S\u00e9lectionnez le pays de votre choix<\/h4>\n<p>Choisir le pays de votre choix est la plus grande flexibilit\u00e9 de cette application de chat. Avant de commencer un chat vid\u00e9o, vous pouvez s\u00e9lectionner le pays de votre choix. Lorsque vous s\u00e9lectionnez un pays, le syst\u00e8me intelligent de l'application vous oriente vers le trafic de ce pays. Votre \u00e9cran commence alors \u00e0 afficher les personnes de ce pays. Vous pouvez discuter avec les \u00e9trangers de ce pays.<\/p>\n<p>Vous pouvez ensuite s\u00e9lectionner les personnes qui vous plaisent le plus. Parlez-leur comme vous le souhaitez. Nous vous fournissons des fonctionnalit\u00e9s pour stimuler votre conversation. Si vous trouvez la conversation int\u00e9ressante, vous pouvez la poursuivre ; sinon, passez \u00e0 la suivante !<\/p>\n<h4>Signaler tout probl\u00e8me<\/h4>\n<p>La principale pr\u00e9occupation des personnes qui utilisent les plates-formes de chat en ligne est la protection de la vie priv\u00e9e et les probl\u00e8mes li\u00e9s \u00e0 des actes inappropri\u00e9s. Tout d'abord, il s'agit principalement d'id\u00e9es fausses sur les plateformes de chat en ligne. Si un tel incident se produit dans la vie r\u00e9elle lors de l'utilisation de l'application mobile en ligne Chat Alternative, vous pouvez le signaler directement aux autorit\u00e9s.<\/p>\n<p>C'est un moyen efficace de limiter les gens, car une fois qu'ils sont signal\u00e9s, ils ne peuvent plus jamais utiliser la plateforme. Vous serez bloqu\u00e9 \u00e0 jamais.<\/p>\n<h3>3. Chat Alternative est totalement gratuit<\/h3>\n<p>L'application est totalement gratuite pour les utilisateurs, ce qui leur permet d'am\u00e9liorer leur vie sociale. En outre, elle contribue davantage \u00e0 la discussion avec d'autres personnes sur divers sujets en fonction de leurs centres d'int\u00e9r\u00eat. Le service de chat vid\u00e9o gratuit permet aux utilisateurs de chatter pendant une longue p\u00e9riode sans restrictions.<\/p>\n<p>Il n'y a pas de contrats maladroits ni d'achats in-app. L'utilisation est gratuite pour tous et partout !<\/p>\n<h3>4. Chat Alternative est amusant<\/h3>\n<p>Il y a de plus en plus de cas de d\u00e9pression apr\u00e8s la pand\u00e9mie de covid-19 et le confinement. Tout le monde a besoin de s'\u00e9vader. Il est essentiel de raviver l'\u00e9nergie perdue et de trouver un nouveau cours \u00e0 la vie. N'h\u00e9sitez pas \u00e0 parler \u00e0 des inconnus sans vous inqui\u00e9ter.<\/p>\n<p>L'application Chat alternatif vous offre une fantastique opportunit\u00e9 de vous d\u00e9tendre. Vous pouvez discuter avec des inconnus pour vous d\u00e9barrasser de vos soucis. Parlez \u00e0 des inconnus et partagez votre exp\u00e9rience avec eux. Vous pouvez \u00e9galement \u00e9couter leurs exp\u00e9riences et en tirer des enseignements. Si rien d'autre n'est possible, discutez de la derni\u00e8re saison de Netflix.<\/p>\n<h3>5. Plus de s\u00e9curit\u00e9<\/h3>\n<p>L'application ChatAlternative est la seule application qui offre des fonctions de s\u00e9curit\u00e9 aux utilisateurs lorsqu'ils souhaitent interagir avec d'autres personnes. Il s'agit de l'application la plus populaire class\u00e9e G\u00a0<a href=\"https:\/\/strangercam.com\/fr\/bazoocam\/\">came<\/a> L'application permet aux utilisateurs d'acc\u00e9der \u00e0 un service de chat disponible sur les march\u00e9s qui n'utilisent pas de graphiques. De plus, l'application permet aux gens d'entrer dans un salon de discussion avec plus de protection. De nombreux adolescents appr\u00e9cient \u00e9galement l'utilisation de ce service, qui leur permet de vivre une meilleure exp\u00e9rience de chat.<\/p>\n<h2>Comment t\u00e9l\u00e9charger l'application ?<\/h2>\n<p>Les utilisateurs peuvent t\u00e9l\u00e9charger l'application Chat Alternative directement depuis le magasin Google Play et l'installer sur leurs smartphones ou autres appareils en quelques \u00e9tapes simples. L'application permet aux utilisateurs d'appuyer simplement sur le bouton de d\u00e9marrage et de s\u00e9lectionner des inconnus potentiels en fonction de leurs choix. En outre, l'application fonctionne \u00e0 distance pour se faire des amis en fonction des besoins. Il est possible de communiquer avec d'autres personnes plus rapidement apr\u00e8s avoir install\u00e9 l'application. Les personnes qui souhaitent installer l'application doivent conna\u00eetre les conditions requises en d\u00e9tail.<\/p>\n<h2>Conclusion<\/h2>\n<p>L'application mobile Chat Alternative est une bonne option pour parler \u00e0 des inconnus. Elle est totalement gratuite pour tous. Tout ce dont vous avez besoin, c'est d'une connexion Internet active. S\u00e9lectionnez la langue, la r\u00e9gion et le sexe qui vous int\u00e9ressent, et c'est parti ! Une politique de confidentialit\u00e9 stricte et une interface conviviale font de cette application un outil formidable !<\/p>","protected":false},"excerpt":{"rendered":"<p>Chat Alternative mobile app is ideal for those who want to meet random strangers in various parts of the world with ease. It allows users to have a video chat with others from their homes. Moreover, the app finds thousands of new people daily to ensure the best experience. Another thing is that the app [&hellip;]<\/p>\n","protected":false},"author":6,"featured_media":559,"parent":0,"menu_order":0,"comment_status":"closed","ping_status":"closed","template":"","meta":{"footnotes":""},"class_list":["post-80","page","type-page","status-publish","has-post-thumbnail","hentry"],"yoast_head":"<!-- This site is optimized with the Yoast SEO plugin v26.9 - https:\/\/yoast.com\/product\/yoast-seo-wordpress\/ -->\n<title>Chat Alternative - Cam with Strangers on StrangerCam.com<\/title>\n<meta name=\"description\" content=\"Like Chat Alternative? Come chat with more than 5.000.000 strangers on Stranger Cam for Free! Turn on your cam and find new friends!\" \/>\n<meta name=\"robots\" content=\"index, follow, max-snippet:-1, max-image-preview:large, max-video-preview:-1\" \/>\n<link rel=\"canonical\" href=\"https:\/\/strangercam.com\/fr\/chat-alternative\/\" \/>\n<meta property=\"og:locale\" content=\"fr_FR\" \/>\n<meta property=\"og:type\" content=\"article\" \/>\n<meta property=\"og:title\" content=\"Chat Alternative - Cam with Strangers on StrangerCam.com\" \/>\n<meta property=\"og:description\" content=\"Like Chat Alternative? Come chat with more than 5.000.000 strangers on Stranger Cam for Free! Turn on your cam and find new friends!\" \/>\n<meta property=\"og:url\" content=\"https:\/\/strangercam.com\/fr\/chat-alternative\/\" \/>\n<meta property=\"og:site_name\" content=\"Strangercam\" \/>\n<meta property=\"article:publisher\" content=\"https:\/\/www.facebook.com\/strangercam\" \/>\n<meta property=\"article:modified_time\" content=\"2023-08-21T09:40:39+00:00\" \/>\n<meta property=\"og:image\" content=\"https:\/\/strangercam.com\/wp-content\/uploads\/2020\/11\/stranger-cam-1.png\" \/>\n\t<meta property=\"og:image:width\" content=\"800\" \/>\n\t<meta property=\"og:image:height\" content=\"800\" \/>\n\t<meta property=\"og:image:type\" content=\"image\/png\" \/>\n<meta name=\"twitter:card\" content=\"summary_large_image\" \/>\n<meta name=\"twitter:site\" content=\"@strangercamapp\" \/>\n<meta name=\"twitter:label1\" content=\"Dur\u00e9e de lecture estim\u00e9e\" \/>\n\t<meta name=\"twitter:data1\" content=\"4 minutes\" \/>\n<script type=\"application\/ld+json\" class=\"yoast-schema-graph\">{\"@context\":\"https:\/\/schema.org\",\"@graph\":[{\"@type\":\"WebPage\",\"@id\":\"https:\/\/strangercam.com\/chat-alternative\/\",\"url\":\"https:\/\/strangercam.com\/chat-alternative\/\",\"name\":\"Chat Alternative - Cam with Strangers on StrangerCam.com\",\"isPartOf\":{\"@id\":\"https:\/\/strangercam.com\/#website\"},\"primaryImageOfPage\":{\"@id\":\"https:\/\/strangercam.com\/chat-alternative\/#primaryimage\"},\"image\":{\"@id\":\"https:\/\/strangercam.com\/chat-alternative\/#primaryimage\"},\"thumbnailUrl\":\"https:\/\/strangercam.com\/wp-content\/uploads\/2020\/11\/stranger-cam-1.png\",\"datePublished\":\"2020-04-09T16:35:29+00:00\",\"dateModified\":\"2023-08-21T09:40:39+00:00\",\"description\":\"Like Chat Alternative? Come chat with more than 5.000.000 strangers on Stranger Cam for Free! Turn on your cam and find new friends!\",\"breadcrumb\":{\"@id\":\"https:\/\/strangercam.com\/chat-alternative\/#breadcrumb\"},\"inLanguage\":\"fr-FR\",\"potentialAction\":[{\"@type\":\"ReadAction\",\"target\":[\"https:\/\/strangercam.com\/chat-alternative\/\"]}]},{\"@type\":\"ImageObject\",\"inLanguage\":\"fr-FR\",\"@id\":\"https:\/\/strangercam.com\/chat-alternative\/#primaryimage\",\"url\":\"https:\/\/strangercam.com\/wp-content\/uploads\/2020\/11\/stranger-cam-1.png\",\"contentUrl\":\"https:\/\/strangercam.com\/wp-content\/uploads\/2020\/11\/stranger-cam-1.png\",\"width\":800,\"height\":800,\"caption\":\"stranger cam random video chat\"},{\"@type\":\"BreadcrumbList\",\"@id\":\"https:\/\/strangercam.com\/chat-alternative\/#breadcrumb\",\"itemListElement\":[{\"@type\":\"ListItem\",\"position\":1,\"name\":\"Home\",\"item\":\"https:\/\/strangercam.com\/\"},{\"@type\":\"ListItem\",\"position\":2,\"name\":\"Chat Alternative\"}]},{\"@type\":\"WebSite\",\"@id\":\"https:\/\/strangercam.com\/#website\",\"url\":\"https:\/\/strangercam.com\/\",\"name\":\"Strangercam\",\"description\":\"Random Video Chat with Strangers\",\"publisher\":{\"@id\":\"https:\/\/strangercam.com\/#organization\"},\"alternateName\":\"Strangercam.com\",\"potentialAction\":[{\"@type\":\"SearchAction\",\"target\":{\"@type\":\"EntryPoint\",\"urlTemplate\":\"https:\/\/strangercam.com\/?s={search_term_string}\"},\"query-input\":{\"@type\":\"PropertyValueSpecification\",\"valueRequired\":true,\"valueName\":\"search_term_string\"}}],\"inLanguage\":\"fr-FR\"},{\"@type\":\"Organization\",\"@id\":\"https:\/\/strangercam.com\/#organization\",\"name\":\"Strangercam\",\"alternateName\":\"Strangercam.com\",\"url\":\"https:\/\/strangercam.com\/\",\"logo\":{\"@type\":\"ImageObject\",\"inLanguage\":\"fr-FR\",\"@id\":\"https:\/\/strangercam.com\/#\/schema\/logo\/image\/\",\"url\":\"https:\/\/strangercam.com\/wp-content\/uploads\/2020\/11\/cropped-new-favicon-black.png\",\"contentUrl\":\"https:\/\/strangercam.com\/wp-content\/uploads\/2020\/11\/cropped-new-favicon-black.png\",\"width\":512,\"height\":512,\"caption\":\"Strangercam\"},\"image\":{\"@id\":\"https:\/\/strangercam.com\/#\/schema\/logo\/image\/\"},\"sameAs\":[\"https:\/\/www.facebook.com\/strangercam\",\"https:\/\/x.com\/strangercamapp\"]}]}<\/script>\n<!-- \/ Yoast SEO plugin. -->","yoast_head_json":{"title":"Chat Alternative - Cam\u00e9ra avec des \u00e9trangers sur StrangerCam.com","description":"Vous aimez Chat Alternative ? Venez discuter avec plus de 5.000.000 d'inconnus sur Stranger Cam gratuitement ! Allume ta cam\u00e9ra et trouve de nouveaux amis !","robots":{"index":"index","follow":"follow","max-snippet":"max-snippet:-1","max-image-preview":"max-image-preview:large","max-video-preview":"max-video-preview:-1"},"canonical":"https:\/\/strangercam.com\/fr\/chat-alternative\/","og_locale":"fr_FR","og_type":"article","og_title":"Chat Alternative - Cam with Strangers on StrangerCam.com","og_description":"Like Chat Alternative? Come chat with more than 5.000.000 strangers on Stranger Cam for Free! Turn on your cam and find new friends!","og_url":"https:\/\/strangercam.com\/fr\/chat-alternative\/","og_site_name":"Strangercam","article_publisher":"https:\/\/www.facebook.com\/strangercam","article_modified_time":"2023-08-21T09:40:39+00:00","og_image":[{"width":800,"height":800,"url":"https:\/\/strangercam.com\/wp-content\/uploads\/2020\/11\/stranger-cam-1.png","type":"image\/png"}],"twitter_card":"summary_large_image","twitter_site":"@strangercamapp","twitter_misc":{"Dur\u00e9e de lecture estim\u00e9e":"4 minutes"},"schema":{"@context":"https:\/\/schema.org","@graph":[{"@type":"WebPage","@id":"https:\/\/strangercam.com\/chat-alternative\/","url":"https:\/\/strangercam.com\/chat-alternative\/","name":"Chat Alternative - Cam\u00e9ra avec des \u00e9trangers sur StrangerCam.com","isPartOf":{"@id":"https:\/\/strangercam.com\/#website"},"primaryImageOfPage":{"@id":"https:\/\/strangercam.com\/chat-alternative\/#primaryimage"},"image":{"@id":"https:\/\/strangercam.com\/chat-alternative\/#primaryimage"},"thumbnailUrl":"https:\/\/strangercam.com\/wp-content\/uploads\/2020\/11\/stranger-cam-1.png","datePublished":"2020-04-09T16:35:29+00:00","dateModified":"2023-08-21T09:40:39+00:00","description":"Vous aimez Chat Alternative ? Venez discuter avec plus de 5.000.000 d'inconnus sur Stranger Cam gratuitement ! Allume ta cam\u00e9ra et trouve de nouveaux amis !","breadcrumb":{"@id":"https:\/\/strangercam.com\/chat-alternative\/#breadcrumb"},"inLanguage":"fr-FR","potentialAction":[{"@type":"ReadAction","target":["https:\/\/strangercam.com\/chat-alternative\/"]}]},{"@type":"ImageObject","inLanguage":"fr-FR","@id":"https:\/\/strangercam.com\/chat-alternative\/#primaryimage","url":"https:\/\/strangercam.com\/wp-content\/uploads\/2020\/11\/stranger-cam-1.png","contentUrl":"https:\/\/strangercam.com\/wp-content\/uploads\/2020\/11\/stranger-cam-1.png","width":800,"height":800,"caption":"stranger cam random video chat"},{"@type":"BreadcrumbList","@id":"https:\/\/strangercam.com\/chat-alternative\/#breadcrumb","itemListElement":[{"@type":"ListItem","position":1,"name":"Home","item":"https:\/\/strangercam.com\/"},{"@type":"ListItem","position":2,"name":"Chat Alternative"}]},{"@type":"WebSite","@id":"https:\/\/strangercam.com\/#website","url":"https:\/\/strangercam.com\/","name":"Strangercam","description":"Chat vid\u00e9o al\u00e9atoire avec des inconnus","publisher":{"@id":"https:\/\/strangercam.com\/#organization"},"alternateName":"Strangercam.com","potentialAction":[{"@type":"SearchAction","target":{"@type":"EntryPoint","urlTemplate":"https:\/\/strangercam.com\/?s={search_term_string}"},"query-input":{"@type":"PropertyValueSpecification","valueRequired":true,"valueName":"search_term_string"}}],"inLanguage":"fr-FR"},{"@type":"Organization","@id":"https:\/\/strangercam.com\/#organization","name":"Strangercam","alternateName":"Strangercam.com","url":"https:\/\/strangercam.com\/","logo":{"@type":"ImageObject","inLanguage":"fr-FR","@id":"https:\/\/strangercam.com\/#\/schema\/logo\/image\/","url":"https:\/\/strangercam.com\/wp-content\/uploads\/2020\/11\/cropped-new-favicon-black.png","contentUrl":"https:\/\/strangercam.com\/wp-content\/uploads\/2020\/11\/cropped-new-favicon-black.png","width":512,"height":512,"caption":"Strangercam"},"image":{"@id":"https:\/\/strangercam.com\/#\/schema\/logo\/image\/"},"sameAs":["https:\/\/www.facebook.com\/strangercam","https:\/\/x.com\/strangercamapp"]}]}},"_links":{"self":[{"href":"https:\/\/strangercam.com\/fr\/wp-json\/wp\/v2\/pages\/80","targetHints":{"allow":["GET"]}}],"collection":[{"href":"https:\/\/strangercam.com\/fr\/wp-json\/wp\/v2\/pages"}],"about":[{"href":"https:\/\/strangercam.com\/fr\/wp-json\/wp\/v2\/types\/page"}],"author":[{"embeddable":true,"href":"https:\/\/strangercam.com\/fr\/wp-json\/wp\/v2\/users\/6"}],"replies":[{"embeddable":true,"href":"https:\/\/strangercam.com\/fr\/wp-json\/wp\/v2\/comments?post=80"}],"version-history":[{"count":0,"href":"https:\/\/strangercam.com\/fr\/wp-json\/wp\/v2\/pages\/80\/revisions"}],"wp:featuredmedia":[{"embeddable":true,"href":"https:\/\/strangercam.com\/fr\/wp-json\/wp\/v2\/media\/559"}],"wp:attachment":[{"href":"https:\/\/strangercam.com\/fr\/wp-json\/wp\/v2\/media?parent=80"}],"curies":[{"name":"wp","href":"https:\/\/api.w.org\/{rel}","templated":true}]}}