{"id":7865,"date":"2021-09-17T14:33:59","date_gmt":"2021-09-17T12:33:59","guid":{"rendered":"https:\/\/strangercam.com\/?page_id=7865"},"modified":"2023-08-21T12:41:23","modified_gmt":"2023-08-21T10:41:23","slug":"talk-with-stranger","status":"publish","type":"page","link":"https:\/\/strangercam.com\/fr\/talk-with-stranger\/","title":{"rendered":"Talk With Stranger"},"content":{"rendered":"<p>L'internet a r\u00e9volutionn\u00e9 la fa\u00e7on dont les gens communiquent entre eux. Les gens sont plus engag\u00e9s que jamais avec leurs smartphones, ils tracent et partagent des informations avec les autres. <a href=\"https:\/\/strangercam.com\/fr\/1v1-chat\/\">un<\/a> autre. Il y a de nombreux avantages \u00e0 l'utilisation de l'Internet <a href=\"https:\/\/strangercam.com\/fr\/chatingly\/\">chat<\/a>. Vous pouvez <a href=\"https:\/\/strangercam.com\/fr\/coomeet\/\">rencontrer<\/a> des personnes ayant les m\u00eames centres d'int\u00e9r\u00eat que vous et cela renforce votre confiance en vous. Il vous permet \u00e9galement de rester en contact avec vos proches.\u00a0<b>Talk With Stranger <\/b>est disponible pour les adolescents et les adultes. Pour \u00eatre en s\u00e9curit\u00e9, vous devez prendre les pr\u00e9cautions n\u00e9cessaires.<\/p>\n<h2>Chat en ligne<\/h2>\n<ul>\n<li>Les portails de chat en ligne vous permettent de rencontrer de nouvelles personnes. Les portails de chat en ligne vous permettent de rencontrer des gens \u00e0 n'importe quelle heure du jour ou de la nuit. Vous pouvez \u00e9galement choisir le portail et le groupe qui vous int\u00e9ressent. Le plus beau, c'est que vous n'avez pas besoin de sortir de chez vous pour atteindre votre objectif. Il vous suffit d'utiliser votre t\u00e9l\u00e9phone ou votre ordinateur portable pour communiquer avec d'autres personnes par l'interm\u00e9diaire de <b>Talk With Stranger<\/b>.<\/li>\n<li>Confiance et estime de soi : Les discussions en ligne avec des inconnus peuvent renforcer votre confiance et votre estime de soi. Si vous vous sentez seul ou si vous avez le c\u0153ur bris\u00e9, c'est encore plus important. Certaines personnes consid\u00e8rent le chat en ligne comme une solution temporaire. Vous pourriez trouver quelqu'un qui vous aidera \u00e0 retrouver ce beau sourire que vous avez perdu \u00e0 la suite d'un divorce ou de la mort d'un \u00eatre cher.<\/li>\n<li>Restez en contact : Il y a une forte <a href=\"https:\/\/strangercam.com\/fr\/chatbychance\/\">chance<\/a> d'\u00e9tablir de bonnes relations par le biais de <b>Talk With Stranger<\/b>. Vous pouvez vous faire des amis, quel que soit leur \u00e2ge ou leur sexe, partout dans le monde. Vous pouvez vous connecter en ligne depuis votre domicile ou en d\u00e9placement. Il vous suffit d'avoir acc\u00e8s \u00e0 une connexion internet et de pr\u00e9senter une pi\u00e8ce d'identit\u00e9 valide. Pour acc\u00e9der \u00e0 votre compte via le portail en ligne, vous pouvez chatter pendant des heures sans vous soucier des factures interminables. La technologie moderne a permis de communiquer sur de plus longues distances.<\/li>\n<li>Trouvez des personnes partageant les m\u00eames centres d'int\u00e9r\u00eat en effectuant une recherche. Vous trouverez de nombreux sites de r\u00e9seaux sociaux qui proposent diff\u00e9rentes cat\u00e9gories. Vous pouvez <a href=\"https:\/\/strangercam.com\/fr\/chatroulette\/\">chat<\/a> en fonction de vos centres d'int\u00e9r\u00eat. Vous pouvez \u00e9galement trouver des forums sur le sport, les affaires et les collections, ainsi que des forums sur le bricolage, les loisirs et les affaires. Les options sont nombreuses et la liste est infinie. Chacune peut \u00eatre choisie en fonction de votre humeur.<\/li>\n<\/ul>\n<p>Se connecter \u00e0 <b>Talk With Stranger<\/b>\u00a0vous permettra d'acqu\u00e9rir de nouvelles connaissances, techniques et informations qui vous int\u00e9ressent.<\/p>","protected":false},"excerpt":{"rendered":"<p>The internet has revolutionized how people communicate with each other.\u00a0People are more engaged with their smartphones than ever, charting and sharing information with one another.\u00a0There are many benefits to online chatting.\u00a0You can meet people with similar interests and it boosts your confidence. It also allows you to keep in touch with your loved ones.\u00a0Talk With [&hellip;]<\/p>\n","protected":false},"author":6,"featured_media":559,"parent":0,"menu_order":0,"comment_status":"closed","ping_status":"closed","template":"","meta":{"footnotes":""},"class_list":["post-7865","page","type-page","status-publish","has-post-thumbnail","hentry"],"yoast_head":"<!-- This site is optimized with the Yoast SEO plugin v26.9 - https:\/\/yoast.com\/product\/yoast-seo-wordpress\/ -->\n<title>Talk With Stranger - Anonymous Chat For Two - Cam on StrangerCam.com<\/title>\n<meta name=\"description\" content=\"Like Talk With Stranger? Come chat with more than 5.000.000 strangers on Stranger Cam for Free! Turn on your cam and find new friends &amp; maby a match!\" \/>\n<meta name=\"robots\" content=\"index, follow, max-snippet:-1, max-image-preview:large, max-video-preview:-1\" \/>\n<link rel=\"canonical\" href=\"https:\/\/strangercam.com\/fr\/talk-with-stranger\/\" \/>\n<meta property=\"og:locale\" content=\"fr_FR\" \/>\n<meta property=\"og:type\" content=\"article\" \/>\n<meta property=\"og:title\" content=\"Talk With Stranger - Anonymous Chat For Two - Cam on StrangerCam.com\" \/>\n<meta property=\"og:description\" content=\"Like Talk With Stranger? Come chat with more than 5.000.000 strangers on Stranger Cam for Free! Turn on your cam and find new friends &amp; maby a match!\" \/>\n<meta property=\"og:url\" content=\"https:\/\/strangercam.com\/fr\/talk-with-stranger\/\" \/>\n<meta property=\"og:site_name\" content=\"Strangercam\" \/>\n<meta property=\"article:publisher\" content=\"https:\/\/www.facebook.com\/strangercam\" \/>\n<meta property=\"article:modified_time\" content=\"2023-08-21T10:41:23+00:00\" \/>\n<meta property=\"og:image\" content=\"https:\/\/strangercam.com\/wp-content\/uploads\/2020\/11\/stranger-cam-1.png\" \/>\n\t<meta property=\"og:image:width\" content=\"800\" \/>\n\t<meta property=\"og:image:height\" content=\"800\" \/>\n\t<meta property=\"og:image:type\" content=\"image\/png\" \/>\n<meta name=\"twitter:card\" content=\"summary_large_image\" \/>\n<meta name=\"twitter:site\" content=\"@strangercamapp\" \/>\n<meta name=\"twitter:label1\" content=\"Dur\u00e9e de lecture estim\u00e9e\" \/>\n\t<meta name=\"twitter:data1\" content=\"2 minutes\" \/>\n<script type=\"application\/ld+json\" class=\"yoast-schema-graph\">{\"@context\":\"https:\/\/schema.org\",\"@graph\":[{\"@type\":\"WebPage\",\"@id\":\"https:\/\/strangercam.com\/talk-with-stranger\/\",\"url\":\"https:\/\/strangercam.com\/talk-with-stranger\/\",\"name\":\"Talk With Stranger - Anonymous Chat For Two - Cam on StrangerCam.com\",\"isPartOf\":{\"@id\":\"https:\/\/strangercam.com\/#website\"},\"primaryImageOfPage\":{\"@id\":\"https:\/\/strangercam.com\/talk-with-stranger\/#primaryimage\"},\"image\":{\"@id\":\"https:\/\/strangercam.com\/talk-with-stranger\/#primaryimage\"},\"thumbnailUrl\":\"https:\/\/strangercam.com\/wp-content\/uploads\/2020\/11\/stranger-cam-1.png\",\"datePublished\":\"2021-09-17T12:33:59+00:00\",\"dateModified\":\"2023-08-21T10:41:23+00:00\",\"description\":\"Like Talk With Stranger? Come chat with more than 5.000.000 strangers on Stranger Cam for Free! Turn on your cam and find new friends & maby a match!\",\"breadcrumb\":{\"@id\":\"https:\/\/strangercam.com\/talk-with-stranger\/#breadcrumb\"},\"inLanguage\":\"fr-FR\",\"potentialAction\":[{\"@type\":\"ReadAction\",\"target\":[\"https:\/\/strangercam.com\/talk-with-stranger\/\"]}]},{\"@type\":\"ImageObject\",\"inLanguage\":\"fr-FR\",\"@id\":\"https:\/\/strangercam.com\/talk-with-stranger\/#primaryimage\",\"url\":\"https:\/\/strangercam.com\/wp-content\/uploads\/2020\/11\/stranger-cam-1.png\",\"contentUrl\":\"https:\/\/strangercam.com\/wp-content\/uploads\/2020\/11\/stranger-cam-1.png\",\"width\":800,\"height\":800,\"caption\":\"stranger cam random video chat\"},{\"@type\":\"BreadcrumbList\",\"@id\":\"https:\/\/strangercam.com\/talk-with-stranger\/#breadcrumb\",\"itemListElement\":[{\"@type\":\"ListItem\",\"position\":1,\"name\":\"Home\",\"item\":\"https:\/\/strangercam.com\/\"},{\"@type\":\"ListItem\",\"position\":2,\"name\":\"Talk With Stranger\"}]},{\"@type\":\"WebSite\",\"@id\":\"https:\/\/strangercam.com\/#website\",\"url\":\"https:\/\/strangercam.com\/\",\"name\":\"Strangercam\",\"description\":\"Random Video Chat with Strangers\",\"publisher\":{\"@id\":\"https:\/\/strangercam.com\/#organization\"},\"alternateName\":\"Strangercam.com\",\"potentialAction\":[{\"@type\":\"SearchAction\",\"target\":{\"@type\":\"EntryPoint\",\"urlTemplate\":\"https:\/\/strangercam.com\/?s={search_term_string}\"},\"query-input\":{\"@type\":\"PropertyValueSpecification\",\"valueRequired\":true,\"valueName\":\"search_term_string\"}}],\"inLanguage\":\"fr-FR\"},{\"@type\":\"Organization\",\"@id\":\"https:\/\/strangercam.com\/#organization\",\"name\":\"Strangercam\",\"alternateName\":\"Strangercam.com\",\"url\":\"https:\/\/strangercam.com\/\",\"logo\":{\"@type\":\"ImageObject\",\"inLanguage\":\"fr-FR\",\"@id\":\"https:\/\/strangercam.com\/#\/schema\/logo\/image\/\",\"url\":\"https:\/\/strangercam.com\/wp-content\/uploads\/2020\/11\/cropped-new-favicon-black.png\",\"contentUrl\":\"https:\/\/strangercam.com\/wp-content\/uploads\/2020\/11\/cropped-new-favicon-black.png\",\"width\":512,\"height\":512,\"caption\":\"Strangercam\"},\"image\":{\"@id\":\"https:\/\/strangercam.com\/#\/schema\/logo\/image\/\"},\"sameAs\":[\"https:\/\/www.facebook.com\/strangercam\",\"https:\/\/x.com\/strangercamapp\"]}]}<\/script>\n<!-- \/ Yoast SEO plugin. -->","yoast_head_json":{"title":"Talk With Stranger - Chat anonyme pour deux - Cam sur StrangerCam.com","description":"Vous aimez Talk With Stranger ? Venez discuter avec plus de 5.000.000 d'inconnus sur Stranger Cam gratuitement ! Allume ta cam\u00e9ra et trouve de nouveaux amis et peut-\u00eatre un partenaire !","robots":{"index":"index","follow":"follow","max-snippet":"max-snippet:-1","max-image-preview":"max-image-preview:large","max-video-preview":"max-video-preview:-1"},"canonical":"https:\/\/strangercam.com\/fr\/talk-with-stranger\/","og_locale":"fr_FR","og_type":"article","og_title":"Talk With Stranger - Anonymous Chat For Two - Cam on StrangerCam.com","og_description":"Like Talk With Stranger? Come chat with more than 5.000.000 strangers on Stranger Cam for Free! Turn on your cam and find new friends & maby a match!","og_url":"https:\/\/strangercam.com\/fr\/talk-with-stranger\/","og_site_name":"Strangercam","article_publisher":"https:\/\/www.facebook.com\/strangercam","article_modified_time":"2023-08-21T10:41:23+00:00","og_image":[{"width":800,"height":800,"url":"https:\/\/strangercam.com\/wp-content\/uploads\/2020\/11\/stranger-cam-1.png","type":"image\/png"}],"twitter_card":"summary_large_image","twitter_site":"@strangercamapp","twitter_misc":{"Dur\u00e9e de lecture estim\u00e9e":"2 minutes"},"schema":{"@context":"https:\/\/schema.org","@graph":[{"@type":"WebPage","@id":"https:\/\/strangercam.com\/talk-with-stranger\/","url":"https:\/\/strangercam.com\/talk-with-stranger\/","name":"Talk With Stranger - Chat anonyme pour deux - Cam sur StrangerCam.com","isPartOf":{"@id":"https:\/\/strangercam.com\/#website"},"primaryImageOfPage":{"@id":"https:\/\/strangercam.com\/talk-with-stranger\/#primaryimage"},"image":{"@id":"https:\/\/strangercam.com\/talk-with-stranger\/#primaryimage"},"thumbnailUrl":"https:\/\/strangercam.com\/wp-content\/uploads\/2020\/11\/stranger-cam-1.png","datePublished":"2021-09-17T12:33:59+00:00","dateModified":"2023-08-21T10:41:23+00:00","description":"Vous aimez Talk With Stranger ? Venez discuter avec plus de 5.000.000 d'inconnus sur Stranger Cam gratuitement ! Allume ta cam\u00e9ra et trouve de nouveaux amis et peut-\u00eatre un partenaire !","breadcrumb":{"@id":"https:\/\/strangercam.com\/talk-with-stranger\/#breadcrumb"},"inLanguage":"fr-FR","potentialAction":[{"@type":"ReadAction","target":["https:\/\/strangercam.com\/talk-with-stranger\/"]}]},{"@type":"ImageObject","inLanguage":"fr-FR","@id":"https:\/\/strangercam.com\/talk-with-stranger\/#primaryimage","url":"https:\/\/strangercam.com\/wp-content\/uploads\/2020\/11\/stranger-cam-1.png","contentUrl":"https:\/\/strangercam.com\/wp-content\/uploads\/2020\/11\/stranger-cam-1.png","width":800,"height":800,"caption":"stranger cam random video chat"},{"@type":"BreadcrumbList","@id":"https:\/\/strangercam.com\/talk-with-stranger\/#breadcrumb","itemListElement":[{"@type":"ListItem","position":1,"name":"Home","item":"https:\/\/strangercam.com\/"},{"@type":"ListItem","position":2,"name":"Talk With Stranger"}]},{"@type":"WebSite","@id":"https:\/\/strangercam.com\/#website","url":"https:\/\/strangercam.com\/","name":"Strangercam","description":"Chat vid\u00e9o al\u00e9atoire avec des inconnus","publisher":{"@id":"https:\/\/strangercam.com\/#organization"},"alternateName":"Strangercam.com","potentialAction":[{"@type":"SearchAction","target":{"@type":"EntryPoint","urlTemplate":"https:\/\/strangercam.com\/?s={search_term_string}"},"query-input":{"@type":"PropertyValueSpecification","valueRequired":true,"valueName":"search_term_string"}}],"inLanguage":"fr-FR"},{"@type":"Organization","@id":"https:\/\/strangercam.com\/#organization","name":"Strangercam","alternateName":"Strangercam.com","url":"https:\/\/strangercam.com\/","logo":{"@type":"ImageObject","inLanguage":"fr-FR","@id":"https:\/\/strangercam.com\/#\/schema\/logo\/image\/","url":"https:\/\/strangercam.com\/wp-content\/uploads\/2020\/11\/cropped-new-favicon-black.png","contentUrl":"https:\/\/strangercam.com\/wp-content\/uploads\/2020\/11\/cropped-new-favicon-black.png","width":512,"height":512,"caption":"Strangercam"},"image":{"@id":"https:\/\/strangercam.com\/#\/schema\/logo\/image\/"},"sameAs":["https:\/\/www.facebook.com\/strangercam","https:\/\/x.com\/strangercamapp"]}]}},"_links":{"self":[{"href":"https:\/\/strangercam.com\/fr\/wp-json\/wp\/v2\/pages\/7865","targetHints":{"allow":["GET"]}}],"collection":[{"href":"https:\/\/strangercam.com\/fr\/wp-json\/wp\/v2\/pages"}],"about":[{"href":"https:\/\/strangercam.com\/fr\/wp-json\/wp\/v2\/types\/page"}],"author":[{"embeddable":true,"href":"https:\/\/strangercam.com\/fr\/wp-json\/wp\/v2\/users\/6"}],"replies":[{"embeddable":true,"href":"https:\/\/strangercam.com\/fr\/wp-json\/wp\/v2\/comments?post=7865"}],"version-history":[{"count":0,"href":"https:\/\/strangercam.com\/fr\/wp-json\/wp\/v2\/pages\/7865\/revisions"}],"wp:featuredmedia":[{"embeddable":true,"href":"https:\/\/strangercam.com\/fr\/wp-json\/wp\/v2\/media\/559"}],"wp:attachment":[{"href":"https:\/\/strangercam.com\/fr\/wp-json\/wp\/v2\/media?parent=7865"}],"curies":[{"name":"wp","href":"https:\/\/api.w.org\/{rel}","templated":true}]}}