{"id":7627,"date":"2021-09-09T14:07:26","date_gmt":"2021-09-09T12:07:26","guid":{"rendered":"https:\/\/strangercam.com\/?page_id=7627"},"modified":"2023-08-21T11:40:39","modified_gmt":"2023-08-21T09:40:39","slug":"chateasy","status":"publish","type":"page","link":"https:\/\/strangercam.com\/fr\/chateasy\/","title":{"rendered":"Chateasy"},"content":{"rendered":"<h2>Quels sont les avantages et les caract\u00e9ristiques du Chateasy ?<\/h2>\n<p>L'av\u00e8nement de l'internet \u00e0 haut d\u00e9bit et les nombreuses <a href=\"https:\/\/strangercam.com\/fr\/chatingly\/\">chat<\/a> Les portails ont compl\u00e8tement chang\u00e9 la fa\u00e7on dont les gens interagissent avec les <a href=\"https:\/\/strangercam.com\/fr\/1v1-chat\/\">un<\/a> autre. De nos jours, les gens sont plus occup\u00e9s avec leur smartphone qu'avec les autres. Le chat en ligne offre de nombreux avantages. Il vous permet de rencontrer des personnes ayant les m\u00eames centres d'int\u00e9r\u00eat que vous, renforce votre confiance en vous et vous permet de rester en contact avec vos proches. Les adolescents d'\u00e2ge admissible et les adultes peuvent profiter des avantages offerts par le chat en ligne. <b>chateasy<\/b>. Mais vous devez prendre des pr\u00e9cautions ad\u00e9quates pour rester en s\u00e9curit\u00e9.<\/p>\n<p><i>Avantages du chat en ligne<\/i><\/p>\n<ul>\n<li style=\"font-weight: 400;\" aria-level=\"1\"><a href=\"https:\/\/strangercam.com\/fr\/coomeet\/\">Rencontrer<\/a> de nouvelles personnes : C'est l'un des avantages les plus \u00e9vidents des portails de chat en ligne. Vous pouvez les rencontrer en ligne quand vous le souhaitez et \u00e0 n'importe quelle heure du jour ou de la nuit. Vous pouvez \u00e9galement choisir le portail de votre choix et le groupe qui vous int\u00e9resse. Le plus int\u00e9ressant, c'est que vous pouvez atteindre cet objectif sans avoir \u00e0 quitter votre domicile. Il vous suffit d'utiliser votre ordinateur portable ou votre t\u00e9l\u00e9phone pour vous connecter \u00e0 d'autres personnes par l'interm\u00e9diaire de <b>chateasy<\/b>.<\/li>\n<li style=\"font-weight: 400;\" aria-level=\"1\">Estime de soi et confiance en soi : Le fait de discuter avec des inconnus en ligne renforce l'estime de soi et la confiance en soi. C'est d'autant plus vrai si vous avez le c\u0153ur bris\u00e9 et que vous vous sentez seul. Certains consid\u00e8rent le bavardage en ligne comme une solution de fortune. Des inconnus peuvent vous aider \u00e0 retrouver ce merveilleux sourire que vous avez peut-\u00eatre perdu apr\u00e8s un divorce ou la mort d'un \u00eatre cher.<\/li>\n<li style=\"font-weight: 400;\" aria-level=\"1\">Restez en contact : Les chances de d\u00e9velopper de bonnes relations sont tr\u00e8s \u00e9lev\u00e9es gr\u00e2ce \u00e0 <b>chateasy<\/b>. Cela signifie que vous pouvez vous lier d'amiti\u00e9 avec n'importe quelle personne de n'importe quel \u00e2ge et de n'importe quel sexe, dans n'importe quelle partie du monde. Les portails en ligne vous permettent de rester connect\u00e9 depuis le confort de votre domicile ou m\u00eame lorsque vous \u00eates en d\u00e9placement. Il vous suffit d'avoir acc\u00e8s \u00e0 un smartphone et \u00e0 une connexion internet, ainsi qu'\u00e0 une pi\u00e8ce d'identit\u00e9 valide, pour acc\u00e9der \u00e0 votre compte sur le portail en ligne. Vous pouvez <a href=\"https:\/\/strangercam.com\/fr\/chatroulette\/\">chat<\/a> pendant plusieurs heures sans avoir \u00e0 se soucier des longues factures. La v\u00e9rit\u00e9 est que la technologie moderne a raccourci les distances.<\/li>\n<li style=\"font-weight: 400;\" aria-level=\"1\">Entrez en contact avec des personnes ayant les m\u00eames centres d'int\u00e9r\u00eat que vous : En cherchant un peu, vous trouverez certainement de nombreux sites de r\u00e9seaux sociaux dans diff\u00e9rentes cat\u00e9gories. Ils vous permettent <a href=\"https:\/\/strangercam.com\/fr\/only2chat\/\">pour discuter<\/a> en fonction de vos int\u00e9r\u00eats sp\u00e9cifiques. Il y a aussi les forums sportifs, les forums de collection, les forums de bricolage, les forums d'affaires, etc. La liste est tout simplement infinie, tout comme les options. Vous pouvez choisir l'une d'entre elles en fonction de votre humeur du moment.<\/li>\n<\/ul>\n<p>Se connecter \u00e0 <b>chateasy<\/b> vous permet d'acqu\u00e9rir de nouvelles connaissances, techniques et informations qui vous int\u00e9ressent.<\/p>","protected":false},"excerpt":{"rendered":"<p>What benefits are the benefits and features of Chateasy? The advent of high speed internet and numerous chatting portals have completely changed how people interact with one another. These days, people can be seen to be busier with their smartphones charting with others. Online chatting does offer numerous benefits. It allows you to come across [&hellip;]<\/p>\n","protected":false},"author":6,"featured_media":559,"parent":0,"menu_order":0,"comment_status":"closed","ping_status":"closed","template":"","meta":{"footnotes":""},"class_list":["post-7627","page","type-page","status-publish","has-post-thumbnail","hentry"],"yoast_head":"<!-- This site is optimized with the Yoast SEO plugin v26.9 - https:\/\/yoast.com\/product\/yoast-seo-wordpress\/ -->\n<title>Chateasy - Anonymous Chat For Two - Cam on StrangerCam.com<\/title>\n<meta name=\"description\" content=\"Like Chateasy? Come chat with more than 5.000.000 strangers on Stranger Cam for Free! Turn on your cam and find new friends &amp; maby a match!\" \/>\n<meta name=\"robots\" content=\"index, follow, max-snippet:-1, max-image-preview:large, max-video-preview:-1\" \/>\n<link rel=\"canonical\" href=\"https:\/\/strangercam.com\/fr\/chateasy\/\" \/>\n<meta property=\"og:locale\" content=\"fr_FR\" \/>\n<meta property=\"og:type\" content=\"article\" \/>\n<meta property=\"og:title\" content=\"Chateasy - Anonymous Chat For Two - Cam on StrangerCam.com\" \/>\n<meta property=\"og:description\" content=\"Like Chateasy? Come chat with more than 5.000.000 strangers on Stranger Cam for Free! Turn on your cam and find new friends &amp; maby a match!\" \/>\n<meta property=\"og:url\" content=\"https:\/\/strangercam.com\/fr\/chateasy\/\" \/>\n<meta property=\"og:site_name\" content=\"Strangercam\" \/>\n<meta property=\"article:publisher\" content=\"https:\/\/www.facebook.com\/strangercam\" \/>\n<meta property=\"article:modified_time\" content=\"2023-08-21T09:40:39+00:00\" \/>\n<meta property=\"og:image\" content=\"https:\/\/strangercam.com\/wp-content\/uploads\/2020\/11\/stranger-cam-1.png\" \/>\n\t<meta property=\"og:image:width\" content=\"800\" \/>\n\t<meta property=\"og:image:height\" content=\"800\" \/>\n\t<meta property=\"og:image:type\" content=\"image\/png\" \/>\n<meta name=\"twitter:card\" content=\"summary_large_image\" \/>\n<meta name=\"twitter:site\" content=\"@strangercamapp\" \/>\n<meta name=\"twitter:label1\" content=\"Dur\u00e9e de lecture estim\u00e9e\" \/>\n\t<meta name=\"twitter:data1\" content=\"2 minutes\" \/>\n<script type=\"application\/ld+json\" class=\"yoast-schema-graph\">{\"@context\":\"https:\/\/schema.org\",\"@graph\":[{\"@type\":\"WebPage\",\"@id\":\"https:\/\/strangercam.com\/chateasy\/\",\"url\":\"https:\/\/strangercam.com\/chateasy\/\",\"name\":\"Chateasy - Anonymous Chat For Two - Cam on StrangerCam.com\",\"isPartOf\":{\"@id\":\"https:\/\/strangercam.com\/#website\"},\"primaryImageOfPage\":{\"@id\":\"https:\/\/strangercam.com\/chateasy\/#primaryimage\"},\"image\":{\"@id\":\"https:\/\/strangercam.com\/chateasy\/#primaryimage\"},\"thumbnailUrl\":\"https:\/\/strangercam.com\/wp-content\/uploads\/2020\/11\/stranger-cam-1.png\",\"datePublished\":\"2021-09-09T12:07:26+00:00\",\"dateModified\":\"2023-08-21T09:40:39+00:00\",\"description\":\"Like Chateasy? Come chat with more than 5.000.000 strangers on Stranger Cam for Free! Turn on your cam and find new friends & maby a match!\",\"breadcrumb\":{\"@id\":\"https:\/\/strangercam.com\/chateasy\/#breadcrumb\"},\"inLanguage\":\"fr-FR\",\"potentialAction\":[{\"@type\":\"ReadAction\",\"target\":[\"https:\/\/strangercam.com\/chateasy\/\"]}]},{\"@type\":\"ImageObject\",\"inLanguage\":\"fr-FR\",\"@id\":\"https:\/\/strangercam.com\/chateasy\/#primaryimage\",\"url\":\"https:\/\/strangercam.com\/wp-content\/uploads\/2020\/11\/stranger-cam-1.png\",\"contentUrl\":\"https:\/\/strangercam.com\/wp-content\/uploads\/2020\/11\/stranger-cam-1.png\",\"width\":800,\"height\":800,\"caption\":\"stranger cam random video chat\"},{\"@type\":\"BreadcrumbList\",\"@id\":\"https:\/\/strangercam.com\/chateasy\/#breadcrumb\",\"itemListElement\":[{\"@type\":\"ListItem\",\"position\":1,\"name\":\"Home\",\"item\":\"https:\/\/strangercam.com\/\"},{\"@type\":\"ListItem\",\"position\":2,\"name\":\"Chateasy\"}]},{\"@type\":\"WebSite\",\"@id\":\"https:\/\/strangercam.com\/#website\",\"url\":\"https:\/\/strangercam.com\/\",\"name\":\"Strangercam\",\"description\":\"Random Video Chat with Strangers\",\"publisher\":{\"@id\":\"https:\/\/strangercam.com\/#organization\"},\"alternateName\":\"Strangercam.com\",\"potentialAction\":[{\"@type\":\"SearchAction\",\"target\":{\"@type\":\"EntryPoint\",\"urlTemplate\":\"https:\/\/strangercam.com\/?s={search_term_string}\"},\"query-input\":{\"@type\":\"PropertyValueSpecification\",\"valueRequired\":true,\"valueName\":\"search_term_string\"}}],\"inLanguage\":\"fr-FR\"},{\"@type\":\"Organization\",\"@id\":\"https:\/\/strangercam.com\/#organization\",\"name\":\"Strangercam\",\"alternateName\":\"Strangercam.com\",\"url\":\"https:\/\/strangercam.com\/\",\"logo\":{\"@type\":\"ImageObject\",\"inLanguage\":\"fr-FR\",\"@id\":\"https:\/\/strangercam.com\/#\/schema\/logo\/image\/\",\"url\":\"https:\/\/strangercam.com\/wp-content\/uploads\/2020\/11\/cropped-new-favicon-black.png\",\"contentUrl\":\"https:\/\/strangercam.com\/wp-content\/uploads\/2020\/11\/cropped-new-favicon-black.png\",\"width\":512,\"height\":512,\"caption\":\"Strangercam\"},\"image\":{\"@id\":\"https:\/\/strangercam.com\/#\/schema\/logo\/image\/\"},\"sameAs\":[\"https:\/\/www.facebook.com\/strangercam\",\"https:\/\/x.com\/strangercamapp\"]}]}<\/script>\n<!-- \/ Yoast SEO plugin. -->","yoast_head_json":{"title":"Chateasy - Chat anonyme pour deux - Cam sur StrangerCam.com","description":"Vous aimez Chateasy ? Venez discuter avec plus de 5.000.000 d'inconnus sur Stranger Cam gratuitement ! Allume ta cam\u00e9ra et trouve de nouveaux amis et peut-\u00eatre un partenaire !","robots":{"index":"index","follow":"follow","max-snippet":"max-snippet:-1","max-image-preview":"max-image-preview:large","max-video-preview":"max-video-preview:-1"},"canonical":"https:\/\/strangercam.com\/fr\/chateasy\/","og_locale":"fr_FR","og_type":"article","og_title":"Chateasy - Anonymous Chat For Two - Cam on StrangerCam.com","og_description":"Like Chateasy? Come chat with more than 5.000.000 strangers on Stranger Cam for Free! Turn on your cam and find new friends & maby a match!","og_url":"https:\/\/strangercam.com\/fr\/chateasy\/","og_site_name":"Strangercam","article_publisher":"https:\/\/www.facebook.com\/strangercam","article_modified_time":"2023-08-21T09:40:39+00:00","og_image":[{"width":800,"height":800,"url":"https:\/\/strangercam.com\/wp-content\/uploads\/2020\/11\/stranger-cam-1.png","type":"image\/png"}],"twitter_card":"summary_large_image","twitter_site":"@strangercamapp","twitter_misc":{"Dur\u00e9e de lecture estim\u00e9e":"2 minutes"},"schema":{"@context":"https:\/\/schema.org","@graph":[{"@type":"WebPage","@id":"https:\/\/strangercam.com\/chateasy\/","url":"https:\/\/strangercam.com\/chateasy\/","name":"Chateasy - Chat anonyme pour deux - Cam sur StrangerCam.com","isPartOf":{"@id":"https:\/\/strangercam.com\/#website"},"primaryImageOfPage":{"@id":"https:\/\/strangercam.com\/chateasy\/#primaryimage"},"image":{"@id":"https:\/\/strangercam.com\/chateasy\/#primaryimage"},"thumbnailUrl":"https:\/\/strangercam.com\/wp-content\/uploads\/2020\/11\/stranger-cam-1.png","datePublished":"2021-09-09T12:07:26+00:00","dateModified":"2023-08-21T09:40:39+00:00","description":"Vous aimez Chateasy ? Venez discuter avec plus de 5.000.000 d'inconnus sur Stranger Cam gratuitement ! Allume ta cam\u00e9ra et trouve de nouveaux amis et peut-\u00eatre un partenaire !","breadcrumb":{"@id":"https:\/\/strangercam.com\/chateasy\/#breadcrumb"},"inLanguage":"fr-FR","potentialAction":[{"@type":"ReadAction","target":["https:\/\/strangercam.com\/chateasy\/"]}]},{"@type":"ImageObject","inLanguage":"fr-FR","@id":"https:\/\/strangercam.com\/chateasy\/#primaryimage","url":"https:\/\/strangercam.com\/wp-content\/uploads\/2020\/11\/stranger-cam-1.png","contentUrl":"https:\/\/strangercam.com\/wp-content\/uploads\/2020\/11\/stranger-cam-1.png","width":800,"height":800,"caption":"stranger cam random video chat"},{"@type":"BreadcrumbList","@id":"https:\/\/strangercam.com\/chateasy\/#breadcrumb","itemListElement":[{"@type":"ListItem","position":1,"name":"Home","item":"https:\/\/strangercam.com\/"},{"@type":"ListItem","position":2,"name":"Chateasy"}]},{"@type":"WebSite","@id":"https:\/\/strangercam.com\/#website","url":"https:\/\/strangercam.com\/","name":"Strangercam","description":"Chat vid\u00e9o al\u00e9atoire avec des inconnus","publisher":{"@id":"https:\/\/strangercam.com\/#organization"},"alternateName":"Strangercam.com","potentialAction":[{"@type":"SearchAction","target":{"@type":"EntryPoint","urlTemplate":"https:\/\/strangercam.com\/?s={search_term_string}"},"query-input":{"@type":"PropertyValueSpecification","valueRequired":true,"valueName":"search_term_string"}}],"inLanguage":"fr-FR"},{"@type":"Organization","@id":"https:\/\/strangercam.com\/#organization","name":"Strangercam","alternateName":"Strangercam.com","url":"https:\/\/strangercam.com\/","logo":{"@type":"ImageObject","inLanguage":"fr-FR","@id":"https:\/\/strangercam.com\/#\/schema\/logo\/image\/","url":"https:\/\/strangercam.com\/wp-content\/uploads\/2020\/11\/cropped-new-favicon-black.png","contentUrl":"https:\/\/strangercam.com\/wp-content\/uploads\/2020\/11\/cropped-new-favicon-black.png","width":512,"height":512,"caption":"Strangercam"},"image":{"@id":"https:\/\/strangercam.com\/#\/schema\/logo\/image\/"},"sameAs":["https:\/\/www.facebook.com\/strangercam","https:\/\/x.com\/strangercamapp"]}]}},"_links":{"self":[{"href":"https:\/\/strangercam.com\/fr\/wp-json\/wp\/v2\/pages\/7627","targetHints":{"allow":["GET"]}}],"collection":[{"href":"https:\/\/strangercam.com\/fr\/wp-json\/wp\/v2\/pages"}],"about":[{"href":"https:\/\/strangercam.com\/fr\/wp-json\/wp\/v2\/types\/page"}],"author":[{"embeddable":true,"href":"https:\/\/strangercam.com\/fr\/wp-json\/wp\/v2\/users\/6"}],"replies":[{"embeddable":true,"href":"https:\/\/strangercam.com\/fr\/wp-json\/wp\/v2\/comments?post=7627"}],"version-history":[{"count":0,"href":"https:\/\/strangercam.com\/fr\/wp-json\/wp\/v2\/pages\/7627\/revisions"}],"wp:featuredmedia":[{"embeddable":true,"href":"https:\/\/strangercam.com\/fr\/wp-json\/wp\/v2\/media\/559"}],"wp:attachment":[{"href":"https:\/\/strangercam.com\/fr\/wp-json\/wp\/v2\/media?parent=7627"}],"curies":[{"name":"wp","href":"https:\/\/api.w.org\/{rel}","templated":true}]}}