{"id":5290,"date":"2021-06-20T15:01:12","date_gmt":"2021-06-20T13:01:12","guid":{"rendered":"https:\/\/strangercam.com\/?page_id=5290"},"modified":"2023-08-21T11:40:39","modified_gmt":"2023-08-21T09:40:39","slug":"chat42","status":"publish","type":"page","link":"https:\/\/strangercam.com\/fr\/chat42\/","title":{"rendered":"Chat42"},"content":{"rendered":"<p>Rencontrer des inconnus dans un nouveau lieu devient d\u00e9sormais un jeu d'enfant. <a href=\"https:\/\/strangercam.com\/fr\/1v1-chat\/\">un<\/a> de nos jours en raison des progr\u00e8s techniques. Bien qu'il existe plusieurs sites web disponibles \u00e0 cette fin, il convient de les \u00e9valuer pour obtenir davantage d'id\u00e9es. En outre, cela aidera beaucoup \u00e0 choisir le meilleur site web qui r\u00e9pond aux exigences des utilisateurs. Chat42 est un site en ligne <a href=\"https:\/\/strangercam.com\/fr\/chatingly\/\">chat<\/a> qui permet \u00e0 une personne d'entrer en contact avec d'autres personnes dans les plus brefs d\u00e9lais. Ce site anonyme <a href=\"https:\/\/strangercam.com\/fr\/chatroulette\/\">chat<\/a> Le site permet de trouver facilement des c\u00e9libataires dans un lieu en r\u00e9pondant aux besoins essentiels des membres.<\/p>\n<h2>Quelles sont les caract\u00e9ristiques du Chat42 ?<\/h2>\n<p>Il s'agit d'un <a href=\"https:\/\/strangercam.com\/fr\/chat4free\/\">gratuit<\/a> qui ne n\u00e9cessite aucune proc\u00e9dure d'enregistrement ou d'inscription. Les utilisateurs peuvent entrer leur nom et commencer \u00e0 discuter avec d'autres personnes d\u00e8s que possible. Le site web propose des m\u00e9thodes pour partager des images apr\u00e8s avoir saisi son nom d'utilisateur. Chat42 permet aux utilisateurs de contacter deux personnes par le biais de messages texte uniquement. Le site propose \u00e9galement une fonction de \"signalement\" qui permet de signaler les utilisateurs abusifs. Il est m\u00eame possible de bloquer les utilisateurs abusifs afin d'\u00e9viter des probl\u00e8mes ind\u00e9sirables et d'autres choses. Toute personne souhaitant explorer les variantes de <a href=\"https:\/\/strangercam.com\/fr\/stranger-chat\/\">chat avec des inconnus<\/a> peuvent tirer un grand profit de ce site web.<\/p>\n<h3>Le Chat42 est-il sans danger pour les adolescents ?<\/h3>\n<p>Le site convient uniquement aux adultes qui souhaitent nouer rapidement des relations \u00e0 distance avec d'autres personnes. En revanche, il n'est pas s\u00fbr pour les adolescents, qui devraient s'en tenir \u00e0 l'\u00e9cart. Par ailleurs, le site dispose d'une fonction sonore qui permet aux nouveaux utilisateurs d'activer ou de d\u00e9sactiver le son des nouveaux messages. Ceux qui veulent parler \u00e0 des inconnus peuvent utiliser cette plateforme qui les aidera \u00e0 atteindre leurs objectifs dans une large mesure. Chat42 est un endroit id\u00e9al pour les personnes qui recherchent de nouveaux amis partageant des int\u00e9r\u00eats communs. Il permet de se connecter avec des inconnus dans un endroit qui donne des moyens de cr\u00e9er un lien avec eux de mani\u00e8re al\u00e9atoire.<\/p>\n<h3>Le Chat42 vaut-il la peine d'\u00eatre utilis\u00e9 ?<\/h3>\n<p>M\u00eame si Chat42 n'a pas de fonctions tr\u00e8s riches, le site web permet aux utilisateurs de discuter avec d'autres personnes sans aucune difficult\u00e9. Cependant, il est n\u00e9cessaire de lire les termes et conditions en d\u00e9tail avant d'utiliser la page web. La version de l'application est disponible pour les utilisateurs et ils peuvent la t\u00e9l\u00e9charger sur leurs t\u00e9l\u00e9phones portables. Elle permet de rechercher les coordonn\u00e9es d'hommes et de femmes dans un endroit de mani\u00e8re anonyme, ce qui aide \u00e0 d\u00e9velopper des relations avec eux. En m\u00eame temps, il est conseill\u00e9 de lire les avis en ligne qui permettent de prendre la bonne d\u00e9cision.<\/p>","protected":false},"excerpt":{"rendered":"<p>Meeting strangers in a new location now becomes an easy one these days due to the technical advancements. Although there are several websites available for this purpose, one should evaluate them for getting more ideas. Moreover, it will help a lot to pick the best website which satisfies the requirements of users. Chat42 is an [&hellip;]<\/p>\n","protected":false},"author":6,"featured_media":559,"parent":0,"menu_order":0,"comment_status":"closed","ping_status":"closed","template":"","meta":{"footnotes":""},"class_list":["post-5290","page","type-page","status-publish","has-post-thumbnail","hentry"],"yoast_head":"<!-- This site is optimized with the Yoast SEO plugin v27.4 - https:\/\/yoast.com\/product\/yoast-seo-wordpress\/ -->\n<title>Chat42 - Anonymous Chat For Two - Cam on StrangerCam.com<\/title>\n<meta name=\"description\" content=\"Like Chat42? Come chat with more than 5.000.000 strangers on Stranger Cam for Free! Turn on your cam and find new friends &amp; maby a match!\" \/>\n<meta name=\"robots\" content=\"index, follow, max-snippet:-1, max-image-preview:large, max-video-preview:-1\" \/>\n<link rel=\"canonical\" href=\"https:\/\/strangercam.com\/fr\/chat42\/\" \/>\n<meta property=\"og:locale\" content=\"fr_FR\" \/>\n<meta property=\"og:type\" content=\"article\" \/>\n<meta property=\"og:title\" content=\"Chat42 - Anonymous Chat For Two - Cam on StrangerCam.com\" \/>\n<meta property=\"og:description\" content=\"Like Chat42? Come chat with more than 5.000.000 strangers on Stranger Cam for Free! Turn on your cam and find new friends &amp; maby a match!\" \/>\n<meta property=\"og:url\" content=\"https:\/\/strangercam.com\/fr\/chat42\/\" \/>\n<meta property=\"og:site_name\" content=\"Strangercam\" \/>\n<meta property=\"article:publisher\" content=\"https:\/\/www.facebook.com\/strangercam\" \/>\n<meta property=\"article:modified_time\" content=\"2023-08-21T09:40:39+00:00\" \/>\n<meta property=\"og:image\" content=\"https:\/\/strangercam.com\/wp-content\/uploads\/2020\/11\/stranger-cam-1.png\" \/>\n\t<meta property=\"og:image:width\" content=\"800\" \/>\n\t<meta property=\"og:image:height\" content=\"800\" \/>\n\t<meta property=\"og:image:type\" content=\"image\/png\" \/>\n<meta name=\"twitter:card\" content=\"summary_large_image\" \/>\n<meta name=\"twitter:site\" content=\"@strangercamapp\" \/>\n<meta name=\"twitter:label1\" content=\"Dur\u00e9e de lecture estim\u00e9e\" \/>\n\t<meta name=\"twitter:data1\" content=\"2 minutes\" \/>\n<script type=\"application\/ld+json\" class=\"yoast-schema-graph\">{\"@context\":\"https:\\\/\\\/schema.org\",\"@graph\":[{\"@type\":\"WebPage\",\"@id\":\"https:\\\/\\\/strangercam.com\\\/chat42\\\/\",\"url\":\"https:\\\/\\\/strangercam.com\\\/chat42\\\/\",\"name\":\"Chat42 - Anonymous Chat For Two - Cam on StrangerCam.com\",\"isPartOf\":{\"@id\":\"https:\\\/\\\/strangercam.com\\\/#website\"},\"primaryImageOfPage\":{\"@id\":\"https:\\\/\\\/strangercam.com\\\/chat42\\\/#primaryimage\"},\"image\":{\"@id\":\"https:\\\/\\\/strangercam.com\\\/chat42\\\/#primaryimage\"},\"thumbnailUrl\":\"https:\\\/\\\/strangercam.com\\\/wp-content\\\/uploads\\\/2020\\\/11\\\/stranger-cam-1.png\",\"datePublished\":\"2021-06-20T13:01:12+00:00\",\"dateModified\":\"2023-08-21T09:40:39+00:00\",\"description\":\"Like Chat42? Come chat with more than 5.000.000 strangers on Stranger Cam for Free! Turn on your cam and find new friends & maby a match!\",\"breadcrumb\":{\"@id\":\"https:\\\/\\\/strangercam.com\\\/chat42\\\/#breadcrumb\"},\"inLanguage\":\"fr-FR\",\"potentialAction\":[{\"@type\":\"ReadAction\",\"target\":[\"https:\\\/\\\/strangercam.com\\\/chat42\\\/\"]}]},{\"@type\":\"ImageObject\",\"inLanguage\":\"fr-FR\",\"@id\":\"https:\\\/\\\/strangercam.com\\\/chat42\\\/#primaryimage\",\"url\":\"https:\\\/\\\/strangercam.com\\\/wp-content\\\/uploads\\\/2020\\\/11\\\/stranger-cam-1.png\",\"contentUrl\":\"https:\\\/\\\/strangercam.com\\\/wp-content\\\/uploads\\\/2020\\\/11\\\/stranger-cam-1.png\",\"width\":800,\"height\":800,\"caption\":\"stranger cam random video chat\"},{\"@type\":\"BreadcrumbList\",\"@id\":\"https:\\\/\\\/strangercam.com\\\/chat42\\\/#breadcrumb\",\"itemListElement\":[{\"@type\":\"ListItem\",\"position\":1,\"name\":\"Home\",\"item\":\"https:\\\/\\\/strangercam.com\\\/\"},{\"@type\":\"ListItem\",\"position\":2,\"name\":\"Chat42\"}]},{\"@type\":\"WebSite\",\"@id\":\"https:\\\/\\\/strangercam.com\\\/#website\",\"url\":\"https:\\\/\\\/strangercam.com\\\/\",\"name\":\"Strangercam\",\"description\":\"Random Video Chat with Strangers\",\"publisher\":{\"@id\":\"https:\\\/\\\/strangercam.com\\\/#organization\"},\"alternateName\":\"Strangercam.com\",\"potentialAction\":[{\"@type\":\"SearchAction\",\"target\":{\"@type\":\"EntryPoint\",\"urlTemplate\":\"https:\\\/\\\/strangercam.com\\\/?s={search_term_string}\"},\"query-input\":{\"@type\":\"PropertyValueSpecification\",\"valueRequired\":true,\"valueName\":\"search_term_string\"}}],\"inLanguage\":\"fr-FR\"},{\"@type\":\"Organization\",\"@id\":\"https:\\\/\\\/strangercam.com\\\/#organization\",\"name\":\"Strangercam\",\"alternateName\":\"Strangercam.com\",\"url\":\"https:\\\/\\\/strangercam.com\\\/\",\"logo\":{\"@type\":\"ImageObject\",\"inLanguage\":\"fr-FR\",\"@id\":\"https:\\\/\\\/strangercam.com\\\/#\\\/schema\\\/logo\\\/image\\\/\",\"url\":\"https:\\\/\\\/strangercam.com\\\/wp-content\\\/uploads\\\/2020\\\/11\\\/cropped-new-favicon-black.png\",\"contentUrl\":\"https:\\\/\\\/strangercam.com\\\/wp-content\\\/uploads\\\/2020\\\/11\\\/cropped-new-favicon-black.png\",\"width\":512,\"height\":512,\"caption\":\"Strangercam\"},\"image\":{\"@id\":\"https:\\\/\\\/strangercam.com\\\/#\\\/schema\\\/logo\\\/image\\\/\"},\"sameAs\":[\"https:\\\/\\\/www.facebook.com\\\/strangercam\",\"https:\\\/\\\/x.com\\\/strangercamapp\"]}]}<\/script>\n<!-- \/ Yoast SEO plugin. -->","yoast_head_json":{"title":"Chat42 - Chat anonyme pour deux - Cam sur StrangerCam.com","description":"Vous aimez Chat42 ? Venez discuter avec plus de 5.000.000 d'inconnus sur Stranger Cam gratuitement ! Allume ta cam\u00e9ra et trouve de nouveaux amis et peut-\u00eatre un partenaire !","robots":{"index":"index","follow":"follow","max-snippet":"max-snippet:-1","max-image-preview":"max-image-preview:large","max-video-preview":"max-video-preview:-1"},"canonical":"https:\/\/strangercam.com\/fr\/chat42\/","og_locale":"fr_FR","og_type":"article","og_title":"Chat42 - Anonymous Chat For Two - Cam on StrangerCam.com","og_description":"Like Chat42? Come chat with more than 5.000.000 strangers on Stranger Cam for Free! Turn on your cam and find new friends & maby a match!","og_url":"https:\/\/strangercam.com\/fr\/chat42\/","og_site_name":"Strangercam","article_publisher":"https:\/\/www.facebook.com\/strangercam","article_modified_time":"2023-08-21T09:40:39+00:00","og_image":[{"width":800,"height":800,"url":"https:\/\/strangercam.com\/wp-content\/uploads\/2020\/11\/stranger-cam-1.png","type":"image\/png"}],"twitter_card":"summary_large_image","twitter_site":"@strangercamapp","twitter_misc":{"Dur\u00e9e de lecture estim\u00e9e":"2 minutes"},"schema":{"@context":"https:\/\/schema.org","@graph":[{"@type":"WebPage","@id":"https:\/\/strangercam.com\/chat42\/","url":"https:\/\/strangercam.com\/chat42\/","name":"Chat42 - Chat anonyme pour deux - Cam sur StrangerCam.com","isPartOf":{"@id":"https:\/\/strangercam.com\/#website"},"primaryImageOfPage":{"@id":"https:\/\/strangercam.com\/chat42\/#primaryimage"},"image":{"@id":"https:\/\/strangercam.com\/chat42\/#primaryimage"},"thumbnailUrl":"https:\/\/strangercam.com\/wp-content\/uploads\/2020\/11\/stranger-cam-1.png","datePublished":"2021-06-20T13:01:12+00:00","dateModified":"2023-08-21T09:40:39+00:00","description":"Vous aimez Chat42 ? Venez discuter avec plus de 5.000.000 d'inconnus sur Stranger Cam gratuitement ! Allume ta cam\u00e9ra et trouve de nouveaux amis et peut-\u00eatre un partenaire !","breadcrumb":{"@id":"https:\/\/strangercam.com\/chat42\/#breadcrumb"},"inLanguage":"fr-FR","potentialAction":[{"@type":"ReadAction","target":["https:\/\/strangercam.com\/chat42\/"]}]},{"@type":"ImageObject","inLanguage":"fr-FR","@id":"https:\/\/strangercam.com\/chat42\/#primaryimage","url":"https:\/\/strangercam.com\/wp-content\/uploads\/2020\/11\/stranger-cam-1.png","contentUrl":"https:\/\/strangercam.com\/wp-content\/uploads\/2020\/11\/stranger-cam-1.png","width":800,"height":800,"caption":"stranger cam random video chat"},{"@type":"BreadcrumbList","@id":"https:\/\/strangercam.com\/chat42\/#breadcrumb","itemListElement":[{"@type":"ListItem","position":1,"name":"Home","item":"https:\/\/strangercam.com\/"},{"@type":"ListItem","position":2,"name":"Chat42"}]},{"@type":"WebSite","@id":"https:\/\/strangercam.com\/#website","url":"https:\/\/strangercam.com\/","name":"Strangercam","description":"Chat vid\u00e9o al\u00e9atoire avec des inconnus","publisher":{"@id":"https:\/\/strangercam.com\/#organization"},"alternateName":"Strangercam.com","potentialAction":[{"@type":"SearchAction","target":{"@type":"EntryPoint","urlTemplate":"https:\/\/strangercam.com\/?s={search_term_string}"},"query-input":{"@type":"PropertyValueSpecification","valueRequired":true,"valueName":"search_term_string"}}],"inLanguage":"fr-FR"},{"@type":"Organization","@id":"https:\/\/strangercam.com\/#organization","name":"Strangercam","alternateName":"Strangercam.com","url":"https:\/\/strangercam.com\/","logo":{"@type":"ImageObject","inLanguage":"fr-FR","@id":"https:\/\/strangercam.com\/#\/schema\/logo\/image\/","url":"https:\/\/strangercam.com\/wp-content\/uploads\/2020\/11\/cropped-new-favicon-black.png","contentUrl":"https:\/\/strangercam.com\/wp-content\/uploads\/2020\/11\/cropped-new-favicon-black.png","width":512,"height":512,"caption":"Strangercam"},"image":{"@id":"https:\/\/strangercam.com\/#\/schema\/logo\/image\/"},"sameAs":["https:\/\/www.facebook.com\/strangercam","https:\/\/x.com\/strangercamapp"]}]}},"_links":{"self":[{"href":"https:\/\/strangercam.com\/fr\/wp-json\/wp\/v2\/pages\/5290","targetHints":{"allow":["GET"]}}],"collection":[{"href":"https:\/\/strangercam.com\/fr\/wp-json\/wp\/v2\/pages"}],"about":[{"href":"https:\/\/strangercam.com\/fr\/wp-json\/wp\/v2\/types\/page"}],"author":[{"embeddable":true,"href":"https:\/\/strangercam.com\/fr\/wp-json\/wp\/v2\/users\/6"}],"replies":[{"embeddable":true,"href":"https:\/\/strangercam.com\/fr\/wp-json\/wp\/v2\/comments?post=5290"}],"version-history":[{"count":0,"href":"https:\/\/strangercam.com\/fr\/wp-json\/wp\/v2\/pages\/5290\/revisions"}],"wp:featuredmedia":[{"embeddable":true,"href":"https:\/\/strangercam.com\/fr\/wp-json\/wp\/v2\/media\/559"}],"wp:attachment":[{"href":"https:\/\/strangercam.com\/fr\/wp-json\/wp\/v2\/media?parent=5290"}],"curies":[{"name":"wp","href":"https:\/\/api.w.org\/{rel}","templated":true}]}}