{"id":5249,"date":"2021-06-20T14:45:11","date_gmt":"2021-06-20T12:45:11","guid":{"rendered":"https:\/\/strangercam.com\/?page_id=5249"},"modified":"2023-08-21T12:24:41","modified_gmt":"2023-08-21T10:24:41","slug":"chatogo","status":"publish","type":"page","link":"https:\/\/strangercam.com\/fr\/chatogo\/","title":{"rendered":"Chatogo"},"content":{"rendered":"<p>Bien que <b>chatogo<\/b> est un site textuel qui offre quelque chose d'int\u00e9ressant et d'unique. Il vous permet d'entrer en contact avec d'autres personnes du monde entier partageant les m\u00eames id\u00e9es. Ce site r\u00e9ussit \u00e0 combiner la vieille \u00e9cole <a href=\"https:\/\/strangercam.com\/fr\/chatroulette\/\">chat<\/a> La simplicit\u00e9 du site web de la Commission europ\u00e9enne est comparable \u00e0 celle des derni\u00e8res applications de m\u00e9dias sociaux. Il s'agit d'une merveilleuse plateforme <a href=\"https:\/\/strangercam.com\/fr\/only2chat\/\">pour discuter<\/a> avec de parfaits inconnus, mais aussi pour entrer en contact avec votre public. Si vous \u00eates un homme d'affaires, vous pouvez facilement augmenter le trafic de votre site professionnel\/personnel. Ce site de chat promet beaucoup \u00e0 ses utilisateurs et est plein d'avantages potentiels. Il compte des millions d'utilisateurs actifs dans le monde entier.<\/p>\n<h2>Comment s'inscrire \u00e0 chatogo<\/h2>\n<p>L'inscription sur ce site est une proc\u00e9dure simple et rapide, qui ne prend qu'une demi-minute. Il n'est pas n\u00e9cessaire de v\u00e9rifier l'adresse e-mail ou de s'inscrire sur Facebook. De plus, l'inscription est gratuite. C'est la simplicit\u00e9 de l'inscription qui fait de ce site le leader du peloton. Vous devenez un membre enregistr\u00e9 tr\u00e8s rapidement. Vous pouvez le t\u00e9l\u00e9charger sur votre ordinateur ou votre t\u00e9l\u00e9phone portable en toute simplicit\u00e9.<\/p>\n<h3>Comment utiliser chatogo<\/h3>\n<p>Avec ce site, vous pouvez personnaliser sans effort les salles de chat et discuter avec de nombreux inconnus du monde entier. Sa compatibilit\u00e9 et sa portabilit\u00e9 avec d'autres sites, y compris les plates-formes de m\u00e9dias sociaux, font de ce site un v\u00e9ritable outil de communication. <a href=\"https:\/\/strangercam.com\/fr\/1v1-chat\/\">un<\/a> unique. Vous pouvez \u00e9galement en personnaliser l'aspect (police, taille et couleurs) en fonction de vos besoins et de votre humeur. Vous \u00eates \u00e9galement autoris\u00e9 \u00e0 limiter le nombre de messages par personne afin de garantir la lisibilit\u00e9 du flux de discussion. Il vous suffit d'int\u00e9grer le salon de discussion sur le site de votre choix. Copiez le code HTML du groupe et collez-le sur votre site web.<\/p>\n<h3>Quels sont les avantages et les inconv\u00e9nients de chatogo ?<\/h3>\n<p>Vous pouvez facilement int\u00e9grer des salles de chat publiques ou priv\u00e9es sur votre site professionnel ou personnel. Ce site de chat est compatible avec diff\u00e9rentes plateformes de m\u00e9dias sociaux et est \u00e9galement portable. Vous \u00eates <a href=\"https:\/\/strangercam.com\/fr\/chat4free\/\">gratuit<\/a> pour cr\u00e9er des salons de discussion pour des groupes et les personnaliser comme vous le souhaitez. Vous avez la possibilit\u00e9 de bloquer des mots sp\u00e9cifiques et des membres ind\u00e9sirables. Une fonction t\u00e9l\u00e9chargeable telle que MessageCatcher pour Windows OS permet de recevoir des messages importants lorsque l'on est en ligne. La facilit\u00e9 d'acc\u00e8s est une autre caract\u00e9ristique int\u00e9ressante de ce site. L'inscription, la mise \u00e0 jour de la biographie, le t\u00e9l\u00e9chargement de la photo de profil et la messagerie sont enti\u00e8rement gratuits. L'inconv\u00e9nient de ce site est qu'il est principalement utilis\u00e9 pour promouvoir des entreprises et qu'il n'est pas tr\u00e8s romantique. <a href=\"https:\/\/strangercam.com\/fr\/chatingly\/\">chats<\/a>. La conception d'une application, en particulier le site web, peut \u00eatre une source d'inqui\u00e9tude pour certains.<\/p>","protected":false},"excerpt":{"rendered":"<p>Although chatogo is a text-based site, it offers something interesting and unique. It allows you to connect with other likeminded people from across the globe. This site manages to blend old school chat website simplicity with that of the latest social media apps. It is a wonderful platform to chat with complete strangers as well [&hellip;]<\/p>\n","protected":false},"author":6,"featured_media":559,"parent":0,"menu_order":0,"comment_status":"closed","ping_status":"closed","template":"","meta":{"footnotes":""},"class_list":["post-5249","page","type-page","status-publish","has-post-thumbnail","hentry"],"yoast_head":"<!-- This site is optimized with the Yoast SEO plugin v26.9 - https:\/\/yoast.com\/product\/yoast-seo-wordpress\/ -->\n<title>Chatogo - Free Random Chat Rooms - Cam on StrangerCam.com<\/title>\n<meta name=\"description\" content=\"Like Chatogo? Come chat with more than 5.000.000 strangers on Stranger Cam for Free! Turn on your cam and find new friends &amp; maby a match!\" \/>\n<meta name=\"robots\" content=\"index, follow, max-snippet:-1, max-image-preview:large, max-video-preview:-1\" \/>\n<link rel=\"canonical\" href=\"https:\/\/strangercam.com\/fr\/chatogo\/\" \/>\n<meta property=\"og:locale\" content=\"fr_FR\" \/>\n<meta property=\"og:type\" content=\"article\" \/>\n<meta property=\"og:title\" content=\"Chatogo - Free Random Chat Rooms - Cam on StrangerCam.com\" \/>\n<meta property=\"og:description\" content=\"Like Chatogo? Come chat with more than 5.000.000 strangers on Stranger Cam for Free! Turn on your cam and find new friends &amp; maby a match!\" \/>\n<meta property=\"og:url\" content=\"https:\/\/strangercam.com\/fr\/chatogo\/\" \/>\n<meta property=\"og:site_name\" content=\"Strangercam\" \/>\n<meta property=\"article:publisher\" content=\"https:\/\/www.facebook.com\/strangercam\" \/>\n<meta property=\"article:modified_time\" content=\"2023-08-21T10:24:41+00:00\" \/>\n<meta property=\"og:image\" content=\"https:\/\/strangercam.com\/wp-content\/uploads\/2020\/11\/stranger-cam-1.png\" \/>\n\t<meta property=\"og:image:width\" content=\"800\" \/>\n\t<meta property=\"og:image:height\" content=\"800\" \/>\n\t<meta property=\"og:image:type\" content=\"image\/png\" \/>\n<meta name=\"twitter:card\" content=\"summary_large_image\" \/>\n<meta name=\"twitter:site\" content=\"@strangercamapp\" \/>\n<meta name=\"twitter:label1\" content=\"Dur\u00e9e de lecture estim\u00e9e\" \/>\n\t<meta name=\"twitter:data1\" content=\"2 minutes\" \/>\n<script type=\"application\/ld+json\" class=\"yoast-schema-graph\">{\"@context\":\"https:\/\/schema.org\",\"@graph\":[{\"@type\":\"WebPage\",\"@id\":\"https:\/\/strangercam.com\/chatogo\/\",\"url\":\"https:\/\/strangercam.com\/chatogo\/\",\"name\":\"Chatogo - Free Random Chat Rooms - Cam on StrangerCam.com\",\"isPartOf\":{\"@id\":\"https:\/\/strangercam.com\/#website\"},\"primaryImageOfPage\":{\"@id\":\"https:\/\/strangercam.com\/chatogo\/#primaryimage\"},\"image\":{\"@id\":\"https:\/\/strangercam.com\/chatogo\/#primaryimage\"},\"thumbnailUrl\":\"https:\/\/strangercam.com\/wp-content\/uploads\/2020\/11\/stranger-cam-1.png\",\"datePublished\":\"2021-06-20T12:45:11+00:00\",\"dateModified\":\"2023-08-21T10:24:41+00:00\",\"description\":\"Like Chatogo? Come chat with more than 5.000.000 strangers on Stranger Cam for Free! Turn on your cam and find new friends & maby a match!\",\"breadcrumb\":{\"@id\":\"https:\/\/strangercam.com\/chatogo\/#breadcrumb\"},\"inLanguage\":\"fr-FR\",\"potentialAction\":[{\"@type\":\"ReadAction\",\"target\":[\"https:\/\/strangercam.com\/chatogo\/\"]}]},{\"@type\":\"ImageObject\",\"inLanguage\":\"fr-FR\",\"@id\":\"https:\/\/strangercam.com\/chatogo\/#primaryimage\",\"url\":\"https:\/\/strangercam.com\/wp-content\/uploads\/2020\/11\/stranger-cam-1.png\",\"contentUrl\":\"https:\/\/strangercam.com\/wp-content\/uploads\/2020\/11\/stranger-cam-1.png\",\"width\":800,\"height\":800,\"caption\":\"stranger cam random video chat\"},{\"@type\":\"BreadcrumbList\",\"@id\":\"https:\/\/strangercam.com\/chatogo\/#breadcrumb\",\"itemListElement\":[{\"@type\":\"ListItem\",\"position\":1,\"name\":\"Home\",\"item\":\"https:\/\/strangercam.com\/\"},{\"@type\":\"ListItem\",\"position\":2,\"name\":\"Chatogo\"}]},{\"@type\":\"WebSite\",\"@id\":\"https:\/\/strangercam.com\/#website\",\"url\":\"https:\/\/strangercam.com\/\",\"name\":\"Strangercam\",\"description\":\"Random Video Chat with Strangers\",\"publisher\":{\"@id\":\"https:\/\/strangercam.com\/#organization\"},\"alternateName\":\"Strangercam.com\",\"potentialAction\":[{\"@type\":\"SearchAction\",\"target\":{\"@type\":\"EntryPoint\",\"urlTemplate\":\"https:\/\/strangercam.com\/?s={search_term_string}\"},\"query-input\":{\"@type\":\"PropertyValueSpecification\",\"valueRequired\":true,\"valueName\":\"search_term_string\"}}],\"inLanguage\":\"fr-FR\"},{\"@type\":\"Organization\",\"@id\":\"https:\/\/strangercam.com\/#organization\",\"name\":\"Strangercam\",\"alternateName\":\"Strangercam.com\",\"url\":\"https:\/\/strangercam.com\/\",\"logo\":{\"@type\":\"ImageObject\",\"inLanguage\":\"fr-FR\",\"@id\":\"https:\/\/strangercam.com\/#\/schema\/logo\/image\/\",\"url\":\"https:\/\/strangercam.com\/wp-content\/uploads\/2020\/11\/cropped-new-favicon-black.png\",\"contentUrl\":\"https:\/\/strangercam.com\/wp-content\/uploads\/2020\/11\/cropped-new-favicon-black.png\",\"width\":512,\"height\":512,\"caption\":\"Strangercam\"},\"image\":{\"@id\":\"https:\/\/strangercam.com\/#\/schema\/logo\/image\/\"},\"sameAs\":[\"https:\/\/www.facebook.com\/strangercam\",\"https:\/\/x.com\/strangercamapp\"]}]}<\/script>\n<!-- \/ Yoast SEO plugin. -->","yoast_head_json":{"title":"Chatogo - Salles de chat gratuites et al\u00e9atoires - Cam sur StrangerCam.com","description":"Vous aimez Chatogo ? Venez discuter avec plus de 5.000.000 d'inconnus sur Stranger Cam gratuitement ! Allume ta cam\u00e9ra et trouve de nouveaux amis et peut-\u00eatre un partenaire !","robots":{"index":"index","follow":"follow","max-snippet":"max-snippet:-1","max-image-preview":"max-image-preview:large","max-video-preview":"max-video-preview:-1"},"canonical":"https:\/\/strangercam.com\/fr\/chatogo\/","og_locale":"fr_FR","og_type":"article","og_title":"Chatogo - Free Random Chat Rooms - Cam on StrangerCam.com","og_description":"Like Chatogo? Come chat with more than 5.000.000 strangers on Stranger Cam for Free! Turn on your cam and find new friends & maby a match!","og_url":"https:\/\/strangercam.com\/fr\/chatogo\/","og_site_name":"Strangercam","article_publisher":"https:\/\/www.facebook.com\/strangercam","article_modified_time":"2023-08-21T10:24:41+00:00","og_image":[{"width":800,"height":800,"url":"https:\/\/strangercam.com\/wp-content\/uploads\/2020\/11\/stranger-cam-1.png","type":"image\/png"}],"twitter_card":"summary_large_image","twitter_site":"@strangercamapp","twitter_misc":{"Dur\u00e9e de lecture estim\u00e9e":"2 minutes"},"schema":{"@context":"https:\/\/schema.org","@graph":[{"@type":"WebPage","@id":"https:\/\/strangercam.com\/chatogo\/","url":"https:\/\/strangercam.com\/chatogo\/","name":"Chatogo - Salles de chat gratuites et al\u00e9atoires - Cam sur StrangerCam.com","isPartOf":{"@id":"https:\/\/strangercam.com\/#website"},"primaryImageOfPage":{"@id":"https:\/\/strangercam.com\/chatogo\/#primaryimage"},"image":{"@id":"https:\/\/strangercam.com\/chatogo\/#primaryimage"},"thumbnailUrl":"https:\/\/strangercam.com\/wp-content\/uploads\/2020\/11\/stranger-cam-1.png","datePublished":"2021-06-20T12:45:11+00:00","dateModified":"2023-08-21T10:24:41+00:00","description":"Vous aimez Chatogo ? Venez discuter avec plus de 5.000.000 d'inconnus sur Stranger Cam gratuitement ! Allume ta cam\u00e9ra et trouve de nouveaux amis et peut-\u00eatre un partenaire !","breadcrumb":{"@id":"https:\/\/strangercam.com\/chatogo\/#breadcrumb"},"inLanguage":"fr-FR","potentialAction":[{"@type":"ReadAction","target":["https:\/\/strangercam.com\/chatogo\/"]}]},{"@type":"ImageObject","inLanguage":"fr-FR","@id":"https:\/\/strangercam.com\/chatogo\/#primaryimage","url":"https:\/\/strangercam.com\/wp-content\/uploads\/2020\/11\/stranger-cam-1.png","contentUrl":"https:\/\/strangercam.com\/wp-content\/uploads\/2020\/11\/stranger-cam-1.png","width":800,"height":800,"caption":"stranger cam random video chat"},{"@type":"BreadcrumbList","@id":"https:\/\/strangercam.com\/chatogo\/#breadcrumb","itemListElement":[{"@type":"ListItem","position":1,"name":"Home","item":"https:\/\/strangercam.com\/"},{"@type":"ListItem","position":2,"name":"Chatogo"}]},{"@type":"WebSite","@id":"https:\/\/strangercam.com\/#website","url":"https:\/\/strangercam.com\/","name":"Strangercam","description":"Chat vid\u00e9o al\u00e9atoire avec des inconnus","publisher":{"@id":"https:\/\/strangercam.com\/#organization"},"alternateName":"Strangercam.com","potentialAction":[{"@type":"SearchAction","target":{"@type":"EntryPoint","urlTemplate":"https:\/\/strangercam.com\/?s={search_term_string}"},"query-input":{"@type":"PropertyValueSpecification","valueRequired":true,"valueName":"search_term_string"}}],"inLanguage":"fr-FR"},{"@type":"Organization","@id":"https:\/\/strangercam.com\/#organization","name":"Strangercam","alternateName":"Strangercam.com","url":"https:\/\/strangercam.com\/","logo":{"@type":"ImageObject","inLanguage":"fr-FR","@id":"https:\/\/strangercam.com\/#\/schema\/logo\/image\/","url":"https:\/\/strangercam.com\/wp-content\/uploads\/2020\/11\/cropped-new-favicon-black.png","contentUrl":"https:\/\/strangercam.com\/wp-content\/uploads\/2020\/11\/cropped-new-favicon-black.png","width":512,"height":512,"caption":"Strangercam"},"image":{"@id":"https:\/\/strangercam.com\/#\/schema\/logo\/image\/"},"sameAs":["https:\/\/www.facebook.com\/strangercam","https:\/\/x.com\/strangercamapp"]}]}},"_links":{"self":[{"href":"https:\/\/strangercam.com\/fr\/wp-json\/wp\/v2\/pages\/5249","targetHints":{"allow":["GET"]}}],"collection":[{"href":"https:\/\/strangercam.com\/fr\/wp-json\/wp\/v2\/pages"}],"about":[{"href":"https:\/\/strangercam.com\/fr\/wp-json\/wp\/v2\/types\/page"}],"author":[{"embeddable":true,"href":"https:\/\/strangercam.com\/fr\/wp-json\/wp\/v2\/users\/6"}],"replies":[{"embeddable":true,"href":"https:\/\/strangercam.com\/fr\/wp-json\/wp\/v2\/comments?post=5249"}],"version-history":[{"count":0,"href":"https:\/\/strangercam.com\/fr\/wp-json\/wp\/v2\/pages\/5249\/revisions"}],"wp:featuredmedia":[{"embeddable":true,"href":"https:\/\/strangercam.com\/fr\/wp-json\/wp\/v2\/media\/559"}],"wp:attachment":[{"href":"https:\/\/strangercam.com\/fr\/wp-json\/wp\/v2\/media?parent=5249"}],"curies":[{"name":"wp","href":"https:\/\/api.w.org\/{rel}","templated":true}]}}