{"id":5191,"date":"2021-06-20T14:16:55","date_gmt":"2021-06-20T12:16:55","guid":{"rendered":"https:\/\/strangercam.com\/?page_id=5191"},"modified":"2023-08-21T12:24:42","modified_gmt":"2023-08-21T10:24:42","slug":"meet-skip","status":"publish","type":"page","link":"https:\/\/strangercam.com\/fr\/meet-skip\/","title":{"rendered":"Meet Skip"},"content":{"rendered":"<p><b><a href=\"https:\/\/strangercam.com\/fr\/coomeet\/\">Rencontrer<\/a> sauter<\/b> est consid\u00e9r\u00e9 comme un <a href=\"https:\/\/strangercam.com\/fr\/chatroulette\/\">chat<\/a> qui peut \u00eatre consult\u00e9 pour <a href=\"https:\/\/strangercam.com\/fr\/chat4free\/\">gratuit<\/a>. Il offre aux utilisateurs une exp\u00e9rience passionnante de salon de discussion en t\u00eate-\u00e0-t\u00eate, vous permettant de discuter avec des inconnus. Vous pouvez r\u00e9ellement discuter avec d'autres personnes en temps r\u00e9el gr\u00e2ce \u00e0 son interface tr\u00e8s simple. Il est con\u00e7u pour \u00eatre compatible avec diff\u00e9rents types d'appareils. Il n'est pas n\u00e9cessaire de s'inscrire pour acc\u00e9der \u00e0 ce portail. Vous pouvez commencer \u00e0 chatter instantan\u00e9ment sans aucun probl\u00e8me. C'est cette caract\u00e9ristique unique qui a rendu ce site de chat al\u00e9atoire tr\u00e8s populaire parmi les personnes de tous \u00e2ges du monde entier.<\/p>\n<h2>Comment s'inscrire \u00e0 meet skip ?<\/h2>\n<p>L'enregistrement du compte utilisateur n'est pas n\u00e9cessaire pour d\u00e9marrer votre <a href=\"https:\/\/strangercam.com\/fr\/chatingly\/\">chat<\/a> session. Il vous suffit de vous connecter \u00e0 ce portail et d'entrer dans la salle de chat en cliquant sur la case \u2018Chat Now\u2019. Il offre des sessions de chat instantan\u00e9es sans que vous ayez \u00e0 remplir de longs formulaires ou \u00e0 fournir vos donn\u00e9es personnelles. Vous pouvez entrer anonymement en utilisant le pseudonyme de votre choix et discuter avec d'autres personnes partageant les m\u00eames id\u00e9es. Vous avez \u00e9galement la possibilit\u00e9 de partager des photos avec votre partenaire de chat.<\/p>\n<h3>Comment utiliser le saut de mouton ?<\/h3>\n<p>Il est tr\u00e8s facile \u00e0 utiliser et vous devez vous connecter pour commencer la session de chat imm\u00e9diatement. Il n'y a pas de r\u00e8gles strictes en mati\u00e8re de texte ou de <a href=\"https:\/\/strangercam.com\/fr\/rabbit-video-chat\/\">chat vid\u00e9o<\/a>. Vous pouvez \u00e9galement envoyer des photos \u00e0 votre partenaire de chat pour rendre la session plus int\u00e9ressante. C'est simple, facile et rapide et cela vous permet d'attirer un grand nombre d'inconnus. Vous pouvez visiter ce site et chatter quand vous le souhaitez sans avoir \u00e0 vous inscrire ou \u00e0 fournir vos coordonn\u00e9es \u00e0 plusieurs reprises.<\/p>\n<h3>Quels sont les avantages et les inconv\u00e9nients de meet skip ?<\/h3>\n<p>Ce portail vous offre un divertissement complet chaque fois que vous le souhaitez, vous permettant ainsi d'\u00e9liminer l'ennui. Il vous assure une exp\u00e9rience de chat al\u00e9atoire \u00e9tonnante combin\u00e9e au partage d'images. Vous pouvez partager vos images avec votre partenaire de chat actuel \u00e0 partir de votre rouleau d'appareils photo afin de rendre votre session plus int\u00e9ressante. Il n'est pas non plus n\u00e9cessaire de cr\u00e9er un profil. C'est quelque chose qui n'est pas propos\u00e9 par d'autres portails de chat al\u00e9atoire. C'est plut\u00f4t l'endroit id\u00e9al \u00e0 visiter si vous vous sentez seul et que vous voulez satisfaire vos humeurs. Le seul aspect n\u00e9gatif est que vous devez \u00eatre prudent lorsque vous partagez vos photos car les profils connect\u00e9s ne sont pas enti\u00e8rement v\u00e9rifi\u00e9s.<\/p>","protected":false},"excerpt":{"rendered":"<p>Meet skip is considered to be an anonymous chat portal that can be accessed for free. It provides users with an exciting one-on-one chat room experience allowing you to chat with strangers. You can actually get to chat with others in real-time using its super-easy interface. It is designed to be compatible to be used [&hellip;]<\/p>\n","protected":false},"author":6,"featured_media":559,"parent":0,"menu_order":0,"comment_status":"closed","ping_status":"closed","template":"","meta":{"footnotes":""},"class_list":["post-5191","page","type-page","status-publish","has-post-thumbnail","hentry"],"yoast_head":"<!-- This site is optimized with the Yoast SEO plugin v27.4 - https:\/\/yoast.com\/product\/yoast-seo-wordpress\/ -->\n<title>Meet Skip - Random Chat Rooms - Cam on StrangerCam.com<\/title>\n<meta name=\"description\" content=\"Like Meet Skip? Come chat with more than 5.000.000 strangers on Stranger Cam for Free! Turn on your cam and find new friends &amp; maby a match!\" \/>\n<meta name=\"robots\" content=\"index, follow, max-snippet:-1, max-image-preview:large, max-video-preview:-1\" \/>\n<link rel=\"canonical\" href=\"https:\/\/strangercam.com\/fr\/meet-skip\/\" \/>\n<meta property=\"og:locale\" content=\"fr_FR\" \/>\n<meta property=\"og:type\" content=\"article\" \/>\n<meta property=\"og:title\" content=\"Meet Skip - Random Chat Rooms - Cam on StrangerCam.com\" \/>\n<meta property=\"og:description\" content=\"Like Meet Skip? Come chat with more than 5.000.000 strangers on Stranger Cam for Free! Turn on your cam and find new friends &amp; maby a match!\" \/>\n<meta property=\"og:url\" content=\"https:\/\/strangercam.com\/fr\/meet-skip\/\" \/>\n<meta property=\"og:site_name\" content=\"Strangercam\" \/>\n<meta property=\"article:publisher\" content=\"https:\/\/www.facebook.com\/strangercam\" \/>\n<meta property=\"article:modified_time\" content=\"2023-08-21T10:24:42+00:00\" \/>\n<meta property=\"og:image\" content=\"https:\/\/strangercam.com\/wp-content\/uploads\/2020\/11\/stranger-cam-1.png\" \/>\n\t<meta property=\"og:image:width\" content=\"800\" \/>\n\t<meta property=\"og:image:height\" content=\"800\" \/>\n\t<meta property=\"og:image:type\" content=\"image\/png\" \/>\n<meta name=\"twitter:card\" content=\"summary_large_image\" \/>\n<meta name=\"twitter:site\" content=\"@strangercamapp\" \/>\n<meta name=\"twitter:label1\" content=\"Dur\u00e9e de lecture estim\u00e9e\" \/>\n\t<meta name=\"twitter:data1\" content=\"2 minutes\" \/>\n<script type=\"application\/ld+json\" class=\"yoast-schema-graph\">{\"@context\":\"https:\\\/\\\/schema.org\",\"@graph\":[{\"@type\":\"WebPage\",\"@id\":\"https:\\\/\\\/strangercam.com\\\/meet-skip\\\/\",\"url\":\"https:\\\/\\\/strangercam.com\\\/meet-skip\\\/\",\"name\":\"Meet Skip - Random Chat Rooms - Cam on StrangerCam.com\",\"isPartOf\":{\"@id\":\"https:\\\/\\\/strangercam.com\\\/#website\"},\"primaryImageOfPage\":{\"@id\":\"https:\\\/\\\/strangercam.com\\\/meet-skip\\\/#primaryimage\"},\"image\":{\"@id\":\"https:\\\/\\\/strangercam.com\\\/meet-skip\\\/#primaryimage\"},\"thumbnailUrl\":\"https:\\\/\\\/strangercam.com\\\/wp-content\\\/uploads\\\/2020\\\/11\\\/stranger-cam-1.png\",\"datePublished\":\"2021-06-20T12:16:55+00:00\",\"dateModified\":\"2023-08-21T10:24:42+00:00\",\"description\":\"Like Meet Skip? Come chat with more than 5.000.000 strangers on Stranger Cam for Free! Turn on your cam and find new friends & maby a match!\",\"breadcrumb\":{\"@id\":\"https:\\\/\\\/strangercam.com\\\/meet-skip\\\/#breadcrumb\"},\"inLanguage\":\"fr-FR\",\"potentialAction\":[{\"@type\":\"ReadAction\",\"target\":[\"https:\\\/\\\/strangercam.com\\\/meet-skip\\\/\"]}]},{\"@type\":\"ImageObject\",\"inLanguage\":\"fr-FR\",\"@id\":\"https:\\\/\\\/strangercam.com\\\/meet-skip\\\/#primaryimage\",\"url\":\"https:\\\/\\\/strangercam.com\\\/wp-content\\\/uploads\\\/2020\\\/11\\\/stranger-cam-1.png\",\"contentUrl\":\"https:\\\/\\\/strangercam.com\\\/wp-content\\\/uploads\\\/2020\\\/11\\\/stranger-cam-1.png\",\"width\":800,\"height\":800,\"caption\":\"stranger cam random video chat\"},{\"@type\":\"BreadcrumbList\",\"@id\":\"https:\\\/\\\/strangercam.com\\\/meet-skip\\\/#breadcrumb\",\"itemListElement\":[{\"@type\":\"ListItem\",\"position\":1,\"name\":\"Home\",\"item\":\"https:\\\/\\\/strangercam.com\\\/\"},{\"@type\":\"ListItem\",\"position\":2,\"name\":\"Meet Skip\"}]},{\"@type\":\"WebSite\",\"@id\":\"https:\\\/\\\/strangercam.com\\\/#website\",\"url\":\"https:\\\/\\\/strangercam.com\\\/\",\"name\":\"Strangercam\",\"description\":\"Random Video Chat with Strangers\",\"publisher\":{\"@id\":\"https:\\\/\\\/strangercam.com\\\/#organization\"},\"alternateName\":\"Strangercam.com\",\"potentialAction\":[{\"@type\":\"SearchAction\",\"target\":{\"@type\":\"EntryPoint\",\"urlTemplate\":\"https:\\\/\\\/strangercam.com\\\/?s={search_term_string}\"},\"query-input\":{\"@type\":\"PropertyValueSpecification\",\"valueRequired\":true,\"valueName\":\"search_term_string\"}}],\"inLanguage\":\"fr-FR\"},{\"@type\":\"Organization\",\"@id\":\"https:\\\/\\\/strangercam.com\\\/#organization\",\"name\":\"Strangercam\",\"alternateName\":\"Strangercam.com\",\"url\":\"https:\\\/\\\/strangercam.com\\\/\",\"logo\":{\"@type\":\"ImageObject\",\"inLanguage\":\"fr-FR\",\"@id\":\"https:\\\/\\\/strangercam.com\\\/#\\\/schema\\\/logo\\\/image\\\/\",\"url\":\"https:\\\/\\\/strangercam.com\\\/wp-content\\\/uploads\\\/2020\\\/11\\\/cropped-new-favicon-black.png\",\"contentUrl\":\"https:\\\/\\\/strangercam.com\\\/wp-content\\\/uploads\\\/2020\\\/11\\\/cropped-new-favicon-black.png\",\"width\":512,\"height\":512,\"caption\":\"Strangercam\"},\"image\":{\"@id\":\"https:\\\/\\\/strangercam.com\\\/#\\\/schema\\\/logo\\\/image\\\/\"},\"sameAs\":[\"https:\\\/\\\/www.facebook.com\\\/strangercam\",\"https:\\\/\\\/x.com\\\/strangercamapp\"]}]}<\/script>\n<!-- \/ Yoast SEO plugin. -->","yoast_head_json":{"title":"Meet Skip - Random Chat Rooms - Cam on StrangerCam.com","description":"Vous aimez Meet Skip ? Venez discuter avec plus de 5.000.000 d'inconnus sur Stranger Cam gratuitement ! Allume ta cam\u00e9ra et trouve de nouveaux amis et peut-\u00eatre un partenaire !","robots":{"index":"index","follow":"follow","max-snippet":"max-snippet:-1","max-image-preview":"max-image-preview:large","max-video-preview":"max-video-preview:-1"},"canonical":"https:\/\/strangercam.com\/fr\/meet-skip\/","og_locale":"fr_FR","og_type":"article","og_title":"Meet Skip - Random Chat Rooms - Cam on StrangerCam.com","og_description":"Like Meet Skip? Come chat with more than 5.000.000 strangers on Stranger Cam for Free! Turn on your cam and find new friends & maby a match!","og_url":"https:\/\/strangercam.com\/fr\/meet-skip\/","og_site_name":"Strangercam","article_publisher":"https:\/\/www.facebook.com\/strangercam","article_modified_time":"2023-08-21T10:24:42+00:00","og_image":[{"width":800,"height":800,"url":"https:\/\/strangercam.com\/wp-content\/uploads\/2020\/11\/stranger-cam-1.png","type":"image\/png"}],"twitter_card":"summary_large_image","twitter_site":"@strangercamapp","twitter_misc":{"Dur\u00e9e de lecture estim\u00e9e":"2 minutes"},"schema":{"@context":"https:\/\/schema.org","@graph":[{"@type":"WebPage","@id":"https:\/\/strangercam.com\/meet-skip\/","url":"https:\/\/strangercam.com\/meet-skip\/","name":"Meet Skip - Random Chat Rooms - Cam on StrangerCam.com","isPartOf":{"@id":"https:\/\/strangercam.com\/#website"},"primaryImageOfPage":{"@id":"https:\/\/strangercam.com\/meet-skip\/#primaryimage"},"image":{"@id":"https:\/\/strangercam.com\/meet-skip\/#primaryimage"},"thumbnailUrl":"https:\/\/strangercam.com\/wp-content\/uploads\/2020\/11\/stranger-cam-1.png","datePublished":"2021-06-20T12:16:55+00:00","dateModified":"2023-08-21T10:24:42+00:00","description":"Vous aimez Meet Skip ? Venez discuter avec plus de 5.000.000 d'inconnus sur Stranger Cam gratuitement ! Allume ta cam\u00e9ra et trouve de nouveaux amis et peut-\u00eatre un partenaire !","breadcrumb":{"@id":"https:\/\/strangercam.com\/meet-skip\/#breadcrumb"},"inLanguage":"fr-FR","potentialAction":[{"@type":"ReadAction","target":["https:\/\/strangercam.com\/meet-skip\/"]}]},{"@type":"ImageObject","inLanguage":"fr-FR","@id":"https:\/\/strangercam.com\/meet-skip\/#primaryimage","url":"https:\/\/strangercam.com\/wp-content\/uploads\/2020\/11\/stranger-cam-1.png","contentUrl":"https:\/\/strangercam.com\/wp-content\/uploads\/2020\/11\/stranger-cam-1.png","width":800,"height":800,"caption":"stranger cam random video chat"},{"@type":"BreadcrumbList","@id":"https:\/\/strangercam.com\/meet-skip\/#breadcrumb","itemListElement":[{"@type":"ListItem","position":1,"name":"Home","item":"https:\/\/strangercam.com\/"},{"@type":"ListItem","position":2,"name":"Meet Skip"}]},{"@type":"WebSite","@id":"https:\/\/strangercam.com\/#website","url":"https:\/\/strangercam.com\/","name":"Strangercam","description":"Chat vid\u00e9o al\u00e9atoire avec des inconnus","publisher":{"@id":"https:\/\/strangercam.com\/#organization"},"alternateName":"Strangercam.com","potentialAction":[{"@type":"SearchAction","target":{"@type":"EntryPoint","urlTemplate":"https:\/\/strangercam.com\/?s={search_term_string}"},"query-input":{"@type":"PropertyValueSpecification","valueRequired":true,"valueName":"search_term_string"}}],"inLanguage":"fr-FR"},{"@type":"Organization","@id":"https:\/\/strangercam.com\/#organization","name":"Strangercam","alternateName":"Strangercam.com","url":"https:\/\/strangercam.com\/","logo":{"@type":"ImageObject","inLanguage":"fr-FR","@id":"https:\/\/strangercam.com\/#\/schema\/logo\/image\/","url":"https:\/\/strangercam.com\/wp-content\/uploads\/2020\/11\/cropped-new-favicon-black.png","contentUrl":"https:\/\/strangercam.com\/wp-content\/uploads\/2020\/11\/cropped-new-favicon-black.png","width":512,"height":512,"caption":"Strangercam"},"image":{"@id":"https:\/\/strangercam.com\/#\/schema\/logo\/image\/"},"sameAs":["https:\/\/www.facebook.com\/strangercam","https:\/\/x.com\/strangercamapp"]}]}},"_links":{"self":[{"href":"https:\/\/strangercam.com\/fr\/wp-json\/wp\/v2\/pages\/5191","targetHints":{"allow":["GET"]}}],"collection":[{"href":"https:\/\/strangercam.com\/fr\/wp-json\/wp\/v2\/pages"}],"about":[{"href":"https:\/\/strangercam.com\/fr\/wp-json\/wp\/v2\/types\/page"}],"author":[{"embeddable":true,"href":"https:\/\/strangercam.com\/fr\/wp-json\/wp\/v2\/users\/6"}],"replies":[{"embeddable":true,"href":"https:\/\/strangercam.com\/fr\/wp-json\/wp\/v2\/comments?post=5191"}],"version-history":[{"count":0,"href":"https:\/\/strangercam.com\/fr\/wp-json\/wp\/v2\/pages\/5191\/revisions"}],"wp:featuredmedia":[{"embeddable":true,"href":"https:\/\/strangercam.com\/fr\/wp-json\/wp\/v2\/media\/559"}],"wp:attachment":[{"href":"https:\/\/strangercam.com\/fr\/wp-json\/wp\/v2\/media?parent=5191"}],"curies":[{"name":"wp","href":"https:\/\/api.w.org\/{rel}","templated":true}]}}