{"id":5113,"date":"2021-06-19T21:05:49","date_gmt":"2021-06-19T19:05:49","guid":{"rendered":"https:\/\/strangercam.com\/?page_id=5113"},"modified":"2023-08-21T11:40:39","modified_gmt":"2023-08-21T09:40:39","slug":"chatiw","status":"publish","type":"page","link":"https:\/\/strangercam.com\/fr\/chatiw\/","title":{"rendered":"Chatiw"},"content":{"rendered":"<p>Vous essayez peut-\u00eatre de trouver une personne qui vous convient en ligne et vous \u00eates donc int\u00e9ress\u00e9(e) par les \u00e9l\u00e9ments suivants <a href=\"https:\/\/strangercam.com\/fr\/chatingly\/\">chat<\/a> avec des inconnus en ligne.<\/p>\n<p>Si c'est le cas, vous \u00eates au bon endroit !<\/p>\n<p>Voici un guide complet d'une merveilleuse plateforme en ligne gr\u00e2ce \u00e0 laquelle vous pouvez parler \u00e0 des dizaines d'inconnus en une journ\u00e9e.<\/p>\n<p>Cela semble impressionnant, n'est-ce pas ?<\/p>\n<p>Bien qu'il existe de nombreux sites et applications de rencontres en ligne,\u00a0<b>chatiw<\/b> est quelque chose de diff\u00e9rent. Cette plateforme de chat offre \u00e0 ses utilisateurs <a href=\"https:\/\/strangercam.com\/fr\/chat4free\/\">gratuit<\/a> qui vous permet d'entrer en contact gratuitement avec des milliers d'\u00e9trangers de diff\u00e9rents pays.<\/p>\n<p>Aucune restriction n'est impos\u00e9e quant \u00e0 la mani\u00e8re de communiquer et aux personnes avec lesquelles on peut communiquer, y compris en ce qui concerne le choix de l'endroit o\u00f9 l'on se trouve. Vous pouvez <a href=\"https:\/\/strangercam.com\/fr\/chatroulette\/\">chat<\/a> de mani\u00e8re d\u00e9contract\u00e9e si vous recherchez quelque chose de moins s\u00e9rieux ou un bon ami. Vous pouvez \u00e9galement profiter de l'occasion pour chercher l'\u00e2me s\u0153ur ou un partenaire. Ainsi, ce site vous offre une immense libert\u00e9 d'action, enti\u00e8rement bas\u00e9e sur vos humeurs.<\/p>\n<h2>Comment s'inscrire \u00e0 Chatiw ?<\/h2>\n<p>Sa fonction d'enregistrement est unique. Vous ne trouverez nulle part ailleurs un processus d'enregistrement comme celui de Chatiw.<\/p>\n<p>Les utilisateurs gratuits n'ont pas besoin de s'inscrire pour utiliser ce site et entrer en contact avec des inconnus. Plusieurs champs sont pr\u00e9sents sur la page d'accueil du site et doivent \u00eatre remplis correctement et de mani\u00e8re ad\u00e9quate.<\/p>\n<p>Il s'agit du nom d'utilisateur, de la localisation, du sexe et de l'\u00e2ge. Une fois cette \u00e9tape franchie, vous \u00eates pr\u00eat \u00e0 commencer \u00e0 chatter avec toute personne avec laquelle vous avez envie de vous connecter. Cette application\/site vous permet \u00e9galement d'utiliser le suivi GPS pour indiquer votre position exacte et celle de l'autre personne.<\/p>\n<h3>Comment utiliser Chatiw ?<\/h3>\n<p>Le chat est la principale activit\u00e9 propos\u00e9e par ce site. C'est pourquoi les fonctions de graphique fournies sont optimales. Il vous permet d'envoyer des informations, des photos, des liens et de consulter votre historique de chat.<\/p>\n<p>Mais certaines fonctionnalit\u00e9s ne sont propos\u00e9es qu'aux clients premium. Vous pouvez facilement bloquer et ignorer les profils qui ne vous int\u00e9ressent pas. Les fonctionnalit\u00e9s propos\u00e9es sont tr\u00e8s int\u00e9ressantes et simples \u00e0 utiliser.<\/p>\n<p>De plus, le syst\u00e8me de chat d\u00e9velopp\u00e9 est assez puissant. Les utilisateurs de cette plate-forme sont un peu plus m\u00fbrs et la plupart d'entre eux savent ce qu'ils recherchent. Ici, tout est intuitif et simple. Si quelqu'un vous int\u00e9resse, vous pouvez simplement le lui dire et si ce n'est pas le cas, vous pouvez l'ignorer.<\/p>\n<h3>Quels sont les avantages et les inconv\u00e9nients de Chatiw ?<\/h3>\n<p>L'utilisation de ce site est relativement simple. L'interface du site est simple. Vous pouvez l'utiliser facilement m\u00eame si vous n'avez jamais utilis\u00e9 de site de rencontre auparavant !<\/p>\n<p>En tant qu'utilisateur gratuit, vous b\u00e9n\u00e9ficiez des avantages suivants ;<\/p>\n<ul>\n<li style=\"font-weight: 400;\" aria-level=\"1\">L'inscription n'est pas n\u00e9cessaire et le processus global est simple et gratuit.<\/li>\n<li style=\"font-weight: 400;\" aria-level=\"1\">Vous ne devez pas perdre votre temps \u00e0 cr\u00e9er de longs profils.<\/li>\n<li style=\"font-weight: 400;\" aria-level=\"1\">Vous pouvez lire des articles de blog pour partager des exp\u00e9riences sur les relations, les rencontres et la communication en ligne.<\/li>\n<li style=\"font-weight: 400;\" aria-level=\"1\">C'est un site fantastique pour se divertir 24 heures sur 24 et 7 jours sur 7.<\/li>\n<\/ul>\n<p>Parmi les inconv\u00e9nients de ce site de chat en ligne, on peut citer les fonctions d'enregistrement incorrectes.<\/p>\n<ul>\n<li style=\"font-weight: 400;\" aria-level=\"1\">Chaque fois que vous essayez d'entrer sur le site pour discuter, vous devez fournir votre nom d'utilisateur et d'autres informations pertinentes, mais uniquement pour les membres gratuits.<\/li>\n<li style=\"font-weight: 400;\" aria-level=\"1\">Il existe actuellement de nombreux profils inappropri\u00e9s et frauduleux sur la plateforme.<\/li>\n<li style=\"font-weight: 400;\" aria-level=\"1\">Pour b\u00e9n\u00e9ficier de toutes les fonctionnalit\u00e9s, vous devez devenir un membre VIP ou premium en payant le site web.<\/li>\n<\/ul>\n<h3>Conseils de Chatiw<\/h3>\n<p>Chatiw est sans aucun doute une fantastique plateforme de chat en ligne, mais ce qui est bien avec eux, c'est qu'ils guident les utilisateurs.<\/p>\n<p>Ils ont leur propre blog !<\/p>\n<p>Dans ce blog, ils tentent d'expliquer les bonnes mani\u00e8res et la fa\u00e7on dont il faut parler \u00e0 un \u00e9tranger en ligne. Il s'agit d'une bonne d\u00e9marche \u00e0 deux \u00e9gards.<\/p>\n<ul>\n<li style=\"font-weight: 400;\" aria-level=\"1\">Tout d'abord, il guide les utilisateurs et leur indique comment parler pour impressionner la personne assise \u00e0 l'autre bout du fil.<\/li>\n<li style=\"font-weight: 400;\" aria-level=\"1\">La deuxi\u00e8me chose la plus importante \u00e0 propos de ce blog est qu'il indique comment se comporter !<\/li>\n<\/ul>\n<p>C'est un excellent moyen de dire \u00e0 l'auditoire qu'il vaut mieux se comporter correctement que d'\u00eatre banni !<\/p>\n<p>Pourquoi utiliser Chatiw ?<\/p>\n<h3>Application mobile<\/h3>\n<p>Ne vous inqui\u00e9tez pas !<\/p>\n<p>Chatiw dispose \u00e9galement d'une application mobile. Comme nous le savons, nous ne pouvons pas utiliser les navigateurs en permanence. Pour la commodit\u00e9 des utilisateurs, Chatiw a pris cette mesure et a introduit cette application unique.<\/p>\n<p>Si vous \u00eates un utilisateur d'Android, vous pouvez t\u00e9l\u00e9charger l'application \u00e0 partir du Play Store, et si vous \u00eates un utilisateur d'iPhone, vous pouvez t\u00e9l\u00e9charger l'application \u00e0 partir de l'App Store.<\/p>\n<h3>Le c\u0153ur du Chatiw<\/h3>\n<p>Chatiw ne concerne pas seulement le texte et les <a href=\"https:\/\/strangercam.com\/fr\/rabbit-video-chat\/\">vid\u00e9o<\/a> le chat. Il ne s'agit pas seulement de parler \u00e0 des inconnus. Les d\u00e9veloppeurs qui ont mis au point le site web puis l'application avaient une vision plus large \u00e0 l'esprit.<\/p>\n<p>Chatiw a pour but de trouver le partenaire id\u00e9al, l'\u00e2me s\u0153ur !<\/p>\n<p>Ce n'est pas comme les plateformes de chat ordinaires qui permettent simplement de parler \u00e0 des gens et puis quoi au hasard ? Rien ?<\/p>\n<p>Si c'\u00e9tait le cas, pourquoi parler d\u00e8s le d\u00e9part ?<\/p>\n<p>Il doit y avoir une raison derri\u00e8re chaque chose, et le bavardage doit mener quelque part ; sinon, il sera un fardeau pour les deux parties.<\/p>\n<p>C'est la raison pour laquelle Chatiw appr\u00e9cie que vous vous adressiez \u00e0 l'autorit\u00e9 comp\u00e9tente. <a href=\"https:\/\/strangercam.com\/fr\/nextcam\/\">suivant<\/a> qui est la chose la plus \u00e9tonnante de ce site web.<\/p>\n<h3>Vie priv\u00e9e<\/h3>\n<p>Vous \u00eates en s\u00e9curit\u00e9 ici. Vous pouvez partager vos photos avec la personne que vous aimez pendant le chat sans vous soucier de votre vie priv\u00e9e. Chatiw vous couvre !<\/p>\n<p>Les gens \u00e9vitent de rejoindre les plateformes de chat en ligne pour deux raisons. L'une est la complexit\u00e9, l'autre la confidentialit\u00e9. Chatiw a trouv\u00e9 une solution solide pour ces deux raisons. Son site web est simple et facile \u00e0 utiliser. En ce qui concerne la protection de la vie priv\u00e9e, ils ont un plan solide. Chatiw ne recueille que le pr\u00e9nom, le nom, l'adresse \u00e9lectronique, les donn\u00e9es d'utilisation, les identifiants uniques des appareils pour la publicit\u00e9 (Google Advertiser ID), divers types de donn\u00e9es, les cookies, la position g\u00e9ographique et la langue.<\/p>\n<p>En ce qui concerne l'emplacement, ils ne le recueillent que pour vous trouver un partenaire parfait. Trouver une partie est parfois difficile, mais la localisation peut aider car plus votre partenaire est proche, mieux ce sera, comme nous l'avons d\u00e9j\u00e0 dit, Chatiw appr\u00e9cie que les relations passent au niveau sup\u00e9rieur.<\/p>\n<h3>Conclusion<\/h3>\n<p>Dans l'ensemble, Chatiw est un excellent site de chat en ligne. Vous pouvez vous amuser \u00e0 discuter avec des inconnus et \u00e0 vous faire de nouveaux amis. Vous pouvez faire tout cela en gardant votre identit\u00e9 en s\u00e9curit\u00e9.<\/p>","protected":false},"excerpt":{"rendered":"<p>You may be trying to find a suitable person online and hence be interested in chatting with random strangers online. If it is the case, you are in the right place! Here is a complete guide to a wonderful online platform through which you can talk to dozens of strangers in a day. It sounds [&hellip;]<\/p>\n","protected":false},"author":6,"featured_media":559,"parent":0,"menu_order":0,"comment_status":"closed","ping_status":"closed","template":"","meta":{"footnotes":""},"class_list":["post-5113","page","type-page","status-publish","has-post-thumbnail","hentry"],"yoast_head":"<!-- This site is optimized with the Yoast SEO plugin v26.9 - https:\/\/yoast.com\/product\/yoast-seo-wordpress\/ -->\n<title>Chatiw - Free Text Chat Rooms - Cam on StrangerCam.com<\/title>\n<meta name=\"description\" content=\"Like Chatiw? Come chat with more than 5.000.000 strangers on Stranger Cam for Free! Turn on your cam and find new friends &amp; maby a match!\" \/>\n<meta name=\"robots\" content=\"index, follow, max-snippet:-1, max-image-preview:large, max-video-preview:-1\" \/>\n<link rel=\"canonical\" href=\"https:\/\/strangercam.com\/fr\/chatiw\/\" \/>\n<meta property=\"og:locale\" content=\"fr_FR\" \/>\n<meta property=\"og:type\" content=\"article\" \/>\n<meta property=\"og:title\" content=\"Chatiw - Free Text Chat Rooms - Cam on StrangerCam.com\" \/>\n<meta property=\"og:description\" content=\"Like Chatiw? Come chat with more than 5.000.000 strangers on Stranger Cam for Free! Turn on your cam and find new friends &amp; maby a match!\" \/>\n<meta property=\"og:url\" content=\"https:\/\/strangercam.com\/fr\/chatiw\/\" \/>\n<meta property=\"og:site_name\" content=\"Strangercam\" \/>\n<meta property=\"article:publisher\" content=\"https:\/\/www.facebook.com\/strangercam\" \/>\n<meta property=\"article:modified_time\" content=\"2023-08-21T09:40:39+00:00\" \/>\n<meta property=\"og:image\" content=\"https:\/\/strangercam.com\/wp-content\/uploads\/2020\/11\/stranger-cam-1.png\" \/>\n\t<meta property=\"og:image:width\" content=\"800\" \/>\n\t<meta property=\"og:image:height\" content=\"800\" \/>\n\t<meta property=\"og:image:type\" content=\"image\/png\" \/>\n<meta name=\"twitter:card\" content=\"summary_large_image\" \/>\n<meta name=\"twitter:site\" content=\"@strangercamapp\" \/>\n<meta name=\"twitter:label1\" content=\"Dur\u00e9e de lecture estim\u00e9e\" \/>\n\t<meta name=\"twitter:data1\" content=\"5 minutes\" \/>\n<script type=\"application\/ld+json\" class=\"yoast-schema-graph\">{\"@context\":\"https:\/\/schema.org\",\"@graph\":[{\"@type\":\"WebPage\",\"@id\":\"https:\/\/strangercam.com\/chatiw\/\",\"url\":\"https:\/\/strangercam.com\/chatiw\/\",\"name\":\"Chatiw - Free Text Chat Rooms - Cam on StrangerCam.com\",\"isPartOf\":{\"@id\":\"https:\/\/strangercam.com\/#website\"},\"primaryImageOfPage\":{\"@id\":\"https:\/\/strangercam.com\/chatiw\/#primaryimage\"},\"image\":{\"@id\":\"https:\/\/strangercam.com\/chatiw\/#primaryimage\"},\"thumbnailUrl\":\"https:\/\/strangercam.com\/wp-content\/uploads\/2020\/11\/stranger-cam-1.png\",\"datePublished\":\"2021-06-19T19:05:49+00:00\",\"dateModified\":\"2023-08-21T09:40:39+00:00\",\"description\":\"Like Chatiw? Come chat with more than 5.000.000 strangers on Stranger Cam for Free! Turn on your cam and find new friends & maby a match!\",\"breadcrumb\":{\"@id\":\"https:\/\/strangercam.com\/chatiw\/#breadcrumb\"},\"inLanguage\":\"fr-FR\",\"potentialAction\":[{\"@type\":\"ReadAction\",\"target\":[\"https:\/\/strangercam.com\/chatiw\/\"]}]},{\"@type\":\"ImageObject\",\"inLanguage\":\"fr-FR\",\"@id\":\"https:\/\/strangercam.com\/chatiw\/#primaryimage\",\"url\":\"https:\/\/strangercam.com\/wp-content\/uploads\/2020\/11\/stranger-cam-1.png\",\"contentUrl\":\"https:\/\/strangercam.com\/wp-content\/uploads\/2020\/11\/stranger-cam-1.png\",\"width\":800,\"height\":800,\"caption\":\"stranger cam random video chat\"},{\"@type\":\"BreadcrumbList\",\"@id\":\"https:\/\/strangercam.com\/chatiw\/#breadcrumb\",\"itemListElement\":[{\"@type\":\"ListItem\",\"position\":1,\"name\":\"Home\",\"item\":\"https:\/\/strangercam.com\/\"},{\"@type\":\"ListItem\",\"position\":2,\"name\":\"Chatiw\"}]},{\"@type\":\"WebSite\",\"@id\":\"https:\/\/strangercam.com\/#website\",\"url\":\"https:\/\/strangercam.com\/\",\"name\":\"Strangercam\",\"description\":\"Random Video Chat with Strangers\",\"publisher\":{\"@id\":\"https:\/\/strangercam.com\/#organization\"},\"alternateName\":\"Strangercam.com\",\"potentialAction\":[{\"@type\":\"SearchAction\",\"target\":{\"@type\":\"EntryPoint\",\"urlTemplate\":\"https:\/\/strangercam.com\/?s={search_term_string}\"},\"query-input\":{\"@type\":\"PropertyValueSpecification\",\"valueRequired\":true,\"valueName\":\"search_term_string\"}}],\"inLanguage\":\"fr-FR\"},{\"@type\":\"Organization\",\"@id\":\"https:\/\/strangercam.com\/#organization\",\"name\":\"Strangercam\",\"alternateName\":\"Strangercam.com\",\"url\":\"https:\/\/strangercam.com\/\",\"logo\":{\"@type\":\"ImageObject\",\"inLanguage\":\"fr-FR\",\"@id\":\"https:\/\/strangercam.com\/#\/schema\/logo\/image\/\",\"url\":\"https:\/\/strangercam.com\/wp-content\/uploads\/2020\/11\/cropped-new-favicon-black.png\",\"contentUrl\":\"https:\/\/strangercam.com\/wp-content\/uploads\/2020\/11\/cropped-new-favicon-black.png\",\"width\":512,\"height\":512,\"caption\":\"Strangercam\"},\"image\":{\"@id\":\"https:\/\/strangercam.com\/#\/schema\/logo\/image\/\"},\"sameAs\":[\"https:\/\/www.facebook.com\/strangercam\",\"https:\/\/x.com\/strangercamapp\"]}]}<\/script>\n<!-- \/ Yoast SEO plugin. -->","yoast_head_json":{"title":"Chatiw - Salles de chat texte gratuit - Cam sur StrangerCam.com","description":"Vous aimez Chatiw ? Venez discuter avec plus de 5.000.000 d'inconnus sur Stranger Cam gratuitement ! Allume ta cam\u00e9ra et trouve de nouveaux amis et peut-\u00eatre un partenaire !","robots":{"index":"index","follow":"follow","max-snippet":"max-snippet:-1","max-image-preview":"max-image-preview:large","max-video-preview":"max-video-preview:-1"},"canonical":"https:\/\/strangercam.com\/fr\/chatiw\/","og_locale":"fr_FR","og_type":"article","og_title":"Chatiw - Free Text Chat Rooms - Cam on StrangerCam.com","og_description":"Like Chatiw? Come chat with more than 5.000.000 strangers on Stranger Cam for Free! Turn on your cam and find new friends & maby a match!","og_url":"https:\/\/strangercam.com\/fr\/chatiw\/","og_site_name":"Strangercam","article_publisher":"https:\/\/www.facebook.com\/strangercam","article_modified_time":"2023-08-21T09:40:39+00:00","og_image":[{"width":800,"height":800,"url":"https:\/\/strangercam.com\/wp-content\/uploads\/2020\/11\/stranger-cam-1.png","type":"image\/png"}],"twitter_card":"summary_large_image","twitter_site":"@strangercamapp","twitter_misc":{"Dur\u00e9e de lecture estim\u00e9e":"5 minutes"},"schema":{"@context":"https:\/\/schema.org","@graph":[{"@type":"WebPage","@id":"https:\/\/strangercam.com\/chatiw\/","url":"https:\/\/strangercam.com\/chatiw\/","name":"Chatiw - Salles de chat texte gratuit - Cam sur StrangerCam.com","isPartOf":{"@id":"https:\/\/strangercam.com\/#website"},"primaryImageOfPage":{"@id":"https:\/\/strangercam.com\/chatiw\/#primaryimage"},"image":{"@id":"https:\/\/strangercam.com\/chatiw\/#primaryimage"},"thumbnailUrl":"https:\/\/strangercam.com\/wp-content\/uploads\/2020\/11\/stranger-cam-1.png","datePublished":"2021-06-19T19:05:49+00:00","dateModified":"2023-08-21T09:40:39+00:00","description":"Vous aimez Chatiw ? Venez discuter avec plus de 5.000.000 d'inconnus sur Stranger Cam gratuitement ! Allume ta cam\u00e9ra et trouve de nouveaux amis et peut-\u00eatre un partenaire !","breadcrumb":{"@id":"https:\/\/strangercam.com\/chatiw\/#breadcrumb"},"inLanguage":"fr-FR","potentialAction":[{"@type":"ReadAction","target":["https:\/\/strangercam.com\/chatiw\/"]}]},{"@type":"ImageObject","inLanguage":"fr-FR","@id":"https:\/\/strangercam.com\/chatiw\/#primaryimage","url":"https:\/\/strangercam.com\/wp-content\/uploads\/2020\/11\/stranger-cam-1.png","contentUrl":"https:\/\/strangercam.com\/wp-content\/uploads\/2020\/11\/stranger-cam-1.png","width":800,"height":800,"caption":"stranger cam random video chat"},{"@type":"BreadcrumbList","@id":"https:\/\/strangercam.com\/chatiw\/#breadcrumb","itemListElement":[{"@type":"ListItem","position":1,"name":"Home","item":"https:\/\/strangercam.com\/"},{"@type":"ListItem","position":2,"name":"Chatiw"}]},{"@type":"WebSite","@id":"https:\/\/strangercam.com\/#website","url":"https:\/\/strangercam.com\/","name":"Strangercam","description":"Chat vid\u00e9o al\u00e9atoire avec des inconnus","publisher":{"@id":"https:\/\/strangercam.com\/#organization"},"alternateName":"Strangercam.com","potentialAction":[{"@type":"SearchAction","target":{"@type":"EntryPoint","urlTemplate":"https:\/\/strangercam.com\/?s={search_term_string}"},"query-input":{"@type":"PropertyValueSpecification","valueRequired":true,"valueName":"search_term_string"}}],"inLanguage":"fr-FR"},{"@type":"Organization","@id":"https:\/\/strangercam.com\/#organization","name":"Strangercam","alternateName":"Strangercam.com","url":"https:\/\/strangercam.com\/","logo":{"@type":"ImageObject","inLanguage":"fr-FR","@id":"https:\/\/strangercam.com\/#\/schema\/logo\/image\/","url":"https:\/\/strangercam.com\/wp-content\/uploads\/2020\/11\/cropped-new-favicon-black.png","contentUrl":"https:\/\/strangercam.com\/wp-content\/uploads\/2020\/11\/cropped-new-favicon-black.png","width":512,"height":512,"caption":"Strangercam"},"image":{"@id":"https:\/\/strangercam.com\/#\/schema\/logo\/image\/"},"sameAs":["https:\/\/www.facebook.com\/strangercam","https:\/\/x.com\/strangercamapp"]}]}},"_links":{"self":[{"href":"https:\/\/strangercam.com\/fr\/wp-json\/wp\/v2\/pages\/5113","targetHints":{"allow":["GET"]}}],"collection":[{"href":"https:\/\/strangercam.com\/fr\/wp-json\/wp\/v2\/pages"}],"about":[{"href":"https:\/\/strangercam.com\/fr\/wp-json\/wp\/v2\/types\/page"}],"author":[{"embeddable":true,"href":"https:\/\/strangercam.com\/fr\/wp-json\/wp\/v2\/users\/6"}],"replies":[{"embeddable":true,"href":"https:\/\/strangercam.com\/fr\/wp-json\/wp\/v2\/comments?post=5113"}],"version-history":[{"count":0,"href":"https:\/\/strangercam.com\/fr\/wp-json\/wp\/v2\/pages\/5113\/revisions"}],"wp:featuredmedia":[{"embeddable":true,"href":"https:\/\/strangercam.com\/fr\/wp-json\/wp\/v2\/media\/559"}],"wp:attachment":[{"href":"https:\/\/strangercam.com\/fr\/wp-json\/wp\/v2\/media?parent=5113"}],"curies":[{"name":"wp","href":"https:\/\/api.w.org\/{rel}","templated":true}]}}