{"id":51,"date":"2020-04-08T23:24:23","date_gmt":"2020-04-08T21:24:23","guid":{"rendered":"https:\/\/strangercam.com\/?page_id=51"},"modified":"2025-06-16T14:26:14","modified_gmt":"2025-06-16T12:26:14","slug":"regles","status":"publish","type":"page","link":"https:\/\/strangercam.com\/fr\/rules\/","title":{"rendered":"R\u00e8gles"},"content":{"rendered":"<p>Strangercam vous permet de <a href=\"https:\/\/strangercam.com\/fr\/chatroulette\/\">chat<\/a> avec notre outil de chat al\u00e9atoire, gratuitement et sans inscription. Notre mission est d'\u00eatre un service similaire \u00e0 <a href=\"https:\/\/strangercam.com\/fr\/omegle\/\">Omegle<\/a> o\u00f9 vous pouvez vous amuser et passer du bon temps. Respecter les r\u00e8gles et r\u00e8glements de notre <a href=\"https:\/\/strangercam.com\/fr\/coomeet\/\">chat vid\u00e9o<\/a> est tr\u00e8s important.<\/p>\n<h2 data-start=\"145\" data-end=\"185\">Avis de non-responsabilit\u00e9 des affili\u00e9s et des tiers<\/h2>\n<p data-start=\"187\" data-end=\"675\">Strangercam est un site d'\u00e9valuation et d'affiliation. Nous ne poss\u00e9dons ni n'exploitons les plates-formes ou <a href=\"https:\/\/strangercam.com\/fr\/rabbit-video-chat\/\">vid\u00e9o<\/a> les outils de chat pr\u00e9sent\u00e9s sur notre site ou faisant l'objet d'un lien. Certains liens peuvent \u00eatre des liens d'affiliation et nous pouvons percevoir des commissions ou des frais si vous choisissez de vous inscrire ou d'interagir avec des services tiers par le biais de nos recommandations. L'utilisation d'un site tiers est soumise \u00e0 ses propres r\u00e8gles et politiques. Nous ne sommes pas responsables du contenu ou de la conduite des sites ou services externes li\u00e9s \u00e0 Strangercam.<\/p>\n<h2>Interdictions<\/h2>\n<ul>\n<li>Utiliser Strangercam avant l'\u00e2ge de 18 ans.<\/li>\n<li>Diffuser des propos vulgaires, sexuels ou d\u00e9pressifs.<\/li>\n<li>D\u00e9gradation d'une personne sur la base de sa religion, de sa race, de son sexe, de son orientation sexuelle ou de son \u00e2ge.<\/li>\n<li>Harceler les autres utilisateurs ou leur manquer de respect.<\/li>\n<li>Il est interdit de montrer sa poitrine nue sans qu'un visage soit pr\u00e9sent \u00e0 l'\u00e9cran.<\/li>\n<li>Chat vid\u00e9o compl\u00e8tement nu ou en sous-v\u00eatements.<\/li>\n<li>Demander ou forcer un rapport sexuel virtuel.<\/li>\n<li>Montrer ses parties intimes devant la cam\u00e9ra.<\/li>\n<li>Toucher ses parties intimes et les montrer \u00e0 la cam\u00e9ra.<\/li>\n<li>Mise au point de la cam\u00e9ra sous la poitrine.<\/li>\n<li>Affichage d'un message textuel sur l'\u00e9cran vid\u00e9o pour diriger les utilisateurs.<\/li>\n<li>Affichage d'une image sur l'\u00e9cran vid\u00e9o pour diriger les utilisateurs.<\/li>\n<li>Affichage de l'\u00e9cran de l'ordinateur pour les utilisateurs directs.<\/li>\n<li>Utilisation d'un \u00e9mulateur de webcam pour diriger les utilisateurs.<\/li>\n<li>Affichage de toute publicit\u00e9 vid\u00e9o\/image\/texte.<\/li>\n<li>Demander aux utilisateurs de Strangercam de voter pour une URL ou de promouvoir vos produits.<\/li>\n<li>L'utilisation du site web pour promouvoir ou faciliter la traite des \u00eatres humains, le trafic sexuel, les abus physiques ou la prostitution.<\/li>\n<\/ul>\n<h2>Plaintes<\/h2>\n<p>Vous pouvez d\u00e9poser une plainte contre n'importe quelle personne sur Strangercam si vous pensez qu'elle enfreint nos r\u00e8gles. L'envoi d'une capture d'\u00e9cran avec votre plainte nous permettra d'agir plus facilement et plus rapidement. Nous prendrons rapidement des mesures \u00e0 l'encontre de ces utilisateurs.<\/p>\n<p>Si de nombreuses plaintes sont d\u00e9pos\u00e9es \u00e0 l'encontre d'un utilisateur sp\u00e9cifique, notre syst\u00e8me interdira \u00e0 cet utilisateur d'acc\u00e9der au site web Strangercam.<\/p>\n<p>Nous prenons en compte de nombreux \u00e9l\u00e9ments avant d'interdire \u00e0 quiconque d'acc\u00e9der \u00e0 Strangercam.com. Strangercam n'est pas seul responsable du contr\u00f4le des spams et autres activit\u00e9s vulgaires. Nous vous demandons \u00e9galement de coop\u00e9rer en tant qu'utilisateur. Nous ne pouvons pas retirer les contrevenants de Strangercam sans votre soutien. Nous promettons de rendre ce service de chat entre cam\u00e9ramans plus agr\u00e9able et plus amusant gr\u00e2ce \u00e0 votre soutien.<\/p>","protected":false},"excerpt":{"rendered":"<p>Strangercam allows you to chat with our random chat tool, free of charge and without registration. Our mission is to be a similar service to Omegle where you can have fun and enjoy your time. Respecting the rules and regulations for our video chat is very important. Affiliate and Third-Party Disclaimer Strangercam is a review [&hellip;]<\/p>\n","protected":false},"author":1,"featured_media":0,"parent":0,"menu_order":0,"comment_status":"closed","ping_status":"closed","template":"","meta":{"footnotes":""},"class_list":["post-51","page","type-page","status-publish","hentry"],"yoast_head":"<!-- This site is optimized with the Yoast SEO plugin v27.4 - https:\/\/yoast.com\/product\/yoast-seo-wordpress\/ -->\n<title>Rules - Strangercam<\/title>\n<meta name=\"robots\" content=\"index, follow, max-snippet:-1, max-image-preview:large, max-video-preview:-1\" \/>\n<link rel=\"canonical\" href=\"https:\/\/strangercam.com\/fr\/regles\/\" \/>\n<meta property=\"og:locale\" content=\"fr_FR\" \/>\n<meta property=\"og:type\" content=\"article\" \/>\n<meta property=\"og:title\" content=\"Rules - Strangercam\" \/>\n<meta property=\"og:description\" content=\"Strangercam allows you to chat with our random chat tool, free of charge and without registration. Our mission is to be a similar service to Omegle where you can have fun and enjoy your time. Respecting the rules and regulations for our video chat is very important. Affiliate and Third-Party Disclaimer Strangercam is a review [&hellip;]\" \/>\n<meta property=\"og:url\" content=\"https:\/\/strangercam.com\/fr\/regles\/\" \/>\n<meta property=\"og:site_name\" content=\"Strangercam\" \/>\n<meta property=\"article:publisher\" content=\"https:\/\/www.facebook.com\/strangercam\" \/>\n<meta property=\"article:modified_time\" content=\"2025-06-16T12:26:14+00:00\" \/>\n<meta property=\"og:image\" content=\"https:\/\/strangercam.com\/wp-content\/uploads\/2021\/10\/Untitled-2.png\" \/>\n\t<meta property=\"og:image:width\" content=\"800\" \/>\n\t<meta property=\"og:image:height\" content=\"532\" \/>\n\t<meta property=\"og:image:type\" content=\"image\/png\" \/>\n<meta name=\"twitter:card\" content=\"summary_large_image\" \/>\n<meta name=\"twitter:site\" content=\"@strangercamapp\" \/>\n<meta name=\"twitter:label1\" content=\"Dur\u00e9e de lecture estim\u00e9e\" \/>\n\t<meta name=\"twitter:data1\" content=\"2 minutes\" \/>\n<script type=\"application\/ld+json\" class=\"yoast-schema-graph\">{\"@context\":\"https:\\\/\\\/schema.org\",\"@graph\":[{\"@type\":\"WebPage\",\"@id\":\"https:\\\/\\\/strangercam.com\\\/rules\\\/\",\"url\":\"https:\\\/\\\/strangercam.com\\\/rules\\\/\",\"name\":\"Rules - Strangercam\",\"isPartOf\":{\"@id\":\"https:\\\/\\\/strangercam.com\\\/#website\"},\"datePublished\":\"2020-04-08T21:24:23+00:00\",\"dateModified\":\"2025-06-16T12:26:14+00:00\",\"breadcrumb\":{\"@id\":\"https:\\\/\\\/strangercam.com\\\/rules\\\/#breadcrumb\"},\"inLanguage\":\"fr-FR\",\"potentialAction\":[{\"@type\":\"ReadAction\",\"target\":[\"https:\\\/\\\/strangercam.com\\\/rules\\\/\"]}]},{\"@type\":\"BreadcrumbList\",\"@id\":\"https:\\\/\\\/strangercam.com\\\/rules\\\/#breadcrumb\",\"itemListElement\":[{\"@type\":\"ListItem\",\"position\":1,\"name\":\"Home\",\"item\":\"https:\\\/\\\/strangercam.com\\\/\"},{\"@type\":\"ListItem\",\"position\":2,\"name\":\"Rules\"}]},{\"@type\":\"WebSite\",\"@id\":\"https:\\\/\\\/strangercam.com\\\/#website\",\"url\":\"https:\\\/\\\/strangercam.com\\\/\",\"name\":\"Strangercam\",\"description\":\"Random Video Chat with Strangers\",\"publisher\":{\"@id\":\"https:\\\/\\\/strangercam.com\\\/#organization\"},\"alternateName\":\"Strangercam.com\",\"potentialAction\":[{\"@type\":\"SearchAction\",\"target\":{\"@type\":\"EntryPoint\",\"urlTemplate\":\"https:\\\/\\\/strangercam.com\\\/?s={search_term_string}\"},\"query-input\":{\"@type\":\"PropertyValueSpecification\",\"valueRequired\":true,\"valueName\":\"search_term_string\"}}],\"inLanguage\":\"fr-FR\"},{\"@type\":\"Organization\",\"@id\":\"https:\\\/\\\/strangercam.com\\\/#organization\",\"name\":\"Strangercam\",\"alternateName\":\"Strangercam.com\",\"url\":\"https:\\\/\\\/strangercam.com\\\/\",\"logo\":{\"@type\":\"ImageObject\",\"inLanguage\":\"fr-FR\",\"@id\":\"https:\\\/\\\/strangercam.com\\\/#\\\/schema\\\/logo\\\/image\\\/\",\"url\":\"https:\\\/\\\/strangercam.com\\\/wp-content\\\/uploads\\\/2020\\\/11\\\/cropped-new-favicon-black.png\",\"contentUrl\":\"https:\\\/\\\/strangercam.com\\\/wp-content\\\/uploads\\\/2020\\\/11\\\/cropped-new-favicon-black.png\",\"width\":512,\"height\":512,\"caption\":\"Strangercam\"},\"image\":{\"@id\":\"https:\\\/\\\/strangercam.com\\\/#\\\/schema\\\/logo\\\/image\\\/\"},\"sameAs\":[\"https:\\\/\\\/www.facebook.com\\\/strangercam\",\"https:\\\/\\\/x.com\\\/strangercamapp\"]}]}<\/script>\n<!-- \/ Yoast SEO plugin. -->","yoast_head_json":{"title":"R\u00e8gles - Strangercam","robots":{"index":"index","follow":"follow","max-snippet":"max-snippet:-1","max-image-preview":"max-image-preview:large","max-video-preview":"max-video-preview:-1"},"canonical":"https:\/\/strangercam.com\/fr\/regles\/","og_locale":"fr_FR","og_type":"article","og_title":"Rules - Strangercam","og_description":"Strangercam allows you to chat with our random chat tool, free of charge and without registration. Our mission is to be a similar service to Omegle where you can have fun and enjoy your time. Respecting the rules and regulations for our video chat is very important. Affiliate and Third-Party Disclaimer Strangercam is a review [&hellip;]","og_url":"https:\/\/strangercam.com\/fr\/regles\/","og_site_name":"Strangercam","article_publisher":"https:\/\/www.facebook.com\/strangercam","article_modified_time":"2025-06-16T12:26:14+00:00","og_image":[{"width":800,"height":532,"url":"https:\/\/strangercam.com\/wp-content\/uploads\/2021\/10\/Untitled-2.png","type":"image\/png"}],"twitter_card":"summary_large_image","twitter_site":"@strangercamapp","twitter_misc":{"Dur\u00e9e de lecture estim\u00e9e":"2 minutes"},"schema":{"@context":"https:\/\/schema.org","@graph":[{"@type":"WebPage","@id":"https:\/\/strangercam.com\/rules\/","url":"https:\/\/strangercam.com\/rules\/","name":"R\u00e8gles - Strangercam","isPartOf":{"@id":"https:\/\/strangercam.com\/#website"},"datePublished":"2020-04-08T21:24:23+00:00","dateModified":"2025-06-16T12:26:14+00:00","breadcrumb":{"@id":"https:\/\/strangercam.com\/rules\/#breadcrumb"},"inLanguage":"fr-FR","potentialAction":[{"@type":"ReadAction","target":["https:\/\/strangercam.com\/rules\/"]}]},{"@type":"BreadcrumbList","@id":"https:\/\/strangercam.com\/rules\/#breadcrumb","itemListElement":[{"@type":"ListItem","position":1,"name":"Home","item":"https:\/\/strangercam.com\/"},{"@type":"ListItem","position":2,"name":"Rules"}]},{"@type":"WebSite","@id":"https:\/\/strangercam.com\/#website","url":"https:\/\/strangercam.com\/","name":"Strangercam","description":"Chat vid\u00e9o al\u00e9atoire avec des inconnus","publisher":{"@id":"https:\/\/strangercam.com\/#organization"},"alternateName":"Strangercam.com","potentialAction":[{"@type":"SearchAction","target":{"@type":"EntryPoint","urlTemplate":"https:\/\/strangercam.com\/?s={search_term_string}"},"query-input":{"@type":"PropertyValueSpecification","valueRequired":true,"valueName":"search_term_string"}}],"inLanguage":"fr-FR"},{"@type":"Organization","@id":"https:\/\/strangercam.com\/#organization","name":"Strangercam","alternateName":"Strangercam.com","url":"https:\/\/strangercam.com\/","logo":{"@type":"ImageObject","inLanguage":"fr-FR","@id":"https:\/\/strangercam.com\/#\/schema\/logo\/image\/","url":"https:\/\/strangercam.com\/wp-content\/uploads\/2020\/11\/cropped-new-favicon-black.png","contentUrl":"https:\/\/strangercam.com\/wp-content\/uploads\/2020\/11\/cropped-new-favicon-black.png","width":512,"height":512,"caption":"Strangercam"},"image":{"@id":"https:\/\/strangercam.com\/#\/schema\/logo\/image\/"},"sameAs":["https:\/\/www.facebook.com\/strangercam","https:\/\/x.com\/strangercamapp"]}]}},"_links":{"self":[{"href":"https:\/\/strangercam.com\/fr\/wp-json\/wp\/v2\/pages\/51","targetHints":{"allow":["GET"]}}],"collection":[{"href":"https:\/\/strangercam.com\/fr\/wp-json\/wp\/v2\/pages"}],"about":[{"href":"https:\/\/strangercam.com\/fr\/wp-json\/wp\/v2\/types\/page"}],"author":[{"embeddable":true,"href":"https:\/\/strangercam.com\/fr\/wp-json\/wp\/v2\/users\/1"}],"replies":[{"embeddable":true,"href":"https:\/\/strangercam.com\/fr\/wp-json\/wp\/v2\/comments?post=51"}],"version-history":[{"count":1,"href":"https:\/\/strangercam.com\/fr\/wp-json\/wp\/v2\/pages\/51\/revisions"}],"predecessor-version":[{"id":12880,"href":"https:\/\/strangercam.com\/fr\/wp-json\/wp\/v2\/pages\/51\/revisions\/12880"}],"wp:attachment":[{"href":"https:\/\/strangercam.com\/fr\/wp-json\/wp\/v2\/media?parent=51"}],"curies":[{"name":"wp","href":"https:\/\/api.w.org\/{rel}","templated":true}]}}