{"id":5006,"date":"2025-09-29T10:59:56","date_gmt":"2025-09-29T08:59:56","guid":{"rendered":"https:\/\/strangercam.com\/?page_id=5006"},"modified":"2025-09-29T12:01:40","modified_gmt":"2025-09-29T10:01:40","slug":"chat-gratuit-maintenant","status":"publish","type":"page","link":"https:\/\/strangercam.com\/fr\/chat-gratuit-maintenant\/","title":{"rendered":"Chat gratuit maintenant"},"content":{"rendered":"<p>Vous cherchez Free <a href=\"https:\/\/strangercam.com\/fr\/chathub\/\">Chat<\/a> Et maintenant ? Vous n'\u00eates pas le seul. Chaque mois, des millions de personnes tapent ces mots exacts dans Google, dans l'espoir de trouver un moyen simple, rapide et gratuit d'entrer en contact avec de nouvelles personnes en ligne. L'id\u00e9e est claire : pas de longues inscriptions, pas de t\u00e9l\u00e9chargements, pas de co\u00fbts cach\u00e9s - juste la possibilit\u00e9 de commencer \u00e0 chatter instantan\u00e9ment avec des inconnus dans le monde entier.<\/p>\n<p>En 2025, des plateformes comme StrangerCam rendent cela possible. D'un simple clic, vous pouvez entamer un chat textuel ou vid\u00e9o gratuit avec des personnes du monde entier. Que vous soyez int\u00e9ress\u00e9 par des conversations d\u00e9contract\u00e9es, la rencontre de nouveaux amis, des \u00e9changes culturels ou un flirt l\u00e9ger, les plateformes Free Chat Now vous redonnent le plaisir de l'interaction spontan\u00e9e.<\/p>\n<p>Ce guide couvrira tout ce que vous devez savoir : ce que signifie Free Chat Now, pourquoi il est si populaire, comment il fonctionne, son histoire, quelles sont les caract\u00e9ristiques \u00e0 rechercher, une comparaison des meilleures plateformes, des t\u00e9moignages d'utilisateurs r\u00e9els, des strat\u00e9gies de s\u00e9curit\u00e9, et pourquoi StrangerCam est l'un des meilleurs choix aujourd'hui.<\/p>\n<h2>Que signifie \"Chat gratuit maintenant\" ?<\/h2>\n<p>Lorsque les gens recherchent Free Chat Now, ils veulent g\u00e9n\u00e9ralement une plateforme qui offre.. :<\/p>\n<ul>\n<li>Connexion instantan\u00e9e : Pas de formulaires, pas de profils, juste un chat imm\u00e9diat.<\/li>\n<li>Acc\u00e8s gratuit : Pas de paywalls apr\u00e8s cinq minutes ou de syst\u00e8mes de cr\u00e9dit cach\u00e9s.<\/li>\n<li>Options texte ou vid\u00e9o : Selon le niveau de confort.<\/li>\n<li>Correspondance al\u00e9atoire : Rencontrer des inconnus dans le monde entier, et pas seulement des personnes \u00e0 proximit\u00e9.<\/li>\n<li>Pas d'inscription : Rester anonyme et sans souci.<\/li>\n<\/ul>\n<p>En d'autres termes, c'est l'oppos\u00e9 des applications de rencontres modernes qui n\u00e9cessitent un swiping, une biographie et des \u00e9tapes de v\u00e9rification. Free Chat Now, c'est la rapidit\u00e9 et la spontan\u00e9it\u00e9.<\/p>\n<h2>Une br\u00e8ve histoire du chat en ligne<\/h2>\n<p>Pour comprendre pourquoi Free Chat Now est si populaire, il est utile de se pencher sur l'\u00e9volution du chat en ligne :<\/p>\n<ul>\n<li>Ann\u00e9es 1990 - L'essor des salons de discussion : Des plates-formes comme AOL Chat et IRC permettent aux utilisateurs de se r\u00e9unir dans des salles de discussion th\u00e9matiques. Il s'agissait d'espaces de texte uniquement et souvent non mod\u00e9r\u00e9s.<\/li>\n<li>Ann\u00e9es 2000 - Le r\u00e9seautage social prend le dessus : MSN Messenger, Yahoo Chat et les premiers m\u00e9dias sociaux ont ajout\u00e9 des listes d'amis et des chats priv\u00e9s.<\/li>\n<li>2009 - <a href=\"https:\/\/strangercam.com\/fr\/omegle\/\">Omegle<\/a> Lancement : Les chats al\u00e9atoires en t\u00eate-\u00e0-t\u00eate deviennent la nouvelle tendance, \u00e0 laquelle s'ajoutera plus tard la vid\u00e9o. C'est ainsi qu'est n\u00e9e la culture moderne du \u201cchat avec des inconnus\u201d.<\/li>\n<li>Ann\u00e9es 2010 - Boom mondial du chat vid\u00e9o : <a href=\"https:\/\/strangercam.com\/fr\/chatroulette\/\">Chatroulette<\/a>, Chatrandom et Shagle ont explos\u00e9 en popularit\u00e9. Des applications mobiles telles que <a href=\"https:\/\/strangercam.com\/fr\/ometv\/\">OmeTV<\/a> a rendu le chat encore plus facile.<\/li>\n<li>Ann\u00e9es 2020 - La nouvelle \u00e8re : Apr\u00e8s la fermeture de Omegle en 2023, les utilisateurs se sont tourn\u00e9s vers des solutions plus s\u00fbres et plus modernes, comme StrangerCam, qui combinent acc\u00e8s gratuit et mod\u00e9ration.<\/li>\n<\/ul>\n<p>Aujourd'hui, Free Chat Now repr\u00e9sente le meilleur des deux mondes : la nostalgie des salons de discussion \u00e0 l'ancienne et l'excitation des conversations vid\u00e9o en direct.<\/p>\n<h2>Pourquoi les gens aiment le chat gratuit<\/h2>\n<p>Ce n'est pas pour rien que le mot-cl\u00e9 \"Free Chat Now\" est bien plac\u00e9 : les gens ont envie d'une interaction sociale instantan\u00e9e. Voici pourquoi :<\/p>\n<ol>\n<li>Solitude et isolement social : De nombreuses personnes se sentent d\u00e9connect\u00e9es et souhaitent une interaction rapide et significative.<\/li>\n<li>Spontan\u00e9it\u00e9 : chaque discussion est unique - il est excitant de ne pas savoir qui vous allez discuter. <a href=\"https:\/\/strangercam.com\/fr\/coomeet\/\">rencontrer<\/a>.<\/li>\n<li>Curiosit\u00e9 culturelle : Parler avec des gens du monde entier \u00e9largit les perspectives.<\/li>\n<li>Flirt et amusement : De nombreux utilisateurs recherchent des conversations l\u00e9g\u00e8res avec des \u00e9tincelles romantiques potentielles.<\/li>\n<li>Accessibilit\u00e9 : C'est facile, gratuit et sans engagement.<\/li>\n<\/ol>\n<p>Contrairement aux applications de rencontres o\u00f9 le rejet ou le ghosting sont fr\u00e9quents, les chats al\u00e9atoires sont peu contraignants et jetables : si le courant ne passe pas, il vous suffit de cliquer sur \"Suivant\".<\/p>\n<h2>Comment fonctionnent les plateformes de chat gratuit<\/h2>\n<p>La proc\u00e9dure est simple et rapide :<\/p>\n<ol>\n<li>Ouvrez une plateforme comme StrangerCam.<\/li>\n<li>Choisissez votre mode (chat texte ou chat vid\u00e9o).<\/li>\n<li>Autoriser l'acc\u00e8s \u00e0 la cam\u00e9ra\/microphone si la vid\u00e9o est activ\u00e9e.<\/li>\n<li>Cliquez sur \"Start Chat\" pour vous connecter instantan\u00e9ment.<\/li>\n<li>Rencontrez un \u00e9tranger dans le monde entier en quelques secondes.<\/li>\n<li>Appuyez sur \"Suivant\" \u00e0 tout moment pour commencer une nouvelle conversation.<\/li>\n<\/ol>\n<p>Certaines plateformes proposent \u00e9galement des fonctionnalit\u00e9s telles que<\/p>\n<ul>\n<li>Filtres de genre.<\/li>\n<li>Les correspondances bas\u00e9es sur la localisation.<\/li>\n<li>Traductions en chat.<\/li>\n<li>Salons de discussion \u00e0 th\u00e8me.<\/li>\n<\/ul>\n<h2>Les caract\u00e9ristiques les plus importantes<\/h2>\n<p>Lorsque vous choisissez un service de chat gratuit, v\u00e9rifiez les points suivants :<\/p>\n<ul>\n<li>Acc\u00e8s gratuit : Utilisation r\u00e9ellement illimit\u00e9e, pas de \"syst\u00e8me de cr\u00e9dit\".<\/li>\n<li>Pas d'inscription : Ne vous souciez pas des comptes.<\/li>\n<li>Options texte + vid\u00e9o : Pour plus de flexibilit\u00e9.<\/li>\n<li>Conception adapt\u00e9e aux mobiles : Doit fonctionner sans probl\u00e8me sur les smartphones.<\/li>\n<li>Mod\u00e9ration active : Essentielle pour la s\u00e9curit\u00e9.<\/li>\n<li>Une port\u00e9e mondiale : Plus d'utilisateurs, c'est plus de vari\u00e9t\u00e9 et de plaisir.<\/li>\n<\/ul>\n<h2>Les meilleures plateformes de chat gratuit en 2025<\/h2>\n<p>Voici comment se comparent les plateformes les plus populaires :<\/p>\n<table>\n<thead>\n<tr>\n<th>Plate-forme<\/th>\n<th align=\"center\">Acc\u00e8s gratuit<\/th>\n<th align=\"center\">Inscription n\u00e9cessaire<\/th>\n<th align=\"center\">Chat vid\u00e9o<\/th>\n<th align=\"center\">Support mobile<\/th>\n<th align=\"center\">La mod\u00e9ration<\/th>\n<th>Notes<\/th>\n<\/tr>\n<\/thead>\n<tbody>\n<tr>\n<td>StrangerCam<\/td>\n<td align=\"center\">\u2705<\/td>\n<td align=\"center\">\u274c<\/td>\n<td align=\"center\">\u2705<\/td>\n<td align=\"center\">\u2705<\/td>\n<td align=\"center\">\u2705<\/td>\n<td>Meilleur r\u00e9sultat global : gratuit, s\u00fbr et instantan\u00e9<\/td>\n<\/tr>\n<tr>\n<td>Chatroulette<\/td>\n<td align=\"center\">\u2705<\/td>\n<td align=\"center\">\u274c<\/td>\n<td align=\"center\">\u2705<\/td>\n<td align=\"center\">\u2705<\/td>\n<td align=\"center\">\u2705<\/td>\n<td>Un classique, mais des fonctionnalit\u00e9s limit\u00e9es<\/td>\n<\/tr>\n<tr>\n<td>Chatrandom<\/td>\n<td align=\"center\">\u2705<\/td>\n<td align=\"center\">\u274c<\/td>\n<td align=\"center\">\u2705<\/td>\n<td align=\"center\">\u2705<\/td>\n<td align=\"center\">\u2705<\/td>\n<td>Populaire, mais pousse \u00e0 l'am\u00e9lioration<\/td>\n<\/tr>\n<tr>\n<td>OmeTV<\/td>\n<td align=\"center\">\u2705<\/td>\n<td align=\"center\">\u274c<\/td>\n<td align=\"center\">\u2705<\/td>\n<td align=\"center\">\u2705<\/td>\n<td align=\"center\">\u2705<\/td>\n<td>App-first, random-only matching<\/td>\n<\/tr>\n<tr>\n<td>Shagle<\/td>\n<td align=\"center\">\u2705<\/td>\n<td align=\"center\">\u274c<\/td>\n<td align=\"center\">\u2705<\/td>\n<td align=\"center\">\u2705<\/td>\n<td align=\"center\">\u2705<\/td>\n<td>D\u00e9marrage gratuit, filtres verrouill\u00e9s premium<\/td>\n<\/tr>\n<tr>\n<td>WireClub<\/td>\n<td align=\"center\">\u2705<\/td>\n<td align=\"center\">\u2705<\/td>\n<td align=\"center\">\u274c<\/td>\n<td align=\"center\">\u2705<\/td>\n<td align=\"center\">\u2705<\/td>\n<td>Salons de discussion en texte seul<\/td>\n<\/tr>\n<\/tbody>\n<\/table>\n<p>StrangerCam se distingue comme l'une des seules plateformes offrant un acc\u00e8s r\u00e9ellement gratuit, sans inscription, et un chat texte et vid\u00e9o en un seul endroit.<\/p>\n<h2>Pourquoi StrangerCam est le meilleur choix pour le chat gratuit maintenant<\/h2>\n<p>Voici pourquoi StrangerCam est l'une des meilleures r\u00e9ponses \u00e0 la question \" O\u00f9 puis-je commencer un chat gratuit maintenant ?<\/p>\n<ul>\n<li>Gratuit et illimit\u00e9 - Pas de restrictions ni de co\u00fbts cach\u00e9s.<\/li>\n<li>Acc\u00e8s instantan\u00e9 - Commencez \u00e0 chatter en moins de 10 secondes.<\/li>\n<li>Options vid\u00e9o et texte - Changez en fonction de votre confort.<\/li>\n<li>S\u00fbr et mod\u00e9r\u00e9 - Bien plus s\u00fbr que Omegle ne l'a jamais \u00e9t\u00e9.<\/li>\n<li>Mobile + Desktop Friendly - Fonctionne sur tous les appareils.<\/li>\n<li>Communaut\u00e9 mondiale - Rencontrez des personnes originaires de plus de 100 pays.<\/li>\n<\/ul>\n<p>C'est une exp\u00e9rience spontan\u00e9e, r\u00e9elle et inclusive - l'exp\u00e9rience exacte que les gens recherchent lorsqu'ils tapent Free Chat Now.<\/p>\n<h2>T\u00e9moignages d'utilisateurs r\u00e9els<\/h2>\n<blockquote><p>\"J'ai cherch\u00e9 Free Chat Now et j'ai trouv\u00e9 StrangerCam. En moins d'une minute, je parlais \u00e0 quelqu'un au Br\u00e9sil. C'est rapide et amusant.<br \/>\n- Daniel, 27 ans<\/p><\/blockquote>\n<blockquote><p>\"Contrairement \u00e0 d'autres sites, StrangerCam est vraiment gratuit. Pas de cr\u00e9dits, pas de murs payants cach\u00e9s\".<br \/>\n- Sophia, 21 ans<\/p><\/blockquote>\n<blockquote><p>\"J'ai essay\u00e9 d'autres applications mais elles me semblaient trop lentes. Celle-ci \u00e9tait instantan\u00e9e, exactement ce que je voulais.\"<br \/>\n- Ryan, 30 ans<\/p><\/blockquote>\n<blockquote><p>\"C'est bien que je puisse partir quand je veux, sans engagement. Free Chat Now fonctionne vraiment ici.<br \/>\n- Emma, 19 ans<\/p><\/blockquote>\n<h2>La psychologie derri\u00e8re le \"Free Chat Now\"<\/h2>\n<p>Pourquoi tant de personnes recherchent-elles ces mots exacts ? Il y a trois raisons \u00e0 cela :<\/p>\n<ol>\n<li>Imm\u00e9diatet\u00e9 : les \u00eatres humains ont soif de gratification instantan\u00e9e. L'id\u00e9e de \"chatter maintenant\" est irr\u00e9sistible.<\/li>\n<li>Curiosit\u00e9 sociale : Nous sommes faits pour appr\u00e9cier la nouveaut\u00e9 et l'impr\u00e9visibilit\u00e9. Rencontrer des inconnus en ligne r\u00e9pond \u00e0 ce besoin.<\/li>\n<li>Accessibilit\u00e9 financi\u00e8re : L'ajout du mot \"gratuit\" le rend accessible \u00e0 tous. Personne ne veut payer pour dire bonjour.<\/li>\n<\/ol>\n<p>Cela explique pourquoi Free Chat Now reste un mot-cl\u00e9 tr\u00e8s recherch\u00e9 dans le monde entier.<\/p>\n<h2>Conseils de s\u00e9curit\u00e9 pour Free Chat Now<\/h2>\n<p>Bien qu'il soit amusant de discuter en ligne, la s\u00e9curit\u00e9 doit toujours primer. Voici les r\u00e8gles \u00e0 respecter :<\/p>\n<ul>\n<li>Ne communiquez pas d'informations personnelles (t\u00e9l\u00e9phone, courriel, adresse).<\/li>\n<li>\u00c9vitez les liens suspects pendant les chats.<\/li>\n<li>Utiliser Skip\/Block pour les situations inconfortables.<\/li>\n<li>V\u00e9rifiez votre arri\u00e8re-plan avant de mettre l'appareil photo en marche.<\/li>\n<li>Utilisez des surnoms, pas de vrais noms.<\/li>\n<li>Respectez les r\u00e8gles d'\u00e2ge - n'entrez pas dans les salles r\u00e9serv\u00e9es aux adultes si vous avez moins de 18 ans.<\/li>\n<\/ul>\n<h2>Comment d\u00e9marrer - \u00e9tape par \u00e9tape<\/h2>\n<p>Cela ne prend qu'une minute pour d\u00e9marrer une session de Free Chat Now :<\/p>\n<ol>\n<li>Ouvrez StrangerCam sur votre navigateur ou votre t\u00e9l\u00e9phone.<\/li>\n<li>S\u00e9lectionnez votre mode de discussion (texte ou vid\u00e9o).<\/li>\n<li>Autoriser l'acc\u00e8s \u00e0 la cam\u00e9ra et au microphone (s'il s'agit d'une vid\u00e9o).<\/li>\n<li>Cliquez sur D\u00e9marrer le chat pour \u00eatre mis en relation instantan\u00e9ment.<\/li>\n<li>Appr\u00e9ciez les conversations ou allez sur Next pour rencontrer quelqu'un de nouveau.<\/li>\n<\/ol>\n<p>C'est tout : rapide, gratuit et anonyme.<\/p>\n<p>En 2025, Free Chat Now est plus populaire que jamais. Les gens ne veulent pas de longues inscriptions, de faux profils ou de murs payants - ils veulent des conversations instantan\u00e9es et r\u00e9elles avec des inconnus du monde entier.<\/p>\n<p>Les plateformes comme StrangerCam offrent exactement cela : des chats gratuits, s\u00fbrs et spontan\u00e9s avec de vraies personnes 24 heures sur 24 et 7 jours sur 7. Que vous cherchiez \u00e0 vous faire des amis, \u00e0 vous amuser ou \u00e0 avoir des \u00e9changes culturels, Free Chat Now vous offre le plaisir d'une connexion instantan\u00e9e.<\/p>\n<p>Pr\u00eat \u00e0 essayer ? Commencez un Free Chat Now aujourd'hui et d\u00e9couvrez qui vous rencontrerez ensuite.<\/p>","protected":false},"excerpt":{"rendered":"<p>Are you searching for Free Chat Now? You\u2019re not alone. Millions of people every month type those exact words into Google, hoping to find a simple, fast, and free way to connect with new people online. The idea is clear: no long signups, no downloads, no hidden costs\u2014just the ability to start chatting instantly with [&hellip;]<\/p>\n","protected":false},"author":8,"featured_media":0,"parent":0,"menu_order":0,"comment_status":"closed","ping_status":"closed","template":"","meta":{"footnotes":""},"class_list":["post-5006","page","type-page","status-publish","hentry"],"yoast_head":"<!-- This site is optimized with the Yoast SEO plugin v26.9 - https:\/\/yoast.com\/product\/yoast-seo-wordpress\/ -->\n<title>Free Chat Now with Video Chat on Strangercam.com<\/title>\n<meta name=\"description\" content=\"Liking Free Chat Now? Join millions on StrangerCam.com! Start a random video chat, turn on your cam, and meet strangers instantly.\" \/>\n<meta name=\"robots\" content=\"index, follow, max-snippet:-1, max-image-preview:large, max-video-preview:-1\" \/>\n<link rel=\"canonical\" href=\"https:\/\/strangercam.com\/fr\/chat-gratuit-maintenant\/\" \/>\n<meta property=\"og:locale\" content=\"fr_FR\" \/>\n<meta property=\"og:type\" content=\"article\" \/>\n<meta property=\"og:title\" content=\"Free Chat Now with Video Chat on Strangercam.com\" \/>\n<meta property=\"og:description\" content=\"Liking Free Chat Now? Join millions on StrangerCam.com! Start a random video chat, turn on your cam, and meet strangers instantly.\" \/>\n<meta property=\"og:url\" content=\"https:\/\/strangercam.com\/fr\/chat-gratuit-maintenant\/\" \/>\n<meta property=\"og:site_name\" content=\"Strangercam\" \/>\n<meta property=\"article:publisher\" content=\"https:\/\/www.facebook.com\/strangercam\" \/>\n<meta property=\"article:modified_time\" content=\"2025-09-29T10:01:40+00:00\" \/>\n<meta property=\"og:image\" content=\"https:\/\/strangercam.com\/wp-content\/uploads\/2021\/10\/Untitled-2.png\" \/>\n\t<meta property=\"og:image:width\" content=\"800\" \/>\n\t<meta property=\"og:image:height\" content=\"532\" \/>\n\t<meta property=\"og:image:type\" content=\"image\/png\" \/>\n<meta name=\"twitter:card\" content=\"summary_large_image\" \/>\n<meta name=\"twitter:site\" content=\"@strangercamapp\" \/>\n<meta name=\"twitter:label1\" content=\"Dur\u00e9e de lecture estim\u00e9e\" \/>\n\t<meta name=\"twitter:data1\" content=\"5 minutes\" \/>\n<script type=\"application\/ld+json\" class=\"yoast-schema-graph\">{\"@context\":\"https:\/\/schema.org\",\"@graph\":[{\"@type\":\"WebPage\",\"@id\":\"https:\/\/strangercam.com\/free-chat-now\/\",\"url\":\"https:\/\/strangercam.com\/free-chat-now\/\",\"name\":\"Free Chat Now with Video Chat on Strangercam.com\",\"isPartOf\":{\"@id\":\"https:\/\/strangercam.com\/#website\"},\"datePublished\":\"2025-09-29T08:59:56+00:00\",\"dateModified\":\"2025-09-29T10:01:40+00:00\",\"description\":\"Liking Free Chat Now? Join millions on StrangerCam.com! Start a random video chat, turn on your cam, and meet strangers instantly.\",\"breadcrumb\":{\"@id\":\"https:\/\/strangercam.com\/free-chat-now\/#breadcrumb\"},\"inLanguage\":\"fr-FR\",\"potentialAction\":[{\"@type\":\"ReadAction\",\"target\":[\"https:\/\/strangercam.com\/free-chat-now\/\"]}]},{\"@type\":\"BreadcrumbList\",\"@id\":\"https:\/\/strangercam.com\/free-chat-now\/#breadcrumb\",\"itemListElement\":[{\"@type\":\"ListItem\",\"position\":1,\"name\":\"Home\",\"item\":\"https:\/\/strangercam.com\/\"},{\"@type\":\"ListItem\",\"position\":2,\"name\":\"Free Chat Now\"}]},{\"@type\":\"WebSite\",\"@id\":\"https:\/\/strangercam.com\/#website\",\"url\":\"https:\/\/strangercam.com\/\",\"name\":\"Strangercam\",\"description\":\"Random Video Chat with Strangers\",\"publisher\":{\"@id\":\"https:\/\/strangercam.com\/#organization\"},\"alternateName\":\"Strangercam.com\",\"potentialAction\":[{\"@type\":\"SearchAction\",\"target\":{\"@type\":\"EntryPoint\",\"urlTemplate\":\"https:\/\/strangercam.com\/?s={search_term_string}\"},\"query-input\":{\"@type\":\"PropertyValueSpecification\",\"valueRequired\":true,\"valueName\":\"search_term_string\"}}],\"inLanguage\":\"fr-FR\"},{\"@type\":\"Organization\",\"@id\":\"https:\/\/strangercam.com\/#organization\",\"name\":\"Strangercam\",\"alternateName\":\"Strangercam.com\",\"url\":\"https:\/\/strangercam.com\/\",\"logo\":{\"@type\":\"ImageObject\",\"inLanguage\":\"fr-FR\",\"@id\":\"https:\/\/strangercam.com\/#\/schema\/logo\/image\/\",\"url\":\"https:\/\/strangercam.com\/wp-content\/uploads\/2020\/11\/cropped-new-favicon-black.png\",\"contentUrl\":\"https:\/\/strangercam.com\/wp-content\/uploads\/2020\/11\/cropped-new-favicon-black.png\",\"width\":512,\"height\":512,\"caption\":\"Strangercam\"},\"image\":{\"@id\":\"https:\/\/strangercam.com\/#\/schema\/logo\/image\/\"},\"sameAs\":[\"https:\/\/www.facebook.com\/strangercam\",\"https:\/\/x.com\/strangercamapp\"]}]}<\/script>\n<!-- \/ Yoast SEO plugin. -->","yoast_head_json":{"title":"Free Chat Now with Video Chat on Strangercam.com","description":"Vous aimez le Free Chat Now ? Join millions sur StrangerCam.com ! Commencez un chat vid\u00e9o al\u00e9atoire, allumez votre cam\u00e9ra et rencontrez des inconnus instantan\u00e9ment.","robots":{"index":"index","follow":"follow","max-snippet":"max-snippet:-1","max-image-preview":"max-image-preview:large","max-video-preview":"max-video-preview:-1"},"canonical":"https:\/\/strangercam.com\/fr\/chat-gratuit-maintenant\/","og_locale":"fr_FR","og_type":"article","og_title":"Free Chat Now with Video Chat on Strangercam.com","og_description":"Liking Free Chat Now? Join millions on StrangerCam.com! Start a random video chat, turn on your cam, and meet strangers instantly.","og_url":"https:\/\/strangercam.com\/fr\/chat-gratuit-maintenant\/","og_site_name":"Strangercam","article_publisher":"https:\/\/www.facebook.com\/strangercam","article_modified_time":"2025-09-29T10:01:40+00:00","og_image":[{"width":800,"height":532,"url":"https:\/\/strangercam.com\/wp-content\/uploads\/2021\/10\/Untitled-2.png","type":"image\/png"}],"twitter_card":"summary_large_image","twitter_site":"@strangercamapp","twitter_misc":{"Dur\u00e9e de lecture estim\u00e9e":"5 minutes"},"schema":{"@context":"https:\/\/schema.org","@graph":[{"@type":"WebPage","@id":"https:\/\/strangercam.com\/free-chat-now\/","url":"https:\/\/strangercam.com\/free-chat-now\/","name":"Free Chat Now with Video Chat on Strangercam.com","isPartOf":{"@id":"https:\/\/strangercam.com\/#website"},"datePublished":"2025-09-29T08:59:56+00:00","dateModified":"2025-09-29T10:01:40+00:00","description":"Vous aimez le Free Chat Now ? Join millions sur StrangerCam.com ! Commencez un chat vid\u00e9o al\u00e9atoire, allumez votre cam\u00e9ra et rencontrez des inconnus instantan\u00e9ment.","breadcrumb":{"@id":"https:\/\/strangercam.com\/free-chat-now\/#breadcrumb"},"inLanguage":"fr-FR","potentialAction":[{"@type":"ReadAction","target":["https:\/\/strangercam.com\/free-chat-now\/"]}]},{"@type":"BreadcrumbList","@id":"https:\/\/strangercam.com\/free-chat-now\/#breadcrumb","itemListElement":[{"@type":"ListItem","position":1,"name":"Home","item":"https:\/\/strangercam.com\/"},{"@type":"ListItem","position":2,"name":"Free Chat Now"}]},{"@type":"WebSite","@id":"https:\/\/strangercam.com\/#website","url":"https:\/\/strangercam.com\/","name":"Strangercam","description":"Chat vid\u00e9o al\u00e9atoire avec des inconnus","publisher":{"@id":"https:\/\/strangercam.com\/#organization"},"alternateName":"Strangercam.com","potentialAction":[{"@type":"SearchAction","target":{"@type":"EntryPoint","urlTemplate":"https:\/\/strangercam.com\/?s={search_term_string}"},"query-input":{"@type":"PropertyValueSpecification","valueRequired":true,"valueName":"search_term_string"}}],"inLanguage":"fr-FR"},{"@type":"Organization","@id":"https:\/\/strangercam.com\/#organization","name":"Strangercam","alternateName":"Strangercam.com","url":"https:\/\/strangercam.com\/","logo":{"@type":"ImageObject","inLanguage":"fr-FR","@id":"https:\/\/strangercam.com\/#\/schema\/logo\/image\/","url":"https:\/\/strangercam.com\/wp-content\/uploads\/2020\/11\/cropped-new-favicon-black.png","contentUrl":"https:\/\/strangercam.com\/wp-content\/uploads\/2020\/11\/cropped-new-favicon-black.png","width":512,"height":512,"caption":"Strangercam"},"image":{"@id":"https:\/\/strangercam.com\/#\/schema\/logo\/image\/"},"sameAs":["https:\/\/www.facebook.com\/strangercam","https:\/\/x.com\/strangercamapp"]}]}},"_links":{"self":[{"href":"https:\/\/strangercam.com\/fr\/wp-json\/wp\/v2\/pages\/5006","targetHints":{"allow":["GET"]}}],"collection":[{"href":"https:\/\/strangercam.com\/fr\/wp-json\/wp\/v2\/pages"}],"about":[{"href":"https:\/\/strangercam.com\/fr\/wp-json\/wp\/v2\/types\/page"}],"author":[{"embeddable":true,"href":"https:\/\/strangercam.com\/fr\/wp-json\/wp\/v2\/users\/8"}],"replies":[{"embeddable":true,"href":"https:\/\/strangercam.com\/fr\/wp-json\/wp\/v2\/comments?post=5006"}],"version-history":[{"count":1,"href":"https:\/\/strangercam.com\/fr\/wp-json\/wp\/v2\/pages\/5006\/revisions"}],"predecessor-version":[{"id":13045,"href":"https:\/\/strangercam.com\/fr\/wp-json\/wp\/v2\/pages\/5006\/revisions\/13045"}],"wp:attachment":[{"href":"https:\/\/strangercam.com\/fr\/wp-json\/wp\/v2\/media?parent=5006"}],"curies":[{"name":"wp","href":"https:\/\/api.w.org\/{rel}","templated":true}]}}