{"id":4988,"date":"2025-09-23T11:42:02","date_gmt":"2025-09-23T09:42:02","guid":{"rendered":"https:\/\/strangercam.com\/?page_id=4988"},"modified":"2025-09-23T12:44:52","modified_gmt":"2025-09-23T10:44:52","slug":"badoo-free-chat-and-dating-app-pof","status":"publish","type":"page","link":"https:\/\/strangercam.com\/fr\/badoo-free-chat-and-dating-app-pof\/","title":{"rendered":"Badoo Free Chat And Dating App Pof"},"content":{"rendered":"<p>Si vous \u00eates \u00e0 la recherche de Badoo gratuit <a href=\"https:\/\/strangercam.com\/fr\/chatroulette\/\">chat<\/a> et une application de rencontre ou POF (Plenty of Fish), vous \u00eates probablement \u00e0 la recherche d'un moyen fiable de faire des rencontres. <a href=\"https:\/\/strangercam.com\/fr\/coomeet\/\">rencontrer<\/a> de nouvelles personnes en ligne. Les deux plateformes sont extr\u00eamement populaires dans le monde des rencontres, mais elles offrent des exp\u00e9riences tr\u00e8s diff\u00e9rentes.<\/p>\n<p>Badoo est souvent consid\u00e9r\u00e9 comme une application de d\u00e9couverte sociale globale - un endroit o\u00f9 l'on peut rencontrer de nouvelles personnes, chatter gratuitement et m\u00eame envisager des amiti\u00e9s ainsi que des rencontres. POF (Plenty of Fish), quant \u00e0 lui, est l'une des plateformes de rencontre les plus anciennes, connue pour ses profils d\u00e9taill\u00e9s et son approche ax\u00e9e sur la compatibilit\u00e9.<\/p>\n<p>Dans ce guide, nous allons d\u00e9composer les deux applications, comparer leurs caract\u00e9ristiques, mettre en \u00e9vidence les avantages et les inconv\u00e9nients, et pr\u00e9senter une troisi\u00e8me option : <a href=\"https:\/\/strangercam.com\/fr\/chathub\/\">chat vid\u00e9o al\u00e9atoire<\/a> des plateformes comme StrangerCam, qui combinent le meilleur des deux mondes : le chat gratuit et la d\u00e9couverte spontan\u00e9e.<\/p>\n<h2>Qu'est-ce que Badoo, l'application gratuite de chat et de rencontres ?<\/h2>\n<p>Lanc\u00e9 en 2006, Badoo est l'une des plus grandes plateformes de d\u00e9couverte sociale au monde. Contrairement aux applications de rencontre traditionnelles qui se concentrent uniquement sur la romance, Badoo permet aux gens de :<\/p>\n<ul>\n<li>Discuter librement avec de nouvelles personnes.<\/li>\n<li>Vous pouvez nouer des amiti\u00e9s, discuter de mani\u00e8re informelle ou faire des rencontres.<\/li>\n<li>Utilisez la g\u00e9olocalisation pour voir les personnes qui se trouvent \u00e0 proximit\u00e9.<\/li>\n<li>V\u00e9rifier les profils pour r\u00e9duire les contrefa\u00e7ons et l'hame\u00e7onnage.<\/li>\n<\/ul>\n<p>Son principal attrait r\u00e9side dans sa fonction de chat gratuit. Contrairement aux applications qui restreignent fortement la messagerie, Badoo permet d'entamer facilement des conversations sans avoir \u00e0 glisser sans cesse sur l'\u00e9cran.<\/p>\n<h2>Qu'est-ce que le POF (Plenty of Fish) ?<\/h2>\n<p>Plenty of Fish (POF), fond\u00e9 en 2003, est un v\u00e9t\u00e9ran dans le monde des rencontres en ligne. C'est l'une des plateformes de rencontres les plus utilis\u00e9es, en particulier en Am\u00e9rique du Nord.<\/p>\n<p>Le POF se concentre sur :<\/p>\n<ul>\n<li>Profils d\u00e9taill\u00e9s : Les utilisateurs remplissent des questionnaires et des tests de personnalit\u00e9.<\/li>\n<li>Compatibilit\u00e9 : Con\u00e7ue pour mettre en relation des personnes ayant de meilleures chances de r\u00e9ussite \u00e0 long terme.<\/li>\n<li>Grande base d'utilisateurs : Des dizaines de millions de membres dans le monde entier.<\/li>\n<li>Fonctionnalit\u00e9s de rencontres traditionnelles : Messagerie, rencontre et mise en relation.<\/li>\n<\/ul>\n<p>Bien que POF permette de chatter gratuitement, sa structure penche vers les rencontres s\u00e9rieuses par rapport \u00e0 l'approche d\u00e9contract\u00e9e de Badoo.<\/p>\n<h2>Principales diff\u00e9rences entre Badoo et POF<\/h2>\n<table>\n<thead>\n<tr>\n<th>Fonctionnalit\u00e9<\/th>\n<th>Badoo Chat gratuit et application de rencontre<\/th>\n<th>POF (Plenty of Fish)<\/th>\n<\/tr>\n<\/thead>\n<tbody>\n<tr>\n<td>Objectif principal<\/td>\n<td>D\u00e9couverte sociale + rencontres<\/td>\n<td>Rencontres traditionnelles<\/td>\n<\/tr>\n<tr>\n<td>Chat<\/td>\n<td>Gratuit, instantan\u00e9, occasionnel<\/td>\n<td>Gratuit, mais structur\u00e9<\/td>\n<\/tr>\n<tr>\n<td>Profils<\/td>\n<td>Court, d\u00e9contract\u00e9, amusant<\/td>\n<td>D\u00e9taill\u00e9, ax\u00e9 sur la personnalit\u00e9<\/td>\n<\/tr>\n<tr>\n<td>V\u00e9rification<\/td>\n<td>V\u00e9rification de la photo disponible<\/td>\n<td>Standard, moins strict<\/td>\n<\/tr>\n<tr>\n<td>Base des utilisateurs<\/td>\n<td>Un public mondial et plus jeune<\/td>\n<td>Principalement \u00c9tats-Unis\/Canada, \u00e2ges vari\u00e9s<\/td>\n<\/tr>\n<tr>\n<td>Meilleur pour<\/td>\n<td>Discussions occasionnelles, flirt, amiti\u00e9s<\/td>\n<td>Rencontres s\u00e9rieuses, relations \u00e0 long terme<\/td>\n<\/tr>\n<\/tbody>\n<\/table>\n<p>En bref :<\/p>\n<ul>\n<li>Choisissez Badoo si vous voulez vous amuser, discuter rapidement et faire des rencontres ou des amiti\u00e9s.<\/li>\n<li>Choisissez POF si vous \u00eates plus ax\u00e9 sur les relations et si vous souhaitez vous plonger dans des profils d\u00e9taill\u00e9s.<\/li>\n<\/ul>\n<h2>Les inconv\u00e9nients de Badoo et de POF<\/h2>\n<p>Bien que ces deux applications soient populaires, elles ne sont pas parfaites :<\/p>\n<ul>\n<li>Les inconv\u00e9nients de Badoo :\n<ul>\n<li>Peut \u00eatre encombr\u00e9 de publicit\u00e9s \u00e0 moins que vous ne mettiez \u00e0 niveau.<\/li>\n<li>De nombreux utilisateurs ne recherchent que des interactions occasionnelles.<\/li>\n<li>Risque de faux comptes malgr\u00e9 la v\u00e9rification.<\/li>\n<\/ul>\n<\/li>\n<li>Les inconv\u00e9nients de POF :\n<ul>\n<li>La proc\u00e9dure d'inscription d\u00e9taill\u00e9e prend du temps.<\/li>\n<li>Plus ax\u00e9 sur les rencontres s\u00e9rieuses, moins sur l'amusement d\u00e9contract\u00e9.<\/li>\n<li>L'interface semble d\u00e9pass\u00e9e par rapport aux applications modernes.<\/li>\n<\/ul>\n<\/li>\n<\/ul>\n<h2>Une troisi\u00e8me option : Chat vid\u00e9o al\u00e9atoire<\/h2>\n<p>Si vous recherchez quelque chose de plus rapide, de plus spontan\u00e9 et de plus gratuit, les plateformes de chat vid\u00e9o al\u00e9atoire comme StrangerCam valent la peine d'\u00eatre essay\u00e9es. Contrairement \u00e0 Badoo ou POF, vous n'avez pas besoin de remplir de longs formulaires ou d'attendre des correspondances : vous cliquez sur un bouton et vous \u00eates instantan\u00e9ment connect\u00e9 en face \u00e0 face avec quelqu'un de nouveau.<\/p>\n<p>C'est pourquoi de nombreuses personnes qui recherchent un chat gratuit sur Badoo ou une rencontre gratuite sur POF appr\u00e9cient \u00e9galement le chat al\u00e9atoire :<\/p>\n<ul>\n<li>Gratification instantan\u00e9e : Pas d'attente, des conversations vid\u00e9o instantan\u00e9es.<\/li>\n<li>Acc\u00e8s gratuit : Pas de mur d'entr\u00e9e pour le chat de base.<\/li>\n<li>Authenticit\u00e9 : Le chat vid\u00e9o vous permet de parler \u00e0 de vraies personnes, et non \u00e0 des robots.<\/li>\n<li>D\u00e9contract\u00e9 ou flirt\u00e9 : Parfait pour s'amuser en toute l\u00e9g\u00e8ret\u00e9, sans la pression des applications de rencontres formelles.<\/li>\n<li>Aucune inscription requise : Anonymat total si vous le souhaitez.<\/li>\n<\/ul>\n<h2>Pourquoi StrangerCam se d\u00e9marque<\/h2>\n<p>StrangerCam est l'une des principales plates-formes de chat vid\u00e9o gratuit et al\u00e9atoire :<\/p>\n<ul>\n<li>Chats gratuits et illimit\u00e9s.<\/li>\n<li>Filtres de genre (choisir de chatter avec <a href=\"https:\/\/strangercam.com\/fr\/video-chat-with-girls\/\">filles<\/a> ou des hommes).<\/li>\n<li>Aucune inscription n'est requise.<\/li>\n<li>Outils de mod\u00e9ration s\u00fbre.<\/li>\n<li>Compatibilit\u00e9 avec les t\u00e9l\u00e9phones portables et les ordinateurs de bureau.<\/li>\n<li>Une base d'utilisateurs mondiale.<\/li>\n<\/ul>\n<p>Pour tous ceux qui se demandent \" O\u00f9 puis-je trouver un chat gratuit comme Badoo ? \" ou \" Existe-t-il une alternative d\u00e9contract\u00e9e \u00e0 POF ? \", StrangerCam est la r\u00e9ponse : il combine l'excitation du chat gratuit de Badoo avec l'authenticit\u00e9 des connexions r\u00e9elles de POF.<\/p>\n<h2>T\u00e9moignages d'utilisateurs r\u00e9els<\/h2>\n<blockquote><p><em>\"J'aimais bien Badoo pour les chats occasionnels, mais je n'obtenais pas toujours des r\u00e9ponses rapides. StrangerCam a r\u00e9solu ce probl\u00e8me - c'est instantan\u00e9\".<\/em><br \/>\n- Jake, 28 ans<\/p><\/blockquote>\n<blockquote><p><em>\"POF \u00e9tait trop s\u00e9rieux pour moi. StrangerCam est amusant et gratuit, et je peux passer \u00e0 la personne suivante \u00e0 tout moment.\"<\/em><br \/>\n- Sophia, 23 ans<\/p><\/blockquote>\n<blockquote><p><em>\"Le chat vid\u00e9o al\u00e9atoire est un bon \u00e9quilibre : parfois vous rencontrez des gens pour flirter, parfois juste pour rire.<\/em><br \/>\n- Ryan, 30 ans<\/p><\/blockquote>\n<h2>Conseils de s\u00e9curit\u00e9 pour le chat en ligne<\/h2>\n<p>Que vous soyez sur Badoo, POF ou StrangerCam, restez toujours en s\u00e9curit\u00e9 :<\/p>\n<ul>\n<li>Ne communiquez jamais vos donn\u00e9es personnelles (adresse, t\u00e9l\u00e9phone, lieu de travail).<\/li>\n<li>N'envoyez pas d'argent \u00e0 des inconnus.<\/li>\n<li>Soyez prudent lorsque vous partagez des profils de m\u00e9dias sociaux.<\/li>\n<li>Utilisez les outils de signalement si une personne vous met mal \u00e0 l'aise.<\/li>\n<li>V\u00e9rifiez l'arri\u00e8re-plan de votre webcam avant de la mettre en ligne.<\/li>\n<\/ul>\n<p>Si vous cherchez l'application de chat et de rencontre gratuite Badoo ou POF (Plenty of Fish), vous explorez deux des plateformes de rencontre les plus connues au monde.<\/p>\n<ul>\n<li>Badoo est id\u00e9al pour les discussions informelles, les rencontres \u00e0 proximit\u00e9 et la d\u00e9couverte sociale.<\/li>\n<li>POF est id\u00e9al pour les amateurs de rencontres s\u00e9rieuses qui veulent des profils d\u00e9taill\u00e9s et des connexions \u00e0 long terme.<\/li>\n<li>StrangerCam est parfait si vous voulez des chats vid\u00e9o al\u00e9atoires instantan\u00e9s, en face \u00e0 face, sans inscription, sans frais et sans attente.<\/li>\n<\/ul>\n<p>Pr\u00eat \u00e0 vous connecter instantan\u00e9ment ? Essayez le chat vid\u00e9o al\u00e9atoire gratuit aujourd'hui et d\u00e9couvrez qui vous rencontrerez ensuite.<\/p>","protected":false},"excerpt":{"rendered":"<p>If you\u2019re searching for Badoo free chat and dating app or POF (Plenty of Fish), you\u2019re probably looking for a reliable way to meet new people online. Both platforms are hugely popular in the dating world, but they offer very different experiences. Badoo is often seen as a global social discovery app\u2014a place to meet [&hellip;]<\/p>\n","protected":false},"author":8,"featured_media":0,"parent":0,"menu_order":0,"comment_status":"closed","ping_status":"closed","template":"","meta":{"footnotes":""},"class_list":["post-4988","page","type-page","status-publish","hentry"],"yoast_head":"<!-- This site is optimized with the Yoast SEO plugin v27.4 - https:\/\/yoast.com\/product\/yoast-seo-wordpress\/ -->\n<title>Badoo Free Chat And Dating App Pof on Strangercam.com<\/title>\n<meta name=\"description\" content=\"Liking Badoo Free Chat And Dating App Pof? Join millions on StrangerCam.com! Start a random video chat, turn on your cam, and meet strangers instantly.\" \/>\n<meta name=\"robots\" content=\"index, follow, max-snippet:-1, max-image-preview:large, max-video-preview:-1\" \/>\n<link rel=\"canonical\" href=\"https:\/\/strangercam.com\/fr\/badoo-free-chat-and-dating-app-pof\/\" \/>\n<meta property=\"og:locale\" content=\"fr_FR\" \/>\n<meta property=\"og:type\" content=\"article\" \/>\n<meta property=\"og:title\" content=\"Badoo Free Chat And Dating App Pof on Strangercam.com\" \/>\n<meta property=\"og:description\" content=\"Liking Badoo Free Chat And Dating App Pof? Join millions on StrangerCam.com! Start a random video chat, turn on your cam, and meet strangers instantly.\" \/>\n<meta property=\"og:url\" content=\"https:\/\/strangercam.com\/fr\/badoo-free-chat-and-dating-app-pof\/\" \/>\n<meta property=\"og:site_name\" content=\"Strangercam\" \/>\n<meta property=\"article:publisher\" content=\"https:\/\/www.facebook.com\/strangercam\" \/>\n<meta property=\"article:modified_time\" content=\"2025-09-23T10:44:52+00:00\" \/>\n<meta property=\"og:image\" content=\"https:\/\/strangercam.com\/wp-content\/uploads\/2021\/10\/Untitled-2.png\" \/>\n\t<meta property=\"og:image:width\" content=\"800\" \/>\n\t<meta property=\"og:image:height\" content=\"532\" \/>\n\t<meta property=\"og:image:type\" content=\"image\/png\" \/>\n<meta name=\"twitter:card\" content=\"summary_large_image\" \/>\n<meta name=\"twitter:site\" content=\"@strangercamapp\" \/>\n<meta name=\"twitter:label1\" content=\"Dur\u00e9e de lecture estim\u00e9e\" \/>\n\t<meta name=\"twitter:data1\" content=\"4 minutes\" \/>\n<script type=\"application\/ld+json\" class=\"yoast-schema-graph\">{\"@context\":\"https:\\\/\\\/schema.org\",\"@graph\":[{\"@type\":\"WebPage\",\"@id\":\"https:\\\/\\\/strangercam.com\\\/badoo-free-chat-and-dating-app-pof\\\/\",\"url\":\"https:\\\/\\\/strangercam.com\\\/badoo-free-chat-and-dating-app-pof\\\/\",\"name\":\"Badoo Free Chat And Dating App Pof on Strangercam.com\",\"isPartOf\":{\"@id\":\"https:\\\/\\\/strangercam.com\\\/#website\"},\"datePublished\":\"2025-09-23T09:42:02+00:00\",\"dateModified\":\"2025-09-23T10:44:52+00:00\",\"description\":\"Liking Badoo Free Chat And Dating App Pof? Join millions on StrangerCam.com! Start a random video chat, turn on your cam, and meet strangers instantly.\",\"breadcrumb\":{\"@id\":\"https:\\\/\\\/strangercam.com\\\/badoo-free-chat-and-dating-app-pof\\\/#breadcrumb\"},\"inLanguage\":\"fr-FR\",\"potentialAction\":[{\"@type\":\"ReadAction\",\"target\":[\"https:\\\/\\\/strangercam.com\\\/badoo-free-chat-and-dating-app-pof\\\/\"]}]},{\"@type\":\"BreadcrumbList\",\"@id\":\"https:\\\/\\\/strangercam.com\\\/badoo-free-chat-and-dating-app-pof\\\/#breadcrumb\",\"itemListElement\":[{\"@type\":\"ListItem\",\"position\":1,\"name\":\"Home\",\"item\":\"https:\\\/\\\/strangercam.com\\\/\"},{\"@type\":\"ListItem\",\"position\":2,\"name\":\"Badoo Free Chat And Dating App Pof\"}]},{\"@type\":\"WebSite\",\"@id\":\"https:\\\/\\\/strangercam.com\\\/#website\",\"url\":\"https:\\\/\\\/strangercam.com\\\/\",\"name\":\"Strangercam\",\"description\":\"Random Video Chat with Strangers\",\"publisher\":{\"@id\":\"https:\\\/\\\/strangercam.com\\\/#organization\"},\"alternateName\":\"Strangercam.com\",\"potentialAction\":[{\"@type\":\"SearchAction\",\"target\":{\"@type\":\"EntryPoint\",\"urlTemplate\":\"https:\\\/\\\/strangercam.com\\\/?s={search_term_string}\"},\"query-input\":{\"@type\":\"PropertyValueSpecification\",\"valueRequired\":true,\"valueName\":\"search_term_string\"}}],\"inLanguage\":\"fr-FR\"},{\"@type\":\"Organization\",\"@id\":\"https:\\\/\\\/strangercam.com\\\/#organization\",\"name\":\"Strangercam\",\"alternateName\":\"Strangercam.com\",\"url\":\"https:\\\/\\\/strangercam.com\\\/\",\"logo\":{\"@type\":\"ImageObject\",\"inLanguage\":\"fr-FR\",\"@id\":\"https:\\\/\\\/strangercam.com\\\/#\\\/schema\\\/logo\\\/image\\\/\",\"url\":\"https:\\\/\\\/strangercam.com\\\/wp-content\\\/uploads\\\/2020\\\/11\\\/cropped-new-favicon-black.png\",\"contentUrl\":\"https:\\\/\\\/strangercam.com\\\/wp-content\\\/uploads\\\/2020\\\/11\\\/cropped-new-favicon-black.png\",\"width\":512,\"height\":512,\"caption\":\"Strangercam\"},\"image\":{\"@id\":\"https:\\\/\\\/strangercam.com\\\/#\\\/schema\\\/logo\\\/image\\\/\"},\"sameAs\":[\"https:\\\/\\\/www.facebook.com\\\/strangercam\",\"https:\\\/\\\/x.com\\\/strangercamapp\"]}]}<\/script>\n<!-- \/ Yoast SEO plugin. -->","yoast_head_json":{"title":"Badoo Free Chat And Dating App Pof sur Strangercam.com","description":"Liking Badoo Free Chat And Dating App Pof ? Join millions sur StrangerCam.com ! Commencez un chat vid\u00e9o al\u00e9atoire, allumez votre cam\u00e9ra et rencontrez des inconnus instantan\u00e9ment.","robots":{"index":"index","follow":"follow","max-snippet":"max-snippet:-1","max-image-preview":"max-image-preview:large","max-video-preview":"max-video-preview:-1"},"canonical":"https:\/\/strangercam.com\/fr\/badoo-free-chat-and-dating-app-pof\/","og_locale":"fr_FR","og_type":"article","og_title":"Badoo Free Chat And Dating App Pof on Strangercam.com","og_description":"Liking Badoo Free Chat And Dating App Pof? Join millions on StrangerCam.com! Start a random video chat, turn on your cam, and meet strangers instantly.","og_url":"https:\/\/strangercam.com\/fr\/badoo-free-chat-and-dating-app-pof\/","og_site_name":"Strangercam","article_publisher":"https:\/\/www.facebook.com\/strangercam","article_modified_time":"2025-09-23T10:44:52+00:00","og_image":[{"width":800,"height":532,"url":"https:\/\/strangercam.com\/wp-content\/uploads\/2021\/10\/Untitled-2.png","type":"image\/png"}],"twitter_card":"summary_large_image","twitter_site":"@strangercamapp","twitter_misc":{"Dur\u00e9e de lecture estim\u00e9e":"4 minutes"},"schema":{"@context":"https:\/\/schema.org","@graph":[{"@type":"WebPage","@id":"https:\/\/strangercam.com\/badoo-free-chat-and-dating-app-pof\/","url":"https:\/\/strangercam.com\/badoo-free-chat-and-dating-app-pof\/","name":"Badoo Free Chat And Dating App Pof sur Strangercam.com","isPartOf":{"@id":"https:\/\/strangercam.com\/#website"},"datePublished":"2025-09-23T09:42:02+00:00","dateModified":"2025-09-23T10:44:52+00:00","description":"Liking Badoo Free Chat And Dating App Pof ? Join millions sur StrangerCam.com ! Commencez un chat vid\u00e9o al\u00e9atoire, allumez votre cam\u00e9ra et rencontrez des inconnus instantan\u00e9ment.","breadcrumb":{"@id":"https:\/\/strangercam.com\/badoo-free-chat-and-dating-app-pof\/#breadcrumb"},"inLanguage":"fr-FR","potentialAction":[{"@type":"ReadAction","target":["https:\/\/strangercam.com\/badoo-free-chat-and-dating-app-pof\/"]}]},{"@type":"BreadcrumbList","@id":"https:\/\/strangercam.com\/badoo-free-chat-and-dating-app-pof\/#breadcrumb","itemListElement":[{"@type":"ListItem","position":1,"name":"Home","item":"https:\/\/strangercam.com\/"},{"@type":"ListItem","position":2,"name":"Badoo Free Chat And Dating App Pof"}]},{"@type":"WebSite","@id":"https:\/\/strangercam.com\/#website","url":"https:\/\/strangercam.com\/","name":"Strangercam","description":"Chat vid\u00e9o al\u00e9atoire avec des inconnus","publisher":{"@id":"https:\/\/strangercam.com\/#organization"},"alternateName":"Strangercam.com","potentialAction":[{"@type":"SearchAction","target":{"@type":"EntryPoint","urlTemplate":"https:\/\/strangercam.com\/?s={search_term_string}"},"query-input":{"@type":"PropertyValueSpecification","valueRequired":true,"valueName":"search_term_string"}}],"inLanguage":"fr-FR"},{"@type":"Organization","@id":"https:\/\/strangercam.com\/#organization","name":"Strangercam","alternateName":"Strangercam.com","url":"https:\/\/strangercam.com\/","logo":{"@type":"ImageObject","inLanguage":"fr-FR","@id":"https:\/\/strangercam.com\/#\/schema\/logo\/image\/","url":"https:\/\/strangercam.com\/wp-content\/uploads\/2020\/11\/cropped-new-favicon-black.png","contentUrl":"https:\/\/strangercam.com\/wp-content\/uploads\/2020\/11\/cropped-new-favicon-black.png","width":512,"height":512,"caption":"Strangercam"},"image":{"@id":"https:\/\/strangercam.com\/#\/schema\/logo\/image\/"},"sameAs":["https:\/\/www.facebook.com\/strangercam","https:\/\/x.com\/strangercamapp"]}]}},"_links":{"self":[{"href":"https:\/\/strangercam.com\/fr\/wp-json\/wp\/v2\/pages\/4988","targetHints":{"allow":["GET"]}}],"collection":[{"href":"https:\/\/strangercam.com\/fr\/wp-json\/wp\/v2\/pages"}],"about":[{"href":"https:\/\/strangercam.com\/fr\/wp-json\/wp\/v2\/types\/page"}],"author":[{"embeddable":true,"href":"https:\/\/strangercam.com\/fr\/wp-json\/wp\/v2\/users\/8"}],"replies":[{"embeddable":true,"href":"https:\/\/strangercam.com\/fr\/wp-json\/wp\/v2\/comments?post=4988"}],"version-history":[{"count":2,"href":"https:\/\/strangercam.com\/fr\/wp-json\/wp\/v2\/pages\/4988\/revisions"}],"predecessor-version":[{"id":13043,"href":"https:\/\/strangercam.com\/fr\/wp-json\/wp\/v2\/pages\/4988\/revisions\/13043"}],"wp:attachment":[{"href":"https:\/\/strangercam.com\/fr\/wp-json\/wp\/v2\/media?parent=4988"}],"curies":[{"name":"wp","href":"https:\/\/api.w.org\/{rel}","templated":true}]}}