{"id":4970,"date":"2021-06-14T22:54:13","date_gmt":"2021-06-14T20:54:13","guid":{"rendered":"https:\/\/strangercam.com\/?page_id=4970"},"modified":"2023-09-12T15:18:55","modified_gmt":"2023-09-12T13:18:55","slug":"chat-adulte-gratuit","status":"publish","type":"page","link":"https:\/\/strangercam.com\/fr\/free-adult-chat\/","title":{"rendered":"Chat adulte gratuit"},"content":{"rendered":"<p>Bienvenue \u00e0 Free Adult <a href=\"https:\/\/strangercam.com\/fr\/chatroulette\/\">Chat<\/a>. Join l'application de chat vid\u00e9o Free Adult Chat, qui permet de discuter avec des inconnus de mani\u00e8re anonyme. Free Adult Chat offre des fonctionnalit\u00e9s de chat vid\u00e9o, notamment des masques de visage, des filtres de sexe et de pays, des chats priv\u00e9s, et bien plus encore. Chattez avec des filles et des gar\u00e7ons au hasard en ligne, n'importe o\u00f9 dans le monde, instantan\u00e9ment. Trouvez un nouvel ami, <a href=\"https:\/\/strangercam.com\/fr\/coomeet\/\">rencontrer<\/a> Le Chat Gratuit pour Adultes est un moyen de se faire plaisir, de montrer ses talents de musicien, de parler de football ou de discuter de la derni\u00e8re s\u00e9rie de Netflix avec un inconnu. C'est gratuit et facile de faire du Free Adult Chat et de s'amuser. On ne sait jamais qui peut nous attendre de l'autre c\u00f4t\u00e9 de la webcam !<\/p>\n<p>Le chat pour adultes est l'expression la plus satisfaisante pour de nombreux jeunes et, en g\u00e9n\u00e9ral, pour les jeunes de tous \u00e2ges. C'est tellement fascinant et attrayant que tout le monde veut en profiter. Les jeunes sont souvent \u00e0 la recherche d'un site comme StrangerCam.com.<br \/>\nSi vous souhaitez entrer en contact avec de nouvelles personnes de mani\u00e8re anonyme,\u00a0<a href=\"https:\/\/strangercam.com\/fr\/chathub\/\">chat vid\u00e9o al\u00e9atoire<\/a>\u00a0est le meilleur moyen et le plus simple de le faire, et StrangerCam est le chat <a href=\"https:\/\/strangercam.com\/fr\/bazoocam\/\">came<\/a> qui vous y conduira. Nous avons optimis\u00e9 notre application pour que vous puissiez choisir exactement avec qui vous voulez camper - une fa\u00e7on nouvelle et innovante de se connecter avec des inconnus.<\/p>\n<p>Qu'est-ce que vous attendez ? Rejoignez le Free Adult Chat maintenant !<\/p>\n<h3>Qu'est-ce que StrangerCam.com ?<\/h3>\n<p>StrangerCam est une plateforme de chat en ligne pour adultes. Cela signifie que les adultes peuvent trouver leurs partenaires potentiels et s'amuser avec eux.<br \/>\nL'objectif premier du site est de donner une chance \u00e0 chacun. L'algorithme du site est con\u00e7u de mani\u00e8re \u00e0 choisir les rencontres les plus appropri\u00e9es. Il s'agit d'une fonctionnalit\u00e9 nouvelle et unique qu'aucune application de rencontre en ligne n'a jamais lanc\u00e9e.<\/p>\n<h2>Fonctionnalit\u00e9s du chat adulte gratuit<\/h2>\n<p>Ces caract\u00e9ristiques font de StrangerCam un site plus performant que tous les autres sites pour adultes.<\/p>\n<p>Jetons un coup d'\u0153il aux caract\u00e9ristiques :<\/p>\n<h3>\u00c9viter de s'inqui\u00e9ter des r\u00e9sultats<\/h3>\n<p>Nous vous couvrons !<\/p>\n<p>Si vous \u00eates sensible, StrangerCam est fait pour vous.<\/p>\n<p>Pourquoi disons-nous cela ? Parce que nous savons que c'est s\u00fbr !<\/p>\n<p>Il n'y a pas lieu de s'inqui\u00e9ter et de penser \u00e0 ses peurs. Vous et tout ce qui vous appartient \u00eates en s\u00e9curit\u00e9 ici. Nous prot\u00e9geons vos donn\u00e9es et votre identit\u00e9 \u00e0 tout prix. L'entreprise applique cette devise depuis longtemps.<\/p>\n<h3>Partage de contenu pour adultes<\/h3>\n<p>Nous n'avons aucun probl\u00e8me en ce qui concerne le consentement des deux personnes concern\u00e9es !<\/p>\n<p>Nous \u00e9coutons les demandes des clients, mais nous n'intervenons pas dans les affaires personnelles. Vous pouvez partager n'importe quoi tant que votre partenaire est d'accord.<\/p>\n<h3>Engager la conversation<\/h3>\n<p>Vous voulez engager la conversation mais vous ne savez pas comment faire ?<\/p>\n<p>Si c'est le cas, vous \u00eates au bon endroit. La fantastique collection de filtres peut \u00e9galement vous aider \u00e0 engager la conversation. C'est une m\u00e9thode amusante mais efficace. Les filtres peuvent \u00e9galement vous aider \u00e0 s\u00e9duire votre partenaire potentiel.<\/p>\n<h3>Les faire rire<\/h3>\n<p>Si vous commencez vraiment \u00e0 aimer une personne, traitez-la avec dignit\u00e9. Faites-les rire.<\/p>\n<p>Racontez une blague ou demandez-en une. Les blagues sont un excellent moyen d'engager la conversation. Faites-les rire en leur faisant un beau compliment. Ces petites choses rapprochent les gens.<\/p>","protected":false},"excerpt":{"rendered":"<p>Welcome to Free Adult Chat. Join the Free Adult Chat\u00a0video chat app, making it easy to chat to random strangers anonymously. Free Adult Chat offers video chat features including face masks, gender and country filters, private chat, and much more. Chat with random girls\u00a0and boys online, anywhere in the world, instantaneously. Find a new friend, [&hellip;]<\/p>\n","protected":false},"author":8,"featured_media":0,"parent":0,"menu_order":0,"comment_status":"closed","ping_status":"closed","template":"","meta":{"footnotes":""},"class_list":["post-4970","page","type-page","status-publish","hentry"],"yoast_head":"<!-- This site is optimized with the Yoast SEO plugin v27.4 - https:\/\/yoast.com\/product\/yoast-seo-wordpress\/ -->\n<title>Free Adult Chat - StrangerCam.com: Cam With Strangers<\/title>\n<meta name=\"description\" content=\"Free Adult Chat anonymously with over 5.000.000 strangers. No Sign-Up Required! Cam with strangers on StrangerCam.com.\" \/>\n<meta name=\"robots\" content=\"index, follow, max-snippet:-1, max-image-preview:large, max-video-preview:-1\" \/>\n<link rel=\"canonical\" href=\"https:\/\/strangercam.com\/fr\/chat-adulte-gratuit\/\" \/>\n<meta property=\"og:locale\" content=\"fr_FR\" \/>\n<meta property=\"og:type\" content=\"article\" \/>\n<meta property=\"og:title\" content=\"Free Adult Chat - StrangerCam.com: Cam With Strangers\" \/>\n<meta property=\"og:description\" content=\"Free Adult Chat anonymously with over 5.000.000 strangers. No Sign-Up Required! Cam with strangers on StrangerCam.com.\" \/>\n<meta property=\"og:url\" content=\"https:\/\/strangercam.com\/fr\/chat-adulte-gratuit\/\" \/>\n<meta property=\"og:site_name\" content=\"Strangercam\" \/>\n<meta property=\"article:publisher\" content=\"https:\/\/www.facebook.com\/strangercam\" \/>\n<meta property=\"article:modified_time\" content=\"2023-09-12T13:18:55+00:00\" \/>\n<meta property=\"og:image\" content=\"https:\/\/strangercam.com\/wp-content\/uploads\/2021\/10\/Untitled-2.png\" \/>\n\t<meta property=\"og:image:width\" content=\"800\" \/>\n\t<meta property=\"og:image:height\" content=\"532\" \/>\n\t<meta property=\"og:image:type\" content=\"image\/png\" \/>\n<meta name=\"twitter:card\" content=\"summary_large_image\" \/>\n<meta name=\"twitter:site\" content=\"@strangercamapp\" \/>\n<meta name=\"twitter:label1\" content=\"Dur\u00e9e de lecture estim\u00e9e\" \/>\n\t<meta name=\"twitter:data1\" content=\"3 minutes\" \/>\n<script type=\"application\/ld+json\" class=\"yoast-schema-graph\">{\"@context\":\"https:\\\/\\\/schema.org\",\"@graph\":[{\"@type\":\"WebPage\",\"@id\":\"https:\\\/\\\/strangercam.com\\\/free-adult-chat\\\/\",\"url\":\"https:\\\/\\\/strangercam.com\\\/free-adult-chat\\\/\",\"name\":\"Free Adult Chat - StrangerCam.com: Cam With Strangers\",\"isPartOf\":{\"@id\":\"https:\\\/\\\/strangercam.com\\\/#website\"},\"datePublished\":\"2021-06-14T20:54:13+00:00\",\"dateModified\":\"2023-09-12T13:18:55+00:00\",\"description\":\"Free Adult Chat anonymously with over 5.000.000 strangers. No Sign-Up Required! Cam with strangers on StrangerCam.com.\",\"breadcrumb\":{\"@id\":\"https:\\\/\\\/strangercam.com\\\/free-adult-chat\\\/#breadcrumb\"},\"inLanguage\":\"fr-FR\",\"potentialAction\":[{\"@type\":\"ReadAction\",\"target\":[\"https:\\\/\\\/strangercam.com\\\/free-adult-chat\\\/\"]}]},{\"@type\":\"BreadcrumbList\",\"@id\":\"https:\\\/\\\/strangercam.com\\\/free-adult-chat\\\/#breadcrumb\",\"itemListElement\":[{\"@type\":\"ListItem\",\"position\":1,\"name\":\"Home\",\"item\":\"https:\\\/\\\/strangercam.com\\\/\"},{\"@type\":\"ListItem\",\"position\":2,\"name\":\"Free Adult Chat\"}]},{\"@type\":\"WebSite\",\"@id\":\"https:\\\/\\\/strangercam.com\\\/#website\",\"url\":\"https:\\\/\\\/strangercam.com\\\/\",\"name\":\"Strangercam\",\"description\":\"Random Video Chat with Strangers\",\"publisher\":{\"@id\":\"https:\\\/\\\/strangercam.com\\\/#organization\"},\"alternateName\":\"Strangercam.com\",\"potentialAction\":[{\"@type\":\"SearchAction\",\"target\":{\"@type\":\"EntryPoint\",\"urlTemplate\":\"https:\\\/\\\/strangercam.com\\\/?s={search_term_string}\"},\"query-input\":{\"@type\":\"PropertyValueSpecification\",\"valueRequired\":true,\"valueName\":\"search_term_string\"}}],\"inLanguage\":\"fr-FR\"},{\"@type\":\"Organization\",\"@id\":\"https:\\\/\\\/strangercam.com\\\/#organization\",\"name\":\"Strangercam\",\"alternateName\":\"Strangercam.com\",\"url\":\"https:\\\/\\\/strangercam.com\\\/\",\"logo\":{\"@type\":\"ImageObject\",\"inLanguage\":\"fr-FR\",\"@id\":\"https:\\\/\\\/strangercam.com\\\/#\\\/schema\\\/logo\\\/image\\\/\",\"url\":\"https:\\\/\\\/strangercam.com\\\/wp-content\\\/uploads\\\/2020\\\/11\\\/cropped-new-favicon-black.png\",\"contentUrl\":\"https:\\\/\\\/strangercam.com\\\/wp-content\\\/uploads\\\/2020\\\/11\\\/cropped-new-favicon-black.png\",\"width\":512,\"height\":512,\"caption\":\"Strangercam\"},\"image\":{\"@id\":\"https:\\\/\\\/strangercam.com\\\/#\\\/schema\\\/logo\\\/image\\\/\"},\"sameAs\":[\"https:\\\/\\\/www.facebook.com\\\/strangercam\",\"https:\\\/\\\/x.com\\\/strangercamapp\"]}]}<\/script>\n<!-- \/ Yoast SEO plugin. -->","yoast_head_json":{"title":"Chat adulte gratuit - StrangerCam.com : Cam avec des \u00e9trangers","description":"Chat adulte gratuit et anonyme avec plus de 5 000 000 d'inconnus. Aucune inscription requise ! Campez avec des inconnus sur StrangerCam.com.","robots":{"index":"index","follow":"follow","max-snippet":"max-snippet:-1","max-image-preview":"max-image-preview:large","max-video-preview":"max-video-preview:-1"},"canonical":"https:\/\/strangercam.com\/fr\/chat-adulte-gratuit\/","og_locale":"fr_FR","og_type":"article","og_title":"Free Adult Chat - StrangerCam.com: Cam With Strangers","og_description":"Free Adult Chat anonymously with over 5.000.000 strangers. No Sign-Up Required! Cam with strangers on StrangerCam.com.","og_url":"https:\/\/strangercam.com\/fr\/chat-adulte-gratuit\/","og_site_name":"Strangercam","article_publisher":"https:\/\/www.facebook.com\/strangercam","article_modified_time":"2023-09-12T13:18:55+00:00","og_image":[{"width":800,"height":532,"url":"https:\/\/strangercam.com\/wp-content\/uploads\/2021\/10\/Untitled-2.png","type":"image\/png"}],"twitter_card":"summary_large_image","twitter_site":"@strangercamapp","twitter_misc":{"Dur\u00e9e de lecture estim\u00e9e":"3 minutes"},"schema":{"@context":"https:\/\/schema.org","@graph":[{"@type":"WebPage","@id":"https:\/\/strangercam.com\/free-adult-chat\/","url":"https:\/\/strangercam.com\/free-adult-chat\/","name":"Chat adulte gratuit - StrangerCam.com : Cam avec des \u00e9trangers","isPartOf":{"@id":"https:\/\/strangercam.com\/#website"},"datePublished":"2021-06-14T20:54:13+00:00","dateModified":"2023-09-12T13:18:55+00:00","description":"Chat adulte gratuit et anonyme avec plus de 5 000 000 d'inconnus. Aucune inscription requise ! Campez avec des inconnus sur StrangerCam.com.","breadcrumb":{"@id":"https:\/\/strangercam.com\/free-adult-chat\/#breadcrumb"},"inLanguage":"fr-FR","potentialAction":[{"@type":"ReadAction","target":["https:\/\/strangercam.com\/free-adult-chat\/"]}]},{"@type":"BreadcrumbList","@id":"https:\/\/strangercam.com\/free-adult-chat\/#breadcrumb","itemListElement":[{"@type":"ListItem","position":1,"name":"Home","item":"https:\/\/strangercam.com\/"},{"@type":"ListItem","position":2,"name":"Free Adult Chat"}]},{"@type":"WebSite","@id":"https:\/\/strangercam.com\/#website","url":"https:\/\/strangercam.com\/","name":"Strangercam","description":"Chat vid\u00e9o al\u00e9atoire avec des inconnus","publisher":{"@id":"https:\/\/strangercam.com\/#organization"},"alternateName":"Strangercam.com","potentialAction":[{"@type":"SearchAction","target":{"@type":"EntryPoint","urlTemplate":"https:\/\/strangercam.com\/?s={search_term_string}"},"query-input":{"@type":"PropertyValueSpecification","valueRequired":true,"valueName":"search_term_string"}}],"inLanguage":"fr-FR"},{"@type":"Organization","@id":"https:\/\/strangercam.com\/#organization","name":"Strangercam","alternateName":"Strangercam.com","url":"https:\/\/strangercam.com\/","logo":{"@type":"ImageObject","inLanguage":"fr-FR","@id":"https:\/\/strangercam.com\/#\/schema\/logo\/image\/","url":"https:\/\/strangercam.com\/wp-content\/uploads\/2020\/11\/cropped-new-favicon-black.png","contentUrl":"https:\/\/strangercam.com\/wp-content\/uploads\/2020\/11\/cropped-new-favicon-black.png","width":512,"height":512,"caption":"Strangercam"},"image":{"@id":"https:\/\/strangercam.com\/#\/schema\/logo\/image\/"},"sameAs":["https:\/\/www.facebook.com\/strangercam","https:\/\/x.com\/strangercamapp"]}]}},"_links":{"self":[{"href":"https:\/\/strangercam.com\/fr\/wp-json\/wp\/v2\/pages\/4970","targetHints":{"allow":["GET"]}}],"collection":[{"href":"https:\/\/strangercam.com\/fr\/wp-json\/wp\/v2\/pages"}],"about":[{"href":"https:\/\/strangercam.com\/fr\/wp-json\/wp\/v2\/types\/page"}],"author":[{"embeddable":true,"href":"https:\/\/strangercam.com\/fr\/wp-json\/wp\/v2\/users\/8"}],"replies":[{"embeddable":true,"href":"https:\/\/strangercam.com\/fr\/wp-json\/wp\/v2\/comments?post=4970"}],"version-history":[{"count":0,"href":"https:\/\/strangercam.com\/fr\/wp-json\/wp\/v2\/pages\/4970\/revisions"}],"wp:attachment":[{"href":"https:\/\/strangercam.com\/fr\/wp-json\/wp\/v2\/media?parent=4970"}],"curies":[{"name":"wp","href":"https:\/\/api.w.org\/{rel}","templated":true}]}}