{"id":4906,"date":"2021-06-14T19:57:32","date_gmt":"2021-06-14T17:57:32","guid":{"rendered":"https:\/\/strangercam.com\/?page_id=4906"},"modified":"2023-09-12T15:21:44","modified_gmt":"2023-09-12T13:21:44","slug":"chat-gay","status":"publish","type":"page","link":"https:\/\/strangercam.com\/fr\/chat-gay\/","title":{"rendered":"Chat gay"},"content":{"rendered":"<p>Bienvenue \u00e0 Gay <a href=\"https:\/\/strangercam.com\/fr\/chatroulette\/\">Chat<\/a>. Join l'application de chat vid\u00e9o Gay Chat, qui permet de discuter facilement et anonymement avec des inconnus. Gay Chat offre des fonctionnalit\u00e9s de chat vid\u00e9o, notamment des masques de visage, des filtres de sexe et de pays, un chat priv\u00e9, et bien plus encore. Discutez en ligne avec des filles et des gar\u00e7ons au hasard, partout dans le monde, instantan\u00e9ment.<a href=\"https:\/\/nlcbplaywheresults.com\/\">.<\/a> Trouver un nouvel ami, <a href=\"https:\/\/strangercam.com\/fr\/coomeet\/\">rencontrer<\/a> Le Chat Gay est gratuit et facile \u00e0 utiliser, et il est amusant de s'y connecter. C'est gratuit et facile de faire du Gay Chat et de s'amuser. On ne sait jamais qui peut nous attendre de l'autre c\u00f4t\u00e9 de la webcam !<\/p>\n<p>Si vous souhaitez entrer en contact avec de nouvelles personnes de mani\u00e8re anonyme,\u00a0<a href=\"https:\/\/strangercam.com\/fr\/chathub\/\">chat vid\u00e9o al\u00e9atoire<\/a>\u00a0est le meilleur moyen et le plus simple de le faire, et StrangerCam est le chat <a href=\"https:\/\/strangercam.com\/fr\/bazoocam\/\">came<\/a> L'application qui vous y emm\u00e8ne<a href=\"https:\/\/cashpotresulttoday.com\/\">.<\/a> Nous avons optimis\u00e9 notre application pour que vous puissiez choisir exactement qui vous voulez accompagner - une fa\u00e7on nouvelle et innovante d'entrer en contact avec des inconnus.<\/p>\n<p>Qu'est-ce que vous attendez ? Rejoignez Gay Chat maintenant !<\/p>\n<h3>Le chat gay est excellent !<\/h3>\n<p>Ce n'est pas nous qui le disons, mais les clients !<\/p>\n<p>Vous pensez peut-\u00eatre que c'est pour cela que c'est g\u00e9nial ? Nous avons toutes les r\u00e9ponses !<\/p>\n<p>Il est grand par sa simplicit\u00e9. Il est excellent en raison des \u00e9motions authentiques des deux personnes impliqu\u00e9es. Il est excellent parce que quelqu'un se bat contre la soci\u00e9t\u00e9, s'affiche en tant qu'homosexuel et d\u00e9fend ce qu'il veut.<\/p>\n<p>Nous encourageons nos visiteurs \u00e0 rechercher et \u00e0 appr\u00e9cier ce qu'ils veulent. Nous leur fournissons les installations qu'ils d\u00e9sirent !<\/p>\n<p>En ce qui concerne le chat gay, vous \u00eates libre de choisir tout et n'importe quoi sur StrangerCam.<\/p>\n<h3>Anonyme<\/h3>\n<p>Personne ne vous conna\u00eet et vous ne connaissez personne ! C'est l\u00e0 que l'\u00e9motion est \u00e0 son comble !<\/p>\n<p>Vous discutez avec des inconnus dans l'anonymat le plus complet. Nous vous mettons en contact avec des inconnus du monde entier. Vous pouvez discuter avec eux tout en gardant votre identit\u00e9 et vos informations \u00e0 l'esprit.<\/p>\n<p>Garder votre identit\u00e9 secr\u00e8te lorsque vous discutez avec des inconnus est essentiel, et nous sommes les meilleurs dans ce domaine. Notre \u00e9quipe de techniciens y travaille en permanence et vous met \u00e0 l'abri de tout ce qui peut vous nuire.<\/p>\n<p>Le fait d'\u00eatre anonyme ne signifie pas que vous ne pouvez rien partager avec des inconnus. Nous avons introduit le mode anonyme pour assurer votre s\u00e9curit\u00e9, et non pour vous enfermer dans une bo\u00eete.<\/p>\n<p>Vous pouvez partager vos informations de base avec les inconnus que vous aimez. Ces inconnus peuvent \u00e9galement partager leurs informations de base avec vous.<br \/>\nEt si vous vous plaisez et que les choses se passent bien, vous pouvez aussi planifier un rendez-vous !<\/p>\n<p>Le partage d'informations pour un rendez-vous est obligatoire. Toutefois, nous tenons \u00e0 pr\u00e9ciser que vous devez tenir compte de tous les \u00e9l\u00e9ments avant de d\u00e9cider de rencontrer votre partenaire en personne.<\/p>\n<h3>Vie priv\u00e9e<\/h3>\n<p>Nous avons une politique stricte en mati\u00e8re de protection de la vie priv\u00e9e !<\/p>\n<p>Nous ne partageons vos donn\u00e9es avec personne, pas m\u00eame avec d'autres \u00e9trangers qui vous parlent. Nous vous laissons l'enti\u00e8re responsabilit\u00e9 de les communiquer \u00e0 d'autres personnes. Si vous ne le souhaitez pas, personne ne peut savoir qui vous \u00eates et d'o\u00f9 vous venez.<\/p>\n<p>La vente des donn\u00e9es des clients \u00e0 des entreprises tierces est une pratique courante, mais pas pour nous. Nous pensons que le respect de la vie priv\u00e9e des clients est un facteur important dans les discussions en ligne. C'est pourquoi nous ne partageons ni ne vendons aucune de vos donn\u00e9es \u00e0 qui que ce soit, \u00e0 quelque fin que ce soit, c'est-\u00e0-dire \u00e0 des fins de marketing ou de publicit\u00e9.<br \/>\nN'h\u00e9sitez pas \u00e0 visiter StrangerCam. C'est un site s\u00fbr et s\u00e9curis\u00e9. Vous vous sentirez comme chez vous !<\/p>\n<h3>Un environnement s\u00fbr<\/h3>\n<p>Si vous souhaitez entrer en contact avec des gar\u00e7ons et des filles du monde entier, il n'y a pas d'endroit plus s\u00fbr que StrangerCam. Nous comprenons les inqui\u00e9tudes concernant le chat pour adultes en ligne. C'est pourquoi notre \u00e9quipe s'efforce en permanence de tout optimiser pour vous.<\/p>\n<p>N'h\u00e9sitez pas \u00e0 parler avec des inconnus, car vous avez notre soutien. Il s'agit d'une plateforme pour adultes, mais cela ne signifie pas que nous l'avons laiss\u00e9e ouverte \u00e0 tout. Si quelqu'un vous intimide ou fait un commentaire de ce type, vous pouvez directement d\u00e9poser une plainte. L'autre partie sera bloqu\u00e9e et ne pourra plus jamais utiliser StrangerCam.<\/p>\n<h3>Contr\u00f4le<\/h3>\n<p>Il est essentiel de contr\u00f4ler ce que vous faites en ligne. En particulier lorsqu'il s'agit de chat vid\u00e9o pour adultes, cela peut parfois \u00eatre risqu\u00e9 car des personnes peuvent utiliser \u00e0 mauvais escient les informations que vous avez donn\u00e9es sur la plateforme ou des personnes.<\/p>\n<p>Mais dans ce cas, vous n'avez pas \u00e0 vous inqui\u00e9ter. Le site Web comporte de nombreuses fonctionnalit\u00e9s qui vous prot\u00e8gent contre ce genre d'incident. Pendant le chat vid\u00e9o, vous pouvez utiliser un filtre pour cacher votre visage. De cette mani\u00e8re, l'autre personne ne saura jamais \u00e0 qui elle parle. Jusqu'\u00e0 ce que vous le lui disiez vous-m\u00eame.<\/p>\n<p>N'est-ce pas formidable de contr\u00f4ler les choses et de les utiliser \u00e0 son avantage ? En effet, c'est formidable !<\/p>","protected":false},"excerpt":{"rendered":"<p>Welcome to Gay Chat. Join the Gay Chat\u00a0video chat app, making it easy to chat with random strangers anonymously. Gay Chat offers video chat features including face masks, gender, country filters, private Chat, and much more. Chat with random girls and boys online, anywhere in the world, instantaneously. Find a new friend, meet your next [&hellip;]<\/p>\n","protected":false},"author":8,"featured_media":0,"parent":0,"menu_order":0,"comment_status":"closed","ping_status":"closed","template":"","meta":{"footnotes":""},"class_list":["post-4906","page","type-page","status-publish","hentry"],"yoast_head":"<!-- This site is optimized with the Yoast SEO plugin v26.9 - https:\/\/yoast.com\/product\/yoast-seo-wordpress\/ -->\n<title>Gay Chat - StrangerCam.com: Cam With Strangers<\/title>\n<meta name=\"description\" content=\"Gay Chat anonymously with over 5.000.000 strangers. No Sign-Up Required! Cam with strangers on StrangerCam.com.\" \/>\n<meta name=\"robots\" content=\"index, follow, max-snippet:-1, max-image-preview:large, max-video-preview:-1\" \/>\n<link rel=\"canonical\" href=\"https:\/\/strangercam.com\/fr\/chat-gay\/\" \/>\n<meta property=\"og:locale\" content=\"fr_FR\" \/>\n<meta property=\"og:type\" content=\"article\" \/>\n<meta property=\"og:title\" content=\"Gay Chat - StrangerCam.com: Cam With Strangers\" \/>\n<meta property=\"og:description\" content=\"Gay Chat anonymously with over 5.000.000 strangers. No Sign-Up Required! Cam with strangers on StrangerCam.com.\" \/>\n<meta property=\"og:url\" content=\"https:\/\/strangercam.com\/fr\/chat-gay\/\" \/>\n<meta property=\"og:site_name\" content=\"Strangercam\" \/>\n<meta property=\"article:publisher\" content=\"https:\/\/www.facebook.com\/strangercam\" \/>\n<meta property=\"article:modified_time\" content=\"2023-09-12T13:21:44+00:00\" \/>\n<meta property=\"og:image\" content=\"https:\/\/strangercam.com\/wp-content\/uploads\/2021\/10\/Untitled-2.png\" \/>\n\t<meta property=\"og:image:width\" content=\"800\" \/>\n\t<meta property=\"og:image:height\" content=\"532\" \/>\n\t<meta property=\"og:image:type\" content=\"image\/png\" \/>\n<meta name=\"twitter:card\" content=\"summary_large_image\" \/>\n<meta name=\"twitter:site\" content=\"@strangercamapp\" \/>\n<meta name=\"twitter:label1\" content=\"Dur\u00e9e de lecture estim\u00e9e\" \/>\n\t<meta name=\"twitter:data1\" content=\"4 minutes\" \/>\n<script type=\"application\/ld+json\" class=\"yoast-schema-graph\">{\"@context\":\"https:\/\/schema.org\",\"@graph\":[{\"@type\":\"WebPage\",\"@id\":\"https:\/\/strangercam.com\/gay-chat\/\",\"url\":\"https:\/\/strangercam.com\/gay-chat\/\",\"name\":\"Gay Chat - StrangerCam.com: Cam With Strangers\",\"isPartOf\":{\"@id\":\"https:\/\/strangercam.com\/#website\"},\"datePublished\":\"2021-06-14T17:57:32+00:00\",\"dateModified\":\"2023-09-12T13:21:44+00:00\",\"description\":\"Gay Chat anonymously with over 5.000.000 strangers. No Sign-Up Required! Cam with strangers on StrangerCam.com.\",\"breadcrumb\":{\"@id\":\"https:\/\/strangercam.com\/gay-chat\/#breadcrumb\"},\"inLanguage\":\"fr-FR\",\"potentialAction\":[{\"@type\":\"ReadAction\",\"target\":[\"https:\/\/strangercam.com\/gay-chat\/\"]}]},{\"@type\":\"BreadcrumbList\",\"@id\":\"https:\/\/strangercam.com\/gay-chat\/#breadcrumb\",\"itemListElement\":[{\"@type\":\"ListItem\",\"position\":1,\"name\":\"Home\",\"item\":\"https:\/\/strangercam.com\/\"},{\"@type\":\"ListItem\",\"position\":2,\"name\":\"Gay Chat\"}]},{\"@type\":\"WebSite\",\"@id\":\"https:\/\/strangercam.com\/#website\",\"url\":\"https:\/\/strangercam.com\/\",\"name\":\"Strangercam\",\"description\":\"Random Video Chat with Strangers\",\"publisher\":{\"@id\":\"https:\/\/strangercam.com\/#organization\"},\"alternateName\":\"Strangercam.com\",\"potentialAction\":[{\"@type\":\"SearchAction\",\"target\":{\"@type\":\"EntryPoint\",\"urlTemplate\":\"https:\/\/strangercam.com\/?s={search_term_string}\"},\"query-input\":{\"@type\":\"PropertyValueSpecification\",\"valueRequired\":true,\"valueName\":\"search_term_string\"}}],\"inLanguage\":\"fr-FR\"},{\"@type\":\"Organization\",\"@id\":\"https:\/\/strangercam.com\/#organization\",\"name\":\"Strangercam\",\"alternateName\":\"Strangercam.com\",\"url\":\"https:\/\/strangercam.com\/\",\"logo\":{\"@type\":\"ImageObject\",\"inLanguage\":\"fr-FR\",\"@id\":\"https:\/\/strangercam.com\/#\/schema\/logo\/image\/\",\"url\":\"https:\/\/strangercam.com\/wp-content\/uploads\/2020\/11\/cropped-new-favicon-black.png\",\"contentUrl\":\"https:\/\/strangercam.com\/wp-content\/uploads\/2020\/11\/cropped-new-favicon-black.png\",\"width\":512,\"height\":512,\"caption\":\"Strangercam\"},\"image\":{\"@id\":\"https:\/\/strangercam.com\/#\/schema\/logo\/image\/\"},\"sameAs\":[\"https:\/\/www.facebook.com\/strangercam\",\"https:\/\/x.com\/strangercamapp\"]}]}<\/script>\n<!-- \/ Yoast SEO plugin. -->","yoast_head_json":{"title":"Chat gay - StrangerCam.com : Cam avec des \u00e9trangers","description":"Gay Chat anonymement avec plus de 5.000.000 d'inconnus. Aucune inscription requise ! Campez avec des inconnus sur StrangerCam.com.","robots":{"index":"index","follow":"follow","max-snippet":"max-snippet:-1","max-image-preview":"max-image-preview:large","max-video-preview":"max-video-preview:-1"},"canonical":"https:\/\/strangercam.com\/fr\/chat-gay\/","og_locale":"fr_FR","og_type":"article","og_title":"Gay Chat - StrangerCam.com: Cam With Strangers","og_description":"Gay Chat anonymously with over 5.000.000 strangers. No Sign-Up Required! Cam with strangers on StrangerCam.com.","og_url":"https:\/\/strangercam.com\/fr\/chat-gay\/","og_site_name":"Strangercam","article_publisher":"https:\/\/www.facebook.com\/strangercam","article_modified_time":"2023-09-12T13:21:44+00:00","og_image":[{"width":800,"height":532,"url":"https:\/\/strangercam.com\/wp-content\/uploads\/2021\/10\/Untitled-2.png","type":"image\/png"}],"twitter_card":"summary_large_image","twitter_site":"@strangercamapp","twitter_misc":{"Dur\u00e9e de lecture estim\u00e9e":"4 minutes"},"schema":{"@context":"https:\/\/schema.org","@graph":[{"@type":"WebPage","@id":"https:\/\/strangercam.com\/gay-chat\/","url":"https:\/\/strangercam.com\/gay-chat\/","name":"Chat gay - StrangerCam.com : Cam avec des \u00e9trangers","isPartOf":{"@id":"https:\/\/strangercam.com\/#website"},"datePublished":"2021-06-14T17:57:32+00:00","dateModified":"2023-09-12T13:21:44+00:00","description":"Gay Chat anonymement avec plus de 5.000.000 d'inconnus. Aucune inscription requise ! Campez avec des inconnus sur StrangerCam.com.","breadcrumb":{"@id":"https:\/\/strangercam.com\/gay-chat\/#breadcrumb"},"inLanguage":"fr-FR","potentialAction":[{"@type":"ReadAction","target":["https:\/\/strangercam.com\/gay-chat\/"]}]},{"@type":"BreadcrumbList","@id":"https:\/\/strangercam.com\/gay-chat\/#breadcrumb","itemListElement":[{"@type":"ListItem","position":1,"name":"Home","item":"https:\/\/strangercam.com\/"},{"@type":"ListItem","position":2,"name":"Gay Chat"}]},{"@type":"WebSite","@id":"https:\/\/strangercam.com\/#website","url":"https:\/\/strangercam.com\/","name":"Strangercam","description":"Chat vid\u00e9o al\u00e9atoire avec des inconnus","publisher":{"@id":"https:\/\/strangercam.com\/#organization"},"alternateName":"Strangercam.com","potentialAction":[{"@type":"SearchAction","target":{"@type":"EntryPoint","urlTemplate":"https:\/\/strangercam.com\/?s={search_term_string}"},"query-input":{"@type":"PropertyValueSpecification","valueRequired":true,"valueName":"search_term_string"}}],"inLanguage":"fr-FR"},{"@type":"Organization","@id":"https:\/\/strangercam.com\/#organization","name":"Strangercam","alternateName":"Strangercam.com","url":"https:\/\/strangercam.com\/","logo":{"@type":"ImageObject","inLanguage":"fr-FR","@id":"https:\/\/strangercam.com\/#\/schema\/logo\/image\/","url":"https:\/\/strangercam.com\/wp-content\/uploads\/2020\/11\/cropped-new-favicon-black.png","contentUrl":"https:\/\/strangercam.com\/wp-content\/uploads\/2020\/11\/cropped-new-favicon-black.png","width":512,"height":512,"caption":"Strangercam"},"image":{"@id":"https:\/\/strangercam.com\/#\/schema\/logo\/image\/"},"sameAs":["https:\/\/www.facebook.com\/strangercam","https:\/\/x.com\/strangercamapp"]}]}},"_links":{"self":[{"href":"https:\/\/strangercam.com\/fr\/wp-json\/wp\/v2\/pages\/4906","targetHints":{"allow":["GET"]}}],"collection":[{"href":"https:\/\/strangercam.com\/fr\/wp-json\/wp\/v2\/pages"}],"about":[{"href":"https:\/\/strangercam.com\/fr\/wp-json\/wp\/v2\/types\/page"}],"author":[{"embeddable":true,"href":"https:\/\/strangercam.com\/fr\/wp-json\/wp\/v2\/users\/8"}],"replies":[{"embeddable":true,"href":"https:\/\/strangercam.com\/fr\/wp-json\/wp\/v2\/comments?post=4906"}],"version-history":[{"count":0,"href":"https:\/\/strangercam.com\/fr\/wp-json\/wp\/v2\/pages\/4906\/revisions"}],"wp:attachment":[{"href":"https:\/\/strangercam.com\/fr\/wp-json\/wp\/v2\/media?parent=4906"}],"curies":[{"name":"wp","href":"https:\/\/api.w.org\/{rel}","templated":true}]}}