{"id":4887,"date":"2021-06-14T19:18:17","date_gmt":"2021-06-14T17:18:17","guid":{"rendered":"https:\/\/strangercam.com\/?page_id=4887"},"modified":"2023-08-21T12:40:47","modified_gmt":"2023-08-21T10:40:47","slug":"chat-avec-des-inconnus","status":"publish","type":"page","link":"https:\/\/strangercam.com\/fr\/stranger-chat\/","title":{"rendered":"Chat avec les \u00e9trangers"},"content":{"rendered":"<p>Bienvenue \u00e0 Stranger <a href=\"https:\/\/strangercam.com\/fr\/chathub\/\">Chat<\/a>. Join l'application de chat vid\u00e9o Stranger Chat, qui permet de discuter facilement et anonymement avec des inconnus.<a href=\"https:\/\/cashpotresulttoday.com\/\">.<\/a> Stranger Chat propose des fonctions de chat vid\u00e9o, notamment des masques de visage, des filtres par sexe et par pays, des chats priv\u00e9s, et bien plus encore. Discutez en ligne avec des filles et des gar\u00e7ons au hasard, partout dans le monde, instantan\u00e9ment. Trouvez un nouvel ami, <a href=\"https:\/\/strangercam.com\/fr\/coomeet\/\">rencontrer<\/a> Le Chat de l'\u00e9tranger est gratuit et facile \u00e0 utiliser, et il est tr\u00e8s amusant. C'est gratuit et facile de faire du Stranger Chat et de s'amuser. On ne sait jamais qui peut nous attendre de l'autre c\u00f4t\u00e9 de la webcam !<\/p>\n<p>Nous avons tous besoin d'une activit\u00e9 pour nous remonter le moral, et aucune activit\u00e9 n'est meilleure que de parler \u00e0 d'autres personnes et de partager des exp\u00e9riences avec elles<a href=\"https:\/\/nlcbplaywheresults.com\/\">.<\/a> Dans le pass\u00e9, ce n'\u00e9tait pas facile, mais ce n'est plus le cas aujourd'hui. StrangerCam vous offre une excellente occasion de parler \u00e0 des inconnus dans le monde entier. Join nous et amusez-vous !<\/p>\n<p>Si vous souhaitez entrer en contact avec de nouvelles personnes de mani\u00e8re anonyme, le chat vid\u00e9o al\u00e9atoire est le meilleur moyen et le plus simple de le faire, et StrangerCam est le chat par excellence. <a href=\"https:\/\/strangercam.com\/fr\/bazoocam\/\">came<\/a> qui vous y conduira. Nous avons optimis\u00e9 notre application pour que vous puissiez choisir exactement avec qui vous voulez camper - une fa\u00e7on nouvelle et innovante de se connecter avec des inconnus.<\/p>\n<p>Qu'est-ce que vous attendez ? Rejoignez Stranger Chat maintenant !<\/p>\n<h2>Trouver facilement de nouvelles personnes en ligne gr\u00e2ce \u00e0 StrangerCam<\/h2>\n<p>Trouver de nouvelles personnes en ligne n'a jamais \u00e9t\u00e9 aussi facile !<\/p>\n<p>Trouver de nouvelles personnes \u00e0 <a href=\"https:\/\/strangercam.com\/fr\/chatroulette\/\">Chatroulette<\/a> est amusant. StrangerCam est une plateforme en ligne. Elle permet aux utilisateurs de discuter avec des inconnus sans aucune inscription. Seule la fonction de webcam au centre permet \u00e0 une personne d'entamer rapidement une discussion. De nombreuses options de chat sont disponibles sur la plateforme. Vous pouvez d\u00e9marrer un chat en quelques secondes. Il vous suffit d'ouvrir le site, d'indiquer votre sexe et de s\u00e9lectionner le pays de votre choix. Nous vous trouverons les partenaires potentiels que vous recherchez.<\/p>\n<p>Il permet \u00e9galement aux utilisateurs de discuter et de partager des informations importantes avec des personnes s\u00e9lectionn\u00e9es. Les services sont enti\u00e8rement gratuits et permettent aux utilisateurs de trouver des inconnus ayant des int\u00e9r\u00eats communs. Les utilisateurs peuvent \u00e9galement appuyer sur le bouton \"sauter\" s'ils n'aiment pas chatter avec eux et passer au suivant. Tout ce que nous faisons, c'est de satisfaire nos clients de toutes les mani\u00e8res possibles.<\/p>\n<h2>La s\u00e9lection<\/h2>\n<p>Chaque fois que vous ouvrirez le site web, vous aurez le choix entre diff\u00e9rentes options. Vous aurez la possibilit\u00e9 de s\u00e9lectionner le sexe de votre choix. StrangerCam, gr\u00e2ce \u00e0 son puissant r\u00e9seau d'intelligence artificielle, trouvera votre partenaire.<br \/>\nAvoir la possibilit\u00e9 de d\u00e9cider de ses choix \u00e0 chaque fois que l'on utilise la plateforme est fantastique. Vous avez l'impression d'avoir tout pouvoir avec qui vous voulez parler et chatter pour le plaisir. Nous donnons le pouvoir \u00e0 nos clients. Vous ne pouvez pas parler \u00e0 quelqu'un sans son consentement. Les deux parties doivent se s\u00e9lectionner. Et vous serez jumel\u00e9 si vous s\u00e9lectionnez quelqu'un en retour. Tant que les deux personnes sont d'accord pour se parler, elles peuvent le faire sans restrictions ni soucis.<\/p>\n<h2>Contr\u00f4le de l'information et facilit\u00e9 de trouver un partenaire potentiel<\/h2>\n<p>Nous esp\u00e9rons que vous avez d\u00e9j\u00e0 compris l'essentiel sur cette fantastique plateforme de chat vid\u00e9o pour adultes. Mais il y a quelque chose de plus important \u00e0 mentionner ici !<\/p>\n<p>Nous ne partageons pas vos informations avec qui que ce soit. Nous sommes l\u00e0 pour vous prot\u00e9ger de toutes les mani\u00e8res possibles. Vos informations sont en s\u00e9curit\u00e9 chez nous. Nous ne partageons pas vos informations avec qui que ce soit.<\/p>\n<p>De m\u00eame, nous sommes l\u00e0 pour vous faciliter la t\u00e2che. Notre syst\u00e8me intelligent vous aide \u00e0 trouver le type de personne que vous recherchez !<br \/>\nVous avez l'embarras du choix. Le monde vous est ouvert. Allez-y et prenez ce qui vous appartient !<\/p>","protected":false},"excerpt":{"rendered":"<p>Welcome to Stranger Chat. Join the Stranger Chat video chat app, making it easy to chat with random strangers anonymously. Stranger Chat offers video chat features including face masks, gender and country filters, private chat, and much more. Chat with random girls and boys online, anywhere in the world, instantaneously. Find a new friend, meet [&hellip;]<\/p>\n","protected":false},"author":6,"featured_media":0,"parent":0,"menu_order":0,"comment_status":"closed","ping_status":"closed","template":"","meta":{"footnotes":""},"class_list":["post-4887","page","type-page","status-publish","hentry"],"yoast_head":"<!-- This site is optimized with the Yoast SEO plugin v27.4 - https:\/\/yoast.com\/product\/yoast-seo-wordpress\/ -->\n<title>Stranger Chat - StrangerCam.com: Cam With Strangers<\/title>\n<meta name=\"description\" content=\"Stranger Chat anonymously with over 5.000.000 strangers. No Sign-Up Required! Cam with strangers on StrangerCam.com.\" \/>\n<meta name=\"robots\" content=\"index, follow, max-snippet:-1, max-image-preview:large, max-video-preview:-1\" \/>\n<link rel=\"canonical\" href=\"https:\/\/strangercam.com\/fr\/chat-avec-des-inconnus\/\" \/>\n<meta property=\"og:locale\" content=\"fr_FR\" \/>\n<meta property=\"og:type\" content=\"article\" \/>\n<meta property=\"og:title\" content=\"Stranger Chat - StrangerCam.com: Cam With Strangers\" \/>\n<meta property=\"og:description\" content=\"Stranger Chat anonymously with over 5.000.000 strangers. No Sign-Up Required! Cam with strangers on StrangerCam.com.\" \/>\n<meta property=\"og:url\" content=\"https:\/\/strangercam.com\/fr\/chat-avec-des-inconnus\/\" \/>\n<meta property=\"og:site_name\" content=\"Strangercam\" \/>\n<meta property=\"article:publisher\" content=\"https:\/\/www.facebook.com\/strangercam\" \/>\n<meta property=\"article:modified_time\" content=\"2023-08-21T10:40:47+00:00\" \/>\n<meta property=\"og:image\" content=\"https:\/\/strangercam.com\/wp-content\/uploads\/2021\/10\/Untitled-2.png\" \/>\n\t<meta property=\"og:image:width\" content=\"800\" \/>\n\t<meta property=\"og:image:height\" content=\"532\" \/>\n\t<meta property=\"og:image:type\" content=\"image\/png\" \/>\n<meta name=\"twitter:card\" content=\"summary_large_image\" \/>\n<meta name=\"twitter:site\" content=\"@strangercamapp\" \/>\n<meta name=\"twitter:label1\" content=\"Dur\u00e9e de lecture estim\u00e9e\" \/>\n\t<meta name=\"twitter:data1\" content=\"3 minutes\" \/>\n<script type=\"application\/ld+json\" class=\"yoast-schema-graph\">{\"@context\":\"https:\\\/\\\/schema.org\",\"@graph\":[{\"@type\":\"WebPage\",\"@id\":\"https:\\\/\\\/strangercam.com\\\/stranger-chat\\\/\",\"url\":\"https:\\\/\\\/strangercam.com\\\/stranger-chat\\\/\",\"name\":\"Stranger Chat - StrangerCam.com: Cam With Strangers\",\"isPartOf\":{\"@id\":\"https:\\\/\\\/strangercam.com\\\/#website\"},\"datePublished\":\"2021-06-14T17:18:17+00:00\",\"dateModified\":\"2023-08-21T10:40:47+00:00\",\"description\":\"Stranger Chat anonymously with over 5.000.000 strangers. No Sign-Up Required! Cam with strangers on StrangerCam.com.\",\"breadcrumb\":{\"@id\":\"https:\\\/\\\/strangercam.com\\\/stranger-chat\\\/#breadcrumb\"},\"inLanguage\":\"fr-FR\",\"potentialAction\":[{\"@type\":\"ReadAction\",\"target\":[\"https:\\\/\\\/strangercam.com\\\/stranger-chat\\\/\"]}]},{\"@type\":\"BreadcrumbList\",\"@id\":\"https:\\\/\\\/strangercam.com\\\/stranger-chat\\\/#breadcrumb\",\"itemListElement\":[{\"@type\":\"ListItem\",\"position\":1,\"name\":\"Home\",\"item\":\"https:\\\/\\\/strangercam.com\\\/\"},{\"@type\":\"ListItem\",\"position\":2,\"name\":\"Stranger Chat\"}]},{\"@type\":\"WebSite\",\"@id\":\"https:\\\/\\\/strangercam.com\\\/#website\",\"url\":\"https:\\\/\\\/strangercam.com\\\/\",\"name\":\"Strangercam\",\"description\":\"Random Video Chat with Strangers\",\"publisher\":{\"@id\":\"https:\\\/\\\/strangercam.com\\\/#organization\"},\"alternateName\":\"Strangercam.com\",\"potentialAction\":[{\"@type\":\"SearchAction\",\"target\":{\"@type\":\"EntryPoint\",\"urlTemplate\":\"https:\\\/\\\/strangercam.com\\\/?s={search_term_string}\"},\"query-input\":{\"@type\":\"PropertyValueSpecification\",\"valueRequired\":true,\"valueName\":\"search_term_string\"}}],\"inLanguage\":\"fr-FR\"},{\"@type\":\"Organization\",\"@id\":\"https:\\\/\\\/strangercam.com\\\/#organization\",\"name\":\"Strangercam\",\"alternateName\":\"Strangercam.com\",\"url\":\"https:\\\/\\\/strangercam.com\\\/\",\"logo\":{\"@type\":\"ImageObject\",\"inLanguage\":\"fr-FR\",\"@id\":\"https:\\\/\\\/strangercam.com\\\/#\\\/schema\\\/logo\\\/image\\\/\",\"url\":\"https:\\\/\\\/strangercam.com\\\/wp-content\\\/uploads\\\/2020\\\/11\\\/cropped-new-favicon-black.png\",\"contentUrl\":\"https:\\\/\\\/strangercam.com\\\/wp-content\\\/uploads\\\/2020\\\/11\\\/cropped-new-favicon-black.png\",\"width\":512,\"height\":512,\"caption\":\"Strangercam\"},\"image\":{\"@id\":\"https:\\\/\\\/strangercam.com\\\/#\\\/schema\\\/logo\\\/image\\\/\"},\"sameAs\":[\"https:\\\/\\\/www.facebook.com\\\/strangercam\",\"https:\\\/\\\/x.com\\\/strangercamapp\"]}]}<\/script>\n<!-- \/ Yoast SEO plugin. -->","yoast_head_json":{"title":"Stranger Chat - StrangerCam.com : Cam avec des \u00e9trangers","description":"Stranger Chat anonymement avec plus de 5.000.000 d'inconnus. Aucune inscription requise ! Campez avec des inconnus sur StrangerCam.com.","robots":{"index":"index","follow":"follow","max-snippet":"max-snippet:-1","max-image-preview":"max-image-preview:large","max-video-preview":"max-video-preview:-1"},"canonical":"https:\/\/strangercam.com\/fr\/chat-avec-des-inconnus\/","og_locale":"fr_FR","og_type":"article","og_title":"Stranger Chat - StrangerCam.com: Cam With Strangers","og_description":"Stranger Chat anonymously with over 5.000.000 strangers. No Sign-Up Required! Cam with strangers on StrangerCam.com.","og_url":"https:\/\/strangercam.com\/fr\/chat-avec-des-inconnus\/","og_site_name":"Strangercam","article_publisher":"https:\/\/www.facebook.com\/strangercam","article_modified_time":"2023-08-21T10:40:47+00:00","og_image":[{"width":800,"height":532,"url":"https:\/\/strangercam.com\/wp-content\/uploads\/2021\/10\/Untitled-2.png","type":"image\/png"}],"twitter_card":"summary_large_image","twitter_site":"@strangercamapp","twitter_misc":{"Dur\u00e9e de lecture estim\u00e9e":"3 minutes"},"schema":{"@context":"https:\/\/schema.org","@graph":[{"@type":"WebPage","@id":"https:\/\/strangercam.com\/stranger-chat\/","url":"https:\/\/strangercam.com\/stranger-chat\/","name":"Stranger Chat - StrangerCam.com : Cam avec des \u00e9trangers","isPartOf":{"@id":"https:\/\/strangercam.com\/#website"},"datePublished":"2021-06-14T17:18:17+00:00","dateModified":"2023-08-21T10:40:47+00:00","description":"Stranger Chat anonymement avec plus de 5.000.000 d'inconnus. Aucune inscription requise ! Campez avec des inconnus sur StrangerCam.com.","breadcrumb":{"@id":"https:\/\/strangercam.com\/stranger-chat\/#breadcrumb"},"inLanguage":"fr-FR","potentialAction":[{"@type":"ReadAction","target":["https:\/\/strangercam.com\/stranger-chat\/"]}]},{"@type":"BreadcrumbList","@id":"https:\/\/strangercam.com\/stranger-chat\/#breadcrumb","itemListElement":[{"@type":"ListItem","position":1,"name":"Home","item":"https:\/\/strangercam.com\/"},{"@type":"ListItem","position":2,"name":"Stranger Chat"}]},{"@type":"WebSite","@id":"https:\/\/strangercam.com\/#website","url":"https:\/\/strangercam.com\/","name":"Strangercam","description":"Chat vid\u00e9o al\u00e9atoire avec des inconnus","publisher":{"@id":"https:\/\/strangercam.com\/#organization"},"alternateName":"Strangercam.com","potentialAction":[{"@type":"SearchAction","target":{"@type":"EntryPoint","urlTemplate":"https:\/\/strangercam.com\/?s={search_term_string}"},"query-input":{"@type":"PropertyValueSpecification","valueRequired":true,"valueName":"search_term_string"}}],"inLanguage":"fr-FR"},{"@type":"Organization","@id":"https:\/\/strangercam.com\/#organization","name":"Strangercam","alternateName":"Strangercam.com","url":"https:\/\/strangercam.com\/","logo":{"@type":"ImageObject","inLanguage":"fr-FR","@id":"https:\/\/strangercam.com\/#\/schema\/logo\/image\/","url":"https:\/\/strangercam.com\/wp-content\/uploads\/2020\/11\/cropped-new-favicon-black.png","contentUrl":"https:\/\/strangercam.com\/wp-content\/uploads\/2020\/11\/cropped-new-favicon-black.png","width":512,"height":512,"caption":"Strangercam"},"image":{"@id":"https:\/\/strangercam.com\/#\/schema\/logo\/image\/"},"sameAs":["https:\/\/www.facebook.com\/strangercam","https:\/\/x.com\/strangercamapp"]}]}},"_links":{"self":[{"href":"https:\/\/strangercam.com\/fr\/wp-json\/wp\/v2\/pages\/4887","targetHints":{"allow":["GET"]}}],"collection":[{"href":"https:\/\/strangercam.com\/fr\/wp-json\/wp\/v2\/pages"}],"about":[{"href":"https:\/\/strangercam.com\/fr\/wp-json\/wp\/v2\/types\/page"}],"author":[{"embeddable":true,"href":"https:\/\/strangercam.com\/fr\/wp-json\/wp\/v2\/users\/6"}],"replies":[{"embeddable":true,"href":"https:\/\/strangercam.com\/fr\/wp-json\/wp\/v2\/comments?post=4887"}],"version-history":[{"count":0,"href":"https:\/\/strangercam.com\/fr\/wp-json\/wp\/v2\/pages\/4887\/revisions"}],"wp:attachment":[{"href":"https:\/\/strangercam.com\/fr\/wp-json\/wp\/v2\/media?parent=4887"}],"curies":[{"name":"wp","href":"https:\/\/api.w.org\/{rel}","templated":true}]}}