{"id":4869,"date":"2025-09-23T11:15:28","date_gmt":"2025-09-23T09:15:28","guid":{"rendered":"https:\/\/strangercam.com\/?page_id=4869"},"modified":"2025-09-23T12:42:03","modified_gmt":"2025-09-23T10:42:03","slug":"ou-puis-je-chatter-avec-des-filles-au-hasard","status":"publish","type":"page","link":"https:\/\/strangercam.com\/fr\/ou-puis-je-chatter-avec-des-filles-au-hasard\/","title":{"rendered":"Where Can I Chat With Random Girls"},"content":{"rendered":"<p>Si vous vous demandez \"O\u00f9 puis-je chatter avec des filles au hasard ?\", vous n'\u00eates pas seul. Chaque mois, des millions de personnes cherchent des moyens de se connecter instantan\u00e9ment avec des filles en ligne, que ce soit pour s'amuser, flirter ou se faire de nouveaux amis dans le monde entier. La bonne nouvelle ? Il est plus facile que jamais de trouver des plateformes s\u00fbres, gratuites et r\u00e9elles o\u00f9 vous pouvez discuter avec des filles au hasard sans longues inscriptions ou frais cach\u00e9s.<\/p>\n<p>Avec des plateformes comme StrangerCam, vous pouvez commencer \u00e0 chatter avec des filles en quelques secondes. Pas de t\u00e9l\u00e9chargement, pas de profil, pas de carte de cr\u00e9dit - juste des conversations authentiques avec des femmes du monde entier qui cherchent \u00e9galement \u00e0 se connecter.<\/p>\n<p>Dans ce guide, nous aborderons tout ce que vous devez savoir : o\u00f9 vous pouvez chatter avec des filles au hasard, quelles sont les fonctionnalit\u00e9s les plus importantes, les comparaisons des meilleures plateformes, des t\u00e9moignages r\u00e9els, des conseils de s\u00e9curit\u00e9, et pourquoi StrangerCam est l'une des meilleures options aujourd'hui.<\/p>\n<h2>Pourquoi les gens veulent discuter avec des filles au hasard<\/h2>\n<p>La recherche de chat de filles au hasard s'est d\u00e9velopp\u00e9e massivement, et voici pourquoi :<\/p>\n<ul>\n<li>Soulagement de la solitude et de l'ennui : Parler \u00e0 des filles en ligne permet de rompre la routine.<\/li>\n<li>Flirt d\u00e9contract\u00e9 : De nombreux utilisateurs appr\u00e9cient les discussions l\u00e9g\u00e8res et sans pression.<\/li>\n<li>Se faire des amis : C'est un moyen amusant de rencontrer des gens en dehors de votre cercle.<\/li>\n<li>Exp\u00e9rience mondiale : Vous pouvez rencontrer des femmes de pays que vous n'avez jamais visit\u00e9s.<\/li>\n<li>De vraies connexions : La vid\u00e9o en direct prouve que vous parlez \u00e0 une personne r\u00e9elle et non \u00e0 un robot.<\/li>\n<\/ul>\n<h2>O\u00f9 pouvez-vous chatter avec des filles au hasard en ligne ?<\/h2>\n<p>Il existe de nombreuses plateformes qui vous permettent de chatter avec des filles au hasard, certaines gratuites, d'autres payantes. En voici les principaux types :<\/p>\n<h3>1. Sites de chat vid\u00e9o al\u00e9atoires<\/h3>\n<p>Sites web o\u00f9 vous allumez votre webcam et \u00eates instantan\u00e9ment mis en relation avec une fille. Exemples : StrangerCam, <a href=\"https:\/\/strangercam.com\/fr\/chatroulette\/\">Chatroulette<\/a>, Shagle.<\/p>\n<h3>2. Apps de chat avec filtres de genre<\/h3>\n<p>Des applications mobiles telles que <a href=\"https:\/\/strangercam.com\/fr\/ometv\/\">OmeTV<\/a> ou Chatrandom permettent des discussions al\u00e9atoires, mais les filtres f\u00e9minins sont souvent payants.<\/p>\n<h3>3. Plateformes vid\u00e9o payantes ax\u00e9es sur les rencontres<\/h3>\n<p>Des sites comme <a href=\"https:\/\/strangercam.com\/fr\/coomeet\/\">CooMeet<\/a> ou LuckyCrush sont sp\u00e9cialis\u00e9s dans la rencontre d'hommes et de femmes, mais exigent un paiement apr\u00e8s une courte p\u00e9riode d'essai.<\/p>\n<h3>4. Plateformes gratuites sans inscription<\/h3>\n<p>StrangerCam est l'une des seules plateformes qui vous permet de discuter avec des filles au hasard, gratuitement et sans inscription.<\/p>\n<h2>Quelles sont les caract\u00e9ristiques les plus importantes ?<\/h2>\n<p>Lorsque vous d\u00e9cidez de l'endroit o\u00f9 vous pouvez discuter avec des filles au hasard, voici ce que vous devez rechercher :<\/p>\n<ul>\n<li>Filtre de genre gratuit - Sinon, vous risquez d'\u00eatre associ\u00e9e \u00e0 des hommes au hasard.<\/li>\n<li>Aucune inscription requise - Les meilleures plateformes vous permettent de vous inscrire instantan\u00e9ment.<\/li>\n<li>Options de chat vid\u00e9o - Voir quelqu'un sur <a href=\"https:\/\/strangercam.com\/fr\/bazoocam\/\">came<\/a> s'assure qu'ils sont r\u00e9els.<\/li>\n<li>Mod\u00e9ration et signalement - Pour que l'exp\u00e9rience soit s\u00fbre et respectueuse.<\/li>\n<li>Mobile &amp; Desktop Friendly - Fonctionne o\u00f9 que vous soyez.<\/li>\n<li>Port\u00e9e mondiale - Une large base d'utilisatrices garantit la vari\u00e9t\u00e9.<\/li>\n<\/ul>\n<h2>Les meilleures plateformes pour chatter avec des filles au hasard en 2025<\/h2>\n<p>Voici une comparaison des plateformes populaires o\u00f9 vous pouvez discuter avec des filles au hasard :<\/p>\n<table>\n<thead>\n<tr>\n<th>Plate-forme<\/th>\n<th align=\"center\">Acc\u00e8s gratuit<\/th>\n<th align=\"center\">Filtre de genre<\/th>\n<th align=\"center\">Inscription n\u00e9cessaire<\/th>\n<th align=\"center\">Support mobile<\/th>\n<th align=\"center\">La mod\u00e9ration<\/th>\n<th>Notes<\/th>\n<\/tr>\n<\/thead>\n<tbody>\n<tr>\n<td>StrangerCam<\/td>\n<td align=\"center\">\u2705<\/td>\n<td align=\"center\">\u2705 (Gratuit)<\/td>\n<td align=\"center\">\u274c<\/td>\n<td align=\"center\">\u2705<\/td>\n<td align=\"center\">\u2705<\/td>\n<td>Meilleur choix, filtre de fille r\u00e9el et gratuit<\/td>\n<\/tr>\n<tr>\n<td>Chatroulette<\/td>\n<td align=\"center\">\u2705<\/td>\n<td align=\"center\">\u274c (Pay\u00e9)<\/td>\n<td align=\"center\">\u274c<\/td>\n<td align=\"center\">\u2705<\/td>\n<td align=\"center\">\u2705<\/td>\n<td>Classique, mais pas de filtres gratuits<\/td>\n<\/tr>\n<tr>\n<td>Chatrandom<\/td>\n<td align=\"center\">\u2705<\/td>\n<td align=\"center\">\u274c (Pay\u00e9)<\/td>\n<td align=\"center\">\u274c<\/td>\n<td align=\"center\">\u2705<\/td>\n<td align=\"center\">\u2705<\/td>\n<td>Populaire, mais pousse \u00e0 la surench\u00e8re<\/td>\n<\/tr>\n<tr>\n<td>Shagle<\/td>\n<td align=\"center\">\u2705<\/td>\n<td align=\"center\">\u274c (Pay\u00e9)<\/td>\n<td align=\"center\">\u274c<\/td>\n<td align=\"center\">\u2705<\/td>\n<td align=\"center\">\u2705<\/td>\n<td>D\u00e9marrage gratuit, mais filtres limit\u00e9s<\/td>\n<\/tr>\n<tr>\n<td>CooMeet<\/td>\n<td align=\"center\">\u274c (Essai)<\/td>\n<td align=\"center\">\u2705<\/td>\n<td align=\"center\">\u2705<\/td>\n<td align=\"center\">\u2705<\/td>\n<td align=\"center\">\u2705<\/td>\n<td>Payant, ax\u00e9 sur la rencontre entre hommes et femmes<\/td>\n<\/tr>\n<tr>\n<td>LuckyCrush<\/td>\n<td align=\"center\">\u274c<\/td>\n<td align=\"center\">\u2705<\/td>\n<td align=\"center\">\u2705<\/td>\n<td align=\"center\">\u2705<\/td>\n<td align=\"center\">\u2705<\/td>\n<td>Des chats toujours r\u00e9mun\u00e9r\u00e9s et adapt\u00e9s au sexe des participants<\/td>\n<\/tr>\n<\/tbody>\n<\/table>\n<p>StrangerCam est l'une des seules plateformes \u00e0 proposer un filtre de genre fonctionnel et gratuit, ce qui vous permet de discuter instantan\u00e9ment avec des filles au hasard, sans inscription ni paiement.<\/p>\n<h2>Pourquoi StrangerCam est le meilleur choix<\/h2>\n<p>Voici pourquoi StrangerCam est l'une des meilleures r\u00e9ponses \u00e0 la question \"O\u00f9 puis-je chatter avec des filles au hasard ?<\/p>\n<h3>1. C'est 100% Gratuit<\/h3>\n<p>Pas d'essai, pas de cr\u00e9dit, juste des chats illimit\u00e9s.<\/p>\n<h3>2. Filtre de genre gratuit<\/h3>\n<p>Contrairement \u00e0 la plupart des sites, vous n'avez pas besoin de payer un suppl\u00e9ment pour entrer en contact avec des filles.<\/p>\n<h3>3. Pas d'inscription n\u00e9cessaire<\/h3>\n<p>Restez anonyme et connectez-vous instantan\u00e9ment.<\/p>\n<h3>4. S\u00e9curit\u00e9 et mod\u00e9ration<\/h3>\n<p>Une meilleure s\u00e9curit\u00e9 que <a href=\"https:\/\/strangercam.com\/fr\/omegle\/\">Omegle<\/a> jamais eue.<\/p>\n<h3>5. Pr\u00eat pour les mobiles et les ordinateurs de bureau<\/h3>\n<p>Fonctionne sans probl\u00e8me sur tous les appareils.<\/p>\n<h3>6. Une base d'utilisateurs f\u00e9minins diversifi\u00e9e<\/h3>\n<p>Rencontrez des filles de plus de 100 pays.<\/p>\n<h2>T\u00e9moignages d'utilisateurs r\u00e9els<\/h2>\n<blockquote><p><em>\"Je cherchais un endroit o\u00f9 je pourrais chatter avec des filles au hasard sans payer. StrangerCam est le seul site qui m'a vraiment satisfait.\"<\/em><br \/>\n- Daniel, 29 ans<\/p><\/blockquote>\n<blockquote><p><em>\"Le filtre de genre est gratuit et fonctionne parfaitement. J'ai rencontr\u00e9 des filles de trois pays en une soir\u00e9e.\"<\/em><br \/>\n- Sophia, 22 ans<\/p><\/blockquote>\n<blockquote><p><em>\"La plupart des applications vous obligent \u00e0 effectuer une mise \u00e0 jour, mais StrangerCam est vraiment gratuite.<\/em><br \/>\n- Ryan, 31 ans<\/p><\/blockquote>\n<blockquote><p><em>\"Je me sens en s\u00e9curit\u00e9 et simple. J'aime pouvoir sauter \u00e0 n'importe quel moment\".<\/em><br \/>\n- Emma, 20 ans<\/p><\/blockquote>\n<h2>Conseils de s\u00e9curit\u00e9 pour chatter avec des filles au hasard<\/h2>\n<p>Lorsque vous utilisez des plateformes pour discuter avec des filles en ligne, suivez toujours ces r\u00e8gles de s\u00e9curit\u00e9 :<\/p>\n<ul>\n<li>Ne communiquez jamais d'informations personnelles (comme votre num\u00e9ro de t\u00e9l\u00e9phone ou votre adresse).<\/li>\n<li>Ignorez ou bloquez toute personne qui vous met mal \u00e0 l'aise.<\/li>\n<li>Ne cliquez pas sur des liens partag\u00e9s par des inconnus.<\/li>\n<li>V\u00e9rifiez vos ant\u00e9c\u00e9dents avant d'allumer votre webcam.<\/li>\n<li>Utilisez des surnoms et non votre vrai nom.<\/li>\n<li>Respectez les r\u00e8gles d'\u00e2ge de la plateforme - \u00e9vitez les chats d'adultes si vous avez moins de 18 ans.<\/li>\n<\/ul>\n<h2>Comment d\u00e9marrer - \u00e9tape par \u00e9tape<\/h2>\n<p>Il suffit d'une minute pour commencer \u00e0 discuter avec des filles au hasard :<\/p>\n<ol>\n<li>Ouvrez StrangerCam sur votre navigateur ou votre appareil.<\/li>\n<li>Autoriser l'acc\u00e8s \u00e0 la cam\u00e9ra et au microphone.<\/li>\n<li>S\u00e9lectionnez le filtre de genre (filles).<\/li>\n<li>Cliquez sur D\u00e9marrer le chat pour vous connecter instantan\u00e9ment.<\/li>\n<li>Appuyez sur Suivant \u00e0 tout moment pour rencontrer quelqu'un de nouveau.<\/li>\n<\/ol>\n<p>Rapide, gratuit et amusant.<\/p>\n<p>Si vous vous demandez \"O\u00f9 puis-je chatter avec des filles au hasard ?\", la r\u00e9ponse est simple : en 2025, des plateformes comme StrangerCam rendent cela possible, instantan\u00e9ment et gratuitement. Contrairement \u00e0 d'autres services qui bloquent les filtres de genre derri\u00e8re des murs payants ou qui imposent des inscriptions, StrangerCam vous permet de vous connecter avec de vraies filles du monde entier en quelques secondes.<\/p>\n<p>Pr\u00eat \u00e0 commencer ? Essayez un chat al\u00e9atoire gratuit avec des filles aujourd'hui et voyez qui vous rencontrerez ensuite.<\/p>","protected":false},"excerpt":{"rendered":"<p>If you\u2019re asking yourself, \u201cWhere can I chat with random girls?\u201d, you\u2019re not alone. Every month, millions of people search for ways to instantly connect with girls online\u2014whether for fun, casual flirting, or making new friends across the globe. The good news? It&#8217;s easier than ever to find safe, free, and real platforms where you [&hellip;]<\/p>\n","protected":false},"author":8,"featured_media":0,"parent":0,"menu_order":0,"comment_status":"closed","ping_status":"closed","template":"","meta":{"footnotes":""},"class_list":["post-4869","page","type-page","status-publish","hentry"],"yoast_head":"<!-- This site is optimized with the Yoast SEO plugin v26.9 - https:\/\/yoast.com\/product\/yoast-seo-wordpress\/ -->\n<title>Where Can I Chat With Random Girls on Strangercam.com<\/title>\n<meta name=\"description\" content=\"Liking Where Can I Chat With Random Girls? Join millions on StrangerCam.com! Start a random video chat, turn on your cam, and meet strangers instantly.\" \/>\n<meta name=\"robots\" content=\"index, follow, max-snippet:-1, max-image-preview:large, max-video-preview:-1\" \/>\n<link rel=\"canonical\" href=\"https:\/\/strangercam.com\/fr\/ou-puis-je-chatter-avec-des-filles-au-hasard\/\" \/>\n<meta property=\"og:locale\" content=\"fr_FR\" \/>\n<meta property=\"og:type\" content=\"article\" \/>\n<meta property=\"og:title\" content=\"Where Can I Chat With Random Girls on Strangercam.com\" \/>\n<meta property=\"og:description\" content=\"Liking Where Can I Chat With Random Girls? Join millions on StrangerCam.com! Start a random video chat, turn on your cam, and meet strangers instantly.\" \/>\n<meta property=\"og:url\" content=\"https:\/\/strangercam.com\/fr\/ou-puis-je-chatter-avec-des-filles-au-hasard\/\" \/>\n<meta property=\"og:site_name\" content=\"Strangercam\" \/>\n<meta property=\"article:publisher\" content=\"https:\/\/www.facebook.com\/strangercam\" \/>\n<meta property=\"article:modified_time\" content=\"2025-09-23T10:42:03+00:00\" \/>\n<meta property=\"og:image\" content=\"https:\/\/strangercam.com\/wp-content\/uploads\/2021\/10\/Untitled-2.png\" \/>\n\t<meta property=\"og:image:width\" content=\"800\" \/>\n\t<meta property=\"og:image:height\" content=\"532\" \/>\n\t<meta property=\"og:image:type\" content=\"image\/png\" \/>\n<meta name=\"twitter:card\" content=\"summary_large_image\" \/>\n<meta name=\"twitter:site\" content=\"@strangercamapp\" \/>\n<meta name=\"twitter:label1\" content=\"Dur\u00e9e de lecture estim\u00e9e\" \/>\n\t<meta name=\"twitter:data1\" content=\"4 minutes\" \/>\n<script type=\"application\/ld+json\" class=\"yoast-schema-graph\">{\"@context\":\"https:\/\/schema.org\",\"@graph\":[{\"@type\":\"WebPage\",\"@id\":\"https:\/\/strangercam.com\/where-can-i-chat-with-random-girls\/\",\"url\":\"https:\/\/strangercam.com\/where-can-i-chat-with-random-girls\/\",\"name\":\"Where Can I Chat With Random Girls on Strangercam.com\",\"isPartOf\":{\"@id\":\"https:\/\/strangercam.com\/#website\"},\"datePublished\":\"2025-09-23T09:15:28+00:00\",\"dateModified\":\"2025-09-23T10:42:03+00:00\",\"description\":\"Liking Where Can I Chat With Random Girls? Join millions on StrangerCam.com! Start a random video chat, turn on your cam, and meet strangers instantly.\",\"breadcrumb\":{\"@id\":\"https:\/\/strangercam.com\/where-can-i-chat-with-random-girls\/#breadcrumb\"},\"inLanguage\":\"fr-FR\",\"potentialAction\":[{\"@type\":\"ReadAction\",\"target\":[\"https:\/\/strangercam.com\/where-can-i-chat-with-random-girls\/\"]}]},{\"@type\":\"BreadcrumbList\",\"@id\":\"https:\/\/strangercam.com\/where-can-i-chat-with-random-girls\/#breadcrumb\",\"itemListElement\":[{\"@type\":\"ListItem\",\"position\":1,\"name\":\"Home\",\"item\":\"https:\/\/strangercam.com\/\"},{\"@type\":\"ListItem\",\"position\":2,\"name\":\"Where Can I Chat With Random Girls\"}]},{\"@type\":\"WebSite\",\"@id\":\"https:\/\/strangercam.com\/#website\",\"url\":\"https:\/\/strangercam.com\/\",\"name\":\"Strangercam\",\"description\":\"Random Video Chat with Strangers\",\"publisher\":{\"@id\":\"https:\/\/strangercam.com\/#organization\"},\"alternateName\":\"Strangercam.com\",\"potentialAction\":[{\"@type\":\"SearchAction\",\"target\":{\"@type\":\"EntryPoint\",\"urlTemplate\":\"https:\/\/strangercam.com\/?s={search_term_string}\"},\"query-input\":{\"@type\":\"PropertyValueSpecification\",\"valueRequired\":true,\"valueName\":\"search_term_string\"}}],\"inLanguage\":\"fr-FR\"},{\"@type\":\"Organization\",\"@id\":\"https:\/\/strangercam.com\/#organization\",\"name\":\"Strangercam\",\"alternateName\":\"Strangercam.com\",\"url\":\"https:\/\/strangercam.com\/\",\"logo\":{\"@type\":\"ImageObject\",\"inLanguage\":\"fr-FR\",\"@id\":\"https:\/\/strangercam.com\/#\/schema\/logo\/image\/\",\"url\":\"https:\/\/strangercam.com\/wp-content\/uploads\/2020\/11\/cropped-new-favicon-black.png\",\"contentUrl\":\"https:\/\/strangercam.com\/wp-content\/uploads\/2020\/11\/cropped-new-favicon-black.png\",\"width\":512,\"height\":512,\"caption\":\"Strangercam\"},\"image\":{\"@id\":\"https:\/\/strangercam.com\/#\/schema\/logo\/image\/\"},\"sameAs\":[\"https:\/\/www.facebook.com\/strangercam\",\"https:\/\/x.com\/strangercamapp\"]}]}<\/script>\n<!-- \/ Yoast SEO plugin. -->","yoast_head_json":{"title":"O\u00f9 puis-je chatter avec des filles au hasard sur Strangercam.com ?","description":"Liking Where Can I Chat With Random Girls ? Join millions sur StrangerCam.com ! Commencez un chat vid\u00e9o al\u00e9atoire, allumez votre cam\u00e9ra et rencontrez des inconnus instantan\u00e9ment.","robots":{"index":"index","follow":"follow","max-snippet":"max-snippet:-1","max-image-preview":"max-image-preview:large","max-video-preview":"max-video-preview:-1"},"canonical":"https:\/\/strangercam.com\/fr\/ou-puis-je-chatter-avec-des-filles-au-hasard\/","og_locale":"fr_FR","og_type":"article","og_title":"Where Can I Chat With Random Girls on Strangercam.com","og_description":"Liking Where Can I Chat With Random Girls? Join millions on StrangerCam.com! Start a random video chat, turn on your cam, and meet strangers instantly.","og_url":"https:\/\/strangercam.com\/fr\/ou-puis-je-chatter-avec-des-filles-au-hasard\/","og_site_name":"Strangercam","article_publisher":"https:\/\/www.facebook.com\/strangercam","article_modified_time":"2025-09-23T10:42:03+00:00","og_image":[{"width":800,"height":532,"url":"https:\/\/strangercam.com\/wp-content\/uploads\/2021\/10\/Untitled-2.png","type":"image\/png"}],"twitter_card":"summary_large_image","twitter_site":"@strangercamapp","twitter_misc":{"Dur\u00e9e de lecture estim\u00e9e":"4 minutes"},"schema":{"@context":"https:\/\/schema.org","@graph":[{"@type":"WebPage","@id":"https:\/\/strangercam.com\/where-can-i-chat-with-random-girls\/","url":"https:\/\/strangercam.com\/where-can-i-chat-with-random-girls\/","name":"O\u00f9 puis-je chatter avec des filles au hasard sur Strangercam.com ?","isPartOf":{"@id":"https:\/\/strangercam.com\/#website"},"datePublished":"2025-09-23T09:15:28+00:00","dateModified":"2025-09-23T10:42:03+00:00","description":"Liking Where Can I Chat With Random Girls ? Join millions sur StrangerCam.com ! Commencez un chat vid\u00e9o al\u00e9atoire, allumez votre cam\u00e9ra et rencontrez des inconnus instantan\u00e9ment.","breadcrumb":{"@id":"https:\/\/strangercam.com\/where-can-i-chat-with-random-girls\/#breadcrumb"},"inLanguage":"fr-FR","potentialAction":[{"@type":"ReadAction","target":["https:\/\/strangercam.com\/where-can-i-chat-with-random-girls\/"]}]},{"@type":"BreadcrumbList","@id":"https:\/\/strangercam.com\/where-can-i-chat-with-random-girls\/#breadcrumb","itemListElement":[{"@type":"ListItem","position":1,"name":"Home","item":"https:\/\/strangercam.com\/"},{"@type":"ListItem","position":2,"name":"Where Can I Chat With Random Girls"}]},{"@type":"WebSite","@id":"https:\/\/strangercam.com\/#website","url":"https:\/\/strangercam.com\/","name":"Strangercam","description":"Chat vid\u00e9o al\u00e9atoire avec des inconnus","publisher":{"@id":"https:\/\/strangercam.com\/#organization"},"alternateName":"Strangercam.com","potentialAction":[{"@type":"SearchAction","target":{"@type":"EntryPoint","urlTemplate":"https:\/\/strangercam.com\/?s={search_term_string}"},"query-input":{"@type":"PropertyValueSpecification","valueRequired":true,"valueName":"search_term_string"}}],"inLanguage":"fr-FR"},{"@type":"Organization","@id":"https:\/\/strangercam.com\/#organization","name":"Strangercam","alternateName":"Strangercam.com","url":"https:\/\/strangercam.com\/","logo":{"@type":"ImageObject","inLanguage":"fr-FR","@id":"https:\/\/strangercam.com\/#\/schema\/logo\/image\/","url":"https:\/\/strangercam.com\/wp-content\/uploads\/2020\/11\/cropped-new-favicon-black.png","contentUrl":"https:\/\/strangercam.com\/wp-content\/uploads\/2020\/11\/cropped-new-favicon-black.png","width":512,"height":512,"caption":"Strangercam"},"image":{"@id":"https:\/\/strangercam.com\/#\/schema\/logo\/image\/"},"sameAs":["https:\/\/www.facebook.com\/strangercam","https:\/\/x.com\/strangercamapp"]}]}},"_links":{"self":[{"href":"https:\/\/strangercam.com\/fr\/wp-json\/wp\/v2\/pages\/4869","targetHints":{"allow":["GET"]}}],"collection":[{"href":"https:\/\/strangercam.com\/fr\/wp-json\/wp\/v2\/pages"}],"about":[{"href":"https:\/\/strangercam.com\/fr\/wp-json\/wp\/v2\/types\/page"}],"author":[{"embeddable":true,"href":"https:\/\/strangercam.com\/fr\/wp-json\/wp\/v2\/users\/8"}],"replies":[{"embeddable":true,"href":"https:\/\/strangercam.com\/fr\/wp-json\/wp\/v2\/comments?post=4869"}],"version-history":[{"count":2,"href":"https:\/\/strangercam.com\/fr\/wp-json\/wp\/v2\/pages\/4869\/revisions"}],"predecessor-version":[{"id":13042,"href":"https:\/\/strangercam.com\/fr\/wp-json\/wp\/v2\/pages\/4869\/revisions\/13042"}],"wp:attachment":[{"href":"https:\/\/strangercam.com\/fr\/wp-json\/wp\/v2\/media?parent=4869"}],"curies":[{"name":"wp","href":"https:\/\/api.w.org\/{rel}","templated":true}]}}