{"id":4831,"date":"2025-09-23T11:00:01","date_gmt":"2025-09-23T09:00:01","guid":{"rendered":"https:\/\/strangercam.com\/?page_id=4831"},"modified":"2025-09-23T12:38:49","modified_gmt":"2025-09-23T10:38:49","slug":"chat-gratuit-et-aleatoire-avec-des-filles","status":"publish","type":"page","link":"https:\/\/strangercam.com\/fr\/chat-gratuit-et-aleatoire-avec-des-filles\/","title":{"rendered":"Chat al\u00e9atoire gratuit avec des filles"},"content":{"rendered":"<p>Vous cherchez un logiciel gratuit et al\u00e9atoire ? <a href=\"https:\/\/strangercam.com\/fr\/chathub\/\">chat<\/a> avec <a href=\"https:\/\/strangercam.com\/fr\/chat-video-avec-des-filles\/\">filles<\/a>? Vous n'\u00eates pas le seul. Chaque mois, des millions de personnes recherchent des moyens simples, instantan\u00e9s et amusants de se connecter avec des filles en ligne. Contrairement aux applications de rencontres ou aux m\u00e9dias sociaux, qui peuvent sembler lents ou remplis de faux profils, le chat al\u00e9atoire avec des filles est direct, spontan\u00e9 et r\u00e9el.<\/p>\n<p>Avec des plateformes modernes comme StrangerCam, vous pouvez vous connecter instantan\u00e9ment avec des filles du monde entier - pas d'inscription, pas de t\u00e9l\u00e9chargement et pas de frais cach\u00e9s. Que vous soyez \u00e0 la recherche d'une amiti\u00e9, d'un flirt occasionnel ou simplement d'un moyen amusant de passer du temps, le chat al\u00e9atoire gratuit avec des filles est l'un des moyens les plus excitants de rencontrer de nouvelles personnes en 2025.<\/p>\n<p>Ce guide couvrira tout ce que vous devez savoir : ce que signifie le chat al\u00e9atoire gratuit avec des filles, pourquoi il est si populaire, comment il fonctionne, quelles sont les fonctionnalit\u00e9s les plus importantes, les comparaisons de plateformes, les conseils de s\u00e9curit\u00e9, et pourquoi StrangerCam est le meilleur choix aujourd'hui.<\/p>\n<h2>Qu'est-ce que le chat al\u00e9atoire gratuit avec des filles ?<\/h2>\n<p>Un chat al\u00e9atoire gratuit avec des filles est un service en ligne qui vous permet de vous connecter instantan\u00e9ment avec des utilisatrices par le biais d'un chat vid\u00e9o ou textuel en direct. Contrairement aux applications de rencontre qui n\u00e9cessitent un swipe ou de longues inscriptions, le chat al\u00e9atoire est rapide : vous autorisez votre cam\u00e9ra, cliquez sur d\u00e9marrer et, en quelques secondes, vous vous retrouvez face \u00e0 face avec une fille qui cherche \u00e0 discuter.<\/p>\n<p>Les meilleures plateformes proposent de v\u00e9ritables filtres de genre, afin que vous puissiez choisir de ne rencontrer que des filles, et elles ne cachent pas cette fonctionnalit\u00e9 derri\u00e8re un mur payant.<\/p>\n<h2>Pourquoi les gens aiment discuter au hasard avec des filles<\/h2>\n<p>La popularit\u00e9 du chat al\u00e9atoire gratuit avec des filles est mont\u00e9e en fl\u00e8che parce que.. :<\/p>\n<ul>\n<li>Amusement spontan\u00e9 : Chaque connexion est nouvelle et impr\u00e9visible.<\/li>\n<li>Authenticit\u00e9 : Les chats vid\u00e9o prouvent que vous parlez \u00e0 une vraie fille, pas \u00e0 un robot.<\/li>\n<li>Une alchimie instantan\u00e9e : Pas d'attente - vous verrez si vous cliquez tout de suite.<\/li>\n<li>Flirt et amiti\u00e9 : Id\u00e9al pour s'amuser ou nouer des liens authentiques.<\/li>\n<li>Pas d'engagement : Aucune inscription ni aucun compte n'est n\u00e9cessaire.<\/li>\n<li>Une port\u00e9e mondiale : Rencontrez des filles du monde entier.<\/li>\n<\/ul>\n<h2>Comment fonctionne le chat al\u00e9atoire gratuit avec des filles ?<\/h2>\n<p>La proc\u00e9dure est simple et rapide :<\/p>\n<ol>\n<li>Ouvrez la plateforme (bureau ou mobile).<\/li>\n<li>Autoriser l'acc\u00e8s \u00e0 la cam\u00e9ra et au microphone.<\/li>\n<li>S\u00e9lectionnez le filtre de genre (filles).<\/li>\n<li>Cliquez sur \"Start Chat\".<\/li>\n<li>Connectez-vous instantan\u00e9ment avec une fille au hasard.<\/li>\n<li>Cliquez sur \"Suivant\" \u00e0 tout moment pour rencontrer quelqu'un de nouveau.<\/li>\n<\/ol>\n<p>Certaines plateformes proposent \u00e9galement des fonctionnalit\u00e9s telles que des filtres de localisation, des traductions ou des applications mobiles pour les discussions en d\u00e9placement.<\/p>\n<h2>Principales caract\u00e9ristiques \u00e0 rechercher<\/h2>\n<p>Si vous voulez le meilleur chat al\u00e9atoire avec des filles, assurez-vous que la plateforme inclut :<\/p>\n<h3>1. Un filtre de genre vraiment libre<\/h3>\n<p>De nombreux sites pr\u00e9tendent vous permettre de rencontrer des filles, mais exigent un paiement. Cherchez une plateforme o\u00f9 cela est gratuit.<\/p>\n<h3>2. Aucune inscription n'est requise<\/h3>\n<p>Restez anonyme et \u00e9vitez de donner des d\u00e9tails personnels.<\/p>\n<h3>3. Forte mod\u00e9ration<\/h3>\n<p>Le signalement actif et la mod\u00e9ration assurent la s\u00e9curit\u00e9 de l'espace.<\/p>\n<h3>4. Vid\u00e9o et audio de haute qualit\u00e9<\/h3>\n<p>Des connexions fluides rendent les conversations plus agr\u00e9ables.<\/p>\n<h3>5. Conception adapt\u00e9e aux mobiles<\/h3>\n<p>Assurez-vous qu'il fonctionne \u00e0 la fois sur les t\u00e9l\u00e9phones et les ordinateurs de bureau.<\/p>\n<h2>Meilleures plateformes gratuites de chat al\u00e9atoire avec des filles en 2025<\/h2>\n<p>Voici une comparaison des meilleures plateformes pour discuter avec des filles au hasard :<\/p>\n<table>\n<thead>\n<tr>\n<th>Plate-forme<\/th>\n<th align=\"center\">Acc\u00e8s gratuit<\/th>\n<th align=\"center\">Filtre de genre<\/th>\n<th align=\"center\">Inscription n\u00e9cessaire<\/th>\n<th align=\"center\">Support mobile<\/th>\n<th align=\"center\">La mod\u00e9ration<\/th>\n<th>Notes<\/th>\n<\/tr>\n<\/thead>\n<tbody>\n<tr>\n<td>StrangerCam<\/td>\n<td align=\"center\">\u2705<\/td>\n<td align=\"center\">\u2705 (Gratuit)<\/td>\n<td align=\"center\">\u274c<\/td>\n<td align=\"center\">\u2705<\/td>\n<td align=\"center\">\u2705<\/td>\n<td>Le meilleur choix pour les chats gratuits entre filles<\/td>\n<\/tr>\n<tr>\n<td><a href=\"https:\/\/strangercam.com\/fr\/chatroulette\/\">Chatroulette<\/a><\/td>\n<td align=\"center\">\u2705<\/td>\n<td align=\"center\">\u274c (Pay\u00e9)<\/td>\n<td align=\"center\">\u274c<\/td>\n<td align=\"center\">\u2705<\/td>\n<td align=\"center\">\u2705<\/td>\n<td>Classique, mais pas de filtres gratuits<\/td>\n<\/tr>\n<tr>\n<td>Chatrandom<\/td>\n<td align=\"center\">\u2705<\/td>\n<td align=\"center\">\u274c (Pay\u00e9)<\/td>\n<td align=\"center\">\u274c<\/td>\n<td align=\"center\">\u2705<\/td>\n<td align=\"center\">\u2705<\/td>\n<td>Populaire, mais des mises \u00e0 niveau sont n\u00e9cessaires<\/td>\n<\/tr>\n<tr>\n<td>Shagle<\/td>\n<td align=\"center\">\u2705<\/td>\n<td align=\"center\">\u274c (Pay\u00e9)<\/td>\n<td align=\"center\">\u274c<\/td>\n<td align=\"center\">\u2705<\/td>\n<td align=\"center\">\u2705<\/td>\n<td>Gratuit au d\u00e9part, filtres premium verrouill\u00e9s<\/td>\n<\/tr>\n<tr>\n<td><a href=\"https:\/\/strangercam.com\/fr\/coomeet\/\">CooMeet<\/a><\/td>\n<td align=\"center\">\u274c (Essai)<\/td>\n<td align=\"center\">\u2705<\/td>\n<td align=\"center\">\u2705<\/td>\n<td align=\"center\">\u2705<\/td>\n<td align=\"center\">\u2705<\/td>\n<td>Pay\u00e9 apr\u00e8s une courte p\u00e9riode d'essai<\/td>\n<\/tr>\n<tr>\n<td>LuckyCrush<\/td>\n<td align=\"center\">\u274c<\/td>\n<td align=\"center\">\u2705<\/td>\n<td align=\"center\">\u2705<\/td>\n<td align=\"center\">\u2705<\/td>\n<td align=\"center\">\u2705<\/td>\n<td>Toujours pay\u00e9, selon le sexe<\/td>\n<\/tr>\n<\/tbody>\n<\/table>\n<p>StrangerCam est l'une des seules plateformes \u00e0 proposer un filtre de genre gratuit afin que vous puissiez discuter avec des filles instantan\u00e9ment, sans inscription ni frais cach\u00e9s.<\/p>\n<h2>Pourquoi StrangerCam est le meilleur choix<\/h2>\n<p>Voici pourquoi StrangerCam est le premier choix pour le chat al\u00e9atoire avec des filles en 2025 :<\/p>\n<h3>1. Filtre de genre gratuit<\/h3>\n<p>Contrairement \u00e0 d'autres plateformes, StrangerCam vous permet d'entrer en contact avec des filles sans payer.<\/p>\n<h3>2. Enti\u00e8rement gratuit et illimit\u00e9<\/h3>\n<p>Pas de frais cach\u00e9s, pas de syst\u00e8me de cr\u00e9dit - juste des chats illimit\u00e9s.<\/p>\n<h3>3. Pas d'inscription n\u00e9cessaire<\/h3>\n<p>Restez anonyme et connectez-vous en quelques secondes.<\/p>\n<h3>4. S\u00e9curit\u00e9 et mod\u00e9ration<\/h3>\n<p>La mod\u00e9ration active rend l'exp\u00e9rience plus s\u00fbre que sur la plupart des plateformes.<\/p>\n<h3>5. Fonctionne sur tous les appareils<\/h3>\n<p>Optimis\u00e9 pour les t\u00e9l\u00e9phones, les tablettes et les ordinateurs de bureau.<\/p>\n<h3>6. Base mondiale d'utilisatrices<\/h3>\n<p>Rencontrez des filles de plus de 100 pays.<\/p>\n<h2>T\u00e9moignages d'utilisateurs r\u00e9els<\/h2>\n<blockquote><p><em>\"J'ai essay\u00e9 d'autres sites mais ils m'ont tous fait payer pour discuter avec des filles. StrangerCam me permet de le faire gratuitement.<\/em><br \/>\n- Daniel, 28 ans<\/p><\/blockquote>\n<blockquote><p><em>\"J'ai nou\u00e9 des amiti\u00e9s avec des filles de trois pays diff\u00e9rents. C'est amusant et on se sent en s\u00e9curit\u00e9.<\/em><br \/>\n- Sophia, 22 ans<\/p><\/blockquote>\n<blockquote><p><em>\"Le filtre de genre fonctionne sans frais cach\u00e9s - enfin un site qui tient ses promesses.<\/em><br \/>\n- Ryan, 30 ans<\/p><\/blockquote>\n<blockquote><p><em>\"Rapide, amusant et gratuit. StrangerCam est mon outil de pr\u00e9dilection pour discuter au hasard avec des filles\".<\/em><br \/>\n- Leah, 19 ans<\/p><\/blockquote>\n<h2>Conseils de s\u00e9curit\u00e9 pour le chat al\u00e9atoire avec les filles<\/h2>\n<p>Bien qu'il soit amusant de discuter en ligne, il faut toujours rester prudent :<\/p>\n<ul>\n<li>Ne communiquez pas de donn\u00e9es personnelles telles que votre num\u00e9ro de t\u00e9l\u00e9phone ou votre adresse.<\/li>\n<li>\u00c9vitez de cliquer sur des liens provenant d'inconnus.<\/li>\n<li>Utilisez librement la touche \"Suivant\" si vous ne vous sentez pas \u00e0 l'aise.<\/li>\n<li>V\u00e9rifiez vos ant\u00e9c\u00e9dents avant d'allumer votre webcam.<\/li>\n<li>Utilisez les outils de la plateforme pour signaler ou bloquer les messages.<\/li>\n<li>Respecter les r\u00e8gles d'\u00e2ge - ne pas utiliser si l'on est \u00e2g\u00e9 de moins de 18 ans.<\/li>\n<\/ul>\n<h2>Comment d\u00e9marrer - \u00e9tape par \u00e9tape<\/h2>\n<p>Il ne faut que quelques secondes pour commencer un chat gratuit avec des filles :<\/p>\n<ol>\n<li>Ouvrez StrangerCam sur votre appareil.<\/li>\n<li>Autoriser l'acc\u00e8s \u00e0 la cam\u00e9ra et au microphone.<\/li>\n<li>Choisissez le filtre de genre (filles).<\/li>\n<li>Cliquez sur Start Chat.<\/li>\n<li>Appuyez sur Suivant \u00e0 tout moment pour rencontrer quelqu'un de nouveau.<\/li>\n<\/ol>\n<p>Rapide, simple et totalement gratuit.<\/p>\n<p>En 2025, le chat al\u00e9atoire gratuit avec des filles est l'un des moyens les plus excitants et les plus authentiques de rencontrer de nouvelles personnes en ligne. Contrairement aux applications de rencontres ou aux m\u00e9dias sociaux, le chat est spontan\u00e9, r\u00e9el et instantan\u00e9.<\/p>\n<p>Cependant, tous les sites ne sont pas \u00e0 la hauteur : certains verrouillent les fonctionnalit\u00e9s derri\u00e8re des murs payants ou inondent leurs chats de bots. C'est pourquoi StrangerCam est le meilleur choix : gratuit, s\u00fbr, mondial et toujours rempli de vrais utilisateurs.<\/p>\n<p>Pr\u00eat \u00e0 vous connecter ? Commencez un chat al\u00e9atoire gratuit avec des filles aujourd'hui et voyez qui vous rencontrerez ensuite.<\/p>","protected":false},"excerpt":{"rendered":"<p>Are you searching for a free random chat with girls? You\u2019re not the only one. Millions of people every month look for simple, instant, and fun ways to connect with girls online. Unlike dating apps or social media, which can feel slow or full of fake profiles, random chat with girls is direct, spontaneous, and [&hellip;]<\/p>\n","protected":false},"author":8,"featured_media":0,"parent":0,"menu_order":0,"comment_status":"closed","ping_status":"closed","template":"","meta":{"footnotes":""},"class_list":["post-4831","page","type-page","status-publish","hentry"],"yoast_head":"<!-- This site is optimized with the Yoast SEO plugin v26.9 - https:\/\/yoast.com\/product\/yoast-seo-wordpress\/ -->\n<title>Free Random Chat With Girls - StrangerCam.com: Cam With Strangers<\/title>\n<meta name=\"description\" content=\"Free Random Chat With Girls anonymously with over 5.000.000 strangers. No Sign-Up Required! Cam with strangers on StrangerCam.com.\" \/>\n<meta name=\"robots\" content=\"index, follow, max-snippet:-1, max-image-preview:large, max-video-preview:-1\" \/>\n<link rel=\"canonical\" href=\"https:\/\/strangercam.com\/fr\/chat-gratuit-et-aleatoire-avec-des-filles\/\" \/>\n<meta property=\"og:locale\" content=\"fr_FR\" \/>\n<meta property=\"og:type\" content=\"article\" \/>\n<meta property=\"og:title\" content=\"Free Random Chat With Girls - StrangerCam.com: Cam With Strangers\" \/>\n<meta property=\"og:description\" content=\"Free Random Chat With Girls anonymously with over 5.000.000 strangers. No Sign-Up Required! Cam with strangers on StrangerCam.com.\" \/>\n<meta property=\"og:url\" content=\"https:\/\/strangercam.com\/fr\/chat-gratuit-et-aleatoire-avec-des-filles\/\" \/>\n<meta property=\"og:site_name\" content=\"Strangercam\" \/>\n<meta property=\"article:publisher\" content=\"https:\/\/www.facebook.com\/strangercam\" \/>\n<meta property=\"article:modified_time\" content=\"2025-09-23T10:38:49+00:00\" \/>\n<meta property=\"og:image\" content=\"https:\/\/strangercam.com\/wp-content\/uploads\/2021\/10\/Untitled-2.png\" \/>\n\t<meta property=\"og:image:width\" content=\"800\" \/>\n\t<meta property=\"og:image:height\" content=\"532\" \/>\n\t<meta property=\"og:image:type\" content=\"image\/png\" \/>\n<meta name=\"twitter:card\" content=\"summary_large_image\" \/>\n<meta name=\"twitter:site\" content=\"@strangercamapp\" \/>\n<meta name=\"twitter:label1\" content=\"Dur\u00e9e de lecture estim\u00e9e\" \/>\n\t<meta name=\"twitter:data1\" content=\"4 minutes\" \/>\n<script type=\"application\/ld+json\" class=\"yoast-schema-graph\">{\"@context\":\"https:\/\/schema.org\",\"@graph\":[{\"@type\":\"WebPage\",\"@id\":\"https:\/\/strangercam.com\/free-random-chat-with-girls\/\",\"url\":\"https:\/\/strangercam.com\/free-random-chat-with-girls\/\",\"name\":\"Free Random Chat With Girls - StrangerCam.com: Cam With Strangers\",\"isPartOf\":{\"@id\":\"https:\/\/strangercam.com\/#website\"},\"datePublished\":\"2025-09-23T09:00:01+00:00\",\"dateModified\":\"2025-09-23T10:38:49+00:00\",\"description\":\"Free Random Chat With Girls anonymously with over 5.000.000 strangers. No Sign-Up Required! Cam with strangers on StrangerCam.com.\",\"breadcrumb\":{\"@id\":\"https:\/\/strangercam.com\/free-random-chat-with-girls\/#breadcrumb\"},\"inLanguage\":\"fr-FR\",\"potentialAction\":[{\"@type\":\"ReadAction\",\"target\":[\"https:\/\/strangercam.com\/free-random-chat-with-girls\/\"]}]},{\"@type\":\"BreadcrumbList\",\"@id\":\"https:\/\/strangercam.com\/free-random-chat-with-girls\/#breadcrumb\",\"itemListElement\":[{\"@type\":\"ListItem\",\"position\":1,\"name\":\"Home\",\"item\":\"https:\/\/strangercam.com\/\"},{\"@type\":\"ListItem\",\"position\":2,\"name\":\"Free Random Chat With Girls\"}]},{\"@type\":\"WebSite\",\"@id\":\"https:\/\/strangercam.com\/#website\",\"url\":\"https:\/\/strangercam.com\/\",\"name\":\"Strangercam\",\"description\":\"Random Video Chat with Strangers\",\"publisher\":{\"@id\":\"https:\/\/strangercam.com\/#organization\"},\"alternateName\":\"Strangercam.com\",\"potentialAction\":[{\"@type\":\"SearchAction\",\"target\":{\"@type\":\"EntryPoint\",\"urlTemplate\":\"https:\/\/strangercam.com\/?s={search_term_string}\"},\"query-input\":{\"@type\":\"PropertyValueSpecification\",\"valueRequired\":true,\"valueName\":\"search_term_string\"}}],\"inLanguage\":\"fr-FR\"},{\"@type\":\"Organization\",\"@id\":\"https:\/\/strangercam.com\/#organization\",\"name\":\"Strangercam\",\"alternateName\":\"Strangercam.com\",\"url\":\"https:\/\/strangercam.com\/\",\"logo\":{\"@type\":\"ImageObject\",\"inLanguage\":\"fr-FR\",\"@id\":\"https:\/\/strangercam.com\/#\/schema\/logo\/image\/\",\"url\":\"https:\/\/strangercam.com\/wp-content\/uploads\/2020\/11\/cropped-new-favicon-black.png\",\"contentUrl\":\"https:\/\/strangercam.com\/wp-content\/uploads\/2020\/11\/cropped-new-favicon-black.png\",\"width\":512,\"height\":512,\"caption\":\"Strangercam\"},\"image\":{\"@id\":\"https:\/\/strangercam.com\/#\/schema\/logo\/image\/\"},\"sameAs\":[\"https:\/\/www.facebook.com\/strangercam\",\"https:\/\/x.com\/strangercamapp\"]}]}<\/script>\n<!-- \/ Yoast SEO plugin. -->","yoast_head_json":{"title":"Chat al\u00e9atoire gratuit avec des filles - StrangerCam.com : Cam avec des \u00e9trangers","description":"Free Random Chat With Girls anonymement avec plus de 5.000.000 d'inconnus. Pas d'inscription n\u00e9cessaire ! Campez avec des inconnus sur StrangerCam.com.","robots":{"index":"index","follow":"follow","max-snippet":"max-snippet:-1","max-image-preview":"max-image-preview:large","max-video-preview":"max-video-preview:-1"},"canonical":"https:\/\/strangercam.com\/fr\/chat-gratuit-et-aleatoire-avec-des-filles\/","og_locale":"fr_FR","og_type":"article","og_title":"Free Random Chat With Girls - StrangerCam.com: Cam With Strangers","og_description":"Free Random Chat With Girls anonymously with over 5.000.000 strangers. No Sign-Up Required! Cam with strangers on StrangerCam.com.","og_url":"https:\/\/strangercam.com\/fr\/chat-gratuit-et-aleatoire-avec-des-filles\/","og_site_name":"Strangercam","article_publisher":"https:\/\/www.facebook.com\/strangercam","article_modified_time":"2025-09-23T10:38:49+00:00","og_image":[{"width":800,"height":532,"url":"https:\/\/strangercam.com\/wp-content\/uploads\/2021\/10\/Untitled-2.png","type":"image\/png"}],"twitter_card":"summary_large_image","twitter_site":"@strangercamapp","twitter_misc":{"Dur\u00e9e de lecture estim\u00e9e":"4 minutes"},"schema":{"@context":"https:\/\/schema.org","@graph":[{"@type":"WebPage","@id":"https:\/\/strangercam.com\/free-random-chat-with-girls\/","url":"https:\/\/strangercam.com\/free-random-chat-with-girls\/","name":"Chat al\u00e9atoire gratuit avec des filles - StrangerCam.com : Cam avec des \u00e9trangers","isPartOf":{"@id":"https:\/\/strangercam.com\/#website"},"datePublished":"2025-09-23T09:00:01+00:00","dateModified":"2025-09-23T10:38:49+00:00","description":"Free Random Chat With Girls anonymement avec plus de 5.000.000 d'inconnus. Pas d'inscription n\u00e9cessaire ! Campez avec des inconnus sur StrangerCam.com.","breadcrumb":{"@id":"https:\/\/strangercam.com\/free-random-chat-with-girls\/#breadcrumb"},"inLanguage":"fr-FR","potentialAction":[{"@type":"ReadAction","target":["https:\/\/strangercam.com\/free-random-chat-with-girls\/"]}]},{"@type":"BreadcrumbList","@id":"https:\/\/strangercam.com\/free-random-chat-with-girls\/#breadcrumb","itemListElement":[{"@type":"ListItem","position":1,"name":"Home","item":"https:\/\/strangercam.com\/"},{"@type":"ListItem","position":2,"name":"Free Random Chat With Girls"}]},{"@type":"WebSite","@id":"https:\/\/strangercam.com\/#website","url":"https:\/\/strangercam.com\/","name":"Strangercam","description":"Chat vid\u00e9o al\u00e9atoire avec des inconnus","publisher":{"@id":"https:\/\/strangercam.com\/#organization"},"alternateName":"Strangercam.com","potentialAction":[{"@type":"SearchAction","target":{"@type":"EntryPoint","urlTemplate":"https:\/\/strangercam.com\/?s={search_term_string}"},"query-input":{"@type":"PropertyValueSpecification","valueRequired":true,"valueName":"search_term_string"}}],"inLanguage":"fr-FR"},{"@type":"Organization","@id":"https:\/\/strangercam.com\/#organization","name":"Strangercam","alternateName":"Strangercam.com","url":"https:\/\/strangercam.com\/","logo":{"@type":"ImageObject","inLanguage":"fr-FR","@id":"https:\/\/strangercam.com\/#\/schema\/logo\/image\/","url":"https:\/\/strangercam.com\/wp-content\/uploads\/2020\/11\/cropped-new-favicon-black.png","contentUrl":"https:\/\/strangercam.com\/wp-content\/uploads\/2020\/11\/cropped-new-favicon-black.png","width":512,"height":512,"caption":"Strangercam"},"image":{"@id":"https:\/\/strangercam.com\/#\/schema\/logo\/image\/"},"sameAs":["https:\/\/www.facebook.com\/strangercam","https:\/\/x.com\/strangercamapp"]}]}},"_links":{"self":[{"href":"https:\/\/strangercam.com\/fr\/wp-json\/wp\/v2\/pages\/4831","targetHints":{"allow":["GET"]}}],"collection":[{"href":"https:\/\/strangercam.com\/fr\/wp-json\/wp\/v2\/pages"}],"about":[{"href":"https:\/\/strangercam.com\/fr\/wp-json\/wp\/v2\/types\/page"}],"author":[{"embeddable":true,"href":"https:\/\/strangercam.com\/fr\/wp-json\/wp\/v2\/users\/8"}],"replies":[{"embeddable":true,"href":"https:\/\/strangercam.com\/fr\/wp-json\/wp\/v2\/comments?post=4831"}],"version-history":[{"count":2,"href":"https:\/\/strangercam.com\/fr\/wp-json\/wp\/v2\/pages\/4831\/revisions"}],"predecessor-version":[{"id":13040,"href":"https:\/\/strangercam.com\/fr\/wp-json\/wp\/v2\/pages\/4831\/revisions\/13040"}],"wp:attachment":[{"href":"https:\/\/strangercam.com\/fr\/wp-json\/wp\/v2\/media?parent=4831"}],"curies":[{"name":"wp","href":"https:\/\/api.w.org\/{rel}","templated":true}]}}