{"id":4141,"date":"2025-09-08T08:04:51","date_gmt":"2025-09-08T06:04:51","guid":{"rendered":"https:\/\/strangercam.com\/?page_id=4141"},"modified":"2025-09-08T10:12:00","modified_gmt":"2025-09-08T08:12:00","slug":"cam-dating","status":"publish","type":"page","link":"https:\/\/strangercam.com\/fr\/cam-dating\/","title":{"rendered":"Cam Dating"},"content":{"rendered":"<p>\u00cates-vous curieux de savoir <a href=\"https:\/\/strangercam.com\/fr\/bazoocam\/\">came<\/a> des rendez-vous galants ? Vous n'\u00eates pas le seul. De plus en plus de personnes se tournent vers les chats vid\u00e9o en ligne comme moyen amusant et authentique de se connecter. Contrairement aux applications de rencontres traditionnelles o\u00f9 les conversations peuvent sembler lentes ou fausses, les rencontres par webcam vous permettent de voir et de parler \u00e0 quelqu'un instantan\u00e9ment. C'est personnel, r\u00e9el et souvent plus excitant que le simple fait de passer d'un profil \u00e0 l'autre.<\/p>\n<p>Gr\u00e2ce \u00e0 des plateformes telles que StrangerCam, vous pouvez lancer une <a href=\"https:\/\/strangercam.com\/fr\/cam-to-cam-chat\/\">Cam\u00e9ra gratuite<\/a> L'exp\u00e9rience de la rencontre par cam d\u00e8s maintenant - pas d'inscription, pas de t\u00e9l\u00e9chargement et pas de frais cach\u00e9s. Que vous soyez \u00e0 la recherche d'une amiti\u00e9, d'un flirt occasionnel ou de quelque chose de plus s\u00e9rieux, les rencontres par webcam sont l'un des moyens les plus rapides de rencontrer de nouvelles personnes en 2025.<\/p>\n<p>Ce guide couvre tout ce que vous devez savoir : ce qu'est la rencontre par webcam, pourquoi elle est si populaire, comment elle fonctionne, quelles sont les caract\u00e9ristiques \u00e0 rechercher, une comparaison des meilleures plateformes, des conseils de s\u00e9curit\u00e9, et pourquoi StrangerCam est l'un des meilleurs choix pour la rencontre gratuite par webcam aujourd'hui.<\/p>\n<h2>Qu'est-ce que le Cam Dating ?<\/h2>\n<p>La rencontre par cam\u00e9ra est une forme de rencontre en ligne qui utilise la vid\u00e9o en direct. <a href=\"https:\/\/strangercam.com\/fr\/chathub\/\">chat<\/a> pour mettre en relation deux personnes face \u00e0 face en temps r\u00e9el. Au lieu de faire d\u00e9filer des profils interminables ou d'attendre des correspondances, les rencontres par webcam se concentrent sur l'alchimie instantan\u00e9e - vous voyez l'autre personne imm\u00e9diatement et d\u00e9cidez si l'ambiance est bonne.<\/p>\n<p>Le format est priv\u00e9, simple et direct. Vous autorisez votre appareil photo, cliquez sur \"D\u00e9marrer\" et vous \u00eates instantan\u00e9ment mis en relation avec quelqu'un qui cherche \u00e9galement \u00e0 avoir une conversation. Si le courant ne passe pas, cliquez sur Suivant et vous serez mis en relation avec quelqu'un d'autre.<\/p>\n<h2>Pourquoi les gens aiment les rencontres Cam gratuites<\/h2>\n<p>L'attrait des rencontres par webcam gratuites est \u00e9vident :<\/p>\n<ul>\n<li>Authenticit\u00e9 : Vous savez que la personne est r\u00e9elle et qu'il ne s'agit pas d'un faux profil ou d'un robot.<\/li>\n<li>Une alchimie instantan\u00e9e : Pas d'attente - d\u00e9cidez rapidement s'il y a une \u00e9tincelle.<\/li>\n<li>Spontan\u00e9it\u00e9 : chaque chat vid\u00e9o est unique et impr\u00e9visible.<\/li>\n<li>Confidentialit\u00e9 : Contrairement aux salons de groupe, les rencontres par webcam se font en t\u00eate-\u00e0-t\u00eate.<\/li>\n<li>Une port\u00e9e mondiale : Rencontrez des personnes du monde entier 24 heures sur 24, 7 jours sur 7.<\/li>\n<li>Amusant et passionnant : Un m\u00e9lange de flirt, d'amiti\u00e9 et d'\u00e9change culturel.<\/li>\n<\/ul>\n<h2>Comment fonctionne le Cam Dating ?<\/h2>\n<p>Commencer \u00e0 faire des rencontres par webcam est tr\u00e8s simple :<\/p>\n<ol>\n<li>Ouvrez une plateforme de rencontres par webcam comme StrangerCam.<\/li>\n<li>Autoriser l'acc\u00e8s \u00e0 la cam\u00e9ra et au microphone.<\/li>\n<li>Cliquez sur \"Start Chat\".<\/li>\n<li>Rencontrez quelqu'un instantan\u00e9ment lors d'un appel vid\u00e9o priv\u00e9.<\/li>\n<li>Cliquez sur \"Suivant\" pour continuer si l'ambiance n'est pas bonne.<\/li>\n<\/ol>\n<p>L'ensemble du processus prend moins d'une minute et peut donner lieu \u00e0 des heures de conversations amusantes et spontan\u00e9es.<\/p>\n<h2>Principales caract\u00e9ristiques \u00e0 rechercher<\/h2>\n<p>Lorsque vous choisissez un site de rencontres par webcam, gardez ces caract\u00e9ristiques \u00e0 l'esprit :<\/p>\n<h3>1. Un acc\u00e8s r\u00e9ellement gratuit<\/h3>\n<p>De nombreux sites pr\u00e9tendent \u00eatre gratuits mais cachent les fonctions essentielles derri\u00e8re des murs payants. Recherchez le chat gratuit illimit\u00e9.<\/p>\n<h3>2. Aucune inscription n'est requise<\/h3>\n<p>Les meilleures plateformes de rencontres par webcam vous permettent de commencer sans cr\u00e9er de compte.<\/p>\n<h3>3. Filtres de genre et de localisation<\/h3>\n<p>Utile pour trouver des personnes qui correspondent \u00e0 vos pr\u00e9f\u00e9rences.<\/p>\n<h3>4. Mod\u00e9ration s\u00fbre<\/h3>\n<p>De solides outils de signalement et de blocage garantissent la s\u00e9curit\u00e9 de l'espace.<\/p>\n<h3>5. Une exp\u00e9rience conviviale pour les mobiles<\/h3>\n<p>Assurez-vous que la plateforme fonctionne aussi bien sur les smartphones que sur les ordinateurs de bureau.<\/p>\n<h3>6. Vid\u00e9o et audio de haute qualit\u00e9<\/h3>\n<p>Des liens clairs facilitent la cr\u00e9ation d'une alchimie.<\/p>\n<h2>Meilleures plateformes de rencontres par webcam en 2025<\/h2>\n<p>Voici une comparaison des plateformes les plus populaires pour les rencontres par webcam :<\/p>\n<table>\n<thead>\n<tr>\n<th>Plate-forme<\/th>\n<th align=\"center\">Acc\u00e8s gratuit<\/th>\n<th align=\"center\">Filtre de genre<\/th>\n<th align=\"center\">Inscription n\u00e9cessaire<\/th>\n<th align=\"center\">Support mobile<\/th>\n<th align=\"center\">La mod\u00e9ration<\/th>\n<th>Notes<\/th>\n<\/tr>\n<\/thead>\n<tbody>\n<tr>\n<td>StrangerCam<\/td>\n<td align=\"center\">\u2705<\/td>\n<td align=\"center\">\u2705 (Gratuit)<\/td>\n<td align=\"center\">\u274c<\/td>\n<td align=\"center\">\u2705<\/td>\n<td align=\"center\">\u2705<\/td>\n<td>Le meilleur choix pour les rencontres par webcam gratuites<\/td>\n<\/tr>\n<tr>\n<td><a href=\"https:\/\/strangercam.com\/fr\/chatroulette\/\">Chatroulette<\/a><\/td>\n<td align=\"center\">\u2705<\/td>\n<td align=\"center\">\u274c (Pay\u00e9)<\/td>\n<td align=\"center\">\u274c<\/td>\n<td align=\"center\">\u2705<\/td>\n<td align=\"center\">\u2705<\/td>\n<td>Classique, mais les filtres de genre co\u00fbtent cher<\/td>\n<\/tr>\n<tr>\n<td>Chatrandom<\/td>\n<td align=\"center\">\u2705<\/td>\n<td align=\"center\">\u274c (Pay\u00e9)<\/td>\n<td align=\"center\">\u274c<\/td>\n<td align=\"center\">\u2705<\/td>\n<td align=\"center\">\u2705<\/td>\n<td>Large base d'utilisateurs, mises \u00e0 jour pouss\u00e9es<\/td>\n<\/tr>\n<tr>\n<td>Shagle<\/td>\n<td align=\"center\">\u2705<\/td>\n<td align=\"center\">\u274c (Pay\u00e9)<\/td>\n<td align=\"center\">\u274c<\/td>\n<td align=\"center\">\u2705<\/td>\n<td align=\"center\">\u2705<\/td>\n<td>Entr\u00e9e gratuite, prime pour les filtres<\/td>\n<\/tr>\n<tr>\n<td><a href=\"https:\/\/strangercam.com\/fr\/coomeet\/\">CooMeet<\/a><\/td>\n<td align=\"center\">\u274c (Essai)<\/td>\n<td align=\"center\">\u2705<\/td>\n<td align=\"center\">\u2705<\/td>\n<td align=\"center\">\u2705<\/td>\n<td align=\"center\">\u2705<\/td>\n<td>Plate-forme payante ax\u00e9e sur les rencontres avec des filles<\/td>\n<\/tr>\n<tr>\n<td>LuckyCrush<\/td>\n<td align=\"center\">\u274c<\/td>\n<td align=\"center\">\u2705<\/td>\n<td align=\"center\">\u2705<\/td>\n<td align=\"center\">\u2705<\/td>\n<td align=\"center\">\u2705<\/td>\n<td>Toujours r\u00e9mun\u00e9r\u00e9, il fait correspondre les hommes aux femmes<\/td>\n<\/tr>\n<\/tbody>\n<\/table>\n<p>Parmi ces plateformes, StrangerCam est l'une des seules \u00e0 proposer des rencontres par webcam gratuites, sans inscription et avec un filtre de genre fonctionnel.<\/p>\n<h2>Pourquoi StrangerCam est le meilleur choix<\/h2>\n<p>Voici pourquoi StrangerCam est le premier choix pour les rencontres par webcam en 2025 :<\/p>\n<h3>1. Enti\u00e8rement gratuit et illimit\u00e9<\/h3>\n<p>Pas de frais cach\u00e9s, d'essais ou de cr\u00e9dits - discutez autant que vous le souhaitez.<\/p>\n<h3>2. Filtre de genre gratuit<\/h3>\n<p>Choisissez qui vous voulez rencontrer - des gars, des filles ou les deux - sans payer de suppl\u00e9ment.<\/p>\n<h3>3. Discussions priv\u00e9es en t\u00eate-\u00e0-t\u00eate<\/h3>\n<p>Des conversations cibl\u00e9es et personnelles au lieu des forums de discussion bond\u00e9s.<\/p>\n<h3>4. Pas d'inscription requise<\/h3>\n<p>Restez anonyme et connectez-vous instantan\u00e9ment.<\/p>\n<h3>5. S\u00e9curit\u00e9 et mod\u00e9ration<\/h3>\n<p>La mod\u00e9ration active \u00e9loigne les robots et les utilisateurs inappropri\u00e9s.<\/p>\n<h3>6. Fonctionne sur tous les appareils<\/h3>\n<p>Optimis\u00e9 pour les ordinateurs de bureau, les tablettes et les t\u00e9l\u00e9phones portables.<\/p>\n<h2>T\u00e9moignages d'utilisateurs r\u00e9els<\/h2>\n<blockquote><p><em>\"Je voulais essayer les rencontres par webcam parce que les applications habituelles me semblaient trop lentes. StrangerCam m'a permis d'\u00e9tablir des connexions instantan\u00e9es et j'ai trouv\u00e9 quelqu'un avec qui je continue \u00e0 chatter r\u00e9guli\u00e8rement.<\/em><br \/>\n- David, 29 ans<\/p><\/blockquote>\n<blockquote><p><em>\"C'est plus r\u00e9el que de passer d'une application \u00e0 l'autre. Je peux tout de suite savoir si quelqu'un me pla\u00eet\".<\/em><br \/>\n- Sophia, 23 ans<\/p><\/blockquote>\n<blockquote><p><em>\"Enfin un site de rencontres par webcam o\u00f9 le filtre de genre est gratuit et fonctionne comme promis.<\/em><br \/>\n- Ryan, 31 ans<\/p><\/blockquote>\n<blockquote><p><em>\"J'ai d\u00e9j\u00e0 rencontr\u00e9 des personnes originaires de trois continents. C'est passionnant et bien plus amusant que les rencontres traditionnelles en ligne.\"<\/em><br \/>\n- Leah, 20 ans<\/p><\/blockquote>\n<h2>Conseils de s\u00e9curit\u00e9 pour les rencontres par webcam<\/h2>\n<p>Bien que les rencontres par webcam soient amusantes et excitantes, n'oubliez pas ces quelques conseils de s\u00e9curit\u00e9 :<\/p>\n<ul>\n<li>Ne communiquez pas de donn\u00e9es personnelles telles que votre num\u00e9ro de t\u00e9l\u00e9phone, votre adresse \u00e9lectronique ou votre adresse postale.<\/li>\n<li>Ignorez ou bloquez toute personne qui vous met mal \u00e0 l'aise.<\/li>\n<li>Ne cliquez jamais sur des liens suspects.<\/li>\n<li>V\u00e9rifiez vos ant\u00e9c\u00e9dents avant d'allumer votre webcam.<\/li>\n<li>S'en tenir aux outils de signalement et de blocage de la plateforme.<\/li>\n<li>Respectez les restrictions d'\u00e2ge - si vous avez moins de 18 ans, n'utilisez pas les sites de rencontres par webcam pour adultes.<\/li>\n<\/ul>\n<h2>Comment d\u00e9marrer - \u00e9tape par \u00e9tape<\/h2>\n<p>Il faut moins d'une minute pour commencer \u00e0 faire des rencontres par webcam :<\/p>\n<ol>\n<li>Ouvrez StrangerCam sur votre appareil.<\/li>\n<li>Autoriser l'acc\u00e8s \u00e0 la cam\u00e9ra et au microphone.<\/li>\n<li>Choisissez vos pr\u00e9f\u00e9rences (comme les filtres de genre).<\/li>\n<li>Cliquez sur D\u00e9marrer le chat pour vous connecter instantan\u00e9ment.<\/li>\n<li>S'il n'y a pas d'\u00e9tincelle, appuyez sur Suivant pour continuer.<\/li>\n<\/ol>\n<p>Rapide, simple et 100% gratuit.<\/p>\n<p>En 2025, les rencontres par webcam sont l'un des moyens les plus rapides et les plus authentiques de se connecter en ligne. Contrairement aux applications de rencontre traditionnelles, il s'agit d'un face-\u00e0-face, instantan\u00e9 et amusant.<\/p>\n<p>Mais toutes les plateformes ne sont pas \u00e0 la hauteur. Beaucoup cachent des fonctions essentielles derri\u00e8re des murs payants ou sont envahies par des bots. C'est pourquoi StrangerCam est la meilleure option : elle est gratuite, s\u00fbre, priv\u00e9e et toujours remplie de vrais utilisateurs pr\u00eats \u00e0 se connecter.<\/p>\n<p>Pr\u00eat \u00e0 essayer ? Commencez \u00e0 faire des rencontres par webcam gratuite aujourd'hui et d\u00e9couvrez qui vous rencontrerez ensuite.<\/p>","protected":false},"excerpt":{"rendered":"<p>Are you curious about cam dating? You\u2019re not alone. More and more people are turning to online video chats as a fun and authentic way to connect. Unlike traditional dating apps where conversations can feel slow or fake, cam dating lets you see and talk to someone instantly. It\u2019s personal, real, and often more exciting [&hellip;]<\/p>\n","protected":false},"author":8,"featured_media":0,"parent":0,"menu_order":0,"comment_status":"closed","ping_status":"closed","template":"","meta":{"footnotes":""},"class_list":["post-4141","page","type-page","status-publish","hentry"],"yoast_head":"<!-- This site is optimized with the Yoast SEO plugin v27.4 - https:\/\/yoast.com\/product\/yoast-seo-wordpress\/ -->\n<title>Cam Dating with Video Chat on Strangercam.com<\/title>\n<meta name=\"description\" content=\"Liking Cam Dating? Join millions on StrangerCam.com! Start a random video chat, turn on your cam, and meet strangers instantly.\" \/>\n<meta name=\"robots\" content=\"index, follow, max-snippet:-1, max-image-preview:large, max-video-preview:-1\" \/>\n<link rel=\"canonical\" href=\"https:\/\/strangercam.com\/fr\/cam-dating\/\" \/>\n<meta property=\"og:locale\" content=\"fr_FR\" \/>\n<meta property=\"og:type\" content=\"article\" \/>\n<meta property=\"og:title\" content=\"Cam Dating with Video Chat on Strangercam.com\" \/>\n<meta property=\"og:description\" content=\"Liking Cam Dating? Join millions on StrangerCam.com! Start a random video chat, turn on your cam, and meet strangers instantly.\" \/>\n<meta property=\"og:url\" content=\"https:\/\/strangercam.com\/fr\/cam-dating\/\" \/>\n<meta property=\"og:site_name\" content=\"Strangercam\" \/>\n<meta property=\"article:publisher\" content=\"https:\/\/www.facebook.com\/strangercam\" \/>\n<meta property=\"article:modified_time\" content=\"2025-09-08T08:12:00+00:00\" \/>\n<meta property=\"og:image\" content=\"https:\/\/strangercam.com\/wp-content\/uploads\/2021\/10\/Untitled-2.png\" \/>\n\t<meta property=\"og:image:width\" content=\"800\" \/>\n\t<meta property=\"og:image:height\" content=\"532\" \/>\n\t<meta property=\"og:image:type\" content=\"image\/png\" \/>\n<meta name=\"twitter:card\" content=\"summary_large_image\" \/>\n<meta name=\"twitter:site\" content=\"@strangercamapp\" \/>\n<meta name=\"twitter:label1\" content=\"Dur\u00e9e de lecture estim\u00e9e\" \/>\n\t<meta name=\"twitter:data1\" content=\"4 minutes\" \/>\n<script type=\"application\/ld+json\" class=\"yoast-schema-graph\">{\"@context\":\"https:\\\/\\\/schema.org\",\"@graph\":[{\"@type\":\"WebPage\",\"@id\":\"https:\\\/\\\/strangercam.com\\\/cam-dating\\\/\",\"url\":\"https:\\\/\\\/strangercam.com\\\/cam-dating\\\/\",\"name\":\"Cam Dating with Video Chat on Strangercam.com\",\"isPartOf\":{\"@id\":\"https:\\\/\\\/strangercam.com\\\/#website\"},\"datePublished\":\"2025-09-08T06:04:51+00:00\",\"dateModified\":\"2025-09-08T08:12:00+00:00\",\"description\":\"Liking Cam Dating? Join millions on StrangerCam.com! Start a random video chat, turn on your cam, and meet strangers instantly.\",\"breadcrumb\":{\"@id\":\"https:\\\/\\\/strangercam.com\\\/cam-dating\\\/#breadcrumb\"},\"inLanguage\":\"fr-FR\",\"potentialAction\":[{\"@type\":\"ReadAction\",\"target\":[\"https:\\\/\\\/strangercam.com\\\/cam-dating\\\/\"]}]},{\"@type\":\"BreadcrumbList\",\"@id\":\"https:\\\/\\\/strangercam.com\\\/cam-dating\\\/#breadcrumb\",\"itemListElement\":[{\"@type\":\"ListItem\",\"position\":1,\"name\":\"Home\",\"item\":\"https:\\\/\\\/strangercam.com\\\/\"},{\"@type\":\"ListItem\",\"position\":2,\"name\":\"Cam Dating\"}]},{\"@type\":\"WebSite\",\"@id\":\"https:\\\/\\\/strangercam.com\\\/#website\",\"url\":\"https:\\\/\\\/strangercam.com\\\/\",\"name\":\"Strangercam\",\"description\":\"Random Video Chat with Strangers\",\"publisher\":{\"@id\":\"https:\\\/\\\/strangercam.com\\\/#organization\"},\"alternateName\":\"Strangercam.com\",\"potentialAction\":[{\"@type\":\"SearchAction\",\"target\":{\"@type\":\"EntryPoint\",\"urlTemplate\":\"https:\\\/\\\/strangercam.com\\\/?s={search_term_string}\"},\"query-input\":{\"@type\":\"PropertyValueSpecification\",\"valueRequired\":true,\"valueName\":\"search_term_string\"}}],\"inLanguage\":\"fr-FR\"},{\"@type\":\"Organization\",\"@id\":\"https:\\\/\\\/strangercam.com\\\/#organization\",\"name\":\"Strangercam\",\"alternateName\":\"Strangercam.com\",\"url\":\"https:\\\/\\\/strangercam.com\\\/\",\"logo\":{\"@type\":\"ImageObject\",\"inLanguage\":\"fr-FR\",\"@id\":\"https:\\\/\\\/strangercam.com\\\/#\\\/schema\\\/logo\\\/image\\\/\",\"url\":\"https:\\\/\\\/strangercam.com\\\/wp-content\\\/uploads\\\/2020\\\/11\\\/cropped-new-favicon-black.png\",\"contentUrl\":\"https:\\\/\\\/strangercam.com\\\/wp-content\\\/uploads\\\/2020\\\/11\\\/cropped-new-favicon-black.png\",\"width\":512,\"height\":512,\"caption\":\"Strangercam\"},\"image\":{\"@id\":\"https:\\\/\\\/strangercam.com\\\/#\\\/schema\\\/logo\\\/image\\\/\"},\"sameAs\":[\"https:\\\/\\\/www.facebook.com\\\/strangercam\",\"https:\\\/\\\/x.com\\\/strangercamapp\"]}]}<\/script>\n<!-- \/ Yoast SEO plugin. -->","yoast_head_json":{"title":"Cam Dating with Video Chat on Strangercam.com","description":"Vous aimez les Cam Dating ? Join millions sur StrangerCam.com ! Commencez un chat vid\u00e9o al\u00e9atoire, allumez votre cam\u00e9ra et rencontrez des inconnus instantan\u00e9ment.","robots":{"index":"index","follow":"follow","max-snippet":"max-snippet:-1","max-image-preview":"max-image-preview:large","max-video-preview":"max-video-preview:-1"},"canonical":"https:\/\/strangercam.com\/fr\/cam-dating\/","og_locale":"fr_FR","og_type":"article","og_title":"Cam Dating with Video Chat on Strangercam.com","og_description":"Liking Cam Dating? Join millions on StrangerCam.com! Start a random video chat, turn on your cam, and meet strangers instantly.","og_url":"https:\/\/strangercam.com\/fr\/cam-dating\/","og_site_name":"Strangercam","article_publisher":"https:\/\/www.facebook.com\/strangercam","article_modified_time":"2025-09-08T08:12:00+00:00","og_image":[{"width":800,"height":532,"url":"https:\/\/strangercam.com\/wp-content\/uploads\/2021\/10\/Untitled-2.png","type":"image\/png"}],"twitter_card":"summary_large_image","twitter_site":"@strangercamapp","twitter_misc":{"Dur\u00e9e de lecture estim\u00e9e":"4 minutes"},"schema":{"@context":"https:\/\/schema.org","@graph":[{"@type":"WebPage","@id":"https:\/\/strangercam.com\/cam-dating\/","url":"https:\/\/strangercam.com\/cam-dating\/","name":"Cam Dating with Video Chat on Strangercam.com","isPartOf":{"@id":"https:\/\/strangercam.com\/#website"},"datePublished":"2025-09-08T06:04:51+00:00","dateModified":"2025-09-08T08:12:00+00:00","description":"Vous aimez les Cam Dating ? Join millions sur StrangerCam.com ! Commencez un chat vid\u00e9o al\u00e9atoire, allumez votre cam\u00e9ra et rencontrez des inconnus instantan\u00e9ment.","breadcrumb":{"@id":"https:\/\/strangercam.com\/cam-dating\/#breadcrumb"},"inLanguage":"fr-FR","potentialAction":[{"@type":"ReadAction","target":["https:\/\/strangercam.com\/cam-dating\/"]}]},{"@type":"BreadcrumbList","@id":"https:\/\/strangercam.com\/cam-dating\/#breadcrumb","itemListElement":[{"@type":"ListItem","position":1,"name":"Home","item":"https:\/\/strangercam.com\/"},{"@type":"ListItem","position":2,"name":"Cam Dating"}]},{"@type":"WebSite","@id":"https:\/\/strangercam.com\/#website","url":"https:\/\/strangercam.com\/","name":"Strangercam","description":"Chat vid\u00e9o al\u00e9atoire avec des inconnus","publisher":{"@id":"https:\/\/strangercam.com\/#organization"},"alternateName":"Strangercam.com","potentialAction":[{"@type":"SearchAction","target":{"@type":"EntryPoint","urlTemplate":"https:\/\/strangercam.com\/?s={search_term_string}"},"query-input":{"@type":"PropertyValueSpecification","valueRequired":true,"valueName":"search_term_string"}}],"inLanguage":"fr-FR"},{"@type":"Organization","@id":"https:\/\/strangercam.com\/#organization","name":"Strangercam","alternateName":"Strangercam.com","url":"https:\/\/strangercam.com\/","logo":{"@type":"ImageObject","inLanguage":"fr-FR","@id":"https:\/\/strangercam.com\/#\/schema\/logo\/image\/","url":"https:\/\/strangercam.com\/wp-content\/uploads\/2020\/11\/cropped-new-favicon-black.png","contentUrl":"https:\/\/strangercam.com\/wp-content\/uploads\/2020\/11\/cropped-new-favicon-black.png","width":512,"height":512,"caption":"Strangercam"},"image":{"@id":"https:\/\/strangercam.com\/#\/schema\/logo\/image\/"},"sameAs":["https:\/\/www.facebook.com\/strangercam","https:\/\/x.com\/strangercamapp"]}]}},"_links":{"self":[{"href":"https:\/\/strangercam.com\/fr\/wp-json\/wp\/v2\/pages\/4141","targetHints":{"allow":["GET"]}}],"collection":[{"href":"https:\/\/strangercam.com\/fr\/wp-json\/wp\/v2\/pages"}],"about":[{"href":"https:\/\/strangercam.com\/fr\/wp-json\/wp\/v2\/types\/page"}],"author":[{"embeddable":true,"href":"https:\/\/strangercam.com\/fr\/wp-json\/wp\/v2\/users\/8"}],"replies":[{"embeddable":true,"href":"https:\/\/strangercam.com\/fr\/wp-json\/wp\/v2\/comments?post=4141"}],"version-history":[{"count":2,"href":"https:\/\/strangercam.com\/fr\/wp-json\/wp\/v2\/pages\/4141\/revisions"}],"predecessor-version":[{"id":13014,"href":"https:\/\/strangercam.com\/fr\/wp-json\/wp\/v2\/pages\/4141\/revisions\/13014"}],"wp:attachment":[{"href":"https:\/\/strangercam.com\/fr\/wp-json\/wp\/v2\/media?parent=4141"}],"curies":[{"name":"wp","href":"https:\/\/api.w.org\/{rel}","templated":true}]}}