{"id":4124,"date":"2025-09-08T08:02:09","date_gmt":"2025-09-08T06:02:09","guid":{"rendered":"https:\/\/strangercam.com\/?page_id=4124"},"modified":"2025-09-08T10:06:04","modified_gmt":"2025-09-08T08:06:04","slug":"cam-avec-des-inconnus","status":"publish","type":"page","link":"https:\/\/strangercam.com\/fr\/cam-avec-des-inconnus\/","title":{"rendered":"Cam avec des \u00e9trangers"},"content":{"rendered":"<p>Vous cherchez la meilleure fa\u00e7on de <a href=\"https:\/\/strangercam.com\/fr\/bazoocam\/\">came<\/a> avec des \u00e9trangers ? Vous n'\u00eates pas le seul. Chaque mois, des millions de personnes cherchent des moyens de se connecter instantan\u00e9ment avec de nouvelles personnes en ligne par le biais d'un chat vid\u00e9o en direct. Contrairement aux r\u00e9seaux sociaux ou aux applications de rencontre qui n\u00e9cessitent des profils, des inscriptions ou un balayage sans fin, le chat vid\u00e9o avec des inconnus est une question de spontan\u00e9it\u00e9 : vous allumez votre webcam, vous appuyez sur Start et, en quelques secondes, vous vous retrouvez face \u00e0 face avec quelqu'un de nouveau.<\/p>\n<p>En 2025, des plateformes telles que StrangerCam permettent de faire de la webcam avec des inconnus gratuitement, sans inscription, sans t\u00e9l\u00e9chargement et sans frais cach\u00e9s. Que vous cherchiez \u00e0 vous faire des amis, \u00e0 avoir des conversations d\u00e9contract\u00e9es, \u00e0 flirter un peu ou simplement \u00e0 passer le temps, le chat al\u00e9atoire sur webcam est l'un des moyens les plus amusants et les plus authentiques de se connecter en ligne.<\/p>\n<p>Ce guide vous expliquera tout ce que vous devez savoir : ce que cela signifie de faire de la webcam avec des inconnus, pourquoi c'est si populaire, comment cela fonctionne, quelles sont les caract\u00e9ristiques \u00e0 rechercher, les comparaisons des meilleures plateformes, les conseils de s\u00e9curit\u00e9 et pourquoi StrangerCam est le meilleur choix cette ann\u00e9e.<\/p>\n<h2>Que signifie Camper avec des \u00e9trangers ?<\/h2>\n<p>Camper avec des inconnus signifie se connecter instantan\u00e9ment avec des personnes al\u00e9atoires en ligne par le biais d'un chat vid\u00e9o en direct. Votre webcam et votre microphone vous permettent de vous voir et de vous parler en temps r\u00e9el, ce qui rend l'exp\u00e9rience bien plus authentique que le chat textuel.<\/p>\n<p>Le processus est simple : cliquez sur un bouton, autorisez votre appareil photo et vous serez mis en relation avec un inconnu. Si la conversation ne vous convient pas, il vous suffit de cliquer sur Suivant pour passer au chat suivant.<\/p>\n<h2>Pourquoi les gens aiment la Cam\u00e9ra Gratuite avec des inconnus<\/h2>\n<p>L'appel de <a href=\"https:\/\/strangercam.com\/fr\/cam-a-cam-chat\/\">Cam\u00e9ra gratuite<\/a> avec des \u00e9trangers est facile \u00e0 comprendre :<\/p>\n<ul>\n<li>Spontan\u00e9it\u00e9 : chaque discussion est une surprise - on ne sait jamais qui sera le prochain.<\/li>\n<li>Authenticit\u00e9 : La vid\u00e9o permet de s'adresser \u00e0 de vraies personnes, et non \u00e0 des robots.<\/li>\n<li>Pas d'inscription ni d'engagement : Il suffit de cliquer et de chatter instantan\u00e9ment.<\/li>\n<li>Connexions mondiales : Rencontrez des \u00e9trangers du monde entier 24 heures sur 24, 7 jours sur 7.<\/li>\n<li>Fun &amp; Flirty Vibes : Certains l'utilisent pour se faire des amis, d'autres aiment flirter.<\/li>\n<li>Une \u00e9chappatoire instantan\u00e9e \u00e0 l'ennui : Id\u00e9al pour passer le temps et susciter de nouvelles conversations.<\/li>\n<\/ul>\n<h2>Comment fonctionne Cam With Strangers ?<\/h2>\n<p>La mise en route est simple et rapide :<\/p>\n<ol>\n<li>Ouvrez une plateforme comme StrangerCam sur votre navigateur ou votre t\u00e9l\u00e9phone.<\/li>\n<li>Autorisez l'acc\u00e8s \u00e0 votre webcam et \u00e0 votre microphone.<\/li>\n<li>Cliquez sur \"Start Chat\".<\/li>\n<li>Parlez face \u00e0 face avec un inconnu.<\/li>\n<li>Appuyez sur \"Suivant\" chaque fois que vous souhaitez rencontrer quelqu'un de nouveau.<\/li>\n<\/ol>\n<p>Certaines plateformes vous permettent \u00e9galement de filtrer par sexe, par lieu ou m\u00eame d'utiliser des outils de traduction pour les conversations internationales.<\/p>\n<h2>Principales caract\u00e9ristiques \u00e0 rechercher<\/h2>\n<p>Toutes les plateformes de chat par webcam ne se valent pas. Si vous voulez la meilleure exp\u00e9rience de cam avec des \u00e9trangers, recherchez les caract\u00e9ristiques suivantes :<\/p>\n<h3>1. Un acc\u00e8s r\u00e9ellement gratuit<\/h3>\n<p>\u00c9vitez les sites qui pr\u00e9tendent \u00eatre gratuits mais qui restreignent les fonctionnalit\u00e9s essentielles derri\u00e8re des murs payants.<\/p>\n<h3>2. Aucune inscription n'est requise<\/h3>\n<p>Les meilleures plateformes vous permettent de rester anonyme et de commencer \u00e0 chatter instantan\u00e9ment.<\/p>\n<h3>3. Filtres de genre et de localisation<\/h3>\n<p>Utile pour correspondre au type de personnes qui vous int\u00e9ressent.<\/p>\n<h3>4. Mod\u00e9ration s\u00fbre<\/h3>\n<p>Les bonnes plateformes disposent de syst\u00e8mes de signalement efficaces et de mod\u00e9rateurs charg\u00e9s de supprimer les robots et les utilisateurs inappropri\u00e9s.<\/p>\n<h3>5. Conception adapt\u00e9e aux mobiles<\/h3>\n<p>Vous devriez pouvoir communiquer avec des inconnus facilement, que ce soit sur un ordinateur de bureau ou sur un smartphone.<\/p>\n<h3>6. Vid\u00e9o et audio de haute qualit\u00e9<\/h3>\n<p>Les connexions fluides rendent les conversations naturelles et agr\u00e9ables.<\/p>\n<h2>Les meilleures plateformes pour communiquer avec des inconnus en 2025<\/h2>\n<p>Voici une comparaison des sites les plus populaires o\u00f9 vous pouvez faire de la webcam avec des inconnus :<\/p>\n<table>\n<thead>\n<tr>\n<th>Plate-forme<\/th>\n<th align=\"center\">Acc\u00e8s gratuit<\/th>\n<th align=\"center\">Filtre de genre<\/th>\n<th align=\"center\">Inscription n\u00e9cessaire<\/th>\n<th align=\"center\">Support mobile<\/th>\n<th align=\"center\">La mod\u00e9ration<\/th>\n<th>Notes<\/th>\n<\/tr>\n<\/thead>\n<tbody>\n<tr>\n<td>StrangerCam<\/td>\n<td align=\"center\">\u2705<\/td>\n<td align=\"center\">\u2705 (Gratuit)<\/td>\n<td align=\"center\">\u274c<\/td>\n<td align=\"center\">\u2705<\/td>\n<td align=\"center\">\u2705<\/td>\n<td>Meilleur choix global, vraiment gratuit<\/td>\n<\/tr>\n<tr>\n<td><a href=\"https:\/\/strangercam.com\/fr\/chatroulette\/\">Chatroulette<\/a><\/td>\n<td align=\"center\">\u2705<\/td>\n<td align=\"center\">\u274c (Pay\u00e9)<\/td>\n<td align=\"center\">\u274c<\/td>\n<td align=\"center\">\u2705<\/td>\n<td align=\"center\">\u2705<\/td>\n<td>Plate-forme classique, co\u00fbt des filtres<\/td>\n<\/tr>\n<tr>\n<td>Chatrandom<\/td>\n<td align=\"center\">\u2705<\/td>\n<td align=\"center\">\u274c (Pay\u00e9)<\/td>\n<td align=\"center\">\u274c<\/td>\n<td align=\"center\">\u2705<\/td>\n<td align=\"center\">\u2705<\/td>\n<td>Populaire, mais pousse \u00e0 l'am\u00e9lioration<\/td>\n<\/tr>\n<tr>\n<td><a href=\"https:\/\/strangercam.com\/fr\/ometv\/\">OmeTV<\/a><\/td>\n<td align=\"center\">\u2705<\/td>\n<td align=\"center\">\u274c<\/td>\n<td align=\"center\">\u274c<\/td>\n<td align=\"center\">\u2705<\/td>\n<td align=\"center\">\u2705<\/td>\n<td>Correspondance bas\u00e9e sur l'application et uniquement al\u00e9atoire<\/td>\n<\/tr>\n<tr>\n<td>Shagle<\/td>\n<td align=\"center\">\u2705<\/td>\n<td align=\"center\">\u274c (Pay\u00e9)<\/td>\n<td align=\"center\">\u274c<\/td>\n<td align=\"center\">\u2705<\/td>\n<td align=\"center\">\u2705<\/td>\n<td>Entr\u00e9e gratuite, surclassement premium<\/td>\n<\/tr>\n<tr>\n<td><a href=\"https:\/\/strangercam.com\/fr\/coomeet\/\">CooMeet<\/a><\/td>\n<td align=\"center\">\u274c (Essai)<\/td>\n<td align=\"center\">\u2705<\/td>\n<td align=\"center\">\u2705<\/td>\n<td align=\"center\">\u2705<\/td>\n<td align=\"center\">\u2705<\/td>\n<td>Payant apr\u00e8s un court essai gratuit<\/td>\n<\/tr>\n<tr>\n<td>LuckyCrush<\/td>\n<td align=\"center\">\u274c<\/td>\n<td align=\"center\">\u2705<\/td>\n<td align=\"center\">\u2705<\/td>\n<td align=\"center\">\u2705<\/td>\n<td align=\"center\">\u2705<\/td>\n<td>Toujours pay\u00e9, chat bas\u00e9 sur le sexe<\/td>\n<\/tr>\n<\/tbody>\n<\/table>\n<p>Parmi ces plateformes, StrangerCam est l'une des rares \u00e0 proposer un service de webcam gratuit avec des inconnus, avec un filtre de genre r\u00e9el et sans inscription pr\u00e9alable.<\/p>\n<h2>Pourquoi StrangerCam est le meilleur choix<\/h2>\n<p>Voici pourquoi StrangerCam est la meilleure plateforme de camming avec des inconnus en 2025 :<\/p>\n<h3>1. Enti\u00e8rement gratuit et illimit\u00e9<\/h3>\n<p>Pas de co\u00fbts cach\u00e9s, de cr\u00e9dits ou de limites de temps.<\/p>\n<h3>2. Filtre de genre gratuit<\/h3>\n<p>Choisissez des gar\u00e7ons, des filles ou les deux, sans mur d'entr\u00e9e.<\/p>\n<h3>3. Pas d'inscription requise<\/h3>\n<p>Restez anonyme et commencez \u00e0 chatter instantan\u00e9ment.<\/p>\n<h3>4. S\u00e9curit\u00e9 et mod\u00e9ration<\/h3>\n<p>La mod\u00e9ration active et les fonctions de signalement permettent de maintenir la plateforme propre.<\/p>\n<h3>5. Base mondiale d'utilisateurs<\/h3>\n<p>Rencontrez des \u00e9trangers de plus de 100 pays \u00e0 tout moment.<\/p>\n<h3>6. Optimis\u00e9 pour tous les appareils<\/h3>\n<p>Fonctionne sans probl\u00e8me sur les ordinateurs de bureau, les tablettes et les t\u00e9l\u00e9phones portables.<\/p>\n<h2>T\u00e9moignages d'utilisateurs r\u00e9els<\/h2>\n<blockquote><p><em>\"Je cherchais un moyen de faire de la webcam avec des inconnus gratuitement, et StrangerCam \u00e9tait le seul site qui ne m'incitait pas \u00e0 payer.<\/em><br \/>\n- Liam, 26 ans<\/p><\/blockquote>\n<blockquote><p><em>\"Le filtre de genre est gratuit et fonctionne tr\u00e8s bien, ce qui est rare pour ce type de sites.<\/em><br \/>\n- Sophia, 22 ans<\/p><\/blockquote>\n<blockquote><p><em>\"J'ai rencontr\u00e9 des gens de quatre continents diff\u00e9rents en une seule soir\u00e9e. C'est addictif.<\/em><br \/>\n- Ryan, 30 ans<\/p><\/blockquote>\n<blockquote><p><em>\"Il semble plus s\u00fbr que les autres sites que j'ai essay\u00e9s, gr\u00e2ce aux outils de mod\u00e9ration.<\/em><br \/>\n- Emma, 20 ans<\/p><\/blockquote>\n<h2>Conseils de s\u00e9curit\u00e9 pour les campeurs inconnus<\/h2>\n<p>Bien que les chats par webcam soient amusants, il faut toujours garder la s\u00e9curit\u00e9 \u00e0 l'esprit :<\/p>\n<ul>\n<li>Ne communiquez jamais vos donn\u00e9es personnelles (t\u00e9l\u00e9phone, courriel, adresse).<\/li>\n<li>Ne cliquez pas sur des liens suspects envoy\u00e9s par des inconnus.<\/li>\n<li>Utilisez librement la touche \"Suivant\" si vous ne vous sentez pas \u00e0 l'aise.<\/li>\n<li>V\u00e9rifiez vos ant\u00e9c\u00e9dents avant d'allumer votre webcam.<\/li>\n<li>Utilisez des outils de signalement pour bloquer ou signaler les mauvais utilisateurs.<\/li>\n<li>Respectez les restrictions d'\u00e2ge - si vous avez moins de 18 ans, n'utilisez pas les sites de chat pour adultes.<\/li>\n<\/ul>\n<h2>Comment d\u00e9marrer - \u00e9tape par \u00e9tape<\/h2>\n<p>Il ne faut que quelques secondes pour commencer \u00e0 camper avec des inconnus :<\/p>\n<ol>\n<li>Ouvrez StrangerCam sur votre appareil.<\/li>\n<li>Autoriser l'acc\u00e8s \u00e0 la webcam et au microphone.<\/li>\n<li>Choisir des pr\u00e9f\u00e9rences (comme des filtres de genre).<\/li>\n<li>Cliquez sur D\u00e9marrer le chat pour vous connecter instantan\u00e9ment.<\/li>\n<li>Appuyez sur Suivant \u00e0 tout moment pour rencontrer quelqu'un de nouveau.<\/li>\n<\/ol>\n<p>Rapide, simple et 100% gratuit.<\/p>\n<p>En 2025, l'un des moyens les plus faciles et les plus amusants de rencontrer de nouvelles personnes en ligne est de faire du camouflage avec des inconnus. C'est spontan\u00e9, authentique et cela vous permet d'entrer instantan\u00e9ment en contact avec de vraies personnes dans le monde entier.<\/p>\n<p>Cependant, toutes les plateformes ne sont pas \u00e0 la hauteur : beaucoup cachent des filtres derri\u00e8re des murs payants ou sont remplies de bots. C'est pourquoi StrangerCam est le meilleur choix : il est gratuit, s\u00fbr, anonyme et toujours rempli d'utilisateurs pr\u00eats \u00e0 discuter.<\/p>\n<p>Pr\u00eat \u00e0 essayer ? Commencez un cam gratuit avec des inconnus aujourd'hui et voyez qui vous rencontrerez ensuite.<\/p>","protected":false},"excerpt":{"rendered":"<p>Are you looking for the best way to cam with strangers? You\u2019re not alone. Millions of people every month search for ways to connect instantly with new people online through live video chat. Unlike social networks or dating apps that require profiles, signups, or endless swiping, cam with strangers is about spontaneity: you turn on [&hellip;]<\/p>\n","protected":false},"author":8,"featured_media":0,"parent":0,"menu_order":0,"comment_status":"closed","ping_status":"closed","template":"","meta":{"footnotes":""},"class_list":["post-4124","page","type-page","status-publish","hentry"],"yoast_head":"<!-- This site is optimized with the Yoast SEO plugin v26.9 - https:\/\/yoast.com\/product\/yoast-seo-wordpress\/ -->\n<title>Cam With Strangers with Video Chat on Strangercam.com<\/title>\n<meta name=\"description\" content=\"Liking Cam With Strangers? Join millions on StrangerCam.com! Start a random video chat, turn on your cam, and meet strangers instantly.\" \/>\n<meta name=\"robots\" content=\"index, follow, max-snippet:-1, max-image-preview:large, max-video-preview:-1\" \/>\n<link rel=\"canonical\" href=\"https:\/\/strangercam.com\/fr\/cam-avec-des-inconnus\/\" \/>\n<meta property=\"og:locale\" content=\"fr_FR\" \/>\n<meta property=\"og:type\" content=\"article\" \/>\n<meta property=\"og:title\" content=\"Cam With Strangers with Video Chat on Strangercam.com\" \/>\n<meta property=\"og:description\" content=\"Liking Cam With Strangers? Join millions on StrangerCam.com! Start a random video chat, turn on your cam, and meet strangers instantly.\" \/>\n<meta property=\"og:url\" content=\"https:\/\/strangercam.com\/fr\/cam-avec-des-inconnus\/\" \/>\n<meta property=\"og:site_name\" content=\"Strangercam\" \/>\n<meta property=\"article:publisher\" content=\"https:\/\/www.facebook.com\/strangercam\" \/>\n<meta property=\"article:modified_time\" content=\"2025-09-08T08:06:04+00:00\" \/>\n<meta property=\"og:image\" content=\"https:\/\/strangercam.com\/wp-content\/uploads\/2021\/10\/Untitled-2.png\" \/>\n\t<meta property=\"og:image:width\" content=\"800\" \/>\n\t<meta property=\"og:image:height\" content=\"532\" \/>\n\t<meta property=\"og:image:type\" content=\"image\/png\" \/>\n<meta name=\"twitter:card\" content=\"summary_large_image\" \/>\n<meta name=\"twitter:site\" content=\"@strangercamapp\" \/>\n<meta name=\"twitter:label1\" content=\"Dur\u00e9e de lecture estim\u00e9e\" \/>\n\t<meta name=\"twitter:data1\" content=\"5 minutes\" \/>\n<script type=\"application\/ld+json\" class=\"yoast-schema-graph\">{\"@context\":\"https:\/\/schema.org\",\"@graph\":[{\"@type\":\"WebPage\",\"@id\":\"https:\/\/strangercam.com\/cam-with-strangers\/\",\"url\":\"https:\/\/strangercam.com\/cam-with-strangers\/\",\"name\":\"Cam With Strangers with Video Chat on Strangercam.com\",\"isPartOf\":{\"@id\":\"https:\/\/strangercam.com\/#website\"},\"datePublished\":\"2025-09-08T06:02:09+00:00\",\"dateModified\":\"2025-09-08T08:06:04+00:00\",\"description\":\"Liking Cam With Strangers? Join millions on StrangerCam.com! Start a random video chat, turn on your cam, and meet strangers instantly.\",\"breadcrumb\":{\"@id\":\"https:\/\/strangercam.com\/cam-with-strangers\/#breadcrumb\"},\"inLanguage\":\"fr-FR\",\"potentialAction\":[{\"@type\":\"ReadAction\",\"target\":[\"https:\/\/strangercam.com\/cam-with-strangers\/\"]}]},{\"@type\":\"BreadcrumbList\",\"@id\":\"https:\/\/strangercam.com\/cam-with-strangers\/#breadcrumb\",\"itemListElement\":[{\"@type\":\"ListItem\",\"position\":1,\"name\":\"Home\",\"item\":\"https:\/\/strangercam.com\/\"},{\"@type\":\"ListItem\",\"position\":2,\"name\":\"Cam With Strangers\"}]},{\"@type\":\"WebSite\",\"@id\":\"https:\/\/strangercam.com\/#website\",\"url\":\"https:\/\/strangercam.com\/\",\"name\":\"Strangercam\",\"description\":\"Random Video Chat with Strangers\",\"publisher\":{\"@id\":\"https:\/\/strangercam.com\/#organization\"},\"alternateName\":\"Strangercam.com\",\"potentialAction\":[{\"@type\":\"SearchAction\",\"target\":{\"@type\":\"EntryPoint\",\"urlTemplate\":\"https:\/\/strangercam.com\/?s={search_term_string}\"},\"query-input\":{\"@type\":\"PropertyValueSpecification\",\"valueRequired\":true,\"valueName\":\"search_term_string\"}}],\"inLanguage\":\"fr-FR\"},{\"@type\":\"Organization\",\"@id\":\"https:\/\/strangercam.com\/#organization\",\"name\":\"Strangercam\",\"alternateName\":\"Strangercam.com\",\"url\":\"https:\/\/strangercam.com\/\",\"logo\":{\"@type\":\"ImageObject\",\"inLanguage\":\"fr-FR\",\"@id\":\"https:\/\/strangercam.com\/#\/schema\/logo\/image\/\",\"url\":\"https:\/\/strangercam.com\/wp-content\/uploads\/2020\/11\/cropped-new-favicon-black.png\",\"contentUrl\":\"https:\/\/strangercam.com\/wp-content\/uploads\/2020\/11\/cropped-new-favicon-black.png\",\"width\":512,\"height\":512,\"caption\":\"Strangercam\"},\"image\":{\"@id\":\"https:\/\/strangercam.com\/#\/schema\/logo\/image\/\"},\"sameAs\":[\"https:\/\/www.facebook.com\/strangercam\",\"https:\/\/x.com\/strangercamapp\"]}]}<\/script>\n<!-- \/ Yoast SEO plugin. -->","yoast_head_json":{"title":"Camper avec des inconnus par chat vid\u00e9o sur Strangercam.com","description":"Liking Cam With Strangers ? Join millions sur StrangerCam.com ! Commencez un chat vid\u00e9o al\u00e9atoire, allumez votre cam\u00e9ra et rencontrez des inconnus instantan\u00e9ment.","robots":{"index":"index","follow":"follow","max-snippet":"max-snippet:-1","max-image-preview":"max-image-preview:large","max-video-preview":"max-video-preview:-1"},"canonical":"https:\/\/strangercam.com\/fr\/cam-avec-des-inconnus\/","og_locale":"fr_FR","og_type":"article","og_title":"Cam With Strangers with Video Chat on Strangercam.com","og_description":"Liking Cam With Strangers? Join millions on StrangerCam.com! Start a random video chat, turn on your cam, and meet strangers instantly.","og_url":"https:\/\/strangercam.com\/fr\/cam-avec-des-inconnus\/","og_site_name":"Strangercam","article_publisher":"https:\/\/www.facebook.com\/strangercam","article_modified_time":"2025-09-08T08:06:04+00:00","og_image":[{"width":800,"height":532,"url":"https:\/\/strangercam.com\/wp-content\/uploads\/2021\/10\/Untitled-2.png","type":"image\/png"}],"twitter_card":"summary_large_image","twitter_site":"@strangercamapp","twitter_misc":{"Dur\u00e9e de lecture estim\u00e9e":"5 minutes"},"schema":{"@context":"https:\/\/schema.org","@graph":[{"@type":"WebPage","@id":"https:\/\/strangercam.com\/cam-with-strangers\/","url":"https:\/\/strangercam.com\/cam-with-strangers\/","name":"Camper avec des inconnus par chat vid\u00e9o sur Strangercam.com","isPartOf":{"@id":"https:\/\/strangercam.com\/#website"},"datePublished":"2025-09-08T06:02:09+00:00","dateModified":"2025-09-08T08:06:04+00:00","description":"Liking Cam With Strangers ? Join millions sur StrangerCam.com ! Commencez un chat vid\u00e9o al\u00e9atoire, allumez votre cam\u00e9ra et rencontrez des inconnus instantan\u00e9ment.","breadcrumb":{"@id":"https:\/\/strangercam.com\/cam-with-strangers\/#breadcrumb"},"inLanguage":"fr-FR","potentialAction":[{"@type":"ReadAction","target":["https:\/\/strangercam.com\/cam-with-strangers\/"]}]},{"@type":"BreadcrumbList","@id":"https:\/\/strangercam.com\/cam-with-strangers\/#breadcrumb","itemListElement":[{"@type":"ListItem","position":1,"name":"Home","item":"https:\/\/strangercam.com\/"},{"@type":"ListItem","position":2,"name":"Cam With Strangers"}]},{"@type":"WebSite","@id":"https:\/\/strangercam.com\/#website","url":"https:\/\/strangercam.com\/","name":"Strangercam","description":"Chat vid\u00e9o al\u00e9atoire avec des inconnus","publisher":{"@id":"https:\/\/strangercam.com\/#organization"},"alternateName":"Strangercam.com","potentialAction":[{"@type":"SearchAction","target":{"@type":"EntryPoint","urlTemplate":"https:\/\/strangercam.com\/?s={search_term_string}"},"query-input":{"@type":"PropertyValueSpecification","valueRequired":true,"valueName":"search_term_string"}}],"inLanguage":"fr-FR"},{"@type":"Organization","@id":"https:\/\/strangercam.com\/#organization","name":"Strangercam","alternateName":"Strangercam.com","url":"https:\/\/strangercam.com\/","logo":{"@type":"ImageObject","inLanguage":"fr-FR","@id":"https:\/\/strangercam.com\/#\/schema\/logo\/image\/","url":"https:\/\/strangercam.com\/wp-content\/uploads\/2020\/11\/cropped-new-favicon-black.png","contentUrl":"https:\/\/strangercam.com\/wp-content\/uploads\/2020\/11\/cropped-new-favicon-black.png","width":512,"height":512,"caption":"Strangercam"},"image":{"@id":"https:\/\/strangercam.com\/#\/schema\/logo\/image\/"},"sameAs":["https:\/\/www.facebook.com\/strangercam","https:\/\/x.com\/strangercamapp"]}]}},"_links":{"self":[{"href":"https:\/\/strangercam.com\/fr\/wp-json\/wp\/v2\/pages\/4124","targetHints":{"allow":["GET"]}}],"collection":[{"href":"https:\/\/strangercam.com\/fr\/wp-json\/wp\/v2\/pages"}],"about":[{"href":"https:\/\/strangercam.com\/fr\/wp-json\/wp\/v2\/types\/page"}],"author":[{"embeddable":true,"href":"https:\/\/strangercam.com\/fr\/wp-json\/wp\/v2\/users\/8"}],"replies":[{"embeddable":true,"href":"https:\/\/strangercam.com\/fr\/wp-json\/wp\/v2\/comments?post=4124"}],"version-history":[{"count":2,"href":"https:\/\/strangercam.com\/fr\/wp-json\/wp\/v2\/pages\/4124\/revisions"}],"predecessor-version":[{"id":13013,"href":"https:\/\/strangercam.com\/fr\/wp-json\/wp\/v2\/pages\/4124\/revisions\/13013"}],"wp:attachment":[{"href":"https:\/\/strangercam.com\/fr\/wp-json\/wp\/v2\/media?parent=4124"}],"curies":[{"name":"wp","href":"https:\/\/api.w.org\/{rel}","templated":true}]}}