{"id":4107,"date":"2025-09-08T08:58:53","date_gmt":"2025-09-08T06:58:53","guid":{"rendered":"https:\/\/strangercam.com\/?page_id=4107"},"modified":"2025-09-08T10:03:26","modified_gmt":"2025-09-08T08:03:26","slug":"camera-en-tete-a-tete","status":"publish","type":"page","link":"https:\/\/strangercam.com\/fr\/one-on-one-cam\/","title":{"rendered":"Cam\u00e9ra en t\u00eate-\u00e0-t\u00eate"},"content":{"rendered":"<p>Vous \u00eates \u00e0 la recherche du meilleur service individuel <a href=\"https:\/\/strangercam.com\/fr\/bazoocam\/\">came<\/a> de l'exp\u00e9rience ? Vous n'\u00eates pas le seul. Des millions de personnes dans le monde pr\u00e9f\u00e8rent les discussions priv\u00e9es en face \u00e0 face aux salles de groupe bruyantes ou aux r\u00e9seaux sociaux bond\u00e9s. Avec la cam\u00e9ra en t\u00eate-\u00e0-t\u00eate, vous avez des conversations directes et personnelles avec des inconnus ou de nouveaux amis - juste vous et une autre personne sur la vid\u00e9o, sans aucune distraction.<\/p>\n<p>En 2025, des plateformes telles que StrangerCam permettent de profiter gratuitement d'un entretien en t\u00eate-\u00e0-t\u00eate. <a href=\"https:\/\/strangercam.com\/fr\/cam-to-cam-chat\/\">chat cam<\/a> instantan\u00e9ment - pas d'inscription, pas de t\u00e9l\u00e9chargement et pas de frais cach\u00e9s. Que vous soyez \u00e0 la recherche d'une amiti\u00e9, d'un plaisir d\u00e9contract\u00e9, d'un flirt ou simplement d'une conversation s\u00e9rieuse, la webcam en t\u00eate-\u00e0-t\u00eate vous offre l'intimit\u00e9 et la spontan\u00e9it\u00e9 que les chats de groupe ou les applications de rencontre ne peuvent pas offrir.<\/p>\n<p>Ce guide explique tout ce que vous devez savoir : ce qu'est une webcam en face \u00e0 face, pourquoi les gens l'adorent, comment \u00e7a marche, les fonctionnalit\u00e9s les plus importantes, les comparaisons entre les plateformes, les conseils de s\u00e9curit\u00e9, et pourquoi StrangerCam est l'un des meilleurs endroits pour tchatter en face \u00e0 face en 2025.<\/p>\n<h2>Qu'est-ce que la cam\u00e9ra individuelle ?<\/h2>\n<p>Le chat en t\u00eate-\u00e0-t\u00eate est un chat vid\u00e9o priv\u00e9 en direct o\u00f9 vous \u00eates instantan\u00e9ment connect\u00e9 \u00e0 une seule autre personne par le biais d'une webcam et d'un microphone. Contrairement aux salons de discussion en groupe ou au chat textuel, l'exp\u00e9rience est plus personnelle et plus cibl\u00e9e.<\/p>\n<p>L'id\u00e9e est simple : appuyez sur un bouton, autorisez votre webcam et, en quelques secondes, vous vous retrouvez dans un appel vid\u00e9o priv\u00e9 en face \u00e0 face avec un inconnu. Si la conversation n'aboutit pas, appuyez sur Suivant et vous serez mis en relation avec quelqu'un d'autre.<\/p>\n<h2>Pourquoi les gens adorent le chat cam gratuit<\/h2>\n<p>La popularit\u00e9 de la webcam gratuite en t\u00eate-\u00e0-t\u00eate s'est accrue parce qu'elle offre quelque chose d'unique :<\/p>\n<ul>\n<li>Confidentialit\u00e9 : Les conversations se d\u00e9roulent en t\u00eate-\u00e0-t\u00eate, et non au sein d'un groupe tr\u00e8s actif.<\/li>\n<li>Authenticit\u00e9 : Le chat vid\u00e9o garantit que vous parlez \u00e0 une personne r\u00e9elle, et non \u00e0 un robot.<\/li>\n<li>Spontan\u00e9it\u00e9 : chaque nouvelle discussion est une surprise.<\/li>\n<li>Pas de distractions : Pas de surveillance de la foule - juste vous et une autre personne.<\/li>\n<li>Amiti\u00e9 et flirt : Id\u00e9al pour se faire des amis, partager des histoires ou s'amuser.<\/li>\n<li>Acc\u00e8s instantan\u00e9 : Pas de profils, de biographies ou de longues inscriptions - il suffit de cliquer et de se connecter.<\/li>\n<\/ul>\n<h2>Comment fonctionne la cam\u00e9ra One on One ?<\/h2>\n<p>Le processus est simple et adapt\u00e9 aux d\u00e9butants :<\/p>\n<ol>\n<li>Ouvrez la plateforme (bureau ou mobile).<\/li>\n<li>Autoriser l'acc\u00e8s \u00e0 la cam\u00e9ra et au microphone.<\/li>\n<li>Cliquez sur \"Start Chat\".<\/li>\n<li>Connectez-vous instantan\u00e9ment avec une personne dans le cadre d'une session de cam\u00e9ra priv\u00e9e.<\/li>\n<li>Appuyez sur \"Suivant\" pour continuer quand vous le souhaitez.<\/li>\n<\/ol>\n<p>Certaines plateformes proposent \u00e9galement des filtres de genre, une s\u00e9lection de pays ou m\u00eame des outils de traduction automatique pour les connexions internationales.<\/p>\n<h2>Principales caract\u00e9ristiques \u00e0 rechercher<\/h2>\n<p>Lors du choix d'une plateforme de cam\u00e9ra individuelle, il convient de rechercher les caract\u00e9ristiques suivantes :<\/p>\n<h3>1. Un acc\u00e8s r\u00e9ellement gratuit<\/h3>\n<p>\u00c9vitez les plateformes qui annoncent qu'elles sont \"gratuites\" mais qui bloquent des fonctionnalit\u00e9s essentielles derri\u00e8re des murs payants.<\/p>\n<h3>2. Pas d'inscription n\u00e9cessaire<\/h3>\n<p>Restez anonyme - aucune inscription ne devrait \u00eatre n\u00e9cessaire.<\/p>\n<h3>3. Filtres de genre et de localisation<\/h3>\n<p>Utile pour trouver le type de personne avec qui vous voulez discuter.<\/p>\n<h3>4. Priv\u00e9 et s\u00e9curis\u00e9<\/h3>\n<p>S'assurer que la plateforme propose une mod\u00e9ration et des outils de blocage\/signalement.<\/p>\n<h3>5. Conception adapt\u00e9e aux mobiles<\/h3>\n<p>Le service devrait fonctionner sur les t\u00e9l\u00e9phones comme sur les ordinateurs de bureau.<\/p>\n<h3>6. Vid\u00e9o et audio de haute qualit\u00e9<\/h3>\n<p>Des connexions claires rendent les conversations plus fluides et plus agr\u00e9ables.<\/p>\n<h2>Les meilleures plates-formes de cam\u00e9ras individuelles en 2025<\/h2>\n<p>Voici comment les meilleures plateformes se comparent pour le chat priv\u00e9 avec webcam :<\/p>\n<table>\n<thead>\n<tr>\n<th>Plate-forme<\/th>\n<th align=\"center\">Acc\u00e8s gratuit<\/th>\n<th align=\"center\">Filtre de genre<\/th>\n<th align=\"center\">Inscription n\u00e9cessaire<\/th>\n<th align=\"center\">Support mobile<\/th>\n<th align=\"center\">La mod\u00e9ration<\/th>\n<th>Notes<\/th>\n<\/tr>\n<\/thead>\n<tbody>\n<tr>\n<td>StrangerCam<\/td>\n<td align=\"center\">\u2705<\/td>\n<td align=\"center\">\u2705 (Gratuit)<\/td>\n<td align=\"center\">\u274c<\/td>\n<td align=\"center\">\u2705<\/td>\n<td align=\"center\">\u2705<\/td>\n<td>Meilleur choix polyvalent, cam\u00e9ra individuelle priv\u00e9e<\/td>\n<\/tr>\n<tr>\n<td><a href=\"https:\/\/strangercam.com\/fr\/chatroulette\/\">Chatroulette<\/a><\/td>\n<td align=\"center\">\u2705<\/td>\n<td align=\"center\">\u274c (Pay\u00e9)<\/td>\n<td align=\"center\">\u274c<\/td>\n<td align=\"center\">\u2705<\/td>\n<td align=\"center\">\u2705<\/td>\n<td>Classique, mais avec des filtres de genre<\/td>\n<\/tr>\n<tr>\n<td>Chatrandom<\/td>\n<td align=\"center\">\u2705<\/td>\n<td align=\"center\">\u274c (Pay\u00e9)<\/td>\n<td align=\"center\">\u274c<\/td>\n<td align=\"center\">\u2705<\/td>\n<td align=\"center\">\u2705<\/td>\n<td>Populaire, mais les mises \u00e0 niveau sont pouss\u00e9es<\/td>\n<\/tr>\n<tr>\n<td><a href=\"https:\/\/strangercam.com\/fr\/ometv\/\">OmeTV<\/a><\/td>\n<td align=\"center\">\u2705<\/td>\n<td align=\"center\">\u274c<\/td>\n<td align=\"center\">\u274c<\/td>\n<td align=\"center\">\u2705<\/td>\n<td align=\"center\">\u2705<\/td>\n<td>Al\u00e9atoire uniquement, application mobile<\/td>\n<\/tr>\n<tr>\n<td>Shagle<\/td>\n<td align=\"center\">\u2705<\/td>\n<td align=\"center\">\u274c (Pay\u00e9)<\/td>\n<td align=\"center\">\u274c<\/td>\n<td align=\"center\">\u2705<\/td>\n<td align=\"center\">\u2705<\/td>\n<td>Utilisation de base gratuite, mises \u00e0 niveau premium<\/td>\n<\/tr>\n<tr>\n<td><a href=\"https:\/\/strangercam.com\/fr\/coomeet\/\">CooMeet<\/a><\/td>\n<td align=\"center\">\u274c (Essai)<\/td>\n<td align=\"center\">\u2705<\/td>\n<td align=\"center\">\u2705<\/td>\n<td align=\"center\">\u2705<\/td>\n<td align=\"center\">\u2705<\/td>\n<td>Pay\u00e9 \u00e0 l'issue d'un proc\u00e8s, il se concentre sur les discussions entre filles<\/td>\n<\/tr>\n<tr>\n<td>LuckyCrush<\/td>\n<td align=\"center\">\u274c<\/td>\n<td align=\"center\">\u2705<\/td>\n<td align=\"center\">\u2705<\/td>\n<td align=\"center\">\u2705<\/td>\n<td align=\"center\">\u2705<\/td>\n<td>Toujours r\u00e9mun\u00e9r\u00e9, ad\u00e9quation entre les sexes<\/td>\n<\/tr>\n<\/tbody>\n<\/table>\n<p>StrangerCam se distingue comme \u00e9tant l'une des seules plateformes \u00e0 offrir un service de chat gratuit avec un filtre de genre fonctionnel et sans inscription.<\/p>\n<h2>Pourquoi StrangerCam est le meilleur choix<\/h2>\n<p>Voici pourquoi StrangerCam est le premier choix en 2025 pour les cam\u00e9ras individuelles :<\/p>\n<h3>1. Enti\u00e8rement gratuit et illimit\u00e9<\/h3>\n<p>Pas de frais cach\u00e9s, de cr\u00e9dits ou de limites d'essai.<\/p>\n<h3>2. S\u00e9ances priv\u00e9es de cam\u00e9ra en t\u00eate-\u00e0-t\u00eate<\/h3>\n<p>Appels vid\u00e9o cibl\u00e9s et personnels, sans distraction de groupe.<\/p>\n<h3>3. Filtre de genre gratuit<\/h3>\n<p>S\u00e9lectionnez les personnes que vous souhaitez rencontrer sans payer.<\/p>\n<h3>4. Pas d'inscription requise<\/h3>\n<p>Restez anonyme et connectez-vous instantan\u00e9ment.<\/p>\n<h3>5. S\u00e9curit\u00e9 et mod\u00e9ration<\/h3>\n<p>La robustesse des rapports et la mod\u00e9ration rendent le site plus s\u00fbr que la plupart des autres.<\/p>\n<h3>6. Fonctionne sur tous les appareils<\/h3>\n<p>Optimis\u00e9 pour les ordinateurs de bureau, les tablettes et les t\u00e9l\u00e9phones portables.<\/p>\n<h2>T\u00e9moignages d'utilisateurs r\u00e9els<\/h2>\n<blockquote><p><em>\"J'en avais assez des chats de groupe et je voulais quelque chose de plus priv\u00e9. La cam\u00e9ra individuelle de StrangerCam est parfaite - juste moi et la personne \u00e0 qui je parle.<\/em><br \/>\n- Daniel, 28 ans<\/p><\/blockquote>\n<blockquote><p><em>\"Le filtre de genre est gratuit, ce qui le rend bien meilleur que les autres plateformes que j'ai essay\u00e9es.\"<\/em><br \/>\n- Sophia, 21 ans<\/p><\/blockquote>\n<blockquote><p><em>\"Je me suis fait des amis dans le monde entier gr\u00e2ce \u00e0 la cam\u00e9ra individuelle. C'est plus personnel que les salons de discussion en groupe\".<\/em><br \/>\n- Ryan, 30 ans<\/p><\/blockquote>\n<blockquote><p><em>\"C'est simple, rapide et s\u00fbr. Exactement ce que je recherchais dans un tchat webcam gratuit.\"<\/em><br \/>\n- Mia, 19 ans<\/p><\/blockquote>\n<h2>Conseils de s\u00e9curit\u00e9 pour les cam\u00e9ras individuelles<\/h2>\n<p>Bien que les discussions en t\u00eate-\u00e0-t\u00eate avec un cam\u00e9raman soient amusantes, il convient de garder \u00e0 l'esprit les conseils de s\u00e9curit\u00e9 suivants :<\/p>\n<ul>\n<li>Ne communiquez pas vos donn\u00e9es personnelles (num\u00e9ro de t\u00e9l\u00e9phone, adresse, courriel).<\/li>\n<li>Ignorez ou bloquez toute personne qui vous met mal \u00e0 l'aise.<\/li>\n<li>\u00c9vitez de cliquer sur des liens partag\u00e9s par des inconnus.<\/li>\n<li>V\u00e9rifiez vos ant\u00e9c\u00e9dents pour prot\u00e9ger votre vie priv\u00e9e.<\/li>\n<li>Utiliser les outils de la plate-forme tels que les rapports et le blocage.<\/li>\n<li>Respectez les limites d'\u00e2ge - si vous avez moins de 18 ans, n'utilisez pas les sites de chat par webcam pour adultes.<\/li>\n<\/ul>\n<h2>Comment d\u00e9marrer - \u00e9tape par \u00e9tape<\/h2>\n<p>Il faut moins d'une minute pour commencer une discussion en t\u00eate-\u00e0-t\u00eate avec un cam\u00e9raman :<\/p>\n<ol>\n<li>Ouvrez StrangerCam sur votre appareil.<\/li>\n<li>Autorisez l'acc\u00e8s \u00e0 votre appareil photo et \u00e0 votre microphone.<\/li>\n<li>Choisissez vos pr\u00e9f\u00e9rences (comme le filtre de genre).<\/li>\n<li>Cliquez sur D\u00e9marrer le chat pour vous connecter instantan\u00e9ment.<\/li>\n<li>Profitez d'un chat priv\u00e9 avec une cam\u00e9ra.<\/li>\n<\/ol>\n<p>Rapide, facile et gratuit.<\/p>\n<p>En 2025, la cam\u00e9ra individuelle reste l'un des meilleurs moyens de se connecter en ligne. Personnelle, spontan\u00e9e et authentique, elle vous permet d'avoir de vraies conversations avec des inconnus du monde entier.<\/p>\n<p>Mais toutes les plateformes ne valent pas la peine qu'on s'y attarde. Beaucoup cachent des fonctionnalit\u00e9s derri\u00e8re des murs payants ou inondent leurs sites de bots. C'est pourquoi StrangerCam est la meilleure option : elle est gratuite, priv\u00e9e, s\u00fbre et toujours active avec des personnes pr\u00eates \u00e0 discuter.<\/p>\n<p>Pr\u00eat \u00e0 essayer ? Commencez un chat gratuit avec une webcam aujourd'hui et voyez qui vous rencontrerez ensuite.<\/p>","protected":false},"excerpt":{"rendered":"<p>Are you searching for the best one on one cam experience? You\u2019re not alone. Millions of people around the world prefer private, face-to-face chats instead of noisy group rooms or crowded social networks. With one on one cam, you get direct, personal conversations with strangers or new friends\u2014just you and one other person on video, [&hellip;]<\/p>\n","protected":false},"author":8,"featured_media":0,"parent":0,"menu_order":0,"comment_status":"closed","ping_status":"closed","template":"","meta":{"footnotes":""},"class_list":["post-4107","page","type-page","status-publish","hentry"],"yoast_head":"<!-- This site is optimized with the Yoast SEO plugin v27.4 - https:\/\/yoast.com\/product\/yoast-seo-wordpress\/ -->\n<title>One On One Cam with Video Chat on Strangercam.com<\/title>\n<meta name=\"description\" content=\"Liking One On One Cam? Join millions on StrangerCam.com! Start a random video chat, turn on your cam, and meet strangers instantly.\" \/>\n<meta name=\"robots\" content=\"index, follow, max-snippet:-1, max-image-preview:large, max-video-preview:-1\" \/>\n<link rel=\"canonical\" href=\"https:\/\/strangercam.com\/fr\/camera-en-tete-a-tete\/\" \/>\n<meta property=\"og:locale\" content=\"fr_FR\" \/>\n<meta property=\"og:type\" content=\"article\" \/>\n<meta property=\"og:title\" content=\"One On One Cam with Video Chat on Strangercam.com\" \/>\n<meta property=\"og:description\" content=\"Liking One On One Cam? Join millions on StrangerCam.com! Start a random video chat, turn on your cam, and meet strangers instantly.\" \/>\n<meta property=\"og:url\" content=\"https:\/\/strangercam.com\/fr\/camera-en-tete-a-tete\/\" \/>\n<meta property=\"og:site_name\" content=\"Strangercam\" \/>\n<meta property=\"article:publisher\" content=\"https:\/\/www.facebook.com\/strangercam\" \/>\n<meta property=\"article:modified_time\" content=\"2025-09-08T08:03:26+00:00\" \/>\n<meta property=\"og:image\" content=\"https:\/\/strangercam.com\/wp-content\/uploads\/2021\/10\/Untitled-2.png\" \/>\n\t<meta property=\"og:image:width\" content=\"800\" \/>\n\t<meta property=\"og:image:height\" content=\"532\" \/>\n\t<meta property=\"og:image:type\" content=\"image\/png\" \/>\n<meta name=\"twitter:card\" content=\"summary_large_image\" \/>\n<meta name=\"twitter:site\" content=\"@strangercamapp\" \/>\n<meta name=\"twitter:label1\" content=\"Dur\u00e9e de lecture estim\u00e9e\" \/>\n\t<meta name=\"twitter:data1\" content=\"5 minutes\" \/>\n<script type=\"application\/ld+json\" class=\"yoast-schema-graph\">{\"@context\":\"https:\\\/\\\/schema.org\",\"@graph\":[{\"@type\":\"WebPage\",\"@id\":\"https:\\\/\\\/strangercam.com\\\/one-on-one-cam\\\/\",\"url\":\"https:\\\/\\\/strangercam.com\\\/one-on-one-cam\\\/\",\"name\":\"One On One Cam with Video Chat on Strangercam.com\",\"isPartOf\":{\"@id\":\"https:\\\/\\\/strangercam.com\\\/#website\"},\"datePublished\":\"2025-09-08T06:58:53+00:00\",\"dateModified\":\"2025-09-08T08:03:26+00:00\",\"description\":\"Liking One On One Cam? Join millions on StrangerCam.com! Start a random video chat, turn on your cam, and meet strangers instantly.\",\"breadcrumb\":{\"@id\":\"https:\\\/\\\/strangercam.com\\\/one-on-one-cam\\\/#breadcrumb\"},\"inLanguage\":\"fr-FR\",\"potentialAction\":[{\"@type\":\"ReadAction\",\"target\":[\"https:\\\/\\\/strangercam.com\\\/one-on-one-cam\\\/\"]}]},{\"@type\":\"BreadcrumbList\",\"@id\":\"https:\\\/\\\/strangercam.com\\\/one-on-one-cam\\\/#breadcrumb\",\"itemListElement\":[{\"@type\":\"ListItem\",\"position\":1,\"name\":\"Home\",\"item\":\"https:\\\/\\\/strangercam.com\\\/\"},{\"@type\":\"ListItem\",\"position\":2,\"name\":\"One On One Cam\"}]},{\"@type\":\"WebSite\",\"@id\":\"https:\\\/\\\/strangercam.com\\\/#website\",\"url\":\"https:\\\/\\\/strangercam.com\\\/\",\"name\":\"Strangercam\",\"description\":\"Random Video Chat with Strangers\",\"publisher\":{\"@id\":\"https:\\\/\\\/strangercam.com\\\/#organization\"},\"alternateName\":\"Strangercam.com\",\"potentialAction\":[{\"@type\":\"SearchAction\",\"target\":{\"@type\":\"EntryPoint\",\"urlTemplate\":\"https:\\\/\\\/strangercam.com\\\/?s={search_term_string}\"},\"query-input\":{\"@type\":\"PropertyValueSpecification\",\"valueRequired\":true,\"valueName\":\"search_term_string\"}}],\"inLanguage\":\"fr-FR\"},{\"@type\":\"Organization\",\"@id\":\"https:\\\/\\\/strangercam.com\\\/#organization\",\"name\":\"Strangercam\",\"alternateName\":\"Strangercam.com\",\"url\":\"https:\\\/\\\/strangercam.com\\\/\",\"logo\":{\"@type\":\"ImageObject\",\"inLanguage\":\"fr-FR\",\"@id\":\"https:\\\/\\\/strangercam.com\\\/#\\\/schema\\\/logo\\\/image\\\/\",\"url\":\"https:\\\/\\\/strangercam.com\\\/wp-content\\\/uploads\\\/2020\\\/11\\\/cropped-new-favicon-black.png\",\"contentUrl\":\"https:\\\/\\\/strangercam.com\\\/wp-content\\\/uploads\\\/2020\\\/11\\\/cropped-new-favicon-black.png\",\"width\":512,\"height\":512,\"caption\":\"Strangercam\"},\"image\":{\"@id\":\"https:\\\/\\\/strangercam.com\\\/#\\\/schema\\\/logo\\\/image\\\/\"},\"sameAs\":[\"https:\\\/\\\/www.facebook.com\\\/strangercam\",\"https:\\\/\\\/x.com\\\/strangercamapp\"]}]}<\/script>\n<!-- \/ Yoast SEO plugin. -->","yoast_head_json":{"title":"Cam\u00e9ra individuelle avec chat vid\u00e9o sur Strangercam.com","description":"Vous aimez les Cam\u00e9ras en t\u00eate \u00e0 t\u00eate ? Join millions sur StrangerCam.com ! Commencez un chat vid\u00e9o al\u00e9atoire, allumez votre cam\u00e9ra et rencontrez des inconnus instantan\u00e9ment.","robots":{"index":"index","follow":"follow","max-snippet":"max-snippet:-1","max-image-preview":"max-image-preview:large","max-video-preview":"max-video-preview:-1"},"canonical":"https:\/\/strangercam.com\/fr\/camera-en-tete-a-tete\/","og_locale":"fr_FR","og_type":"article","og_title":"One On One Cam with Video Chat on Strangercam.com","og_description":"Liking One On One Cam? Join millions on StrangerCam.com! Start a random video chat, turn on your cam, and meet strangers instantly.","og_url":"https:\/\/strangercam.com\/fr\/camera-en-tete-a-tete\/","og_site_name":"Strangercam","article_publisher":"https:\/\/www.facebook.com\/strangercam","article_modified_time":"2025-09-08T08:03:26+00:00","og_image":[{"width":800,"height":532,"url":"https:\/\/strangercam.com\/wp-content\/uploads\/2021\/10\/Untitled-2.png","type":"image\/png"}],"twitter_card":"summary_large_image","twitter_site":"@strangercamapp","twitter_misc":{"Dur\u00e9e de lecture estim\u00e9e":"5 minutes"},"schema":{"@context":"https:\/\/schema.org","@graph":[{"@type":"WebPage","@id":"https:\/\/strangercam.com\/one-on-one-cam\/","url":"https:\/\/strangercam.com\/one-on-one-cam\/","name":"Cam\u00e9ra individuelle avec chat vid\u00e9o sur Strangercam.com","isPartOf":{"@id":"https:\/\/strangercam.com\/#website"},"datePublished":"2025-09-08T06:58:53+00:00","dateModified":"2025-09-08T08:03:26+00:00","description":"Vous aimez les Cam\u00e9ras en t\u00eate \u00e0 t\u00eate ? Join millions sur StrangerCam.com ! Commencez un chat vid\u00e9o al\u00e9atoire, allumez votre cam\u00e9ra et rencontrez des inconnus instantan\u00e9ment.","breadcrumb":{"@id":"https:\/\/strangercam.com\/one-on-one-cam\/#breadcrumb"},"inLanguage":"fr-FR","potentialAction":[{"@type":"ReadAction","target":["https:\/\/strangercam.com\/one-on-one-cam\/"]}]},{"@type":"BreadcrumbList","@id":"https:\/\/strangercam.com\/one-on-one-cam\/#breadcrumb","itemListElement":[{"@type":"ListItem","position":1,"name":"Home","item":"https:\/\/strangercam.com\/"},{"@type":"ListItem","position":2,"name":"One On One Cam"}]},{"@type":"WebSite","@id":"https:\/\/strangercam.com\/#website","url":"https:\/\/strangercam.com\/","name":"Strangercam","description":"Chat vid\u00e9o al\u00e9atoire avec des inconnus","publisher":{"@id":"https:\/\/strangercam.com\/#organization"},"alternateName":"Strangercam.com","potentialAction":[{"@type":"SearchAction","target":{"@type":"EntryPoint","urlTemplate":"https:\/\/strangercam.com\/?s={search_term_string}"},"query-input":{"@type":"PropertyValueSpecification","valueRequired":true,"valueName":"search_term_string"}}],"inLanguage":"fr-FR"},{"@type":"Organization","@id":"https:\/\/strangercam.com\/#organization","name":"Strangercam","alternateName":"Strangercam.com","url":"https:\/\/strangercam.com\/","logo":{"@type":"ImageObject","inLanguage":"fr-FR","@id":"https:\/\/strangercam.com\/#\/schema\/logo\/image\/","url":"https:\/\/strangercam.com\/wp-content\/uploads\/2020\/11\/cropped-new-favicon-black.png","contentUrl":"https:\/\/strangercam.com\/wp-content\/uploads\/2020\/11\/cropped-new-favicon-black.png","width":512,"height":512,"caption":"Strangercam"},"image":{"@id":"https:\/\/strangercam.com\/#\/schema\/logo\/image\/"},"sameAs":["https:\/\/www.facebook.com\/strangercam","https:\/\/x.com\/strangercamapp"]}]}},"_links":{"self":[{"href":"https:\/\/strangercam.com\/fr\/wp-json\/wp\/v2\/pages\/4107","targetHints":{"allow":["GET"]}}],"collection":[{"href":"https:\/\/strangercam.com\/fr\/wp-json\/wp\/v2\/pages"}],"about":[{"href":"https:\/\/strangercam.com\/fr\/wp-json\/wp\/v2\/types\/page"}],"author":[{"embeddable":true,"href":"https:\/\/strangercam.com\/fr\/wp-json\/wp\/v2\/users\/8"}],"replies":[{"embeddable":true,"href":"https:\/\/strangercam.com\/fr\/wp-json\/wp\/v2\/comments?post=4107"}],"version-history":[{"count":2,"href":"https:\/\/strangercam.com\/fr\/wp-json\/wp\/v2\/pages\/4107\/revisions"}],"predecessor-version":[{"id":13012,"href":"https:\/\/strangercam.com\/fr\/wp-json\/wp\/v2\/pages\/4107\/revisions\/13012"}],"wp:attachment":[{"href":"https:\/\/strangercam.com\/fr\/wp-json\/wp\/v2\/media?parent=4107"}],"curies":[{"name":"wp","href":"https:\/\/api.w.org\/{rel}","templated":true}]}}