{"id":4090,"date":"2025-09-08T07:55:19","date_gmt":"2025-09-08T05:55:19","guid":{"rendered":"https:\/\/strangercam.com\/?page_id=4090"},"modified":"2025-09-08T10:00:45","modified_gmt":"2025-09-08T08:00:45","slug":"chat-avec-les-filles-domegle","status":"publish","type":"page","link":"https:\/\/strangercam.com\/fr\/chat-avec-les-filles-domegle\/","title":{"rendered":"Omegle Girl Chat"},"content":{"rendered":"<p>Vous avez cherch\u00e9 <a href=\"https:\/\/strangercam.com\/fr\/omegle\/\">Omegle<\/a> fille <a href=\"https:\/\/strangercam.com\/fr\/chathub\/\">chat<\/a>? Vous n'\u00eates pas seul. Pendant des ann\u00e9es, Omegle a \u00e9t\u00e9 le site de pr\u00e9dilection pour les chats vid\u00e9o al\u00e9atoires, en particulier pour les personnes cherchant \u00e0 rencontrer des filles en ligne et \u00e0 discuter avec elles. Mais depuis que Omegle a ferm\u00e9 ses portes en 2023, des millions d'utilisateurs sont \u00e0 la recherche d'alternatives offrant le m\u00eame plaisir de connexions spontan\u00e9es, avec l'avantage suppl\u00e9mentaire d'\u00eatre plus s\u00fbr, plus moderne et r\u00e9ellement gratuit.<\/p>\n<p>En 2025, des plateformes comme StrangerCam permettent de profiter de chats de filles gratuits en ligne instantan\u00e9ment, sans inscription, sans t\u00e9l\u00e9chargement et sans frais cach\u00e9s. Que vous cherchiez \u00e0 vous amuser, \u00e0 flirter, \u00e0 vous faire de nouveaux amis ou simplement \u00e0 passer le temps, le chat de filles Omegle reste l'un des moyens les plus excitants de se connecter.<\/p>\n<p>Ce guide couvrira tout ce que vous devez savoir : ce qu'\u00e9tait le chat entre filles Omegle, pourquoi il est devenu si populaire, comment les plateformes modernes l'ont remplac\u00e9, quelles sont les fonctionnalit\u00e9s \u00e0 rechercher, les comparaisons des meilleures alternatives, les conseils de s\u00e9curit\u00e9, et pourquoi StrangerCam est l'une des meilleures options aujourd'hui.<\/p>\n<h2>Qu'est-ce que le chat de fille Omegle ?<\/h2>\n<p>Omegle girl chat fait r\u00e9f\u00e9rence \u00e0 la fonction de chat vid\u00e9o al\u00e9atoire de Omegle, qui permet aux utilisateurs d'essayer de se connecter sp\u00e9cifiquement avec des filles en ligne. Omegle n'offrait pas de v\u00e9ritable filtre de genre, ce qui a frustr\u00e9 de nombreux utilisateurs. De nombreuses recherches ou piratages de tiers sur \"Omegle girl\" ont souvent conduit \u00e0 des exp\u00e9riences peu fiables ou peu s\u00fbres.<\/p>\n<p>Depuis la fermeture de Omegle, la demande d'une exp\u00e9rience s\u00fbre et r\u00e9elle de chat entre filles n'a fait que cro\u00eetre. C'est l\u00e0 qu'interviennent des plateformes comme StrangerCam, qui offrent des filtres de genre authentiques et gratuits, ainsi que de meilleures fonctions de s\u00e9curit\u00e9 que Omegle n'a jamais pu le faire.<\/p>\n<h2>Pourquoi les gens recherchent-ils des chats de filles Omegle ?<\/h2>\n<p>Le terme \"Omegle girl chat\" est devenu populaire pour plusieurs raisons :<\/p>\n<ul>\n<li>Le d\u00e9sir d'avoir des contacts f\u00e9minins : De nombreux utilisateurs souhaitaient sp\u00e9cifiquement discuter avec des filles.<\/li>\n<li>Flirt et plaisir d\u00e9contract\u00e9 : Omegle est connu pour ses connexions spontan\u00e9es et l\u00e9g\u00e8res.<\/li>\n<li>Curiosit\u00e9 et divertissement : Rencontrer de nouvelles filles du monde entier \u00e9tait amusant et impr\u00e9visible.<\/li>\n<li>\u00c9viter les robots et les contrefa\u00e7ons : Les utilisateurs pr\u00e9f\u00e8rent le chat vid\u00e9o pour confirmer qu'ils parlent avec de vraies personnes.<\/li>\n<li>La solitude : Pour beaucoup, Omegle a combl\u00e9 le manque d'ennui et a permis une interaction sociale instantan\u00e9e.<\/li>\n<\/ul>\n<h2>Comment fonctionne le chat de filles Omegle (et ses limites)<\/h2>\n<p>L'installation de Omegle \u00e9tait simple :<\/p>\n<ol>\n<li>Ouvrir le site.<\/li>\n<li>Autorisez l'acc\u00e8s \u00e0 votre webcam et \u00e0 votre microphone.<\/li>\n<li>Cliquez sur \"D\u00e9marrer\" et entrez en contact avec une personne au hasard.<\/li>\n<li>Cliquez sur \"Suivant\" pour continuer.<\/li>\n<\/ol>\n<p>Le probl\u00e8me ? Omegle n'offrait pas de filtre de genre fonctionnel. De nombreuses personnes cherchant \"Omegle girl chat\" ont \u00e9t\u00e9 d\u00e9\u00e7ues d'\u00eatre mises en relation de mani\u00e8re al\u00e9atoire. Pire encore, l'absence de mod\u00e9ration a souvent conduit \u00e0 des exp\u00e9riences dangereuses ou inconfortables.<\/p>\n<h2>La mont\u00e9e des Omegle Girl Chat Alternatives<\/h2>\n<p>Depuis la fermeture de Omegle, de meilleures plateformes ont vu le jour. Ces nouveaux sites am\u00e9liorent le format classique du chat al\u00e9atoire en offrant :<\/p>\n<ul>\n<li>Filtres de genre r\u00e9els (gratuits ou payants).<\/li>\n<li>Des environnements plus s\u00fbrs avec une mod\u00e9ration active.<\/li>\n<li>Meilleure prise en charge des t\u00e9l\u00e9phones portables.<\/li>\n<li>Vid\u00e9o et audio de meilleure qualit\u00e9.<\/li>\n<li>Un acc\u00e8s vraiment gratuit sans artifices.<\/li>\n<\/ul>\n<h2>Best Platforms for Omegle Girl Chat in 2025 (en anglais seulement)<\/h2>\n<p>Voici comment se comparent les meilleures alternatives du moment :<\/p>\n<table>\n<thead>\n<tr>\n<th>Plate-forme<\/th>\n<th align=\"center\">Acc\u00e8s gratuit<\/th>\n<th align=\"center\">Filtre de genre<\/th>\n<th align=\"center\">Inscription n\u00e9cessaire<\/th>\n<th align=\"center\">Support mobile<\/th>\n<th align=\"center\">La mod\u00e9ration<\/th>\n<th>Notes<\/th>\n<\/tr>\n<\/thead>\n<tbody>\n<tr>\n<td>StrangerCam<\/td>\n<td align=\"center\">\u2705<\/td>\n<td align=\"center\">\u2705 (Gratuit)<\/td>\n<td align=\"center\">\u274c<\/td>\n<td align=\"center\">\u2705<\/td>\n<td align=\"center\">\u2705<\/td>\n<td>Meilleur remplacement Omegle girl chat<\/td>\n<\/tr>\n<tr>\n<td><a href=\"https:\/\/strangercam.com\/fr\/chatroulette\/\">Chatroulette<\/a><\/td>\n<td align=\"center\">\u2705<\/td>\n<td align=\"center\">\u274c (Pay\u00e9)<\/td>\n<td align=\"center\">\u274c<\/td>\n<td align=\"center\">\u2705<\/td>\n<td align=\"center\">\u2705<\/td>\n<td>Option classique, mais pas de filtres gratuits<\/td>\n<\/tr>\n<tr>\n<td>Chatrandom<\/td>\n<td align=\"center\">\u2705<\/td>\n<td align=\"center\">\u274c (Pay\u00e9)<\/td>\n<td align=\"center\">\u274c<\/td>\n<td align=\"center\">\u2705<\/td>\n<td align=\"center\">\u2705<\/td>\n<td>Des filtres populaires, mais de qualit\u00e9 sup\u00e9rieure<\/td>\n<\/tr>\n<tr>\n<td>Shagle<\/td>\n<td align=\"center\">\u2705<\/td>\n<td align=\"center\">\u274c (Pay\u00e9)<\/td>\n<td align=\"center\">\u274c<\/td>\n<td align=\"center\">\u2705<\/td>\n<td align=\"center\">\u2705<\/td>\n<td>Pousser \u00e0 la mise \u00e0 niveau des filtres<\/td>\n<\/tr>\n<tr>\n<td><a href=\"https:\/\/strangercam.com\/fr\/coomeet\/\">CooMeet<\/a><\/td>\n<td align=\"center\">\u274c (Essai)<\/td>\n<td align=\"center\">\u2705<\/td>\n<td align=\"center\">\u2705<\/td>\n<td align=\"center\">\u2705<\/td>\n<td align=\"center\">\u2705<\/td>\n<td>Plate-forme payante ax\u00e9e sur le chat avec des filles<\/td>\n<\/tr>\n<tr>\n<td>LuckyCrush<\/td>\n<td align=\"center\">\u274c<\/td>\n<td align=\"center\">\u2705<\/td>\n<td align=\"center\">\u2705<\/td>\n<td align=\"center\">\u2705<\/td>\n<td align=\"center\">\u2705<\/td>\n<td>Toujours pay\u00e9, met en relation des hommes et des femmes<\/td>\n<\/tr>\n<\/tbody>\n<\/table>\n<p>StrangerCam se distingue comme \u00e9tant l'une des seules plateformes offrant un chat gratuit de filles de style Omegle avec un filtre de genre fonctionnel et sans inscription.<\/p>\n<h2>Pourquoi StrangerCam est la meilleure Omegle Girl Chat Alternative<\/h2>\n<p>Voici pourquoi StrangerCam est le premier choix en 2025 pour ceux qui recherchent un chat avec une fille de Omegle :<\/p>\n<h3>1. Enti\u00e8rement gratuit et illimit\u00e9<\/h3>\n<p>Pas de murs payants, d'essais ou de cr\u00e9dits, mais des discussions gratuites.<\/p>\n<h3>2. Filtre de genre gratuit<\/h3>\n<p>Rencontrez des filles instantan\u00e9ment sans payer de suppl\u00e9ment.<\/p>\n<h3>3. Pas d'inscription requise<\/h3>\n<p>Restez anonyme et commencez \u00e0 discuter en quelques secondes.<\/p>\n<h3>4. S\u00e9curit\u00e9 et mod\u00e9ration<\/h3>\n<p>La mod\u00e9ration active le rend plus s\u00fbr que Omegle ne l'a jamais \u00e9t\u00e9.<\/p>\n<h3>5. Base mondiale d'utilisateurs<\/h3>\n<p>Rencontrez des filles du monde entier, 24 heures sur 24, 7 jours sur 7.<\/p>\n<h3>6. Optimis\u00e9 pour tous les appareils<\/h3>\n<p>Fonctionne sans probl\u00e8me sur les ordinateurs de bureau et les t\u00e9l\u00e9phones portables.<\/p>\n<h2>T\u00e9moignages d'utilisateurs r\u00e9els<\/h2>\n<blockquote><p><em>\"J'ai cherch\u00e9 des alternatives au chat de filles Omegle et la plupart des sites ont essay\u00e9 de me faire payer. StrangerCam propose en fait des connexions gratuites.\"<\/em><br \/>\n- David, 27 ans<\/p><\/blockquote>\n<blockquote><p><em>\"Le filtre de genre fonctionne parfaitement ici. C'est exactement ce qui manquait \u00e0 Omegle.\"<\/em><br \/>\n- Sophia, 22 ans<\/p><\/blockquote>\n<blockquote><p><em>\"J'ai rencontr\u00e9 des filles de trois pays diff\u00e9rents en moins d'une heure. Bien mieux que Omegle\".<\/em><br \/>\n- Ryan, 30 ans<\/p><\/blockquote>\n<blockquote><p><em>\"Il semble plus s\u00fbr et plus propre que Omegle, et je peux passer instantan\u00e9ment si je n'aime pas le chat\".<\/em><br \/>\n- Emma, 19 ans<\/p><\/blockquote>\n<h2>Conseils de s\u00e9curit\u00e9 pour les discussions entre filles de type Omegle<\/h2>\n<p>Bien qu'il soit amusant de discuter avec des filles en ligne, la s\u00e9curit\u00e9 est essentielle :<\/p>\n<ul>\n<li>Ne communiquez pas d'informations personnelles (t\u00e9l\u00e9phone, courriel, adresse).<\/li>\n<li>Ignorez ou bloquez toute personne qui vous met mal \u00e0 l'aise.<\/li>\n<li>Ne cliquez jamais sur des liens suspects.<\/li>\n<li>V\u00e9rifiez vos ant\u00e9c\u00e9dents avant d'allumer votre webcam.<\/li>\n<li>Utiliser les outils de la plateforme tels que les fonctions de rapport.<\/li>\n<li>Respectez les restrictions d'\u00e2ge - si vous avez moins de 18 ans, \u00e9vitez les plateformes pour adultes.<\/li>\n<\/ul>\n<h2>Comment d\u00e9marrer - \u00e9tape par \u00e9tape<\/h2>\n<p>Il ne faut que quelques secondes pour d\u00e9marrer un chat de filles de type Omegle :<\/p>\n<ol>\n<li>Ouvrez StrangerCam sur votre appareil.<\/li>\n<li>Autoriser l'acc\u00e8s \u00e0 la cam\u00e9ra et au microphone.<\/li>\n<li>S\u00e9lectionnez le filtre de genre (filles).<\/li>\n<li>Cliquez sur D\u00e9marrer le chat pour vous connecter instantan\u00e9ment.<\/li>\n<li>Appuyez sur Suivant \u00e0 tout moment pour rencontrer quelqu'un de nouveau.<\/li>\n<\/ol>\n<p>Rapide, simple et 100% gratuit.<\/p>\n<p>M\u00eame si Omegle a disparu, la demande de chat de filles Omegle n'a pas disparu. En fait, elle est plus forte que jamais. La bonne nouvelle, c'est que les alternatives modernes comme StrangerCam ne se contentent pas de remplacer Omegle, mais l'am\u00e9liorent en proposant des filtres de genre gratuits, une meilleure mod\u00e9ration et des exp\u00e9riences plus s\u00fbres.<\/p>\n<p>Si vous cherchez \u00e0 rencontrer, flirter ou simplement discuter avec des filles en ligne, StrangerCam est l'un des meilleurs choix en 2025.<\/p>\n<p>Pr\u00eat \u00e0 essayer ? Commencez d\u00e8s aujourd'hui un chat gratuit avec une fille du style Omegle et d\u00e9couvrez qui vous rencontrerez ensuite.<\/p>","protected":false},"excerpt":{"rendered":"<p>Have you been searching for Omegle girl chat? You\u2019re not alone. For years, Omegle was the go-to place for random video chats, especially for people looking to meet and chat with girls online. But since Omegle shut down in 2023, millions of users have been searching for alternatives that offer the same thrill of spontaneous [&hellip;]<\/p>\n","protected":false},"author":8,"featured_media":0,"parent":0,"menu_order":0,"comment_status":"closed","ping_status":"closed","template":"","meta":{"footnotes":""},"class_list":["post-4090","page","type-page","status-publish","hentry"],"yoast_head":"<!-- This site is optimized with the Yoast SEO plugin v26.9 - https:\/\/yoast.com\/product\/yoast-seo-wordpress\/ -->\n<title>Omegle Girl Chat with Video Chat on Strangercam.com<\/title>\n<meta name=\"description\" content=\"Liking Omegle Girl Chat? Join millions on StrangerCam.com! Start a random video chat, turn on your cam, and meet strangers instantly.\" \/>\n<meta name=\"robots\" content=\"index, follow, max-snippet:-1, max-image-preview:large, max-video-preview:-1\" \/>\n<link rel=\"canonical\" href=\"https:\/\/strangercam.com\/fr\/chat-avec-les-filles-domegle\/\" \/>\n<meta property=\"og:locale\" content=\"fr_FR\" \/>\n<meta property=\"og:type\" content=\"article\" \/>\n<meta property=\"og:title\" content=\"Omegle Girl Chat with Video Chat on Strangercam.com\" \/>\n<meta property=\"og:description\" content=\"Liking Omegle Girl Chat? Join millions on StrangerCam.com! Start a random video chat, turn on your cam, and meet strangers instantly.\" \/>\n<meta property=\"og:url\" content=\"https:\/\/strangercam.com\/fr\/chat-avec-les-filles-domegle\/\" \/>\n<meta property=\"og:site_name\" content=\"Strangercam\" \/>\n<meta property=\"article:publisher\" content=\"https:\/\/www.facebook.com\/strangercam\" \/>\n<meta property=\"article:modified_time\" content=\"2025-09-08T08:00:45+00:00\" \/>\n<meta property=\"og:image\" content=\"https:\/\/strangercam.com\/wp-content\/uploads\/2021\/10\/Untitled-2.png\" \/>\n\t<meta property=\"og:image:width\" content=\"800\" \/>\n\t<meta property=\"og:image:height\" content=\"532\" \/>\n\t<meta property=\"og:image:type\" content=\"image\/png\" \/>\n<meta name=\"twitter:card\" content=\"summary_large_image\" \/>\n<meta name=\"twitter:site\" content=\"@strangercamapp\" \/>\n<meta name=\"twitter:label1\" content=\"Dur\u00e9e de lecture estim\u00e9e\" \/>\n\t<meta name=\"twitter:data1\" content=\"4 minutes\" \/>\n<script type=\"application\/ld+json\" class=\"yoast-schema-graph\">{\"@context\":\"https:\/\/schema.org\",\"@graph\":[{\"@type\":\"WebPage\",\"@id\":\"https:\/\/strangercam.com\/omegle-girl-chat\/\",\"url\":\"https:\/\/strangercam.com\/omegle-girl-chat\/\",\"name\":\"Omegle Girl Chat with Video Chat on Strangercam.com\",\"isPartOf\":{\"@id\":\"https:\/\/strangercam.com\/#website\"},\"datePublished\":\"2025-09-08T05:55:19+00:00\",\"dateModified\":\"2025-09-08T08:00:45+00:00\",\"description\":\"Liking Omegle Girl Chat? Join millions on StrangerCam.com! Start a random video chat, turn on your cam, and meet strangers instantly.\",\"breadcrumb\":{\"@id\":\"https:\/\/strangercam.com\/omegle-girl-chat\/#breadcrumb\"},\"inLanguage\":\"fr-FR\",\"potentialAction\":[{\"@type\":\"ReadAction\",\"target\":[\"https:\/\/strangercam.com\/omegle-girl-chat\/\"]}]},{\"@type\":\"BreadcrumbList\",\"@id\":\"https:\/\/strangercam.com\/omegle-girl-chat\/#breadcrumb\",\"itemListElement\":[{\"@type\":\"ListItem\",\"position\":1,\"name\":\"Home\",\"item\":\"https:\/\/strangercam.com\/\"},{\"@type\":\"ListItem\",\"position\":2,\"name\":\"Omegle Girl Chat\"}]},{\"@type\":\"WebSite\",\"@id\":\"https:\/\/strangercam.com\/#website\",\"url\":\"https:\/\/strangercam.com\/\",\"name\":\"Strangercam\",\"description\":\"Random Video Chat with Strangers\",\"publisher\":{\"@id\":\"https:\/\/strangercam.com\/#organization\"},\"alternateName\":\"Strangercam.com\",\"potentialAction\":[{\"@type\":\"SearchAction\",\"target\":{\"@type\":\"EntryPoint\",\"urlTemplate\":\"https:\/\/strangercam.com\/?s={search_term_string}\"},\"query-input\":{\"@type\":\"PropertyValueSpecification\",\"valueRequired\":true,\"valueName\":\"search_term_string\"}}],\"inLanguage\":\"fr-FR\"},{\"@type\":\"Organization\",\"@id\":\"https:\/\/strangercam.com\/#organization\",\"name\":\"Strangercam\",\"alternateName\":\"Strangercam.com\",\"url\":\"https:\/\/strangercam.com\/\",\"logo\":{\"@type\":\"ImageObject\",\"inLanguage\":\"fr-FR\",\"@id\":\"https:\/\/strangercam.com\/#\/schema\/logo\/image\/\",\"url\":\"https:\/\/strangercam.com\/wp-content\/uploads\/2020\/11\/cropped-new-favicon-black.png\",\"contentUrl\":\"https:\/\/strangercam.com\/wp-content\/uploads\/2020\/11\/cropped-new-favicon-black.png\",\"width\":512,\"height\":512,\"caption\":\"Strangercam\"},\"image\":{\"@id\":\"https:\/\/strangercam.com\/#\/schema\/logo\/image\/\"},\"sameAs\":[\"https:\/\/www.facebook.com\/strangercam\",\"https:\/\/x.com\/strangercamapp\"]}]}<\/script>\n<!-- \/ Yoast SEO plugin. -->","yoast_head_json":{"title":"Omegle Girl Chat avec Video Chat sur Strangercam.com","description":"Vous aimez le Chat entre filles Omegle ? Join millions sur StrangerCam.com ! Commencez un chat vid\u00e9o al\u00e9atoire, allumez votre cam\u00e9ra et rencontrez des inconnus instantan\u00e9ment.","robots":{"index":"index","follow":"follow","max-snippet":"max-snippet:-1","max-image-preview":"max-image-preview:large","max-video-preview":"max-video-preview:-1"},"canonical":"https:\/\/strangercam.com\/fr\/chat-avec-les-filles-domegle\/","og_locale":"fr_FR","og_type":"article","og_title":"Omegle Girl Chat with Video Chat on Strangercam.com","og_description":"Liking Omegle Girl Chat? Join millions on StrangerCam.com! Start a random video chat, turn on your cam, and meet strangers instantly.","og_url":"https:\/\/strangercam.com\/fr\/chat-avec-les-filles-domegle\/","og_site_name":"Strangercam","article_publisher":"https:\/\/www.facebook.com\/strangercam","article_modified_time":"2025-09-08T08:00:45+00:00","og_image":[{"width":800,"height":532,"url":"https:\/\/strangercam.com\/wp-content\/uploads\/2021\/10\/Untitled-2.png","type":"image\/png"}],"twitter_card":"summary_large_image","twitter_site":"@strangercamapp","twitter_misc":{"Dur\u00e9e de lecture estim\u00e9e":"4 minutes"},"schema":{"@context":"https:\/\/schema.org","@graph":[{"@type":"WebPage","@id":"https:\/\/strangercam.com\/omegle-girl-chat\/","url":"https:\/\/strangercam.com\/omegle-girl-chat\/","name":"Omegle Girl Chat avec Video Chat sur Strangercam.com","isPartOf":{"@id":"https:\/\/strangercam.com\/#website"},"datePublished":"2025-09-08T05:55:19+00:00","dateModified":"2025-09-08T08:00:45+00:00","description":"Vous aimez le Chat entre filles Omegle ? Join millions sur StrangerCam.com ! Commencez un chat vid\u00e9o al\u00e9atoire, allumez votre cam\u00e9ra et rencontrez des inconnus instantan\u00e9ment.","breadcrumb":{"@id":"https:\/\/strangercam.com\/omegle-girl-chat\/#breadcrumb"},"inLanguage":"fr-FR","potentialAction":[{"@type":"ReadAction","target":["https:\/\/strangercam.com\/omegle-girl-chat\/"]}]},{"@type":"BreadcrumbList","@id":"https:\/\/strangercam.com\/omegle-girl-chat\/#breadcrumb","itemListElement":[{"@type":"ListItem","position":1,"name":"Home","item":"https:\/\/strangercam.com\/"},{"@type":"ListItem","position":2,"name":"Omegle Girl Chat"}]},{"@type":"WebSite","@id":"https:\/\/strangercam.com\/#website","url":"https:\/\/strangercam.com\/","name":"Strangercam","description":"Chat vid\u00e9o al\u00e9atoire avec des inconnus","publisher":{"@id":"https:\/\/strangercam.com\/#organization"},"alternateName":"Strangercam.com","potentialAction":[{"@type":"SearchAction","target":{"@type":"EntryPoint","urlTemplate":"https:\/\/strangercam.com\/?s={search_term_string}"},"query-input":{"@type":"PropertyValueSpecification","valueRequired":true,"valueName":"search_term_string"}}],"inLanguage":"fr-FR"},{"@type":"Organization","@id":"https:\/\/strangercam.com\/#organization","name":"Strangercam","alternateName":"Strangercam.com","url":"https:\/\/strangercam.com\/","logo":{"@type":"ImageObject","inLanguage":"fr-FR","@id":"https:\/\/strangercam.com\/#\/schema\/logo\/image\/","url":"https:\/\/strangercam.com\/wp-content\/uploads\/2020\/11\/cropped-new-favicon-black.png","contentUrl":"https:\/\/strangercam.com\/wp-content\/uploads\/2020\/11\/cropped-new-favicon-black.png","width":512,"height":512,"caption":"Strangercam"},"image":{"@id":"https:\/\/strangercam.com\/#\/schema\/logo\/image\/"},"sameAs":["https:\/\/www.facebook.com\/strangercam","https:\/\/x.com\/strangercamapp"]}]}},"_links":{"self":[{"href":"https:\/\/strangercam.com\/fr\/wp-json\/wp\/v2\/pages\/4090","targetHints":{"allow":["GET"]}}],"collection":[{"href":"https:\/\/strangercam.com\/fr\/wp-json\/wp\/v2\/pages"}],"about":[{"href":"https:\/\/strangercam.com\/fr\/wp-json\/wp\/v2\/types\/page"}],"author":[{"embeddable":true,"href":"https:\/\/strangercam.com\/fr\/wp-json\/wp\/v2\/users\/8"}],"replies":[{"embeddable":true,"href":"https:\/\/strangercam.com\/fr\/wp-json\/wp\/v2\/comments?post=4090"}],"version-history":[{"count":1,"href":"https:\/\/strangercam.com\/fr\/wp-json\/wp\/v2\/pages\/4090\/revisions"}],"predecessor-version":[{"id":13007,"href":"https:\/\/strangercam.com\/fr\/wp-json\/wp\/v2\/pages\/4090\/revisions\/13007"}],"wp:attachment":[{"href":"https:\/\/strangercam.com\/fr\/wp-json\/wp\/v2\/media?parent=4090"}],"curies":[{"name":"wp","href":"https:\/\/api.w.org\/{rel}","templated":true}]}}