{"id":4073,"date":"2025-09-03T11:52:49","date_gmt":"2025-09-03T09:52:49","guid":{"rendered":"https:\/\/strangercam.com\/?page_id=4073"},"modified":"2025-09-03T13:47:51","modified_gmt":"2025-09-03T11:47:51","slug":"chat-cam","status":"publish","type":"page","link":"https:\/\/strangercam.com\/fr\/cam-chat\/","title":{"rendered":"Cam Chat"},"content":{"rendered":"<p>\u00c0 la recherche du meilleur endroit pour profiter <a href=\"https:\/\/strangercam.com\/fr\/bazoocam\/\">came<\/a> chat ? Vous n'\u00eates pas seul. Chaque jour, des millions de personnes \u00e0 travers le monde utilisent les plateformes de chat par webcam pour rencontrer de nouvelles personnes, avoir des conversations amusantes et \u00e9tablir des connexions spontan\u00e9es en ligne. Contrairement aux applications de rencontre ou aux r\u00e9seaux sociaux qui n\u00e9cessitent un d\u00e9filement ou un glissement sans fin, le chat par webcam est instantan\u00e9, r\u00e9el et excitant : vous appuyez sur un bouton et, en quelques secondes, vous vous retrouvez face \u00e0 face avec un inconnu.<\/p>\n<p>En 2025, des plateformes telles que StrangerCam permettent de profiter plus facilement que jamais de la technologie de l'information et de la communication (TIC). <a href=\"https:\/\/strangercam.com\/fr\/cam-to-cam-chat\/\">Cam\u00e9ra gratuite<\/a> sans inscription, sans t\u00e9l\u00e9chargement et sans frais cach\u00e9s. Que vous cherchiez \u00e0 vous faire des amis, \u00e0 pratiquer une nouvelle langue, \u00e0 flirter ou simplement \u00e0 vous d\u00e9sennuyer, le chat sur cam est l'un des moyens les plus amusants et les plus impr\u00e9visibles de se connecter en ligne.<\/p>\n<p>Ce guide couvre tout ce que vous devez savoir : ce qu'est le chat par webcam, pourquoi il est si populaire, comment il fonctionne, quelles sont les fonctionnalit\u00e9s \u00e0 rechercher, les comparaisons de plateformes, les conseils de s\u00e9curit\u00e9, et pourquoi StrangerCam est l'un des meilleurs choix disponibles aujourd'hui.<\/p>\n<h2>Qu'est-ce que le Cam Chat ?<\/h2>\n<p>Le chat par webcam est un service en ligne qui vous permet de vous connecter instantan\u00e9ment avec des inconnus par le biais d'appels vid\u00e9o en direct \u00e0 l'aide de votre webcam et de votre microphone. Contrairement aux salons de discussion en texte seul, le chat par webcam offre une interaction en face \u00e0 face, ce qui rend l'exp\u00e9rience beaucoup plus authentique et spontan\u00e9e.<\/p>\n<p>L'id\u00e9e est simple : vous autorisez votre webcam, vous cliquez sur \"Commencer le chat\" et vous \u00eates instantan\u00e9ment mis en relation avec une autre personne. Si la conversation n'aboutit pas, il vous suffit d'appuyer sur Suivant pour \u00eatre mis en relation avec quelqu'un d'autre.<\/p>\n<h2>Pourquoi les gens aiment le chat cam gratuit<\/h2>\n<p>La popularit\u00e9 croissante du chat gratuit avec cam\u00e9ra n'est pas une surprise. Voici pourquoi des personnes du monde entier l'utilisent quotidiennement :<\/p>\n<ul>\n<li>Amusement spontan\u00e9 : On ne sait jamais qui on va rencontrer.<\/li>\n<li>Authenticit\u00e9 : Contrairement aux chats textuels, la vid\u00e9o prouve que la personne est r\u00e9elle.<\/li>\n<li>Connexions instantan\u00e9es : Pas de longues inscriptions, de profils ou d'attente de r\u00e9ponses.<\/li>\n<li>Port\u00e9e mondiale : Discutez avec des personnes du monde entier, 24 heures sur 24, 7 jours sur 7.<\/li>\n<li>Vari\u00e9t\u00e9 : Utilisez-le pour vous amuser, flirter, \u00e9changer des cultures ou m\u00eame pratiquer une langue.<\/li>\n<li>Combattre l'ennui : Un moyen rapide et divertissant de passer le temps.<\/li>\n<\/ul>\n<h2>Comment fonctionne le Cam Chat ?<\/h2>\n<p>La mise en place d'un chat par webcam est simple et rapide :<\/p>\n<ol>\n<li>Ouvrez la plateforme (bureau ou mobile).<\/li>\n<li>Autoriser l'acc\u00e8s \u00e0 la cam\u00e9ra et au microphone.<\/li>\n<li>Cliquez sur \"Start Chat\".<\/li>\n<li>Connectez-vous instantan\u00e9ment avec une personne choisie au hasard par le biais de la vid\u00e9o.<\/li>\n<li>Cliquez sur \"Suivant\" chaque fois que vous souhaitez rencontrer quelqu'un de nouveau.<\/li>\n<\/ol>\n<p>Certaines plateformes proposent \u00e9galement des fonctionnalit\u00e9s suppl\u00e9mentaires telles que des filtres par sexe ou par pays, et m\u00eame des traductions dans le chat pour les conversations multilingues.<\/p>\n<h2>Principales caract\u00e9ristiques \u00e0 rechercher<\/h2>\n<p>Toutes les plateformes de chat par webcam ne se valent pas. Voici ce que vous devez rechercher dans les meilleurs sites de chat par webcam gratuits :<\/p>\n<h3>1. Un acc\u00e8s r\u00e9ellement gratuit<\/h3>\n<p>\u00c9vitez les plateformes qui vous attirent en vous disant qu'elles sont \"gratuites\", mais qui cachent les fonctions de base derri\u00e8re des murs payants.<\/p>\n<h3>2. Aucune inscription n'est requise<\/h3>\n<p>Les meilleurs services de chat par webcam vous permettent de commencer \u00e0 chatter instantan\u00e9ment sans inscription.<\/p>\n<h3>3. Filtres de genre et de localisation<\/h3>\n<p>Ces filtres vous permettent de contr\u00f4ler les personnes avec lesquelles vous \u00eates jumel\u00e9, pour une exp\u00e9rience plus personnalis\u00e9e.<\/p>\n<h3>4. Forte mod\u00e9ration<\/h3>\n<p>Les plateformes s\u00fbres disposent d'outils de mod\u00e9ration et de signalement actifs pour g\u00e9rer les utilisateurs inappropri\u00e9s.<\/p>\n<h3>5. Conception adapt\u00e9e aux mobiles<\/h3>\n<p>Les bonnes plateformes fonctionnent aussi bien sur les t\u00e9l\u00e9phones que sur les ordinateurs de bureau.<\/p>\n<h3>6. Vid\u00e9o et audio de haute qualit\u00e9<\/h3>\n<p>Des connexions claires et fiables rendent les conversations plus naturelles.<\/p>\n<h2>Les meilleures plateformes de chat par webcam en 2025<\/h2>\n<p>Voici comment se comparent les plateformes de chat par webcam les plus populaires :<\/p>\n<table>\n<thead>\n<tr>\n<th>Plate-forme<\/th>\n<th align=\"center\">Acc\u00e8s gratuit<\/th>\n<th align=\"center\">Filtre de genre<\/th>\n<th align=\"center\">Inscription n\u00e9cessaire<\/th>\n<th align=\"center\">Support mobile<\/th>\n<th align=\"center\">La mod\u00e9ration<\/th>\n<th>Notes<\/th>\n<\/tr>\n<\/thead>\n<tbody>\n<tr>\n<td>StrangerCam<\/td>\n<td align=\"center\">\u2705<\/td>\n<td align=\"center\">\u2705 (Gratuit)<\/td>\n<td align=\"center\">\u274c<\/td>\n<td align=\"center\">\u2705<\/td>\n<td align=\"center\">\u2705<\/td>\n<td>Le meilleur chat cam gratuit<\/td>\n<\/tr>\n<tr>\n<td><a href=\"https:\/\/strangercam.com\/fr\/chatroulette\/\">Chatroulette<\/a><\/td>\n<td align=\"center\">\u2705<\/td>\n<td align=\"center\">\u274c (Pay\u00e9)<\/td>\n<td align=\"center\">\u274c<\/td>\n<td align=\"center\">\u2705<\/td>\n<td align=\"center\">\u2705<\/td>\n<td>Plate-forme classique, mais co\u00fbt des filtres<\/td>\n<\/tr>\n<tr>\n<td>Chatrandom<\/td>\n<td align=\"center\">\u2705<\/td>\n<td align=\"center\">\u274c (Pay\u00e9)<\/td>\n<td align=\"center\">\u274c<\/td>\n<td align=\"center\">\u2705<\/td>\n<td align=\"center\">\u2705<\/td>\n<td>Populaire, mais des filtres payants<\/td>\n<\/tr>\n<tr>\n<td><a href=\"https:\/\/strangercam.com\/fr\/ometv\/\">OmeTV<\/a><\/td>\n<td align=\"center\">\u2705<\/td>\n<td align=\"center\">\u274c<\/td>\n<td align=\"center\">\u274c<\/td>\n<td align=\"center\">\u2705<\/td>\n<td align=\"center\">\u2705<\/td>\n<td>Application mobile disponible, al\u00e9atoire uniquement<\/td>\n<\/tr>\n<tr>\n<td>Shagle<\/td>\n<td align=\"center\">\u2705<\/td>\n<td align=\"center\">\u274c (Pay\u00e9)<\/td>\n<td align=\"center\">\u274c<\/td>\n<td align=\"center\">\u2705<\/td>\n<td align=\"center\">\u2705<\/td>\n<td>Pousser \u00e0 la mise \u00e0 niveau des primes<\/td>\n<\/tr>\n<tr>\n<td><a href=\"https:\/\/strangercam.com\/fr\/coomeet\/\">CooMeet<\/a><\/td>\n<td align=\"center\">\u274c (Essai)<\/td>\n<td align=\"center\">\u2705<\/td>\n<td align=\"center\">\u2705<\/td>\n<td align=\"center\">\u2705<\/td>\n<td align=\"center\">\u2705<\/td>\n<td>Payant apr\u00e8s un essai gratuit limit\u00e9<\/td>\n<\/tr>\n<tr>\n<td>LuckyCrush<\/td>\n<td align=\"center\">\u274c<\/td>\n<td align=\"center\">\u2705<\/td>\n<td align=\"center\">\u2705<\/td>\n<td align=\"center\">\u2705<\/td>\n<td align=\"center\">\u2705<\/td>\n<td>Chat toujours r\u00e9mun\u00e9r\u00e9, bas\u00e9 sur le sexe<\/td>\n<\/tr>\n<\/tbody>\n<\/table>\n<p>Parmi ces plateformes, StrangerCam est l'une des seules \u00e0 proposer un chat cam gratuit avec utilisation illimit\u00e9e, un filtre de genre fonctionnel et aucune inscription requise.<\/p>\n<h2>Pourquoi StrangerCam est le meilleur choix<\/h2>\n<p>Voici pourquoi StrangerCam est l'une des meilleures plateformes de chat par webcam en 2025 :<\/p>\n<h3>1. Enti\u00e8rement gratuit<\/h3>\n<p>Pas de frais cach\u00e9s, d'essais ou de cr\u00e9dits - juste des discussions illimit\u00e9es.<\/p>\n<h3>2. Filtre de genre gratuit<\/h3>\n<p>Choisissez des gar\u00e7ons, des filles ou les deux, sans payer.<\/p>\n<h3>3. Pas d'inscription n\u00e9cessaire<\/h3>\n<p>Restez anonyme et connectez-vous instantan\u00e9ment.<\/p>\n<h3>4. S\u00e9curit\u00e9 et mod\u00e9ration<\/h3>\n<p>Des outils de mod\u00e9ration et de signalement actifs permettent de maintenir la plateforme propre.<\/p>\n<h3>5. Communaut\u00e9 mondiale<\/h3>\n<p>Rencontrez des personnes de plus de 100 pays, disponibles 24 heures sur 24 et 7 jours sur 7.<\/p>\n<h3>6. Fonctionne sur tous les appareils<\/h3>\n<p>Optimis\u00e9 pour les ordinateurs de bureau, les t\u00e9l\u00e9phones portables et les tablettes.<\/p>\n<h2>T\u00e9moignages d'utilisateurs r\u00e9els<\/h2>\n<blockquote><p><em>\"J'\u00e9tais \u00e0 la recherche d'une webcam gratuite sans frais cach\u00e9s, et StrangerCam a \u00e9t\u00e9 la premi\u00e8re plateforme \u00e0 me satisfaire.<\/em><br \/>\n- Jake, 25 ans<\/p><\/blockquote>\n<blockquote><p><em>\"Le filtre de genre fonctionne gratuitement ici, ce qui le diff\u00e9rencie des autres sites\".<\/em><br \/>\n- Sophia, 22 ans<\/p><\/blockquote>\n<blockquote><p><em>\"C'est tellement facile \u00e0 utiliser. J'ai communiqu\u00e9 avec des personnes de trois continents en une seule soir\u00e9e.<\/em><br \/>\n- Ryan, 28 ans<\/p><\/blockquote>\n<blockquote><p><em>\"StrangerCam est plus s\u00fbr que la plupart des autres plateformes de chat que j'ai essay\u00e9es, gr\u00e2ce \u00e0 la mod\u00e9ration.<\/em><br \/>\n- Mia, 20 ans<\/p><\/blockquote>\n<h2>Conseils de s\u00e9curit\u00e9 pour le chat sur webcam<\/h2>\n<p>Bien que le chat par webcam soit amusant, il faut toujours garder la s\u00e9curit\u00e9 \u00e0 l'esprit :<\/p>\n<ul>\n<li>Ne communiquez pas vos donn\u00e9es personnelles (t\u00e9l\u00e9phone, courriel, adresse).<\/li>\n<li>Ignorez ou bloquez toute personne qui vous met mal \u00e0 l'aise.<\/li>\n<li>\u00c9vitez de cliquer sur des liens provenant d'inconnus.<\/li>\n<li>V\u00e9rifiez vos ant\u00e9c\u00e9dents avant d'allumer votre webcam.<\/li>\n<li>S'en tenir aux outils de la plateforme pour les rapports et le blocage.<\/li>\n<li>Respectez les restrictions d'\u00e2ge - \u00e9vitez les plateformes de chat pour adultes si vous avez moins de 18 ans.<\/li>\n<\/ul>\n<h2>Comment d\u00e9marrer - \u00e9tape par \u00e9tape<\/h2>\n<p>Il faut moins d'une minute pour commencer un chat par webcam :<\/p>\n<ol>\n<li>Ouvrez StrangerCam sur votre appareil.<\/li>\n<li>Autoriser l'acc\u00e8s \u00e0 la cam\u00e9ra et au microphone.<\/li>\n<li>Choisir des pr\u00e9f\u00e9rences (comme des filtres de genre).<\/li>\n<li>Cliquez sur D\u00e9marrer le chat pour vous connecter instantan\u00e9ment.<\/li>\n<li>Appuyez sur Suivant pour continuer \u00e0 tout moment.<\/li>\n<\/ol>\n<p>Rapide, simple et gratuit.<\/p>\n<h2>R\u00e9flexions finales - Essayez le chat cam gratuit d\u00e8s aujourd'hui<\/h2>\n<p>En 2025, le chat par webcam reste l'un des moyens les plus excitants et les plus authentiques de rencontrer de nouvelles personnes en ligne. C'est amusant, spontan\u00e9 et cela vous permet d'entrer en contact avec des inconnus du monde entier instantan\u00e9ment.<\/p>\n<p>Mais toutes les plateformes ne sont pas \u00e0 la hauteur : certaines cachent des fonctionnalit\u00e9s derri\u00e8re des murs payants ou inondent leurs sites de bots. C'est pourquoi StrangerCam est le meilleur choix : il est gratuit, anonyme, s\u00fbr et toujours actif avec de vrais utilisateurs pr\u00eats \u00e0 discuter.<\/p>\n<p>Pr\u00eat \u00e0 en faire l'exp\u00e9rience ? Commencez un chat cam gratuit aujourd'hui et d\u00e9couvrez qui vous rencontrerez ensuite.<\/p>","protected":false},"excerpt":{"rendered":"<p>Looking for the best place to enjoy cam chat? You\u2019re not alone. Every day, millions of people around the world use cam chat platforms to meet new people, have fun conversations, and make spontaneous connections online. Unlike dating apps or social networks that require endless scrolling or swiping, cam chat is instant, real, and exciting\u2014you [&hellip;]<\/p>\n","protected":false},"author":8,"featured_media":0,"parent":0,"menu_order":0,"comment_status":"closed","ping_status":"closed","template":"","meta":{"footnotes":""},"class_list":["post-4073","page","type-page","status-publish","hentry"],"yoast_head":"<!-- This site is optimized with the Yoast SEO plugin v27.4 - https:\/\/yoast.com\/product\/yoast-seo-wordpress\/ -->\n<title>Cam Chat with Video Chat on Strangercam.com<\/title>\n<meta name=\"description\" content=\"Liking Cam Chat? Join millions on StrangerCam.com! Start a random video chat, turn on your cam, and meet strangers instantly.\" \/>\n<meta name=\"robots\" content=\"index, follow, max-snippet:-1, max-image-preview:large, max-video-preview:-1\" \/>\n<link rel=\"canonical\" href=\"https:\/\/strangercam.com\/fr\/chat-cam\/\" \/>\n<meta property=\"og:locale\" content=\"fr_FR\" \/>\n<meta property=\"og:type\" content=\"article\" \/>\n<meta property=\"og:title\" content=\"Cam Chat with Video Chat on Strangercam.com\" \/>\n<meta property=\"og:description\" content=\"Liking Cam Chat? Join millions on StrangerCam.com! Start a random video chat, turn on your cam, and meet strangers instantly.\" \/>\n<meta property=\"og:url\" content=\"https:\/\/strangercam.com\/fr\/chat-cam\/\" \/>\n<meta property=\"og:site_name\" content=\"Strangercam\" \/>\n<meta property=\"article:publisher\" content=\"https:\/\/www.facebook.com\/strangercam\" \/>\n<meta property=\"article:modified_time\" content=\"2025-09-03T11:47:51+00:00\" \/>\n<meta property=\"og:image\" content=\"https:\/\/strangercam.com\/wp-content\/uploads\/2021\/10\/Untitled-2.png\" \/>\n\t<meta property=\"og:image:width\" content=\"800\" \/>\n\t<meta property=\"og:image:height\" content=\"532\" \/>\n\t<meta property=\"og:image:type\" content=\"image\/png\" \/>\n<meta name=\"twitter:card\" content=\"summary_large_image\" \/>\n<meta name=\"twitter:site\" content=\"@strangercamapp\" \/>\n<meta name=\"twitter:label1\" content=\"Dur\u00e9e de lecture estim\u00e9e\" \/>\n\t<meta name=\"twitter:data1\" content=\"5 minutes\" \/>\n<script type=\"application\/ld+json\" class=\"yoast-schema-graph\">{\"@context\":\"https:\\\/\\\/schema.org\",\"@graph\":[{\"@type\":\"WebPage\",\"@id\":\"https:\\\/\\\/strangercam.com\\\/cam-chat\\\/\",\"url\":\"https:\\\/\\\/strangercam.com\\\/cam-chat\\\/\",\"name\":\"Cam Chat with Video Chat on Strangercam.com\",\"isPartOf\":{\"@id\":\"https:\\\/\\\/strangercam.com\\\/#website\"},\"datePublished\":\"2025-09-03T09:52:49+00:00\",\"dateModified\":\"2025-09-03T11:47:51+00:00\",\"description\":\"Liking Cam Chat? Join millions on StrangerCam.com! Start a random video chat, turn on your cam, and meet strangers instantly.\",\"breadcrumb\":{\"@id\":\"https:\\\/\\\/strangercam.com\\\/cam-chat\\\/#breadcrumb\"},\"inLanguage\":\"fr-FR\",\"potentialAction\":[{\"@type\":\"ReadAction\",\"target\":[\"https:\\\/\\\/strangercam.com\\\/cam-chat\\\/\"]}]},{\"@type\":\"BreadcrumbList\",\"@id\":\"https:\\\/\\\/strangercam.com\\\/cam-chat\\\/#breadcrumb\",\"itemListElement\":[{\"@type\":\"ListItem\",\"position\":1,\"name\":\"Home\",\"item\":\"https:\\\/\\\/strangercam.com\\\/\"},{\"@type\":\"ListItem\",\"position\":2,\"name\":\"Cam Chat\"}]},{\"@type\":\"WebSite\",\"@id\":\"https:\\\/\\\/strangercam.com\\\/#website\",\"url\":\"https:\\\/\\\/strangercam.com\\\/\",\"name\":\"Strangercam\",\"description\":\"Random Video Chat with Strangers\",\"publisher\":{\"@id\":\"https:\\\/\\\/strangercam.com\\\/#organization\"},\"alternateName\":\"Strangercam.com\",\"potentialAction\":[{\"@type\":\"SearchAction\",\"target\":{\"@type\":\"EntryPoint\",\"urlTemplate\":\"https:\\\/\\\/strangercam.com\\\/?s={search_term_string}\"},\"query-input\":{\"@type\":\"PropertyValueSpecification\",\"valueRequired\":true,\"valueName\":\"search_term_string\"}}],\"inLanguage\":\"fr-FR\"},{\"@type\":\"Organization\",\"@id\":\"https:\\\/\\\/strangercam.com\\\/#organization\",\"name\":\"Strangercam\",\"alternateName\":\"Strangercam.com\",\"url\":\"https:\\\/\\\/strangercam.com\\\/\",\"logo\":{\"@type\":\"ImageObject\",\"inLanguage\":\"fr-FR\",\"@id\":\"https:\\\/\\\/strangercam.com\\\/#\\\/schema\\\/logo\\\/image\\\/\",\"url\":\"https:\\\/\\\/strangercam.com\\\/wp-content\\\/uploads\\\/2020\\\/11\\\/cropped-new-favicon-black.png\",\"contentUrl\":\"https:\\\/\\\/strangercam.com\\\/wp-content\\\/uploads\\\/2020\\\/11\\\/cropped-new-favicon-black.png\",\"width\":512,\"height\":512,\"caption\":\"Strangercam\"},\"image\":{\"@id\":\"https:\\\/\\\/strangercam.com\\\/#\\\/schema\\\/logo\\\/image\\\/\"},\"sameAs\":[\"https:\\\/\\\/www.facebook.com\\\/strangercam\",\"https:\\\/\\\/x.com\\\/strangercamapp\"]}]}<\/script>\n<!-- \/ Yoast SEO plugin. -->","yoast_head_json":{"title":"Cam Chat avec Video Chat sur Strangercam.com","description":"Vous aimez le Cam Chat ? Join millions sur StrangerCam.com ! Commencez un chat vid\u00e9o al\u00e9atoire, allumez votre cam\u00e9ra et rencontrez des inconnus instantan\u00e9ment.","robots":{"index":"index","follow":"follow","max-snippet":"max-snippet:-1","max-image-preview":"max-image-preview:large","max-video-preview":"max-video-preview:-1"},"canonical":"https:\/\/strangercam.com\/fr\/chat-cam\/","og_locale":"fr_FR","og_type":"article","og_title":"Cam Chat with Video Chat on Strangercam.com","og_description":"Liking Cam Chat? Join millions on StrangerCam.com! Start a random video chat, turn on your cam, and meet strangers instantly.","og_url":"https:\/\/strangercam.com\/fr\/chat-cam\/","og_site_name":"Strangercam","article_publisher":"https:\/\/www.facebook.com\/strangercam","article_modified_time":"2025-09-03T11:47:51+00:00","og_image":[{"width":800,"height":532,"url":"https:\/\/strangercam.com\/wp-content\/uploads\/2021\/10\/Untitled-2.png","type":"image\/png"}],"twitter_card":"summary_large_image","twitter_site":"@strangercamapp","twitter_misc":{"Dur\u00e9e de lecture estim\u00e9e":"5 minutes"},"schema":{"@context":"https:\/\/schema.org","@graph":[{"@type":"WebPage","@id":"https:\/\/strangercam.com\/cam-chat\/","url":"https:\/\/strangercam.com\/cam-chat\/","name":"Cam Chat avec Video Chat sur Strangercam.com","isPartOf":{"@id":"https:\/\/strangercam.com\/#website"},"datePublished":"2025-09-03T09:52:49+00:00","dateModified":"2025-09-03T11:47:51+00:00","description":"Vous aimez le Cam Chat ? Join millions sur StrangerCam.com ! Commencez un chat vid\u00e9o al\u00e9atoire, allumez votre cam\u00e9ra et rencontrez des inconnus instantan\u00e9ment.","breadcrumb":{"@id":"https:\/\/strangercam.com\/cam-chat\/#breadcrumb"},"inLanguage":"fr-FR","potentialAction":[{"@type":"ReadAction","target":["https:\/\/strangercam.com\/cam-chat\/"]}]},{"@type":"BreadcrumbList","@id":"https:\/\/strangercam.com\/cam-chat\/#breadcrumb","itemListElement":[{"@type":"ListItem","position":1,"name":"Home","item":"https:\/\/strangercam.com\/"},{"@type":"ListItem","position":2,"name":"Cam Chat"}]},{"@type":"WebSite","@id":"https:\/\/strangercam.com\/#website","url":"https:\/\/strangercam.com\/","name":"Strangercam","description":"Chat vid\u00e9o al\u00e9atoire avec des inconnus","publisher":{"@id":"https:\/\/strangercam.com\/#organization"},"alternateName":"Strangercam.com","potentialAction":[{"@type":"SearchAction","target":{"@type":"EntryPoint","urlTemplate":"https:\/\/strangercam.com\/?s={search_term_string}"},"query-input":{"@type":"PropertyValueSpecification","valueRequired":true,"valueName":"search_term_string"}}],"inLanguage":"fr-FR"},{"@type":"Organization","@id":"https:\/\/strangercam.com\/#organization","name":"Strangercam","alternateName":"Strangercam.com","url":"https:\/\/strangercam.com\/","logo":{"@type":"ImageObject","inLanguage":"fr-FR","@id":"https:\/\/strangercam.com\/#\/schema\/logo\/image\/","url":"https:\/\/strangercam.com\/wp-content\/uploads\/2020\/11\/cropped-new-favicon-black.png","contentUrl":"https:\/\/strangercam.com\/wp-content\/uploads\/2020\/11\/cropped-new-favicon-black.png","width":512,"height":512,"caption":"Strangercam"},"image":{"@id":"https:\/\/strangercam.com\/#\/schema\/logo\/image\/"},"sameAs":["https:\/\/www.facebook.com\/strangercam","https:\/\/x.com\/strangercamapp"]}]}},"_links":{"self":[{"href":"https:\/\/strangercam.com\/fr\/wp-json\/wp\/v2\/pages\/4073","targetHints":{"allow":["GET"]}}],"collection":[{"href":"https:\/\/strangercam.com\/fr\/wp-json\/wp\/v2\/pages"}],"about":[{"href":"https:\/\/strangercam.com\/fr\/wp-json\/wp\/v2\/types\/page"}],"author":[{"embeddable":true,"href":"https:\/\/strangercam.com\/fr\/wp-json\/wp\/v2\/users\/8"}],"replies":[{"embeddable":true,"href":"https:\/\/strangercam.com\/fr\/wp-json\/wp\/v2\/comments?post=4073"}],"version-history":[{"count":3,"href":"https:\/\/strangercam.com\/fr\/wp-json\/wp\/v2\/pages\/4073\/revisions"}],"predecessor-version":[{"id":13003,"href":"https:\/\/strangercam.com\/fr\/wp-json\/wp\/v2\/pages\/4073\/revisions\/13003"}],"wp:attachment":[{"href":"https:\/\/strangercam.com\/fr\/wp-json\/wp\/v2\/media?parent=4073"}],"curies":[{"name":"wp","href":"https:\/\/api.w.org\/{rel}","templated":true}]}}