{"id":4056,"date":"2025-09-03T11:50:30","date_gmt":"2025-09-03T09:50:30","guid":{"rendered":"https:\/\/strangercam.com\/?page_id=4056"},"modified":"2025-09-03T13:46:31","modified_gmt":"2025-09-03T11:46:31","slug":"chat-video-avec-un-etranger","status":"publish","type":"page","link":"https:\/\/strangercam.com\/fr\/chat-video-avec-un-etranger\/","title":{"rendered":"Chat vid\u00e9o avec un \u00e9tranger"},"content":{"rendered":"<p>Vous cherchez la meilleure fa\u00e7on d'appr\u00e9cier une vid\u00e9o \u00e9trang\u00e8re ? <a href=\"https:\/\/strangercam.com\/fr\/chathub\/\">chat<\/a>? Vous n'\u00eates pas le seul. Chaque jour, des millions de personnes se tournent vers les plateformes de chat vid\u00e9o en direct pour entrer instantan\u00e9ment en contact avec des inconnus. Contrairement aux applications de rencontres ou aux r\u00e9seaux sociaux, qui donnent souvent l'impression d'\u00eatre mis en sc\u00e8ne ou de prendre du temps, le chat vid\u00e9o entre inconnus est spontan\u00e9, authentique et r\u00e9el.<\/p>\n<p>Avec des plateformes modernes comme StrangerCam, vous pouvez commencer un tchat vid\u00e9o entre inconnus gratuit d\u00e8s maintenant, sans inscription, sans t\u00e9l\u00e9chargement et sans frais cach\u00e9s. Que vous souhaitiez vous faire de nouveaux amis, flirter, pratiquer une langue ou simplement vous d\u00e9sennuyer, le chat vid\u00e9o entre inconnus est l'une des exp\u00e9riences en ligne les plus excitantes et les plus impr\u00e9visibles en 2025.<\/p>\n<p>Ce guide vous expliquera tout ce que vous devez savoir : ce qu'est le chat vid\u00e9o entre inconnus, pourquoi il est populaire, comment il fonctionne, quelles sont les fonctionnalit\u00e9s les plus importantes, une comparaison des meilleures plateformes, des conseils de s\u00e9curit\u00e9, et pourquoi StrangerCam est l'un des meilleurs choix disponibles aujourd'hui.<\/p>\n<h2>Qu'est-ce que le chat vid\u00e9o pour \u00e9trangers ?<\/h2>\n<p>Le chat vid\u00e9o entre inconnus est un service en ligne qui vous permet de vous connecter instantan\u00e9ment avec des personnes au hasard par le biais d'appels vid\u00e9o en direct en utilisant votre webcam et votre microphone. L'aspect \"\u00e9tranger\" signifie que vous ne savez pas qui vous rencontrerez avant que la connexion ne soit \u00e9tablie.<\/p>\n<p>Contrairement aux salons de discussion textuels, les appels vid\u00e9o offrent une exp\u00e9rience plus authentique, car vous pouvez voir et entendre la personne en temps r\u00e9el. Si vous n'appr\u00e9ciez pas la discussion, il vous suffit de cliquer sur Suivant pour \u00eatre jumel\u00e9 instantan\u00e9ment avec quelqu'un d'autre.<\/p>\n<h2>Pourquoi les gens adorent le chat vid\u00e9o gratuit avec des inconnus<\/h2>\n<p>La popularit\u00e9 du chat vid\u00e9o gratuit entre inconnus s'explique par plusieurs raisons essentielles :<\/p>\n<ul>\n<li>Spontan\u00e9it\u00e9 : chaque chat est diff\u00e9rent et impr\u00e9visible.<\/li>\n<li>Authenticit\u00e9 : La vid\u00e9o prouve que la personne est r\u00e9elle, et non un robot ou un faux compte.<\/li>\n<li>Pas d'engagement : Pas de compte, pas de t\u00e9l\u00e9chargement, juste des discussions instantan\u00e9es.<\/li>\n<li>Port\u00e9e mondiale : Rencontrez des inconnus du monde entier \u00e0 tout moment.<\/li>\n<li>Divertissement : Id\u00e9al pour passer le temps, se faire des amis ou flirter \u00e0 la l\u00e9g\u00e8re.<\/li>\n<li>Gratification instantan\u00e9e : Pas besoin d'attendre les r\u00e9ponses, les connexions sont instantan\u00e9es.<\/li>\n<\/ul>\n<h2>Comment fonctionne le chat vid\u00e9o avec des inconnus ?<\/h2>\n<p>Il est facile de commencer un chat vid\u00e9o avec un \u00e9tranger :<\/p>\n<ol>\n<li>Ouvrez la plateforme sur votre t\u00e9l\u00e9phone ou votre ordinateur.<\/li>\n<li>Autoriser l'acc\u00e8s \u00e0 la cam\u00e9ra et au microphone.<\/li>\n<li>Cliquez sur \"Start Chat\".<\/li>\n<li>Parler en face \u00e0 face avec un \u00e9tranger au hasard et instantan\u00e9ment.<\/li>\n<li>Cliquez sur \"Suivant\" \u00e0 tout moment pour passer \u00e0 quelqu'un d'autre.<\/li>\n<\/ol>\n<p>Certaines plateformes proposent \u00e9galement des fonctionnalit\u00e9s avanc\u00e9es telles que des filtres de genre, des pr\u00e9f\u00e9rences de localisation et des traductions dans le chat.<\/p>\n<h2>Principales caract\u00e9ristiques \u00e0 rechercher<\/h2>\n<p>Toutes les plateformes de chat vid\u00e9o entre \u00e9trangers ne se valent pas. Voici ce que vous devez rechercher :<\/p>\n<h3>1. Acc\u00e8s gratuit sans astuces<\/h3>\n<p>Certaines plateformes s'affichent comme \u00e9tant gratuites mais verrouillent les fonctionnalit\u00e9s essentielles derri\u00e8re des murs payants. Choisissez un site qui offre une utilisation gratuite illimit\u00e9e.<\/p>\n<h3>2. Pas d'inscription n\u00e9cessaire<\/h3>\n<p>Restez anonyme et discutez instantan\u00e9ment sans cr\u00e9er de compte.<\/p>\n<h3>3. Filtres de genre et de localisation<\/h3>\n<p>Utile pour trouver le type de personnes avec lesquelles vous voulez discuter.<\/p>\n<h3>4. Forte mod\u00e9ration<\/h3>\n<p>Les plateformes dot\u00e9es d'outils de signalement et de mod\u00e9ration garantissent une exp\u00e9rience plus s\u00fbre.<\/p>\n<h3>5. Conception adapt\u00e9e aux mobiles<\/h3>\n<p>Vous devez \u00eatre en mesure de dialoguer de mani\u00e8re fluide \u00e0 la fois sur votre ordinateur et sur votre t\u00e9l\u00e9phone portable.<\/p>\n<h3>6. Vid\u00e9o et audio de haute qualit\u00e9<\/h3>\n<p>Des connexions claires et fiables rendent les conversations agr\u00e9ables.<\/p>\n<h2>Les meilleures plateformes de chat vid\u00e9o pour \u00e9trangers en 2025<\/h2>\n<p>Voici comment se comparent les plateformes de chat vid\u00e9o entre \u00e9trangers les plus populaires :<\/p>\n<table>\n<thead>\n<tr>\n<th>Plate-forme<\/th>\n<th align=\"center\">Acc\u00e8s gratuit<\/th>\n<th align=\"center\">Filtre de genre<\/th>\n<th align=\"center\">Inscription n\u00e9cessaire<\/th>\n<th align=\"center\">Support mobile<\/th>\n<th align=\"center\">La mod\u00e9ration<\/th>\n<th>Notes<\/th>\n<\/tr>\n<\/thead>\n<tbody>\n<tr>\n<td>StrangerCam<\/td>\n<td align=\"center\">\u2705<\/td>\n<td align=\"center\">\u2705 (Gratuit)<\/td>\n<td align=\"center\">\u274c<\/td>\n<td align=\"center\">\u2705<\/td>\n<td align=\"center\">\u2705<\/td>\n<td>Meilleur choix global, illimit\u00e9 et s\u00fbr<\/td>\n<\/tr>\n<tr>\n<td><a href=\"https:\/\/strangercam.com\/fr\/chatroulette\/\">Chatroulette<\/a><\/td>\n<td align=\"center\">\u2705<\/td>\n<td align=\"center\">\u274c (Pay\u00e9)<\/td>\n<td align=\"center\">\u274c<\/td>\n<td align=\"center\">\u2705<\/td>\n<td align=\"center\">\u2705<\/td>\n<td>Plate-forme classique, mais co\u00fbt des filtres<\/td>\n<\/tr>\n<tr>\n<td>Chatrandom<\/td>\n<td align=\"center\">\u2705<\/td>\n<td align=\"center\">\u274c (Pay\u00e9)<\/td>\n<td align=\"center\">\u274c<\/td>\n<td align=\"center\">\u2705<\/td>\n<td align=\"center\">\u2705<\/td>\n<td>Large base d'utilisateurs, mises \u00e0 jour n\u00e9cessaires<\/td>\n<\/tr>\n<tr>\n<td><a href=\"https:\/\/strangercam.com\/fr\/ometv\/\">OmeTV<\/a><\/td>\n<td align=\"center\">\u2705<\/td>\n<td align=\"center\">\u274c<\/td>\n<td align=\"center\">\u274c<\/td>\n<td align=\"center\">\u2705<\/td>\n<td align=\"center\">\u2705<\/td>\n<td>Al\u00e9atoire uniquement, application mobile disponible<\/td>\n<\/tr>\n<tr>\n<td>Shagle<\/td>\n<td align=\"center\">\u2705<\/td>\n<td align=\"center\">\u274c (Pay\u00e9)<\/td>\n<td align=\"center\">\u274c<\/td>\n<td align=\"center\">\u2705<\/td>\n<td align=\"center\">\u2705<\/td>\n<td>De nombreux \u00e9l\u00e9ments sont payants<\/td>\n<\/tr>\n<tr>\n<td><a href=\"https:\/\/strangercam.com\/fr\/coomeet\/\">CooMeet<\/a><\/td>\n<td align=\"center\">\u274c (Essai)<\/td>\n<td align=\"center\">\u2705<\/td>\n<td align=\"center\">\u2705<\/td>\n<td align=\"center\">\u2705<\/td>\n<td align=\"center\">\u2705<\/td>\n<td>Pay\u00e9 apr\u00e8s une courte p\u00e9riode d'essai<\/td>\n<\/tr>\n<tr>\n<td>LuckyCrush<\/td>\n<td align=\"center\">\u274c<\/td>\n<td align=\"center\">\u2705<\/td>\n<td align=\"center\">\u2705<\/td>\n<td align=\"center\">\u2705<\/td>\n<td align=\"center\">\u2705<\/td>\n<td>Toujours r\u00e9mun\u00e9r\u00e9, ad\u00e9quation entre les sexes<\/td>\n<\/tr>\n<\/tbody>\n<\/table>\n<p>StrangerCam est l'une des seules plateformes \u00e0 proposer un chat vid\u00e9o gratuit entre inconnus avec un filtre de genre fonctionnel, sans enregistrement et sans limite d'utilisation.<\/p>\n<h2>Pourquoi StrangerCam est le meilleur choix<\/h2>\n<p>Voici pourquoi StrangerCam est l'une des meilleures options de chat vid\u00e9o entre inconnus en 2025 :<\/p>\n<h3>1. 100% Gratuit<\/h3>\n<p>Chats illimit\u00e9s sans frais cach\u00e9s.<\/p>\n<h3>2. Filtre de genre gratuit<\/h3>\n<p>Rencontrez des hommes, des femmes ou les deux sans payer de suppl\u00e9ment.<\/p>\n<h3>3. Pas d'inscription requise<\/h3>\n<p>Restez anonyme et connectez-vous instantan\u00e9ment.<\/p>\n<h3>4. S\u00e9curit\u00e9 et mod\u00e9ration<\/h3>\n<p>Une mod\u00e9ration rigoureuse garantit un environnement propre et convivial.<\/p>\n<h3>5. Base mondiale d'utilisateurs<\/h3>\n<p>Rencontrez des personnes originaires de plus de 100 pays, 24 heures sur 24, 7 jours sur 7.<\/p>\n<h3>6. Fonctionne partout<\/h3>\n<p>Optimis\u00e9 pour les mobiles, les tablettes et les ordinateurs de bureau.<\/p>\n<h2>T\u00e9moignages d'utilisateurs r\u00e9els<\/h2>\n<blockquote><p><em>\"Je voulais juste un chat vid\u00e9o entre inconnus qui ne me pousserait pas \u00e0 payer. StrangerCam a \u00e9t\u00e9 le premier site r\u00e9ellement gratuit.\"<\/em><br \/>\n- Liam, 25 ans<\/p><\/blockquote>\n<blockquote><p><em>\"Le filtre de genre est gratuit et fonctionne parfaitement. Les autres sites essaient toujours de le faire payer.\"<\/em><br \/>\n- Sophia, 23 ans<\/p><\/blockquote>\n<blockquote><p><em>\"J'ai rencontr\u00e9 des gens de cinq pays diff\u00e9rents en une seule soir\u00e9e. Cela cr\u00e9e une d\u00e9pendance, mais c'est tellement amusant\".<\/em><br \/>\n- Ryan, 30 ans<\/p><\/blockquote>\n<blockquote><p><em>\"Il semble plus s\u00fbr que les autres sites de chat al\u00e9atoire que j'ai essay\u00e9s. StrangerCam a une meilleure mod\u00e9ration et une ambiance amicale.\"<\/em><br \/>\n- Emma, 21 ans<\/p><\/blockquote>\n<h2>Conseils de s\u00e9curit\u00e9 pour les conversations vid\u00e9o avec des inconnus<\/h2>\n<p>M\u00eame si les chats vid\u00e9o entre inconnus sont amusants, il faut toujours donner la priorit\u00e9 \u00e0 la s\u00e9curit\u00e9 :<\/p>\n<ul>\n<li>Ne communiquez pas vos donn\u00e9es personnelles (t\u00e9l\u00e9phone, courriel, adresse).<\/li>\n<li>Ignorez ou bloquez toute personne qui vous met mal \u00e0 l'aise.<\/li>\n<li>\u00c9vitez de cliquer sur des liens suspects.<\/li>\n<li>V\u00e9rifiez l'arri\u00e8re-plan de votre webcam avant de commencer un appel.<\/li>\n<li>Utiliser des outils de reporting si n\u00e9cessaire.<\/li>\n<li>Respectez les r\u00e8gles d'\u00e2ge - si vous avez moins de 18 ans, \u00e9vitez les plateformes de chat pour adultes.<\/li>\n<\/ul>\n<h2>Comment d\u00e9marrer - \u00e9tape par \u00e9tape<\/h2>\n<p>Il faut moins d'une minute pour d\u00e9marrer un chat vid\u00e9o avec un inconnu :<\/p>\n<ol>\n<li>Ouvrez StrangerCam sur votre appareil.<\/li>\n<li>Autoriser l'acc\u00e8s \u00e0 la cam\u00e9ra et au microphone.<\/li>\n<li>S\u00e9lectionner des pr\u00e9f\u00e9rences (comme des filtres de genre).<\/li>\n<li>Cliquez sur D\u00e9marrer le chat pour vous connecter instantan\u00e9ment.<\/li>\n<li>Appuyez sur Suivant \u00e0 tout moment pour une nouvelle conversation.<\/li>\n<\/ol>\n<p>Simple, rapide et totalement gratuit.<\/p>\n<h2>R\u00e9flexions finales - Essayez le chat vid\u00e9o gratuit entre inconnus d\u00e8s aujourd'hui<\/h2>\n<p>En 2025, le chat vid\u00e9o entre inconnus est l'un des moyens les plus excitants et les plus authentiques de rencontrer de nouvelles personnes en ligne. Il est spontan\u00e9, amusant et vous permet d'entrer instantan\u00e9ment en contact avec de vraies personnes dans le monde entier.<\/p>\n<p>Toutes les plateformes ne sont pas \u00e0 la hauteur : beaucoup cachent des filtres derri\u00e8re des murs payants ou sont remplies de bots. C'est pourquoi StrangerCam est le meilleur choix : il est gratuit, anonyme, s\u00fbr et actif 24 heures sur 24, 7 jours sur 7, avec des personnes pr\u00eates \u00e0 discuter.<\/p>\n<p>Pr\u00eat \u00e0 en faire l'exp\u00e9rience ? Commencez d\u00e8s aujourd'hui un chat vid\u00e9o gratuit entre inconnus et voyez qui vous rencontrerez ensuite.<\/p>","protected":false},"excerpt":{"rendered":"<p>Are you searching for the best way to enjoy a stranger video chat? You\u2019re not the only one. Every day, millions of people turn to live video chat platforms to connect with strangers instantly. Unlike dating apps or social networks, which often feel staged or take time, stranger video chat is spontaneous, authentic, and real. [&hellip;]<\/p>\n","protected":false},"author":8,"featured_media":0,"parent":0,"menu_order":0,"comment_status":"closed","ping_status":"closed","template":"","meta":{"footnotes":""},"class_list":["post-4056","page","type-page","status-publish","hentry"],"yoast_head":"<!-- This site is optimized with the Yoast SEO plugin v26.9 - https:\/\/yoast.com\/product\/yoast-seo-wordpress\/ -->\n<title>Stranger Video Chat with Video Chat on Strangercam.com<\/title>\n<meta name=\"description\" content=\"Liking Stranger Video Chat? Join millions on StrangerCam.com! Start a random video chat, turn on your cam, and meet strangers instantly.\" \/>\n<meta name=\"robots\" content=\"index, follow, max-snippet:-1, max-image-preview:large, max-video-preview:-1\" \/>\n<link rel=\"canonical\" href=\"https:\/\/strangercam.com\/fr\/chat-video-avec-un-etranger\/\" \/>\n<meta property=\"og:locale\" content=\"fr_FR\" \/>\n<meta property=\"og:type\" content=\"article\" \/>\n<meta property=\"og:title\" content=\"Stranger Video Chat with Video Chat on Strangercam.com\" \/>\n<meta property=\"og:description\" content=\"Liking Stranger Video Chat? Join millions on StrangerCam.com! Start a random video chat, turn on your cam, and meet strangers instantly.\" \/>\n<meta property=\"og:url\" content=\"https:\/\/strangercam.com\/fr\/chat-video-avec-un-etranger\/\" \/>\n<meta property=\"og:site_name\" content=\"Strangercam\" \/>\n<meta property=\"article:publisher\" content=\"https:\/\/www.facebook.com\/strangercam\" \/>\n<meta property=\"article:modified_time\" content=\"2025-09-03T11:46:31+00:00\" \/>\n<meta property=\"og:image\" content=\"https:\/\/strangercam.com\/wp-content\/uploads\/2021\/10\/Untitled-2.png\" \/>\n\t<meta property=\"og:image:width\" content=\"800\" \/>\n\t<meta property=\"og:image:height\" content=\"532\" \/>\n\t<meta property=\"og:image:type\" content=\"image\/png\" \/>\n<meta name=\"twitter:card\" content=\"summary_large_image\" \/>\n<meta name=\"twitter:site\" content=\"@strangercamapp\" \/>\n<meta name=\"twitter:label1\" content=\"Dur\u00e9e de lecture estim\u00e9e\" \/>\n\t<meta name=\"twitter:data1\" content=\"4 minutes\" \/>\n<script type=\"application\/ld+json\" class=\"yoast-schema-graph\">{\"@context\":\"https:\/\/schema.org\",\"@graph\":[{\"@type\":\"WebPage\",\"@id\":\"https:\/\/strangercam.com\/stranger-video-chat\/\",\"url\":\"https:\/\/strangercam.com\/stranger-video-chat\/\",\"name\":\"Stranger Video Chat with Video Chat on Strangercam.com\",\"isPartOf\":{\"@id\":\"https:\/\/strangercam.com\/#website\"},\"datePublished\":\"2025-09-03T09:50:30+00:00\",\"dateModified\":\"2025-09-03T11:46:31+00:00\",\"description\":\"Liking Stranger Video Chat? Join millions on StrangerCam.com! Start a random video chat, turn on your cam, and meet strangers instantly.\",\"breadcrumb\":{\"@id\":\"https:\/\/strangercam.com\/stranger-video-chat\/#breadcrumb\"},\"inLanguage\":\"fr-FR\",\"potentialAction\":[{\"@type\":\"ReadAction\",\"target\":[\"https:\/\/strangercam.com\/stranger-video-chat\/\"]}]},{\"@type\":\"BreadcrumbList\",\"@id\":\"https:\/\/strangercam.com\/stranger-video-chat\/#breadcrumb\",\"itemListElement\":[{\"@type\":\"ListItem\",\"position\":1,\"name\":\"Home\",\"item\":\"https:\/\/strangercam.com\/\"},{\"@type\":\"ListItem\",\"position\":2,\"name\":\"Stranger Video Chat\"}]},{\"@type\":\"WebSite\",\"@id\":\"https:\/\/strangercam.com\/#website\",\"url\":\"https:\/\/strangercam.com\/\",\"name\":\"Strangercam\",\"description\":\"Random Video Chat with Strangers\",\"publisher\":{\"@id\":\"https:\/\/strangercam.com\/#organization\"},\"alternateName\":\"Strangercam.com\",\"potentialAction\":[{\"@type\":\"SearchAction\",\"target\":{\"@type\":\"EntryPoint\",\"urlTemplate\":\"https:\/\/strangercam.com\/?s={search_term_string}\"},\"query-input\":{\"@type\":\"PropertyValueSpecification\",\"valueRequired\":true,\"valueName\":\"search_term_string\"}}],\"inLanguage\":\"fr-FR\"},{\"@type\":\"Organization\",\"@id\":\"https:\/\/strangercam.com\/#organization\",\"name\":\"Strangercam\",\"alternateName\":\"Strangercam.com\",\"url\":\"https:\/\/strangercam.com\/\",\"logo\":{\"@type\":\"ImageObject\",\"inLanguage\":\"fr-FR\",\"@id\":\"https:\/\/strangercam.com\/#\/schema\/logo\/image\/\",\"url\":\"https:\/\/strangercam.com\/wp-content\/uploads\/2020\/11\/cropped-new-favicon-black.png\",\"contentUrl\":\"https:\/\/strangercam.com\/wp-content\/uploads\/2020\/11\/cropped-new-favicon-black.png\",\"width\":512,\"height\":512,\"caption\":\"Strangercam\"},\"image\":{\"@id\":\"https:\/\/strangercam.com\/#\/schema\/logo\/image\/\"},\"sameAs\":[\"https:\/\/www.facebook.com\/strangercam\",\"https:\/\/x.com\/strangercamapp\"]}]}<\/script>\n<!-- \/ Yoast SEO plugin. -->","yoast_head_json":{"title":"Stranger Video Chat avec Video Chat sur Strangercam.com","description":"Vous aimez le chat vid\u00e9o de Stranger ? Join millions sur StrangerCam.com ! Commencez un chat vid\u00e9o al\u00e9atoire, allumez votre cam\u00e9ra et rencontrez des inconnus instantan\u00e9ment.","robots":{"index":"index","follow":"follow","max-snippet":"max-snippet:-1","max-image-preview":"max-image-preview:large","max-video-preview":"max-video-preview:-1"},"canonical":"https:\/\/strangercam.com\/fr\/chat-video-avec-un-etranger\/","og_locale":"fr_FR","og_type":"article","og_title":"Stranger Video Chat with Video Chat on Strangercam.com","og_description":"Liking Stranger Video Chat? Join millions on StrangerCam.com! Start a random video chat, turn on your cam, and meet strangers instantly.","og_url":"https:\/\/strangercam.com\/fr\/chat-video-avec-un-etranger\/","og_site_name":"Strangercam","article_publisher":"https:\/\/www.facebook.com\/strangercam","article_modified_time":"2025-09-03T11:46:31+00:00","og_image":[{"width":800,"height":532,"url":"https:\/\/strangercam.com\/wp-content\/uploads\/2021\/10\/Untitled-2.png","type":"image\/png"}],"twitter_card":"summary_large_image","twitter_site":"@strangercamapp","twitter_misc":{"Dur\u00e9e de lecture estim\u00e9e":"4 minutes"},"schema":{"@context":"https:\/\/schema.org","@graph":[{"@type":"WebPage","@id":"https:\/\/strangercam.com\/stranger-video-chat\/","url":"https:\/\/strangercam.com\/stranger-video-chat\/","name":"Stranger Video Chat avec Video Chat sur Strangercam.com","isPartOf":{"@id":"https:\/\/strangercam.com\/#website"},"datePublished":"2025-09-03T09:50:30+00:00","dateModified":"2025-09-03T11:46:31+00:00","description":"Vous aimez le chat vid\u00e9o de Stranger ? Join millions sur StrangerCam.com ! Commencez un chat vid\u00e9o al\u00e9atoire, allumez votre cam\u00e9ra et rencontrez des inconnus instantan\u00e9ment.","breadcrumb":{"@id":"https:\/\/strangercam.com\/stranger-video-chat\/#breadcrumb"},"inLanguage":"fr-FR","potentialAction":[{"@type":"ReadAction","target":["https:\/\/strangercam.com\/stranger-video-chat\/"]}]},{"@type":"BreadcrumbList","@id":"https:\/\/strangercam.com\/stranger-video-chat\/#breadcrumb","itemListElement":[{"@type":"ListItem","position":1,"name":"Home","item":"https:\/\/strangercam.com\/"},{"@type":"ListItem","position":2,"name":"Stranger Video Chat"}]},{"@type":"WebSite","@id":"https:\/\/strangercam.com\/#website","url":"https:\/\/strangercam.com\/","name":"Strangercam","description":"Chat vid\u00e9o al\u00e9atoire avec des inconnus","publisher":{"@id":"https:\/\/strangercam.com\/#organization"},"alternateName":"Strangercam.com","potentialAction":[{"@type":"SearchAction","target":{"@type":"EntryPoint","urlTemplate":"https:\/\/strangercam.com\/?s={search_term_string}"},"query-input":{"@type":"PropertyValueSpecification","valueRequired":true,"valueName":"search_term_string"}}],"inLanguage":"fr-FR"},{"@type":"Organization","@id":"https:\/\/strangercam.com\/#organization","name":"Strangercam","alternateName":"Strangercam.com","url":"https:\/\/strangercam.com\/","logo":{"@type":"ImageObject","inLanguage":"fr-FR","@id":"https:\/\/strangercam.com\/#\/schema\/logo\/image\/","url":"https:\/\/strangercam.com\/wp-content\/uploads\/2020\/11\/cropped-new-favicon-black.png","contentUrl":"https:\/\/strangercam.com\/wp-content\/uploads\/2020\/11\/cropped-new-favicon-black.png","width":512,"height":512,"caption":"Strangercam"},"image":{"@id":"https:\/\/strangercam.com\/#\/schema\/logo\/image\/"},"sameAs":["https:\/\/www.facebook.com\/strangercam","https:\/\/x.com\/strangercamapp"]}]}},"_links":{"self":[{"href":"https:\/\/strangercam.com\/fr\/wp-json\/wp\/v2\/pages\/4056","targetHints":{"allow":["GET"]}}],"collection":[{"href":"https:\/\/strangercam.com\/fr\/wp-json\/wp\/v2\/pages"}],"about":[{"href":"https:\/\/strangercam.com\/fr\/wp-json\/wp\/v2\/types\/page"}],"author":[{"embeddable":true,"href":"https:\/\/strangercam.com\/fr\/wp-json\/wp\/v2\/users\/8"}],"replies":[{"embeddable":true,"href":"https:\/\/strangercam.com\/fr\/wp-json\/wp\/v2\/comments?post=4056"}],"version-history":[{"count":3,"href":"https:\/\/strangercam.com\/fr\/wp-json\/wp\/v2\/pages\/4056\/revisions"}],"predecessor-version":[{"id":13001,"href":"https:\/\/strangercam.com\/fr\/wp-json\/wp\/v2\/pages\/4056\/revisions\/13001"}],"wp:attachment":[{"href":"https:\/\/strangercam.com\/fr\/wp-json\/wp\/v2\/media?parent=4056"}],"curies":[{"name":"wp","href":"https:\/\/api.w.org\/{rel}","templated":true}]}}