{"id":4039,"date":"2025-09-03T11:47:55","date_gmt":"2025-09-03T09:47:55","guid":{"rendered":"https:\/\/strangercam.com\/?page_id=4039"},"modified":"2025-09-03T13:44:58","modified_gmt":"2025-09-03T11:44:58","slug":"chat-video-aleatoire-avec-des-inconnus","status":"publish","type":"page","link":"https:\/\/strangercam.com\/fr\/random-video-chat-with-strangers\/","title":{"rendered":"Chat vid\u00e9o al\u00e9atoire avec des inconnus"},"content":{"rendered":"<p>Vous cherchez la meilleure fa\u00e7on de profiter d'une vid\u00e9o al\u00e9atoire ? <a href=\"https:\/\/strangercam.com\/fr\/chathub\/\">chat<\/a> avec des \u00e9trangers ? Vous n'\u00eates pas le seul. Chaque mois, des millions de personnes dans le monde entier se connectent en ligne pour entrer instantan\u00e9ment en contact avec des inconnus, que ce soit pour s'amuser, se lier d'amiti\u00e9, \u00e9changer des points de vue sur la culture ou flirter \u00e0 la l\u00e9g\u00e8re. Contrairement aux applications de rencontres ou aux m\u00e9dias sociaux, qui peuvent sembler lents ou artificiels, le chat vid\u00e9o al\u00e9atoire est spontan\u00e9, authentique et excitant.<\/p>\n<p>Gr\u00e2ce \u00e0 des plateformes telles que StrangerCam, vous pouvez commencer d\u00e8s aujourd'hui un chat vid\u00e9o al\u00e9atoire gratuit avec des inconnus, sans inscription, sans t\u00e9l\u00e9chargement et sans frais cach\u00e9s. D'un simple clic, vous vous retrouvez face \u00e0 face avec une nouvelle personne, o\u00f9 qu'elle se trouve dans le monde.<\/p>\n<p>Ce guide vous expliquera tout ce que vous devez savoir : ce qu'est le chat vid\u00e9o al\u00e9atoire avec des inconnus, pourquoi les gens l'adorent, comment il fonctionne, quelles sont les fonctionnalit\u00e9s \u00e0 rechercher, les comparaisons de plateformes, les conseils de s\u00e9curit\u00e9, et pourquoi StrangerCam est l'un des meilleurs choix en 2025.<\/p>\n<h2>Qu'est-ce que le chat vid\u00e9o al\u00e9atoire avec des inconnus ?<\/h2>\n<p>Un chat vid\u00e9o al\u00e9atoire avec des inconnus est une fonction en ligne qui vous connecte instantan\u00e9ment \u00e0 d'autres personnes par l'interm\u00e9diaire d'une webcam et d'un microphone. Contrairement aux salons de discussion en mode texte, le chat vid\u00e9o permet une interaction en direct et en face \u00e0 face, ce qui rend les conversations plus r\u00e9elles et plus int\u00e9ressantes.<\/p>\n<p>Vous n'avez pas besoin de cr\u00e9er un compte ou de remplir un profil. Il vous suffit de cliquer sur \"D\u00e9marrer\" et, en quelques secondes, vous discutez avec une nouvelle personne. Si la conversation ne vous convient pas, cliquez sur \"Suivant\" et vous serez instantan\u00e9ment mis en relation avec quelqu'un d'autre.<\/p>\n<h2>Pourquoi les gens adorent les discussions vid\u00e9o gratuites avec des inconnus<\/h2>\n<p>La popularit\u00e9 du chat vid\u00e9o al\u00e9atoire gratuit avec des inconnus s'explique par plusieurs raisons essentielles :<\/p>\n<ul>\n<li>Spontan\u00e9it\u00e9 : chaque chat est diff\u00e9rent et impr\u00e9visible.<\/li>\n<li>Authenticit\u00e9 : La vid\u00e9o en direct vous permet de rencontrer de vraies personnes, et non des robots.<\/li>\n<li>Pas d'engagement : Pas de compte, pas de t\u00e9l\u00e9chargement, juste des conversations instantan\u00e9es.<\/li>\n<li>Une port\u00e9e mondiale : Rencontrez des personnes de dizaines de pays en temps r\u00e9el.<\/li>\n<li>Amiti\u00e9 et divertissement : Certains l'utilisent pour se faire des amis, d'autres pour flirter ou se divertir.<\/li>\n<li>\u00c9chapper rapidement \u00e0 l'ennui : Parfait pour rompre avec la routine.<\/li>\n<\/ul>\n<h2>Comment fonctionne le chat vid\u00e9o al\u00e9atoire avec des inconnus ?<\/h2>\n<p>La mise en route est simple et rapide :<\/p>\n<ol>\n<li>Ouvrez une plateforme comme StrangerCam sur votre t\u00e9l\u00e9phone ou votre ordinateur.<\/li>\n<li>Autorisez l'acc\u00e8s \u00e0 votre webcam et \u00e0 votre microphone.<\/li>\n<li>Cliquez sur \"Start Chat\".<\/li>\n<li>Parler en face \u00e0 face avec un \u00e9tranger au hasard et instantan\u00e9ment.<\/li>\n<li>Cliquez sur \"Suivant\" \u00e0 tout moment pour rencontrer quelqu'un de nouveau.<\/li>\n<\/ol>\n<p>Ce cycle peut se r\u00e9p\u00e9ter \u00e0 l'infini, ce qui vous donne des occasions illimit\u00e9es de vous connecter.<\/p>\n<h2>Principales caract\u00e9ristiques \u00e0 rechercher<\/h2>\n<p>Toutes les plateformes ne se valent pas. Voici ce que vous devez rechercher lorsque vous choisissez un site de chat vid\u00e9o al\u00e9atoire avec des inconnus :<\/p>\n<h3>1. Un acc\u00e8s r\u00e9ellement gratuit<\/h3>\n<p>Certains sites pr\u00e9tendent \u00eatre gratuits mais bloquent des fonctionnalit\u00e9s essentielles derri\u00e8re des murs payants. Recherchez un acc\u00e8s illimit\u00e9 sans artifices.<\/p>\n<h3>2. Pas d'inscription n\u00e9cessaire<\/h3>\n<p>Les meilleurs sites ne demandent pas d'inscription, de compte ou d'informations personnelles.<\/p>\n<h3>3. Filtres de genre et de localisation<\/h3>\n<p>Utile si vous souhaitez rencontrer des types de personnes sp\u00e9cifiques.<\/p>\n<h3>4. Forte mod\u00e9ration<\/h3>\n<p>Des outils de signalement et des syst\u00e8mes de mod\u00e9ration garantissent un environnement s\u00fbr.<\/p>\n<h3>5. Conception adapt\u00e9e aux mobiles<\/h3>\n<p>Une bonne plateforme doit fonctionner aussi bien sur les t\u00e9l\u00e9phones que sur les ordinateurs de bureau.<\/p>\n<h3>6. Vid\u00e9o et audio de haute qualit\u00e9<\/h3>\n<p>Des connexions claires et stables rendent les conversations plus agr\u00e9ables.<\/p>\n<h2>Meilleures plates-formes pour les discussions vid\u00e9o al\u00e9atoires avec des inconnus en 2025<\/h2>\n<p>Voici une comparaison des plateformes populaires proposant des chats vid\u00e9o al\u00e9atoires avec des inconnus :<\/p>\n<table>\n<thead>\n<tr>\n<th>Plate-forme<\/th>\n<th align=\"center\">Acc\u00e8s gratuit<\/th>\n<th align=\"center\">Filtre de genre<\/th>\n<th align=\"center\">Inscription n\u00e9cessaire<\/th>\n<th align=\"center\">Support mobile<\/th>\n<th align=\"center\">La mod\u00e9ration<\/th>\n<th>Notes<\/th>\n<\/tr>\n<\/thead>\n<tbody>\n<tr>\n<td>StrangerCam<\/td>\n<td align=\"center\">\u2705<\/td>\n<td align=\"center\">\u2705 (Gratuit)<\/td>\n<td align=\"center\">\u274c<\/td>\n<td align=\"center\">\u2705<\/td>\n<td align=\"center\">\u2705<\/td>\n<td>Meilleur choix global, vraiment gratuit<\/td>\n<\/tr>\n<tr>\n<td><a href=\"https:\/\/strangercam.com\/fr\/chatroulette\/\">Chatroulette<\/a><\/td>\n<td align=\"center\">\u2705<\/td>\n<td align=\"center\">\u274c (Pay\u00e9)<\/td>\n<td align=\"center\">\u274c<\/td>\n<td align=\"center\">\u2705<\/td>\n<td align=\"center\">\u2705<\/td>\n<td>Option classique, mais co\u00fbt des filtres<\/td>\n<\/tr>\n<tr>\n<td>Chatrandom<\/td>\n<td align=\"center\">\u2705<\/td>\n<td align=\"center\">\u274c (Pay\u00e9)<\/td>\n<td align=\"center\">\u274c<\/td>\n<td align=\"center\">\u2705<\/td>\n<td align=\"center\">\u2705<\/td>\n<td>Populaire, mais les fonctionnalit\u00e9s premium sont verrouill\u00e9es<\/td>\n<\/tr>\n<tr>\n<td><a href=\"https:\/\/strangercam.com\/fr\/ometv\/\">OmeTV<\/a><\/td>\n<td align=\"center\">\u2705<\/td>\n<td align=\"center\">\u274c<\/td>\n<td align=\"center\">\u274c<\/td>\n<td align=\"center\">\u2705<\/td>\n<td align=\"center\">\u2705<\/td>\n<td>Al\u00e9atoire uniquement, application mobile disponible<\/td>\n<\/tr>\n<tr>\n<td>Shagle<\/td>\n<td align=\"center\">\u2705<\/td>\n<td align=\"center\">\u274c (Pay\u00e9)<\/td>\n<td align=\"center\">\u274c<\/td>\n<td align=\"center\">\u2705<\/td>\n<td align=\"center\">\u2705<\/td>\n<td>Les fonctionnalit\u00e9s haut de gamme sont fortement mises en avant<\/td>\n<\/tr>\n<tr>\n<td><a href=\"https:\/\/strangercam.com\/fr\/coomeet\/\">CooMeet<\/a><\/td>\n<td align=\"center\">\u274c (Essai)<\/td>\n<td align=\"center\">\u2705<\/td>\n<td align=\"center\">\u2705<\/td>\n<td align=\"center\">\u2705<\/td>\n<td align=\"center\">\u2705<\/td>\n<td>Pay\u00e9 apr\u00e8s une courte p\u00e9riode d'essai<\/td>\n<\/tr>\n<tr>\n<td>LuckyCrush<\/td>\n<td align=\"center\">\u274c<\/td>\n<td align=\"center\">\u2705<\/td>\n<td align=\"center\">\u2705<\/td>\n<td align=\"center\">\u2705<\/td>\n<td align=\"center\">\u2705<\/td>\n<td>Toujours pay\u00e9, chat bas\u00e9 sur le sexe<\/td>\n<\/tr>\n<\/tbody>\n<\/table>\n<p>Parmi celles-ci, StrangerCam se distingue comme l'une des seules plateformes offrant un chat vid\u00e9o al\u00e9atoire gratuit avec des inconnus, avec un acc\u00e8s illimit\u00e9, sans inscription, et un filtre de genre fonctionnel.<\/p>\n<h2>Pourquoi StrangerCam est le meilleur choix<\/h2>\n<p>Voici pourquoi StrangerCam est le meilleur choix pour le chat vid\u00e9o al\u00e9atoire avec des inconnus en 2025 :<\/p>\n<h3>1. Enti\u00e8rement gratuit<\/h3>\n<p>Pas de cr\u00e9dits, d'essais ou de frais cach\u00e9s : le chat illimit\u00e9 est gratuit.<\/p>\n<h3>2. Filtre de genre gratuit<\/h3>\n<p>Choisissez qui vous voulez rencontrer - des gars, des filles ou les deux - sans payer.<\/p>\n<h3>3. Pas d'inscription requise<\/h3>\n<p>Restez anonyme et connectez-vous instantan\u00e9ment.<\/p>\n<h3>4. S\u00e9curit\u00e9 et mod\u00e9ration<\/h3>\n<p>Gr\u00e2ce \u00e0 une mod\u00e9ration active et \u00e0 des outils de signalement, StrangerCam maintient un environnement positif.<\/p>\n<h3>5. Base mondiale d'utilisateurs<\/h3>\n<p>Rencontrez des inconnus de plus de 100 pays, disponibles 24 heures sur 24 et 7 jours sur 7.<\/p>\n<h3>6. Optimis\u00e9 pour tous les appareils<\/h3>\n<p>Fonctionne parfaitement sur mobile et sur ordinateur.<\/p>\n<h2>T\u00e9moignages d'utilisateurs r\u00e9els<\/h2>\n<blockquote><p><em>\"Je voulais une plateforme qui me permette de discuter par vid\u00e9o avec des inconnus sans payer. StrangerCam \u00e9tait le seul site qui r\u00e9pondait \u00e0 mes attentes\".<\/em><br \/>\n- Chris, 25 ans<\/p><\/blockquote>\n<blockquote><p><em>\"Le filtre de genre fonctionne parfaitement et gratuitement. C'est rare de nos jours.\"<\/em><br \/>\n- Sophia, 22 ans<\/p><\/blockquote>\n<blockquote><p><em>\"J'ai rencontr\u00e9 des gens de cinq pays en moins d'une heure. C'est addictif mais amusant\".<\/em><br \/>\n- Ryan, 29 ans<\/p><\/blockquote>\n<blockquote><p><em>\"StrangerCam est s\u00fbr, facile et vraiment gratuit. C'est mon endroit pr\u00e9f\u00e9r\u00e9 pour me connecter en ligne\".<\/em><br \/>\n- Leah, 21 ans<\/p><\/blockquote>\n<h2>Conseils de s\u00e9curit\u00e9 pour les discussions vid\u00e9o al\u00e9atoires avec des inconnus<\/h2>\n<p>Bien que ces plateformes soient amusantes, vous devez toujours vous prot\u00e9ger :<\/p>\n<ul>\n<li>Ne communiquez jamais d'informations personnelles telles que votre nom, votre num\u00e9ro de t\u00e9l\u00e9phone ou votre adresse.<\/li>\n<li>Ne cliquez pas sur des liens partag\u00e9s par des inconnus.<\/li>\n<li>Utilisez librement la touche \"Suivant\" si vous ne vous sentez pas \u00e0 l'aise.<\/li>\n<li>V\u00e9rifiez votre arri\u00e8re-plan avant d'allumer votre appareil photo.<\/li>\n<li>S'en tenir aux outils de la plateforme pour bloquer ou signaler les mauvais utilisateurs.<\/li>\n<li>Respectez les r\u00e8gles d'\u00e2ge - si vous avez moins de 18 ans, \u00e9vitez les sites de chat vid\u00e9o pour adultes.<\/li>\n<\/ul>\n<h2>Comment d\u00e9marrer - \u00e9tape par \u00e9tape<\/h2>\n<p>Il faut moins d'une minute pour d\u00e9marrer une discussion vid\u00e9o avec des inconnus :<\/p>\n<ol>\n<li>Ouvrez StrangerCam dans votre navigateur ou votre appareil mobile.<\/li>\n<li>Autoriser l'acc\u00e8s \u00e0 la cam\u00e9ra et au microphone.<\/li>\n<li>S\u00e9lectionner les pr\u00e9f\u00e9rences (comme les filtres de genre si disponibles).<\/li>\n<li>Cliquez sur D\u00e9marrer le chat pour vous connecter instantan\u00e9ment.<\/li>\n<li>Appuyez sur Suivant \u00e0 tout moment pour rencontrer quelqu'un de nouveau.<\/li>\n<\/ol>\n<p>Rapide, simple et totalement gratuit.<\/p>\n<h2>Derni\u00e8res r\u00e9flexions - Essayez le chat vid\u00e9o al\u00e9atoire gratuit avec des inconnus d\u00e8s aujourd'hui<\/h2>\n<p>En 2025, le chat vid\u00e9o al\u00e9atoire avec des inconnus reste l'un des moyens les plus amusants et les plus excitants de rencontrer de nouvelles personnes en ligne. C'est un moyen spontan\u00e9, authentique et qui vous met instantan\u00e9ment en contact avec de vraies personnes du monde entier.<\/p>\n<p>Mais toutes les plateformes n'en valent pas la peine. Beaucoup cachent des fonctionnalit\u00e9s derri\u00e8re des murs payants ou sont envahies par des bots. C'est pourquoi StrangerCam est le meilleur choix : il est gratuit, anonyme, s\u00fbr et actif 24 heures sur 24, 7 jours sur 7, avec des personnes pr\u00eates \u00e0 discuter.<\/p>\n<p>Pr\u00eat \u00e0 essayer ? Commencez un chat vid\u00e9o al\u00e9atoire gratuit avec des inconnus d\u00e8s aujourd'hui et voyez qui vous rencontrerez ensuite.<\/p>","protected":false},"excerpt":{"rendered":"<p>Are you searching for the best way to enjoy a random video chat with strangers? You\u2019re not alone. Every month, millions of people around the world go online to connect instantly with strangers\u2014whether for fun, friendship, cultural exchange, or lighthearted flirting. Unlike dating apps or social media, which can feel slow or artificial, random video [&hellip;]<\/p>\n","protected":false},"author":8,"featured_media":0,"parent":0,"menu_order":0,"comment_status":"closed","ping_status":"closed","template":"","meta":{"footnotes":""},"class_list":["post-4039","page","type-page","status-publish","hentry"],"yoast_head":"<!-- This site is optimized with the Yoast SEO plugin v27.4 - https:\/\/yoast.com\/product\/yoast-seo-wordpress\/ -->\n<title>Random Video Chat With Strangers on Strangercam.com<\/title>\n<meta name=\"description\" content=\"Liking Random Video Chat With Strangers? Join millions on StrangerCam.com! Start a random video chat, turn on your cam, and meet strangers instantly.\" \/>\n<meta name=\"robots\" content=\"index, follow, max-snippet:-1, max-image-preview:large, max-video-preview:-1\" \/>\n<link rel=\"canonical\" href=\"https:\/\/strangercam.com\/fr\/chat-video-aleatoire-avec-des-inconnus\/\" \/>\n<meta property=\"og:locale\" content=\"fr_FR\" \/>\n<meta property=\"og:type\" content=\"article\" \/>\n<meta property=\"og:title\" content=\"Random Video Chat With Strangers on Strangercam.com\" \/>\n<meta property=\"og:description\" content=\"Liking Random Video Chat With Strangers? Join millions on StrangerCam.com! Start a random video chat, turn on your cam, and meet strangers instantly.\" \/>\n<meta property=\"og:url\" content=\"https:\/\/strangercam.com\/fr\/chat-video-aleatoire-avec-des-inconnus\/\" \/>\n<meta property=\"og:site_name\" content=\"Strangercam\" \/>\n<meta property=\"article:publisher\" content=\"https:\/\/www.facebook.com\/strangercam\" \/>\n<meta property=\"article:modified_time\" content=\"2025-09-03T11:44:58+00:00\" \/>\n<meta property=\"og:image\" content=\"https:\/\/strangercam.com\/wp-content\/uploads\/2021\/10\/Untitled-2.png\" \/>\n\t<meta property=\"og:image:width\" content=\"800\" \/>\n\t<meta property=\"og:image:height\" content=\"532\" \/>\n\t<meta property=\"og:image:type\" content=\"image\/png\" \/>\n<meta name=\"twitter:card\" content=\"summary_large_image\" \/>\n<meta name=\"twitter:site\" content=\"@strangercamapp\" \/>\n<meta name=\"twitter:label1\" content=\"Dur\u00e9e de lecture estim\u00e9e\" \/>\n\t<meta name=\"twitter:data1\" content=\"5 minutes\" \/>\n<script type=\"application\/ld+json\" class=\"yoast-schema-graph\">{\"@context\":\"https:\\\/\\\/schema.org\",\"@graph\":[{\"@type\":\"WebPage\",\"@id\":\"https:\\\/\\\/strangercam.com\\\/random-video-chat-with-strangers\\\/\",\"url\":\"https:\\\/\\\/strangercam.com\\\/random-video-chat-with-strangers\\\/\",\"name\":\"Random Video Chat With Strangers on Strangercam.com\",\"isPartOf\":{\"@id\":\"https:\\\/\\\/strangercam.com\\\/#website\"},\"datePublished\":\"2025-09-03T09:47:55+00:00\",\"dateModified\":\"2025-09-03T11:44:58+00:00\",\"description\":\"Liking Random Video Chat With Strangers? Join millions on StrangerCam.com! Start a random video chat, turn on your cam, and meet strangers instantly.\",\"breadcrumb\":{\"@id\":\"https:\\\/\\\/strangercam.com\\\/random-video-chat-with-strangers\\\/#breadcrumb\"},\"inLanguage\":\"fr-FR\",\"potentialAction\":[{\"@type\":\"ReadAction\",\"target\":[\"https:\\\/\\\/strangercam.com\\\/random-video-chat-with-strangers\\\/\"]}]},{\"@type\":\"BreadcrumbList\",\"@id\":\"https:\\\/\\\/strangercam.com\\\/random-video-chat-with-strangers\\\/#breadcrumb\",\"itemListElement\":[{\"@type\":\"ListItem\",\"position\":1,\"name\":\"Home\",\"item\":\"https:\\\/\\\/strangercam.com\\\/\"},{\"@type\":\"ListItem\",\"position\":2,\"name\":\"Random Video Chat With Strangers\"}]},{\"@type\":\"WebSite\",\"@id\":\"https:\\\/\\\/strangercam.com\\\/#website\",\"url\":\"https:\\\/\\\/strangercam.com\\\/\",\"name\":\"Strangercam\",\"description\":\"Random Video Chat with Strangers\",\"publisher\":{\"@id\":\"https:\\\/\\\/strangercam.com\\\/#organization\"},\"alternateName\":\"Strangercam.com\",\"potentialAction\":[{\"@type\":\"SearchAction\",\"target\":{\"@type\":\"EntryPoint\",\"urlTemplate\":\"https:\\\/\\\/strangercam.com\\\/?s={search_term_string}\"},\"query-input\":{\"@type\":\"PropertyValueSpecification\",\"valueRequired\":true,\"valueName\":\"search_term_string\"}}],\"inLanguage\":\"fr-FR\"},{\"@type\":\"Organization\",\"@id\":\"https:\\\/\\\/strangercam.com\\\/#organization\",\"name\":\"Strangercam\",\"alternateName\":\"Strangercam.com\",\"url\":\"https:\\\/\\\/strangercam.com\\\/\",\"logo\":{\"@type\":\"ImageObject\",\"inLanguage\":\"fr-FR\",\"@id\":\"https:\\\/\\\/strangercam.com\\\/#\\\/schema\\\/logo\\\/image\\\/\",\"url\":\"https:\\\/\\\/strangercam.com\\\/wp-content\\\/uploads\\\/2020\\\/11\\\/cropped-new-favicon-black.png\",\"contentUrl\":\"https:\\\/\\\/strangercam.com\\\/wp-content\\\/uploads\\\/2020\\\/11\\\/cropped-new-favicon-black.png\",\"width\":512,\"height\":512,\"caption\":\"Strangercam\"},\"image\":{\"@id\":\"https:\\\/\\\/strangercam.com\\\/#\\\/schema\\\/logo\\\/image\\\/\"},\"sameAs\":[\"https:\\\/\\\/www.facebook.com\\\/strangercam\",\"https:\\\/\\\/x.com\\\/strangercamapp\"]}]}<\/script>\n<!-- \/ Yoast SEO plugin. -->","yoast_head_json":{"title":"Chat vid\u00e9o al\u00e9atoire avec des inconnus sur Strangercam.com","description":"Vous aimez les chats vid\u00e9o al\u00e9atoires avec des inconnus ? Join millions sur StrangerCam.com ! Commencez un chat vid\u00e9o al\u00e9atoire, allumez votre cam\u00e9ra et rencontrez des inconnus instantan\u00e9ment.","robots":{"index":"index","follow":"follow","max-snippet":"max-snippet:-1","max-image-preview":"max-image-preview:large","max-video-preview":"max-video-preview:-1"},"canonical":"https:\/\/strangercam.com\/fr\/chat-video-aleatoire-avec-des-inconnus\/","og_locale":"fr_FR","og_type":"article","og_title":"Random Video Chat With Strangers on Strangercam.com","og_description":"Liking Random Video Chat With Strangers? Join millions on StrangerCam.com! Start a random video chat, turn on your cam, and meet strangers instantly.","og_url":"https:\/\/strangercam.com\/fr\/chat-video-aleatoire-avec-des-inconnus\/","og_site_name":"Strangercam","article_publisher":"https:\/\/www.facebook.com\/strangercam","article_modified_time":"2025-09-03T11:44:58+00:00","og_image":[{"width":800,"height":532,"url":"https:\/\/strangercam.com\/wp-content\/uploads\/2021\/10\/Untitled-2.png","type":"image\/png"}],"twitter_card":"summary_large_image","twitter_site":"@strangercamapp","twitter_misc":{"Dur\u00e9e de lecture estim\u00e9e":"5 minutes"},"schema":{"@context":"https:\/\/schema.org","@graph":[{"@type":"WebPage","@id":"https:\/\/strangercam.com\/random-video-chat-with-strangers\/","url":"https:\/\/strangercam.com\/random-video-chat-with-strangers\/","name":"Chat vid\u00e9o al\u00e9atoire avec des inconnus sur Strangercam.com","isPartOf":{"@id":"https:\/\/strangercam.com\/#website"},"datePublished":"2025-09-03T09:47:55+00:00","dateModified":"2025-09-03T11:44:58+00:00","description":"Vous aimez les chats vid\u00e9o al\u00e9atoires avec des inconnus ? Join millions sur StrangerCam.com ! Commencez un chat vid\u00e9o al\u00e9atoire, allumez votre cam\u00e9ra et rencontrez des inconnus instantan\u00e9ment.","breadcrumb":{"@id":"https:\/\/strangercam.com\/random-video-chat-with-strangers\/#breadcrumb"},"inLanguage":"fr-FR","potentialAction":[{"@type":"ReadAction","target":["https:\/\/strangercam.com\/random-video-chat-with-strangers\/"]}]},{"@type":"BreadcrumbList","@id":"https:\/\/strangercam.com\/random-video-chat-with-strangers\/#breadcrumb","itemListElement":[{"@type":"ListItem","position":1,"name":"Home","item":"https:\/\/strangercam.com\/"},{"@type":"ListItem","position":2,"name":"Random Video Chat With Strangers"}]},{"@type":"WebSite","@id":"https:\/\/strangercam.com\/#website","url":"https:\/\/strangercam.com\/","name":"Strangercam","description":"Chat vid\u00e9o al\u00e9atoire avec des inconnus","publisher":{"@id":"https:\/\/strangercam.com\/#organization"},"alternateName":"Strangercam.com","potentialAction":[{"@type":"SearchAction","target":{"@type":"EntryPoint","urlTemplate":"https:\/\/strangercam.com\/?s={search_term_string}"},"query-input":{"@type":"PropertyValueSpecification","valueRequired":true,"valueName":"search_term_string"}}],"inLanguage":"fr-FR"},{"@type":"Organization","@id":"https:\/\/strangercam.com\/#organization","name":"Strangercam","alternateName":"Strangercam.com","url":"https:\/\/strangercam.com\/","logo":{"@type":"ImageObject","inLanguage":"fr-FR","@id":"https:\/\/strangercam.com\/#\/schema\/logo\/image\/","url":"https:\/\/strangercam.com\/wp-content\/uploads\/2020\/11\/cropped-new-favicon-black.png","contentUrl":"https:\/\/strangercam.com\/wp-content\/uploads\/2020\/11\/cropped-new-favicon-black.png","width":512,"height":512,"caption":"Strangercam"},"image":{"@id":"https:\/\/strangercam.com\/#\/schema\/logo\/image\/"},"sameAs":["https:\/\/www.facebook.com\/strangercam","https:\/\/x.com\/strangercamapp"]}]}},"_links":{"self":[{"href":"https:\/\/strangercam.com\/fr\/wp-json\/wp\/v2\/pages\/4039","targetHints":{"allow":["GET"]}}],"collection":[{"href":"https:\/\/strangercam.com\/fr\/wp-json\/wp\/v2\/pages"}],"about":[{"href":"https:\/\/strangercam.com\/fr\/wp-json\/wp\/v2\/types\/page"}],"author":[{"embeddable":true,"href":"https:\/\/strangercam.com\/fr\/wp-json\/wp\/v2\/users\/8"}],"replies":[{"embeddable":true,"href":"https:\/\/strangercam.com\/fr\/wp-json\/wp\/v2\/comments?post=4039"}],"version-history":[{"count":3,"href":"https:\/\/strangercam.com\/fr\/wp-json\/wp\/v2\/pages\/4039\/revisions"}],"predecessor-version":[{"id":12999,"href":"https:\/\/strangercam.com\/fr\/wp-json\/wp\/v2\/pages\/4039\/revisions\/12999"}],"wp:attachment":[{"href":"https:\/\/strangercam.com\/fr\/wp-json\/wp\/v2\/media?parent=4039"}],"curies":[{"name":"wp","href":"https:\/\/api.w.org\/{rel}","templated":true}]}}