{"id":4022,"date":"2025-09-03T12:43:36","date_gmt":"2025-09-03T10:43:36","guid":{"rendered":"https:\/\/strangercam.com\/?page_id=4022"},"modified":"2025-09-03T13:42:39","modified_gmt":"2025-09-03T11:42:39","slug":"chat-video-gratuit-et-aleatoire","status":"publish","type":"page","link":"https:\/\/strangercam.com\/fr\/free-random-video-chat\/","title":{"rendered":"Chat vid\u00e9o al\u00e9atoire gratuit"},"content":{"rendered":"<p>Vous cherchez le meilleur moyen de profiter d'une vid\u00e9o al\u00e9atoire gratuite ? <a href=\"https:\/\/strangercam.com\/fr\/chathub\/\">chat<\/a>? Vous n'\u00eates pas seul. Chaque mois, des millions de personnes dans le monde recherchent des plateformes de chat vid\u00e9o al\u00e9atoire, dans l'espoir de se connecter instantan\u00e9ment avec des inconnus, que ce soit par amiti\u00e9, par \u00e9change culturel, par flirt occasionnel ou simplement pour tromper l'ennui. Contrairement aux applications de rencontres ou aux r\u00e9seaux sociaux, qui peuvent sembler lents ou artificiels, le chat vid\u00e9o al\u00e9atoire est spontan\u00e9, authentique et passionnant.<\/p>\n<p>Avec des plateformes comme StrangerCam, il est plus facile que jamais de profiter d'un chat vid\u00e9o al\u00e9atoire gratuit, sans inscription, sans t\u00e9l\u00e9chargement et sans frais cach\u00e9s. Il vous suffit de cliquer sur un bouton pour vous retrouver instantan\u00e9ment face \u00e0 face avec une nouvelle personne, o\u00f9 qu'elle se trouve dans le monde.<\/p>\n<p>Ce guide couvrira tout ce que vous devez savoir : ce qu'est le chat vid\u00e9o al\u00e9atoire gratuit, pourquoi les gens l'adorent, comment il fonctionne, les meilleures fonctionnalit\u00e9s \u00e0 rechercher, les comparaisons des plateformes populaires, les conseils de s\u00e9curit\u00e9, et pourquoi StrangerCam est l'un des meilleurs choix en 2025.<\/p>\n<h2>Qu'est-ce que le chat vid\u00e9o al\u00e9atoire gratuit ?<\/h2>\n<p>Le chat vid\u00e9o al\u00e9atoire gratuit est un service en ligne qui vous met instantan\u00e9ment en relation avec des inconnus pour des appels vid\u00e9o en direct et en t\u00eate-\u00e0-t\u00eate \u00e0 l'aide de votre webcam et de votre microphone. La partie \"al\u00e9atoire\" signifie que vous ne savez jamais qui vous rencontrerez avant le d\u00e9but du chat : il peut s'agir d'une personne \u00e0 proximit\u00e9 ou d'une personne \u00e0 l'autre bout du monde.<\/p>\n<p>Contrairement aux salons de discussion textuels, le chat vid\u00e9o al\u00e9atoire vous offre une exp\u00e9rience beaucoup plus authentique et engageante, car vous pouvez voir et entendre la personne en temps r\u00e9el. Si vous n'appr\u00e9ciez pas la conversation, il vous suffit d'appuyer sur \"Suivant\" pour passer \u00e0 quelqu'un d'autre.<\/p>\n<h2>Pourquoi les gens adorent le chat vid\u00e9o al\u00e9atoire gratuit<\/h2>\n<p>Il y a de nombreuses raisons pour lesquelles le chat vid\u00e9o al\u00e9atoire gratuit est devenu si populaire :<\/p>\n<ul>\n<li>Amusement spontan\u00e9 : Chaque chat est unique et impr\u00e9visible.<\/li>\n<li>Interaction humaine r\u00e9elle : Les appels vid\u00e9o permettent de confirmer que l'interlocuteur est bien r\u00e9el, et non un robot.<\/li>\n<li>Connexions instantan\u00e9es : Pas de longues inscriptions ni d'attente de r\u00e9ponses.<\/li>\n<li>Une port\u00e9e mondiale : Rencontrez des inconnus du monde entier, 24 heures sur 24, 7 jours sur 7.<\/li>\n<li>Valeur divertissante : Parfait pour passer le temps, se faire des amis ou flirter.<\/li>\n<li>Libert\u00e9 de choix : Vous n'aimez pas l'ambiance ? Cliquez simplement sur \"Suivant\".<\/li>\n<\/ul>\n<h2>Comment fonctionne le chat vid\u00e9o al\u00e9atoire gratuit ?<\/h2>\n<p>Il est incroyablement facile de lancer un chat vid\u00e9o al\u00e9atoire gratuit :<\/p>\n<ol>\n<li>Ouvrez la plateforme sur votre t\u00e9l\u00e9phone ou votre ordinateur.<\/li>\n<li>Autoriser l'acc\u00e8s \u00e0 la cam\u00e9ra et au microphone.<\/li>\n<li>Cliquez sur \"Start Chat\".<\/li>\n<li>Connectez-vous instantan\u00e9ment avec un inconnu par appel vid\u00e9o.<\/li>\n<li>Cliquez sur \"Suivant\" \u00e0 tout moment pour rencontrer quelqu'un de nouveau.<\/li>\n<\/ol>\n<p>Certaines plateformes ajoutent des fonctionnalit\u00e9s suppl\u00e9mentaires telles que des filtres de genre, des pr\u00e9f\u00e9rences de localisation et m\u00eame des outils de traduction automatique pour faciliter le dialogue entre les langues.<\/p>\n<h2>Principales caract\u00e9ristiques \u00e0 rechercher<\/h2>\n<p>Toutes les plateformes de chat vid\u00e9o ne se valent pas. Si vous souhaitez b\u00e9n\u00e9ficier de la meilleure exp\u00e9rience de chat vid\u00e9o al\u00e9atoire gratuit, voici ce qu'il faut rechercher :<\/p>\n<h3>1. Un acc\u00e8s r\u00e9ellement gratuit<\/h3>\n<p>Certains sites s'affichent comme \"gratuits\", mais restreignent les fonctionnalit\u00e9s ou vous poussent \u00e0 franchir des barri\u00e8res payantes. Choisissez une plateforme qui offre un acc\u00e8s illimit\u00e9.<\/p>\n<h3>2. Aucune inscription n'est requise<\/h3>\n<p>Restez anonyme et commencez \u00e0 chatter sans compte ni connexion.<\/p>\n<h3>3. Filtres de genre et de localisation<\/h3>\n<p>Utile si vous pr\u00e9f\u00e9rez parler \u00e0 des types de personnes sp\u00e9cifiques.<\/p>\n<h3>4. Forte mod\u00e9ration<\/h3>\n<p>Des mod\u00e9rateurs actifs et des outils de signalement garantissent une exp\u00e9rience plus s\u00fbre.<\/p>\n<h3>5. Conception adapt\u00e9e aux mobiles<\/h3>\n<p>Une bonne plateforme doit fonctionner de mani\u00e8re transparente \u00e0 la fois sur les ordinateurs de bureau et les t\u00e9l\u00e9phones portables.<\/p>\n<h3>6. Vid\u00e9o et audio de haute qualit\u00e9<\/h3>\n<p>Des connexions claires rendent les discussions plus naturelles et plus agr\u00e9ables.<\/p>\n<h2>Meilleures plateformes gratuites de chat vid\u00e9o al\u00e9atoire en 2025<\/h2>\n<p>Voici comment se comparent les plateformes de chat vid\u00e9o al\u00e9atoire les plus populaires :<\/p>\n<table>\n<thead>\n<tr>\n<th>Plate-forme<\/th>\n<th align=\"center\">Acc\u00e8s gratuit<\/th>\n<th align=\"center\">Filtre de genre<\/th>\n<th align=\"center\">Inscription n\u00e9cessaire<\/th>\n<th align=\"center\">Support mobile<\/th>\n<th align=\"center\">La mod\u00e9ration<\/th>\n<th>Notes<\/th>\n<\/tr>\n<\/thead>\n<tbody>\n<tr>\n<td>StrangerCam<\/td>\n<td align=\"center\">\u2705<\/td>\n<td align=\"center\">\u2705 (Gratuit)<\/td>\n<td align=\"center\">\u274c<\/td>\n<td align=\"center\">\u2705<\/td>\n<td align=\"center\">\u2705<\/td>\n<td>Meilleur choix global, vraiment gratuit<\/td>\n<\/tr>\n<tr>\n<td><a href=\"https:\/\/strangercam.com\/fr\/chatroulette\/\">Chatroulette<\/a><\/td>\n<td align=\"center\">\u2705<\/td>\n<td align=\"center\">\u274c (Pay\u00e9)<\/td>\n<td align=\"center\">\u274c<\/td>\n<td align=\"center\">\u2705<\/td>\n<td align=\"center\">\u2705<\/td>\n<td>Classique mais filtres de genre verrouill\u00e9s<\/td>\n<\/tr>\n<tr>\n<td>Chatrandom<\/td>\n<td align=\"center\">\u2705<\/td>\n<td align=\"center\">\u274c (Pay\u00e9)<\/td>\n<td align=\"center\">\u274c<\/td>\n<td align=\"center\">\u2705<\/td>\n<td align=\"center\">\u2705<\/td>\n<td>Large base d'utilisateurs, mises \u00e0 niveau premium<\/td>\n<\/tr>\n<tr>\n<td><a href=\"https:\/\/strangercam.com\/fr\/ometv\/\">OmeTV<\/a><\/td>\n<td align=\"center\">\u2705<\/td>\n<td align=\"center\">\u274c<\/td>\n<td align=\"center\">\u274c<\/td>\n<td align=\"center\">\u2705<\/td>\n<td align=\"center\">\u2705<\/td>\n<td>Application mobile, al\u00e9atoire uniquement<\/td>\n<\/tr>\n<tr>\n<td>Shagle<\/td>\n<td align=\"center\">\u2705<\/td>\n<td align=\"center\">\u274c (Pay\u00e9)<\/td>\n<td align=\"center\">\u274c<\/td>\n<td align=\"center\">\u2705<\/td>\n<td align=\"center\">\u2705<\/td>\n<td>La prime est fortement sollicit\u00e9e<\/td>\n<\/tr>\n<tr>\n<td><a href=\"https:\/\/strangercam.com\/fr\/coomeet\/\">CooMeet<\/a><\/td>\n<td align=\"center\">\u274c (Essai)<\/td>\n<td align=\"center\">\u2705<\/td>\n<td align=\"center\">\u2705<\/td>\n<td align=\"center\">\u2705<\/td>\n<td align=\"center\">\u2705<\/td>\n<td>Payant apr\u00e8s un essai gratuit limit\u00e9<\/td>\n<\/tr>\n<tr>\n<td>LuckyCrush<\/td>\n<td align=\"center\">\u274c<\/td>\n<td align=\"center\">\u2705<\/td>\n<td align=\"center\">\u2705<\/td>\n<td align=\"center\">\u2705<\/td>\n<td align=\"center\">\u2705<\/td>\n<td>Des chats toujours r\u00e9mun\u00e9r\u00e9s et adapt\u00e9s au sexe des participants<\/td>\n<\/tr>\n<\/tbody>\n<\/table>\n<p>Parmi ces plateformes, StrangerCam est l'une des seules \u00e0 proposer un chat vid\u00e9o al\u00e9atoire, gratuit et illimit\u00e9, avec un filtre de genre fonctionnel et sans inscription.<\/p>\n<h2>Pourquoi StrangerCam est le meilleur choix<\/h2>\n<p>Voici pourquoi StrangerCam est l'une des meilleures plateformes de chat vid\u00e9o al\u00e9atoire gratuit en 2025 :<\/p>\n<h3>1. Enti\u00e8rement gratuit<\/h3>\n<p>Chats illimit\u00e9s, sans frais cach\u00e9s ni cr\u00e9dits requis.<\/p>\n<h3>2. Filtre de genre gratuit<\/h3>\n<p>Choisissez \u00e0 qui vous voulez parler - aux hommes, aux femmes ou aux deux - sans murs payants.<\/p>\n<h3>3. Pas d'inscription requise<\/h3>\n<p>Restez anonyme et commencez \u00e0 chatter instantan\u00e9ment.<\/p>\n<h3>4. S\u00e9curit\u00e9 et mod\u00e9ration<\/h3>\n<p>Gr\u00e2ce \u00e0 une mod\u00e9ration active et \u00e0 des outils de signalement, StrangerCam assure la s\u00e9curit\u00e9 de la communaut\u00e9.<\/p>\n<h3>5. Base mondiale d'utilisateurs<\/h3>\n<p>Rencontrez \u00e0 tout moment des inconnus originaires de plus de 100 pays.<\/p>\n<h3>6. Optimis\u00e9 pour tous les appareils<\/h3>\n<p>Fonctionne sans probl\u00e8me sur les mobiles, les tablettes et les ordinateurs de bureau.<\/p>\n<h2>T\u00e9moignages d'utilisateurs r\u00e9els<\/h2>\n<blockquote><p>\"Je cherchais un site qui me permette de faire du chat vid\u00e9o al\u00e9atoire gratuitement, et StrangerCam \u00e9tait le seul qui ne me poussait pas vers un paywall.<br \/>\n- Alex, 27 ans<\/p><\/blockquote>\n<blockquote><p>\"J'ai rencontr\u00e9 des gens de cinq pays diff\u00e9rents en une seule soir\u00e9e. C'est toujours passionnant, car on ne sait jamais qui sera le prochain\".<br \/>\n- Sophia, 22 ans<\/p><\/blockquote>\n<blockquote><p>\"Le filtre de genre fonctionne r\u00e9ellement sans qu'il soit n\u00e9cessaire de payer un suppl\u00e9ment. Cela change la donne par rapport \u00e0 d'autres plateformes\".<br \/>\n- Ryan, 30 ans<\/p><\/blockquote>\n<blockquote><p>\"C'est rapide, amusant et s\u00fbr. StrangerCam est devenu mon moyen pr\u00e9f\u00e9r\u00e9 pour rencontrer de nouvelles personnes en ligne.\"<br \/>\n- Emily, 19 ans<\/p><\/blockquote>\n<h2>Conseils de s\u00e9curit\u00e9 pour le chat vid\u00e9o al\u00e9atoire gratuit<\/h2>\n<p>Bien que le chat vid\u00e9o soit amusant, il faut toujours garder la s\u00e9curit\u00e9 \u00e0 l'esprit :<\/p>\n<ul>\n<li>Ne communiquez pas de donn\u00e9es personnelles telles que votre num\u00e9ro de t\u00e9l\u00e9phone, votre adresse \u00e9lectronique ou votre adresse postale.<\/li>\n<li>\u00c9vitez de cliquer sur les liens envoy\u00e9s par des inconnus.<\/li>\n<li>Utilisez librement la touche \"Suivant\" si vous ne vous sentez pas \u00e0 l'aise.<\/li>\n<li>V\u00e9rifiez vos ant\u00e9c\u00e9dents pour vous assurer que rien de priv\u00e9 n'est visible.<\/li>\n<li>Signaler les mauvais utilisateurs \u00e0 l'aide des outils de la plateforme.<\/li>\n<li>Respectez les restrictions d'\u00e2ge - si vous avez moins de 18 ans, n'utilisez pas les plateformes de chat vid\u00e9o pour adultes.<\/li>\n<\/ul>\n<h2>Comment d\u00e9marrer - \u00e9tape par \u00e9tape<\/h2>\n<p>Il ne faut que quelques secondes pour commencer un chat vid\u00e9o gratuit et al\u00e9atoire :<\/p>\n<ol>\n<li>Ouvrez StrangerCam sur votre navigateur ou votre t\u00e9l\u00e9phone.<\/li>\n<li>Autoriser l'acc\u00e8s \u00e0 la cam\u00e9ra et au microphone.<\/li>\n<li>Choisissez vos pr\u00e9f\u00e9rences (comme le filtre de genre si disponible).<\/li>\n<li>Cliquez sur D\u00e9marrer le chat pour vous connecter instantan\u00e9ment.<\/li>\n<li>Cliquez sur Suivant \u00e0 tout moment pour rencontrer quelqu'un de nouveau.<\/li>\n<\/ol>\n<p>Rapide, simple et totalement gratuit.<\/p>\n<h2>R\u00e9flexions finales - Essayez le chat vid\u00e9o al\u00e9atoire gratuit d\u00e8s aujourd'hui<\/h2>\n<p>En 2025, le chat vid\u00e9o al\u00e9atoire gratuit est l'un des moyens les plus faciles et les plus excitants de rencontrer de nouvelles personnes en ligne. C'est rapide, amusant et cela vous permet d'entrer instantan\u00e9ment en contact avec des inconnus dans le monde entier.<\/p>\n<p>Mais toutes les plateformes ne sont pas \u00e0 la hauteur. Beaucoup cachent des fonctionnalit\u00e9s derri\u00e8re des murs payants ou sont remplies de bots. C'est pourquoi StrangerCam est la meilleure option : elle est gratuite, s\u00fbre, anonyme et toujours active avec des utilisateurs du monde entier pr\u00eats \u00e0 discuter.<\/p>\n<p>Pr\u00eat \u00e0 essayer ? Commencez un chat vid\u00e9o al\u00e9atoire gratuit aujourd'hui et voyez qui vous rencontrerez ensuite.<\/p>","protected":false},"excerpt":{"rendered":"<p>Are you looking for the best way to enjoy a free random video chat? You\u2019re not alone. Millions of people worldwide search for random video chat platforms every month, hoping to connect instantly with strangers\u2014whether for friendship, cultural exchange, casual flirting, or simply to kill boredom. Unlike dating apps or social networks, which can feel [&hellip;]<\/p>\n","protected":false},"author":8,"featured_media":0,"parent":0,"menu_order":0,"comment_status":"closed","ping_status":"closed","template":"","meta":{"footnotes":""},"class_list":["post-4022","page","type-page","status-publish","hentry"],"yoast_head":"<!-- This site is optimized with the Yoast SEO plugin v27.4 - https:\/\/yoast.com\/product\/yoast-seo-wordpress\/ -->\n<title>Free Random Video Chat on Strangercam.com<\/title>\n<meta name=\"description\" content=\"Liking Free Random Video Chat? Join millions on StrangerCam.com! Start a random video chat, turn on your cam, and meet strangers instantly.\" \/>\n<meta name=\"robots\" content=\"index, follow, max-snippet:-1, max-image-preview:large, max-video-preview:-1\" \/>\n<link rel=\"canonical\" href=\"https:\/\/strangercam.com\/fr\/chat-video-gratuit-et-aleatoire\/\" \/>\n<meta property=\"og:locale\" content=\"fr_FR\" \/>\n<meta property=\"og:type\" content=\"article\" \/>\n<meta property=\"og:title\" content=\"Free Random Video Chat on Strangercam.com\" \/>\n<meta property=\"og:description\" content=\"Liking Free Random Video Chat? Join millions on StrangerCam.com! Start a random video chat, turn on your cam, and meet strangers instantly.\" \/>\n<meta property=\"og:url\" content=\"https:\/\/strangercam.com\/fr\/chat-video-gratuit-et-aleatoire\/\" \/>\n<meta property=\"og:site_name\" content=\"Strangercam\" \/>\n<meta property=\"article:publisher\" content=\"https:\/\/www.facebook.com\/strangercam\" \/>\n<meta property=\"article:modified_time\" content=\"2025-09-03T11:42:39+00:00\" \/>\n<meta property=\"og:image\" content=\"https:\/\/strangercam.com\/wp-content\/uploads\/2021\/10\/Untitled-2.png\" \/>\n\t<meta property=\"og:image:width\" content=\"800\" \/>\n\t<meta property=\"og:image:height\" content=\"532\" \/>\n\t<meta property=\"og:image:type\" content=\"image\/png\" \/>\n<meta name=\"twitter:card\" content=\"summary_large_image\" \/>\n<meta name=\"twitter:site\" content=\"@strangercamapp\" \/>\n<meta name=\"twitter:label1\" content=\"Dur\u00e9e de lecture estim\u00e9e\" \/>\n\t<meta name=\"twitter:data1\" content=\"5 minutes\" \/>\n<script type=\"application\/ld+json\" class=\"yoast-schema-graph\">{\"@context\":\"https:\\\/\\\/schema.org\",\"@graph\":[{\"@type\":\"WebPage\",\"@id\":\"https:\\\/\\\/strangercam.com\\\/free-random-video-chat\\\/\",\"url\":\"https:\\\/\\\/strangercam.com\\\/free-random-video-chat\\\/\",\"name\":\"Free Random Video Chat on Strangercam.com\",\"isPartOf\":{\"@id\":\"https:\\\/\\\/strangercam.com\\\/#website\"},\"datePublished\":\"2025-09-03T10:43:36+00:00\",\"dateModified\":\"2025-09-03T11:42:39+00:00\",\"description\":\"Liking Free Random Video Chat? Join millions on StrangerCam.com! Start a random video chat, turn on your cam, and meet strangers instantly.\",\"breadcrumb\":{\"@id\":\"https:\\\/\\\/strangercam.com\\\/free-random-video-chat\\\/#breadcrumb\"},\"inLanguage\":\"fr-FR\",\"potentialAction\":[{\"@type\":\"ReadAction\",\"target\":[\"https:\\\/\\\/strangercam.com\\\/free-random-video-chat\\\/\"]}]},{\"@type\":\"BreadcrumbList\",\"@id\":\"https:\\\/\\\/strangercam.com\\\/free-random-video-chat\\\/#breadcrumb\",\"itemListElement\":[{\"@type\":\"ListItem\",\"position\":1,\"name\":\"Home\",\"item\":\"https:\\\/\\\/strangercam.com\\\/\"},{\"@type\":\"ListItem\",\"position\":2,\"name\":\"Free Random Video Chat\"}]},{\"@type\":\"WebSite\",\"@id\":\"https:\\\/\\\/strangercam.com\\\/#website\",\"url\":\"https:\\\/\\\/strangercam.com\\\/\",\"name\":\"Strangercam\",\"description\":\"Random Video Chat with Strangers\",\"publisher\":{\"@id\":\"https:\\\/\\\/strangercam.com\\\/#organization\"},\"alternateName\":\"Strangercam.com\",\"potentialAction\":[{\"@type\":\"SearchAction\",\"target\":{\"@type\":\"EntryPoint\",\"urlTemplate\":\"https:\\\/\\\/strangercam.com\\\/?s={search_term_string}\"},\"query-input\":{\"@type\":\"PropertyValueSpecification\",\"valueRequired\":true,\"valueName\":\"search_term_string\"}}],\"inLanguage\":\"fr-FR\"},{\"@type\":\"Organization\",\"@id\":\"https:\\\/\\\/strangercam.com\\\/#organization\",\"name\":\"Strangercam\",\"alternateName\":\"Strangercam.com\",\"url\":\"https:\\\/\\\/strangercam.com\\\/\",\"logo\":{\"@type\":\"ImageObject\",\"inLanguage\":\"fr-FR\",\"@id\":\"https:\\\/\\\/strangercam.com\\\/#\\\/schema\\\/logo\\\/image\\\/\",\"url\":\"https:\\\/\\\/strangercam.com\\\/wp-content\\\/uploads\\\/2020\\\/11\\\/cropped-new-favicon-black.png\",\"contentUrl\":\"https:\\\/\\\/strangercam.com\\\/wp-content\\\/uploads\\\/2020\\\/11\\\/cropped-new-favicon-black.png\",\"width\":512,\"height\":512,\"caption\":\"Strangercam\"},\"image\":{\"@id\":\"https:\\\/\\\/strangercam.com\\\/#\\\/schema\\\/logo\\\/image\\\/\"},\"sameAs\":[\"https:\\\/\\\/www.facebook.com\\\/strangercam\",\"https:\\\/\\\/x.com\\\/strangercamapp\"]}]}<\/script>\n<!-- \/ Yoast SEO plugin. -->","yoast_head_json":{"title":"Chat vid\u00e9o al\u00e9atoire gratuit sur Strangercam.com","description":"Vous aimez le chat vid\u00e9o gratuit et al\u00e9atoire ? Join millions sur StrangerCam.com ! Commencez un chat vid\u00e9o al\u00e9atoire, allumez votre cam\u00e9ra et rencontrez des inconnus instantan\u00e9ment.","robots":{"index":"index","follow":"follow","max-snippet":"max-snippet:-1","max-image-preview":"max-image-preview:large","max-video-preview":"max-video-preview:-1"},"canonical":"https:\/\/strangercam.com\/fr\/chat-video-gratuit-et-aleatoire\/","og_locale":"fr_FR","og_type":"article","og_title":"Free Random Video Chat on Strangercam.com","og_description":"Liking Free Random Video Chat? Join millions on StrangerCam.com! Start a random video chat, turn on your cam, and meet strangers instantly.","og_url":"https:\/\/strangercam.com\/fr\/chat-video-gratuit-et-aleatoire\/","og_site_name":"Strangercam","article_publisher":"https:\/\/www.facebook.com\/strangercam","article_modified_time":"2025-09-03T11:42:39+00:00","og_image":[{"width":800,"height":532,"url":"https:\/\/strangercam.com\/wp-content\/uploads\/2021\/10\/Untitled-2.png","type":"image\/png"}],"twitter_card":"summary_large_image","twitter_site":"@strangercamapp","twitter_misc":{"Dur\u00e9e de lecture estim\u00e9e":"5 minutes"},"schema":{"@context":"https:\/\/schema.org","@graph":[{"@type":"WebPage","@id":"https:\/\/strangercam.com\/free-random-video-chat\/","url":"https:\/\/strangercam.com\/free-random-video-chat\/","name":"Chat vid\u00e9o al\u00e9atoire gratuit sur Strangercam.com","isPartOf":{"@id":"https:\/\/strangercam.com\/#website"},"datePublished":"2025-09-03T10:43:36+00:00","dateModified":"2025-09-03T11:42:39+00:00","description":"Vous aimez le chat vid\u00e9o gratuit et al\u00e9atoire ? Join millions sur StrangerCam.com ! Commencez un chat vid\u00e9o al\u00e9atoire, allumez votre cam\u00e9ra et rencontrez des inconnus instantan\u00e9ment.","breadcrumb":{"@id":"https:\/\/strangercam.com\/free-random-video-chat\/#breadcrumb"},"inLanguage":"fr-FR","potentialAction":[{"@type":"ReadAction","target":["https:\/\/strangercam.com\/free-random-video-chat\/"]}]},{"@type":"BreadcrumbList","@id":"https:\/\/strangercam.com\/free-random-video-chat\/#breadcrumb","itemListElement":[{"@type":"ListItem","position":1,"name":"Home","item":"https:\/\/strangercam.com\/"},{"@type":"ListItem","position":2,"name":"Free Random Video Chat"}]},{"@type":"WebSite","@id":"https:\/\/strangercam.com\/#website","url":"https:\/\/strangercam.com\/","name":"Strangercam","description":"Chat vid\u00e9o al\u00e9atoire avec des inconnus","publisher":{"@id":"https:\/\/strangercam.com\/#organization"},"alternateName":"Strangercam.com","potentialAction":[{"@type":"SearchAction","target":{"@type":"EntryPoint","urlTemplate":"https:\/\/strangercam.com\/?s={search_term_string}"},"query-input":{"@type":"PropertyValueSpecification","valueRequired":true,"valueName":"search_term_string"}}],"inLanguage":"fr-FR"},{"@type":"Organization","@id":"https:\/\/strangercam.com\/#organization","name":"Strangercam","alternateName":"Strangercam.com","url":"https:\/\/strangercam.com\/","logo":{"@type":"ImageObject","inLanguage":"fr-FR","@id":"https:\/\/strangercam.com\/#\/schema\/logo\/image\/","url":"https:\/\/strangercam.com\/wp-content\/uploads\/2020\/11\/cropped-new-favicon-black.png","contentUrl":"https:\/\/strangercam.com\/wp-content\/uploads\/2020\/11\/cropped-new-favicon-black.png","width":512,"height":512,"caption":"Strangercam"},"image":{"@id":"https:\/\/strangercam.com\/#\/schema\/logo\/image\/"},"sameAs":["https:\/\/www.facebook.com\/strangercam","https:\/\/x.com\/strangercamapp"]}]}},"_links":{"self":[{"href":"https:\/\/strangercam.com\/fr\/wp-json\/wp\/v2\/pages\/4022","targetHints":{"allow":["GET"]}}],"collection":[{"href":"https:\/\/strangercam.com\/fr\/wp-json\/wp\/v2\/pages"}],"about":[{"href":"https:\/\/strangercam.com\/fr\/wp-json\/wp\/v2\/types\/page"}],"author":[{"embeddable":true,"href":"https:\/\/strangercam.com\/fr\/wp-json\/wp\/v2\/users\/8"}],"replies":[{"embeddable":true,"href":"https:\/\/strangercam.com\/fr\/wp-json\/wp\/v2\/comments?post=4022"}],"version-history":[{"count":3,"href":"https:\/\/strangercam.com\/fr\/wp-json\/wp\/v2\/pages\/4022\/revisions"}],"predecessor-version":[{"id":12997,"href":"https:\/\/strangercam.com\/fr\/wp-json\/wp\/v2\/pages\/4022\/revisions\/12997"}],"wp:attachment":[{"href":"https:\/\/strangercam.com\/fr\/wp-json\/wp\/v2\/media?parent=4022"}],"curies":[{"name":"wp","href":"https:\/\/api.w.org\/{rel}","templated":true}]}}