{"id":4004,"date":"2025-09-03T12:37:25","date_gmt":"2025-09-03T10:37:25","guid":{"rendered":"https:\/\/strangercam.com\/?page_id=4004"},"modified":"2025-09-03T13:39:32","modified_gmt":"2025-09-03T11:39:32","slug":"appel-video-a-des-inconnus","status":"publish","type":"page","link":"https:\/\/strangercam.com\/fr\/video-call-strangers\/","title":{"rendered":"Appel vid\u00e9o \u00e0 des inconnus"},"content":{"rendered":"<p>Vous cherchez le meilleur moyen d'appeler des inconnus par vid\u00e9o ? Vous n'\u00eates pas le seul. Chaque mois, des millions de personnes recherchent des plateformes d'appels vid\u00e9o instantan\u00e9s pour rencontrer des personnes au hasard, se faire de nouveaux amis, flirter ou simplement passer le temps. Contrairement aux applications de rencontres ou aux r\u00e9seaux sociaux, qui peuvent sembler lents ou faux, un appel vid\u00e9o avec des inconnus est spontan\u00e9, r\u00e9el et excitant.<\/p>\n<p>Gr\u00e2ce \u00e0 des plateformes comme StrangerCam, vous pouvez profiter d'appels vid\u00e9o gratuits avec des inconnus \u00e0 tout moment, sans inscription, sans t\u00e9l\u00e9chargement et sans frais cach\u00e9s. C'est l'un des moyens les plus simples et les plus divertissants de se connecter en face \u00e0 face avec des personnes du monde entier.<\/p>\n<p>Ce guide vous expliquera tout ce que vous devez savoir : ce que signifie l'appel vid\u00e9o \u00e0 des inconnus, pourquoi il est si populaire, comment il fonctionne, quelles sont les fonctionnalit\u00e9s les plus importantes, les comparaisons des meilleures plateformes, les conseils de s\u00e9curit\u00e9, et pourquoi StrangerCam est l'un des meilleurs endroits pour appeler des inconnus par vid\u00e9o en 2025.<\/p>\n<h2>Que signifie \"Appeler des inconnus par vid\u00e9o\" ?<\/h2>\n<p>Lorsque vous appelez des inconnus par vid\u00e9o, vous vous connectez instantan\u00e9ment \u00e0 des personnes al\u00e9atoires par le biais d'une webcam et d'un syst\u00e8me audio en direct. <a href=\"https:\/\/strangercam.com\/fr\/chathub\/\">chat<\/a>. Contrairement aux plateformes textuelles, les appels vid\u00e9o garantissent que vous parlez \u00e0 une personne r\u00e9elle en temps r\u00e9el.<\/p>\n<p>Il n'y a pas besoin de comptes, de profils ou d'un balayage interminable. Il vous suffit d'appuyer sur un bouton pour vous retrouver face \u00e0 face avec une nouvelle personne. Si le chat ne correspond pas \u00e0 ce que vous recherchez, appuyez sur Suivant et passez instantan\u00e9ment \u00e0 la personne suivante.<\/p>\n<h2>Pourquoi les gens adorent les appels vid\u00e9o gratuits avec des inconnus<\/h2>\n<p>La popularit\u00e9 des appels vid\u00e9o gratuits avec des inconnus est mont\u00e9e en fl\u00e8che parce qu'ils offrent quelque chose d'unique :<\/p>\n<ul>\n<li>Authenticit\u00e9 : La vid\u00e9o rend impossible la falsification. Vous voyez et entendez instantan\u00e9ment la personne r\u00e9elle.<\/li>\n<li>Spontan\u00e9it\u00e9 : chaque discussion est une surprise. Vous ne savez jamais qui sera le prochain.<\/li>\n<li>Pas d'engagement : Pas d'inscription, pas de profil - juste une connexion rapide et instantan\u00e9e.<\/li>\n<li>Une port\u00e9e mondiale : Rencontrez des inconnus dans le monde entier, 24 heures sur 24, 7 jours sur 7.<\/li>\n<li>Amiti\u00e9 et flirt : Certaines personnes l'utilisent pour se faire de nouveaux amis, d'autres pour flirter \u00e0 la l\u00e9g\u00e8re.<\/li>\n<li>Divertissement rapide : Parfait pour tromper l'ennui ou ajouter du piquant \u00e0 votre journ\u00e9e.<\/li>\n<\/ul>\n<h2>Comment fonctionne l'appel vid\u00e9o d'un inconnu ?<\/h2>\n<p>L'utilisation d'une plateforme d'appel vid\u00e9o pour \u00e9trangers est simple et rapide :<\/p>\n<ol>\n<li>Ouvrez la plateforme (navigateur de bureau ou mobile).<\/li>\n<li>Autoriser l'acc\u00e8s \u00e0 la cam\u00e9ra et au microphone.<\/li>\n<li>Cliquez sur \"Commencer \u00e0 chatter\" pour vous connecter instantan\u00e9ment avec une personne au hasard.<\/li>\n<li>Parlez face \u00e0 face en temps r\u00e9el.<\/li>\n<li>Cliquez sur \"Suivant\" chaque fois que vous souhaitez rencontrer quelqu'un de nouveau.<\/li>\n<\/ol>\n<p>Certains sites proposent \u00e9galement des fonctionnalit\u00e9s telles que des filtres par sexe, une s\u00e9lection de pays et m\u00eame une traduction dans le chat.<\/p>\n<h2>Principales caract\u00e9ristiques \u00e0 rechercher<\/h2>\n<p>Toutes les plateformes proposant des appels vid\u00e9o avec des inconnus ne valent pas forc\u00e9ment la peine d'\u00eatre utilis\u00e9es. Voici ce qu'il faut v\u00e9rifier :<\/p>\n<h3>1. Un acc\u00e8s r\u00e9ellement gratuit<\/h3>\n<p>\u00c9vitez les sites qui pr\u00e9tendent \u00eatre gratuits mais qui restreignent les fonctionnalit\u00e9s derri\u00e8re des murs payants.<\/p>\n<h3>2. Pas d'inscription n\u00e9cessaire<\/h3>\n<p>Vous devez pouvoir discuter instantan\u00e9ment sans vous inscrire.<\/p>\n<h3>3. Filtres de genre et de localisation<\/h3>\n<p>Utile si vous souhaitez rencontrer des types de personnes sp\u00e9cifiques.<\/p>\n<h3>4. Mod\u00e9ration s\u00fbre<\/h3>\n<p>Les plateformes dot\u00e9es d'outils de signalement et de mod\u00e9ration offrent des environnements plus s\u00fbrs.<\/p>\n<h3>5. Une exp\u00e9rience conviviale pour les mobiles<\/h3>\n<p>Assurez-vous que la plateforme fonctionne aussi bien sur les smartphones que sur les ordinateurs de bureau.<\/p>\n<h3>6. Vid\u00e9o et audio de haute qualit\u00e9<\/h3>\n<p>Des liens clairs rendent les conversations naturelles et agr\u00e9ables.<\/p>\n<h2>Les meilleures plateformes pour appeler des inconnus par vid\u00e9o en 2025<\/h2>\n<p>Voici une comparaison des principales plateformes pour les appels vid\u00e9o entre inconnus :<\/p>\n<table>\n<thead>\n<tr>\n<th>Plate-forme<\/th>\n<th align=\"center\">Acc\u00e8s gratuit<\/th>\n<th align=\"center\">Filtre de genre<\/th>\n<th align=\"center\">Inscription n\u00e9cessaire<\/th>\n<th align=\"center\">Support mobile<\/th>\n<th align=\"center\">La mod\u00e9ration<\/th>\n<th>Notes<\/th>\n<\/tr>\n<\/thead>\n<tbody>\n<tr>\n<td>StrangerCam<\/td>\n<td align=\"center\">\u2705<\/td>\n<td align=\"center\">\u2705 (Gratuit)<\/td>\n<td align=\"center\">\u274c<\/td>\n<td align=\"center\">\u2705<\/td>\n<td align=\"center\">\u2705<\/td>\n<td>Meilleur choix global, vraiment gratuit<\/td>\n<\/tr>\n<tr>\n<td><a href=\"https:\/\/strangercam.com\/fr\/chatroulette\/\">Chatroulette<\/a><\/td>\n<td align=\"center\">\u2705<\/td>\n<td align=\"center\">\u274c (Pay\u00e9)<\/td>\n<td align=\"center\">\u274c<\/td>\n<td align=\"center\">\u2705<\/td>\n<td align=\"center\">\u2705<\/td>\n<td>Classique, mais avec un filtre de genre<\/td>\n<\/tr>\n<tr>\n<td>Chatrandom<\/td>\n<td align=\"center\">\u2705<\/td>\n<td align=\"center\">\u274c (Pay\u00e9)<\/td>\n<td align=\"center\">\u274c<\/td>\n<td align=\"center\">\u2705<\/td>\n<td align=\"center\">\u2705<\/td>\n<td>Grande base d'utilisateurs, mais les mises \u00e0 jour se font attendre<\/td>\n<\/tr>\n<tr>\n<td><a href=\"https:\/\/strangercam.com\/fr\/ometv\/\">OmeTV<\/a><\/td>\n<td align=\"center\">\u2705<\/td>\n<td align=\"center\">\u274c<\/td>\n<td align=\"center\">\u274c<\/td>\n<td align=\"center\">\u2705<\/td>\n<td align=\"center\">\u2705<\/td>\n<td>Al\u00e9atoire uniquement, application mobile disponible<\/td>\n<\/tr>\n<tr>\n<td>Shagle<\/td>\n<td align=\"center\">\u2705<\/td>\n<td align=\"center\">\u274c (Pay\u00e9)<\/td>\n<td align=\"center\">\u274c<\/td>\n<td align=\"center\">\u2705<\/td>\n<td align=\"center\">\u2705<\/td>\n<td>Chats gratuits, fonctions premium payantes<\/td>\n<\/tr>\n<tr>\n<td><a href=\"https:\/\/strangercam.com\/fr\/coomeet\/\">CooMeet<\/a><\/td>\n<td align=\"center\">\u274c (Essai)<\/td>\n<td align=\"center\">\u2705<\/td>\n<td align=\"center\">\u2705<\/td>\n<td align=\"center\">\u2705<\/td>\n<td align=\"center\">\u2705<\/td>\n<td>Pay\u00e9 apr\u00e8s une courte p\u00e9riode d'essai gratuite<\/td>\n<\/tr>\n<tr>\n<td>LuckyCrush<\/td>\n<td align=\"center\">\u274c<\/td>\n<td align=\"center\">\u2705<\/td>\n<td align=\"center\">\u2705<\/td>\n<td align=\"center\">\u2705<\/td>\n<td align=\"center\">\u2705<\/td>\n<td>Toujours pay\u00e9, chat bas\u00e9 sur le sexe<\/td>\n<\/tr>\n<\/tbody>\n<\/table>\n<p>StrangerCam est l'une des rares plateformes \u00e0 proposer des appels vid\u00e9o gratuits avec des inconnus, avec un filtre de genre fonctionnel, sans inscription et avec une utilisation illimit\u00e9e.<\/p>\n<h2>Pourquoi StrangerCam est le meilleur choix<\/h2>\n<p>Voici pourquoi StrangerCam est une plateforme de premier plan pour les appels vid\u00e9o \u00e0 des inconnus en 2025 :<\/p>\n<h3>1. 100% Gratuit et illimit\u00e9<\/h3>\n<p>Pas de cr\u00e9dits, pas de limites, juste des appels vid\u00e9o gratuits.<\/p>\n<h3>2. Filtre de genre gratuit<\/h3>\n<p>Choisissez \u00e0 qui vous voulez parler - aux gars, aux filles ou aux deux - sans payer.<\/p>\n<h3>3. Pas d'inscription requise<\/h3>\n<p>Restez anonyme et connectez-vous instantan\u00e9ment.<\/p>\n<h3>4. S\u00e9curit\u00e9 et mod\u00e9ration<\/h3>\n<p>Une mod\u00e9ration active et des outils de signalement permettent \u00e0 la communaut\u00e9 de rester conviviale.<\/p>\n<h3>5. Base mondiale d'utilisateurs<\/h3>\n<p>Rencontrez des \u00e9trangers de plus de 100 pays \u00e0 tout moment.<\/p>\n<h3>6. Fonctionne sur tous les appareils<\/h3>\n<p>Optimis\u00e9 pour les mobiles et les ordinateurs de bureau.<\/p>\n<h2>T\u00e9moignages d'utilisateurs r\u00e9els<\/h2>\n<blockquote><p><em>\"Je voulais un site qui me permette d'appeler des inconnus par vid\u00e9o sans me faire arnaquer. StrangerCam a \u00e9t\u00e9 la premi\u00e8re plateforme r\u00e9ellement gratuite\".<\/em><br \/>\n- Josh, 27 ans<\/p><\/blockquote>\n<blockquote><p><em>\"J'aime le fait que je n'ai pas besoin de m'inscrire. Il suffit de cliquer sur \"d\u00e9marrer\" et je suis en contact avec de vraies personnes.<\/em><br \/>\n- Isabella, 22 ans<\/p><\/blockquote>\n<blockquote><p><em>\"Le filtre de genre fonctionne r\u00e9ellement sans que l'on ait \u00e0 payer un suppl\u00e9ment. Enfin un site qui tient ses promesses.\"<\/em><br \/>\n- Liam, 29 ans<\/p><\/blockquote>\n<blockquote><p><em>\"Rapide, facile et amusant. J'ai rencontr\u00e9 des gens du monde entier en une seule soir\u00e9e\".<\/em><br \/>\n- Sofia, 24 ans<\/p><\/blockquote>\n<h2>Conseils de s\u00e9curit\u00e9 pour les appels vid\u00e9o \u00e0 des inconnus<\/h2>\n<p>Si les appels vid\u00e9o entre inconnus sont amusants, il faut toujours rester prudent :<\/p>\n<ul>\n<li>Ne communiquez pas de donn\u00e9es personnelles telles que votre nom, votre adresse ou votre num\u00e9ro de t\u00e9l\u00e9phone.<\/li>\n<li>\u00c9vitez de cliquer sur des liens provenant d'inconnus.<\/li>\n<li>Utilisez le bouton \"Suivant\" si le chat vous met mal \u00e0 l'aise.<\/li>\n<li>V\u00e9rifiez vos ant\u00e9c\u00e9dents avant d'allumer votre webcam.<\/li>\n<li>S'en tenir aux outils de s\u00e9curit\u00e9 de la plateforme (blocage\/rapport).<\/li>\n<li>Respectez les limites d'\u00e2ge : n'utilisez pas de plateformes pour adultes si vous avez moins de 18 ans.<\/li>\n<\/ul>\n<h2>Comment d\u00e9marrer - \u00e9tape par \u00e9tape<\/h2>\n<p>Il faut moins d'une minute pour lancer un appel vid\u00e9o avec des inconnus :<\/p>\n<ol>\n<li>Ouvrez StrangerCam dans votre navigateur ou sur votre t\u00e9l\u00e9phone portable.<\/li>\n<li>Autoriser l'acc\u00e8s \u00e0 la webcam et au microphone.<\/li>\n<li>S\u00e9lectionner des pr\u00e9f\u00e9rences (comme des filtres de genre).<\/li>\n<li>Cliquez sur D\u00e9marrer le chat pour vous connecter instantan\u00e9ment.<\/li>\n<li>Appuyez sur Suivant \u00e0 tout moment pour rencontrer quelqu'un de nouveau.<\/li>\n<\/ol>\n<p>C'est tout - rapide, simple et gratuit.<\/p>\n<h2>Derni\u00e8res r\u00e9flexions - Essayez d\u00e8s aujourd'hui les appels vid\u00e9o gratuits avec des inconnus<\/h2>\n<p>En 2025, l'un des moyens les plus faciles de rencontrer de nouvelles personnes est d'appeler des inconnus par vid\u00e9o en ligne. C'est spontan\u00e9, excitant et cela permet de nouer instantan\u00e9ment de v\u00e9ritables relations.<\/p>\n<p>Mais toutes les plateformes ne sont pas \u00e0 la hauteur. De nombreux sites cachent des fonctions essentielles derri\u00e8re des murs payants ou remplissent leurs chats de bots. C'est pourquoi StrangerCam est la meilleure option : c'est un site gratuit, s\u00fbr, anonyme et rempli de personnes du monde entier pr\u00eates \u00e0 se connecter.<\/p>\n<p>Pr\u00eat \u00e0 rencontrer quelqu'un de nouveau ? Lancez un appel vid\u00e9o gratuit avec des inconnus d\u00e8s aujourd'hui et voyez qui vous rencontrerez ensuite.<\/p>","protected":false},"excerpt":{"rendered":"<p>Have you been looking for the best way to video call strangers? You\u2019re not alone. Every month, millions of people search for instant video call platforms where they can meet random people, make new friends, flirt casually, or simply pass the time. Unlike dating apps or social networks, which can feel slow or fake, a [&hellip;]<\/p>\n","protected":false},"author":8,"featured_media":0,"parent":0,"menu_order":0,"comment_status":"closed","ping_status":"closed","template":"","meta":{"footnotes":""},"class_list":["post-4004","page","type-page","status-publish","hentry"],"yoast_head":"<!-- This site is optimized with the Yoast SEO plugin v27.4 - https:\/\/yoast.com\/product\/yoast-seo-wordpress\/ -->\n<title>Video Call Strangers on Strangercam.com<\/title>\n<meta name=\"description\" content=\"Liking Video Call Strangers? Join millions on StrangerCam.com! Start a random video chat, turn on your cam, and meet strangers instantly.\" \/>\n<meta name=\"robots\" content=\"index, follow, max-snippet:-1, max-image-preview:large, max-video-preview:-1\" \/>\n<link rel=\"canonical\" href=\"https:\/\/strangercam.com\/fr\/appel-video-a-des-inconnus\/\" \/>\n<meta property=\"og:locale\" content=\"fr_FR\" \/>\n<meta property=\"og:type\" content=\"article\" \/>\n<meta property=\"og:title\" content=\"Video Call Strangers on Strangercam.com\" \/>\n<meta property=\"og:description\" content=\"Liking Video Call Strangers? Join millions on StrangerCam.com! Start a random video chat, turn on your cam, and meet strangers instantly.\" \/>\n<meta property=\"og:url\" content=\"https:\/\/strangercam.com\/fr\/appel-video-a-des-inconnus\/\" \/>\n<meta property=\"og:site_name\" content=\"Strangercam\" \/>\n<meta property=\"article:publisher\" content=\"https:\/\/www.facebook.com\/strangercam\" \/>\n<meta property=\"article:modified_time\" content=\"2025-09-03T11:39:32+00:00\" \/>\n<meta property=\"og:image\" content=\"https:\/\/strangercam.com\/wp-content\/uploads\/2021\/10\/Untitled-2.png\" \/>\n\t<meta property=\"og:image:width\" content=\"800\" \/>\n\t<meta property=\"og:image:height\" content=\"532\" \/>\n\t<meta property=\"og:image:type\" content=\"image\/png\" \/>\n<meta name=\"twitter:card\" content=\"summary_large_image\" \/>\n<meta name=\"twitter:site\" content=\"@strangercamapp\" \/>\n<meta name=\"twitter:label1\" content=\"Dur\u00e9e de lecture estim\u00e9e\" \/>\n\t<meta name=\"twitter:data1\" content=\"5 minutes\" \/>\n<script type=\"application\/ld+json\" class=\"yoast-schema-graph\">{\"@context\":\"https:\\\/\\\/schema.org\",\"@graph\":[{\"@type\":\"WebPage\",\"@id\":\"https:\\\/\\\/strangercam.com\\\/video-call-strangers\\\/\",\"url\":\"https:\\\/\\\/strangercam.com\\\/video-call-strangers\\\/\",\"name\":\"Video Call Strangers on Strangercam.com\",\"isPartOf\":{\"@id\":\"https:\\\/\\\/strangercam.com\\\/#website\"},\"datePublished\":\"2025-09-03T10:37:25+00:00\",\"dateModified\":\"2025-09-03T11:39:32+00:00\",\"description\":\"Liking Video Call Strangers? Join millions on StrangerCam.com! Start a random video chat, turn on your cam, and meet strangers instantly.\",\"breadcrumb\":{\"@id\":\"https:\\\/\\\/strangercam.com\\\/video-call-strangers\\\/#breadcrumb\"},\"inLanguage\":\"fr-FR\",\"potentialAction\":[{\"@type\":\"ReadAction\",\"target\":[\"https:\\\/\\\/strangercam.com\\\/video-call-strangers\\\/\"]}]},{\"@type\":\"BreadcrumbList\",\"@id\":\"https:\\\/\\\/strangercam.com\\\/video-call-strangers\\\/#breadcrumb\",\"itemListElement\":[{\"@type\":\"ListItem\",\"position\":1,\"name\":\"Home\",\"item\":\"https:\\\/\\\/strangercam.com\\\/\"},{\"@type\":\"ListItem\",\"position\":2,\"name\":\"Video Call Strangers\"}]},{\"@type\":\"WebSite\",\"@id\":\"https:\\\/\\\/strangercam.com\\\/#website\",\"url\":\"https:\\\/\\\/strangercam.com\\\/\",\"name\":\"Strangercam\",\"description\":\"Random Video Chat with Strangers\",\"publisher\":{\"@id\":\"https:\\\/\\\/strangercam.com\\\/#organization\"},\"alternateName\":\"Strangercam.com\",\"potentialAction\":[{\"@type\":\"SearchAction\",\"target\":{\"@type\":\"EntryPoint\",\"urlTemplate\":\"https:\\\/\\\/strangercam.com\\\/?s={search_term_string}\"},\"query-input\":{\"@type\":\"PropertyValueSpecification\",\"valueRequired\":true,\"valueName\":\"search_term_string\"}}],\"inLanguage\":\"fr-FR\"},{\"@type\":\"Organization\",\"@id\":\"https:\\\/\\\/strangercam.com\\\/#organization\",\"name\":\"Strangercam\",\"alternateName\":\"Strangercam.com\",\"url\":\"https:\\\/\\\/strangercam.com\\\/\",\"logo\":{\"@type\":\"ImageObject\",\"inLanguage\":\"fr-FR\",\"@id\":\"https:\\\/\\\/strangercam.com\\\/#\\\/schema\\\/logo\\\/image\\\/\",\"url\":\"https:\\\/\\\/strangercam.com\\\/wp-content\\\/uploads\\\/2020\\\/11\\\/cropped-new-favicon-black.png\",\"contentUrl\":\"https:\\\/\\\/strangercam.com\\\/wp-content\\\/uploads\\\/2020\\\/11\\\/cropped-new-favicon-black.png\",\"width\":512,\"height\":512,\"caption\":\"Strangercam\"},\"image\":{\"@id\":\"https:\\\/\\\/strangercam.com\\\/#\\\/schema\\\/logo\\\/image\\\/\"},\"sameAs\":[\"https:\\\/\\\/www.facebook.com\\\/strangercam\",\"https:\\\/\\\/x.com\\\/strangercamapp\"]}]}<\/script>\n<!-- \/ Yoast SEO plugin. -->","yoast_head_json":{"title":"Appel vid\u00e9o \u00e0 des inconnus sur Strangercam.com","description":"Vous aimez appeler des inconnus par vid\u00e9o ? Join millions sur StrangerCam.com ! D\u00e9marrez un chat vid\u00e9o al\u00e9atoire, allumez votre cam\u00e9ra et rencontrez des inconnus instantan\u00e9ment.","robots":{"index":"index","follow":"follow","max-snippet":"max-snippet:-1","max-image-preview":"max-image-preview:large","max-video-preview":"max-video-preview:-1"},"canonical":"https:\/\/strangercam.com\/fr\/appel-video-a-des-inconnus\/","og_locale":"fr_FR","og_type":"article","og_title":"Video Call Strangers on Strangercam.com","og_description":"Liking Video Call Strangers? Join millions on StrangerCam.com! Start a random video chat, turn on your cam, and meet strangers instantly.","og_url":"https:\/\/strangercam.com\/fr\/appel-video-a-des-inconnus\/","og_site_name":"Strangercam","article_publisher":"https:\/\/www.facebook.com\/strangercam","article_modified_time":"2025-09-03T11:39:32+00:00","og_image":[{"width":800,"height":532,"url":"https:\/\/strangercam.com\/wp-content\/uploads\/2021\/10\/Untitled-2.png","type":"image\/png"}],"twitter_card":"summary_large_image","twitter_site":"@strangercamapp","twitter_misc":{"Dur\u00e9e de lecture estim\u00e9e":"5 minutes"},"schema":{"@context":"https:\/\/schema.org","@graph":[{"@type":"WebPage","@id":"https:\/\/strangercam.com\/video-call-strangers\/","url":"https:\/\/strangercam.com\/video-call-strangers\/","name":"Appel vid\u00e9o \u00e0 des inconnus sur Strangercam.com","isPartOf":{"@id":"https:\/\/strangercam.com\/#website"},"datePublished":"2025-09-03T10:37:25+00:00","dateModified":"2025-09-03T11:39:32+00:00","description":"Vous aimez appeler des inconnus par vid\u00e9o ? Join millions sur StrangerCam.com ! D\u00e9marrez un chat vid\u00e9o al\u00e9atoire, allumez votre cam\u00e9ra et rencontrez des inconnus instantan\u00e9ment.","breadcrumb":{"@id":"https:\/\/strangercam.com\/video-call-strangers\/#breadcrumb"},"inLanguage":"fr-FR","potentialAction":[{"@type":"ReadAction","target":["https:\/\/strangercam.com\/video-call-strangers\/"]}]},{"@type":"BreadcrumbList","@id":"https:\/\/strangercam.com\/video-call-strangers\/#breadcrumb","itemListElement":[{"@type":"ListItem","position":1,"name":"Home","item":"https:\/\/strangercam.com\/"},{"@type":"ListItem","position":2,"name":"Video Call Strangers"}]},{"@type":"WebSite","@id":"https:\/\/strangercam.com\/#website","url":"https:\/\/strangercam.com\/","name":"Strangercam","description":"Chat vid\u00e9o al\u00e9atoire avec des inconnus","publisher":{"@id":"https:\/\/strangercam.com\/#organization"},"alternateName":"Strangercam.com","potentialAction":[{"@type":"SearchAction","target":{"@type":"EntryPoint","urlTemplate":"https:\/\/strangercam.com\/?s={search_term_string}"},"query-input":{"@type":"PropertyValueSpecification","valueRequired":true,"valueName":"search_term_string"}}],"inLanguage":"fr-FR"},{"@type":"Organization","@id":"https:\/\/strangercam.com\/#organization","name":"Strangercam","alternateName":"Strangercam.com","url":"https:\/\/strangercam.com\/","logo":{"@type":"ImageObject","inLanguage":"fr-FR","@id":"https:\/\/strangercam.com\/#\/schema\/logo\/image\/","url":"https:\/\/strangercam.com\/wp-content\/uploads\/2020\/11\/cropped-new-favicon-black.png","contentUrl":"https:\/\/strangercam.com\/wp-content\/uploads\/2020\/11\/cropped-new-favicon-black.png","width":512,"height":512,"caption":"Strangercam"},"image":{"@id":"https:\/\/strangercam.com\/#\/schema\/logo\/image\/"},"sameAs":["https:\/\/www.facebook.com\/strangercam","https:\/\/x.com\/strangercamapp"]}]}},"_links":{"self":[{"href":"https:\/\/strangercam.com\/fr\/wp-json\/wp\/v2\/pages\/4004","targetHints":{"allow":["GET"]}}],"collection":[{"href":"https:\/\/strangercam.com\/fr\/wp-json\/wp\/v2\/pages"}],"about":[{"href":"https:\/\/strangercam.com\/fr\/wp-json\/wp\/v2\/types\/page"}],"author":[{"embeddable":true,"href":"https:\/\/strangercam.com\/fr\/wp-json\/wp\/v2\/users\/8"}],"replies":[{"embeddable":true,"href":"https:\/\/strangercam.com\/fr\/wp-json\/wp\/v2\/comments?post=4004"}],"version-history":[{"count":2,"href":"https:\/\/strangercam.com\/fr\/wp-json\/wp\/v2\/pages\/4004\/revisions"}],"predecessor-version":[{"id":12995,"href":"https:\/\/strangercam.com\/fr\/wp-json\/wp\/v2\/pages\/4004\/revisions\/12995"}],"wp:attachment":[{"href":"https:\/\/strangercam.com\/fr\/wp-json\/wp\/v2\/media?parent=4004"}],"curies":[{"name":"wp","href":"https:\/\/api.w.org\/{rel}","templated":true}]}}