{"id":3987,"date":"2025-08-28T17:34:41","date_gmt":"2025-08-28T15:34:41","guid":{"rendered":"https:\/\/strangercam.com\/?page_id=3987"},"modified":"2025-09-03T13:32:08","modified_gmt":"2025-09-03T11:32:08","slug":"video-en-ligne-talk-to-strangers","status":"publish","type":"page","link":"https:\/\/strangercam.com\/fr\/talk-to-strangers-online-video\/","title":{"rendered":"Talk to Strangers Vid\u00e9o en ligne"},"content":{"rendered":"<p>Vous cherchez la meilleure fa\u00e7on de parler \u00e0 des inconnus en ligne par le biais de la vid\u00e9o ? Vous n'\u00eates pas le seul. Chaque jour, des millions de personnes sautent sur des <a href=\"https:\/\/strangercam.com\/fr\/chathub\/\">chat<\/a> pour se connecter en face \u00e0 face avec de nouvelles personnes dans le monde entier. Contrairement aux m\u00e9dias sociaux ou aux applications de rencontres, o\u00f9 les conversations semblent souvent mises en sc\u00e8ne ou prennent du temps \u00e0 d\u00e9marrer, le chat vid\u00e9o en direct avec des inconnus est instantan\u00e9, authentique et passionnant.<\/p>\n<p>Avec des plateformes modernes comme StrangerCam, vous pouvez commencer un chat vid\u00e9o en ligne gratuit avec des inconnus imm\u00e9diatement, sans inscription, sans t\u00e9l\u00e9chargement et sans frais cach\u00e9s. Que vous souhaitiez vous faire des amis, pratiquer une langue, flirter ou simplement vaincre l'ennui, parler \u00e0 des inconnus par vid\u00e9o n'a jamais \u00e9t\u00e9 aussi facile et s\u00fbr.<\/p>\n<p>Ce guide vous expliquera tout ce que vous devez savoir sur les chats vid\u00e9o en ligne avec des inconnus : comment ils fonctionnent, pourquoi ils sont devenus si populaires, les fonctionnalit\u00e9s les plus importantes, les conseils de s\u00e9curit\u00e9, les comparaisons de plateformes, et pourquoi StrangerCam est l'un des meilleurs choix pour 2025.<\/p>\n<h2>Que signifie \"Parler \u00e0 des inconnus en ligne\" ?<\/h2>\n<p>Lorsque vous parlez \u00e0 des inconnus en ligne en mode vid\u00e9o, vous utilisez votre webcam et votre microphone pour vous connecter instantan\u00e9ment avec des personnes al\u00e9atoires sur Internet. Contrairement aux salons de discussion textuels ou aux plateformes sociales, ce format offre des conversations en face \u00e0 face et en temps r\u00e9el avec des inconnus, ce qui vous permet de vivre une exp\u00e9rience beaucoup plus authentique et spontan\u00e9e.<\/p>\n<p>Au lieu de glisser sans fin sur des applications de rencontre ou d'attendre des r\u00e9ponses sur les m\u00e9dias sociaux, vous appuyez sur un bouton et rencontrez quelqu'un instantan\u00e9ment. Il peut s'agir d'une personne de votre pays ou d'un inconnu \u00e0 l'autre bout du monde. Chaque conversation est une surprise.<\/p>\n<h2>Pourquoi les gens adorent les chats vid\u00e9o gratuits en ligne avec des inconnus<\/h2>\n<p>L'essor des plates-formes vid\u00e9o en ligne permettant de parler gratuitement \u00e0 des inconnus a \u00e9t\u00e9 consid\u00e9rable, et ce pour de bonnes raisons. Voici pourquoi les utilisateurs reviennent toujours :<\/p>\n<ul>\n<li>Une v\u00e9ritable connexion humaine : La vid\u00e9o prouve que vous parlez \u00e0 une personne r\u00e9elle, et non \u00e0 un faux profil ou \u00e0 un robot.<\/li>\n<li>Excitant et spontan\u00e9 : Chaque discussion est impr\u00e9visible - dr\u00f4le, amicale, flirteuse ou parfois profonde.<\/li>\n<li>Pas de barri\u00e8res : Pas besoin de s'inscrire, pas de profil, pas d'attente - juste une connexion instantan\u00e9e.<\/li>\n<li>\u00c9change culturel : Rencontrez des personnes de diff\u00e9rents pays et d\u00e9couvrez leur mode de vie.<\/li>\n<li>Soulagement de la solitude : Pour beaucoup, c'est un moyen rapide de se sentir connect\u00e9 et de combattre l'ennui.<\/li>\n<li>Libert\u00e9 de choisir : Si vous ne vous sentez pas \u00e0 l'aise avec quelqu'un, un clic vous permet de passer au chat suivant.<\/li>\n<\/ul>\n<h2>Comment fonctionne le fait de parler \u00e0 des inconnus en ligne par vid\u00e9o ?<\/h2>\n<p>La proc\u00e9dure est con\u00e7ue pour \u00eatre rapide et facile :<\/p>\n<ol>\n<li>Ouvrez la plateforme (mobile ou bureau).<\/li>\n<li>Autorisez l'acc\u00e8s \u00e0 la cam\u00e9ra et au microphone lorsque vous y \u00eates invit\u00e9.<\/li>\n<li>Cliquez sur \"Commencer \u00e0 chatter\" pour entrer instantan\u00e9ment en contact avec un inconnu.<\/li>\n<li>Parlez en direct sur la vid\u00e9o. Si vous n'aimez pas le chat, appuyez sur \"Suivant\".<\/li>\n<li>R\u00e9p\u00e9tez \u00e0 l'infini - il n'y a pas de limite au nombre de personnes que vous pouvez rencontrer.<\/li>\n<\/ol>\n<p>Certaines plates-formes proposent \u00e9galement des options suppl\u00e9mentaires telles que des filtres de genre, la localisation et m\u00eame des outils de traduction int\u00e9gr\u00e9s pour les chats multilingues.<\/p>\n<h2>Principales caract\u00e9ristiques \u00e0 rechercher<\/h2>\n<p>Si vous souhaitez b\u00e9n\u00e9ficier d'une exp\u00e9rience optimale lorsque vous discutez avec des inconnus en ligne, surveillez ces fonctionnalit\u00e9s :<\/p>\n<h3>1. Un acc\u00e8s r\u00e9ellement gratuit<\/h3>\n<p>Les meilleures plateformes vous permettent de discuter sans vous obliger \u00e0 vous abonner.<\/p>\n<h3>2. Aucune inscription n'est requise<\/h3>\n<p>Restez anonyme et plongez directement dans le plaisir sans compte ni connexion.<\/p>\n<h3>3. Filtres de genre et de localisation<\/h3>\n<p>Utile si vous souhaitez rencontrer des types de personnes sp\u00e9cifiques (par exemple, discuter uniquement avec des filles ou des \u00e9trangers de votre pays).<\/p>\n<h3>4. Mod\u00e9ration et contr\u00f4les de s\u00e9curit\u00e9<\/h3>\n<p>Des mod\u00e9rateurs actifs et des outils de signalement permettent de pr\u00e9server l'espace des comportements inappropri\u00e9s.<\/p>\n<h3>5. Conception adapt\u00e9e aux mobiles<\/h3>\n<p>Vous devriez pouvoir vous connecter facilement \u00e0 partir de votre t\u00e9l\u00e9phone, et pas seulement \u00e0 partir de votre ordinateur.<\/p>\n<h3>6. Vid\u00e9o de haute qualit\u00e9<\/h3>\n<p>La vid\u00e9o fluide et claire rend les conversations plus naturelles et plus agr\u00e9ables.<\/p>\n<h2>Meilleures plateformes pour parler \u00e0 des inconnus en ligne par vid\u00e9o en 2025<\/h2>\n<p>Voici comment se comparent certaines des plateformes les plus populaires :<\/p>\n<table>\n<thead>\n<tr>\n<th>Plate-forme<\/th>\n<th align=\"center\">Acc\u00e8s gratuit<\/th>\n<th align=\"center\">Filtre de genre<\/th>\n<th align=\"center\">Inscription n\u00e9cessaire<\/th>\n<th align=\"center\">Support mobile<\/th>\n<th align=\"center\">La mod\u00e9ration<\/th>\n<th>Notes<\/th>\n<\/tr>\n<\/thead>\n<tbody>\n<tr>\n<td>StrangerCam<\/td>\n<td align=\"center\">\u2705<\/td>\n<td align=\"center\">\u2705 (Gratuit)<\/td>\n<td align=\"center\">\u274c<\/td>\n<td align=\"center\">\u2705<\/td>\n<td align=\"center\">\u2705<\/td>\n<td>Le meilleur choix global, s\u00fbr et vraiment gratuit<\/td>\n<\/tr>\n<tr>\n<td><a href=\"https:\/\/strangercam.com\/fr\/chatroulette\/\">Chatroulette<\/a><\/td>\n<td align=\"center\">\u2705<\/td>\n<td align=\"center\">\u274c (Pay\u00e9)<\/td>\n<td align=\"center\">\u274c<\/td>\n<td align=\"center\">\u2705<\/td>\n<td align=\"center\">\u2705<\/td>\n<td>Classique, mais avec un filtre de genre<\/td>\n<\/tr>\n<tr>\n<td>Chatrandom<\/td>\n<td align=\"center\">\u2705<\/td>\n<td align=\"center\">\u274c (Pay\u00e9)<\/td>\n<td align=\"center\">\u274c<\/td>\n<td align=\"center\">\u2705<\/td>\n<td align=\"center\">\u2705<\/td>\n<td>Large base d'utilisateurs, mais des mises \u00e0 niveau sont n\u00e9cessaires<\/td>\n<\/tr>\n<tr>\n<td><a href=\"https:\/\/strangercam.com\/fr\/ometv\/\">OmeTV<\/a><\/td>\n<td align=\"center\">\u2705<\/td>\n<td align=\"center\">\u274c<\/td>\n<td align=\"center\">\u274c<\/td>\n<td align=\"center\">\u2705<\/td>\n<td align=\"center\">\u2705<\/td>\n<td>Bas\u00e9 sur l'application, al\u00e9atoire uniquement<\/td>\n<\/tr>\n<tr>\n<td>Shagle<\/td>\n<td align=\"center\">\u2705<\/td>\n<td align=\"center\">\u274c (Pay\u00e9)<\/td>\n<td align=\"center\">\u274c<\/td>\n<td align=\"center\">\u2705<\/td>\n<td align=\"center\">\u2705<\/td>\n<td>Des chats gratuits mais des mises \u00e0 niveau premium pouss\u00e9es<\/td>\n<\/tr>\n<tr>\n<td><a href=\"https:\/\/strangercam.com\/fr\/coomeet\/\">CooMeet<\/a><\/td>\n<td align=\"center\">\u274c (Essai)<\/td>\n<td align=\"center\">\u2705<\/td>\n<td align=\"center\">\u2705<\/td>\n<td align=\"center\">\u2705<\/td>\n<td align=\"center\">\u2705<\/td>\n<td>Pay\u00e9 apr\u00e8s quelques chats gratuits<\/td>\n<\/tr>\n<tr>\n<td>LuckyCrush<\/td>\n<td align=\"center\">\u274c<\/td>\n<td align=\"center\">\u2705<\/td>\n<td align=\"center\">\u2705<\/td>\n<td align=\"center\">\u2705<\/td>\n<td align=\"center\">\u2705<\/td>\n<td>Toujours r\u00e9mun\u00e9r\u00e9s, connexions fond\u00e9es sur le sexe<\/td>\n<\/tr>\n<\/tbody>\n<\/table>\n<p>Parmi ces plateformes, StrangerCam est l'une des seules \u00e0 proposer des chats vid\u00e9o en ligne gratuits et illimit\u00e9s avec des inconnus, ainsi qu'un filtre de genre fonctionnel, sans qu'aucune inscription ne soit n\u00e9cessaire.<\/p>\n<h2>Pourquoi StrangerCam est le meilleur endroit pour parler \u00e0 des inconnus en ligne<\/h2>\n<p>Voici pourquoi StrangerCam est l'une des meilleures plateformes en 2025 pour parler \u00e0 des inconnus en ligne par vid\u00e9o :<\/p>\n<h3>1. Enti\u00e8rement gratuit et illimit\u00e9<\/h3>\n<p>Pas de frais cach\u00e9s, d'essais ou de syst\u00e8mes de cr\u00e9dit : vous pouvez chatter autant que vous le souhaitez.<\/p>\n<h3>2. Un vrai filtre de genre gratuit<\/h3>\n<p>Contrairement \u00e0 la plupart des concurrents, StrangerCam vous permet de s\u00e9lectionner des filles, des gar\u00e7ons ou les deux sans payer.<\/p>\n<h3>3. Pas d'inscription n\u00e9cessaire<\/h3>\n<p>Profitez-en directement, sans avoir \u00e0 cr\u00e9er de compte.<\/p>\n<h3>4. S\u00e9curit\u00e9 et mod\u00e9ration<\/h3>\n<p>Des syst\u00e8mes de signalement robustes et une mod\u00e9ration en direct en font l'une des options les plus s\u00fbres.<\/p>\n<h3>5. Base mondiale d'utilisateurs<\/h3>\n<p>Rencontrez des inconnus de plus de 100 pays, \u00e0 tout moment, 24 heures sur 24, 7 jours sur 7.<\/p>\n<h3>6. Fonctionne partout<\/h3>\n<p>Optimis\u00e9 pour les ordinateurs de bureau et les t\u00e9l\u00e9phones portables, il vous permet de discuter en d\u00e9placement.<\/p>\n<h2>T\u00e9moignages d'utilisateurs r\u00e9els<\/h2>\n<blockquote><p><em>\"Je voulais juste un endroit o\u00f9 parler \u00e0 des inconnus en ligne, sous forme de vid\u00e9o, sans mur ni t\u00e9l\u00e9chargement. StrangerCam m'a donn\u00e9 exactement cela : gratuit, rapide et amusant\".<\/em><br \/>\n- Daniel, 28 ans<\/p><\/blockquote>\n<blockquote><p><em>\"J'ai rencontr\u00e9 ici des gens de tant de pays diff\u00e9rents. J'ai rencontr\u00e9 des gens de tellement de pays ici que j'en suis devenue accro et que c'est un excellent moyen de passer mes soir\u00e9es.<\/em><br \/>\n- Sophia, 24 ans<\/p><\/blockquote>\n<blockquote><p><em>\"Enfin un site o\u00f9 le filtre de genre fonctionne r\u00e9ellement sans avoir \u00e0 payer. Je le recommande vivement.\"<\/em><br \/>\n- Ryan, 32 ans<\/p><\/blockquote>\n<blockquote><p><em>\"Il me semble plus s\u00fbr que les autres plateformes que j'ai essay\u00e9es. La mod\u00e9ration est solide et je peux sauter instantan\u00e9ment si je n'aime pas l'ambiance.\"<\/em><br \/>\n- Leah, 21 ans<\/p><\/blockquote>\n<h2>Conseils de s\u00e9curit\u00e9 pour parler \u00e0 des inconnus en ligne<\/h2>\n<p>M\u00eame si les chats vid\u00e9o en ligne sont amusants, il faut toujours donner la priorit\u00e9 \u00e0 la s\u00e9curit\u00e9 :<\/p>\n<ul>\n<li>Ne communiquez pas vos donn\u00e9es personnelles (adresse, nom complet, num\u00e9ro de t\u00e9l\u00e9phone).<\/li>\n<li>Ignorez ou bloquez toute personne qui vous met mal \u00e0 l'aise.<\/li>\n<li>Ne cliquez jamais sur des liens envoy\u00e9s par des inconnus.<\/li>\n<li>Utilisez un fond neutre pour ne pas r\u00e9v\u00e9ler de d\u00e9tails priv\u00e9s.<\/li>\n<li>S'en tenir aux outils de la plateforme - utiliser les fonctions de rapport si n\u00e9cessaire.<\/li>\n<li>Respectez les limites d'\u00e2ge - si vous avez moins de 18 ans, n'utilisez pas les sites de chat pour adultes.<\/li>\n<\/ul>\n<h2>Comment d\u00e9marrer - \u00e9tape par \u00e9tape<\/h2>\n<p>Il suffit de moins d'une minute pour commencer \u00e0 parler \u00e0 des inconnus par vid\u00e9o :<\/p>\n<ol>\n<li>Ouvrez StrangerCam dans votre navigateur.<\/li>\n<li>Autoriser l'acc\u00e8s \u00e0 la cam\u00e9ra et au microphone.<\/li>\n<li>S\u00e9lectionner des pr\u00e9f\u00e9rences (comme le filtre de genre).<\/li>\n<li>Cliquez sur Commencer le chat pour rencontrer votre premier inconnu instantan\u00e9ment.<\/li>\n<li>Cliquez sur Suivant \u00e0 tout moment pour une nouvelle conversation.<\/li>\n<\/ol>\n<p>C'est tout - rapide, facile et totalement gratuit.<\/p>\n<h2>Questions fr\u00e9quemment pos\u00e9es<\/h2>\n<h3>Est-il vraiment gratuit de parler \u00e0 des inconnus en ligne par vid\u00e9o ?<\/h3>\n<p>Oui. Des plateformes comme StrangerCam proposent des chats gratuits illimit\u00e9s sans frais cach\u00e9s.<\/p>\n<h3>Dois-je m'inscrire ?<\/h3>\n<p>Non. StrangerCam ne n\u00e9cessite pas de compte ou de connexion.<\/p>\n<h3>Les \u00e9trangers sont-ils r\u00e9els ?<\/h3>\n<p>Oui. Avec la vid\u00e9o en direct, vous parlez \u00e0 de vraies personnes, pas \u00e0 des robots ou \u00e0 de faux comptes.<\/p>\n<h3>Puis-je l'utiliser sur mon t\u00e9l\u00e9phone ?<\/h3>\n<p>Oui, StrangerCam fonctionne parfaitement sur les ordinateurs de bureau et les appareils mobiles.<\/p>\n<h3>Est-il s\u00fbr ?<\/h3>\n<p>Oui, \u00e0 condition de suivre les conseils de s\u00e9curit\u00e9 de base et d'utiliser les fonctions de signalement de StrangerCam.<\/p>\n<h2>Derni\u00e8res r\u00e9flexions - Essayez d\u00e8s aujourd'hui le chat vid\u00e9o gratuit en ligne avec des inconnus<\/h2>\n<p>En 2025, le moyen le plus simple de rencontrer de nouvelles personnes en ligne est de parler \u00e0 des inconnus par chat vid\u00e9o. C'est un moyen spontan\u00e9, authentique et gratuit qui vous permet d'entrer instantan\u00e9ment en contact avec de vraies personnes dans le monde entier.<\/p>\n<p>Mais toutes les plateformes ne sont pas \u00e0 la hauteur. Beaucoup cachent des fonctionnalit\u00e9s derri\u00e8re des murs payants ou remplissent leurs sites de bots. C'est pourquoi StrangerCam est l'un des meilleurs choix aujourd'hui : il est gratuit, s\u00fbr, anonyme et ouvert 24 heures sur 24, 7 jours sur 7, avec une communaut\u00e9 mondiale qui attend de vous rencontrer.<\/p>\n<p>Pr\u00eat \u00e0 vous connecter ? Commencez d\u00e8s maintenant un chat vid\u00e9o en ligne gratuit avec des inconnus - vous ne savez jamais qui vous rencontrerez ensuite.<\/p>","protected":false},"excerpt":{"rendered":"<p>Are you looking for the best way to talk to strangers online video style? You\u2019re not the only one. Every day, millions of people jump onto random chat platforms to connect face-to-face with new people across the globe. Unlike social media or dating apps, where conversations often feel staged or take time to start, live [&hellip;]<\/p>\n","protected":false},"author":8,"featured_media":0,"parent":0,"menu_order":0,"comment_status":"closed","ping_status":"closed","template":"","meta":{"footnotes":""},"class_list":["post-3987","page","type-page","status-publish","hentry"],"yoast_head":"<!-- This site is optimized with the Yoast SEO plugin v27.4 - https:\/\/yoast.com\/product\/yoast-seo-wordpress\/ -->\n<title>Talk to Strangers Online Video on Strangercam.com<\/title>\n<meta name=\"description\" content=\"Liking Talk to Strangers Online Video? Join millions on StrangerCam.com! Start a random video chat, turn on your cam, and meet strangers instantly.\" \/>\n<meta name=\"robots\" content=\"index, follow, max-snippet:-1, max-image-preview:large, max-video-preview:-1\" \/>\n<link rel=\"canonical\" href=\"https:\/\/strangercam.com\/fr\/video-en-ligne-talk-to-strangers\/\" \/>\n<meta property=\"og:locale\" content=\"fr_FR\" \/>\n<meta property=\"og:type\" content=\"article\" \/>\n<meta property=\"og:title\" content=\"Talk to Strangers Online Video on Strangercam.com\" \/>\n<meta property=\"og:description\" content=\"Liking Talk to Strangers Online Video? Join millions on StrangerCam.com! Start a random video chat, turn on your cam, and meet strangers instantly.\" \/>\n<meta property=\"og:url\" content=\"https:\/\/strangercam.com\/fr\/video-en-ligne-talk-to-strangers\/\" \/>\n<meta property=\"og:site_name\" content=\"Strangercam\" \/>\n<meta property=\"article:publisher\" content=\"https:\/\/www.facebook.com\/strangercam\" \/>\n<meta property=\"article:modified_time\" content=\"2025-09-03T11:32:08+00:00\" \/>\n<meta property=\"og:image\" content=\"https:\/\/strangercam.com\/wp-content\/uploads\/2021\/10\/Untitled-2.png\" \/>\n\t<meta property=\"og:image:width\" content=\"800\" \/>\n\t<meta property=\"og:image:height\" content=\"532\" \/>\n\t<meta property=\"og:image:type\" content=\"image\/png\" \/>\n<meta name=\"twitter:card\" content=\"summary_large_image\" \/>\n<meta name=\"twitter:site\" content=\"@strangercamapp\" \/>\n<meta name=\"twitter:label1\" content=\"Dur\u00e9e de lecture estim\u00e9e\" \/>\n\t<meta name=\"twitter:data1\" content=\"6 minutes\" \/>\n<script type=\"application\/ld+json\" class=\"yoast-schema-graph\">{\"@context\":\"https:\\\/\\\/schema.org\",\"@graph\":[{\"@type\":\"WebPage\",\"@id\":\"https:\\\/\\\/strangercam.com\\\/talk-to-strangers-online-video\\\/\",\"url\":\"https:\\\/\\\/strangercam.com\\\/talk-to-strangers-online-video\\\/\",\"name\":\"Talk to Strangers Online Video on Strangercam.com\",\"isPartOf\":{\"@id\":\"https:\\\/\\\/strangercam.com\\\/#website\"},\"datePublished\":\"2025-08-28T15:34:41+00:00\",\"dateModified\":\"2025-09-03T11:32:08+00:00\",\"description\":\"Liking Talk to Strangers Online Video? Join millions on StrangerCam.com! Start a random video chat, turn on your cam, and meet strangers instantly.\",\"breadcrumb\":{\"@id\":\"https:\\\/\\\/strangercam.com\\\/talk-to-strangers-online-video\\\/#breadcrumb\"},\"inLanguage\":\"fr-FR\",\"potentialAction\":[{\"@type\":\"ReadAction\",\"target\":[\"https:\\\/\\\/strangercam.com\\\/talk-to-strangers-online-video\\\/\"]}]},{\"@type\":\"BreadcrumbList\",\"@id\":\"https:\\\/\\\/strangercam.com\\\/talk-to-strangers-online-video\\\/#breadcrumb\",\"itemListElement\":[{\"@type\":\"ListItem\",\"position\":1,\"name\":\"Home\",\"item\":\"https:\\\/\\\/strangercam.com\\\/\"},{\"@type\":\"ListItem\",\"position\":2,\"name\":\"Talk to Strangers Online Video\"}]},{\"@type\":\"WebSite\",\"@id\":\"https:\\\/\\\/strangercam.com\\\/#website\",\"url\":\"https:\\\/\\\/strangercam.com\\\/\",\"name\":\"Strangercam\",\"description\":\"Random Video Chat with Strangers\",\"publisher\":{\"@id\":\"https:\\\/\\\/strangercam.com\\\/#organization\"},\"alternateName\":\"Strangercam.com\",\"potentialAction\":[{\"@type\":\"SearchAction\",\"target\":{\"@type\":\"EntryPoint\",\"urlTemplate\":\"https:\\\/\\\/strangercam.com\\\/?s={search_term_string}\"},\"query-input\":{\"@type\":\"PropertyValueSpecification\",\"valueRequired\":true,\"valueName\":\"search_term_string\"}}],\"inLanguage\":\"fr-FR\"},{\"@type\":\"Organization\",\"@id\":\"https:\\\/\\\/strangercam.com\\\/#organization\",\"name\":\"Strangercam\",\"alternateName\":\"Strangercam.com\",\"url\":\"https:\\\/\\\/strangercam.com\\\/\",\"logo\":{\"@type\":\"ImageObject\",\"inLanguage\":\"fr-FR\",\"@id\":\"https:\\\/\\\/strangercam.com\\\/#\\\/schema\\\/logo\\\/image\\\/\",\"url\":\"https:\\\/\\\/strangercam.com\\\/wp-content\\\/uploads\\\/2020\\\/11\\\/cropped-new-favicon-black.png\",\"contentUrl\":\"https:\\\/\\\/strangercam.com\\\/wp-content\\\/uploads\\\/2020\\\/11\\\/cropped-new-favicon-black.png\",\"width\":512,\"height\":512,\"caption\":\"Strangercam\"},\"image\":{\"@id\":\"https:\\\/\\\/strangercam.com\\\/#\\\/schema\\\/logo\\\/image\\\/\"},\"sameAs\":[\"https:\\\/\\\/www.facebook.com\\\/strangercam\",\"https:\\\/\\\/x.com\\\/strangercamapp\"]}]}<\/script>\n<!-- \/ Yoast SEO plugin. -->","yoast_head_json":{"title":"Talk to Strangers Vid\u00e9o en ligne sur Strangercam.com","description":"Vous aimez parler \u00e0 des inconnus en ligne ? Join millions sur StrangerCam.com ! D\u00e9marrez un chat vid\u00e9o al\u00e9atoire, allumez votre cam\u00e9ra et rencontrez des inconnus instantan\u00e9ment.","robots":{"index":"index","follow":"follow","max-snippet":"max-snippet:-1","max-image-preview":"max-image-preview:large","max-video-preview":"max-video-preview:-1"},"canonical":"https:\/\/strangercam.com\/fr\/video-en-ligne-talk-to-strangers\/","og_locale":"fr_FR","og_type":"article","og_title":"Talk to Strangers Online Video on Strangercam.com","og_description":"Liking Talk to Strangers Online Video? Join millions on StrangerCam.com! Start a random video chat, turn on your cam, and meet strangers instantly.","og_url":"https:\/\/strangercam.com\/fr\/video-en-ligne-talk-to-strangers\/","og_site_name":"Strangercam","article_publisher":"https:\/\/www.facebook.com\/strangercam","article_modified_time":"2025-09-03T11:32:08+00:00","og_image":[{"width":800,"height":532,"url":"https:\/\/strangercam.com\/wp-content\/uploads\/2021\/10\/Untitled-2.png","type":"image\/png"}],"twitter_card":"summary_large_image","twitter_site":"@strangercamapp","twitter_misc":{"Dur\u00e9e de lecture estim\u00e9e":"6 minutes"},"schema":{"@context":"https:\/\/schema.org","@graph":[{"@type":"WebPage","@id":"https:\/\/strangercam.com\/talk-to-strangers-online-video\/","url":"https:\/\/strangercam.com\/talk-to-strangers-online-video\/","name":"Talk to Strangers Vid\u00e9o en ligne sur Strangercam.com","isPartOf":{"@id":"https:\/\/strangercam.com\/#website"},"datePublished":"2025-08-28T15:34:41+00:00","dateModified":"2025-09-03T11:32:08+00:00","description":"Vous aimez parler \u00e0 des inconnus en ligne ? Join millions sur StrangerCam.com ! D\u00e9marrez un chat vid\u00e9o al\u00e9atoire, allumez votre cam\u00e9ra et rencontrez des inconnus instantan\u00e9ment.","breadcrumb":{"@id":"https:\/\/strangercam.com\/talk-to-strangers-online-video\/#breadcrumb"},"inLanguage":"fr-FR","potentialAction":[{"@type":"ReadAction","target":["https:\/\/strangercam.com\/talk-to-strangers-online-video\/"]}]},{"@type":"BreadcrumbList","@id":"https:\/\/strangercam.com\/talk-to-strangers-online-video\/#breadcrumb","itemListElement":[{"@type":"ListItem","position":1,"name":"Home","item":"https:\/\/strangercam.com\/"},{"@type":"ListItem","position":2,"name":"Talk to Strangers Online Video"}]},{"@type":"WebSite","@id":"https:\/\/strangercam.com\/#website","url":"https:\/\/strangercam.com\/","name":"Strangercam","description":"Chat vid\u00e9o al\u00e9atoire avec des inconnus","publisher":{"@id":"https:\/\/strangercam.com\/#organization"},"alternateName":"Strangercam.com","potentialAction":[{"@type":"SearchAction","target":{"@type":"EntryPoint","urlTemplate":"https:\/\/strangercam.com\/?s={search_term_string}"},"query-input":{"@type":"PropertyValueSpecification","valueRequired":true,"valueName":"search_term_string"}}],"inLanguage":"fr-FR"},{"@type":"Organization","@id":"https:\/\/strangercam.com\/#organization","name":"Strangercam","alternateName":"Strangercam.com","url":"https:\/\/strangercam.com\/","logo":{"@type":"ImageObject","inLanguage":"fr-FR","@id":"https:\/\/strangercam.com\/#\/schema\/logo\/image\/","url":"https:\/\/strangercam.com\/wp-content\/uploads\/2020\/11\/cropped-new-favicon-black.png","contentUrl":"https:\/\/strangercam.com\/wp-content\/uploads\/2020\/11\/cropped-new-favicon-black.png","width":512,"height":512,"caption":"Strangercam"},"image":{"@id":"https:\/\/strangercam.com\/#\/schema\/logo\/image\/"},"sameAs":["https:\/\/www.facebook.com\/strangercam","https:\/\/x.com\/strangercamapp"]}]}},"_links":{"self":[{"href":"https:\/\/strangercam.com\/fr\/wp-json\/wp\/v2\/pages\/3987","targetHints":{"allow":["GET"]}}],"collection":[{"href":"https:\/\/strangercam.com\/fr\/wp-json\/wp\/v2\/pages"}],"about":[{"href":"https:\/\/strangercam.com\/fr\/wp-json\/wp\/v2\/types\/page"}],"author":[{"embeddable":true,"href":"https:\/\/strangercam.com\/fr\/wp-json\/wp\/v2\/users\/8"}],"replies":[{"embeddable":true,"href":"https:\/\/strangercam.com\/fr\/wp-json\/wp\/v2\/comments?post=3987"}],"version-history":[{"count":2,"href":"https:\/\/strangercam.com\/fr\/wp-json\/wp\/v2\/pages\/3987\/revisions"}],"predecessor-version":[{"id":12981,"href":"https:\/\/strangercam.com\/fr\/wp-json\/wp\/v2\/pages\/3987\/revisions\/12981"}],"wp:attachment":[{"href":"https:\/\/strangercam.com\/fr\/wp-json\/wp\/v2\/media?parent=3987"}],"curies":[{"name":"wp","href":"https:\/\/api.w.org\/{rel}","templated":true}]}}