{"id":3970,"date":"2025-08-28T17:31:39","date_gmt":"2025-08-28T15:31:39","guid":{"rendered":"https:\/\/strangercam.com\/?page_id=3970"},"modified":"2025-09-03T13:32:00","modified_gmt":"2025-09-03T11:32:00","slug":"chat-webcam-aleatoire","status":"publish","type":"page","link":"https:\/\/strangercam.com\/fr\/chat-webcam-aleatoire\/","title":{"rendered":"Chat al\u00e9atoire par webcam"},"content":{"rendered":"<p>A la recherche de l'excitation d'une webcam al\u00e9atoire <a href=\"https:\/\/strangercam.com\/fr\/chathub\/\">chat<\/a>? Vous n'\u00eates pas seul. Depuis les d\u00e9buts de l <a href=\"https:\/\/strangercam.com\/fr\/omegle\/\">Omegle<\/a> et <a href=\"https:\/\/strangercam.com\/fr\/chatroulette\/\">Chatroulette<\/a>, Gr\u00e2ce au chat par webcam, des millions de personnes ont d\u00e9couvert le plaisir de se connecter en face \u00e0 face avec des inconnus en cliquant sur un bouton. Contrairement aux m\u00e9dias sociaux ou aux applications de rencontre, o\u00f9 les conversations semblent planifi\u00e9es ou lentes, le chat al\u00e9atoire par webcam est instantan\u00e9, spontan\u00e9 et r\u00e9el.<\/p>\n<p>En 2025, des plateformes telles que StrangerCam permettent de profiter plus facilement que jamais du chat par webcam gratuit et al\u00e9atoire, sans t\u00e9l\u00e9chargement, sans inscription et sans frais cach\u00e9s. Que vous soyez ici pour rencontrer de nouveaux amis, flirter, partager des cultures ou simplement \u00e9chapper \u00e0 l'ennui, le chat webcam avec des inconnus est l'un des moyens les plus excitants de se connecter en ligne.<\/p>\n<p>Ce guide vous expliquera tout ce que vous devez savoir : comment fonctionne le chat par webcam al\u00e9atoire, pourquoi les gens l'adorent, quelles sont les fonctionnalit\u00e9s \u00e0 rechercher, les comparaisons des meilleures plateformes, les conseils de s\u00e9curit\u00e9, et pourquoi StrangerCam est l'un des meilleurs choix aujourd'hui.<\/p>\n<h2>Qu'est-ce que le chat al\u00e9atoire par webcam ?<\/h2>\n<p>Le chat par webcam al\u00e9atoire est une exp\u00e9rience vid\u00e9o individuelle en direct qui vous met instantan\u00e9ment en contact avec des inconnus du monde entier gr\u00e2ce \u00e0 votre webcam et \u00e0 votre microphone. Contrairement aux salons de discussion textuels, le chat par webcam vous permet d'interagir en face \u00e0 face et en temps r\u00e9el.<\/p>\n<p>Le processus est con\u00e7u pour \u00eatre rapide et facile : il suffit d'appuyer sur \"D\u00e9marrer\" et, en quelques secondes, vous \u00eates mis en relation avec quelqu'un de nouveau. Si la conversation ne vous pla\u00eet pas, cliquez sur \"Suivant\" pour passer \u00e0 autre chose. Chaque chat est unique : parfois dr\u00f4le, parfois flirtant, parfois surprenant.<\/p>\n<h2>Pourquoi les gens aiment le chat al\u00e9atoire gratuit par webcam<\/h2>\n<p>L'attrait du chat gratuit avec webcam al\u00e9atoire cro\u00eet rapidement, et voici pourquoi :<\/p>\n<ul>\n<li>Amusement spontan\u00e9 - On ne sait jamais qui on va rencontrer.<\/li>\n<li>Authenticit\u00e9 - La vid\u00e9o prouve que vous parlez \u00e0 une personne r\u00e9elle, et non \u00e0 un robot ou \u00e0 un faux profil.<\/li>\n<li>Pas d'inscription ni d'engagement - De nombreuses plateformes ne n\u00e9cessitent pas de compte. Il suffit de cliquer et de discuter.<\/li>\n<li>Connexions mondiales - Rencontrez des personnes du monde entier en quelques secondes.<\/li>\n<li>Vari\u00e9t\u00e9 - Chaque discussion est diff\u00e9rente : d\u00e9contract\u00e9e, culturelle ou m\u00eame flirteuse.<\/li>\n<li>Soulagement du stress et divertissement - Un moyen id\u00e9al de se d\u00e9tendre et de combattre l'ennui.<\/li>\n<\/ul>\n<h2>Comment fonctionne le Random Webcam Chat ?<\/h2>\n<p>Il est incroyablement simple de d\u00e9marrer une discussion par webcam au hasard :<\/p>\n<ol>\n<li>Ouvrez la plateforme sur votre ordinateur ou votre appareil mobile.<\/li>\n<li>Autoriser l'acc\u00e8s \u00e0 la cam\u00e9ra et au microphone.<\/li>\n<li>Cliquez sur \"Start Chat\". Vous serez instantan\u00e9ment mis en relation avec un inconnu.<\/li>\n<li>Parler en direct et en face \u00e0 face.<\/li>\n<li>Cliquez sur \"Suivant\" chaque fois que vous souhaitez rencontrer quelqu'un de nouveau.<\/li>\n<\/ol>\n<p>L'ensemble du processus prend moins d'une minute, ce qui en fait l'un des moyens les plus faciles de rencontrer de nouvelles personnes en ligne.<\/p>\n<h2>Principales caract\u00e9ristiques \u00e0 rechercher<\/h2>\n<p>Toutes les plateformes de chat par webcam ne sont pas identiques. Pour b\u00e9n\u00e9ficier d'une exp\u00e9rience optimale, recherchez les caract\u00e9ristiques suivantes :<\/p>\n<h3>1. Un acc\u00e8s r\u00e9ellement gratuit<\/h3>\n<p>\u00c9vitez les sites qui pr\u00e9tendent \u00eatre gratuits mais qui vous poussent rapidement vers des murs payants.<\/p>\n<h3>2. Pas d'inscription n\u00e9cessaire<\/h3>\n<p>Vous ne devriez pas avoir besoin de vous inscrire ou de donner des informations personnelles pour commencer \u00e0 discuter.<\/p>\n<h3>3. Filtres de genre et de lieu<\/h3>\n<p>Choisissez de chatter avec des types de personnes sp\u00e9cifiques, comme des filles uniquement, ou des personnes originaires de certains pays.<\/p>\n<h3>4. Outils de mod\u00e9ration et de reporting performants<\/h3>\n<p>Ils assurent la s\u00e9curit\u00e9 de l'environnement en \u00e9liminant les utilisateurs abusifs et les robots.<\/p>\n<h3>5. Compatibilit\u00e9 mobile<\/h3>\n<p>Une bonne plateforme doit fonctionner sans probl\u00e8me sur les t\u00e9l\u00e9phones, les tablettes et les ordinateurs de bureau.<\/p>\n<h3>6. Vid\u00e9o et audio de haute qualit\u00e9<\/h3>\n<p>Des connexions claires et fiables rendent les conversations plus naturelles et plus agr\u00e9ables.<\/p>\n<h2>Les meilleures plateformes de chat par webcam en 2025<\/h2>\n<p>Voici comment se comparent les meilleures options pour les utilisateurs \u00e0 la recherche d'un chat par webcam al\u00e9atoire :<\/p>\n<table>\n<thead>\n<tr>\n<th>Plate-forme<\/th>\n<th align=\"center\">Acc\u00e8s gratuit<\/th>\n<th align=\"center\">Filtre de genre<\/th>\n<th align=\"center\">Inscription n\u00e9cessaire<\/th>\n<th align=\"center\">Support mobile<\/th>\n<th align=\"center\">La mod\u00e9ration<\/th>\n<th>Notes<\/th>\n<\/tr>\n<\/thead>\n<tbody>\n<tr>\n<td>StrangerCam<\/td>\n<td align=\"center\">\u2705<\/td>\n<td align=\"center\">\u2705 (Gratuit)<\/td>\n<td align=\"center\">\u274c<\/td>\n<td align=\"center\">\u2705<\/td>\n<td align=\"center\">\u2705<\/td>\n<td>Le meilleur choix polyvalent, vraiment gratuit<\/td>\n<\/tr>\n<tr>\n<td>Chatroulette<\/td>\n<td align=\"center\">\u2705<\/td>\n<td align=\"center\">\u274c (Pay\u00e9)<\/td>\n<td align=\"center\">\u274c<\/td>\n<td align=\"center\">\u2705<\/td>\n<td align=\"center\">\u2705<\/td>\n<td>Classique mais avec des filtres payants<\/td>\n<\/tr>\n<tr>\n<td>Chatrandom<\/td>\n<td align=\"center\">\u2705<\/td>\n<td align=\"center\">\u274c (Pay\u00e9)<\/td>\n<td align=\"center\">\u274c<\/td>\n<td align=\"center\">\u2705<\/td>\n<td align=\"center\">\u2705<\/td>\n<td>Populaire, mais les mises \u00e0 niveau sont pouss\u00e9es<\/td>\n<\/tr>\n<tr>\n<td><a href=\"https:\/\/strangercam.com\/fr\/ometv\/\">OmeTV<\/a><\/td>\n<td align=\"center\">\u2705<\/td>\n<td align=\"center\">\u274c<\/td>\n<td align=\"center\">\u274c<\/td>\n<td align=\"center\">\u2705<\/td>\n<td align=\"center\">\u2705<\/td>\n<td>Application mobile, seulement correspondance al\u00e9atoire<\/td>\n<\/tr>\n<tr>\n<td>Shagle<\/td>\n<td align=\"center\">\u2705<\/td>\n<td align=\"center\">\u274c (Pay\u00e9)<\/td>\n<td align=\"center\">\u274c<\/td>\n<td align=\"center\">\u2705<\/td>\n<td align=\"center\">\u2705<\/td>\n<td>De nombreuses fonctionnalit\u00e9s bloqu\u00e9es dans la version premium<\/td>\n<\/tr>\n<tr>\n<td><a href=\"https:\/\/strangercam.com\/fr\/coomeet\/\">CooMeet<\/a><\/td>\n<td align=\"center\">\u274c (Essai)<\/td>\n<td align=\"center\">\u2705<\/td>\n<td align=\"center\">\u2705<\/td>\n<td align=\"center\">\u2705<\/td>\n<td align=\"center\">\u2705<\/td>\n<td>Payant apr\u00e8s un essai gratuit limit\u00e9<\/td>\n<\/tr>\n<tr>\n<td>LuckyCrush<\/td>\n<td align=\"center\">\u274c<\/td>\n<td align=\"center\">\u2705<\/td>\n<td align=\"center\">\u2705<\/td>\n<td align=\"center\">\u2705<\/td>\n<td align=\"center\">\u2705<\/td>\n<td>Toujours r\u00e9mun\u00e9r\u00e9, ad\u00e9quation entre les hommes et les femmes<\/td>\n<\/tr>\n<\/tbody>\n<\/table>\n<p>StrangerCam est l'une des seules plates-formes \u00e0 proposer un chat webcam al\u00e9atoire gratuit avec des filtres de genre fonctionnels, sans inscription et avec un acc\u00e8s illimit\u00e9.<\/p>\n<h2>Pourquoi StrangerCam est le meilleur endroit pour les discussions al\u00e9atoires par webcam ?<\/h2>\n<p>Voici pourquoi StrangerCam est un choix de premier ordre pour le chat par webcam en 2025 :<\/p>\n<h3>1. Enti\u00e8rement gratuit<\/h3>\n<p>Chats illimit\u00e9s avec des inconnus, sans frais cach\u00e9s.<\/p>\n<h3>2. Filtre de genre gratuit<\/h3>\n<p>S\u00e9lectionnez des gar\u00e7ons, des filles ou les deux, sans murs payants.<\/p>\n<h3>3. Pas d'inscription requise<\/h3>\n<p>Participez directement au chat dans l'anonymat le plus total.<\/p>\n<h3>4. S\u00e9curit\u00e9 et mod\u00e9ration<\/h3>\n<p>Des outils de signalement et des syst\u00e8mes de mod\u00e9ration robustes permettent de maintenir l'espace propre et convivial.<\/p>\n<h3>5. Communaut\u00e9 mondiale<\/h3>\n<p>Des \u00e9trangers de plus de 100 pays en ligne 24 heures sur 24, 7 jours sur 7.<\/p>\n<h3>6. Conception adapt\u00e9e aux mobiles<\/h3>\n<p>Optimis\u00e9 pour tous les appareils : discutez \u00e0 tout moment, o\u00f9 que vous soyez.<\/p>\n<h2>T\u00e9moignages d'utilisateurs r\u00e9els<\/h2>\n<blockquote><p><em>\"Le chat par webcam est ma fa\u00e7on pr\u00e9f\u00e9r\u00e9e de me d\u00e9tendre apr\u00e8s le travail. StrangerCam le rend si facile - pas d'inscription, pas d'absurdit\u00e9, juste des chats gratuits\".<\/em><br \/>\n- Michael, 29 ans<\/p><\/blockquote>\n<blockquote><p><em>\"Le filtre de genre fonctionne gratuitement, ce qui est rare. J'ai eu d'excellentes conversations avec des filles du monde entier\".<\/em><br \/>\n- Emma, 23 ans<\/p><\/blockquote>\n<blockquote><p><em>\"C'est tr\u00e8s amusant. Une minute, je discute avec un Italien, la suivante avec un Canadien. On ne sait jamais \u00e0 quoi s'attendre.<\/em><br \/>\n- David, 26 ans<\/p><\/blockquote>\n<blockquote><p><em>\"J'ai essay\u00e9 d'autres sites, mais la plupart me demandaient de payer. StrangerCam est le seul \u00e0 avoir tenu sa promesse de chat webcam gratuit et al\u00e9atoire.\"<\/em><br \/>\n- Sophia, 20 ans<\/p><\/blockquote>\n<h2>Conseils de s\u00e9curit\u00e9 pour les discussions al\u00e9atoires par webcam<\/h2>\n<p>M\u00eame si le chat par webcam est amusant, il faut toujours rester prudent :<\/p>\n<ul>\n<li>Ne communiquez pas de donn\u00e9es personnelles telles que votre t\u00e9l\u00e9phone, votre adresse \u00e9lectronique ou l'adresse de votre domicile.<\/li>\n<li>Ignorez ou bloquez toute personne qui vous met mal \u00e0 l'aise.<\/li>\n<li>Ne cliquez jamais sur les liens que les inconnus partagent.<\/li>\n<li>Utilisez un fond neutre pour \u00e9viter de r\u00e9v\u00e9ler des d\u00e9tails priv\u00e9s.<\/li>\n<li>Respectez les r\u00e8gles d'\u00e2ge - si vous avez moins de 18 ans, \u00e9vitez les sites de chat pour adultes.<\/li>\n<li>S'en tenir aux outils de la plateforme pour signaler ou bloquer les mauvais utilisateurs.<\/li>\n<\/ul>\n<h2>Comment d\u00e9marrer - \u00e9tape par \u00e9tape<\/h2>\n<p>Lancer une discussion par webcam au hasard ne prend que quelques secondes :<\/p>\n<ol>\n<li>Ouvrez StrangerCam dans votre navigateur.<\/li>\n<li>Autoriser l'acc\u00e8s \u00e0 la webcam et au microphone.<\/li>\n<li>S\u00e9lectionner des pr\u00e9f\u00e9rences (comme le filtre de genre).<\/li>\n<li>Cliquez sur D\u00e9marrer le chat pour vous connecter instantan\u00e9ment.<\/li>\n<li>Cliquez sur Suivant \u00e0 tout moment pour rencontrer quelqu'un de nouveau.<\/li>\n<\/ol>\n<p>C'est tout : rapide, simple et totalement gratuit.<\/p>\n<h2>Questions fr\u00e9quemment pos\u00e9es<\/h2>\n<h3>Le chat webcam al\u00e9atoire est-il gratuit ?<\/h3>\n<p>Oui, StrangerCam propose des chats gratuits et illimit\u00e9s avec des inconnus.<\/p>\n<h3>Dois-je m'inscrire ?<\/h3>\n<p>Non. StrangerCam ne n\u00e9cessite aucune inscription.<\/p>\n<h3>Les personnes sont-elles r\u00e9elles ?<\/h3>\n<p>Oui. Le chat par webcam vous permet d'\u00eatre en contact avec de vraies personnes, et non avec des robots.<\/p>\n<h3>Puis-je l'utiliser sur mon t\u00e9l\u00e9phone ?<\/h3>\n<p>Oui, StrangerCam est adapt\u00e9 aux mobiles et fonctionne sur tous les appareils.<\/p>\n<h3>Est-il s\u00fbr ?<\/h3>\n<p>Oui, \u00e0 condition de suivre les conseils de s\u00e9curit\u00e9 et d'utiliser les outils de signalement de la plateforme.<\/p>\n<h2>R\u00e9flexions finales - Essayez le chat par webcam al\u00e9atoire gratuit d\u00e8s aujourd'hui<\/h2>\n<p>En 2025, le chat al\u00e9atoire sur webcam reste l'un des moyens les plus excitants de rencontrer de nouvelles personnes en ligne. Il est gratuit, spontan\u00e9 et vous permet d'exp\u00e9rimenter une interaction humaine authentique en temps r\u00e9el.<\/p>\n<p>Mais toutes les plateformes ne sont pas \u00e0 la hauteur : beaucoup cachent des filtres derri\u00e8re des murs payants ou inondent leurs chats de bots. C'est pourquoi StrangerCam est le meilleur choix : il est gratuit, anonyme, s\u00fbr et toujours rempli de personnes pr\u00eates \u00e0 se connecter.<\/p>\n<p>Pr\u00eat \u00e0 essayer ? Commencez un chat webcam gratuit et al\u00e9atoire aujourd'hui et voyez qui vous rencontrerez ensuite.<\/p>","protected":false},"excerpt":{"rendered":"<p>Looking for the thrill of a random webcam chat? You\u2019re not alone. Since the early days of Omegle and Chatroulette, millions of people have discovered the fun of connecting face-to-face with strangers at the click of a button. Unlike social media or dating apps, where conversations feel planned or slow, random webcam chat is instant, [&hellip;]<\/p>\n","protected":false},"author":8,"featured_media":0,"parent":0,"menu_order":0,"comment_status":"closed","ping_status":"closed","template":"","meta":{"footnotes":""},"class_list":["post-3970","page","type-page","status-publish","hentry"],"yoast_head":"<!-- This site is optimized with the Yoast SEO plugin v26.9 - https:\/\/yoast.com\/product\/yoast-seo-wordpress\/ -->\n<title>Random Webcam Chat with Random Chat on Strangercam.com<\/title>\n<meta name=\"description\" content=\"Liking Random Webcam Chat? Join millions on StrangerCam.com! Start a random video chat, turn on your cam, and meet strangers instantly.\" \/>\n<meta name=\"robots\" content=\"index, follow, max-snippet:-1, max-image-preview:large, max-video-preview:-1\" \/>\n<link rel=\"canonical\" href=\"https:\/\/strangercam.com\/fr\/chat-webcam-aleatoire\/\" \/>\n<meta property=\"og:locale\" content=\"fr_FR\" \/>\n<meta property=\"og:type\" content=\"article\" \/>\n<meta property=\"og:title\" content=\"Random Webcam Chat with Random Chat on Strangercam.com\" \/>\n<meta property=\"og:description\" content=\"Liking Random Webcam Chat? Join millions on StrangerCam.com! Start a random video chat, turn on your cam, and meet strangers instantly.\" \/>\n<meta property=\"og:url\" content=\"https:\/\/strangercam.com\/fr\/chat-webcam-aleatoire\/\" \/>\n<meta property=\"og:site_name\" content=\"Strangercam\" \/>\n<meta property=\"article:publisher\" content=\"https:\/\/www.facebook.com\/strangercam\" \/>\n<meta property=\"article:modified_time\" content=\"2025-09-03T11:32:00+00:00\" \/>\n<meta property=\"og:image\" content=\"https:\/\/strangercam.com\/wp-content\/uploads\/2021\/10\/Untitled-2.png\" \/>\n\t<meta property=\"og:image:width\" content=\"800\" \/>\n\t<meta property=\"og:image:height\" content=\"532\" \/>\n\t<meta property=\"og:image:type\" content=\"image\/png\" \/>\n<meta name=\"twitter:card\" content=\"summary_large_image\" \/>\n<meta name=\"twitter:site\" content=\"@strangercamapp\" \/>\n<meta name=\"twitter:label1\" content=\"Dur\u00e9e de lecture estim\u00e9e\" \/>\n\t<meta name=\"twitter:data1\" content=\"5 minutes\" \/>\n<script type=\"application\/ld+json\" class=\"yoast-schema-graph\">{\"@context\":\"https:\/\/schema.org\",\"@graph\":[{\"@type\":\"WebPage\",\"@id\":\"https:\/\/strangercam.com\/random-webcam-chat\/\",\"url\":\"https:\/\/strangercam.com\/random-webcam-chat\/\",\"name\":\"Random Webcam Chat with Random Chat on Strangercam.com\",\"isPartOf\":{\"@id\":\"https:\/\/strangercam.com\/#website\"},\"datePublished\":\"2025-08-28T15:31:39+00:00\",\"dateModified\":\"2025-09-03T11:32:00+00:00\",\"description\":\"Liking Random Webcam Chat? Join millions on StrangerCam.com! Start a random video chat, turn on your cam, and meet strangers instantly.\",\"breadcrumb\":{\"@id\":\"https:\/\/strangercam.com\/random-webcam-chat\/#breadcrumb\"},\"inLanguage\":\"fr-FR\",\"potentialAction\":[{\"@type\":\"ReadAction\",\"target\":[\"https:\/\/strangercam.com\/random-webcam-chat\/\"]}]},{\"@type\":\"BreadcrumbList\",\"@id\":\"https:\/\/strangercam.com\/random-webcam-chat\/#breadcrumb\",\"itemListElement\":[{\"@type\":\"ListItem\",\"position\":1,\"name\":\"Home\",\"item\":\"https:\/\/strangercam.com\/\"},{\"@type\":\"ListItem\",\"position\":2,\"name\":\"Random Webcam Chat\"}]},{\"@type\":\"WebSite\",\"@id\":\"https:\/\/strangercam.com\/#website\",\"url\":\"https:\/\/strangercam.com\/\",\"name\":\"Strangercam\",\"description\":\"Random Video Chat with Strangers\",\"publisher\":{\"@id\":\"https:\/\/strangercam.com\/#organization\"},\"alternateName\":\"Strangercam.com\",\"potentialAction\":[{\"@type\":\"SearchAction\",\"target\":{\"@type\":\"EntryPoint\",\"urlTemplate\":\"https:\/\/strangercam.com\/?s={search_term_string}\"},\"query-input\":{\"@type\":\"PropertyValueSpecification\",\"valueRequired\":true,\"valueName\":\"search_term_string\"}}],\"inLanguage\":\"fr-FR\"},{\"@type\":\"Organization\",\"@id\":\"https:\/\/strangercam.com\/#organization\",\"name\":\"Strangercam\",\"alternateName\":\"Strangercam.com\",\"url\":\"https:\/\/strangercam.com\/\",\"logo\":{\"@type\":\"ImageObject\",\"inLanguage\":\"fr-FR\",\"@id\":\"https:\/\/strangercam.com\/#\/schema\/logo\/image\/\",\"url\":\"https:\/\/strangercam.com\/wp-content\/uploads\/2020\/11\/cropped-new-favicon-black.png\",\"contentUrl\":\"https:\/\/strangercam.com\/wp-content\/uploads\/2020\/11\/cropped-new-favicon-black.png\",\"width\":512,\"height\":512,\"caption\":\"Strangercam\"},\"image\":{\"@id\":\"https:\/\/strangercam.com\/#\/schema\/logo\/image\/\"},\"sameAs\":[\"https:\/\/www.facebook.com\/strangercam\",\"https:\/\/x.com\/strangercamapp\"]}]}<\/script>\n<!-- \/ Yoast SEO plugin. -->","yoast_head_json":{"title":"Random Webcam Chat avec Random Chat sur Strangercam.com","description":"Vous aimez les chats al\u00e9atoires par webcam ? Join millions sur StrangerCam.com ! Commencez un chat vid\u00e9o al\u00e9atoire, allumez votre cam\u00e9ra et rencontrez des inconnus instantan\u00e9ment.","robots":{"index":"index","follow":"follow","max-snippet":"max-snippet:-1","max-image-preview":"max-image-preview:large","max-video-preview":"max-video-preview:-1"},"canonical":"https:\/\/strangercam.com\/fr\/chat-webcam-aleatoire\/","og_locale":"fr_FR","og_type":"article","og_title":"Random Webcam Chat with Random Chat on Strangercam.com","og_description":"Liking Random Webcam Chat? Join millions on StrangerCam.com! Start a random video chat, turn on your cam, and meet strangers instantly.","og_url":"https:\/\/strangercam.com\/fr\/chat-webcam-aleatoire\/","og_site_name":"Strangercam","article_publisher":"https:\/\/www.facebook.com\/strangercam","article_modified_time":"2025-09-03T11:32:00+00:00","og_image":[{"width":800,"height":532,"url":"https:\/\/strangercam.com\/wp-content\/uploads\/2021\/10\/Untitled-2.png","type":"image\/png"}],"twitter_card":"summary_large_image","twitter_site":"@strangercamapp","twitter_misc":{"Dur\u00e9e de lecture estim\u00e9e":"5 minutes"},"schema":{"@context":"https:\/\/schema.org","@graph":[{"@type":"WebPage","@id":"https:\/\/strangercam.com\/random-webcam-chat\/","url":"https:\/\/strangercam.com\/random-webcam-chat\/","name":"Random Webcam Chat avec Random Chat sur Strangercam.com","isPartOf":{"@id":"https:\/\/strangercam.com\/#website"},"datePublished":"2025-08-28T15:31:39+00:00","dateModified":"2025-09-03T11:32:00+00:00","description":"Vous aimez les chats al\u00e9atoires par webcam ? Join millions sur StrangerCam.com ! Commencez un chat vid\u00e9o al\u00e9atoire, allumez votre cam\u00e9ra et rencontrez des inconnus instantan\u00e9ment.","breadcrumb":{"@id":"https:\/\/strangercam.com\/random-webcam-chat\/#breadcrumb"},"inLanguage":"fr-FR","potentialAction":[{"@type":"ReadAction","target":["https:\/\/strangercam.com\/random-webcam-chat\/"]}]},{"@type":"BreadcrumbList","@id":"https:\/\/strangercam.com\/random-webcam-chat\/#breadcrumb","itemListElement":[{"@type":"ListItem","position":1,"name":"Home","item":"https:\/\/strangercam.com\/"},{"@type":"ListItem","position":2,"name":"Random Webcam Chat"}]},{"@type":"WebSite","@id":"https:\/\/strangercam.com\/#website","url":"https:\/\/strangercam.com\/","name":"Strangercam","description":"Chat vid\u00e9o al\u00e9atoire avec des inconnus","publisher":{"@id":"https:\/\/strangercam.com\/#organization"},"alternateName":"Strangercam.com","potentialAction":[{"@type":"SearchAction","target":{"@type":"EntryPoint","urlTemplate":"https:\/\/strangercam.com\/?s={search_term_string}"},"query-input":{"@type":"PropertyValueSpecification","valueRequired":true,"valueName":"search_term_string"}}],"inLanguage":"fr-FR"},{"@type":"Organization","@id":"https:\/\/strangercam.com\/#organization","name":"Strangercam","alternateName":"Strangercam.com","url":"https:\/\/strangercam.com\/","logo":{"@type":"ImageObject","inLanguage":"fr-FR","@id":"https:\/\/strangercam.com\/#\/schema\/logo\/image\/","url":"https:\/\/strangercam.com\/wp-content\/uploads\/2020\/11\/cropped-new-favicon-black.png","contentUrl":"https:\/\/strangercam.com\/wp-content\/uploads\/2020\/11\/cropped-new-favicon-black.png","width":512,"height":512,"caption":"Strangercam"},"image":{"@id":"https:\/\/strangercam.com\/#\/schema\/logo\/image\/"},"sameAs":["https:\/\/www.facebook.com\/strangercam","https:\/\/x.com\/strangercamapp"]}]}},"_links":{"self":[{"href":"https:\/\/strangercam.com\/fr\/wp-json\/wp\/v2\/pages\/3970","targetHints":{"allow":["GET"]}}],"collection":[{"href":"https:\/\/strangercam.com\/fr\/wp-json\/wp\/v2\/pages"}],"about":[{"href":"https:\/\/strangercam.com\/fr\/wp-json\/wp\/v2\/types\/page"}],"author":[{"embeddable":true,"href":"https:\/\/strangercam.com\/fr\/wp-json\/wp\/v2\/users\/8"}],"replies":[{"embeddable":true,"href":"https:\/\/strangercam.com\/fr\/wp-json\/wp\/v2\/comments?post=3970"}],"version-history":[{"count":2,"href":"https:\/\/strangercam.com\/fr\/wp-json\/wp\/v2\/pages\/3970\/revisions"}],"predecessor-version":[{"id":12980,"href":"https:\/\/strangercam.com\/fr\/wp-json\/wp\/v2\/pages\/3970\/revisions\/12980"}],"wp:attachment":[{"href":"https:\/\/strangercam.com\/fr\/wp-json\/wp\/v2\/media?parent=3970"}],"curies":[{"name":"wp","href":"https:\/\/api.w.org\/{rel}","templated":true}]}}