{"id":3953,"date":"2025-08-28T17:28:59","date_gmt":"2025-08-28T15:28:59","guid":{"rendered":"https:\/\/strangercam.com\/?page_id=3953"},"modified":"2025-09-03T13:31:49","modified_gmt":"2025-09-03T11:31:49","slug":"chat-video-aleatoire-en-ligne","status":"publish","type":"page","link":"https:\/\/strangercam.com\/fr\/chat-video-aleatoire-en-ligne\/","title":{"rendered":"Chat vid\u00e9o al\u00e9atoire en ligne"},"content":{"rendered":"<p>Vous cherchez le meilleur moyen de profiter de vid\u00e9os al\u00e9atoires ? <a href=\"https:\/\/strangercam.com\/fr\/chathub\/\">chat<\/a> en ligne ? Vous n'\u00eates pas le seul. Depuis l'\u00e9poque des <a href=\"https:\/\/strangercam.com\/fr\/omegle\/\">Omegle<\/a> et <a href=\"https:\/\/strangercam.com\/fr\/chatroulette\/\">Chatroulette<\/a>, Avec le chat vid\u00e9o al\u00e9atoire en ligne, des millions de personnes dans le monde ont \u00e9t\u00e9 attir\u00e9es par l'excitation de se connecter en face \u00e0 face avec des inconnus. Contrairement aux applications de rencontres ou aux m\u00e9dias sociaux, qui peuvent donner l'impression d'une mise en sc\u00e8ne ou d'une lenteur, le chat vid\u00e9o al\u00e9atoire en ligne est rapide, r\u00e9el et spontan\u00e9.<\/p>\n<p>En 2025, des plateformes comme StrangerCam rendent plus facile que jamais le d\u00e9marrage d'un chat vid\u00e9o al\u00e9atoire gratuit en ligne, sans t\u00e9l\u00e9chargement, sans inscription et sans frais cach\u00e9s. Que vous soyez ici pour vous faire de nouveaux amis, flirter, pratiquer des langues ou simplement tuer le temps, ce guide vous montrera tout ce que vous devez savoir : comment cela fonctionne, pourquoi les gens l'aiment, les caract\u00e9ristiques les plus importantes, les conseils de s\u00e9curit\u00e9, les comparaisons des meilleures plateformes, et pourquoi StrangerCam est l'un des meilleurs choix aujourd'hui.<\/p>\n<h2>Qu'est-ce que le chat vid\u00e9o al\u00e9atoire en ligne ?<\/h2>\n<p>Le chat vid\u00e9o al\u00e9atoire en ligne est une exp\u00e9rience de chat vid\u00e9o en direct, en t\u00eate-\u00e0-t\u00eate, o\u00f9 vous \u00eates connect\u00e9 instantan\u00e9ment \u00e0 un inconnu \u00e0 l'aide de votre webcam et de votre microphone. L'aspect \"al\u00e9atoire\" signifie que vous ne savez jamais qui vous rencontrerez avant le d\u00e9but du chat. Il peut s'agir d'une personne proche ou d'une personne \u00e0 l'autre bout du monde.<\/p>\n<p>Le principe est simple : cliquez sur \"D\u00e9marrer\" et, en quelques secondes, vous vous retrouvez face \u00e0 face avec une nouvelle personne. La conversation ne vous pla\u00eet pas ? Il vous suffit de cliquer sur \"Suivant\" pour \u00eatre imm\u00e9diatement mis en relation avec une autre personne. Chaque chat est unique, amusant, surprenant et toujours impr\u00e9visible.<\/p>\n<h2>Pourquoi les gens aiment le chat vid\u00e9o al\u00e9atoire gratuit en ligne<\/h2>\n<p>Ce n'est pas pour rien que des millions de personnes recherchent chaque mois un chat vid\u00e9o al\u00e9atoire gratuit en ligne. Voici ce qui le rend si attrayant :<\/p>\n<ul>\n<li>Spontan\u00e9it\u00e9 : chaque discussion est une surprise, ce qui cr\u00e9e de l'excitation et de la curiosit\u00e9.<\/li>\n<li>Authenticit\u00e9 : Contrairement au chat textuel, la vid\u00e9o garantit que la personne est r\u00e9elle. Pas de robots, pas de faux.<\/li>\n<li>Une port\u00e9e mondiale : Rencontrez des personnes originaires de dizaines de pays, 24 heures sur 24, 7 jours sur 7.<\/li>\n<li>Pas d'inscription ni d'engagement : De nombreuses plateformes ne n\u00e9cessitent rien de plus qu'un clic.<\/li>\n<li>Amiti\u00e9 et divertissement : Certains l'utilisent pour se faire des amis, d'autres pour flirter ou se divertir.<\/li>\n<li>\u00c9chapper rapidement \u00e0 l'ennui : Les discussions al\u00e9atoires sont le moyen id\u00e9al de rompre avec la routine.<\/li>\n<\/ul>\n<h2>Comment fonctionne le chat vid\u00e9o al\u00e9atoire en ligne ?<\/h2>\n<p>La mise en route est simple et rapide :<\/p>\n<ol>\n<li>Ouvrez une plateforme comme StrangerCam dans votre navigateur ou sur votre t\u00e9l\u00e9phone.<\/li>\n<li>Autoriser l'acc\u00e8s \u00e0 la cam\u00e9ra et au microphone.<\/li>\n<li>Cliquez sur \"Commencer \u00e0 chatter\" pour vous connecter instantan\u00e9ment avec un inconnu.<\/li>\n<li>Chat en direct par vid\u00e9o.<\/li>\n<li>Cliquez sur \"Suivant\" \u00e0 tout moment pour passer \u00e0 autre chose et rencontrer quelqu'un d'autre.<\/li>\n<\/ol>\n<p>Certaines plateformes proposent \u00e9galement des options suppl\u00e9mentaires telles que des filtres par sexe, une s\u00e9lection de pays et m\u00eame une traduction automatique pour les chats internationaux.<\/p>\n<h2>Principales caract\u00e9ristiques \u00e0 rechercher<\/h2>\n<p>Toutes les plates-formes qui proposent le chat vid\u00e9o al\u00e9atoire en ligne ne se valent pas. Voici ce qu'il faut v\u00e9rifier :<\/p>\n<h3>1. Un acc\u00e8s libre et illimit\u00e9<\/h3>\n<p>M\u00e9fiez-vous des plateformes qui pr\u00e9tendent \u00eatre gratuites mais qui bloquent les fonctionnalit\u00e9s derri\u00e8re des murs payants.<\/p>\n<h3>2. Pas d'inscription n\u00e9cessaire<\/h3>\n<p>Les meilleurs sites ne demandent pas de compte ou d'informations personnelles.<\/p>\n<h3>3. Filtres de genre et de lieu<\/h3>\n<p>Ils vous aident \u00e0 entrer en contact avec le type de personnes qui vous int\u00e9ressent.<\/p>\n<h3>4. Mod\u00e9ration et s\u00e9curit\u00e9<\/h3>\n<p>Des outils de signalement et des syst\u00e8mes de mod\u00e9ration solides garantissent la s\u00e9curit\u00e9 de la communaut\u00e9.<\/p>\n<h3>5. Une exp\u00e9rience conviviale pour les mobiles<\/h3>\n<p>Vous devriez pouvoir profiter facilement des chats vid\u00e9o, que ce soit \u00e0 partir d'un ordinateur de bureau ou d'un t\u00e9l\u00e9phone portable.<\/p>\n<h3>6. Vid\u00e9o et audio de haute qualit\u00e9<\/h3>\n<p>Une connexion fluide rend les conversations plus naturelles et plus agr\u00e9ables.<\/p>\n<h2>Meilleures plates-formes pour le chat vid\u00e9o al\u00e9atoire en ligne en 2025<\/h2>\n<p>Voici une comparaison des plateformes populaires de chat vid\u00e9o al\u00e9atoire en ligne :<\/p>\n<table>\n<thead>\n<tr>\n<th>Plate-forme<\/th>\n<th align=\"center\">Acc\u00e8s gratuit<\/th>\n<th align=\"center\">Filtre de genre<\/th>\n<th align=\"center\">Inscription n\u00e9cessaire<\/th>\n<th align=\"center\">Support mobile<\/th>\n<th align=\"center\">La mod\u00e9ration<\/th>\n<th>Notes<\/th>\n<\/tr>\n<\/thead>\n<tbody>\n<tr>\n<td>StrangerCam<\/td>\n<td align=\"center\">\u2705<\/td>\n<td align=\"center\">\u2705 (Gratuit)<\/td>\n<td align=\"center\">\u274c<\/td>\n<td align=\"center\">\u2705<\/td>\n<td align=\"center\">\u2705<\/td>\n<td>Meilleur choix global, vraiment gratuit<\/td>\n<\/tr>\n<tr>\n<td>Chatroulette<\/td>\n<td align=\"center\">\u2705<\/td>\n<td align=\"center\">\u274c (Pay\u00e9)<\/td>\n<td align=\"center\">\u274c<\/td>\n<td align=\"center\">\u2705<\/td>\n<td align=\"center\">\u2705<\/td>\n<td>Classique, mais les filtres de genre co\u00fbtent cher<\/td>\n<\/tr>\n<tr>\n<td>Chatrandom<\/td>\n<td align=\"center\">\u2705<\/td>\n<td align=\"center\">\u274c (Pay\u00e9)<\/td>\n<td align=\"center\">\u274c<\/td>\n<td align=\"center\">\u2705<\/td>\n<td align=\"center\">\u2705<\/td>\n<td>Populaire, mais les mises \u00e0 niveau sont pouss\u00e9es<\/td>\n<\/tr>\n<tr>\n<td><a href=\"https:\/\/strangercam.com\/fr\/ometv\/\">OmeTV<\/a><\/td>\n<td align=\"center\">\u2705<\/td>\n<td align=\"center\">\u274c<\/td>\n<td align=\"center\">\u274c<\/td>\n<td align=\"center\">\u2705<\/td>\n<td align=\"center\">\u2705<\/td>\n<td>Application mobile, al\u00e9atoire uniquement<\/td>\n<\/tr>\n<tr>\n<td>Shagle<\/td>\n<td align=\"center\">\u2705<\/td>\n<td align=\"center\">\u274c (Pay\u00e9)<\/td>\n<td align=\"center\">\u274c<\/td>\n<td align=\"center\">\u2705<\/td>\n<td align=\"center\">\u2705<\/td>\n<td>Des mises \u00e0 niveau Premium sont n\u00e9cessaires pour les filtres<\/td>\n<\/tr>\n<tr>\n<td><a href=\"https:\/\/strangercam.com\/fr\/coomeet\/\">CooMeet<\/a><\/td>\n<td align=\"center\">\u274c (Essai)<\/td>\n<td align=\"center\">\u2705<\/td>\n<td align=\"center\">\u2705<\/td>\n<td align=\"center\">\u2705<\/td>\n<td align=\"center\">\u2705<\/td>\n<td>Payant apr\u00e8s un essai gratuit limit\u00e9<\/td>\n<\/tr>\n<tr>\n<td>LuckyCrush<\/td>\n<td align=\"center\">\u274c<\/td>\n<td align=\"center\">\u2705<\/td>\n<td align=\"center\">\u2705<\/td>\n<td align=\"center\">\u2705<\/td>\n<td align=\"center\">\u2705<\/td>\n<td>Toujours r\u00e9mun\u00e9r\u00e9, chat sp\u00e9cifique au sexe<\/td>\n<\/tr>\n<\/tbody>\n<\/table>\n<p>Parmi ces plateformes, StrangerCam est l'une des seules \u00e0 proposer un chat vid\u00e9o al\u00e9atoire gratuit et illimit\u00e9 en ligne, avec un filtre de genre fonctionnel et sans inscription.<\/p>\n<h2>Pourquoi StrangerCam est le meilleur endroit pour le chat vid\u00e9o al\u00e9atoire en ligne<\/h2>\n<p>Voici pourquoi StrangerCam se distingue en 2025 pour les personnes \u00e0 la recherche d'un chat vid\u00e9o al\u00e9atoire en ligne :<\/p>\n<h3>1. Enti\u00e8rement gratuit<\/h3>\n<p>Chats illimit\u00e9s, sans frais cach\u00e9s ni cr\u00e9dits requis.<\/p>\n<h3>2. Filtre de genre gratuit<\/h3>\n<p>Choisissez qui vous voulez rencontrer - des gars, des filles ou les deux - sans payer.<\/p>\n<h3>3. Pas d'inscription ou d'enregistrement<\/h3>\n<p>Restez anonyme et discutez instantan\u00e9ment.<\/p>\n<h3>4. S\u00e9curit\u00e9 et mod\u00e9ration<\/h3>\n<p>Des outils de mod\u00e9ration et de signalement solides prot\u00e8gent la communaut\u00e9.<\/p>\n<h3>5. Base mondiale d'utilisateurs<\/h3>\n<p>Rencontrez des personnes originaires de plus de 100 pays, \u00e0 tout moment.<\/p>\n<h3>6. Fonctionne partout<\/h3>\n<p>Optimis\u00e9 pour les ordinateurs de bureau, les tablettes et les t\u00e9l\u00e9phones portables.<\/p>\n<h2>T\u00e9moignages d'utilisateurs r\u00e9els<\/h2>\n<blockquote><p><em>\"Je cherchais un moyen de faire du chat vid\u00e9o al\u00e9atoire en ligne sans \u00eatre bloqu\u00e9 par des murs payants. StrangerCam \u00e9tait le seul site qui restait gratuit.\"<\/em><br \/>\n- Chris, 25 ans<\/p><\/blockquote>\n<blockquote><p><em>\"J'ai rencontr\u00e9 des gens d'Europe, d'Asie et des \u00c9tats-Unis en une seule soir\u00e9e. C'est le meilleur moyen d'entrer instantan\u00e9ment en contact avec des inconnus\".<\/em><br \/>\n- Maya, 21 ans<\/p><\/blockquote>\n<blockquote><p><em>\"Le filtre de genre est gratuit et fonctionne parfaitement. La plupart des sites essaient de le faire payer.<\/em><br \/>\n- Daniel, 28 ans<\/p><\/blockquote>\n<blockquote><p><em>\"Simple, s\u00fbr et amusant. StrangerCam est ma r\u00e9f\u00e9rence lorsque je souhaite rencontrer des inconnus en ligne.\"<\/em><br \/>\n- Sophia, 23 ans<\/p><\/blockquote>\n<h2>Conseils de s\u00e9curit\u00e9 pour le chat vid\u00e9o al\u00e9atoire en ligne<\/h2>\n<p>Si le chat vid\u00e9o est amusant, la s\u00e9curit\u00e9 doit toujours primer :<\/p>\n<ul>\n<li>Ne communiquez pas d'informations personnelles telles que votre num\u00e9ro de t\u00e9l\u00e9phone, votre adresse ou votre adresse \u00e9lectronique.<\/li>\n<li>Utilisez le bouton \"Suivant\" si vous ne vous sentez pas \u00e0 l'aise.<\/li>\n<li>\u00c9vitez de cliquer sur les liens envoy\u00e9s par des inconnus.<\/li>\n<li>V\u00e9rifiez vos ant\u00e9c\u00e9dents pour vous assurer que vous ne r\u00e9v\u00e9lez pas de d\u00e9tails priv\u00e9s.<\/li>\n<li>S'en tenir aux outils de la plateforme (bloquer\/d\u00e9noncer les mauvais utilisateurs).<\/li>\n<li>Respectez les r\u00e8gles d'\u00e2ge - si vous avez moins de 18 ans, \u00e9vitez les plateformes de chat vid\u00e9o pour adultes.<\/li>\n<\/ul>\n<h2>Comment d\u00e9marrer - \u00e9tape par \u00e9tape<\/h2>\n<p>1TP162Une conversation vid\u00e9o en ligne au hasard prend moins d'une minute :<\/p>\n<ol>\n<li>Ouvrez StrangerCam dans votre navigateur ou sur votre t\u00e9l\u00e9phone.<\/li>\n<li>Autoriser l'acc\u00e8s \u00e0 la webcam et au microphone.<\/li>\n<li>S\u00e9lectionnez des pr\u00e9f\u00e9rences (comme un filtre de genre si vous le souhaitez).<\/li>\n<li>Cliquez sur D\u00e9marrer le chat pour vous connecter instantan\u00e9ment.<\/li>\n<li>Chattez en face \u00e0 face et cliquez sur Suivant \u00e0 tout moment.<\/li>\n<\/ol>\n<p>Rapide, simple et gratuit.<\/p>\n<h2>Questions fr\u00e9quemment pos\u00e9es<\/h2>\n<h3>Le chat vid\u00e9o al\u00e9atoire en ligne est-il vraiment gratuit ?<\/h3>\n<p>Oui, StrangerCam offre des chats gratuits illimit\u00e9s sans frais cach\u00e9s.<\/p>\n<h3>Dois-je m'inscrire ?<\/h3>\n<p>Non. StrangerCam ne n\u00e9cessite pas de compte ou de connexion.<\/p>\n<h3>Les personnes sont-elles r\u00e9elles ?<\/h3>\n<p>Oui. La vid\u00e9o en direct vous permet de parler \u00e0 de vraies personnes, et non \u00e0 des robots.<\/p>\n<h3>Puis-je l'utiliser sur un t\u00e9l\u00e9phone portable ?<\/h3>\n<p>Oui, StrangerCam est enti\u00e8rement adapt\u00e9 aux mobiles.<\/p>\n<h3>Est-il s\u00fbr ?<\/h3>\n<p>Oui, \u00e0 condition de suivre les conseils de s\u00e9curit\u00e9 et d'utiliser les outils de signalement de StrangerCam.<\/p>\n<h2>R\u00e9flexions finales - Essayez le chat vid\u00e9o al\u00e9atoire gratuit en ligne d\u00e8s aujourd'hui<\/h2>\n<p>En 2025, le chat vid\u00e9o al\u00e9atoire en ligne est l'un des moyens les plus excitants et les plus authentiques de rencontrer de nouvelles personnes. Il est spontan\u00e9, gratuit et vous met instantan\u00e9ment en contact avec de vraies personnes dans le monde entier.<\/p>\n<p>Toutes les plateformes ne tiennent pas leurs promesses : certaines cachent des fonctionnalit\u00e9s derri\u00e8re des murs payants ou ont trop de bots. C'est pourquoi StrangerCam est le meilleur choix : il est gratuit, anonyme, mod\u00e9r\u00e9 et rempli d'utilisateurs internationaux pr\u00eats \u00e0 vous rencontrer 24 heures sur 24, 7 jours sur 7.<\/p>\n<p>Pr\u00eat \u00e0 essayer ? Commencez un chat vid\u00e9o al\u00e9atoire gratuit en ligne maintenant et voyez qui vous rencontrerez ensuite.<\/p>","protected":false},"excerpt":{"rendered":"<p>Looking for the best way to enjoy random video chat online? You\u2019re not alone. Since the days of Omegle and Chatroulette, millions of people around the world have been drawn to the excitement of connecting face-to-face with strangers. Unlike dating apps or social media, which can feel staged or slow, random video chat online is [&hellip;]<\/p>\n","protected":false},"author":8,"featured_media":0,"parent":0,"menu_order":0,"comment_status":"closed","ping_status":"closed","template":"","meta":{"footnotes":""},"class_list":["post-3953","page","type-page","status-publish","hentry"],"yoast_head":"<!-- This site is optimized with the Yoast SEO plugin v26.9 - https:\/\/yoast.com\/product\/yoast-seo-wordpress\/ -->\n<title>Random Video Chat Online on Strangercam.com<\/title>\n<meta name=\"description\" content=\"Liking Random Video Chat Online? Join millions on StrangerCam.com! Start a random video chat, turn on your cam, and meet strangers instantly.\" \/>\n<meta name=\"robots\" content=\"index, follow, max-snippet:-1, max-image-preview:large, max-video-preview:-1\" \/>\n<link rel=\"canonical\" href=\"https:\/\/strangercam.com\/fr\/chat-video-aleatoire-en-ligne\/\" \/>\n<meta property=\"og:locale\" content=\"fr_FR\" \/>\n<meta property=\"og:type\" content=\"article\" \/>\n<meta property=\"og:title\" content=\"Random Video Chat Online on Strangercam.com\" \/>\n<meta property=\"og:description\" content=\"Liking Random Video Chat Online? Join millions on StrangerCam.com! Start a random video chat, turn on your cam, and meet strangers instantly.\" \/>\n<meta property=\"og:url\" content=\"https:\/\/strangercam.com\/fr\/chat-video-aleatoire-en-ligne\/\" \/>\n<meta property=\"og:site_name\" content=\"Strangercam\" \/>\n<meta property=\"article:publisher\" content=\"https:\/\/www.facebook.com\/strangercam\" \/>\n<meta property=\"article:modified_time\" content=\"2025-09-03T11:31:49+00:00\" \/>\n<meta property=\"og:image\" content=\"https:\/\/strangercam.com\/wp-content\/uploads\/2021\/10\/Untitled-2.png\" \/>\n\t<meta property=\"og:image:width\" content=\"800\" \/>\n\t<meta property=\"og:image:height\" content=\"532\" \/>\n\t<meta property=\"og:image:type\" content=\"image\/png\" \/>\n<meta name=\"twitter:card\" content=\"summary_large_image\" \/>\n<meta name=\"twitter:site\" content=\"@strangercamapp\" \/>\n<meta name=\"twitter:label1\" content=\"Dur\u00e9e de lecture estim\u00e9e\" \/>\n\t<meta name=\"twitter:data1\" content=\"5 minutes\" \/>\n<script type=\"application\/ld+json\" class=\"yoast-schema-graph\">{\"@context\":\"https:\/\/schema.org\",\"@graph\":[{\"@type\":\"WebPage\",\"@id\":\"https:\/\/strangercam.com\/random-video-chat-online\/\",\"url\":\"https:\/\/strangercam.com\/random-video-chat-online\/\",\"name\":\"Random Video Chat Online on Strangercam.com\",\"isPartOf\":{\"@id\":\"https:\/\/strangercam.com\/#website\"},\"datePublished\":\"2025-08-28T15:28:59+00:00\",\"dateModified\":\"2025-09-03T11:31:49+00:00\",\"description\":\"Liking Random Video Chat Online? Join millions on StrangerCam.com! Start a random video chat, turn on your cam, and meet strangers instantly.\",\"breadcrumb\":{\"@id\":\"https:\/\/strangercam.com\/random-video-chat-online\/#breadcrumb\"},\"inLanguage\":\"fr-FR\",\"potentialAction\":[{\"@type\":\"ReadAction\",\"target\":[\"https:\/\/strangercam.com\/random-video-chat-online\/\"]}]},{\"@type\":\"BreadcrumbList\",\"@id\":\"https:\/\/strangercam.com\/random-video-chat-online\/#breadcrumb\",\"itemListElement\":[{\"@type\":\"ListItem\",\"position\":1,\"name\":\"Home\",\"item\":\"https:\/\/strangercam.com\/\"},{\"@type\":\"ListItem\",\"position\":2,\"name\":\"Random Video Chat Online\"}]},{\"@type\":\"WebSite\",\"@id\":\"https:\/\/strangercam.com\/#website\",\"url\":\"https:\/\/strangercam.com\/\",\"name\":\"Strangercam\",\"description\":\"Random Video Chat with Strangers\",\"publisher\":{\"@id\":\"https:\/\/strangercam.com\/#organization\"},\"alternateName\":\"Strangercam.com\",\"potentialAction\":[{\"@type\":\"SearchAction\",\"target\":{\"@type\":\"EntryPoint\",\"urlTemplate\":\"https:\/\/strangercam.com\/?s={search_term_string}\"},\"query-input\":{\"@type\":\"PropertyValueSpecification\",\"valueRequired\":true,\"valueName\":\"search_term_string\"}}],\"inLanguage\":\"fr-FR\"},{\"@type\":\"Organization\",\"@id\":\"https:\/\/strangercam.com\/#organization\",\"name\":\"Strangercam\",\"alternateName\":\"Strangercam.com\",\"url\":\"https:\/\/strangercam.com\/\",\"logo\":{\"@type\":\"ImageObject\",\"inLanguage\":\"fr-FR\",\"@id\":\"https:\/\/strangercam.com\/#\/schema\/logo\/image\/\",\"url\":\"https:\/\/strangercam.com\/wp-content\/uploads\/2020\/11\/cropped-new-favicon-black.png\",\"contentUrl\":\"https:\/\/strangercam.com\/wp-content\/uploads\/2020\/11\/cropped-new-favicon-black.png\",\"width\":512,\"height\":512,\"caption\":\"Strangercam\"},\"image\":{\"@id\":\"https:\/\/strangercam.com\/#\/schema\/logo\/image\/\"},\"sameAs\":[\"https:\/\/www.facebook.com\/strangercam\",\"https:\/\/x.com\/strangercamapp\"]}]}<\/script>\n<!-- \/ Yoast SEO plugin. -->","yoast_head_json":{"title":"Chat vid\u00e9o al\u00e9atoire en ligne sur Strangercam.com","description":"Vous aimez le chat vid\u00e9o al\u00e9atoire en ligne ? Join millions sur StrangerCam.com ! Commencez un chat vid\u00e9o al\u00e9atoire, allumez votre cam\u00e9ra et rencontrez des inconnus instantan\u00e9ment.","robots":{"index":"index","follow":"follow","max-snippet":"max-snippet:-1","max-image-preview":"max-image-preview:large","max-video-preview":"max-video-preview:-1"},"canonical":"https:\/\/strangercam.com\/fr\/chat-video-aleatoire-en-ligne\/","og_locale":"fr_FR","og_type":"article","og_title":"Random Video Chat Online on Strangercam.com","og_description":"Liking Random Video Chat Online? Join millions on StrangerCam.com! Start a random video chat, turn on your cam, and meet strangers instantly.","og_url":"https:\/\/strangercam.com\/fr\/chat-video-aleatoire-en-ligne\/","og_site_name":"Strangercam","article_publisher":"https:\/\/www.facebook.com\/strangercam","article_modified_time":"2025-09-03T11:31:49+00:00","og_image":[{"width":800,"height":532,"url":"https:\/\/strangercam.com\/wp-content\/uploads\/2021\/10\/Untitled-2.png","type":"image\/png"}],"twitter_card":"summary_large_image","twitter_site":"@strangercamapp","twitter_misc":{"Dur\u00e9e de lecture estim\u00e9e":"5 minutes"},"schema":{"@context":"https:\/\/schema.org","@graph":[{"@type":"WebPage","@id":"https:\/\/strangercam.com\/random-video-chat-online\/","url":"https:\/\/strangercam.com\/random-video-chat-online\/","name":"Chat vid\u00e9o al\u00e9atoire en ligne sur Strangercam.com","isPartOf":{"@id":"https:\/\/strangercam.com\/#website"},"datePublished":"2025-08-28T15:28:59+00:00","dateModified":"2025-09-03T11:31:49+00:00","description":"Vous aimez le chat vid\u00e9o al\u00e9atoire en ligne ? Join millions sur StrangerCam.com ! Commencez un chat vid\u00e9o al\u00e9atoire, allumez votre cam\u00e9ra et rencontrez des inconnus instantan\u00e9ment.","breadcrumb":{"@id":"https:\/\/strangercam.com\/random-video-chat-online\/#breadcrumb"},"inLanguage":"fr-FR","potentialAction":[{"@type":"ReadAction","target":["https:\/\/strangercam.com\/random-video-chat-online\/"]}]},{"@type":"BreadcrumbList","@id":"https:\/\/strangercam.com\/random-video-chat-online\/#breadcrumb","itemListElement":[{"@type":"ListItem","position":1,"name":"Home","item":"https:\/\/strangercam.com\/"},{"@type":"ListItem","position":2,"name":"Random Video Chat Online"}]},{"@type":"WebSite","@id":"https:\/\/strangercam.com\/#website","url":"https:\/\/strangercam.com\/","name":"Strangercam","description":"Chat vid\u00e9o al\u00e9atoire avec des inconnus","publisher":{"@id":"https:\/\/strangercam.com\/#organization"},"alternateName":"Strangercam.com","potentialAction":[{"@type":"SearchAction","target":{"@type":"EntryPoint","urlTemplate":"https:\/\/strangercam.com\/?s={search_term_string}"},"query-input":{"@type":"PropertyValueSpecification","valueRequired":true,"valueName":"search_term_string"}}],"inLanguage":"fr-FR"},{"@type":"Organization","@id":"https:\/\/strangercam.com\/#organization","name":"Strangercam","alternateName":"Strangercam.com","url":"https:\/\/strangercam.com\/","logo":{"@type":"ImageObject","inLanguage":"fr-FR","@id":"https:\/\/strangercam.com\/#\/schema\/logo\/image\/","url":"https:\/\/strangercam.com\/wp-content\/uploads\/2020\/11\/cropped-new-favicon-black.png","contentUrl":"https:\/\/strangercam.com\/wp-content\/uploads\/2020\/11\/cropped-new-favicon-black.png","width":512,"height":512,"caption":"Strangercam"},"image":{"@id":"https:\/\/strangercam.com\/#\/schema\/logo\/image\/"},"sameAs":["https:\/\/www.facebook.com\/strangercam","https:\/\/x.com\/strangercamapp"]}]}},"_links":{"self":[{"href":"https:\/\/strangercam.com\/fr\/wp-json\/wp\/v2\/pages\/3953","targetHints":{"allow":["GET"]}}],"collection":[{"href":"https:\/\/strangercam.com\/fr\/wp-json\/wp\/v2\/pages"}],"about":[{"href":"https:\/\/strangercam.com\/fr\/wp-json\/wp\/v2\/types\/page"}],"author":[{"embeddable":true,"href":"https:\/\/strangercam.com\/fr\/wp-json\/wp\/v2\/users\/8"}],"replies":[{"embeddable":true,"href":"https:\/\/strangercam.com\/fr\/wp-json\/wp\/v2\/comments?post=3953"}],"version-history":[{"count":2,"href":"https:\/\/strangercam.com\/fr\/wp-json\/wp\/v2\/pages\/3953\/revisions"}],"predecessor-version":[{"id":12979,"href":"https:\/\/strangercam.com\/fr\/wp-json\/wp\/v2\/pages\/3953\/revisions\/12979"}],"wp:attachment":[{"href":"https:\/\/strangercam.com\/fr\/wp-json\/wp\/v2\/media?parent=3953"}],"curies":[{"name":"wp","href":"https:\/\/api.w.org\/{rel}","templated":true}]}}