{"id":3935,"date":"2025-08-28T17:19:09","date_gmt":"2025-08-28T15:19:09","guid":{"rendered":"https:\/\/strangercam.com\/?page_id=3935"},"modified":"2025-09-03T13:31:40","modified_gmt":"2025-09-03T11:31:40","slug":"chat-gratuit-et-aleatoire","status":"publish","type":"page","link":"https:\/\/strangercam.com\/fr\/free-random-chat\/","title":{"rendered":"Chat al\u00e9atoire gratuit"},"content":{"rendered":"<p>Vous cherchez le meilleur moyen de profiter d'un tirage au sort gratuit ? <a href=\"https:\/\/strangercam.com\/fr\/chathub\/\">chat<\/a>? Vous n'\u00eates pas seul. Des millions de personnes dans le monde recherchent chaque mois des plateformes de chat al\u00e9atoire, dans l'espoir de se connecter instantan\u00e9ment avec de nouvelles personnes, que ce soit pour s'amuser, se lier d'amiti\u00e9, \u00e9changer des points de vue ou flirter. Contrairement aux m\u00e9dias sociaux ou aux applications de rencontre, qui n\u00e9cessitent souvent un swipe interminable ou une messagerie lente, le chat al\u00e9atoire gratuit permet des conversations instantan\u00e9es et en face \u00e0 face avec des inconnus.<\/p>\n<p>En 2025, des plateformes comme StrangerCam facilitent le d\u00e9marrage d'un chat al\u00e9atoire gratuit, sans inscription, sans t\u00e9l\u00e9chargement et sans frais cach\u00e9s. Il suffit de cliquer sur un bouton et de commencer \u00e0 chatter avec quelqu'un de nouveau, o\u00f9 que ce soit dans le monde.<\/p>\n<p>Ce guide couvre tout ce que vous devez savoir : ce qu'est le chat al\u00e9atoire gratuit, pourquoi il est si populaire, comment il fonctionne, les fonctionnalit\u00e9s que vous devez rechercher, les comparaisons de plateformes, les conseils de s\u00e9curit\u00e9, et pourquoi StrangerCam est l'un des meilleurs choix aujourd'hui.<\/p>\n<h2>Qu'est-ce que le chat al\u00e9atoire gratuit ?<\/h2>\n<p>Le chat al\u00e9atoire gratuit est un service en ligne qui vous met instantan\u00e9ment en relation avec des inconnus pour des conversations en direct, soit par texte, soit par vid\u00e9o, soit les deux. Contrairement aux salons de discussion traditionnels, les plateformes de chat al\u00e9atoire fonctionnent en temps r\u00e9el et ne n\u00e9cessitent pas de profil ni d'inscription.<\/p>\n<p>Il vous suffit de vous connecter (ou, dans la plupart des cas, de ne pas vous connecter du tout), d'appuyer sur \u201cD\u00e9marrer\u201d et vous \u00eates imm\u00e9diatement mis en relation avec une personne au hasard. Si vous n'aimez pas la conversation, il vous suffit de cliquer sur \u201cSuivant\u201d pour <a href=\"https:\/\/strangercam.com\/fr\/coomeet\/\">rencontrer<\/a> quelqu'un de nouveau. L'exp\u00e9rience est spontan\u00e9e, amusante et totalement impr\u00e9visible.<\/p>\n<h2>Pourquoi les gens aiment le chat al\u00e9atoire gratuit<\/h2>\n<p>La popularit\u00e9 du chat al\u00e9atoire gratuit a explos\u00e9 au cours de la derni\u00e8re d\u00e9cennie, et voici pourquoi :<\/p>\n<ul>\n<li>Amusement instantan\u00e9 : Rencontrez de nouvelles personnes en quelques secondes.<\/li>\n<li>Spontan\u00e9it\u00e9 : chaque discussion est diff\u00e9rente - parfois dr\u00f4le, parfois flirteuse, parfois profonde.<\/li>\n<li>Pas de faux profils : Le chat vid\u00e9o prouve que la personne est r\u00e9elle.<\/li>\n<li>Pas d'engagement : Aucune inscription ou information personnelle n'est requise.<\/li>\n<li>Connexions mondiales : Discutez avec des inconnus du monde entier.<\/li>\n<li>Combattre l'ennui : Une fa\u00e7on amusante de passer le temps et de cr\u00e9er des liens inattendus.<\/li>\n<\/ul>\n<h2>Comment fonctionne le chat al\u00e9atoire gratuit ?<\/h2>\n<p>Joiing a free random chat platform is quick and easy :<\/p>\n<ol>\n<li>Ouvrez la plateforme sur votre appareil.<\/li>\n<li>Choisissez votre mode de discussion (vid\u00e9o ou texte).<\/li>\n<li>Autoriser l'acc\u00e8s \u00e0 la cam\u00e9ra et au microphone (pour le chat vid\u00e9o).<\/li>\n<li>Cliquez sur \"Commencer \u00e0 chatter\" pour vous connecter instantan\u00e9ment avec un inconnu.<\/li>\n<li>Appr\u00e9ciez votre conversation. Si vous ne vous sentez pas \u00e0 l'aise, appuyez sur \"Suivant\".<\/li>\n<\/ol>\n<p>Ce cycle peut se r\u00e9p\u00e9ter \u00e0 l'infini, ce qui vous donne des possibilit\u00e9s illimit\u00e9es de rencontrer de nouvelles personnes.<\/p>\n<h2>Principales caract\u00e9ristiques \u00e0 rechercher<\/h2>\n<p>Toutes les plateformes de chat al\u00e9atoire ne se valent pas. Voici ce qu'il faut savoir pour choisir le meilleur site de chat al\u00e9atoire gratuit :<\/p>\n<h3>1. Un acc\u00e8s r\u00e9ellement gratuit<\/h3>\n<p>Certains sites s'affichent comme \u00e9tant \"gratuits\" mais vous poussent rapidement vers des murs payants. Recherchez un chat gratuit illimit\u00e9 et authentique.<\/p>\n<h3>2. Pas d'inscription n\u00e9cessaire<\/h3>\n<p>Vous ne devriez pas avoir \u00e0 cr\u00e9er un compte ou \u00e0 fournir des informations personnelles.<\/p>\n<h3>3. Modes de discussion multiples<\/h3>\n<p>Options pour les chats vid\u00e9o, audio ou texte seulement.<\/p>\n<h3>4. Filtres de genre et de localisation<\/h3>\n<p>Utile pour trouver des types de personnes sp\u00e9cifiques.<\/p>\n<h3>5. Outils de mod\u00e9ration et de s\u00e9curit\u00e9<\/h3>\n<p>Des syst\u00e8mes de signalement et de blocage solides assurent la s\u00e9curit\u00e9 de la communaut\u00e9.<\/p>\n<h3>6. Conception adapt\u00e9e aux mobiles<\/h3>\n<p>Les meilleures plateformes fonctionnent sur les t\u00e9l\u00e9phones, les tablettes et les ordinateurs de bureau.<\/p>\n<h2>Meilleures plateformes de chat al\u00e9atoire gratuites en 2025<\/h2>\n<p>Voici une comparaison des lieux les plus populaires pour le chat al\u00e9atoire gratuit :<\/p>\n<table>\n<thead>\n<tr>\n<th>Plate-forme<\/th>\n<th align=\"center\">Acc\u00e8s gratuit<\/th>\n<th align=\"center\">Mode vid\u00e9o<\/th>\n<th align=\"center\">Inscription n\u00e9cessaire<\/th>\n<th align=\"center\">Filtre de genre<\/th>\n<th align=\"center\">La mod\u00e9ration<\/th>\n<th>Notes<\/th>\n<\/tr>\n<\/thead>\n<tbody>\n<tr>\n<td>StrangerCam<\/td>\n<td align=\"center\">\u2705<\/td>\n<td align=\"center\">\u2705<\/td>\n<td align=\"center\">\u274c<\/td>\n<td align=\"center\">\u2705 (Gratuit)<\/td>\n<td align=\"center\">\u2705<\/td>\n<td>Meilleure solution globale, filtres vid\u00e9o et filtres de genre gratuits<\/td>\n<\/tr>\n<tr>\n<td><a href=\"https:\/\/strangercam.com\/fr\/chatroulette\/\">Chatroulette<\/a><\/td>\n<td align=\"center\">\u2705<\/td>\n<td align=\"center\">\u2705<\/td>\n<td align=\"center\">\u274c<\/td>\n<td align=\"center\">\u274c (Pay\u00e9)<\/td>\n<td align=\"center\">\u2705<\/td>\n<td>Classique, mais le filtre de genre est payant<\/td>\n<\/tr>\n<tr>\n<td>Chatrandom<\/td>\n<td align=\"center\">\u2705<\/td>\n<td align=\"center\">\u2705<\/td>\n<td align=\"center\">\u274c<\/td>\n<td align=\"center\">\u274c (Pay\u00e9)<\/td>\n<td align=\"center\">\u2705<\/td>\n<td>Populaire, mais les fonctionnalit\u00e9s premium sont verrouill\u00e9es<\/td>\n<\/tr>\n<tr>\n<td><a href=\"https:\/\/strangercam.com\/fr\/ometv\/\">OmeTV<\/a><\/td>\n<td align=\"center\">\u2705<\/td>\n<td align=\"center\">\u2705<\/td>\n<td align=\"center\">\u274c<\/td>\n<td align=\"center\">\u274c<\/td>\n<td align=\"center\">\u2705<\/td>\n<td>Application mobile, al\u00e9atoire uniquement<\/td>\n<\/tr>\n<tr>\n<td>Shagle<\/td>\n<td align=\"center\">\u2705<\/td>\n<td align=\"center\">\u2705<\/td>\n<td align=\"center\">\u274c<\/td>\n<td align=\"center\">\u274c (Pay\u00e9)<\/td>\n<td align=\"center\">\u2705<\/td>\n<td>La prime est fortement sollicit\u00e9e<\/td>\n<\/tr>\n<tr>\n<td>Emerald Chat<\/td>\n<td align=\"center\">\u2705<\/td>\n<td align=\"center\">\u2705<\/td>\n<td align=\"center\">\u274c<\/td>\n<td align=\"center\">\u274c<\/td>\n<td align=\"center\">\u2705<\/td>\n<td>Syst\u00e8me bas\u00e9 sur la r\u00e9putation<\/td>\n<\/tr>\n<tr>\n<td>LuckyCrush<\/td>\n<td align=\"center\">\u274c<\/td>\n<td align=\"center\">\u2705<\/td>\n<td align=\"center\">\u2705<\/td>\n<td align=\"center\">\u2705<\/td>\n<td align=\"center\">\u2705<\/td>\n<td>Toujours pay\u00e9, chat bas\u00e9 sur le sexe<\/td>\n<\/tr>\n<\/tbody>\n<\/table>\n<p>StrangerCam est l'une des rares plateformes \u00e0 proposer un chat al\u00e9atoire gratuit avec vid\u00e9o, des filtres de genre r\u00e9els, pas d'inscription et un acc\u00e8s illimit\u00e9.<\/p>\n<h2>Pourquoi StrangerCam est le meilleur choix pour le chat al\u00e9atoire gratuit<\/h2>\n<p>StrangerCam est devenu une destination de choix en 2025 pour les utilisateurs qui veulent un chat al\u00e9atoire gratuit. Voici pourquoi :<\/p>\n<h3>1. Vraiment gratuit et illimit\u00e9<\/h3>\n<p>Pas de cr\u00e9dits, pas de proc\u00e8s, pas de restrictions.<\/p>\n<h3>2. Options vid\u00e9o et texte<\/h3>\n<p>Choisissez si vous souhaitez un chat en face \u00e0 face ou un chat en mode texte uniquement.<\/p>\n<h3>3. Filtre de genre gratuit<\/h3>\n<p>S\u00e9lectionnez la personne avec laquelle vous souhaitez discuter (homme, femme ou les deux) sans payer.<\/p>\n<h3>4. Pas d'inscription requise<\/h3>\n<p>Restez anonyme lorsque vous discutez avec des inconnus.<\/p>\n<h3>5. Communaut\u00e9 mondiale<\/h3>\n<p>Rencontrez des personnes originaires de plus de 100 pays, \u00e0 tout moment.<\/p>\n<h3>6. S\u00e9curit\u00e9 et mod\u00e9ration<\/h3>\n<p>La mod\u00e9ration active permet d'\u00e9viter les robots et le spam.<\/p>\n<h2>T\u00e9moignages d'utilisateurs r\u00e9els<\/h2>\n<blockquote><p><em>\"J'\u00e9tais juste \u00e0 la recherche d'un chat al\u00e9atoire gratuit sans frais cach\u00e9s. StrangerCam a \u00e9t\u00e9 le premier site \u00e0 me satisfaire.\"<\/em><br \/>\n- Ryan, 24 ans<\/p><\/blockquote>\n<blockquote><p><em>\"J'aime pouvoir choisir entre la vid\u00e9o et le texte. Certains jours, je veux simplement taper, d'autres jours, j'ai envie de parler face \u00e0 face.<\/em><br \/>\n- Maria, 21 ans<\/p><\/blockquote>\n<blockquote><p><em>\"Le filtre de genre fonctionne r\u00e9ellement ici, contrairement \u00e0 d'autres sites soi-disant gratuits.<\/em><br \/>\n- Ethan, 28 ans<\/p><\/blockquote>\n<blockquote><p><em>\"Simple, amusant et rapide. J'ai d\u00e9j\u00e0 rencontr\u00e9 des gens de tant de pays.\"<\/em><br \/>\n- Sophie, 22 ans<\/p><\/blockquote>\n<h2>Conseils de s\u00e9curit\u00e9 pour le chat al\u00e9atoire gratuit<\/h2>\n<p>Bien qu'il soit amusant de discuter au hasard, il est important de rester prudent :<\/p>\n<ul>\n<li>Ne communiquez pas d'informations personnelles telles que votre nom complet, votre adresse ou votre num\u00e9ro de t\u00e9l\u00e9phone.<\/li>\n<li>Ignorez ou bloquez toute personne qui vous met mal \u00e0 l'aise.<\/li>\n<li>Ne cliquez jamais sur des liens suspects.<\/li>\n<li>Utilisez un fond neutre pour \u00e9viter de r\u00e9v\u00e9ler des d\u00e9tails priv\u00e9s.<\/li>\n<li>S'en tenir aux fonctionnalit\u00e9s de la plate-forme - utiliser le bouton de rapport si n\u00e9cessaire.<\/li>\n<li>Respectez les r\u00e8gles d'\u00e2ge - si vous avez moins de 18 ans, n'utilisez pas les sites de chat pour adultes.<\/li>\n<\/ul>\n<h2>Comment d\u00e9marrer - \u00e9tape par \u00e9tape<\/h2>\n<p>D\u00e9marrer un chat al\u00e9atoire gratuit prend moins d'une minute :<\/p>\n<ol>\n<li>Ouvrez StrangerCam sur votre appareil.<\/li>\n<li>S\u00e9lectionnez si vous souhaitez un chat vid\u00e9o ou textuel.<\/li>\n<li>Autorisez l'acc\u00e8s \u00e0 votre cam\u00e9ra et \u00e0 votre microphone (si vous utilisez la vid\u00e9o).<\/li>\n<li>Cliquez sur D\u00e9marrer le chat pour vous connecter instantan\u00e9ment.<\/li>\n<li>Appuyez sur Suivant \u00e0 tout moment pour rencontrer quelqu'un de nouveau.<\/li>\n<\/ol>\n<p>Rapide, simple et gratuit.<\/p>\n<h2>Questions fr\u00e9quemment pos\u00e9es<\/h2>\n<h3>Le chat al\u00e9atoire gratuit est-il vraiment gratuit ?<\/h3>\n<p>Oui, StrangerCam propose des chats al\u00e9atoires illimit\u00e9s sans frais cach\u00e9s.<\/p>\n<h3>Dois-je m'inscrire ?<\/h3>\n<p>Non. StrangerCam ne n\u00e9cessite aucun compte ou enregistrement.<\/p>\n<h3>Les personnes sont-elles r\u00e9elles ?<\/h3>\n<p>Oui. Avec le chat vid\u00e9o, vous \u00eates toujours connect\u00e9 \u00e0 de vrais utilisateurs.<\/p>\n<h3>Puis-je l'utiliser sur un t\u00e9l\u00e9phone portable ?<\/h3>\n<p>Oui, StrangerCam fonctionne sans probl\u00e8me sur tous les appareils.<\/p>\n<h3>Est-il s\u00fbr ?<\/h3>\n<p>Oui, \u00e0 condition de suivre les conseils de s\u00e9curit\u00e9 de base et d'utiliser les outils de mod\u00e9ration de StrangerCam.<\/p>\n<h2>R\u00e9flexions finales - Essayez le chat al\u00e9atoire gratuit d\u00e8s aujourd'hui<\/h2>\n<p>En 2025, le chat al\u00e9atoire gratuit reste l'un des moyens les plus faciles et les plus amusants de rencontrer de nouvelles personnes en ligne. Il est spontan\u00e9, authentique et peut vous mettre en contact avec des inconnus du monde entier en quelques secondes.<\/p>\n<p>Mais toutes les plateformes ne sont pas \u00e0 la hauteur. De nombreux sites cachent des fonctions essentielles derri\u00e8re des murs payants ou sont envahis par des robots. C'est pourquoi StrangerCam est le meilleur choix : il est vraiment gratuit, anonyme, mod\u00e9r\u00e9 et toujours rempli de personnes pr\u00eates \u00e0 discuter.<\/p>\n<p>Pr\u00eat \u00e0 essayer ? Commencez un chat al\u00e9atoire gratuit maintenant et voyez qui vous rencontrerez ensuite.<\/p>","protected":false},"excerpt":{"rendered":"<p>Are you looking for the best way to enjoy a free random chat? You\u2019re not alone. Millions of people worldwide search for random chat platforms every month, hoping to connect instantly with new people\u2014whether for fun, friendship, cultural exchange, or casual flirting. Unlike social media or dating apps, which often require endless swiping or slow [&hellip;]<\/p>\n","protected":false},"author":8,"featured_media":0,"parent":0,"menu_order":0,"comment_status":"closed","ping_status":"closed","template":"","meta":{"footnotes":""},"class_list":["post-3935","page","type-page","status-publish","hentry"],"yoast_head":"<!-- This site is optimized with the Yoast SEO plugin v27.4 - https:\/\/yoast.com\/product\/yoast-seo-wordpress\/ -->\n<title>Free Random Chat with Random Chat on Strangercam.com<\/title>\n<meta name=\"description\" content=\"Liking Free Random Chat? Join millions on StrangerCam.com! Start a random video chat, turn on your cam, and meet strangers instantly.\" \/>\n<meta name=\"robots\" content=\"index, follow, max-snippet:-1, max-image-preview:large, max-video-preview:-1\" \/>\n<link rel=\"canonical\" href=\"https:\/\/strangercam.com\/fr\/chat-gratuit-et-aleatoire\/\" \/>\n<meta property=\"og:locale\" content=\"fr_FR\" \/>\n<meta property=\"og:type\" content=\"article\" \/>\n<meta property=\"og:title\" content=\"Free Random Chat with Random Chat on Strangercam.com\" \/>\n<meta property=\"og:description\" content=\"Liking Free Random Chat? Join millions on StrangerCam.com! Start a random video chat, turn on your cam, and meet strangers instantly.\" \/>\n<meta property=\"og:url\" content=\"https:\/\/strangercam.com\/fr\/chat-gratuit-et-aleatoire\/\" \/>\n<meta property=\"og:site_name\" content=\"Strangercam\" \/>\n<meta property=\"article:publisher\" content=\"https:\/\/www.facebook.com\/strangercam\" \/>\n<meta property=\"article:modified_time\" content=\"2025-09-03T11:31:40+00:00\" \/>\n<meta property=\"og:image\" content=\"https:\/\/strangercam.com\/wp-content\/uploads\/2021\/10\/Untitled-2.png\" \/>\n\t<meta property=\"og:image:width\" content=\"800\" \/>\n\t<meta property=\"og:image:height\" content=\"532\" \/>\n\t<meta property=\"og:image:type\" content=\"image\/png\" \/>\n<meta name=\"twitter:card\" content=\"summary_large_image\" \/>\n<meta name=\"twitter:site\" content=\"@strangercamapp\" \/>\n<meta name=\"twitter:label1\" content=\"Dur\u00e9e de lecture estim\u00e9e\" \/>\n\t<meta name=\"twitter:data1\" content=\"5 minutes\" \/>\n<script type=\"application\/ld+json\" class=\"yoast-schema-graph\">{\"@context\":\"https:\\\/\\\/schema.org\",\"@graph\":[{\"@type\":\"WebPage\",\"@id\":\"https:\\\/\\\/strangercam.com\\\/free-random-chat\\\/\",\"url\":\"https:\\\/\\\/strangercam.com\\\/free-random-chat\\\/\",\"name\":\"Free Random Chat with Random Chat on Strangercam.com\",\"isPartOf\":{\"@id\":\"https:\\\/\\\/strangercam.com\\\/#website\"},\"datePublished\":\"2025-08-28T15:19:09+00:00\",\"dateModified\":\"2025-09-03T11:31:40+00:00\",\"description\":\"Liking Free Random Chat? Join millions on StrangerCam.com! Start a random video chat, turn on your cam, and meet strangers instantly.\",\"breadcrumb\":{\"@id\":\"https:\\\/\\\/strangercam.com\\\/free-random-chat\\\/#breadcrumb\"},\"inLanguage\":\"fr-FR\",\"potentialAction\":[{\"@type\":\"ReadAction\",\"target\":[\"https:\\\/\\\/strangercam.com\\\/free-random-chat\\\/\"]}]},{\"@type\":\"BreadcrumbList\",\"@id\":\"https:\\\/\\\/strangercam.com\\\/free-random-chat\\\/#breadcrumb\",\"itemListElement\":[{\"@type\":\"ListItem\",\"position\":1,\"name\":\"Home\",\"item\":\"https:\\\/\\\/strangercam.com\\\/\"},{\"@type\":\"ListItem\",\"position\":2,\"name\":\"Free Random Chat\"}]},{\"@type\":\"WebSite\",\"@id\":\"https:\\\/\\\/strangercam.com\\\/#website\",\"url\":\"https:\\\/\\\/strangercam.com\\\/\",\"name\":\"Strangercam\",\"description\":\"Random Video Chat with Strangers\",\"publisher\":{\"@id\":\"https:\\\/\\\/strangercam.com\\\/#organization\"},\"alternateName\":\"Strangercam.com\",\"potentialAction\":[{\"@type\":\"SearchAction\",\"target\":{\"@type\":\"EntryPoint\",\"urlTemplate\":\"https:\\\/\\\/strangercam.com\\\/?s={search_term_string}\"},\"query-input\":{\"@type\":\"PropertyValueSpecification\",\"valueRequired\":true,\"valueName\":\"search_term_string\"}}],\"inLanguage\":\"fr-FR\"},{\"@type\":\"Organization\",\"@id\":\"https:\\\/\\\/strangercam.com\\\/#organization\",\"name\":\"Strangercam\",\"alternateName\":\"Strangercam.com\",\"url\":\"https:\\\/\\\/strangercam.com\\\/\",\"logo\":{\"@type\":\"ImageObject\",\"inLanguage\":\"fr-FR\",\"@id\":\"https:\\\/\\\/strangercam.com\\\/#\\\/schema\\\/logo\\\/image\\\/\",\"url\":\"https:\\\/\\\/strangercam.com\\\/wp-content\\\/uploads\\\/2020\\\/11\\\/cropped-new-favicon-black.png\",\"contentUrl\":\"https:\\\/\\\/strangercam.com\\\/wp-content\\\/uploads\\\/2020\\\/11\\\/cropped-new-favicon-black.png\",\"width\":512,\"height\":512,\"caption\":\"Strangercam\"},\"image\":{\"@id\":\"https:\\\/\\\/strangercam.com\\\/#\\\/schema\\\/logo\\\/image\\\/\"},\"sameAs\":[\"https:\\\/\\\/www.facebook.com\\\/strangercam\",\"https:\\\/\\\/x.com\\\/strangercamapp\"]}]}<\/script>\n<!-- \/ Yoast SEO plugin. -->","yoast_head_json":{"title":"Chat al\u00e9atoire gratuit avec Random Chat sur Strangercam.com","description":"Vous aimez le Free Random Chat ? Join millions sur StrangerCam.com ! Commencez un chat vid\u00e9o al\u00e9atoire, allumez votre cam\u00e9ra et rencontrez des inconnus instantan\u00e9ment.","robots":{"index":"index","follow":"follow","max-snippet":"max-snippet:-1","max-image-preview":"max-image-preview:large","max-video-preview":"max-video-preview:-1"},"canonical":"https:\/\/strangercam.com\/fr\/chat-gratuit-et-aleatoire\/","og_locale":"fr_FR","og_type":"article","og_title":"Free Random Chat with Random Chat on Strangercam.com","og_description":"Liking Free Random Chat? Join millions on StrangerCam.com! Start a random video chat, turn on your cam, and meet strangers instantly.","og_url":"https:\/\/strangercam.com\/fr\/chat-gratuit-et-aleatoire\/","og_site_name":"Strangercam","article_publisher":"https:\/\/www.facebook.com\/strangercam","article_modified_time":"2025-09-03T11:31:40+00:00","og_image":[{"width":800,"height":532,"url":"https:\/\/strangercam.com\/wp-content\/uploads\/2021\/10\/Untitled-2.png","type":"image\/png"}],"twitter_card":"summary_large_image","twitter_site":"@strangercamapp","twitter_misc":{"Dur\u00e9e de lecture estim\u00e9e":"5 minutes"},"schema":{"@context":"https:\/\/schema.org","@graph":[{"@type":"WebPage","@id":"https:\/\/strangercam.com\/free-random-chat\/","url":"https:\/\/strangercam.com\/free-random-chat\/","name":"Chat al\u00e9atoire gratuit avec Random Chat sur Strangercam.com","isPartOf":{"@id":"https:\/\/strangercam.com\/#website"},"datePublished":"2025-08-28T15:19:09+00:00","dateModified":"2025-09-03T11:31:40+00:00","description":"Vous aimez le Free Random Chat ? Join millions sur StrangerCam.com ! Commencez un chat vid\u00e9o al\u00e9atoire, allumez votre cam\u00e9ra et rencontrez des inconnus instantan\u00e9ment.","breadcrumb":{"@id":"https:\/\/strangercam.com\/free-random-chat\/#breadcrumb"},"inLanguage":"fr-FR","potentialAction":[{"@type":"ReadAction","target":["https:\/\/strangercam.com\/free-random-chat\/"]}]},{"@type":"BreadcrumbList","@id":"https:\/\/strangercam.com\/free-random-chat\/#breadcrumb","itemListElement":[{"@type":"ListItem","position":1,"name":"Home","item":"https:\/\/strangercam.com\/"},{"@type":"ListItem","position":2,"name":"Free Random Chat"}]},{"@type":"WebSite","@id":"https:\/\/strangercam.com\/#website","url":"https:\/\/strangercam.com\/","name":"Strangercam","description":"Chat vid\u00e9o al\u00e9atoire avec des inconnus","publisher":{"@id":"https:\/\/strangercam.com\/#organization"},"alternateName":"Strangercam.com","potentialAction":[{"@type":"SearchAction","target":{"@type":"EntryPoint","urlTemplate":"https:\/\/strangercam.com\/?s={search_term_string}"},"query-input":{"@type":"PropertyValueSpecification","valueRequired":true,"valueName":"search_term_string"}}],"inLanguage":"fr-FR"},{"@type":"Organization","@id":"https:\/\/strangercam.com\/#organization","name":"Strangercam","alternateName":"Strangercam.com","url":"https:\/\/strangercam.com\/","logo":{"@type":"ImageObject","inLanguage":"fr-FR","@id":"https:\/\/strangercam.com\/#\/schema\/logo\/image\/","url":"https:\/\/strangercam.com\/wp-content\/uploads\/2020\/11\/cropped-new-favicon-black.png","contentUrl":"https:\/\/strangercam.com\/wp-content\/uploads\/2020\/11\/cropped-new-favicon-black.png","width":512,"height":512,"caption":"Strangercam"},"image":{"@id":"https:\/\/strangercam.com\/#\/schema\/logo\/image\/"},"sameAs":["https:\/\/www.facebook.com\/strangercam","https:\/\/x.com\/strangercamapp"]}]}},"_links":{"self":[{"href":"https:\/\/strangercam.com\/fr\/wp-json\/wp\/v2\/pages\/3935","targetHints":{"allow":["GET"]}}],"collection":[{"href":"https:\/\/strangercam.com\/fr\/wp-json\/wp\/v2\/pages"}],"about":[{"href":"https:\/\/strangercam.com\/fr\/wp-json\/wp\/v2\/types\/page"}],"author":[{"embeddable":true,"href":"https:\/\/strangercam.com\/fr\/wp-json\/wp\/v2\/users\/8"}],"replies":[{"embeddable":true,"href":"https:\/\/strangercam.com\/fr\/wp-json\/wp\/v2\/comments?post=3935"}],"version-history":[{"count":1,"href":"https:\/\/strangercam.com\/fr\/wp-json\/wp\/v2\/pages\/3935\/revisions"}],"predecessor-version":[{"id":12978,"href":"https:\/\/strangercam.com\/fr\/wp-json\/wp\/v2\/pages\/3935\/revisions\/12978"}],"wp:attachment":[{"href":"https:\/\/strangercam.com\/fr\/wp-json\/wp\/v2\/media?parent=3935"}],"curies":[{"name":"wp","href":"https:\/\/api.w.org\/{rel}","templated":true}]}}