{"id":3918,"date":"2025-08-28T17:12:57","date_gmt":"2025-08-28T15:12:57","guid":{"rendered":"https:\/\/strangercam.com\/?page_id=3918"},"modified":"2025-09-03T13:31:29","modified_gmt":"2025-09-03T11:31:29","slug":"parler-aux-etrangers-appel-video","status":"publish","type":"page","link":"https:\/\/strangercam.com\/fr\/parler-aux-etrangers-appel-video\/","title":{"rendered":"Parler \u00e0 des \u00e9trangers Appel vid\u00e9o"},"content":{"rendered":"<p>Vous cherchez un moyen de parler \u00e0 des inconnus par le biais d'un appel vid\u00e9o ? Vous n'\u00eates pas le seul. Depuis l'essor des <a href=\"https:\/\/strangercam.com\/fr\/chathub\/\">chat<\/a> des plates-formes telles que <a href=\"https:\/\/strangercam.com\/fr\/omegle\/\">Omegle<\/a>, <a href=\"https:\/\/strangercam.com\/fr\/chatroulette\/\">Chatroulette<\/a>, et leurs successeurs modernes, des millions de personnes se sont tourn\u00e9es vers les appels vid\u00e9o en direct avec des inconnus pour se faire de nouveaux amis, avoir des conversations d\u00e9contract\u00e9es ou simplement vaincre l'ennui.<\/p>\n<p>Aujourd'hui, des plateformes telles que StrangerCam permettent de profiter plus facilement que jamais d'un appel vid\u00e9o gratuit avec des inconnus - sans inscription, sans t\u00e9l\u00e9chargement et sans frais cach\u00e9s. Que vous souhaitiez discuter de mani\u00e8re d\u00e9contract\u00e9e, flirter, d\u00e9couvrir des cultures diff\u00e9rentes ou simplement rire avec quelqu'un de nouveau, les appels vid\u00e9o en ligne avec des inconnus vous permettent d'acc\u00e9der instantan\u00e9ment \u00e0 de vraies personnes dans le monde entier.<\/p>\n<p>Dans ce guide, nous aborderons tout ce que vous devez savoir : ce que sont les appels vid\u00e9o entre inconnus, pourquoi ils sont si populaires, comment ils fonctionnent, quelles sont les fonctionnalit\u00e9s \u00e0 rechercher, les comparaisons des meilleures plateformes, les conseils de s\u00e9curit\u00e9, et pourquoi StrangerCam est l'un des meilleurs choix en 2025.<\/p>\n<h2>Que signifie \"Parler \u00e0 des inconnus par appel vid\u00e9o\" ?<\/h2>\n<p>Lorsque vous parlez \u00e0 des inconnus par appel vid\u00e9o, vous utilisez votre webcam et votre microphone pour vous connecter instantan\u00e9ment avec des personnes al\u00e9atoires en ligne. Contrairement aux r\u00e9seaux sociaux ou aux applications de rencontres, o\u00f9 les conversations peuvent sembler forc\u00e9es ou lentes, les appels vid\u00e9o avec des inconnus sont spontan\u00e9s et r\u00e9els.<\/p>\n<p>Vous n'avez pas besoin de cr\u00e9er un profil, de t\u00e9l\u00e9charger des photos ou de passer des heures \u00e0 faire d\u00e9filer les pages. Il vous suffit de cliquer sur un bouton pour vous retrouver face \u00e0 face avec une nouvelle personne. Si vous n'appr\u00e9ciez pas la discussion, cliquez sur Suivant et vous serez mis en relation avec quelqu'un d'autre en quelques secondes.<\/p>\n<h2>Pourquoi les gens adorent les appels vid\u00e9o gratuits avec des inconnus<\/h2>\n<p>L'attrait des plateformes d'appels vid\u00e9o gratuits entre \u00e9trangers est \u00e9vident :<\/p>\n<ul>\n<li>Interaction humaine r\u00e9elle - Contrairement au chat textuel, la vid\u00e9o garantit que vous parlez \u00e0 une personne r\u00e9elle.<\/li>\n<li>Spontan\u00e9it\u00e9 - Chaque appel est unique, surprenant et impr\u00e9visible.<\/li>\n<li>Pas d'engagement - Aucun compte ou inscription n'est n\u00e9cessaire ; vous pouvez quitter le site \u00e0 tout moment.<\/li>\n<li>Port\u00e9e mondiale - Rencontrez instantan\u00e9ment des inconnus du monde entier.<\/li>\n<li>Amiti\u00e9 et flirt - Certaines personnes l'utilisent pour se faire des amis, d'autres pour s'amuser de fa\u00e7on l\u00e9g\u00e8re et d\u00e9contract\u00e9e.<\/li>\n<li>Quick Escape - Parfait pour les personnes qui s'ennuient ou qui veulent faire une pause sociale.<\/li>\n<\/ul>\n<h2>Comment fonctionne l'appel vid\u00e9o d'un inconnu ?<\/h2>\n<p>Le processus est rapide et adapt\u00e9 aux d\u00e9butants :<\/p>\n<ol>\n<li>Ouvrez la plateforme (comme StrangerCam) sur votre appareil.<\/li>\n<li>Autorisez l'acc\u00e8s \u00e0 votre appareil photo et \u00e0 votre microphone.<\/li>\n<li>Cliquez sur \"Commencer le chat\". Vous serez instantan\u00e9ment mis en relation avec un inconnu.<\/li>\n<li>Discutez en direct par appel vid\u00e9o.<\/li>\n<li>Cliquez sur \"Suivant\" si vous souhaitez rencontrer quelqu'un d'autre.<\/li>\n<\/ol>\n<p>Cette simplicit\u00e9 d'utilisation en fait l'un des moyens les plus rapides d'entrer en contact avec des personnes du monde entier.<\/p>\n<h2>Principales caract\u00e9ristiques \u00e0 rechercher<\/h2>\n<p>Si vous cherchez le meilleur endroit pour parler \u00e0 des inconnus par appel vid\u00e9o, voici les caract\u00e9ristiques qui comptent le plus :<\/p>\n<h3>1. Un acc\u00e8s r\u00e9ellement gratuit<\/h3>\n<p>La plateforme doit vous offrir un acc\u00e8s illimit\u00e9, sans barri\u00e8re de paiement.<\/p>\n<h3>2. Pas d'inscription n\u00e9cessaire<\/h3>\n<p>Les meilleures plateformes ne n\u00e9cessitent pas de compte, de connexion ou de donn\u00e9es personnelles.<\/p>\n<h3>3. Filtres de genre et de localisation<\/h3>\n<p>Choisissez \u00e0 qui vous voulez parler, qu'il s'agisse de filles, de gar\u00e7ons ou de personnes originaires de certains pays.<\/p>\n<h3>4. Forte mod\u00e9ration<\/h3>\n<p>Les plateformes devraient disposer d'outils pour signaler, bloquer et assurer la s\u00e9curit\u00e9 de l'espace.<\/p>\n<h3>5. Une exp\u00e9rience conviviale pour les mobiles<\/h3>\n<p>Assurez-vous que la plateforme fonctionne bien sur les t\u00e9l\u00e9phones et les ordinateurs de bureau.<\/p>\n<h3>6. Vid\u00e9o et audio de haute qualit\u00e9<\/h3>\n<p>Des connexions claires et fluides rendent la conversation plus agr\u00e9able.<\/p>\n<h2>Meilleures plateformes pour parler \u00e0 des inconnus par appel vid\u00e9o en 2025<\/h2>\n<p>Voici une comparaison des principales plateformes pour les appels vid\u00e9o entre \u00e9trangers :<\/p>\n<table>\n<thead>\n<tr>\n<th>Plate-forme<\/th>\n<th align=\"center\">Acc\u00e8s gratuit<\/th>\n<th align=\"center\">Filtre de genre<\/th>\n<th align=\"center\">Inscription n\u00e9cessaire<\/th>\n<th align=\"center\">Support mobile<\/th>\n<th align=\"center\">La mod\u00e9ration<\/th>\n<th>Notes<\/th>\n<\/tr>\n<\/thead>\n<tbody>\n<tr>\n<td>StrangerCam<\/td>\n<td align=\"center\">\u2705<\/td>\n<td align=\"center\">\u2705 (Gratuit)<\/td>\n<td align=\"center\">\u274c<\/td>\n<td align=\"center\">\u2705<\/td>\n<td align=\"center\">\u2705<\/td>\n<td>Meilleur choix global, vraiment gratuit<\/td>\n<\/tr>\n<tr>\n<td>Chatroulette<\/td>\n<td align=\"center\">\u2705<\/td>\n<td align=\"center\">\u274c (Pay\u00e9)<\/td>\n<td align=\"center\">\u274c<\/td>\n<td align=\"center\">\u2705<\/td>\n<td align=\"center\">\u2705<\/td>\n<td>Classique, mais avec des filtres de genre<\/td>\n<\/tr>\n<tr>\n<td>Chatrandom<\/td>\n<td align=\"center\">\u2705<\/td>\n<td align=\"center\">\u274c (Pay\u00e9)<\/td>\n<td align=\"center\">\u274c<\/td>\n<td align=\"center\">\u2705<\/td>\n<td align=\"center\">\u2705<\/td>\n<td>Large base d'utilisateurs, filtres premium<\/td>\n<\/tr>\n<tr>\n<td><a href=\"https:\/\/strangercam.com\/fr\/ometv\/\">OmeTV<\/a><\/td>\n<td align=\"center\">\u2705<\/td>\n<td align=\"center\">\u274c<\/td>\n<td align=\"center\">\u274c<\/td>\n<td align=\"center\">\u2705<\/td>\n<td align=\"center\">\u2705<\/td>\n<td>Al\u00e9atoire uniquement, application mobile disponible<\/td>\n<\/tr>\n<tr>\n<td>Shagle<\/td>\n<td align=\"center\">\u2705<\/td>\n<td align=\"center\">\u274c (Pay\u00e9)<\/td>\n<td align=\"center\">\u274c<\/td>\n<td align=\"center\">\u2705<\/td>\n<td align=\"center\">\u2705<\/td>\n<td>Acc\u00e8s gratuit mais filtres payants<\/td>\n<\/tr>\n<tr>\n<td><a href=\"https:\/\/strangercam.com\/fr\/coomeet\/\">CooMeet<\/a><\/td>\n<td align=\"center\">\u274c (Essai)<\/td>\n<td align=\"center\">\u2705<\/td>\n<td align=\"center\">\u2705<\/td>\n<td align=\"center\">\u2705<\/td>\n<td align=\"center\">\u2705<\/td>\n<td>Payant apr\u00e8s un essai gratuit limit\u00e9<\/td>\n<\/tr>\n<tr>\n<td>LuckyCrush<\/td>\n<td align=\"center\">\u274c<\/td>\n<td align=\"center\">\u2705<\/td>\n<td align=\"center\">\u2705<\/td>\n<td align=\"center\">\u2705<\/td>\n<td align=\"center\">\u2705<\/td>\n<td>Chat toujours r\u00e9mun\u00e9r\u00e9, bas\u00e9 sur le sexe<\/td>\n<\/tr>\n<\/tbody>\n<\/table>\n<p>Parmi ces plateformes, StrangerCam est l'une des seules \u00e0 proposer des appels vid\u00e9o gratuits et illimit\u00e9s \u00e0 des inconnus, avec un filtre de genre r\u00e9el et sans inscription.<\/p>\n<h2>Pourquoi StrangerCam est le meilleur choix<\/h2>\n<p>StrangerCam se distingue en 2025 comme l'un des moyens les plus fiables de parler \u00e0 des inconnus par appel vid\u00e9o. Voici pourquoi :<\/p>\n<h3>1. Enti\u00e8rement gratuit<\/h3>\n<p>Pas de frais cach\u00e9s, d'essais ou de syst\u00e8mes de cr\u00e9dit.<\/p>\n<h3>2. Filtre de genre gratuit<\/h3>\n<p>Contrairement \u00e0 la plupart des concurrents, StrangerCam vous permet de choisir les personnes que vous souhaitez rencontrer, sans mur d'entr\u00e9e.<\/p>\n<h3>3. Pas d'inscription ou d'enregistrement<\/h3>\n<p>Restez anonyme et commencez \u00e0 chatter instantan\u00e9ment.<\/p>\n<h3>4. S\u00e9curit\u00e9 et mod\u00e9ration<\/h3>\n<p>De solides fonctions de signalement et une mod\u00e9ration en direct rendent l'environnement plus s\u00fbr.<\/p>\n<h3>5. Base mondiale d'utilisateurs<\/h3>\n<p>Des \u00e9trangers originaires de plus de 100 pays sont en ligne 24 heures sur 24 et 7 jours sur 7.<\/p>\n<h3>6. Optimis\u00e9 pour tous les appareils<\/h3>\n<p>Fonctionne parfaitement sur mobile et sur ordinateur.<\/p>\n<h2>T\u00e9moignages d'utilisateurs r\u00e9els<\/h2>\n<blockquote><p><em>\"Je voulais pouvoir parler \u00e0 des inconnus par appel vid\u00e9o sans \u00eatre oblig\u00e9 de payer. StrangerCam a \u00e9t\u00e9 la premi\u00e8re plateforme r\u00e9ellement gratuite\".<\/em><br \/>\n- Jake, 26 ans<\/p><\/blockquote>\n<blockquote><p><em>\"Il me semble plus s\u00fbr que les autres sites que j'ai essay\u00e9s. Je peux bloquer et ignorer des personnes instantan\u00e9ment si je ne me sens pas \u00e0 l'aise\".<\/em><br \/>\n- Leah, 23 ans<\/p><\/blockquote>\n<blockquote><p><em>\"Le filtre de genre fonctionne sans qu'il soit n\u00e9cessaire de payer un suppl\u00e9ment, ce qui est rare de nos jours.<\/em><br \/>\n- Marcus, 29 ans<\/p><\/blockquote>\n<blockquote><p><em>\"Rapide, simple et amusant. Je me suis d\u00e9j\u00e0 fait des amis de trois pays diff\u00e9rents.\"<\/em><br \/>\n- Sophia, 21 ans<\/p><\/blockquote>\n<h2>Conseils de s\u00e9curit\u00e9 pour parler \u00e0 des inconnus par appel vid\u00e9o<\/h2>\n<p>Si les appels vid\u00e9o entre inconnus sont amusants, la s\u00e9curit\u00e9 est importante :<\/p>\n<ul>\n<li>Ne communiquez jamais vos donn\u00e9es personnelles (num\u00e9ro de t\u00e9l\u00e9phone, adresse, courriel).<\/li>\n<li>\u00c9vitez de cliquer sur des liens envoy\u00e9s par des inconnus.<\/li>\n<li>Utilisez le bouton \"Suivant\" si vous n'\u00eates pas \u00e0 l'aise.<\/li>\n<li>V\u00e9rifiez vos ant\u00e9c\u00e9dents pour \u00e9viter de r\u00e9v\u00e9ler des d\u00e9tails priv\u00e9s.<\/li>\n<li>S'en tenir aux outils de la plate-forme pour le blocage et le signalement.<\/li>\n<li>Respectez les r\u00e8gles d'\u00e2ge - si vous avez moins de 18 ans, n'utilisez pas de plateformes pour adultes.<\/li>\n<\/ul>\n<h2>Comment d\u00e9marrer - \u00e9tape par \u00e9tape<\/h2>\n<p>Lancer un appel vid\u00e9o avec un inconnu prend moins d'une minute :<\/p>\n<ol>\n<li>Ouvrez StrangerCam sur votre navigateur ou votre appareil.<\/li>\n<li>Autoriser l'acc\u00e8s \u00e0 la webcam et au microphone.<\/li>\n<li>Choisir des pr\u00e9f\u00e9rences (comme des filtres de genre).<\/li>\n<li>Cliquez sur D\u00e9marrer le chat pour vous connecter instantan\u00e9ment.<\/li>\n<li>Parlez \u00e0 des inconnus en face \u00e0 face et cliquez sur Suivant \u00e0 tout moment pour une nouvelle discussion.<\/li>\n<\/ol>\n<p>Rapide, facile et totalement gratuit.<\/p>\n<h2>Questions fr\u00e9quemment pos\u00e9es<\/h2>\n<h3>Est-il vraiment gratuit de parler \u00e0 des inconnus par appel vid\u00e9o ?<\/h3>\n<p>Oui, StrangerCam propose des appels vid\u00e9o illimit\u00e9s avec des inconnus, sans frais cach\u00e9s.<\/p>\n<h3>Dois-je m'inscrire ?<\/h3>\n<p>Non. StrangerCam ne n\u00e9cessite pas d'inscription ni de compte.<\/p>\n<h3>Les personnes sont-elles r\u00e9elles ?<\/h3>\n<p>Oui. La vid\u00e9o en direct vous permet de parler \u00e0 de vraies personnes, et non \u00e0 des robots.<\/p>\n<h3>Puis-je l'utiliser sur mon t\u00e9l\u00e9phone ?<\/h3>\n<p>Oui, StrangerCam est enti\u00e8rement adapt\u00e9 aux mobiles.<\/p>\n<h3>Est-il s\u00fbr ?<\/h3>\n<p>Oui, \u00e0 condition de suivre les conseils de s\u00e9curit\u00e9 et d'utiliser les outils de mod\u00e9ration de StrangerCam.<\/p>\n<h2>R\u00e9flexions finales - Essayez d\u00e8s aujourd'hui les appels vid\u00e9o gratuits avec des inconnus<\/h2>\n<p>En 2025, l'un des moyens les plus faciles et les plus amusants de rencontrer de nouvelles personnes est de parler \u00e0 des inconnus par appel vid\u00e9o. C'est spontan\u00e9, gratuit et cela permet de nouer de v\u00e9ritables relations en quelques secondes.<\/p>\n<p>Mais toutes les plateformes ne sont pas \u00e0 la hauteur. De nombreux sites cachent des filtres de genre derri\u00e8re des murs payants ou remplissent leurs communaut\u00e9s de bots. C'est pourquoi StrangerCam est le meilleur choix : il est gratuit, s\u00fbr, anonyme et rempli d'utilisateurs internationaux pr\u00eats \u00e0 vous rencontrer.<\/p>\n<p>Pr\u00eat \u00e0 vous connecter ? Lancez un appel vid\u00e9o gratuit avec des inconnus d\u00e8s aujourd'hui et voyez qui vous rencontrerez ensuite.<\/p>","protected":false},"excerpt":{"rendered":"<p>Have you been searching for a way to talk to strangers video call style? You\u2019re not alone. Since the rise of random chat platforms like Omegle, Chatroulette, and their modern successors, millions of people have turned to live video calls with strangers to make new friends, enjoy casual conversations, or simply beat boredom. Today, platforms [&hellip;]<\/p>\n","protected":false},"author":8,"featured_media":0,"parent":0,"menu_order":0,"comment_status":"closed","ping_status":"closed","template":"","meta":{"footnotes":""},"class_list":["post-3918","page","type-page","status-publish","hentry"],"yoast_head":"<!-- This site is optimized with the Yoast SEO plugin v26.9 - https:\/\/yoast.com\/product\/yoast-seo-wordpress\/ -->\n<title>Talk to Strangers Video Call on Strangercam.com<\/title>\n<meta name=\"description\" content=\"Liking Talk to Strangers Video Call? Join millions on StrangerCam.com! Start a random video chat, turn on your cam, and meet strangers instantly.\" \/>\n<meta name=\"robots\" content=\"index, follow, max-snippet:-1, max-image-preview:large, max-video-preview:-1\" \/>\n<link rel=\"canonical\" href=\"https:\/\/strangercam.com\/fr\/parler-aux-etrangers-appel-video\/\" \/>\n<meta property=\"og:locale\" content=\"fr_FR\" \/>\n<meta property=\"og:type\" content=\"article\" \/>\n<meta property=\"og:title\" content=\"Talk to Strangers Video Call on Strangercam.com\" \/>\n<meta property=\"og:description\" content=\"Liking Talk to Strangers Video Call? Join millions on StrangerCam.com! Start a random video chat, turn on your cam, and meet strangers instantly.\" \/>\n<meta property=\"og:url\" content=\"https:\/\/strangercam.com\/fr\/parler-aux-etrangers-appel-video\/\" \/>\n<meta property=\"og:site_name\" content=\"Strangercam\" \/>\n<meta property=\"article:publisher\" content=\"https:\/\/www.facebook.com\/strangercam\" \/>\n<meta property=\"article:modified_time\" content=\"2025-09-03T11:31:29+00:00\" \/>\n<meta property=\"og:image\" content=\"https:\/\/strangercam.com\/wp-content\/uploads\/2021\/10\/Untitled-2.png\" \/>\n\t<meta property=\"og:image:width\" content=\"800\" \/>\n\t<meta property=\"og:image:height\" content=\"532\" \/>\n\t<meta property=\"og:image:type\" content=\"image\/png\" \/>\n<meta name=\"twitter:card\" content=\"summary_large_image\" \/>\n<meta name=\"twitter:site\" content=\"@strangercamapp\" \/>\n<meta name=\"twitter:label1\" content=\"Dur\u00e9e de lecture estim\u00e9e\" \/>\n\t<meta name=\"twitter:data1\" content=\"5 minutes\" \/>\n<script type=\"application\/ld+json\" class=\"yoast-schema-graph\">{\"@context\":\"https:\/\/schema.org\",\"@graph\":[{\"@type\":\"WebPage\",\"@id\":\"https:\/\/strangercam.com\/talk-to-strangers-video-call\/\",\"url\":\"https:\/\/strangercam.com\/talk-to-strangers-video-call\/\",\"name\":\"Talk to Strangers Video Call on Strangercam.com\",\"isPartOf\":{\"@id\":\"https:\/\/strangercam.com\/#website\"},\"datePublished\":\"2025-08-28T15:12:57+00:00\",\"dateModified\":\"2025-09-03T11:31:29+00:00\",\"description\":\"Liking Talk to Strangers Video Call? Join millions on StrangerCam.com! Start a random video chat, turn on your cam, and meet strangers instantly.\",\"breadcrumb\":{\"@id\":\"https:\/\/strangercam.com\/talk-to-strangers-video-call\/#breadcrumb\"},\"inLanguage\":\"fr-FR\",\"potentialAction\":[{\"@type\":\"ReadAction\",\"target\":[\"https:\/\/strangercam.com\/talk-to-strangers-video-call\/\"]}]},{\"@type\":\"BreadcrumbList\",\"@id\":\"https:\/\/strangercam.com\/talk-to-strangers-video-call\/#breadcrumb\",\"itemListElement\":[{\"@type\":\"ListItem\",\"position\":1,\"name\":\"Home\",\"item\":\"https:\/\/strangercam.com\/\"},{\"@type\":\"ListItem\",\"position\":2,\"name\":\"Talk to Strangers Video Call\"}]},{\"@type\":\"WebSite\",\"@id\":\"https:\/\/strangercam.com\/#website\",\"url\":\"https:\/\/strangercam.com\/\",\"name\":\"Strangercam\",\"description\":\"Random Video Chat with Strangers\",\"publisher\":{\"@id\":\"https:\/\/strangercam.com\/#organization\"},\"alternateName\":\"Strangercam.com\",\"potentialAction\":[{\"@type\":\"SearchAction\",\"target\":{\"@type\":\"EntryPoint\",\"urlTemplate\":\"https:\/\/strangercam.com\/?s={search_term_string}\"},\"query-input\":{\"@type\":\"PropertyValueSpecification\",\"valueRequired\":true,\"valueName\":\"search_term_string\"}}],\"inLanguage\":\"fr-FR\"},{\"@type\":\"Organization\",\"@id\":\"https:\/\/strangercam.com\/#organization\",\"name\":\"Strangercam\",\"alternateName\":\"Strangercam.com\",\"url\":\"https:\/\/strangercam.com\/\",\"logo\":{\"@type\":\"ImageObject\",\"inLanguage\":\"fr-FR\",\"@id\":\"https:\/\/strangercam.com\/#\/schema\/logo\/image\/\",\"url\":\"https:\/\/strangercam.com\/wp-content\/uploads\/2020\/11\/cropped-new-favicon-black.png\",\"contentUrl\":\"https:\/\/strangercam.com\/wp-content\/uploads\/2020\/11\/cropped-new-favicon-black.png\",\"width\":512,\"height\":512,\"caption\":\"Strangercam\"},\"image\":{\"@id\":\"https:\/\/strangercam.com\/#\/schema\/logo\/image\/\"},\"sameAs\":[\"https:\/\/www.facebook.com\/strangercam\",\"https:\/\/x.com\/strangercamapp\"]}]}<\/script>\n<!-- \/ Yoast SEO plugin. -->","yoast_head_json":{"title":"Appel vid\u00e9o Talk to Strangers sur Strangercam.com","description":"Vous aimez parler \u00e0 des inconnus par appel vid\u00e9o ? Join millions sur StrangerCam.com ! D\u00e9marrez un chat vid\u00e9o al\u00e9atoire, allumez votre cam\u00e9ra et rencontrez des inconnus instantan\u00e9ment.","robots":{"index":"index","follow":"follow","max-snippet":"max-snippet:-1","max-image-preview":"max-image-preview:large","max-video-preview":"max-video-preview:-1"},"canonical":"https:\/\/strangercam.com\/fr\/parler-aux-etrangers-appel-video\/","og_locale":"fr_FR","og_type":"article","og_title":"Talk to Strangers Video Call on Strangercam.com","og_description":"Liking Talk to Strangers Video Call? Join millions on StrangerCam.com! Start a random video chat, turn on your cam, and meet strangers instantly.","og_url":"https:\/\/strangercam.com\/fr\/parler-aux-etrangers-appel-video\/","og_site_name":"Strangercam","article_publisher":"https:\/\/www.facebook.com\/strangercam","article_modified_time":"2025-09-03T11:31:29+00:00","og_image":[{"width":800,"height":532,"url":"https:\/\/strangercam.com\/wp-content\/uploads\/2021\/10\/Untitled-2.png","type":"image\/png"}],"twitter_card":"summary_large_image","twitter_site":"@strangercamapp","twitter_misc":{"Dur\u00e9e de lecture estim\u00e9e":"5 minutes"},"schema":{"@context":"https:\/\/schema.org","@graph":[{"@type":"WebPage","@id":"https:\/\/strangercam.com\/talk-to-strangers-video-call\/","url":"https:\/\/strangercam.com\/talk-to-strangers-video-call\/","name":"Appel vid\u00e9o Talk to Strangers sur Strangercam.com","isPartOf":{"@id":"https:\/\/strangercam.com\/#website"},"datePublished":"2025-08-28T15:12:57+00:00","dateModified":"2025-09-03T11:31:29+00:00","description":"Vous aimez parler \u00e0 des inconnus par appel vid\u00e9o ? Join millions sur StrangerCam.com ! D\u00e9marrez un chat vid\u00e9o al\u00e9atoire, allumez votre cam\u00e9ra et rencontrez des inconnus instantan\u00e9ment.","breadcrumb":{"@id":"https:\/\/strangercam.com\/talk-to-strangers-video-call\/#breadcrumb"},"inLanguage":"fr-FR","potentialAction":[{"@type":"ReadAction","target":["https:\/\/strangercam.com\/talk-to-strangers-video-call\/"]}]},{"@type":"BreadcrumbList","@id":"https:\/\/strangercam.com\/talk-to-strangers-video-call\/#breadcrumb","itemListElement":[{"@type":"ListItem","position":1,"name":"Home","item":"https:\/\/strangercam.com\/"},{"@type":"ListItem","position":2,"name":"Talk to Strangers Video Call"}]},{"@type":"WebSite","@id":"https:\/\/strangercam.com\/#website","url":"https:\/\/strangercam.com\/","name":"Strangercam","description":"Chat vid\u00e9o al\u00e9atoire avec des inconnus","publisher":{"@id":"https:\/\/strangercam.com\/#organization"},"alternateName":"Strangercam.com","potentialAction":[{"@type":"SearchAction","target":{"@type":"EntryPoint","urlTemplate":"https:\/\/strangercam.com\/?s={search_term_string}"},"query-input":{"@type":"PropertyValueSpecification","valueRequired":true,"valueName":"search_term_string"}}],"inLanguage":"fr-FR"},{"@type":"Organization","@id":"https:\/\/strangercam.com\/#organization","name":"Strangercam","alternateName":"Strangercam.com","url":"https:\/\/strangercam.com\/","logo":{"@type":"ImageObject","inLanguage":"fr-FR","@id":"https:\/\/strangercam.com\/#\/schema\/logo\/image\/","url":"https:\/\/strangercam.com\/wp-content\/uploads\/2020\/11\/cropped-new-favicon-black.png","contentUrl":"https:\/\/strangercam.com\/wp-content\/uploads\/2020\/11\/cropped-new-favicon-black.png","width":512,"height":512,"caption":"Strangercam"},"image":{"@id":"https:\/\/strangercam.com\/#\/schema\/logo\/image\/"},"sameAs":["https:\/\/www.facebook.com\/strangercam","https:\/\/x.com\/strangercamapp"]}]}},"_links":{"self":[{"href":"https:\/\/strangercam.com\/fr\/wp-json\/wp\/v2\/pages\/3918","targetHints":{"allow":["GET"]}}],"collection":[{"href":"https:\/\/strangercam.com\/fr\/wp-json\/wp\/v2\/pages"}],"about":[{"href":"https:\/\/strangercam.com\/fr\/wp-json\/wp\/v2\/types\/page"}],"author":[{"embeddable":true,"href":"https:\/\/strangercam.com\/fr\/wp-json\/wp\/v2\/users\/8"}],"replies":[{"embeddable":true,"href":"https:\/\/strangercam.com\/fr\/wp-json\/wp\/v2\/comments?post=3918"}],"version-history":[{"count":2,"href":"https:\/\/strangercam.com\/fr\/wp-json\/wp\/v2\/pages\/3918\/revisions"}],"predecessor-version":[{"id":12977,"href":"https:\/\/strangercam.com\/fr\/wp-json\/wp\/v2\/pages\/3918\/revisions\/12977"}],"wp:attachment":[{"href":"https:\/\/strangercam.com\/fr\/wp-json\/wp\/v2\/media?parent=3918"}],"curies":[{"name":"wp","href":"https:\/\/api.w.org\/{rel}","templated":true}]}}