{"id":3300,"date":"2021-05-09T21:47:49","date_gmt":"2021-05-09T19:47:49","guid":{"rendered":"https:\/\/strangercam.com\/?page_id=3300"},"modified":"2023-08-21T12:24:41","modified_gmt":"2023-08-21T10:24:41","slug":"chatpig","status":"publish","type":"page","link":"https:\/\/strangercam.com\/fr\/chatpig\/","title":{"rendered":"Chatpig"},"content":{"rendered":"<p>Les technologies s'am\u00e9liorent de jour en jour, permettant aux gens de se connecter avec d'autres personnes d\u00e8s que possible. Elles offrent \u00e9galement des moyens de d\u00e9velopper des relations \u00e0 distance et de se faire de nouveaux amis par le biais de sites et d'applications de rencontre. Le site de rencontre Chatpig permet aux membres de s'assurer du plaisir et de l'excitation apr\u00e8s avoir cr\u00e9\u00e9 un compte. Il permet aux utilisateurs de trouver de nouveaux amis de diff\u00e9rents horizons avec facilit\u00e9. Ceux qui veulent identifier les c\u00e9libataires dans un endroit peuvent b\u00e9n\u00e9ficier beaucoup du site Web parce qu'il couvre d'excellentes fonctionnalit\u00e9s pour eux. De plus, le site est la meilleure option pour <a href=\"https:\/\/strangercam.com\/fr\/shagle\/\">adulte<\/a> des objectifs de rencontres qui r\u00e9pondent aux besoins des utilisateurs.<\/p>\n<h2>Comment cr\u00e9er un compte sur le site de rencontre Chatpig ?<\/h2>\n<p>Le processus d'inscription est tr\u00e8s simple et les nouveaux membres peuvent continuer \u00e0 visiter le site en tant qu'invit\u00e9s ou en cr\u00e9ant un compte. En revanche, il est n\u00e9cessaire de s\u00e9lectionner le sexe et d'accepter les termes et conditions du site en choisissant l'option invit\u00e9. Les nouveaux utilisateurs qui souhaitent cr\u00e9er un compte doivent disposer d'une adresse \u00e9lectronique valide et fournir un pseudonyme avec un mot de passe fort. Il faut saisir le code d'activation pour valider le compte apr\u00e8s l'avoir re\u00e7u par courrier \u00e9lectronique.<\/p>\n<h3>En savoir plus sur le chat par webcam pour adultes<\/h3>\n<p>Le site de rencontres propose aux adultes <a href=\"https:\/\/strangercam.com\/fr\/bazoocam\/\">came<\/a> <a href=\"https:\/\/strangercam.com\/fr\/chatroulette\/\">chat<\/a> Le site propose des services permettant aux utilisateurs de converser avec des mannequins et d'autres personnes. Une personne peut se connecter au site en utilisant son pseudo et son mot de passe pour commencer \u00e0 discuter avec les autres. En outre, les membres peuvent m\u00eame choisir le type de webcam qu'ils souhaitent apr\u00e8s avoir \u00e9valu\u00e9 les cat\u00e9gories en d\u00e9tail. C'est la seule plateforme de chat par webcam o\u00f9 les utilisateurs peuvent parler \u00e0 des hommes, des femmes, des couples et autres. En outre, il est possible de discuter avec n'importe quel sexe sans utiliser de filtre de genre. Cependant, les utilisateurs doivent suivre les r\u00e8gles et r\u00e8glements en d\u00e9tail lorsqu'ils discutent avec des hommes et des femmes. <a href=\"https:\/\/strangercam.com\/fr\/video-chat-with-girls\/\">filles<\/a>.<\/p>\n<h3>Quelles sont les caract\u00e9ristiques du Chatpig ?<\/h3>\n<p>Plusieurs salons de discussion sont disponibles sur le site, o\u00f9 l'on peut facilement trouver de nombreux gar\u00e7ons et filles sexy. Le site permet d'envoyer des messages textuels, des photos et des emojis \u00e0 d'autres personnes, ce qui permet d'identifier les personnes qui partagent les m\u00eames centres d'int\u00e9r\u00eat. Les utilisateurs peuvent m\u00eame acheter un jeton sur le site pour devenir membre. Parmi les autres caract\u00e9ristiques du site, citons la qualit\u00e9 de l'interface, la qualit\u00e9 de l'audience, la s\u00e9curit\u00e9 et le respect de la vie priv\u00e9e, autant d'\u00e9l\u00e9ments qui garantissent une bonne exp\u00e9rience. En m\u00eame temps, il est sage de suivre les termes et conditions correctement avant de cr\u00e9er un compte sur le site web qui aide \u00e0 <a href=\"https:\/\/strangercam.com\/fr\/coomeet\/\">rencontrer<\/a> les besoins essentiels.<\/p>","protected":false},"excerpt":{"rendered":"<p>Technologies are improving day by day allowing people to connect with others as soon as possible. They also provide ways to develop long-distance relationships and make new friends through dating sites and apps. Chatpig dating website enables members to ensure fun and excitement after creating an account. It enables users to find new friends from [&hellip;]<\/p>\n","protected":false},"author":6,"featured_media":559,"parent":0,"menu_order":0,"comment_status":"closed","ping_status":"closed","template":"","meta":{"footnotes":""},"class_list":["post-3300","page","type-page","status-publish","has-post-thumbnail","hentry"],"yoast_head":"<!-- This site is optimized with the Yoast SEO plugin v27.4 - https:\/\/yoast.com\/product\/yoast-seo-wordpress\/ -->\n<title>Chatpig - Most Popular Video Chats - Cam on StrangerCam.com<\/title>\n<meta name=\"description\" content=\"Like Chatpig? Come chat with more than 5.000.000 strangers on Stranger Cam for Free! Turn on your cam and find new friends &amp; maby a match!\" \/>\n<meta name=\"robots\" content=\"index, follow, max-snippet:-1, max-image-preview:large, max-video-preview:-1\" \/>\n<link rel=\"canonical\" href=\"https:\/\/strangercam.com\/fr\/chatpig\/\" \/>\n<meta property=\"og:locale\" content=\"fr_FR\" \/>\n<meta property=\"og:type\" content=\"article\" \/>\n<meta property=\"og:title\" content=\"Chatpig - Most Popular Video Chats - Cam on StrangerCam.com\" \/>\n<meta property=\"og:description\" content=\"Like Chatpig? Come chat with more than 5.000.000 strangers on Stranger Cam for Free! Turn on your cam and find new friends &amp; maby a match!\" \/>\n<meta property=\"og:url\" content=\"https:\/\/strangercam.com\/fr\/chatpig\/\" \/>\n<meta property=\"og:site_name\" content=\"Strangercam\" \/>\n<meta property=\"article:publisher\" content=\"https:\/\/www.facebook.com\/strangercam\" \/>\n<meta property=\"article:modified_time\" content=\"2023-08-21T10:24:41+00:00\" \/>\n<meta property=\"og:image\" content=\"https:\/\/strangercam.com\/wp-content\/uploads\/2020\/11\/stranger-cam-1.png\" \/>\n\t<meta property=\"og:image:width\" content=\"800\" \/>\n\t<meta property=\"og:image:height\" content=\"800\" \/>\n\t<meta property=\"og:image:type\" content=\"image\/png\" \/>\n<meta name=\"twitter:card\" content=\"summary_large_image\" \/>\n<meta name=\"twitter:site\" content=\"@strangercamapp\" \/>\n<meta name=\"twitter:label1\" content=\"Dur\u00e9e de lecture estim\u00e9e\" \/>\n\t<meta name=\"twitter:data1\" content=\"2 minutes\" \/>\n<script type=\"application\/ld+json\" class=\"yoast-schema-graph\">{\"@context\":\"https:\\\/\\\/schema.org\",\"@graph\":[{\"@type\":\"WebPage\",\"@id\":\"https:\\\/\\\/strangercam.com\\\/chatpig\\\/\",\"url\":\"https:\\\/\\\/strangercam.com\\\/chatpig\\\/\",\"name\":\"Chatpig - Most Popular Video Chats - Cam on StrangerCam.com\",\"isPartOf\":{\"@id\":\"https:\\\/\\\/strangercam.com\\\/#website\"},\"primaryImageOfPage\":{\"@id\":\"https:\\\/\\\/strangercam.com\\\/chatpig\\\/#primaryimage\"},\"image\":{\"@id\":\"https:\\\/\\\/strangercam.com\\\/chatpig\\\/#primaryimage\"},\"thumbnailUrl\":\"https:\\\/\\\/strangercam.com\\\/wp-content\\\/uploads\\\/2020\\\/11\\\/stranger-cam-1.png\",\"datePublished\":\"2021-05-09T19:47:49+00:00\",\"dateModified\":\"2023-08-21T10:24:41+00:00\",\"description\":\"Like Chatpig? Come chat with more than 5.000.000 strangers on Stranger Cam for Free! Turn on your cam and find new friends & maby a match!\",\"breadcrumb\":{\"@id\":\"https:\\\/\\\/strangercam.com\\\/chatpig\\\/#breadcrumb\"},\"inLanguage\":\"fr-FR\",\"potentialAction\":[{\"@type\":\"ReadAction\",\"target\":[\"https:\\\/\\\/strangercam.com\\\/chatpig\\\/\"]}]},{\"@type\":\"ImageObject\",\"inLanguage\":\"fr-FR\",\"@id\":\"https:\\\/\\\/strangercam.com\\\/chatpig\\\/#primaryimage\",\"url\":\"https:\\\/\\\/strangercam.com\\\/wp-content\\\/uploads\\\/2020\\\/11\\\/stranger-cam-1.png\",\"contentUrl\":\"https:\\\/\\\/strangercam.com\\\/wp-content\\\/uploads\\\/2020\\\/11\\\/stranger-cam-1.png\",\"width\":800,\"height\":800,\"caption\":\"stranger cam random video chat\"},{\"@type\":\"BreadcrumbList\",\"@id\":\"https:\\\/\\\/strangercam.com\\\/chatpig\\\/#breadcrumb\",\"itemListElement\":[{\"@type\":\"ListItem\",\"position\":1,\"name\":\"Home\",\"item\":\"https:\\\/\\\/strangercam.com\\\/\"},{\"@type\":\"ListItem\",\"position\":2,\"name\":\"Chatpig\"}]},{\"@type\":\"WebSite\",\"@id\":\"https:\\\/\\\/strangercam.com\\\/#website\",\"url\":\"https:\\\/\\\/strangercam.com\\\/\",\"name\":\"Strangercam\",\"description\":\"Random Video Chat with Strangers\",\"publisher\":{\"@id\":\"https:\\\/\\\/strangercam.com\\\/#organization\"},\"alternateName\":\"Strangercam.com\",\"potentialAction\":[{\"@type\":\"SearchAction\",\"target\":{\"@type\":\"EntryPoint\",\"urlTemplate\":\"https:\\\/\\\/strangercam.com\\\/?s={search_term_string}\"},\"query-input\":{\"@type\":\"PropertyValueSpecification\",\"valueRequired\":true,\"valueName\":\"search_term_string\"}}],\"inLanguage\":\"fr-FR\"},{\"@type\":\"Organization\",\"@id\":\"https:\\\/\\\/strangercam.com\\\/#organization\",\"name\":\"Strangercam\",\"alternateName\":\"Strangercam.com\",\"url\":\"https:\\\/\\\/strangercam.com\\\/\",\"logo\":{\"@type\":\"ImageObject\",\"inLanguage\":\"fr-FR\",\"@id\":\"https:\\\/\\\/strangercam.com\\\/#\\\/schema\\\/logo\\\/image\\\/\",\"url\":\"https:\\\/\\\/strangercam.com\\\/wp-content\\\/uploads\\\/2020\\\/11\\\/cropped-new-favicon-black.png\",\"contentUrl\":\"https:\\\/\\\/strangercam.com\\\/wp-content\\\/uploads\\\/2020\\\/11\\\/cropped-new-favicon-black.png\",\"width\":512,\"height\":512,\"caption\":\"Strangercam\"},\"image\":{\"@id\":\"https:\\\/\\\/strangercam.com\\\/#\\\/schema\\\/logo\\\/image\\\/\"},\"sameAs\":[\"https:\\\/\\\/www.facebook.com\\\/strangercam\",\"https:\\\/\\\/x.com\\\/strangercamapp\"]}]}<\/script>\n<!-- \/ Yoast SEO plugin. -->","yoast_head_json":{"title":"Chatpig - Chats vid\u00e9o les plus populaires - Cam sur StrangerCam.com","description":"Vous aimez Chatpig ? Venez discuter avec plus de 5.000.000 d'inconnus sur Stranger Cam gratuitement ! Allume ta cam\u00e9ra et trouve de nouveaux amis et peut-\u00eatre un partenaire !","robots":{"index":"index","follow":"follow","max-snippet":"max-snippet:-1","max-image-preview":"max-image-preview:large","max-video-preview":"max-video-preview:-1"},"canonical":"https:\/\/strangercam.com\/fr\/chatpig\/","og_locale":"fr_FR","og_type":"article","og_title":"Chatpig - Most Popular Video Chats - Cam on StrangerCam.com","og_description":"Like Chatpig? Come chat with more than 5.000.000 strangers on Stranger Cam for Free! Turn on your cam and find new friends & maby a match!","og_url":"https:\/\/strangercam.com\/fr\/chatpig\/","og_site_name":"Strangercam","article_publisher":"https:\/\/www.facebook.com\/strangercam","article_modified_time":"2023-08-21T10:24:41+00:00","og_image":[{"width":800,"height":800,"url":"https:\/\/strangercam.com\/wp-content\/uploads\/2020\/11\/stranger-cam-1.png","type":"image\/png"}],"twitter_card":"summary_large_image","twitter_site":"@strangercamapp","twitter_misc":{"Dur\u00e9e de lecture estim\u00e9e":"2 minutes"},"schema":{"@context":"https:\/\/schema.org","@graph":[{"@type":"WebPage","@id":"https:\/\/strangercam.com\/chatpig\/","url":"https:\/\/strangercam.com\/chatpig\/","name":"Chatpig - Chats vid\u00e9o les plus populaires - Cam sur StrangerCam.com","isPartOf":{"@id":"https:\/\/strangercam.com\/#website"},"primaryImageOfPage":{"@id":"https:\/\/strangercam.com\/chatpig\/#primaryimage"},"image":{"@id":"https:\/\/strangercam.com\/chatpig\/#primaryimage"},"thumbnailUrl":"https:\/\/strangercam.com\/wp-content\/uploads\/2020\/11\/stranger-cam-1.png","datePublished":"2021-05-09T19:47:49+00:00","dateModified":"2023-08-21T10:24:41+00:00","description":"Vous aimez Chatpig ? Venez discuter avec plus de 5.000.000 d'inconnus sur Stranger Cam gratuitement ! Allume ta cam\u00e9ra et trouve de nouveaux amis et peut-\u00eatre un partenaire !","breadcrumb":{"@id":"https:\/\/strangercam.com\/chatpig\/#breadcrumb"},"inLanguage":"fr-FR","potentialAction":[{"@type":"ReadAction","target":["https:\/\/strangercam.com\/chatpig\/"]}]},{"@type":"ImageObject","inLanguage":"fr-FR","@id":"https:\/\/strangercam.com\/chatpig\/#primaryimage","url":"https:\/\/strangercam.com\/wp-content\/uploads\/2020\/11\/stranger-cam-1.png","contentUrl":"https:\/\/strangercam.com\/wp-content\/uploads\/2020\/11\/stranger-cam-1.png","width":800,"height":800,"caption":"stranger cam random video chat"},{"@type":"BreadcrumbList","@id":"https:\/\/strangercam.com\/chatpig\/#breadcrumb","itemListElement":[{"@type":"ListItem","position":1,"name":"Home","item":"https:\/\/strangercam.com\/"},{"@type":"ListItem","position":2,"name":"Chatpig"}]},{"@type":"WebSite","@id":"https:\/\/strangercam.com\/#website","url":"https:\/\/strangercam.com\/","name":"Strangercam","description":"Chat vid\u00e9o al\u00e9atoire avec des inconnus","publisher":{"@id":"https:\/\/strangercam.com\/#organization"},"alternateName":"Strangercam.com","potentialAction":[{"@type":"SearchAction","target":{"@type":"EntryPoint","urlTemplate":"https:\/\/strangercam.com\/?s={search_term_string}"},"query-input":{"@type":"PropertyValueSpecification","valueRequired":true,"valueName":"search_term_string"}}],"inLanguage":"fr-FR"},{"@type":"Organization","@id":"https:\/\/strangercam.com\/#organization","name":"Strangercam","alternateName":"Strangercam.com","url":"https:\/\/strangercam.com\/","logo":{"@type":"ImageObject","inLanguage":"fr-FR","@id":"https:\/\/strangercam.com\/#\/schema\/logo\/image\/","url":"https:\/\/strangercam.com\/wp-content\/uploads\/2020\/11\/cropped-new-favicon-black.png","contentUrl":"https:\/\/strangercam.com\/wp-content\/uploads\/2020\/11\/cropped-new-favicon-black.png","width":512,"height":512,"caption":"Strangercam"},"image":{"@id":"https:\/\/strangercam.com\/#\/schema\/logo\/image\/"},"sameAs":["https:\/\/www.facebook.com\/strangercam","https:\/\/x.com\/strangercamapp"]}]}},"_links":{"self":[{"href":"https:\/\/strangercam.com\/fr\/wp-json\/wp\/v2\/pages\/3300","targetHints":{"allow":["GET"]}}],"collection":[{"href":"https:\/\/strangercam.com\/fr\/wp-json\/wp\/v2\/pages"}],"about":[{"href":"https:\/\/strangercam.com\/fr\/wp-json\/wp\/v2\/types\/page"}],"author":[{"embeddable":true,"href":"https:\/\/strangercam.com\/fr\/wp-json\/wp\/v2\/users\/6"}],"replies":[{"embeddable":true,"href":"https:\/\/strangercam.com\/fr\/wp-json\/wp\/v2\/comments?post=3300"}],"version-history":[{"count":0,"href":"https:\/\/strangercam.com\/fr\/wp-json\/wp\/v2\/pages\/3300\/revisions"}],"wp:featuredmedia":[{"embeddable":true,"href":"https:\/\/strangercam.com\/fr\/wp-json\/wp\/v2\/media\/559"}],"wp:attachment":[{"href":"https:\/\/strangercam.com\/fr\/wp-json\/wp\/v2\/media?parent=3300"}],"curies":[{"name":"wp","href":"https:\/\/api.w.org\/{rel}","templated":true}]}}