{"id":3283,"date":"2021-05-09T21:43:36","date_gmt":"2021-05-09T19:43:36","guid":{"rendered":"https:\/\/strangercam.com\/?page_id=3283"},"modified":"2023-08-21T11:40:07","modified_gmt":"2023-08-21T09:40:07","slug":"allotalk","status":"publish","type":"page","link":"https:\/\/strangercam.com\/fr\/allotalk\/","title":{"rendered":"Allotalk"},"content":{"rendered":"<p>Un site de rencontre permet aux utilisateurs de trouver facilement des c\u00e9libataires et de nouveaux amis dans un lieu donn\u00e9. D'un autre c\u00f4t\u00e9, les nouveaux membres doivent choisir le bon site qui s'adapte \u00e0 leurs besoins et \u00e0 d'autres choses. Allotalk est un site de rencontre destin\u00e9 aux adolescents, aux c\u00e9libataires et aux inconnus qui veulent <a href=\"https:\/\/strangercam.com\/fr\/chatroulette\/\">chat<\/a> avec <a href=\"https:\/\/strangercam.com\/fr\/chatrandom\/\">al\u00e9atoire<\/a> des personnes par l'interm\u00e9diaire de salons de discussion. Il est <a href=\"https:\/\/strangercam.com\/fr\/1v1-chat\/\">un<\/a> est l'une des plateformes de chat en ligne les plus s\u00fbres pour les adolescents, qui leur permet d'identifier facilement de vrais amis. La plateforme est la bonne option pour ceux qui veulent <a href=\"https:\/\/strangercam.com\/fr\/coomeet\/\">rencontrer<\/a> les c\u00e9libataires de diff\u00e9rentes cultures.<\/p>\n<h2>Comment utiliser le site de rencontres Allotalk ?<\/h2>\n<p>Le site de rencontres permet de discuter avec d'autres personnes par l'interm\u00e9diaire de salons de discussion et de chats priv\u00e9s. Il comprend huit salons de discussion pour les adolescents, ce qui leur permet de se faire des amis dans diff\u00e9rentes parties du monde. Toute personne souhaitant s'inscrire sur ce site peut utiliser son compte Facebook ou Twitter. En revanche, ils doivent utiliser le m\u00eame nom d'utilisateur et le m\u00eame mot de passe pendant le processus d'inscription, ce qui les aidera \u00e0 atteindre leurs objectifs. De plus, la plateforme offre une option d'invit\u00e9 pour les nouveaux utilisateurs et ils doivent seulement fournir un nom d'utilisateur et entrer dans la bo\u00eete captcha pour confirmation.<\/p>\n<h2>Quels sont les avantages et les inconv\u00e9nients ?<\/h2>\n<p>Le site Web pr\u00e9sente un design simple et une interface utilisateur qui permet aux membres de communiquer facilement avec les autres. En outre, il propose des m\u00e9thodes pour envoyer des messages priv\u00e9s aux autres, ce qui permet de nouer facilement des amiti\u00e9s. Les utilisateurs peuvent m\u00eame envoyer des cadeaux et des vid\u00e9os YouTube dans un chat de groupe pour inviter plus d'amis. Le site propose \u00e9galement des m\u00e9thodes pour cr\u00e9er sa propre salle de chat en fonction de ses choix et de ses pr\u00e9f\u00e9rences. Comme tous les salons de discussion fonctionnent rapidement, aucun plug-in n'est n\u00e9cessaire. Bien que l'application soit pratique \u00e0 utiliser, elle n'est disponible que pour les t\u00e9l\u00e9phones Android.<\/p>\n<h2>Quels sont les plans tarifaires ?<\/h2>\n<p>Avant de cr\u00e9er un compte, il convient de conna\u00eetre les plans tarifaires en d\u00e9tail afin de prendre la bonne d\u00e9cision. Allotalk offre \u00e0 la fois <a href=\"https:\/\/strangercam.com\/fr\/chat4free\/\">gratuit<\/a> Le site propose aux utilisateurs des services payants et des services payants et ils peuvent choisir le meilleur apr\u00e8s avoir fait des recherches. Il propose des plans mensuels, trimestriels et annuels aux nouveaux membres, ce qui leur permet de b\u00e9n\u00e9ficier d'excellents avantages. Les services payants permettent aux utilisateurs de t\u00e9l\u00e9charger leurs images, de consulter les messages de chat et d'envoyer des messages vocaux. Cependant, il est n\u00e9cessaire de lire les termes et conditions en d\u00e9tail lors de la cr\u00e9ation d'un compte. Le site est le meilleur choix pour identifier des personnes partageant les m\u00eames id\u00e9es et venant d'horizons diff\u00e9rents, sans aucun probl\u00e8me.<\/p>","protected":false},"excerpt":{"rendered":"<p>A dating website allows users to find singles as well as new friends in a location easily. On the other hand, new members should choose the right website which tailors to their needs and other things. Allotalk is a dating website meant for teenagers, singles, and strangers who want to chat with random people through [&hellip;]<\/p>\n","protected":false},"author":6,"featured_media":559,"parent":0,"menu_order":0,"comment_status":"closed","ping_status":"closed","template":"","meta":{"footnotes":""},"class_list":["post-3283","page","type-page","status-publish","has-post-thumbnail","hentry"],"yoast_head":"<!-- This site is optimized with the Yoast SEO plugin v27.4 - https:\/\/yoast.com\/product\/yoast-seo-wordpress\/ -->\n<title>Allotalk - Most Popular Video Chats - Cam on StrangerCam.com<\/title>\n<meta name=\"description\" content=\"Like Allotalk? Come chat with more than 5.000.000 strangers on Stranger Cam for Free! Turn on your cam and find new friends &amp; maby a match!\" \/>\n<meta name=\"robots\" content=\"index, follow, max-snippet:-1, max-image-preview:large, max-video-preview:-1\" \/>\n<link rel=\"canonical\" href=\"https:\/\/strangercam.com\/fr\/allotalk\/\" \/>\n<meta property=\"og:locale\" content=\"fr_FR\" \/>\n<meta property=\"og:type\" content=\"article\" \/>\n<meta property=\"og:title\" content=\"Allotalk - Most Popular Video Chats - Cam on StrangerCam.com\" \/>\n<meta property=\"og:description\" content=\"Like Allotalk? Come chat with more than 5.000.000 strangers on Stranger Cam for Free! Turn on your cam and find new friends &amp; maby a match!\" \/>\n<meta property=\"og:url\" content=\"https:\/\/strangercam.com\/fr\/allotalk\/\" \/>\n<meta property=\"og:site_name\" content=\"Strangercam\" \/>\n<meta property=\"article:publisher\" content=\"https:\/\/www.facebook.com\/strangercam\" \/>\n<meta property=\"article:modified_time\" content=\"2023-08-21T09:40:07+00:00\" \/>\n<meta property=\"og:image\" content=\"https:\/\/strangercam.com\/wp-content\/uploads\/2020\/11\/stranger-cam-1.png\" \/>\n\t<meta property=\"og:image:width\" content=\"800\" \/>\n\t<meta property=\"og:image:height\" content=\"800\" \/>\n\t<meta property=\"og:image:type\" content=\"image\/png\" \/>\n<meta name=\"twitter:card\" content=\"summary_large_image\" \/>\n<meta name=\"twitter:site\" content=\"@strangercamapp\" \/>\n<meta name=\"twitter:label1\" content=\"Dur\u00e9e de lecture estim\u00e9e\" \/>\n\t<meta name=\"twitter:data1\" content=\"2 minutes\" \/>\n<script type=\"application\/ld+json\" class=\"yoast-schema-graph\">{\"@context\":\"https:\\\/\\\/schema.org\",\"@graph\":[{\"@type\":\"WebPage\",\"@id\":\"https:\\\/\\\/strangercam.com\\\/allotalk\\\/\",\"url\":\"https:\\\/\\\/strangercam.com\\\/allotalk\\\/\",\"name\":\"Allotalk - Most Popular Video Chats - Cam on StrangerCam.com\",\"isPartOf\":{\"@id\":\"https:\\\/\\\/strangercam.com\\\/#website\"},\"primaryImageOfPage\":{\"@id\":\"https:\\\/\\\/strangercam.com\\\/allotalk\\\/#primaryimage\"},\"image\":{\"@id\":\"https:\\\/\\\/strangercam.com\\\/allotalk\\\/#primaryimage\"},\"thumbnailUrl\":\"https:\\\/\\\/strangercam.com\\\/wp-content\\\/uploads\\\/2020\\\/11\\\/stranger-cam-1.png\",\"datePublished\":\"2021-05-09T19:43:36+00:00\",\"dateModified\":\"2023-08-21T09:40:07+00:00\",\"description\":\"Like Allotalk? Come chat with more than 5.000.000 strangers on Stranger Cam for Free! Turn on your cam and find new friends & maby a match!\",\"breadcrumb\":{\"@id\":\"https:\\\/\\\/strangercam.com\\\/allotalk\\\/#breadcrumb\"},\"inLanguage\":\"fr-FR\",\"potentialAction\":[{\"@type\":\"ReadAction\",\"target\":[\"https:\\\/\\\/strangercam.com\\\/allotalk\\\/\"]}]},{\"@type\":\"ImageObject\",\"inLanguage\":\"fr-FR\",\"@id\":\"https:\\\/\\\/strangercam.com\\\/allotalk\\\/#primaryimage\",\"url\":\"https:\\\/\\\/strangercam.com\\\/wp-content\\\/uploads\\\/2020\\\/11\\\/stranger-cam-1.png\",\"contentUrl\":\"https:\\\/\\\/strangercam.com\\\/wp-content\\\/uploads\\\/2020\\\/11\\\/stranger-cam-1.png\",\"width\":800,\"height\":800,\"caption\":\"stranger cam random video chat\"},{\"@type\":\"BreadcrumbList\",\"@id\":\"https:\\\/\\\/strangercam.com\\\/allotalk\\\/#breadcrumb\",\"itemListElement\":[{\"@type\":\"ListItem\",\"position\":1,\"name\":\"Home\",\"item\":\"https:\\\/\\\/strangercam.com\\\/\"},{\"@type\":\"ListItem\",\"position\":2,\"name\":\"Allotalk\"}]},{\"@type\":\"WebSite\",\"@id\":\"https:\\\/\\\/strangercam.com\\\/#website\",\"url\":\"https:\\\/\\\/strangercam.com\\\/\",\"name\":\"Strangercam\",\"description\":\"Random Video Chat with Strangers\",\"publisher\":{\"@id\":\"https:\\\/\\\/strangercam.com\\\/#organization\"},\"alternateName\":\"Strangercam.com\",\"potentialAction\":[{\"@type\":\"SearchAction\",\"target\":{\"@type\":\"EntryPoint\",\"urlTemplate\":\"https:\\\/\\\/strangercam.com\\\/?s={search_term_string}\"},\"query-input\":{\"@type\":\"PropertyValueSpecification\",\"valueRequired\":true,\"valueName\":\"search_term_string\"}}],\"inLanguage\":\"fr-FR\"},{\"@type\":\"Organization\",\"@id\":\"https:\\\/\\\/strangercam.com\\\/#organization\",\"name\":\"Strangercam\",\"alternateName\":\"Strangercam.com\",\"url\":\"https:\\\/\\\/strangercam.com\\\/\",\"logo\":{\"@type\":\"ImageObject\",\"inLanguage\":\"fr-FR\",\"@id\":\"https:\\\/\\\/strangercam.com\\\/#\\\/schema\\\/logo\\\/image\\\/\",\"url\":\"https:\\\/\\\/strangercam.com\\\/wp-content\\\/uploads\\\/2020\\\/11\\\/cropped-new-favicon-black.png\",\"contentUrl\":\"https:\\\/\\\/strangercam.com\\\/wp-content\\\/uploads\\\/2020\\\/11\\\/cropped-new-favicon-black.png\",\"width\":512,\"height\":512,\"caption\":\"Strangercam\"},\"image\":{\"@id\":\"https:\\\/\\\/strangercam.com\\\/#\\\/schema\\\/logo\\\/image\\\/\"},\"sameAs\":[\"https:\\\/\\\/www.facebook.com\\\/strangercam\",\"https:\\\/\\\/x.com\\\/strangercamapp\"]}]}<\/script>\n<!-- \/ Yoast SEO plugin. -->","yoast_head_json":{"title":"Allotalk - Chats vid\u00e9o les plus populaires - Cam sur StrangerCam.com","description":"Vous aimez Allotalk ? Venez discuter avec plus de 5.000.000 d'inconnus sur Stranger Cam gratuitement ! Allume ta cam\u00e9ra et trouve de nouveaux amis et peut-\u00eatre un partenaire !","robots":{"index":"index","follow":"follow","max-snippet":"max-snippet:-1","max-image-preview":"max-image-preview:large","max-video-preview":"max-video-preview:-1"},"canonical":"https:\/\/strangercam.com\/fr\/allotalk\/","og_locale":"fr_FR","og_type":"article","og_title":"Allotalk - Most Popular Video Chats - Cam on StrangerCam.com","og_description":"Like Allotalk? Come chat with more than 5.000.000 strangers on Stranger Cam for Free! Turn on your cam and find new friends & maby a match!","og_url":"https:\/\/strangercam.com\/fr\/allotalk\/","og_site_name":"Strangercam","article_publisher":"https:\/\/www.facebook.com\/strangercam","article_modified_time":"2023-08-21T09:40:07+00:00","og_image":[{"width":800,"height":800,"url":"https:\/\/strangercam.com\/wp-content\/uploads\/2020\/11\/stranger-cam-1.png","type":"image\/png"}],"twitter_card":"summary_large_image","twitter_site":"@strangercamapp","twitter_misc":{"Dur\u00e9e de lecture estim\u00e9e":"2 minutes"},"schema":{"@context":"https:\/\/schema.org","@graph":[{"@type":"WebPage","@id":"https:\/\/strangercam.com\/allotalk\/","url":"https:\/\/strangercam.com\/allotalk\/","name":"Allotalk - Chats vid\u00e9o les plus populaires - Cam sur StrangerCam.com","isPartOf":{"@id":"https:\/\/strangercam.com\/#website"},"primaryImageOfPage":{"@id":"https:\/\/strangercam.com\/allotalk\/#primaryimage"},"image":{"@id":"https:\/\/strangercam.com\/allotalk\/#primaryimage"},"thumbnailUrl":"https:\/\/strangercam.com\/wp-content\/uploads\/2020\/11\/stranger-cam-1.png","datePublished":"2021-05-09T19:43:36+00:00","dateModified":"2023-08-21T09:40:07+00:00","description":"Vous aimez Allotalk ? Venez discuter avec plus de 5.000.000 d'inconnus sur Stranger Cam gratuitement ! Allume ta cam\u00e9ra et trouve de nouveaux amis et peut-\u00eatre un partenaire !","breadcrumb":{"@id":"https:\/\/strangercam.com\/allotalk\/#breadcrumb"},"inLanguage":"fr-FR","potentialAction":[{"@type":"ReadAction","target":["https:\/\/strangercam.com\/allotalk\/"]}]},{"@type":"ImageObject","inLanguage":"fr-FR","@id":"https:\/\/strangercam.com\/allotalk\/#primaryimage","url":"https:\/\/strangercam.com\/wp-content\/uploads\/2020\/11\/stranger-cam-1.png","contentUrl":"https:\/\/strangercam.com\/wp-content\/uploads\/2020\/11\/stranger-cam-1.png","width":800,"height":800,"caption":"stranger cam random video chat"},{"@type":"BreadcrumbList","@id":"https:\/\/strangercam.com\/allotalk\/#breadcrumb","itemListElement":[{"@type":"ListItem","position":1,"name":"Home","item":"https:\/\/strangercam.com\/"},{"@type":"ListItem","position":2,"name":"Allotalk"}]},{"@type":"WebSite","@id":"https:\/\/strangercam.com\/#website","url":"https:\/\/strangercam.com\/","name":"Strangercam","description":"Chat vid\u00e9o al\u00e9atoire avec des inconnus","publisher":{"@id":"https:\/\/strangercam.com\/#organization"},"alternateName":"Strangercam.com","potentialAction":[{"@type":"SearchAction","target":{"@type":"EntryPoint","urlTemplate":"https:\/\/strangercam.com\/?s={search_term_string}"},"query-input":{"@type":"PropertyValueSpecification","valueRequired":true,"valueName":"search_term_string"}}],"inLanguage":"fr-FR"},{"@type":"Organization","@id":"https:\/\/strangercam.com\/#organization","name":"Strangercam","alternateName":"Strangercam.com","url":"https:\/\/strangercam.com\/","logo":{"@type":"ImageObject","inLanguage":"fr-FR","@id":"https:\/\/strangercam.com\/#\/schema\/logo\/image\/","url":"https:\/\/strangercam.com\/wp-content\/uploads\/2020\/11\/cropped-new-favicon-black.png","contentUrl":"https:\/\/strangercam.com\/wp-content\/uploads\/2020\/11\/cropped-new-favicon-black.png","width":512,"height":512,"caption":"Strangercam"},"image":{"@id":"https:\/\/strangercam.com\/#\/schema\/logo\/image\/"},"sameAs":["https:\/\/www.facebook.com\/strangercam","https:\/\/x.com\/strangercamapp"]}]}},"_links":{"self":[{"href":"https:\/\/strangercam.com\/fr\/wp-json\/wp\/v2\/pages\/3283","targetHints":{"allow":["GET"]}}],"collection":[{"href":"https:\/\/strangercam.com\/fr\/wp-json\/wp\/v2\/pages"}],"about":[{"href":"https:\/\/strangercam.com\/fr\/wp-json\/wp\/v2\/types\/page"}],"author":[{"embeddable":true,"href":"https:\/\/strangercam.com\/fr\/wp-json\/wp\/v2\/users\/6"}],"replies":[{"embeddable":true,"href":"https:\/\/strangercam.com\/fr\/wp-json\/wp\/v2\/comments?post=3283"}],"version-history":[{"count":0,"href":"https:\/\/strangercam.com\/fr\/wp-json\/wp\/v2\/pages\/3283\/revisions"}],"wp:featuredmedia":[{"embeddable":true,"href":"https:\/\/strangercam.com\/fr\/wp-json\/wp\/v2\/media\/559"}],"wp:attachment":[{"href":"https:\/\/strangercam.com\/fr\/wp-json\/wp\/v2\/media?parent=3283"}],"curies":[{"name":"wp","href":"https:\/\/api.w.org\/{rel}","templated":true}]}}