{"id":3266,"date":"2021-05-09T21:39:15","date_gmt":"2021-05-09T19:39:15","guid":{"rendered":"https:\/\/strangercam.com\/?page_id=3266"},"modified":"2023-08-21T12:24:41","modified_gmt":"2023-08-21T10:24:41","slug":"imeetzu","status":"publish","type":"page","link":"https:\/\/strangercam.com\/fr\/imeetzu\/","title":{"rendered":"iMeetzu"},"content":{"rendered":"<p>Un site de rencontres doit pr\u00e9senter toutes les caract\u00e9ristiques n\u00e9cessaires pour permettre aux utilisateurs de trouver facilement des amis. Le site iMeetzu propose des m\u00e9thodes pour identifier les personnes qui souhaitent nouer des relations avec d'autres. Il propose des rencontres al\u00e9atoires en direct <a href=\"https:\/\/strangercam.com\/fr\/chatroulette\/\">chat<\/a> et des salons de discussion textuels permettant aux membres d'explorer facilement les int\u00e9r\u00eats et les qualit\u00e9s des autres. Le site propose des m\u00e9thodes pour d\u00e9velopper des amiti\u00e9s et des relations apr\u00e8s avoir identifi\u00e9 les personnes ad\u00e9quates. Les membres peuvent utiliser plusieurs options de chat sur ce site lorsqu'ils le souhaitent. <a href=\"https:\/\/strangercam.com\/fr\/coomeet\/\">rencontrer<\/a> de bons amis dans un lieu. En outre, ils peuvent communiquer efficacement avec les options qui aident \u00e0 cr\u00e9er des liens.<\/p>\n<h2>Quels sont les avantages et les inconv\u00e9nients de iMeetzu ?<\/h2>\n<p>Le site de rencontres est compatible avec diff\u00e9rents appareils, ce qui permet aux utilisateurs de b\u00e9n\u00e9ficier d'une meilleure exp\u00e9rience. Il permet aux utilisateurs de cr\u00e9er des profils personnalis\u00e9s avec des param\u00e8tres de confidentialit\u00e9 contr\u00f4l\u00e9s par l'utilisateur afin de garantir une meilleure protection. En outre, iMeetzu n'implique aucun frais pour les outils d'interaction lors de la conversation avec d'autres personnes. En outre, le site Web permet de cr\u00e9er des conversations de groupe qui aident \u00e0 obtenir des r\u00e9sultats optimaux. Les services sont gratuits, ce qui permet aux utilisateurs de se connecter avec d'autres personnes d\u00e8s que possible. En revanche, le processus d'inscription n'est pas obligatoire, ce qui peut entra\u00eener certains probl\u00e8mes.<\/p>\n<h3>Quelles sont les caract\u00e9ristiques offertes par le iMeetzu ?<\/h3>\n<p>Tous ceux qui souhaitent r\u00e9pondre \u00e0 des exigences pr\u00e9cises en mati\u00e8re de rencontres entre gays, lesbiennes et h\u00e9t\u00e9rosexuels peuvent choisir ce site. <a href=\"https:\/\/strangercam.com\/fr\/shagle\/\">Adulte<\/a> La rencontre est une autre fonction disponible pour ceux qui veulent entrer en contact avec des mod\u00e8les en ligne. En m\u00eame temps, les utilisateurs ne doivent pas d\u00e9passer certaines limites lorsqu'ils veulent converser avec les mannequins par l'interm\u00e9diaire des webcams. Le chat textuel, le chat de groupe et les <a href=\"https:\/\/strangercam.com\/fr\/rabbit-video-chat\/\">vid\u00e9o<\/a> le chat sont d'autres fonctionnalit\u00e9s offertes par le site web permettant aux utilisateurs de trouver des personnes int\u00e9ressantes dans un lieu donn\u00e9 sans aucune difficult\u00e9. Il est possible de t\u00e9l\u00e9charger et d'am\u00e9liorer les photos de profil sur le site web, ce qui aide beaucoup \u00e0 avoir un impact rapide sur les autres.<\/p>\n<h3>Avantages de l'utilisation du site web iMeetzu<\/h3>\n<p>Le principal avantage de l'utilisation du site iMeetzu est qu'il fournit des moyens de pr\u00e9venir la solitude et d'autres probl\u00e8mes de la vie. Il montre m\u00eame des m\u00e9thodes pour se faire des compagnons apr\u00e8s avoir \u00e9valu\u00e9 les profils et autres d\u00e9tails des autres membres. En outre, il contribue davantage \u00e0 la cr\u00e9ation de liens avec d'autres personnes issues de milieux diff\u00e9rents. De plus, le site est un endroit parfait pour les rencontres entre adultes o\u00f9 l'on peut discuter avec <a href=\"https:\/\/strangercam.com\/fr\/chat-video-avec-des-filles\/\">filles<\/a> et des gar\u00e7ons par l'interm\u00e9diaire de webcams. Le site propose des m\u00e9thodes pour s\u00e9lectionner des personnes au hasard avec des options de recherche et des filtres pour garantir une communication efficace.<\/p>","protected":false},"excerpt":{"rendered":"<p>A dating website should cover all the features for users when they want to find friends with ease. iMeetzu website provides methods to identify people who want to build relationships with others. It features random live chat and text chat rooms for members to explore the interests and qualities of others easily. The website gives [&hellip;]<\/p>\n","protected":false},"author":6,"featured_media":559,"parent":0,"menu_order":0,"comment_status":"closed","ping_status":"closed","template":"","meta":{"footnotes":""},"class_list":["post-3266","page","type-page","status-publish","has-post-thumbnail","hentry"],"yoast_head":"<!-- This site is optimized with the Yoast SEO plugin v26.9 - https:\/\/yoast.com\/product\/yoast-seo-wordpress\/ -->\n<title>iMeetzu - Most Popular Video Chats - Cam on StrangerCam.com<\/title>\n<meta name=\"description\" content=\"Like iMeetzu? Come chat with more than 5.000.000 strangers on Stranger Cam for Free! Turn on your cam and find new friends &amp; maby a match!\" \/>\n<meta name=\"robots\" content=\"index, follow, max-snippet:-1, max-image-preview:large, max-video-preview:-1\" \/>\n<link rel=\"canonical\" href=\"https:\/\/strangercam.com\/fr\/imeetzu\/\" \/>\n<meta property=\"og:locale\" content=\"fr_FR\" \/>\n<meta property=\"og:type\" content=\"article\" \/>\n<meta property=\"og:title\" content=\"iMeetzu - Most Popular Video Chats - Cam on StrangerCam.com\" \/>\n<meta property=\"og:description\" content=\"Like iMeetzu? Come chat with more than 5.000.000 strangers on Stranger Cam for Free! Turn on your cam and find new friends &amp; maby a match!\" \/>\n<meta property=\"og:url\" content=\"https:\/\/strangercam.com\/fr\/imeetzu\/\" \/>\n<meta property=\"og:site_name\" content=\"Strangercam\" \/>\n<meta property=\"article:publisher\" content=\"https:\/\/www.facebook.com\/strangercam\" \/>\n<meta property=\"article:modified_time\" content=\"2023-08-21T10:24:41+00:00\" \/>\n<meta property=\"og:image\" content=\"https:\/\/strangercam.com\/wp-content\/uploads\/2020\/11\/stranger-cam-1.png\" \/>\n\t<meta property=\"og:image:width\" content=\"800\" \/>\n\t<meta property=\"og:image:height\" content=\"800\" \/>\n\t<meta property=\"og:image:type\" content=\"image\/png\" \/>\n<meta name=\"twitter:card\" content=\"summary_large_image\" \/>\n<meta name=\"twitter:site\" content=\"@strangercamapp\" \/>\n<meta name=\"twitter:label1\" content=\"Dur\u00e9e de lecture estim\u00e9e\" \/>\n\t<meta name=\"twitter:data1\" content=\"2 minutes\" \/>\n<script type=\"application\/ld+json\" class=\"yoast-schema-graph\">{\"@context\":\"https:\/\/schema.org\",\"@graph\":[{\"@type\":\"WebPage\",\"@id\":\"https:\/\/strangercam.com\/imeetzu\/\",\"url\":\"https:\/\/strangercam.com\/imeetzu\/\",\"name\":\"iMeetzu - Most Popular Video Chats - Cam on StrangerCam.com\",\"isPartOf\":{\"@id\":\"https:\/\/strangercam.com\/#website\"},\"primaryImageOfPage\":{\"@id\":\"https:\/\/strangercam.com\/imeetzu\/#primaryimage\"},\"image\":{\"@id\":\"https:\/\/strangercam.com\/imeetzu\/#primaryimage\"},\"thumbnailUrl\":\"https:\/\/strangercam.com\/wp-content\/uploads\/2020\/11\/stranger-cam-1.png\",\"datePublished\":\"2021-05-09T19:39:15+00:00\",\"dateModified\":\"2023-08-21T10:24:41+00:00\",\"description\":\"Like iMeetzu? Come chat with more than 5.000.000 strangers on Stranger Cam for Free! Turn on your cam and find new friends & maby a match!\",\"breadcrumb\":{\"@id\":\"https:\/\/strangercam.com\/imeetzu\/#breadcrumb\"},\"inLanguage\":\"fr-FR\",\"potentialAction\":[{\"@type\":\"ReadAction\",\"target\":[\"https:\/\/strangercam.com\/imeetzu\/\"]}]},{\"@type\":\"ImageObject\",\"inLanguage\":\"fr-FR\",\"@id\":\"https:\/\/strangercam.com\/imeetzu\/#primaryimage\",\"url\":\"https:\/\/strangercam.com\/wp-content\/uploads\/2020\/11\/stranger-cam-1.png\",\"contentUrl\":\"https:\/\/strangercam.com\/wp-content\/uploads\/2020\/11\/stranger-cam-1.png\",\"width\":800,\"height\":800,\"caption\":\"stranger cam random video chat\"},{\"@type\":\"BreadcrumbList\",\"@id\":\"https:\/\/strangercam.com\/imeetzu\/#breadcrumb\",\"itemListElement\":[{\"@type\":\"ListItem\",\"position\":1,\"name\":\"Home\",\"item\":\"https:\/\/strangercam.com\/\"},{\"@type\":\"ListItem\",\"position\":2,\"name\":\"iMeetzu\"}]},{\"@type\":\"WebSite\",\"@id\":\"https:\/\/strangercam.com\/#website\",\"url\":\"https:\/\/strangercam.com\/\",\"name\":\"Strangercam\",\"description\":\"Random Video Chat with Strangers\",\"publisher\":{\"@id\":\"https:\/\/strangercam.com\/#organization\"},\"alternateName\":\"Strangercam.com\",\"potentialAction\":[{\"@type\":\"SearchAction\",\"target\":{\"@type\":\"EntryPoint\",\"urlTemplate\":\"https:\/\/strangercam.com\/?s={search_term_string}\"},\"query-input\":{\"@type\":\"PropertyValueSpecification\",\"valueRequired\":true,\"valueName\":\"search_term_string\"}}],\"inLanguage\":\"fr-FR\"},{\"@type\":\"Organization\",\"@id\":\"https:\/\/strangercam.com\/#organization\",\"name\":\"Strangercam\",\"alternateName\":\"Strangercam.com\",\"url\":\"https:\/\/strangercam.com\/\",\"logo\":{\"@type\":\"ImageObject\",\"inLanguage\":\"fr-FR\",\"@id\":\"https:\/\/strangercam.com\/#\/schema\/logo\/image\/\",\"url\":\"https:\/\/strangercam.com\/wp-content\/uploads\/2020\/11\/cropped-new-favicon-black.png\",\"contentUrl\":\"https:\/\/strangercam.com\/wp-content\/uploads\/2020\/11\/cropped-new-favicon-black.png\",\"width\":512,\"height\":512,\"caption\":\"Strangercam\"},\"image\":{\"@id\":\"https:\/\/strangercam.com\/#\/schema\/logo\/image\/\"},\"sameAs\":[\"https:\/\/www.facebook.com\/strangercam\",\"https:\/\/x.com\/strangercamapp\"]}]}<\/script>\n<!-- \/ Yoast SEO plugin. -->","yoast_head_json":{"title":"iMeetzu - Chats vid\u00e9o les plus populaires - Cam sur StrangerCam.com","description":"Vous aimez iMeetzu ? Venez discuter avec plus de 5.000.000 d'inconnus sur Stranger Cam gratuitement ! Allume ta cam\u00e9ra et trouve de nouveaux amis et peut-\u00eatre un partenaire !","robots":{"index":"index","follow":"follow","max-snippet":"max-snippet:-1","max-image-preview":"max-image-preview:large","max-video-preview":"max-video-preview:-1"},"canonical":"https:\/\/strangercam.com\/fr\/imeetzu\/","og_locale":"fr_FR","og_type":"article","og_title":"iMeetzu - Most Popular Video Chats - Cam on StrangerCam.com","og_description":"Like iMeetzu? Come chat with more than 5.000.000 strangers on Stranger Cam for Free! Turn on your cam and find new friends & maby a match!","og_url":"https:\/\/strangercam.com\/fr\/imeetzu\/","og_site_name":"Strangercam","article_publisher":"https:\/\/www.facebook.com\/strangercam","article_modified_time":"2023-08-21T10:24:41+00:00","og_image":[{"width":800,"height":800,"url":"https:\/\/strangercam.com\/wp-content\/uploads\/2020\/11\/stranger-cam-1.png","type":"image\/png"}],"twitter_card":"summary_large_image","twitter_site":"@strangercamapp","twitter_misc":{"Dur\u00e9e de lecture estim\u00e9e":"2 minutes"},"schema":{"@context":"https:\/\/schema.org","@graph":[{"@type":"WebPage","@id":"https:\/\/strangercam.com\/imeetzu\/","url":"https:\/\/strangercam.com\/imeetzu\/","name":"iMeetzu - Chats vid\u00e9o les plus populaires - Cam sur StrangerCam.com","isPartOf":{"@id":"https:\/\/strangercam.com\/#website"},"primaryImageOfPage":{"@id":"https:\/\/strangercam.com\/imeetzu\/#primaryimage"},"image":{"@id":"https:\/\/strangercam.com\/imeetzu\/#primaryimage"},"thumbnailUrl":"https:\/\/strangercam.com\/wp-content\/uploads\/2020\/11\/stranger-cam-1.png","datePublished":"2021-05-09T19:39:15+00:00","dateModified":"2023-08-21T10:24:41+00:00","description":"Vous aimez iMeetzu ? Venez discuter avec plus de 5.000.000 d'inconnus sur Stranger Cam gratuitement ! Allume ta cam\u00e9ra et trouve de nouveaux amis et peut-\u00eatre un partenaire !","breadcrumb":{"@id":"https:\/\/strangercam.com\/imeetzu\/#breadcrumb"},"inLanguage":"fr-FR","potentialAction":[{"@type":"ReadAction","target":["https:\/\/strangercam.com\/imeetzu\/"]}]},{"@type":"ImageObject","inLanguage":"fr-FR","@id":"https:\/\/strangercam.com\/imeetzu\/#primaryimage","url":"https:\/\/strangercam.com\/wp-content\/uploads\/2020\/11\/stranger-cam-1.png","contentUrl":"https:\/\/strangercam.com\/wp-content\/uploads\/2020\/11\/stranger-cam-1.png","width":800,"height":800,"caption":"stranger cam random video chat"},{"@type":"BreadcrumbList","@id":"https:\/\/strangercam.com\/imeetzu\/#breadcrumb","itemListElement":[{"@type":"ListItem","position":1,"name":"Home","item":"https:\/\/strangercam.com\/"},{"@type":"ListItem","position":2,"name":"iMeetzu"}]},{"@type":"WebSite","@id":"https:\/\/strangercam.com\/#website","url":"https:\/\/strangercam.com\/","name":"Strangercam","description":"Chat vid\u00e9o al\u00e9atoire avec des inconnus","publisher":{"@id":"https:\/\/strangercam.com\/#organization"},"alternateName":"Strangercam.com","potentialAction":[{"@type":"SearchAction","target":{"@type":"EntryPoint","urlTemplate":"https:\/\/strangercam.com\/?s={search_term_string}"},"query-input":{"@type":"PropertyValueSpecification","valueRequired":true,"valueName":"search_term_string"}}],"inLanguage":"fr-FR"},{"@type":"Organization","@id":"https:\/\/strangercam.com\/#organization","name":"Strangercam","alternateName":"Strangercam.com","url":"https:\/\/strangercam.com\/","logo":{"@type":"ImageObject","inLanguage":"fr-FR","@id":"https:\/\/strangercam.com\/#\/schema\/logo\/image\/","url":"https:\/\/strangercam.com\/wp-content\/uploads\/2020\/11\/cropped-new-favicon-black.png","contentUrl":"https:\/\/strangercam.com\/wp-content\/uploads\/2020\/11\/cropped-new-favicon-black.png","width":512,"height":512,"caption":"Strangercam"},"image":{"@id":"https:\/\/strangercam.com\/#\/schema\/logo\/image\/"},"sameAs":["https:\/\/www.facebook.com\/strangercam","https:\/\/x.com\/strangercamapp"]}]}},"_links":{"self":[{"href":"https:\/\/strangercam.com\/fr\/wp-json\/wp\/v2\/pages\/3266","targetHints":{"allow":["GET"]}}],"collection":[{"href":"https:\/\/strangercam.com\/fr\/wp-json\/wp\/v2\/pages"}],"about":[{"href":"https:\/\/strangercam.com\/fr\/wp-json\/wp\/v2\/types\/page"}],"author":[{"embeddable":true,"href":"https:\/\/strangercam.com\/fr\/wp-json\/wp\/v2\/users\/6"}],"replies":[{"embeddable":true,"href":"https:\/\/strangercam.com\/fr\/wp-json\/wp\/v2\/comments?post=3266"}],"version-history":[{"count":0,"href":"https:\/\/strangercam.com\/fr\/wp-json\/wp\/v2\/pages\/3266\/revisions"}],"wp:featuredmedia":[{"embeddable":true,"href":"https:\/\/strangercam.com\/fr\/wp-json\/wp\/v2\/media\/559"}],"wp:attachment":[{"href":"https:\/\/strangercam.com\/fr\/wp-json\/wp\/v2\/media?parent=3266"}],"curies":[{"name":"wp","href":"https:\/\/api.w.org\/{rel}","templated":true}]}}