{"id":3215,"date":"2021-05-09T21:26:42","date_gmt":"2021-05-09T19:26:42","guid":{"rendered":"https:\/\/strangercam.com\/?page_id=3215"},"modified":"2023-08-21T12:24:41","modified_gmt":"2023-08-21T10:24:41","slug":"chatville","status":"publish","type":"page","link":"https:\/\/strangercam.com\/fr\/chatville\/","title":{"rendered":"Chatville"},"content":{"rendered":"<p>Un site de rencontre permet aux utilisateurs non seulement de trouver des amis, mais aussi de nouer des relations \u00e0 distance avec d'autres personnes. Chatville est une application de webcam destin\u00e9e \u00e0 ceux qui veulent <a href=\"https:\/\/strangercam.com\/fr\/coomeet\/\">rencontrer<\/a> Le site permet de rencontrer facilement des personnes int\u00e9ressantes dans diff\u00e9rentes parties du monde. Le site permet de se faire de nouveaux amis de diff\u00e9rents horizons gr\u00e2ce aux derni\u00e8res fonctionnalit\u00e9s. Il permet \u00e9galement aux gens de trouver les meilleurs compagnons de vie ou partenaires en fonction de leurs choix. Ceux qui veulent se connecter rapidement avec d'autres personnes peuvent s\u00e9lectionner le site qui les aidera \u00e0 construire l'amour, la romance et l'amiti\u00e9.<\/p>\n<h2>Comment utiliser Chatville ?<\/h2>\n<p>Les nouveaux membres qui souhaitent utiliser Chatville doivent se rendre sur le site web pour cr\u00e9er un compte d\u00e8s que possible. Ils peuvent m\u00eame personnaliser leur profil et ajouter des d\u00e9tails sur eux-m\u00eames pour cr\u00e9er un impact sur les autres. La plateforme web permet aux utilisateurs d'inviter des amis \u00e0 partir de leur liste de contacts ou des m\u00e9dias sociaux, ce qui les aide \u00e0 trouver facilement des personnes partageant les m\u00eames id\u00e9es. Les utilisateurs peuvent entamer une conversation avec d'autres personnes apr\u00e8s avoir saisi un mot de passe. <a href=\"https:\/\/strangercam.com\/fr\/chatroulette\/\">chat<\/a> chambre. De plus, ils peuvent utiliser <a href=\"https:\/\/strangercam.com\/fr\/rabbit-video-chat\/\">vid\u00e9o<\/a> Il est possible de t\u00e9l\u00e9phoner \u00e0 d'autres personnes pour partager leurs id\u00e9es et d'autres choses en cons\u00e9quence. Le site Web permet \u00e9galement de rencontrer facilement des amis dans un lieu donn\u00e9 apr\u00e8s les avoir identifi\u00e9s.<\/p>\n<h3>Quelles sont les caract\u00e9ristiques de Chatville ?<\/h3>\n<p>Le site de rencontre offre des fonctionnalit\u00e9s uniques aux utilisateurs, ce qui leur permet d'avoir une meilleure exp\u00e9rience en mati\u00e8re de chat. Certaines d'entre elles incluent un acc\u00e8s mondial, <a href=\"https:\/\/strangercam.com\/fr\/chat4free\/\">gratuit<\/a> l'enregistrement, la s\u00e9curit\u00e9, la confidentialit\u00e9, les emojis, les messages textuels, etc. Il dispose de plusieurs salles de chat o\u00f9 l'on peut discuter avec de nombreux gar\u00e7ons et filles chauds. <a href=\"https:\/\/strangercam.com\/fr\/video-chat-with-girls\/\">filles<\/a>. En outre, les utilisateurs peuvent acheter des jetons sur le site Web lui-m\u00eame pour devenir membres. Toute personne souhaitant devenir un membre VIP doit acheter au moins 270 jetons. Les nouveaux utilisateurs peuvent entrer librement dans n'importe quelle salle, mais ils doivent conna\u00eetre les restrictions avant de se rendre dans une salle de discussion r\u00e9serv\u00e9e aux membres.<\/p>\n<h3>Le num\u00e9ro Chatville est-il s\u00e9curis\u00e9 ?<\/h3>\n<p>La s\u00e9curit\u00e9 est la caract\u00e9ristique la plus importante \u00e0 prendre en compte lors du choix d'un site de rencontres. Chatville offre une protection \u00e9lev\u00e9e aux utilisateurs lorsqu'ils souhaitent discuter avec d'autres personnes. En outre, ils peuvent signaler \u00e0 l'\u00e9quipe d'assistance \u00e0 la client\u00e8le tout comportement impoli de la part d'une personne. Le site aide \u00e0 garder le contr\u00f4le des personnes de mani\u00e8re significative, ce qui permet d'obtenir des r\u00e9sultats optimaux. Il interdit les personnes qui poss\u00e8dent plusieurs comptes, ce qui contribue \u00e0 renforcer la s\u00e9curit\u00e9. Les utilisateurs peuvent inviter d'autres personnes \u00e0 se joindre \u00e0 leurs salons en envoyant des courriels. L'option de filtrage disponible sur le site permet aux utilisateurs de s\u00e9lectionner le sexe ou le groupe d'\u00e2ge en fonction de leurs choix.<\/p>","protected":false},"excerpt":{"rendered":"<p>A dating website allows users not only to find friends but also helps to build long-distance relationships with others. Chatville is a webcam application meant for those who want to meet interesting persons in different parts of the world with ease. The website gives ways to make new friends from different walks of life with [&hellip;]<\/p>\n","protected":false},"author":6,"featured_media":559,"parent":0,"menu_order":0,"comment_status":"closed","ping_status":"closed","template":"","meta":{"footnotes":""},"class_list":["post-3215","page","type-page","status-publish","has-post-thumbnail","hentry"],"yoast_head":"<!-- This site is optimized with the Yoast SEO plugin v27.4 - https:\/\/yoast.com\/product\/yoast-seo-wordpress\/ -->\n<title>Chatville - Most Popular Video Chats - Cam on StrangerCam.com<\/title>\n<meta name=\"description\" content=\"Like Chatville? Come chat with more than 5.000.000 strangers on Stranger Cam for Free! Turn on your cam and find new friends &amp; maby a match!\" \/>\n<meta name=\"robots\" content=\"index, follow, max-snippet:-1, max-image-preview:large, max-video-preview:-1\" \/>\n<link rel=\"canonical\" href=\"https:\/\/strangercam.com\/fr\/chatville\/\" \/>\n<meta property=\"og:locale\" content=\"fr_FR\" \/>\n<meta property=\"og:type\" content=\"article\" \/>\n<meta property=\"og:title\" content=\"Chatville - Most Popular Video Chats - Cam on StrangerCam.com\" \/>\n<meta property=\"og:description\" content=\"Like Chatville? Come chat with more than 5.000.000 strangers on Stranger Cam for Free! Turn on your cam and find new friends &amp; maby a match!\" \/>\n<meta property=\"og:url\" content=\"https:\/\/strangercam.com\/fr\/chatville\/\" \/>\n<meta property=\"og:site_name\" content=\"Strangercam\" \/>\n<meta property=\"article:publisher\" content=\"https:\/\/www.facebook.com\/strangercam\" \/>\n<meta property=\"article:modified_time\" content=\"2023-08-21T10:24:41+00:00\" \/>\n<meta property=\"og:image\" content=\"https:\/\/strangercam.com\/wp-content\/uploads\/2020\/11\/stranger-cam-1.png\" \/>\n\t<meta property=\"og:image:width\" content=\"800\" \/>\n\t<meta property=\"og:image:height\" content=\"800\" \/>\n\t<meta property=\"og:image:type\" content=\"image\/png\" \/>\n<meta name=\"twitter:card\" content=\"summary_large_image\" \/>\n<meta name=\"twitter:site\" content=\"@strangercamapp\" \/>\n<meta name=\"twitter:label1\" content=\"Dur\u00e9e de lecture estim\u00e9e\" \/>\n\t<meta name=\"twitter:data1\" content=\"2 minutes\" \/>\n<script type=\"application\/ld+json\" class=\"yoast-schema-graph\">{\"@context\":\"https:\\\/\\\/schema.org\",\"@graph\":[{\"@type\":\"WebPage\",\"@id\":\"https:\\\/\\\/strangercam.com\\\/chatville\\\/\",\"url\":\"https:\\\/\\\/strangercam.com\\\/chatville\\\/\",\"name\":\"Chatville - Most Popular Video Chats - Cam on StrangerCam.com\",\"isPartOf\":{\"@id\":\"https:\\\/\\\/strangercam.com\\\/#website\"},\"primaryImageOfPage\":{\"@id\":\"https:\\\/\\\/strangercam.com\\\/chatville\\\/#primaryimage\"},\"image\":{\"@id\":\"https:\\\/\\\/strangercam.com\\\/chatville\\\/#primaryimage\"},\"thumbnailUrl\":\"https:\\\/\\\/strangercam.com\\\/wp-content\\\/uploads\\\/2020\\\/11\\\/stranger-cam-1.png\",\"datePublished\":\"2021-05-09T19:26:42+00:00\",\"dateModified\":\"2023-08-21T10:24:41+00:00\",\"description\":\"Like Chatville? Come chat with more than 5.000.000 strangers on Stranger Cam for Free! Turn on your cam and find new friends & maby a match!\",\"breadcrumb\":{\"@id\":\"https:\\\/\\\/strangercam.com\\\/chatville\\\/#breadcrumb\"},\"inLanguage\":\"fr-FR\",\"potentialAction\":[{\"@type\":\"ReadAction\",\"target\":[\"https:\\\/\\\/strangercam.com\\\/chatville\\\/\"]}]},{\"@type\":\"ImageObject\",\"inLanguage\":\"fr-FR\",\"@id\":\"https:\\\/\\\/strangercam.com\\\/chatville\\\/#primaryimage\",\"url\":\"https:\\\/\\\/strangercam.com\\\/wp-content\\\/uploads\\\/2020\\\/11\\\/stranger-cam-1.png\",\"contentUrl\":\"https:\\\/\\\/strangercam.com\\\/wp-content\\\/uploads\\\/2020\\\/11\\\/stranger-cam-1.png\",\"width\":800,\"height\":800,\"caption\":\"stranger cam random video chat\"},{\"@type\":\"BreadcrumbList\",\"@id\":\"https:\\\/\\\/strangercam.com\\\/chatville\\\/#breadcrumb\",\"itemListElement\":[{\"@type\":\"ListItem\",\"position\":1,\"name\":\"Home\",\"item\":\"https:\\\/\\\/strangercam.com\\\/\"},{\"@type\":\"ListItem\",\"position\":2,\"name\":\"Chatville\"}]},{\"@type\":\"WebSite\",\"@id\":\"https:\\\/\\\/strangercam.com\\\/#website\",\"url\":\"https:\\\/\\\/strangercam.com\\\/\",\"name\":\"Strangercam\",\"description\":\"Random Video Chat with Strangers\",\"publisher\":{\"@id\":\"https:\\\/\\\/strangercam.com\\\/#organization\"},\"alternateName\":\"Strangercam.com\",\"potentialAction\":[{\"@type\":\"SearchAction\",\"target\":{\"@type\":\"EntryPoint\",\"urlTemplate\":\"https:\\\/\\\/strangercam.com\\\/?s={search_term_string}\"},\"query-input\":{\"@type\":\"PropertyValueSpecification\",\"valueRequired\":true,\"valueName\":\"search_term_string\"}}],\"inLanguage\":\"fr-FR\"},{\"@type\":\"Organization\",\"@id\":\"https:\\\/\\\/strangercam.com\\\/#organization\",\"name\":\"Strangercam\",\"alternateName\":\"Strangercam.com\",\"url\":\"https:\\\/\\\/strangercam.com\\\/\",\"logo\":{\"@type\":\"ImageObject\",\"inLanguage\":\"fr-FR\",\"@id\":\"https:\\\/\\\/strangercam.com\\\/#\\\/schema\\\/logo\\\/image\\\/\",\"url\":\"https:\\\/\\\/strangercam.com\\\/wp-content\\\/uploads\\\/2020\\\/11\\\/cropped-new-favicon-black.png\",\"contentUrl\":\"https:\\\/\\\/strangercam.com\\\/wp-content\\\/uploads\\\/2020\\\/11\\\/cropped-new-favicon-black.png\",\"width\":512,\"height\":512,\"caption\":\"Strangercam\"},\"image\":{\"@id\":\"https:\\\/\\\/strangercam.com\\\/#\\\/schema\\\/logo\\\/image\\\/\"},\"sameAs\":[\"https:\\\/\\\/www.facebook.com\\\/strangercam\",\"https:\\\/\\\/x.com\\\/strangercamapp\"]}]}<\/script>\n<!-- \/ Yoast SEO plugin. -->","yoast_head_json":{"title":"Chatville - Chats vid\u00e9o les plus populaires - Cam sur StrangerCam.com","description":"Vous aimez Chatville ? Venez discuter avec plus de 5.000.000 d'inconnus sur Stranger Cam gratuitement ! Allume ta cam\u00e9ra et trouve de nouveaux amis et peut-\u00eatre un partenaire !","robots":{"index":"index","follow":"follow","max-snippet":"max-snippet:-1","max-image-preview":"max-image-preview:large","max-video-preview":"max-video-preview:-1"},"canonical":"https:\/\/strangercam.com\/fr\/chatville\/","og_locale":"fr_FR","og_type":"article","og_title":"Chatville - Most Popular Video Chats - Cam on StrangerCam.com","og_description":"Like Chatville? Come chat with more than 5.000.000 strangers on Stranger Cam for Free! Turn on your cam and find new friends & maby a match!","og_url":"https:\/\/strangercam.com\/fr\/chatville\/","og_site_name":"Strangercam","article_publisher":"https:\/\/www.facebook.com\/strangercam","article_modified_time":"2023-08-21T10:24:41+00:00","og_image":[{"width":800,"height":800,"url":"https:\/\/strangercam.com\/wp-content\/uploads\/2020\/11\/stranger-cam-1.png","type":"image\/png"}],"twitter_card":"summary_large_image","twitter_site":"@strangercamapp","twitter_misc":{"Dur\u00e9e de lecture estim\u00e9e":"2 minutes"},"schema":{"@context":"https:\/\/schema.org","@graph":[{"@type":"WebPage","@id":"https:\/\/strangercam.com\/chatville\/","url":"https:\/\/strangercam.com\/chatville\/","name":"Chatville - Chats vid\u00e9o les plus populaires - Cam sur StrangerCam.com","isPartOf":{"@id":"https:\/\/strangercam.com\/#website"},"primaryImageOfPage":{"@id":"https:\/\/strangercam.com\/chatville\/#primaryimage"},"image":{"@id":"https:\/\/strangercam.com\/chatville\/#primaryimage"},"thumbnailUrl":"https:\/\/strangercam.com\/wp-content\/uploads\/2020\/11\/stranger-cam-1.png","datePublished":"2021-05-09T19:26:42+00:00","dateModified":"2023-08-21T10:24:41+00:00","description":"Vous aimez Chatville ? Venez discuter avec plus de 5.000.000 d'inconnus sur Stranger Cam gratuitement ! Allume ta cam\u00e9ra et trouve de nouveaux amis et peut-\u00eatre un partenaire !","breadcrumb":{"@id":"https:\/\/strangercam.com\/chatville\/#breadcrumb"},"inLanguage":"fr-FR","potentialAction":[{"@type":"ReadAction","target":["https:\/\/strangercam.com\/chatville\/"]}]},{"@type":"ImageObject","inLanguage":"fr-FR","@id":"https:\/\/strangercam.com\/chatville\/#primaryimage","url":"https:\/\/strangercam.com\/wp-content\/uploads\/2020\/11\/stranger-cam-1.png","contentUrl":"https:\/\/strangercam.com\/wp-content\/uploads\/2020\/11\/stranger-cam-1.png","width":800,"height":800,"caption":"stranger cam random video chat"},{"@type":"BreadcrumbList","@id":"https:\/\/strangercam.com\/chatville\/#breadcrumb","itemListElement":[{"@type":"ListItem","position":1,"name":"Home","item":"https:\/\/strangercam.com\/"},{"@type":"ListItem","position":2,"name":"Chatville"}]},{"@type":"WebSite","@id":"https:\/\/strangercam.com\/#website","url":"https:\/\/strangercam.com\/","name":"Strangercam","description":"Chat vid\u00e9o al\u00e9atoire avec des inconnus","publisher":{"@id":"https:\/\/strangercam.com\/#organization"},"alternateName":"Strangercam.com","potentialAction":[{"@type":"SearchAction","target":{"@type":"EntryPoint","urlTemplate":"https:\/\/strangercam.com\/?s={search_term_string}"},"query-input":{"@type":"PropertyValueSpecification","valueRequired":true,"valueName":"search_term_string"}}],"inLanguage":"fr-FR"},{"@type":"Organization","@id":"https:\/\/strangercam.com\/#organization","name":"Strangercam","alternateName":"Strangercam.com","url":"https:\/\/strangercam.com\/","logo":{"@type":"ImageObject","inLanguage":"fr-FR","@id":"https:\/\/strangercam.com\/#\/schema\/logo\/image\/","url":"https:\/\/strangercam.com\/wp-content\/uploads\/2020\/11\/cropped-new-favicon-black.png","contentUrl":"https:\/\/strangercam.com\/wp-content\/uploads\/2020\/11\/cropped-new-favicon-black.png","width":512,"height":512,"caption":"Strangercam"},"image":{"@id":"https:\/\/strangercam.com\/#\/schema\/logo\/image\/"},"sameAs":["https:\/\/www.facebook.com\/strangercam","https:\/\/x.com\/strangercamapp"]}]}},"_links":{"self":[{"href":"https:\/\/strangercam.com\/fr\/wp-json\/wp\/v2\/pages\/3215","targetHints":{"allow":["GET"]}}],"collection":[{"href":"https:\/\/strangercam.com\/fr\/wp-json\/wp\/v2\/pages"}],"about":[{"href":"https:\/\/strangercam.com\/fr\/wp-json\/wp\/v2\/types\/page"}],"author":[{"embeddable":true,"href":"https:\/\/strangercam.com\/fr\/wp-json\/wp\/v2\/users\/6"}],"replies":[{"embeddable":true,"href":"https:\/\/strangercam.com\/fr\/wp-json\/wp\/v2\/comments?post=3215"}],"version-history":[{"count":0,"href":"https:\/\/strangercam.com\/fr\/wp-json\/wp\/v2\/pages\/3215\/revisions"}],"wp:featuredmedia":[{"embeddable":true,"href":"https:\/\/strangercam.com\/fr\/wp-json\/wp\/v2\/media\/559"}],"wp:attachment":[{"href":"https:\/\/strangercam.com\/fr\/wp-json\/wp\/v2\/media?parent=3215"}],"curies":[{"name":"wp","href":"https:\/\/api.w.org\/{rel}","templated":true}]}}