{"id":3197,"date":"2021-05-09T21:20:36","date_gmt":"2021-05-09T19:20:36","guid":{"rendered":"https:\/\/strangercam.com\/?page_id=3197"},"modified":"2023-08-21T12:24:41","modified_gmt":"2023-08-21T10:24:41","slug":"chatous","status":"publish","type":"page","link":"https:\/\/strangercam.com\/fr\/chatous\/","title":{"rendered":"Chatous"},"content":{"rendered":"<p>Un site de rencontre est un endroit appropri\u00e9 pour ceux qui veulent <a href=\"https:\/\/strangercam.com\/fr\/coomeet\/\">rencontrer<\/a> les personnes de leurs r\u00eaves lorsqu'il s'agit de relations \u00e0 distance. En m\u00eame temps, tous les sites de rencontre ne sont pas identiques et n\u00e9cessitent une plus grande attention. Choisir le bon site de rencontre permet aux utilisateurs de se faire de nouveaux amis et compagnons issus de diff\u00e9rents horizons.<\/p>\n<p>Il existe un besoin naturel dans la nature humaine de parler \u00e0 des \u00e9trangers et de partager des exp\u00e9riences avec eux. On ne peut pas le cacher plus longtemps. Un jour ou l'autre, il faut aller dans cette direction. Dans ce monde num\u00e9ris\u00e9, c'est plus accessible que jamais. Chatous a apport\u00e9 un syst\u00e8me puissant combin\u00e9 \u00e0 l'IA pour vous aider \u00e0 r\u00e9aliser votre r\u00eave de parler \u00e0 des inconnus.<\/p>\n<p>Le site de rencontre Chatous offre d'excellentes caract\u00e9ristiques pour les gar\u00e7ons,\u00a0<a href=\"https:\/\/strangercam.com\/fr\/video-chat-with-girls\/\">filles<\/a>Le site permet aux internautes, hommes et femmes, d'identifier rapidement les personnes qui recherchent l'amiti\u00e9, le plaisir ou l'amour. Le site propose des moyens d'interagir avec les autres pour conna\u00eetre leurs centres d'int\u00e9r\u00eat et d'autres d\u00e9tails.<\/p>\n<h2>Vie priv\u00e9e et contr\u00f4le<\/h2>\n<p>La principale pr\u00e9occupation des utilisateurs qui souhaitent utiliser une plateforme de chat en ligne est la confidentialit\u00e9 et la s\u00e9curit\u00e9. Ils craignent d'\u00eatre expos\u00e9s. Personne ne veut se lancer dans quoi que ce soit sans savoir qu'il est en s\u00e9curit\u00e9 ici.<\/p>\n<p>Les sites de rencontre Chatous proposent des solutions permanentes \u00e0 cette pr\u00e9occupation des utilisateurs. Ils disposent d'un solide syst\u00e8me de contr\u00f4le et de protection de la vie priv\u00e9e. Vous pouvez choisir \u00e0 qui vous voulez parler et qui vous voulez ignorer. Si une personne se montre sexuellement explicite et que vous n'aimez pas ses gestes, vous pouvez directement la signaler aux responsables. Ceux-ci prendront alors les mesures n\u00e9cessaires \u00e0 l'encontre de cette personne.<\/p>\n<p>Chatous n'est pas tr\u00e8s strict en ce qui concerne la collecte d'informations sur les visiteurs. Il est clairement mentionn\u00e9 dans leur politique de confidentialit\u00e9 que \"en utilisant Chatous, vous consentez express\u00e9ment aux pratiques de traitement des informations d\u00e9crites dans la pr\u00e9sente politique de confidentialit\u00e9\". La politique de confidentialit\u00e9 et de partage des donn\u00e9es de Chatous pr\u00e9sente certaines lacunes. Le site web indique clairement que \"dans certaines circonstances, nous pouvons partager vos donn\u00e9es avec des tiers sans vous en informer\".<\/p>\n<h2>Connexion et utilisation<\/h2>\n<p>Chatous propose une proc\u00e9dure de connexion simple. Vous devez d'abord cr\u00e9er un compte. Vous devez vous connecter \u00e0 votre compte pour commencer \u00e0 chatter. Vous devez choisir un nom d'utilisateur et un mot de passe pour garantir la s\u00e9curit\u00e9 de votre compte.<\/p>\n<p>Vous pouvez utiliser les fonctions directement apr\u00e8s vous \u00eatre connect\u00e9. Le site web vous proposera un choix de genres. Vous pouvez choisir le sexe masculin ou f\u00e9minin selon votre go\u00fbt. Vous devez indiquer votre \u00e2ge. L'\u00e2ge est demand\u00e9 pour que l'utilisateur assis \u00e0 l'autre bout puisse voir votre \u00e2ge et d\u00e9cider en cons\u00e9quence.<\/p>\n<h2>Se faire de nouveaux amis<\/h2>\n<p>Se faire de nouveaux amis est toujours amusant. Vous pouvez parler \u00e0 des inconnus dans le monde entier en utilisant le site web. Si vous souhaitez savoir ce qui se passe dans d'autres pays et quelles sont les cultures que d'autres personnes adorent et appr\u00e9cient, vous devriez utiliser le site web pour parler aux gens.<\/p>\n<p>Le site web vous dirigera vers la personne la plus appropri\u00e9e \u00e0 l'aide des informations fournies. Vous pouvez alors lui parler ou passer \u00e0 la personne suivante si vous n'aimez pas la premi\u00e8re.<\/p>\n<h2>Groupe ou al\u00e9atoire<\/h2>\n<p>Vous pouvez \u00e9galement choisir <a href=\"https:\/\/strangercam.com\/fr\/chatroulette\/\">chat<\/a> en groupes ou permettre au syst\u00e8me d'intelligence artificielle du site de s\u00e9lectionner une personne au hasard. Ces deux options sont amusantes et augmentent les chances de rencontres potentielles.<\/p>\n<p>Si vous \u00eates extraverti et aimez \u00eatre entour\u00e9 de gens, le chat de groupe est fait pour vous. La s\u00e9lection al\u00e9atoire est davantage ax\u00e9e sur l'amusement et la surprise.<br \/>\nQuelles sont les caract\u00e9ristiques du site de rencontre Chatous ?<\/p>\n<p>Le site de rencontres pr\u00e9sente des caract\u00e9ristiques uniques pour les utilisateurs, ce qui permet d'identifier des personnes partageant les m\u00eames id\u00e9es et les m\u00eames choses au quotidien. Un syst\u00e8me de mise en relation permet de chatter avec des personnes au hasard ou de nouvelles connaissances. En outre, le site permet aux membres d'envoyer des photos de haute qualit\u00e9 \u00e0 un partenaire de chat \u00e0 l'aide d'une webcam. Le site permet \u00e9galement de filtrer les profils en fonction de la localisation, de l'\u00e2ge, du sexe et d'autres crit\u00e8res importants. Les utilisateurs peuvent m\u00eame s\u00e9lectionner un hashtag pour discuter d'un sujet avec d'autres personnes, ce qui contribuera \u00e0 d\u00e9velopper les relations.<\/p>\n<h2>Autres services disponibles sur le site de rencontre Chatous<\/h2>\n<p>Les nouveaux membres peuvent utiliser un\u00a0<a href=\"https:\/\/strangercam.com\/fr\/chathub\/\">chat vid\u00e9o al\u00e9atoire<\/a> Le site permet \u00e9galement aux utilisateurs d'envoyer des messages textuels \u00e0 d'autres personnes apr\u00e8s les avoir pr\u00e9s\u00e9lectionn\u00e9es de mani\u00e8re appropri\u00e9e. Le site web permet \u00e9galement aux utilisateurs d'envoyer des messages textuels \u00e0 d'autres personnes apr\u00e8s les avoir pr\u00e9s\u00e9lectionn\u00e9es. La fonction de chat textuel permet d'envoyer de courtes vid\u00e9os, des photos et des messages vocaux \u00e0 d'autres personnes. Le site est dot\u00e9 d'une interface innovante et conviviale qui permet aux utilisateurs de naviguer facilement sur les ordinateurs de bureau et autres appareils. En outre, les membres recevront des notifications en temps r\u00e9el apr\u00e8s avoir cr\u00e9\u00e9 un compte en quelques \u00e9tapes simples. Le site offre aux utilisateurs une identit\u00e9 prot\u00e9g\u00e9e et l'anonymat pour minimiser les probl\u00e8mes ind\u00e9sirables.<\/p>\n<h2>Quels sont les inconv\u00e9nients du site de rencontre Chatous ?<\/h2>\n<p>Bien que les sites de rencontre Chatous offrent aux utilisateurs plusieurs avantages, ils doivent \u00e9galement en conna\u00eetre les inconv\u00e9nients en d\u00e9tail. L'application comporte plusieurs bots f\u00e9minins qui am\u00e8neront les utilisateurs \u00e0 des rencontres avec des femmes. <a href=\"https:\/\/strangercam.com\/fr\/rabbit-video-chat\/\">chat vid\u00e9o<\/a> ou des sites web. En outre, les utilisateurs devraient accorder plus d'importance \u00e0 la s\u00e9curit\u00e9 lorsqu'ils utilisent le site web sur des ordinateurs de bureau et des appareils mobiles. Les nouveaux membres devraient lire les commentaires avant de cr\u00e9er un compte. La fonction hashtag pr\u00e9sente quelques lacunes et les utilisateurs doivent en \u00eatre conscients lorsqu'ils souhaitent discuter avec d'autres personnes. On peut choisir le site pour d\u00e9battre de plus de sujets avec des personnes compatibles qui cr\u00e9eront des liens et des relations.<\/p>","protected":false},"excerpt":{"rendered":"<p>A dating website is a suitable place for those who want to meet their dream persons when it comes to long-distance relationships. At the same time, not all dating websites are the same that require more attention. Choosing the right dating website allows users to make new friends and companions from several streams of life. [&hellip;]<\/p>\n","protected":false},"author":6,"featured_media":559,"parent":0,"menu_order":0,"comment_status":"closed","ping_status":"closed","template":"","meta":{"footnotes":""},"class_list":["post-3197","page","type-page","status-publish","has-post-thumbnail","hentry"],"yoast_head":"<!-- This site is optimized with the Yoast SEO plugin v27.4 - https:\/\/yoast.com\/product\/yoast-seo-wordpress\/ -->\n<title>Chatous - Most Popular Video Chats - Cam on StrangerCam.com<\/title>\n<meta name=\"description\" content=\"Like Chatous? Come chat with more than 5.000.000 strangers on Stranger Cam for Free! Turn on your cam and find new friends &amp; maby a match!\" \/>\n<meta name=\"robots\" content=\"index, follow, max-snippet:-1, max-image-preview:large, max-video-preview:-1\" \/>\n<link rel=\"canonical\" href=\"https:\/\/strangercam.com\/fr\/chatous\/\" \/>\n<meta property=\"og:locale\" content=\"fr_FR\" \/>\n<meta property=\"og:type\" content=\"article\" \/>\n<meta property=\"og:title\" content=\"Chatous - Most Popular Video Chats - Cam on StrangerCam.com\" \/>\n<meta property=\"og:description\" content=\"Like Chatous? Come chat with more than 5.000.000 strangers on Stranger Cam for Free! Turn on your cam and find new friends &amp; maby a match!\" \/>\n<meta property=\"og:url\" content=\"https:\/\/strangercam.com\/fr\/chatous\/\" \/>\n<meta property=\"og:site_name\" content=\"Strangercam\" \/>\n<meta property=\"article:publisher\" content=\"https:\/\/www.facebook.com\/strangercam\" \/>\n<meta property=\"article:modified_time\" content=\"2023-08-21T10:24:41+00:00\" \/>\n<meta property=\"og:image\" content=\"https:\/\/strangercam.com\/wp-content\/uploads\/2020\/11\/stranger-cam-1.png\" \/>\n\t<meta property=\"og:image:width\" content=\"800\" \/>\n\t<meta property=\"og:image:height\" content=\"800\" \/>\n\t<meta property=\"og:image:type\" content=\"image\/png\" \/>\n<meta name=\"twitter:card\" content=\"summary_large_image\" \/>\n<meta name=\"twitter:site\" content=\"@strangercamapp\" \/>\n<meta name=\"twitter:label1\" content=\"Dur\u00e9e de lecture estim\u00e9e\" \/>\n\t<meta name=\"twitter:data1\" content=\"4 minutes\" \/>\n<script type=\"application\/ld+json\" class=\"yoast-schema-graph\">{\"@context\":\"https:\\\/\\\/schema.org\",\"@graph\":[{\"@type\":\"WebPage\",\"@id\":\"https:\\\/\\\/strangercam.com\\\/chatous\\\/\",\"url\":\"https:\\\/\\\/strangercam.com\\\/chatous\\\/\",\"name\":\"Chatous - Most Popular Video Chats - Cam on StrangerCam.com\",\"isPartOf\":{\"@id\":\"https:\\\/\\\/strangercam.com\\\/#website\"},\"primaryImageOfPage\":{\"@id\":\"https:\\\/\\\/strangercam.com\\\/chatous\\\/#primaryimage\"},\"image\":{\"@id\":\"https:\\\/\\\/strangercam.com\\\/chatous\\\/#primaryimage\"},\"thumbnailUrl\":\"https:\\\/\\\/strangercam.com\\\/wp-content\\\/uploads\\\/2020\\\/11\\\/stranger-cam-1.png\",\"datePublished\":\"2021-05-09T19:20:36+00:00\",\"dateModified\":\"2023-08-21T10:24:41+00:00\",\"description\":\"Like Chatous? Come chat with more than 5.000.000 strangers on Stranger Cam for Free! Turn on your cam and find new friends & maby a match!\",\"breadcrumb\":{\"@id\":\"https:\\\/\\\/strangercam.com\\\/chatous\\\/#breadcrumb\"},\"inLanguage\":\"fr-FR\",\"potentialAction\":[{\"@type\":\"ReadAction\",\"target\":[\"https:\\\/\\\/strangercam.com\\\/chatous\\\/\"]}]},{\"@type\":\"ImageObject\",\"inLanguage\":\"fr-FR\",\"@id\":\"https:\\\/\\\/strangercam.com\\\/chatous\\\/#primaryimage\",\"url\":\"https:\\\/\\\/strangercam.com\\\/wp-content\\\/uploads\\\/2020\\\/11\\\/stranger-cam-1.png\",\"contentUrl\":\"https:\\\/\\\/strangercam.com\\\/wp-content\\\/uploads\\\/2020\\\/11\\\/stranger-cam-1.png\",\"width\":800,\"height\":800,\"caption\":\"stranger cam random video chat\"},{\"@type\":\"BreadcrumbList\",\"@id\":\"https:\\\/\\\/strangercam.com\\\/chatous\\\/#breadcrumb\",\"itemListElement\":[{\"@type\":\"ListItem\",\"position\":1,\"name\":\"Home\",\"item\":\"https:\\\/\\\/strangercam.com\\\/\"},{\"@type\":\"ListItem\",\"position\":2,\"name\":\"Chatous\"}]},{\"@type\":\"WebSite\",\"@id\":\"https:\\\/\\\/strangercam.com\\\/#website\",\"url\":\"https:\\\/\\\/strangercam.com\\\/\",\"name\":\"Strangercam\",\"description\":\"Random Video Chat with Strangers\",\"publisher\":{\"@id\":\"https:\\\/\\\/strangercam.com\\\/#organization\"},\"alternateName\":\"Strangercam.com\",\"potentialAction\":[{\"@type\":\"SearchAction\",\"target\":{\"@type\":\"EntryPoint\",\"urlTemplate\":\"https:\\\/\\\/strangercam.com\\\/?s={search_term_string}\"},\"query-input\":{\"@type\":\"PropertyValueSpecification\",\"valueRequired\":true,\"valueName\":\"search_term_string\"}}],\"inLanguage\":\"fr-FR\"},{\"@type\":\"Organization\",\"@id\":\"https:\\\/\\\/strangercam.com\\\/#organization\",\"name\":\"Strangercam\",\"alternateName\":\"Strangercam.com\",\"url\":\"https:\\\/\\\/strangercam.com\\\/\",\"logo\":{\"@type\":\"ImageObject\",\"inLanguage\":\"fr-FR\",\"@id\":\"https:\\\/\\\/strangercam.com\\\/#\\\/schema\\\/logo\\\/image\\\/\",\"url\":\"https:\\\/\\\/strangercam.com\\\/wp-content\\\/uploads\\\/2020\\\/11\\\/cropped-new-favicon-black.png\",\"contentUrl\":\"https:\\\/\\\/strangercam.com\\\/wp-content\\\/uploads\\\/2020\\\/11\\\/cropped-new-favicon-black.png\",\"width\":512,\"height\":512,\"caption\":\"Strangercam\"},\"image\":{\"@id\":\"https:\\\/\\\/strangercam.com\\\/#\\\/schema\\\/logo\\\/image\\\/\"},\"sameAs\":[\"https:\\\/\\\/www.facebook.com\\\/strangercam\",\"https:\\\/\\\/x.com\\\/strangercamapp\"]}]}<\/script>\n<!-- \/ Yoast SEO plugin. -->","yoast_head_json":{"title":"Chatous - Chats vid\u00e9o les plus populaires - Cam sur StrangerCam.com","description":"Vous aimez Chatous ? Venez discuter avec plus de 5.000.000 d'inconnus sur Stranger Cam gratuitement ! Allume ta cam\u00e9ra et trouve de nouveaux amis et peut-\u00eatre un partenaire !","robots":{"index":"index","follow":"follow","max-snippet":"max-snippet:-1","max-image-preview":"max-image-preview:large","max-video-preview":"max-video-preview:-1"},"canonical":"https:\/\/strangercam.com\/fr\/chatous\/","og_locale":"fr_FR","og_type":"article","og_title":"Chatous - Most Popular Video Chats - Cam on StrangerCam.com","og_description":"Like Chatous? Come chat with more than 5.000.000 strangers on Stranger Cam for Free! Turn on your cam and find new friends & maby a match!","og_url":"https:\/\/strangercam.com\/fr\/chatous\/","og_site_name":"Strangercam","article_publisher":"https:\/\/www.facebook.com\/strangercam","article_modified_time":"2023-08-21T10:24:41+00:00","og_image":[{"width":800,"height":800,"url":"https:\/\/strangercam.com\/wp-content\/uploads\/2020\/11\/stranger-cam-1.png","type":"image\/png"}],"twitter_card":"summary_large_image","twitter_site":"@strangercamapp","twitter_misc":{"Dur\u00e9e de lecture estim\u00e9e":"4 minutes"},"schema":{"@context":"https:\/\/schema.org","@graph":[{"@type":"WebPage","@id":"https:\/\/strangercam.com\/chatous\/","url":"https:\/\/strangercam.com\/chatous\/","name":"Chatous - Chats vid\u00e9o les plus populaires - Cam sur StrangerCam.com","isPartOf":{"@id":"https:\/\/strangercam.com\/#website"},"primaryImageOfPage":{"@id":"https:\/\/strangercam.com\/chatous\/#primaryimage"},"image":{"@id":"https:\/\/strangercam.com\/chatous\/#primaryimage"},"thumbnailUrl":"https:\/\/strangercam.com\/wp-content\/uploads\/2020\/11\/stranger-cam-1.png","datePublished":"2021-05-09T19:20:36+00:00","dateModified":"2023-08-21T10:24:41+00:00","description":"Vous aimez Chatous ? Venez discuter avec plus de 5.000.000 d'inconnus sur Stranger Cam gratuitement ! Allume ta cam\u00e9ra et trouve de nouveaux amis et peut-\u00eatre un partenaire !","breadcrumb":{"@id":"https:\/\/strangercam.com\/chatous\/#breadcrumb"},"inLanguage":"fr-FR","potentialAction":[{"@type":"ReadAction","target":["https:\/\/strangercam.com\/chatous\/"]}]},{"@type":"ImageObject","inLanguage":"fr-FR","@id":"https:\/\/strangercam.com\/chatous\/#primaryimage","url":"https:\/\/strangercam.com\/wp-content\/uploads\/2020\/11\/stranger-cam-1.png","contentUrl":"https:\/\/strangercam.com\/wp-content\/uploads\/2020\/11\/stranger-cam-1.png","width":800,"height":800,"caption":"stranger cam random video chat"},{"@type":"BreadcrumbList","@id":"https:\/\/strangercam.com\/chatous\/#breadcrumb","itemListElement":[{"@type":"ListItem","position":1,"name":"Home","item":"https:\/\/strangercam.com\/"},{"@type":"ListItem","position":2,"name":"Chatous"}]},{"@type":"WebSite","@id":"https:\/\/strangercam.com\/#website","url":"https:\/\/strangercam.com\/","name":"Strangercam","description":"Chat vid\u00e9o al\u00e9atoire avec des inconnus","publisher":{"@id":"https:\/\/strangercam.com\/#organization"},"alternateName":"Strangercam.com","potentialAction":[{"@type":"SearchAction","target":{"@type":"EntryPoint","urlTemplate":"https:\/\/strangercam.com\/?s={search_term_string}"},"query-input":{"@type":"PropertyValueSpecification","valueRequired":true,"valueName":"search_term_string"}}],"inLanguage":"fr-FR"},{"@type":"Organization","@id":"https:\/\/strangercam.com\/#organization","name":"Strangercam","alternateName":"Strangercam.com","url":"https:\/\/strangercam.com\/","logo":{"@type":"ImageObject","inLanguage":"fr-FR","@id":"https:\/\/strangercam.com\/#\/schema\/logo\/image\/","url":"https:\/\/strangercam.com\/wp-content\/uploads\/2020\/11\/cropped-new-favicon-black.png","contentUrl":"https:\/\/strangercam.com\/wp-content\/uploads\/2020\/11\/cropped-new-favicon-black.png","width":512,"height":512,"caption":"Strangercam"},"image":{"@id":"https:\/\/strangercam.com\/#\/schema\/logo\/image\/"},"sameAs":["https:\/\/www.facebook.com\/strangercam","https:\/\/x.com\/strangercamapp"]}]}},"_links":{"self":[{"href":"https:\/\/strangercam.com\/fr\/wp-json\/wp\/v2\/pages\/3197","targetHints":{"allow":["GET"]}}],"collection":[{"href":"https:\/\/strangercam.com\/fr\/wp-json\/wp\/v2\/pages"}],"about":[{"href":"https:\/\/strangercam.com\/fr\/wp-json\/wp\/v2\/types\/page"}],"author":[{"embeddable":true,"href":"https:\/\/strangercam.com\/fr\/wp-json\/wp\/v2\/users\/6"}],"replies":[{"embeddable":true,"href":"https:\/\/strangercam.com\/fr\/wp-json\/wp\/v2\/comments?post=3197"}],"version-history":[{"count":0,"href":"https:\/\/strangercam.com\/fr\/wp-json\/wp\/v2\/pages\/3197\/revisions"}],"wp:featuredmedia":[{"embeddable":true,"href":"https:\/\/strangercam.com\/fr\/wp-json\/wp\/v2\/media\/559"}],"wp:attachment":[{"href":"https:\/\/strangercam.com\/fr\/wp-json\/wp\/v2\/media?parent=3197"}],"curies":[{"name":"wp","href":"https:\/\/api.w.org\/{rel}","templated":true}]}}