{"id":3171,"date":"2021-05-09T21:14:34","date_gmt":"2021-05-09T19:14:34","guid":{"rendered":"https:\/\/strangercam.com\/?page_id=3171"},"modified":"2023-08-21T11:40:39","modified_gmt":"2023-08-21T09:40:39","slug":"chatblink","status":"publish","type":"page","link":"https:\/\/strangercam.com\/fr\/chatblink\/","title":{"rendered":"Chatblink"},"content":{"rendered":"<p>De nos jours, la plupart des gens aiment trouver facilement de nouveaux amis dans un endroit donn\u00e9. Par cons\u00e9quent, les sites de rencontre gagnent en popularit\u00e9 dans diff\u00e9rentes parties du monde, car ils offrent des m\u00e9thodes pour d\u00e9velopper l'amour et l'amiti\u00e9 avec d'autres personnes. Toutefois, il est n\u00e9cessaire de les \u00e9valuer en d\u00e9tail afin de pouvoir choisir le bon site en cons\u00e9quence. Le site de rencontre Chatblink est l'endroit id\u00e9al pour ceux qui souhaitent interagir avec d'autres personnes par le biais de <a href=\"https:\/\/strangercam.com\/fr\/chatroulette\/\">chat<\/a> chambres. Il s'agit d'un <a href=\"https:\/\/strangercam.com\/fr\/chat4free\/\">gratuit<\/a> site de rencontres permettant aux utilisateurs de trouver et <a href=\"https:\/\/strangercam.com\/fr\/coomeet\/\">rencontrer<\/a> de nouveaux amis avec facilit\u00e9.<\/p>\n<h2>Quelles sont les principales caract\u00e9ristiques du site de rencontres Chatblink ?<\/h2>\n<p>Apr\u00e8s avoir cr\u00e9\u00e9 un compte, l'utilisateur peut trouver un large \u00e9ventail de salons de discussion sur ce site. L'avantage de ce site est qu'il permet aux utilisateurs de rejoindre rapidement un salon qui correspond \u00e0 leurs int\u00e9r\u00eats. Les membres peuvent rencontrer des hommes et des femmes s\u00e9duisants de diff\u00e9rentes parties du monde.<a href=\"https:\/\/cashpotresulttoday.com\/\">.<\/a> Le chat textuel est un autre service offert par le site Web qui permet de discuter avec des utilisateurs al\u00e9atoires en ligne. L'interface utilisateur du site Chatblink est simple, ce qui permet aux utilisateurs de commencer d\u00e8s que possible. En outre, il contribue davantage \u00e0 la protection des d\u00e9tails des clients afin de minimiser les probl\u00e8mes ind\u00e9sirables.<\/p>\n<h3>Comment cr\u00e9er un compte sur le site ?<\/h3>\n<p>Les nouveaux utilisateurs peuvent cr\u00e9er un compte sur le site web en saisissant leur adresse \u00e9lectronique et leur mot de passe. Ils doivent choisir un nom d'utilisateur apr\u00e8s avoir pr\u00e9cis\u00e9 leur sexe et leur \u00e2ge. Toute personne disposant d'un compte Facebook peut entrer un nom d'utilisateur et un mot de passe. <a href=\"https:\/\/strangercam.com\/fr\/chatroom2000\/\">salon de discussion<\/a> directement dans les meilleurs d\u00e9lais<a href=\"https:\/\/nlcbplaywheresults.com\/\">.<\/a> Il permet d'am\u00e9liorer les comp\u00e9tences linguistiques et d'autres choses de mani\u00e8re significative apr\u00e8s avoir interagi avec d'autres personnes. D'autre part, il est n\u00e9cessaire de suivre les instructions en d\u00e9tail avant de cr\u00e9er un compte. Le site est la bonne option pour ceux qui veulent \u00e9viter la solitude et d'autres probl\u00e8mes dans la vie.<\/p>\n<h3>Pourquoi Chatblink est-il le meilleur choix pour les utilisateurs ?<\/h3>\n<p>Le site permet aux utilisateurs de choisir des chats al\u00e9atoires lorsqu'ils souhaitent converser avec des inconnus de diff\u00e9rentes parties du monde. Il permet de trouver facilement de vrais amis et compagnons de route de tous horizons. Le site propose \u00e9galement <a href=\"https:\/\/strangercam.com\/fr\/shagle\/\">adulte<\/a> des services de rencontre pour les hommes et les femmes qui veulent partager leurs \u00e9motions avec eux. Le processus d'inscription \u00e9tant tr\u00e8s simple, les utilisateurs peuvent gagner du temps. En outre, le site permet aux utilisateurs de trouver des compagnons dans diff\u00e9rentes cat\u00e9gories, ce qui leur montre comment tisser des liens. Les nouveaux membres doivent comprendre les termes et conditions avant d'entrer dans un salon de discussion sur le site.<\/p>","protected":false},"excerpt":{"rendered":"<p>Most people these days like to find new friends in a location easily. As a result, dating websites are gaining popularity in different parts of the world because they provide methods to grow love and friendship with others. However, it is necessary to evaluate them in detail that will help select the right one accordingly. [&hellip;]<\/p>\n","protected":false},"author":6,"featured_media":559,"parent":0,"menu_order":0,"comment_status":"closed","ping_status":"closed","template":"","meta":{"footnotes":""},"class_list":["post-3171","page","type-page","status-publish","has-post-thumbnail","hentry"],"yoast_head":"<!-- This site is optimized with the Yoast SEO plugin v27.4 - https:\/\/yoast.com\/product\/yoast-seo-wordpress\/ -->\n<title>Chatblink - Most Popular Video Chats - Cam on StrangerCam.com<\/title>\n<meta name=\"description\" content=\"Like Chatblink? Come chat with more than 5.000.000 strangers on Stranger Cam for Free! Turn on your cam and find new friends &amp; maby a match!\" \/>\n<meta name=\"robots\" content=\"index, follow, max-snippet:-1, max-image-preview:large, max-video-preview:-1\" \/>\n<link rel=\"canonical\" href=\"https:\/\/strangercam.com\/fr\/chatblink\/\" \/>\n<meta property=\"og:locale\" content=\"fr_FR\" \/>\n<meta property=\"og:type\" content=\"article\" \/>\n<meta property=\"og:title\" content=\"Chatblink - Most Popular Video Chats - Cam on StrangerCam.com\" \/>\n<meta property=\"og:description\" content=\"Like Chatblink? Come chat with more than 5.000.000 strangers on Stranger Cam for Free! Turn on your cam and find new friends &amp; maby a match!\" \/>\n<meta property=\"og:url\" content=\"https:\/\/strangercam.com\/fr\/chatblink\/\" \/>\n<meta property=\"og:site_name\" content=\"Strangercam\" \/>\n<meta property=\"article:publisher\" content=\"https:\/\/www.facebook.com\/strangercam\" \/>\n<meta property=\"article:modified_time\" content=\"2023-08-21T09:40:39+00:00\" \/>\n<meta property=\"og:image\" content=\"https:\/\/strangercam.com\/wp-content\/uploads\/2020\/11\/stranger-cam-1.png\" \/>\n\t<meta property=\"og:image:width\" content=\"800\" \/>\n\t<meta property=\"og:image:height\" content=\"800\" \/>\n\t<meta property=\"og:image:type\" content=\"image\/png\" \/>\n<meta name=\"twitter:card\" content=\"summary_large_image\" \/>\n<meta name=\"twitter:site\" content=\"@strangercamapp\" \/>\n<meta name=\"twitter:label1\" content=\"Dur\u00e9e de lecture estim\u00e9e\" \/>\n\t<meta name=\"twitter:data1\" content=\"2 minutes\" \/>\n<script type=\"application\/ld+json\" class=\"yoast-schema-graph\">{\"@context\":\"https:\\\/\\\/schema.org\",\"@graph\":[{\"@type\":\"WebPage\",\"@id\":\"https:\\\/\\\/strangercam.com\\\/chatblink\\\/\",\"url\":\"https:\\\/\\\/strangercam.com\\\/chatblink\\\/\",\"name\":\"Chatblink - Most Popular Video Chats - Cam on StrangerCam.com\",\"isPartOf\":{\"@id\":\"https:\\\/\\\/strangercam.com\\\/#website\"},\"primaryImageOfPage\":{\"@id\":\"https:\\\/\\\/strangercam.com\\\/chatblink\\\/#primaryimage\"},\"image\":{\"@id\":\"https:\\\/\\\/strangercam.com\\\/chatblink\\\/#primaryimage\"},\"thumbnailUrl\":\"https:\\\/\\\/strangercam.com\\\/wp-content\\\/uploads\\\/2020\\\/11\\\/stranger-cam-1.png\",\"datePublished\":\"2021-05-09T19:14:34+00:00\",\"dateModified\":\"2023-08-21T09:40:39+00:00\",\"description\":\"Like Chatblink? Come chat with more than 5.000.000 strangers on Stranger Cam for Free! Turn on your cam and find new friends & maby a match!\",\"breadcrumb\":{\"@id\":\"https:\\\/\\\/strangercam.com\\\/chatblink\\\/#breadcrumb\"},\"inLanguage\":\"fr-FR\",\"potentialAction\":[{\"@type\":\"ReadAction\",\"target\":[\"https:\\\/\\\/strangercam.com\\\/chatblink\\\/\"]}]},{\"@type\":\"ImageObject\",\"inLanguage\":\"fr-FR\",\"@id\":\"https:\\\/\\\/strangercam.com\\\/chatblink\\\/#primaryimage\",\"url\":\"https:\\\/\\\/strangercam.com\\\/wp-content\\\/uploads\\\/2020\\\/11\\\/stranger-cam-1.png\",\"contentUrl\":\"https:\\\/\\\/strangercam.com\\\/wp-content\\\/uploads\\\/2020\\\/11\\\/stranger-cam-1.png\",\"width\":800,\"height\":800,\"caption\":\"stranger cam random video chat\"},{\"@type\":\"BreadcrumbList\",\"@id\":\"https:\\\/\\\/strangercam.com\\\/chatblink\\\/#breadcrumb\",\"itemListElement\":[{\"@type\":\"ListItem\",\"position\":1,\"name\":\"Home\",\"item\":\"https:\\\/\\\/strangercam.com\\\/\"},{\"@type\":\"ListItem\",\"position\":2,\"name\":\"Chatblink\"}]},{\"@type\":\"WebSite\",\"@id\":\"https:\\\/\\\/strangercam.com\\\/#website\",\"url\":\"https:\\\/\\\/strangercam.com\\\/\",\"name\":\"Strangercam\",\"description\":\"Random Video Chat with Strangers\",\"publisher\":{\"@id\":\"https:\\\/\\\/strangercam.com\\\/#organization\"},\"alternateName\":\"Strangercam.com\",\"potentialAction\":[{\"@type\":\"SearchAction\",\"target\":{\"@type\":\"EntryPoint\",\"urlTemplate\":\"https:\\\/\\\/strangercam.com\\\/?s={search_term_string}\"},\"query-input\":{\"@type\":\"PropertyValueSpecification\",\"valueRequired\":true,\"valueName\":\"search_term_string\"}}],\"inLanguage\":\"fr-FR\"},{\"@type\":\"Organization\",\"@id\":\"https:\\\/\\\/strangercam.com\\\/#organization\",\"name\":\"Strangercam\",\"alternateName\":\"Strangercam.com\",\"url\":\"https:\\\/\\\/strangercam.com\\\/\",\"logo\":{\"@type\":\"ImageObject\",\"inLanguage\":\"fr-FR\",\"@id\":\"https:\\\/\\\/strangercam.com\\\/#\\\/schema\\\/logo\\\/image\\\/\",\"url\":\"https:\\\/\\\/strangercam.com\\\/wp-content\\\/uploads\\\/2020\\\/11\\\/cropped-new-favicon-black.png\",\"contentUrl\":\"https:\\\/\\\/strangercam.com\\\/wp-content\\\/uploads\\\/2020\\\/11\\\/cropped-new-favicon-black.png\",\"width\":512,\"height\":512,\"caption\":\"Strangercam\"},\"image\":{\"@id\":\"https:\\\/\\\/strangercam.com\\\/#\\\/schema\\\/logo\\\/image\\\/\"},\"sameAs\":[\"https:\\\/\\\/www.facebook.com\\\/strangercam\",\"https:\\\/\\\/x.com\\\/strangercamapp\"]}]}<\/script>\n<!-- \/ Yoast SEO plugin. -->","yoast_head_json":{"title":"Chatblink - Chats vid\u00e9o les plus populaires - Cam sur StrangerCam.com","description":"Vous aimez Chatblink ? Venez discuter avec plus de 5.000.000 d'inconnus sur Stranger Cam gratuitement ! Allume ta cam\u00e9ra et trouve de nouveaux amis et peut-\u00eatre un partenaire !","robots":{"index":"index","follow":"follow","max-snippet":"max-snippet:-1","max-image-preview":"max-image-preview:large","max-video-preview":"max-video-preview:-1"},"canonical":"https:\/\/strangercam.com\/fr\/chatblink\/","og_locale":"fr_FR","og_type":"article","og_title":"Chatblink - Most Popular Video Chats - Cam on StrangerCam.com","og_description":"Like Chatblink? Come chat with more than 5.000.000 strangers on Stranger Cam for Free! Turn on your cam and find new friends & maby a match!","og_url":"https:\/\/strangercam.com\/fr\/chatblink\/","og_site_name":"Strangercam","article_publisher":"https:\/\/www.facebook.com\/strangercam","article_modified_time":"2023-08-21T09:40:39+00:00","og_image":[{"width":800,"height":800,"url":"https:\/\/strangercam.com\/wp-content\/uploads\/2020\/11\/stranger-cam-1.png","type":"image\/png"}],"twitter_card":"summary_large_image","twitter_site":"@strangercamapp","twitter_misc":{"Dur\u00e9e de lecture estim\u00e9e":"2 minutes"},"schema":{"@context":"https:\/\/schema.org","@graph":[{"@type":"WebPage","@id":"https:\/\/strangercam.com\/chatblink\/","url":"https:\/\/strangercam.com\/chatblink\/","name":"Chatblink - Chats vid\u00e9o les plus populaires - Cam sur StrangerCam.com","isPartOf":{"@id":"https:\/\/strangercam.com\/#website"},"primaryImageOfPage":{"@id":"https:\/\/strangercam.com\/chatblink\/#primaryimage"},"image":{"@id":"https:\/\/strangercam.com\/chatblink\/#primaryimage"},"thumbnailUrl":"https:\/\/strangercam.com\/wp-content\/uploads\/2020\/11\/stranger-cam-1.png","datePublished":"2021-05-09T19:14:34+00:00","dateModified":"2023-08-21T09:40:39+00:00","description":"Vous aimez Chatblink ? Venez discuter avec plus de 5.000.000 d'inconnus sur Stranger Cam gratuitement ! Allume ta cam\u00e9ra et trouve de nouveaux amis et peut-\u00eatre un partenaire !","breadcrumb":{"@id":"https:\/\/strangercam.com\/chatblink\/#breadcrumb"},"inLanguage":"fr-FR","potentialAction":[{"@type":"ReadAction","target":["https:\/\/strangercam.com\/chatblink\/"]}]},{"@type":"ImageObject","inLanguage":"fr-FR","@id":"https:\/\/strangercam.com\/chatblink\/#primaryimage","url":"https:\/\/strangercam.com\/wp-content\/uploads\/2020\/11\/stranger-cam-1.png","contentUrl":"https:\/\/strangercam.com\/wp-content\/uploads\/2020\/11\/stranger-cam-1.png","width":800,"height":800,"caption":"stranger cam random video chat"},{"@type":"BreadcrumbList","@id":"https:\/\/strangercam.com\/chatblink\/#breadcrumb","itemListElement":[{"@type":"ListItem","position":1,"name":"Home","item":"https:\/\/strangercam.com\/"},{"@type":"ListItem","position":2,"name":"Chatblink"}]},{"@type":"WebSite","@id":"https:\/\/strangercam.com\/#website","url":"https:\/\/strangercam.com\/","name":"Strangercam","description":"Chat vid\u00e9o al\u00e9atoire avec des inconnus","publisher":{"@id":"https:\/\/strangercam.com\/#organization"},"alternateName":"Strangercam.com","potentialAction":[{"@type":"SearchAction","target":{"@type":"EntryPoint","urlTemplate":"https:\/\/strangercam.com\/?s={search_term_string}"},"query-input":{"@type":"PropertyValueSpecification","valueRequired":true,"valueName":"search_term_string"}}],"inLanguage":"fr-FR"},{"@type":"Organization","@id":"https:\/\/strangercam.com\/#organization","name":"Strangercam","alternateName":"Strangercam.com","url":"https:\/\/strangercam.com\/","logo":{"@type":"ImageObject","inLanguage":"fr-FR","@id":"https:\/\/strangercam.com\/#\/schema\/logo\/image\/","url":"https:\/\/strangercam.com\/wp-content\/uploads\/2020\/11\/cropped-new-favicon-black.png","contentUrl":"https:\/\/strangercam.com\/wp-content\/uploads\/2020\/11\/cropped-new-favicon-black.png","width":512,"height":512,"caption":"Strangercam"},"image":{"@id":"https:\/\/strangercam.com\/#\/schema\/logo\/image\/"},"sameAs":["https:\/\/www.facebook.com\/strangercam","https:\/\/x.com\/strangercamapp"]}]}},"_links":{"self":[{"href":"https:\/\/strangercam.com\/fr\/wp-json\/wp\/v2\/pages\/3171","targetHints":{"allow":["GET"]}}],"collection":[{"href":"https:\/\/strangercam.com\/fr\/wp-json\/wp\/v2\/pages"}],"about":[{"href":"https:\/\/strangercam.com\/fr\/wp-json\/wp\/v2\/types\/page"}],"author":[{"embeddable":true,"href":"https:\/\/strangercam.com\/fr\/wp-json\/wp\/v2\/users\/6"}],"replies":[{"embeddable":true,"href":"https:\/\/strangercam.com\/fr\/wp-json\/wp\/v2\/comments?post=3171"}],"version-history":[{"count":0,"href":"https:\/\/strangercam.com\/fr\/wp-json\/wp\/v2\/pages\/3171\/revisions"}],"wp:featuredmedia":[{"embeddable":true,"href":"https:\/\/strangercam.com\/fr\/wp-json\/wp\/v2\/media\/559"}],"wp:attachment":[{"href":"https:\/\/strangercam.com\/fr\/wp-json\/wp\/v2\/media?parent=3171"}],"curies":[{"name":"wp","href":"https:\/\/api.w.org\/{rel}","templated":true}]}}