{"id":3045,"date":"2025-08-18T13:16:48","date_gmt":"2025-08-18T11:16:48","guid":{"rendered":"https:\/\/strangercam.com\/?page_id=3045"},"modified":"2025-08-18T14:11:55","modified_gmt":"2025-08-18T12:11:55","slug":"chat-video-avec-des-filles","status":"publish","type":"page","link":"https:\/\/strangercam.com\/fr\/video-chat-with-girls\/","title":{"rendered":"Chat vid\u00e9o avec des filles"},"content":{"rendered":"<p>Vous cherchez le meilleur endroit pour faire de la vid\u00e9o ? <a href=\"https:\/\/strangercam.com\/fr\/chathub\/\">chat<\/a> avec les filles ? Vous n'\u00eates pas le seul. Chaque jour, des milliers de personnes vont en ligne \u00e0 la recherche de conversations authentiques et spontan\u00e9es avec de vraies femmes dans le monde entier. Contrairement aux applications de rencontres, o\u00f9 vous faites d\u00e9filer les profils \u00e0 l'infini, ou aux m\u00e9dias sociaux, o\u00f9 tout semble mis en sc\u00e8ne, le chat vid\u00e9o en direct avec des filles est instantan\u00e9, r\u00e9el et authentique.<\/p>\n<p>Gr\u00e2ce \u00e0 des plateformes comme StrangerCam, il est d\u00e9sormais possible de profiter du chat vid\u00e9o gratuit avec des filles \u00e0 tout moment, sans avoir \u00e0 cr\u00e9er un compte, \u00e0 payer des frais cach\u00e9s ou \u00e0 t\u00e9l\u00e9charger une application. Que vous souhaitiez vous faire des amis, flirter ou simplement passer le temps, le chat vid\u00e9o avec des filles en ligne n'a jamais \u00e9t\u00e9 aussi facile et accessible.<\/p>\n<p>Ce guide vous montrera tout ce que vous devez savoir : comment \u00e7a marche, pourquoi les gens l'adorent, quelles sont les fonctionnalit\u00e9s les plus importantes, les conseils de s\u00e9curit\u00e9, et pourquoi StrangerCam est l'une des meilleures plateformes de chat vid\u00e9o avec des filles en 2025.<\/p>\n<h2>Qu'est-ce que le chat vid\u00e9o avec des filles ?<\/h2>\n<p>Le chat vid\u00e9o avec des filles est une interaction en ligne en direct et en face \u00e0 face qui vous permet de vous connecter instantan\u00e9ment avec des utilisatrices \u00e0 l'aide de votre webcam et de votre microphone. Il s'agit d'une version moderne des salons de discussion textuels, \u00e0 ceci pr\u00e8s que vous pouvez voir et entendre la personne \u00e0 qui vous parlez.<\/p>\n<p>Contrairement aux r\u00e9seaux sociaux ou aux sites de rencontre, o\u00f9 les conversations prennent du temps \u00e0 d\u00e9marrer, le chat vid\u00e9o vous permet de vous lancer directement dans de v\u00e9ritables interactions. Pas de swiping, pas d'attente de r\u00e9ponse, juste une connexion imm\u00e9diate.<\/p>\n<h2>Pourquoi les gens aiment le chat vid\u00e9o gratuit avec les filles<\/h2>\n<p>La popularit\u00e9 croissante du chat vid\u00e9o gratuit avec des filles s'explique par quelques raisons simples :<\/p>\n<ul>\n<li>Authenticit\u00e9 : Contrairement au texte, la vid\u00e9o ne permet pas de se faire passer pour quelqu'un d'autre. Vous savez que vous parlez \u00e0 une personne r\u00e9elle.<\/li>\n<li>Connexion instantan\u00e9e : Pas de longues inscriptions, pas de temps perdu - vous vous connectez instantan\u00e9ment.<\/li>\n<li>L'excitation de l'inconnu : Chaque chat est unique et offre quelque chose de diff\u00e9rent \u00e0 chaque fois.<\/li>\n<li>Amiti\u00e9 et flirt : Certains l'utilisent pour se faire de nouveaux amis, d'autres pour s'amuser et flirter.<\/li>\n<li>Diversit\u00e9 : Discutez avec des filles du monde entier, d\u00e9couvrez de nouvelles cultures et \u00e9largissez vos perspectives.<\/li>\n<li>Accessibilit\u00e9 : Les plateformes telles que StrangerCam sont gratuites et faciles \u00e0 utiliser sur les t\u00e9l\u00e9phones portables et les ordinateurs de bureau.<\/li>\n<\/ul>\n<h2>Comment fonctionne le chat vid\u00e9o avec des filles ?<\/h2>\n<p>Commencer un chat vid\u00e9o avec des filles est simple, m\u00eame pour les d\u00e9butants :<\/p>\n<ol>\n<li>Ouvrez une plateforme de chat vid\u00e9o (telle que StrangerCam) sur votre t\u00e9l\u00e9phone ou votre ordinateur.<\/li>\n<li>Activez votre webcam et votre microphone lorsque vous y \u00eates invit\u00e9.<\/li>\n<li>S\u00e9lectionnez des pr\u00e9f\u00e9rences si elles sont disponibles (par exemple, choisissez de ne correspondre qu'\u00e0 des utilisateurs f\u00e9minins).<\/li>\n<li>Cliquez sur \"Start Chat\". Vous serez instantan\u00e9ment mis en relation avec une fille au hasard.<\/li>\n<li>Profitez de votre chat ! Si vous ne vous sentez pas concern\u00e9 par la conversation, cliquez sur \"Suivant\" pour rencontrer quelqu'un d'autre.<\/li>\n<\/ol>\n<p>L'ensemble du processus prend moins d'une minute.<\/p>\n<h2>Principales caract\u00e9ristiques \u00e0 rechercher<\/h2>\n<p>Toutes les plateformes de chat vid\u00e9o avec des filles ne valent pas forc\u00e9ment la peine d'\u00eatre utilis\u00e9es. Beaucoup cachent des fonctionnalit\u00e9s derri\u00e8re des murs payants ou ne tiennent pas leurs promesses. Voici ce qu'il faut v\u00e9rifier :<\/p>\n<h3>1. Filtres de genre gratuits<\/h3>\n<p>Un filtre de genre fonctionnel est essentiel si vous souhaitez rencontrer des filles. M\u00e9fiez-vous des sites qui l'annoncent mais ne le d\u00e9bloquent qu'apr\u00e8s paiement.<\/p>\n<h3>2. Aucune inscription n'est requise<\/h3>\n<p>Vous ne devriez pas avoir besoin de cr\u00e9er un compte ou de donner des informations personnelles pour commencer \u00e0 discuter.<\/p>\n<h3>3. Forte mod\u00e9ration<\/h3>\n<p>Les bonnes plateformes disposent de mod\u00e9rateurs actifs et d'outils de signalement pour maintenir un environnement s\u00fbr et convivial.<\/p>\n<h3>4. Vid\u00e9o de haute qualit\u00e9<\/h3>\n<p>La fluidit\u00e9 et la fiabilit\u00e9 de la vid\u00e9o et de l'audio rendent les conversations naturelles et agr\u00e9ables.<\/p>\n<h3>5. Conception adapt\u00e9e aux mobiles<\/h3>\n<p>Vous devez pouvoir chatter avec des filles par vid\u00e9o depuis votre t\u00e9l\u00e9phone ou votre tablette, et pas seulement depuis un ordinateur.<\/p>\n<h3>6. Communaut\u00e9 mondiale<\/h3>\n<p>Une base d'utilisateurs plus importante signifie une plus grande vari\u00e9t\u00e9 et plus de chances de rencontrer des personnes int\u00e9ressantes.<\/p>\n<h2>Les meilleures plateformes pour chatter en vid\u00e9o avec des filles en 2025<\/h2>\n<p>Voici une comparaison des plateformes populaires utilis\u00e9es pour discuter par vid\u00e9o avec des filles :<\/p>\n<table>\n<thead>\n<tr>\n<th>Plate-forme<\/th>\n<th align=\"center\">Filtre de genre gratuit<\/th>\n<th align=\"center\">Inscription n\u00e9cessaire<\/th>\n<th align=\"center\">Support mobile<\/th>\n<th align=\"center\">La mod\u00e9ration<\/th>\n<th>Notes<\/th>\n<\/tr>\n<\/thead>\n<tbody>\n<tr>\n<td>StrangerCam<\/td>\n<td align=\"center\">\u2705<\/td>\n<td align=\"center\">\u274c<\/td>\n<td align=\"center\">\u2705<\/td>\n<td align=\"center\">\u2705<\/td>\n<td>100% filtre de genre libre et fonctionnel<\/td>\n<\/tr>\n<tr>\n<td><a href=\"https:\/\/strangercam.com\/fr\/chatroulette\/\">Chatroulette<\/a><\/td>\n<td align=\"center\">\u274c (Pay\u00e9)<\/td>\n<td align=\"center\">\u274c<\/td>\n<td align=\"center\">\u2705<\/td>\n<td align=\"center\">\u2705<\/td>\n<td>Classique, mais co\u00fbt du filtre de genre<\/td>\n<\/tr>\n<tr>\n<td>Chatrandom<\/td>\n<td align=\"center\">\u274c (Pay\u00e9)<\/td>\n<td align=\"center\">\u274c<\/td>\n<td align=\"center\">\u2705<\/td>\n<td align=\"center\">\u2705<\/td>\n<td>Populaire, mais de nombreux paywalls<\/td>\n<\/tr>\n<tr>\n<td><a href=\"https:\/\/strangercam.com\/fr\/ometv\/\">OmeTV<\/a><\/td>\n<td align=\"center\">\u274c<\/td>\n<td align=\"center\">\u274c<\/td>\n<td align=\"center\">\u2705<\/td>\n<td align=\"center\">\u2705<\/td>\n<td>Application mobile, al\u00e9atoire uniquement<\/td>\n<\/tr>\n<tr>\n<td>Shagle<\/td>\n<td align=\"center\">\u274c (Pay\u00e9)<\/td>\n<td align=\"center\">\u274c<\/td>\n<td align=\"center\">\u2705<\/td>\n<td align=\"center\">\u2705<\/td>\n<td>Pousser fortement \u00e0 la mise \u00e0 niveau<\/td>\n<\/tr>\n<tr>\n<td><a href=\"https:\/\/strangercam.com\/fr\/coomeet\/\">CooMeet<\/a><\/td>\n<td align=\"center\">\u2705 (Essai seulement)<\/td>\n<td align=\"center\">\u2705<\/td>\n<td align=\"center\">\u2705<\/td>\n<td align=\"center\">\u2705<\/td>\n<td>Pay\u00e9 apr\u00e8s quelques chats gratuits<\/td>\n<\/tr>\n<tr>\n<td>LuckyCrush<\/td>\n<td align=\"center\">\u2705 (Pay\u00e9)<\/td>\n<td align=\"center\">\u2705<\/td>\n<td align=\"center\">\u2705<\/td>\n<td align=\"center\">\u2705<\/td>\n<td>\u00c9quivalence bas\u00e9e sur le sexe, toujours pay\u00e9e<\/td>\n<\/tr>\n<\/tbody>\n<\/table>\n<p>StrangerCam est l'une des seules plateformes offrant un v\u00e9ritable filtre de genre gratuit et des chats vid\u00e9o illimit\u00e9s avec des filles - pas d'astuces, pas de frais cach\u00e9s.<\/p>\n<h2>Pourquoi StrangerCam est le meilleur endroit pour chatter en vid\u00e9o avec des filles ?<\/h2>\n<p>En ce qui concerne le chat vid\u00e9o avec des filles, StrangerCam pr\u00e9sente plusieurs avantages remarquables :<\/p>\n<h3>1. Vraiment gratuit et illimit\u00e9<\/h3>\n<p>Chattez aussi longtemps que vous le souhaitez sans vous soucier des cr\u00e9dits, des limites ou des frais cach\u00e9s.<\/p>\n<h3>2. Un filtre de genre gratuit qui fonctionne<\/h3>\n<p>Contrairement \u00e0 la plupart des sites, StrangerCam vous permet de s\u00e9lectionner des filles gratuitement, sans paywall.<\/p>\n<h3>3. Pas d'inscription ni de t\u00e9l\u00e9chargement n\u00e9cessaire<\/h3>\n<p>Vous n'avez pas besoin d'un compte, d'un email ou d'un num\u00e9ro de t\u00e9l\u00e9phone. Il vous suffit de cliquer et de commencer \u00e0 discuter.<\/p>\n<h3>4. S\u00e9curit\u00e9 et mod\u00e9ration<\/h3>\n<p>Les rapports int\u00e9gr\u00e9s et les mod\u00e9rateurs actifs contribuent \u00e0 maintenir une communaut\u00e9 positive.<\/p>\n<h3>5. Base mondiale d'utilisatrices<\/h3>\n<p>Rencontrez des filles de dizaines de pays \u00e0 tout moment de la journ\u00e9e.<\/p>\n<h3>6. Optimis\u00e9 pour les mobiles et les ordinateurs de bureau<\/h3>\n<p>Que vous soyez sur un t\u00e9l\u00e9phone, une tablette ou un ordinateur, StrangerCam fonctionne sans probl\u00e8me partout.<\/p>\n<h2>T\u00e9moignages d'utilisateurs r\u00e9els<\/h2>\n<blockquote><p><em>\"La plupart des sites m'indiquaient que je pouvais chatter gratuitement avec des filles, mais essayaient ensuite de me faire payer. StrangerCam a \u00e9t\u00e9 le premier site o\u00f9 le filtre de genre fonctionnait r\u00e9ellement sans que je doive payer.\"<\/em><br \/>\n- Ethan, 28 ans<\/p><\/blockquote>\n<blockquote><p><em>\"En tant que femme, je me sens plus en s\u00e9curit\u00e9 ici que sur d'autres plateformes. Je peux sauter, bloquer et signaler instantan\u00e9ment, ce qui me met plus \u00e0 l'aise.\"<\/em><br \/>\n- Laura, 24 ans<\/p><\/blockquote>\n<blockquote><p><em>\"J'ai rencontr\u00e9 des filles du Br\u00e9sil, d'Espagne et des \u00c9tats-Unis en une seule soir\u00e9e. C'est addictif mais amusant\".<\/em><br \/>\n- David, 30 ans<\/p><\/blockquote>\n<blockquote><p><em>\"Rapide, facile et vraiment gratuit. StrangerCam est mon outil de pr\u00e9dilection lorsque je veux discuter avec des filles en ligne.\"<\/em><br \/>\n- Chris, 21 ans<\/p><\/blockquote>\n<h2>Conseils de s\u00e9curit\u00e9 pour le chat vid\u00e9o avec les filles<\/h2>\n<p>Comme pour toute plateforme en ligne, votre s\u00e9curit\u00e9 doit toujours primer. Voici quelques r\u00e8gles \u00e0 respecter :<\/p>\n<ul>\n<li>Ne partagez pas vos informations personnelles : Ne divulguez pas votre nom, votre adresse, votre num\u00e9ro de t\u00e9l\u00e9phone et votre adresse \u00e9lectronique.<\/li>\n<li>Passer si vous n'\u00eates pas \u00e0 l'aise : Si une conversation ne vous convient pas, cliquez sur \"Suivant\".<\/li>\n<li>\u00c9vitez de cliquer sur des liens : N'ouvrez pas les liens externes partag\u00e9s par des inconnus.<\/li>\n<li>V\u00e9rifiez vos ant\u00e9c\u00e9dents : Assurez-vous que rien de priv\u00e9 n'est visible derri\u00e8re vous.<\/li>\n<li>Restez anonyme : utilisez un surnom si on vous demande un nom d'affichage.<\/li>\n<li>Si vous avez moins de 18 ans, n'utilisez pas : Respectez toujours les restrictions d'\u00e2ge de la plateforme.<\/li>\n<\/ul>\n<h2>Comment d\u00e9marrer - \u00c9tape par \u00e9tape<\/h2>\n<p>Commencer \u00e0 utiliser le chat vid\u00e9o avec des filles prend moins d'une minute :<\/p>\n<ol>\n<li>Ouvrez StrangerCam sur votre appareil.<\/li>\n<li>Autoriser l'acc\u00e8s \u00e0 la cam\u00e9ra et au microphone.<\/li>\n<li>S\u00e9lectionnez le filtre de genre (choisissez \"filles\").<\/li>\n<li>Cliquez sur D\u00e9marrer le chat pour \u00eatre mis en relation instantan\u00e9ment.<\/li>\n<li>Profitez de votre conversation. Cliquez sur Suivant pour continuer \u00e0 tout moment.<\/li>\n<\/ol>\n<p>C'est tout ce qu'il faut - rapide, simple et gratuit.<\/p>\n<h2>R\u00e9flexions finales - Essayez le chat vid\u00e9o gratuit avec des filles d\u00e8s maintenant<\/h2>\n<p>Si vous cherchez un endroit pour chatter en vid\u00e9o avec des filles, la bonne nouvelle est que c'est plus facile que jamais en 2025. StrangerCam offre tout ce dont vous avez besoin : un filtre de genre gratuit, une correspondance instantan\u00e9e, une mod\u00e9ration s\u00fbre et une communaut\u00e9 mondiale de femmes disponible 24 heures sur 24 et 7 jours sur 7.<\/p>\n<p>Ne perdez pas votre temps sur des plateformes qui promettent un chat vid\u00e9o gratuit mais qui cachent tout derri\u00e8re des abonnements. Choisissez un site v\u00e9ritablement gratuit, s\u00fbr et amusant.<\/p>\n<p>Pr\u00eat \u00e0 rencontrer quelqu'un de nouveau ? Commencez un chat vid\u00e9o gratuit avec des filles aujourd'hui et d\u00e9couvrez l'excitation des connexions spontan\u00e9es.<\/p>","protected":false},"excerpt":{"rendered":"<p>Are you searching for the best place to video chat with girls? You\u2019re not alone. Every day, thousands of people go online looking for genuine, spontaneous conversations with real women around the world. Unlike dating apps, where you scroll through profiles endlessly, or social media, where everything feels staged, live video chat with girls is [&hellip;]<\/p>\n","protected":false},"author":8,"featured_media":0,"parent":0,"menu_order":0,"comment_status":"closed","ping_status":"closed","template":"","meta":{"footnotes":""},"class_list":["post-3045","page","type-page","status-publish","hentry"],"yoast_head":"<!-- This site is optimized with the Yoast SEO plugin v27.4 - https:\/\/yoast.com\/product\/yoast-seo-wordpress\/ -->\n<title>Video Chat With Girls with Random Chat on Strangercam.com<\/title>\n<meta name=\"description\" content=\"Liking Video Chat With Girls? Join millions on StrangerCam.com! Start a random video chat, turn on your cam, and meet strangers instantly.\" \/>\n<meta name=\"robots\" content=\"index, follow, max-snippet:-1, max-image-preview:large, max-video-preview:-1\" \/>\n<link rel=\"canonical\" href=\"https:\/\/strangercam.com\/fr\/chat-video-avec-des-filles\/\" \/>\n<meta property=\"og:locale\" content=\"fr_FR\" \/>\n<meta property=\"og:type\" content=\"article\" \/>\n<meta property=\"og:title\" content=\"Video Chat With Girls with Random Chat on Strangercam.com\" \/>\n<meta property=\"og:description\" content=\"Liking Video Chat With Girls? Join millions on StrangerCam.com! Start a random video chat, turn on your cam, and meet strangers instantly.\" \/>\n<meta property=\"og:url\" content=\"https:\/\/strangercam.com\/fr\/chat-video-avec-des-filles\/\" \/>\n<meta property=\"og:site_name\" content=\"Strangercam\" \/>\n<meta property=\"article:publisher\" content=\"https:\/\/www.facebook.com\/strangercam\" \/>\n<meta property=\"article:modified_time\" content=\"2025-08-18T12:11:55+00:00\" \/>\n<meta property=\"og:image\" content=\"https:\/\/strangercam.com\/wp-content\/uploads\/2021\/10\/Untitled-2.png\" \/>\n\t<meta property=\"og:image:width\" content=\"800\" \/>\n\t<meta property=\"og:image:height\" content=\"532\" \/>\n\t<meta property=\"og:image:type\" content=\"image\/png\" \/>\n<meta name=\"twitter:card\" content=\"summary_large_image\" \/>\n<meta name=\"twitter:site\" content=\"@strangercamapp\" \/>\n<meta name=\"twitter:label1\" content=\"Dur\u00e9e de lecture estim\u00e9e\" \/>\n\t<meta name=\"twitter:data1\" content=\"5 minutes\" \/>\n<script type=\"application\/ld+json\" class=\"yoast-schema-graph\">{\"@context\":\"https:\\\/\\\/schema.org\",\"@graph\":[{\"@type\":\"WebPage\",\"@id\":\"https:\\\/\\\/strangercam.com\\\/video-chat-with-girls\\\/\",\"url\":\"https:\\\/\\\/strangercam.com\\\/video-chat-with-girls\\\/\",\"name\":\"Video Chat With Girls with Random Chat on Strangercam.com\",\"isPartOf\":{\"@id\":\"https:\\\/\\\/strangercam.com\\\/#website\"},\"datePublished\":\"2025-08-18T11:16:48+00:00\",\"dateModified\":\"2025-08-18T12:11:55+00:00\",\"description\":\"Liking Video Chat With Girls? Join millions on StrangerCam.com! Start a random video chat, turn on your cam, and meet strangers instantly.\",\"breadcrumb\":{\"@id\":\"https:\\\/\\\/strangercam.com\\\/video-chat-with-girls\\\/#breadcrumb\"},\"inLanguage\":\"fr-FR\",\"potentialAction\":[{\"@type\":\"ReadAction\",\"target\":[\"https:\\\/\\\/strangercam.com\\\/video-chat-with-girls\\\/\"]}]},{\"@type\":\"BreadcrumbList\",\"@id\":\"https:\\\/\\\/strangercam.com\\\/video-chat-with-girls\\\/#breadcrumb\",\"itemListElement\":[{\"@type\":\"ListItem\",\"position\":1,\"name\":\"Home\",\"item\":\"https:\\\/\\\/strangercam.com\\\/\"},{\"@type\":\"ListItem\",\"position\":2,\"name\":\"Video Chat With Girls\"}]},{\"@type\":\"WebSite\",\"@id\":\"https:\\\/\\\/strangercam.com\\\/#website\",\"url\":\"https:\\\/\\\/strangercam.com\\\/\",\"name\":\"Strangercam\",\"description\":\"Random Video Chat with Strangers\",\"publisher\":{\"@id\":\"https:\\\/\\\/strangercam.com\\\/#organization\"},\"alternateName\":\"Strangercam.com\",\"potentialAction\":[{\"@type\":\"SearchAction\",\"target\":{\"@type\":\"EntryPoint\",\"urlTemplate\":\"https:\\\/\\\/strangercam.com\\\/?s={search_term_string}\"},\"query-input\":{\"@type\":\"PropertyValueSpecification\",\"valueRequired\":true,\"valueName\":\"search_term_string\"}}],\"inLanguage\":\"fr-FR\"},{\"@type\":\"Organization\",\"@id\":\"https:\\\/\\\/strangercam.com\\\/#organization\",\"name\":\"Strangercam\",\"alternateName\":\"Strangercam.com\",\"url\":\"https:\\\/\\\/strangercam.com\\\/\",\"logo\":{\"@type\":\"ImageObject\",\"inLanguage\":\"fr-FR\",\"@id\":\"https:\\\/\\\/strangercam.com\\\/#\\\/schema\\\/logo\\\/image\\\/\",\"url\":\"https:\\\/\\\/strangercam.com\\\/wp-content\\\/uploads\\\/2020\\\/11\\\/cropped-new-favicon-black.png\",\"contentUrl\":\"https:\\\/\\\/strangercam.com\\\/wp-content\\\/uploads\\\/2020\\\/11\\\/cropped-new-favicon-black.png\",\"width\":512,\"height\":512,\"caption\":\"Strangercam\"},\"image\":{\"@id\":\"https:\\\/\\\/strangercam.com\\\/#\\\/schema\\\/logo\\\/image\\\/\"},\"sameAs\":[\"https:\\\/\\\/www.facebook.com\\\/strangercam\",\"https:\\\/\\\/x.com\\\/strangercamapp\"]}]}<\/script>\n<!-- \/ Yoast SEO plugin. -->","yoast_head_json":{"title":"Video Chat With Girls with Random Chat on Strangercam.com","description":"Tu aimes les chats vid\u00e9o avec des filles ? Join millions sur StrangerCam.com ! Commencez un chat vid\u00e9o al\u00e9atoire, allumez votre cam\u00e9ra et rencontrez des inconnus instantan\u00e9ment.","robots":{"index":"index","follow":"follow","max-snippet":"max-snippet:-1","max-image-preview":"max-image-preview:large","max-video-preview":"max-video-preview:-1"},"canonical":"https:\/\/strangercam.com\/fr\/chat-video-avec-des-filles\/","og_locale":"fr_FR","og_type":"article","og_title":"Video Chat With Girls with Random Chat on Strangercam.com","og_description":"Liking Video Chat With Girls? Join millions on StrangerCam.com! Start a random video chat, turn on your cam, and meet strangers instantly.","og_url":"https:\/\/strangercam.com\/fr\/chat-video-avec-des-filles\/","og_site_name":"Strangercam","article_publisher":"https:\/\/www.facebook.com\/strangercam","article_modified_time":"2025-08-18T12:11:55+00:00","og_image":[{"width":800,"height":532,"url":"https:\/\/strangercam.com\/wp-content\/uploads\/2021\/10\/Untitled-2.png","type":"image\/png"}],"twitter_card":"summary_large_image","twitter_site":"@strangercamapp","twitter_misc":{"Dur\u00e9e de lecture estim\u00e9e":"5 minutes"},"schema":{"@context":"https:\/\/schema.org","@graph":[{"@type":"WebPage","@id":"https:\/\/strangercam.com\/video-chat-with-girls\/","url":"https:\/\/strangercam.com\/video-chat-with-girls\/","name":"Video Chat With Girls with Random Chat on Strangercam.com","isPartOf":{"@id":"https:\/\/strangercam.com\/#website"},"datePublished":"2025-08-18T11:16:48+00:00","dateModified":"2025-08-18T12:11:55+00:00","description":"Tu aimes les chats vid\u00e9o avec des filles ? Join millions sur StrangerCam.com ! Commencez un chat vid\u00e9o al\u00e9atoire, allumez votre cam\u00e9ra et rencontrez des inconnus instantan\u00e9ment.","breadcrumb":{"@id":"https:\/\/strangercam.com\/video-chat-with-girls\/#breadcrumb"},"inLanguage":"fr-FR","potentialAction":[{"@type":"ReadAction","target":["https:\/\/strangercam.com\/video-chat-with-girls\/"]}]},{"@type":"BreadcrumbList","@id":"https:\/\/strangercam.com\/video-chat-with-girls\/#breadcrumb","itemListElement":[{"@type":"ListItem","position":1,"name":"Home","item":"https:\/\/strangercam.com\/"},{"@type":"ListItem","position":2,"name":"Video Chat With Girls"}]},{"@type":"WebSite","@id":"https:\/\/strangercam.com\/#website","url":"https:\/\/strangercam.com\/","name":"Strangercam","description":"Chat vid\u00e9o al\u00e9atoire avec des inconnus","publisher":{"@id":"https:\/\/strangercam.com\/#organization"},"alternateName":"Strangercam.com","potentialAction":[{"@type":"SearchAction","target":{"@type":"EntryPoint","urlTemplate":"https:\/\/strangercam.com\/?s={search_term_string}"},"query-input":{"@type":"PropertyValueSpecification","valueRequired":true,"valueName":"search_term_string"}}],"inLanguage":"fr-FR"},{"@type":"Organization","@id":"https:\/\/strangercam.com\/#organization","name":"Strangercam","alternateName":"Strangercam.com","url":"https:\/\/strangercam.com\/","logo":{"@type":"ImageObject","inLanguage":"fr-FR","@id":"https:\/\/strangercam.com\/#\/schema\/logo\/image\/","url":"https:\/\/strangercam.com\/wp-content\/uploads\/2020\/11\/cropped-new-favicon-black.png","contentUrl":"https:\/\/strangercam.com\/wp-content\/uploads\/2020\/11\/cropped-new-favicon-black.png","width":512,"height":512,"caption":"Strangercam"},"image":{"@id":"https:\/\/strangercam.com\/#\/schema\/logo\/image\/"},"sameAs":["https:\/\/www.facebook.com\/strangercam","https:\/\/x.com\/strangercamapp"]}]}},"_links":{"self":[{"href":"https:\/\/strangercam.com\/fr\/wp-json\/wp\/v2\/pages\/3045","targetHints":{"allow":["GET"]}}],"collection":[{"href":"https:\/\/strangercam.com\/fr\/wp-json\/wp\/v2\/pages"}],"about":[{"href":"https:\/\/strangercam.com\/fr\/wp-json\/wp\/v2\/types\/page"}],"author":[{"embeddable":true,"href":"https:\/\/strangercam.com\/fr\/wp-json\/wp\/v2\/users\/8"}],"replies":[{"embeddable":true,"href":"https:\/\/strangercam.com\/fr\/wp-json\/wp\/v2\/comments?post=3045"}],"version-history":[{"count":2,"href":"https:\/\/strangercam.com\/fr\/wp-json\/wp\/v2\/pages\/3045\/revisions"}],"predecessor-version":[{"id":12968,"href":"https:\/\/strangercam.com\/fr\/wp-json\/wp\/v2\/pages\/3045\/revisions\/12968"}],"wp:attachment":[{"href":"https:\/\/strangercam.com\/fr\/wp-json\/wp\/v2\/media?parent=3045"}],"curies":[{"name":"wp","href":"https:\/\/api.w.org\/{rel}","templated":true}]}}