{"id":201,"date":"2025-08-18T13:43:14","date_gmt":"2025-08-18T11:43:14","guid":{"rendered":"https:\/\/strangercam.com\/?page_id=201"},"modified":"2025-08-18T14:08:48","modified_gmt":"2025-08-18T12:08:48","slug":"cam-chat-aleatoire","status":"publish","type":"page","link":"https:\/\/strangercam.com\/fr\/random-cam-chat\/","title":{"rendered":"Chat Cam al\u00e9atoire"},"content":{"rendered":"<p>Vous recherchez le frisson du hasard ? <a href=\"https:\/\/strangercam.com\/fr\/bazoocam\/\">came<\/a> chat ? Vous n'\u00eates pas le seul. Depuis les premiers jours de <a href=\"https:\/\/strangercam.com\/fr\/omegle\/\">Omegle<\/a> et <a href=\"https:\/\/strangercam.com\/fr\/chatroulette\/\">Chatroulette<\/a>, des millions de personnes se sont tourn\u00e9es vers des <a href=\"https:\/\/strangercam.com\/fr\/cam-to-cam-chat\/\">chat cam<\/a> pour rencontrer des inconnus instantan\u00e9ment, en face \u00e0 face. L'id\u00e9e est simple mais puissante : allumez votre webcam, cliquez sur un bouton et entrez en contact avec quelqu'un de nouveau en quelques secondes.<\/p>\n<p>Aujourd'hui, des plateformes comme StrangerCam permettent plus facilement que jamais de profiter d'un tchat gratuit avec une cam\u00e9ra al\u00e9atoire sans inscription, ni t\u00e9l\u00e9chargement, ni mur de paiement cach\u00e9. Que vous soyez \u00e0 la recherche d'une amiti\u00e9, d'un flirt, d'un \u00e9change culturel ou simplement d'un moyen de tromper votre ennui, le chat avec une webcam al\u00e9atoire vous offre une exp\u00e9rience en ligne unique.<\/p>\n<p>Dans ce guide d\u00e9taill\u00e9, nous allons explorer comment cela fonctionne, quelles sont les fonctionnalit\u00e9s les plus importantes, pourquoi les gens l'aiment, et pourquoi StrangerCam se distingue comme l'un des meilleurs endroits pour chatter avec une cam\u00e9ra al\u00e9atoire en 2025.<\/p>\n<h2>Qu'est-ce que le Random Cam Chat ?<\/h2>\n<p>Le chat par webcam al\u00e9atoire est un service en ligne qui vous met en relation avec des inconnus par le biais d'une webcam et d'un microphone pour des conversations vid\u00e9o en direct et en t\u00eate-\u00e0-t\u00eate. Le terme \"al\u00e9atoire\" signifie que vous ne savez jamais qui vous allez rencontrer : il peut s'agir d'une personne de votre pays ou d'une personne \u00e0 l'autre bout du monde.<\/p>\n<p>Contrairement aux r\u00e9seaux sociaux ou aux applications de rencontre, le chat avec cam\u00e9ra al\u00e9atoire \u00e9limine les filtres des profils et des biographies. Vous rencontrez des gens en direct, en temps r\u00e9el, sans aucune configuration. Si la conversation ne vous convient pas, il vous suffit de cliquer sur \"Suivant\" pour \u00eatre instantan\u00e9ment mis en relation avec quelqu'un d'autre.<\/p>\n<h2>Pourquoi les gens adorent le chat webcam gratuit et al\u00e9atoire<\/h2>\n<p>La popularit\u00e9 du chat gratuit avec cam\u00e9ra al\u00e9atoire s'explique par plusieurs raisons essentielles :<\/p>\n<ul>\n<li>Spontan\u00e9it\u00e9 : chaque conversation est une surprise, ce qui la rend passionnante et addictive.<\/li>\n<li>Connexion humaine : Dans un monde de textos et de m\u00e9dias sociaux, l'interaction en face \u00e0 face est particuli\u00e8rement rafra\u00eechissante.<\/li>\n<li>Anonymat : La plupart des plateformes n'exigent pas de comptes ou d'informations personnelles. Vous pouvez rester aussi discret que vous le souhaitez.<\/li>\n<li>\u00c9change culturel : Rencontrez des personnes du monde entier, d\u00e9couvrez leur culture et partagez vos propres exp\u00e9riences.<\/li>\n<li>Pas de faux profils : Comme la vid\u00e9o est en direct, vous savez que vous parlez \u00e0 de vraies personnes, et non \u00e0 des robots ou \u00e0 des \"catfish\".<\/li>\n<li>Soulager le stress et s'amuser : C'est un moyen facile de se d\u00e9tendre, de rire et de discuter sans pression.<\/li>\n<\/ul>\n<h2>Comment fonctionne le Random Cam Chat<\/h2>\n<p>Commencer \u00e0 utiliser le chat avec cam\u00e9ra al\u00e9atoire est simple :<\/p>\n<ol>\n<li>Ouvrez la plateforme sur votre ordinateur ou votre smartphone.<\/li>\n<li>Autorisez l'acc\u00e8s \u00e0 votre webcam et \u00e0 votre microphone.<\/li>\n<li>Cliquez sur \"Start Chat\". Vous serez instantan\u00e9ment mis en relation avec un inconnu.<\/li>\n<li>Parlez en face \u00e0 face. Restez aussi longtemps que vous le souhaitez ou cliquez sur \"Suivant\" pour passer \u00e0 quelqu'un d'autre.<\/li>\n<li>R\u00e9p\u00e9tez \u00e0 l'infini. La plupart des plateformes proposent des chats illimit\u00e9s gratuitement.<\/li>\n<\/ol>\n<p>Certains sites proposent des options suppl\u00e9mentaires telles que des filtres par sexe, des pr\u00e9f\u00e9rences de localisation ou des outils de traduction int\u00e9gr\u00e9s pour faciliter encore davantage les discussions \u00e0 l'\u00e9chelle mondiale.<\/p>\n<h2>Principales caract\u00e9ristiques \u00e0 rechercher<\/h2>\n<p>Toutes les plateformes de chat avec cam\u00e9ra al\u00e9atoire ne sont pas cr\u00e9\u00e9es de la m\u00eame mani\u00e8re. Pour obtenir la meilleure exp\u00e9rience, voici ce qu'il faut rechercher :<\/p>\n<h3>1. Un acc\u00e8s r\u00e9ellement gratuit<\/h3>\n<p>\u00c9vitez les plateformes qui promettent des chats gratuits mais qui vous poussent vers des murs payants. Les meilleurs sites permettent une utilisation illimit\u00e9e et gratuite.<\/p>\n<h3>2. Aucune inscription n'est requise<\/h3>\n<p>Vous ne devriez pas avoir \u00e0 vous inscrire ou \u00e0 fournir des informations personnelles pour utiliser le chat par webcam al\u00e9atoire.<\/p>\n<h3>3. Filtres de genre et de lieu<\/h3>\n<p>Ils facilitent la mise en relation avec le type de personnes que vous recherchez.<\/p>\n<h3>4. Conception adapt\u00e9e aux mobiles<\/h3>\n<p>Une bonne plateforme doit fonctionner de mani\u00e8re transparente \u00e0 la fois sur les ordinateurs de bureau et les t\u00e9l\u00e9phones portables.<\/p>\n<h3>5. Forte mod\u00e9ration<\/h3>\n<p>Une mod\u00e9ration active et des outils de signalement permettent de pr\u00e9server l'espace des comportements inappropri\u00e9s.<\/p>\n<h3>6. Vid\u00e9o et audio de haute qualit\u00e9<\/h3>\n<p>Des connexions fluides et claires rendent les conversations plus agr\u00e9ables.<\/p>\n<h2>Meilleures plateformes de chat sur webcam en 2025<\/h2>\n<p>Voici comment se comparent certaines des plateformes de chat par webcam les plus populaires :<\/p>\n<table>\n<thead>\n<tr>\n<th>Plate-forme<\/th>\n<th align=\"center\">Utilisation gratuite<\/th>\n<th align=\"center\">Filtre de genre<\/th>\n<th align=\"center\">Inscription n\u00e9cessaire<\/th>\n<th align=\"center\">Support mobile<\/th>\n<th>Notes<\/th>\n<\/tr>\n<\/thead>\n<tbody>\n<tr>\n<td>StrangerCam<\/td>\n<td align=\"center\">\u2705<\/td>\n<td align=\"center\">\u2705 (Gratuit)<\/td>\n<td align=\"center\">\u274c<\/td>\n<td align=\"center\">\u2705<\/td>\n<td>Le meilleur choix pour le chat gratuit avec cam\u00e9ra al\u00e9atoire<\/td>\n<\/tr>\n<tr>\n<td>Chatroulette<\/td>\n<td align=\"center\">\u2705<\/td>\n<td align=\"center\">\u274c (Pay\u00e9)<\/td>\n<td align=\"center\">\u274c<\/td>\n<td align=\"center\">\u2705<\/td>\n<td>Classique, mais avec un filtre de genre<\/td>\n<\/tr>\n<tr>\n<td>Chatrandom<\/td>\n<td align=\"center\">\u2705<\/td>\n<td align=\"center\">\u274c (Pay\u00e9)<\/td>\n<td align=\"center\">\u274c<\/td>\n<td align=\"center\">\u2705<\/td>\n<td>Grande base d'utilisateurs, filtres payants<\/td>\n<\/tr>\n<tr>\n<td>OmeTV<\/td>\n<td align=\"center\">\u2705<\/td>\n<td align=\"center\">\u274c<\/td>\n<td align=\"center\">\u274c<\/td>\n<td align=\"center\">\u2705<\/td>\n<td>Application mobile disponible, uniquement al\u00e9atoire<\/td>\n<\/tr>\n<tr>\n<td>Shagle<\/td>\n<td align=\"center\">\u2705<\/td>\n<td align=\"center\">\u274c (Pay\u00e9)<\/td>\n<td align=\"center\">\u274c<\/td>\n<td align=\"center\">\u2705<\/td>\n<td>Des chats gratuits mais des mises \u00e0 niveau premium pouss\u00e9es<\/td>\n<\/tr>\n<tr>\n<td><a href=\"https:\/\/strangercam.com\/fr\/coomeet\/\">CooMeet<\/a><\/td>\n<td align=\"center\">\u274c (Essai)<\/td>\n<td align=\"center\">\u2705<\/td>\n<td align=\"center\">\u2705<\/td>\n<td align=\"center\">\u2705<\/td>\n<td>Principalement pay\u00e9 apr\u00e8s la fin de la p\u00e9riode d'essai<\/td>\n<\/tr>\n<tr>\n<td>LuckyCrush<\/td>\n<td align=\"center\">\u274c<\/td>\n<td align=\"center\">\u2705<\/td>\n<td align=\"center\">\u2705<\/td>\n<td align=\"center\">\u2705<\/td>\n<td>Toujours r\u00e9mun\u00e9r\u00e9, ad\u00e9quation entre les sexes<\/td>\n<\/tr>\n<\/tbody>\n<\/table>\n<p>StrangerCam se distingue par sa gratuit\u00e9, sa s\u00e9curit\u00e9 et sa facilit\u00e9 de filtrage, contrairement \u00e0 la plupart des concurrents qui font payer des fonctionnalit\u00e9s avanc\u00e9es.<\/p>\n<h2>Pourquoi StrangerCam est un choix de premier ordre pour le chat sur cam\u00e9ra al\u00e9atoire<\/h2>\n<p>Voici pourquoi StrangerCam est l'une des meilleures plateformes de type Omegle en 2025 :<\/p>\n<h3>1. Enti\u00e8rement gratuit<\/h3>\n<p>Pas de frais cach\u00e9s, de cr\u00e9dits ou d'essais limit\u00e9s. Vous pouvez chatter autant que vous le souhaitez, gratuitement.<\/p>\n<h3>2. Filtre de genre r\u00e9el<\/h3>\n<p>Contrairement \u00e0 la plupart des sites gratuits, StrangerCam vous permet de choisir de vous connecter avec des hommes, des femmes ou les deux sans frais.<\/p>\n<h3>3. Pas de compte n\u00e9cessaire<\/h3>\n<p>Commencez \u00e0 chatter instantan\u00e9ment. Pas d'inscription, d'email ou d'informations personnelles n\u00e9cessaires.<\/p>\n<h3>4. Communaut\u00e9 mondiale 24\/7<\/h3>\n<p>Toujours actif, vous ne manquerez jamais de personnes \u00e0 rencontrer.<\/p>\n<h3>5. Optimis\u00e9 pour les mobiles<\/h3>\n<p>Fonctionne parfaitement sur les t\u00e9l\u00e9phones, les tablettes et les ordinateurs.<\/p>\n<h3>6. S\u00e9curit\u00e9 et mod\u00e9ration<\/h3>\n<p>Des mod\u00e9rateurs et des outils de signalement d\u00e9di\u00e9s veillent \u00e0 ce que la plateforme reste propre et agr\u00e9able.<\/p>\n<h2>T\u00e9moignages d'utilisateurs r\u00e9els<\/h2>\n<blockquote><p><em>\"J'ai essay\u00e9 beaucoup de sites de chat depuis que Omegle a ferm\u00e9, mais StrangerCam est le seul qui ressemble \u00e0 une vraie affaire. C'est gratuit et plein de vraies personnes.\"<\/em><br \/>\n- Chris, 25 ans<\/p><\/blockquote>\n<blockquote><p><em>\"Le filtre de genre fonctionne r\u00e9ellement sans que je doive payer un suppl\u00e9ment. C'est une grande victoire pour moi\".<\/em><br \/>\n- Marta, 23 ans<\/p><\/blockquote>\n<blockquote><p><em>\"J'ai \u00e9t\u00e9 en contact avec des personnes de cinq pays diff\u00e9rents en une seule nuit. C'est une fa\u00e7on tellement amusante de rencontrer des \u00e9trangers.\"<\/em><br \/>\n- Dylan, 30 ans<\/p><\/blockquote>\n<blockquote><p><em>\"Gratuit, rapide et s\u00fbr. StrangerCam est mon interlocuteur privil\u00e9gi\u00e9 pour les chats sur des webcams al\u00e9atoires.\"<\/em><br \/>\n- Leah, 20 ans<\/p><\/blockquote>\n<h2>Conseils de s\u00e9curit\u00e9 pour le chat sur cam\u00e9ra al\u00e9atoire<\/h2>\n<p>Pour tirer le meilleur parti du chat gratuit avec cam\u00e9ra al\u00e9atoire tout en restant en s\u00e9curit\u00e9, gardez ces conseils \u00e0 l'esprit :<\/p>\n<ul>\n<li>Ne communiquez pas d'informations personnelles telles que votre nom complet, votre adresse ou votre num\u00e9ro de t\u00e9l\u00e9phone.<\/li>\n<li>Ignorez ou bloquez toute personne qui vous met mal \u00e0 l'aise.<\/li>\n<li>Ne cliquez jamais sur des liens envoy\u00e9s par des inconnus.<\/li>\n<li>Faites attention \u00e0 vos ant\u00e9c\u00e9dents afin d'\u00e9viter de montrer des d\u00e9tails priv\u00e9s.<\/li>\n<li>Utilisez un casque pour un son plus clair et plus d'intimit\u00e9.<\/li>\n<li>Si vous avez moins de 18 ans, \u00e9vitez d'utiliser les plateformes de chat par webcam al\u00e9atoire.<\/li>\n<\/ul>\n<h2>Comment d\u00e9marrer - \u00e9tape par \u00e9tape<\/h2>\n<p>1TP162L'ouverture d'un chat sur une webcam al\u00e9atoire prend moins d'une minute :<\/p>\n<ol>\n<li>Acc\u00e9dez \u00e0 la plateforme sur votre navigateur ou votre t\u00e9l\u00e9phone.<\/li>\n<li>Autoriser l'acc\u00e8s \u00e0 la cam\u00e9ra et au microphone.<\/li>\n<li>Appuyez sur \"Start Chat\".<\/li>\n<li>Rencontrer instantan\u00e9ment un inconnu au hasard.<\/li>\n<li>Cliquez sur \"Suivant\" chaque fois que vous souhaitez changer de personne.<\/li>\n<\/ol>\n<p>C'est tout - rapide, simple et gratuit.<\/p>\n<h2>Derni\u00e8res r\u00e9flexions - Essayez le Random Cam Chat gratuit maintenant<\/h2>\n<p>Le chat avec cam\u00e9ra al\u00e9atoire est l'un des moyens les plus excitants de se connecter en ligne en 2025. C'est spontan\u00e9, amusant et une alternative rafra\u00eechissante aux m\u00e9dias sociaux ou aux applications de rencontre. Avec des plateformes comme StrangerCam, vous b\u00e9n\u00e9ficiez d'une exp\u00e9rience vraiment gratuite - pas d'inscription, pas de mur payant, et une communaut\u00e9 mondiale pr\u00eate \u00e0 vous rencontrer 24 heures sur 24, 7 jours sur 7.<\/p>\n<p>Ne perdez pas de temps sur les plateformes qui promettent un chat vid\u00e9o gratuit mais qui cachent tout derri\u00e8re des murs payants. Choisissez un endroit o\u00f9 vous pouvez vous connecter, rire et vous faire de nouveaux amis instantan\u00e9ment.<\/p>\n<p>Pr\u00eat \u00e0 en faire l'exp\u00e9rience ? Essayez le chat al\u00e9atoire gratuit aujourd'hui et voyez qui vous rencontrerez ensuite.<\/p>","protected":false},"excerpt":{"rendered":"<p>Are you looking for the thrill of random cam chat? You\u2019re not alone. Since the early days of Omegle and Chatroulette, millions of people have turned to random cam chat sites to meet strangers instantly, face-to-face. The idea is simple yet powerful: switch on your webcam, click a button, and get connected to someone new [&hellip;]<\/p>\n","protected":false},"author":8,"featured_media":0,"parent":0,"menu_order":0,"comment_status":"closed","ping_status":"closed","template":"","meta":{"footnotes":""},"class_list":["post-201","page","type-page","status-publish","hentry"],"yoast_head":"<!-- This site is optimized with the Yoast SEO plugin v27.4 - https:\/\/yoast.com\/product\/yoast-seo-wordpress\/ -->\n<title>Random Cam Chat with Random Chat on Strangercam.com<\/title>\n<meta name=\"description\" content=\"Liking Random Cam Chat? Join millions on StrangerCam.com! Start a random video chat, turn on your cam, and meet strangers instantly.\" \/>\n<meta name=\"robots\" content=\"index, follow, max-snippet:-1, max-image-preview:large, max-video-preview:-1\" \/>\n<link rel=\"canonical\" href=\"https:\/\/strangercam.com\/fr\/cam-chat-aleatoire\/\" \/>\n<meta property=\"og:locale\" content=\"fr_FR\" \/>\n<meta property=\"og:type\" content=\"article\" \/>\n<meta property=\"og:title\" content=\"Random Cam Chat with Random Chat on Strangercam.com\" \/>\n<meta property=\"og:description\" content=\"Liking Random Cam Chat? Join millions on StrangerCam.com! Start a random video chat, turn on your cam, and meet strangers instantly.\" \/>\n<meta property=\"og:url\" content=\"https:\/\/strangercam.com\/fr\/cam-chat-aleatoire\/\" \/>\n<meta property=\"og:site_name\" content=\"Strangercam\" \/>\n<meta property=\"article:publisher\" content=\"https:\/\/www.facebook.com\/strangercam\" \/>\n<meta property=\"article:modified_time\" content=\"2025-08-18T12:08:48+00:00\" \/>\n<meta property=\"og:image\" content=\"https:\/\/strangercam.com\/wp-content\/uploads\/2021\/10\/Untitled-2.png\" \/>\n\t<meta property=\"og:image:width\" content=\"800\" \/>\n\t<meta property=\"og:image:height\" content=\"532\" \/>\n\t<meta property=\"og:image:type\" content=\"image\/png\" \/>\n<meta name=\"twitter:card\" content=\"summary_large_image\" \/>\n<meta name=\"twitter:site\" content=\"@strangercamapp\" \/>\n<meta name=\"twitter:label1\" content=\"Dur\u00e9e de lecture estim\u00e9e\" \/>\n\t<meta name=\"twitter:data1\" content=\"5 minutes\" \/>\n<script type=\"application\/ld+json\" class=\"yoast-schema-graph\">{\"@context\":\"https:\\\/\\\/schema.org\",\"@graph\":[{\"@type\":\"WebPage\",\"@id\":\"https:\\\/\\\/strangercam.com\\\/random-cam-chat\\\/\",\"url\":\"https:\\\/\\\/strangercam.com\\\/random-cam-chat\\\/\",\"name\":\"Random Cam Chat with Random Chat on Strangercam.com\",\"isPartOf\":{\"@id\":\"https:\\\/\\\/strangercam.com\\\/#website\"},\"datePublished\":\"2025-08-18T11:43:14+00:00\",\"dateModified\":\"2025-08-18T12:08:48+00:00\",\"description\":\"Liking Random Cam Chat? Join millions on StrangerCam.com! Start a random video chat, turn on your cam, and meet strangers instantly.\",\"breadcrumb\":{\"@id\":\"https:\\\/\\\/strangercam.com\\\/random-cam-chat\\\/#breadcrumb\"},\"inLanguage\":\"fr-FR\",\"potentialAction\":[{\"@type\":\"ReadAction\",\"target\":[\"https:\\\/\\\/strangercam.com\\\/random-cam-chat\\\/\"]}]},{\"@type\":\"BreadcrumbList\",\"@id\":\"https:\\\/\\\/strangercam.com\\\/random-cam-chat\\\/#breadcrumb\",\"itemListElement\":[{\"@type\":\"ListItem\",\"position\":1,\"name\":\"Home\",\"item\":\"https:\\\/\\\/strangercam.com\\\/\"},{\"@type\":\"ListItem\",\"position\":2,\"name\":\"Random Cam Chat\"}]},{\"@type\":\"WebSite\",\"@id\":\"https:\\\/\\\/strangercam.com\\\/#website\",\"url\":\"https:\\\/\\\/strangercam.com\\\/\",\"name\":\"Strangercam\",\"description\":\"Random Video Chat with Strangers\",\"publisher\":{\"@id\":\"https:\\\/\\\/strangercam.com\\\/#organization\"},\"alternateName\":\"Strangercam.com\",\"potentialAction\":[{\"@type\":\"SearchAction\",\"target\":{\"@type\":\"EntryPoint\",\"urlTemplate\":\"https:\\\/\\\/strangercam.com\\\/?s={search_term_string}\"},\"query-input\":{\"@type\":\"PropertyValueSpecification\",\"valueRequired\":true,\"valueName\":\"search_term_string\"}}],\"inLanguage\":\"fr-FR\"},{\"@type\":\"Organization\",\"@id\":\"https:\\\/\\\/strangercam.com\\\/#organization\",\"name\":\"Strangercam\",\"alternateName\":\"Strangercam.com\",\"url\":\"https:\\\/\\\/strangercam.com\\\/\",\"logo\":{\"@type\":\"ImageObject\",\"inLanguage\":\"fr-FR\",\"@id\":\"https:\\\/\\\/strangercam.com\\\/#\\\/schema\\\/logo\\\/image\\\/\",\"url\":\"https:\\\/\\\/strangercam.com\\\/wp-content\\\/uploads\\\/2020\\\/11\\\/cropped-new-favicon-black.png\",\"contentUrl\":\"https:\\\/\\\/strangercam.com\\\/wp-content\\\/uploads\\\/2020\\\/11\\\/cropped-new-favicon-black.png\",\"width\":512,\"height\":512,\"caption\":\"Strangercam\"},\"image\":{\"@id\":\"https:\\\/\\\/strangercam.com\\\/#\\\/schema\\\/logo\\\/image\\\/\"},\"sameAs\":[\"https:\\\/\\\/www.facebook.com\\\/strangercam\",\"https:\\\/\\\/x.com\\\/strangercamapp\"]}]}<\/script>\n<!-- \/ Yoast SEO plugin. -->","yoast_head_json":{"title":"Random Cam Chat avec Random Chat sur Strangercam.com","description":"Vous aimez le Random Cam Chat ? Join millions sur StrangerCam.com ! Commencez un chat vid\u00e9o al\u00e9atoire, allumez votre cam\u00e9ra et rencontrez des inconnus instantan\u00e9ment.","robots":{"index":"index","follow":"follow","max-snippet":"max-snippet:-1","max-image-preview":"max-image-preview:large","max-video-preview":"max-video-preview:-1"},"canonical":"https:\/\/strangercam.com\/fr\/cam-chat-aleatoire\/","og_locale":"fr_FR","og_type":"article","og_title":"Random Cam Chat with Random Chat on Strangercam.com","og_description":"Liking Random Cam Chat? Join millions on StrangerCam.com! Start a random video chat, turn on your cam, and meet strangers instantly.","og_url":"https:\/\/strangercam.com\/fr\/cam-chat-aleatoire\/","og_site_name":"Strangercam","article_publisher":"https:\/\/www.facebook.com\/strangercam","article_modified_time":"2025-08-18T12:08:48+00:00","og_image":[{"width":800,"height":532,"url":"https:\/\/strangercam.com\/wp-content\/uploads\/2021\/10\/Untitled-2.png","type":"image\/png"}],"twitter_card":"summary_large_image","twitter_site":"@strangercamapp","twitter_misc":{"Dur\u00e9e de lecture estim\u00e9e":"5 minutes"},"schema":{"@context":"https:\/\/schema.org","@graph":[{"@type":"WebPage","@id":"https:\/\/strangercam.com\/random-cam-chat\/","url":"https:\/\/strangercam.com\/random-cam-chat\/","name":"Random Cam Chat avec Random Chat sur Strangercam.com","isPartOf":{"@id":"https:\/\/strangercam.com\/#website"},"datePublished":"2025-08-18T11:43:14+00:00","dateModified":"2025-08-18T12:08:48+00:00","description":"Vous aimez le Random Cam Chat ? Join millions sur StrangerCam.com ! Commencez un chat vid\u00e9o al\u00e9atoire, allumez votre cam\u00e9ra et rencontrez des inconnus instantan\u00e9ment.","breadcrumb":{"@id":"https:\/\/strangercam.com\/random-cam-chat\/#breadcrumb"},"inLanguage":"fr-FR","potentialAction":[{"@type":"ReadAction","target":["https:\/\/strangercam.com\/random-cam-chat\/"]}]},{"@type":"BreadcrumbList","@id":"https:\/\/strangercam.com\/random-cam-chat\/#breadcrumb","itemListElement":[{"@type":"ListItem","position":1,"name":"Home","item":"https:\/\/strangercam.com\/"},{"@type":"ListItem","position":2,"name":"Random Cam Chat"}]},{"@type":"WebSite","@id":"https:\/\/strangercam.com\/#website","url":"https:\/\/strangercam.com\/","name":"Strangercam","description":"Chat vid\u00e9o al\u00e9atoire avec des inconnus","publisher":{"@id":"https:\/\/strangercam.com\/#organization"},"alternateName":"Strangercam.com","potentialAction":[{"@type":"SearchAction","target":{"@type":"EntryPoint","urlTemplate":"https:\/\/strangercam.com\/?s={search_term_string}"},"query-input":{"@type":"PropertyValueSpecification","valueRequired":true,"valueName":"search_term_string"}}],"inLanguage":"fr-FR"},{"@type":"Organization","@id":"https:\/\/strangercam.com\/#organization","name":"Strangercam","alternateName":"Strangercam.com","url":"https:\/\/strangercam.com\/","logo":{"@type":"ImageObject","inLanguage":"fr-FR","@id":"https:\/\/strangercam.com\/#\/schema\/logo\/image\/","url":"https:\/\/strangercam.com\/wp-content\/uploads\/2020\/11\/cropped-new-favicon-black.png","contentUrl":"https:\/\/strangercam.com\/wp-content\/uploads\/2020\/11\/cropped-new-favicon-black.png","width":512,"height":512,"caption":"Strangercam"},"image":{"@id":"https:\/\/strangercam.com\/#\/schema\/logo\/image\/"},"sameAs":["https:\/\/www.facebook.com\/strangercam","https:\/\/x.com\/strangercamapp"]}]}},"_links":{"self":[{"href":"https:\/\/strangercam.com\/fr\/wp-json\/wp\/v2\/pages\/201","targetHints":{"allow":["GET"]}}],"collection":[{"href":"https:\/\/strangercam.com\/fr\/wp-json\/wp\/v2\/pages"}],"about":[{"href":"https:\/\/strangercam.com\/fr\/wp-json\/wp\/v2\/types\/page"}],"author":[{"embeddable":true,"href":"https:\/\/strangercam.com\/fr\/wp-json\/wp\/v2\/users\/8"}],"replies":[{"embeddable":true,"href":"https:\/\/strangercam.com\/fr\/wp-json\/wp\/v2\/comments?post=201"}],"version-history":[{"count":2,"href":"https:\/\/strangercam.com\/fr\/wp-json\/wp\/v2\/pages\/201\/revisions"}],"predecessor-version":[{"id":12967,"href":"https:\/\/strangercam.com\/fr\/wp-json\/wp\/v2\/pages\/201\/revisions\/12967"}],"wp:attachment":[{"href":"https:\/\/strangercam.com\/fr\/wp-json\/wp\/v2\/media?parent=201"}],"curies":[{"name":"wp","href":"https:\/\/api.w.org\/{rel}","templated":true}]}}