{"id":1327,"date":"2021-04-06T11:24:02","date_gmt":"2021-04-06T09:24:02","guid":{"rendered":"https:\/\/strangercam.com\/?page_id=1327"},"modified":"2023-08-21T12:24:41","modified_gmt":"2023-08-21T10:24:41","slug":"chatrad","status":"publish","type":"page","link":"https:\/\/strangercam.com\/fr\/chatrad\/","title":{"rendered":"Chatrad"},"content":{"rendered":"<p>Vouloir <a href=\"https:\/\/strangercam.com\/fr\/coomeet\/\">rencontrer<\/a> de nouvelles personnes int\u00e9ressantes chaque jour ? Essayez ChatRad en ligne <a href=\"https:\/\/strangercam.com\/fr\/rabbit-video-chat\/\">vid\u00e9o<\/a> <a href=\"https:\/\/strangercam.com\/fr\/chatroulette\/\">chat<\/a> plateforme. Ce site vous permet de rencontrer des dizaines de personnes chaque jour gr\u00e2ce \u00e0 votre webcam. La connexion avec des inconnus du monde entier est facile et instantan\u00e9e. Ainsi, si vous souhaitez vous faire de nouveaux amis ou faire des rencontres, ChatRad est la plateforme id\u00e9ale pour vous.<\/p>\n<p>De plus, ChatRad vous permet \u00e9galement de trouver un nouveau partenaire ou de passer un bon moment de convivialit\u00e9.<\/p>\n<h2>Qu'est-ce que ChatRad ?<\/h2>\n<p>ChatRad a \u00e9t\u00e9 lanc\u00e9 en 2013. <a href=\"https:\/\/strangercam.com\/fr\/chatingly\/\">Chat<\/a> La technologie de la webcam n'a jamais \u00e9t\u00e9 aussi facile \u00e0 utiliser. Cependant, avec l'aide de la plateforme ChatRad, le chat \u00e0 partir de la webcam est devenu facile pour ses utilisateurs gr\u00e2ce \u00e0 des ann\u00e9es d'innovation et de travail acharn\u00e9.<\/p>\n<p>ChatRad est un logiciel de chat qui permet \u00e0 ses utilisateurs de communiquer avec des inconnus en utilisant la webcam sur une plateforme vid\u00e9o. ChatRad vous permet \u00e9galement de chatter en fonction de vos go\u00fbts et de vos pr\u00e9f\u00e9rences.<\/p>\n<h3>Qu'est-ce que ChatRad a de si sp\u00e9cial ?<\/h3>\n<p>La particularit\u00e9 de ChatRad est qu'il est <a href=\"https:\/\/strangercam.com\/fr\/chat4free\/\">gratuit<\/a>. Il vous suffit d'utiliser votre webcam pour discuter avec des inconnus du monde entier. Voyons quelques particularit\u00e9s de ChatRad.<\/p>\n<ul>\n<li>Rencontrer de nouvelles personnes - Rencontrer de nouvelles personnes avec ChatRad est simple et facile. Il vous suffit d'appuyer sur \"start\" pour activer votre webcam, et le tour est jou\u00e9.<\/li>\n<li>De plus, il s'agit d'une plateforme qui offre non seulement une socialisation gratuite, mais qui vous permet \u00e9galement de pr\u00e9senter votre talent au monde entier. Si vous \u00eates un grand guitariste ou si vous avez une belle voix, vous pouvez le faire facilement sur ChatRad. En outre, vous pouvez discuter avec des inconnus de divers sujets tels que la nourriture, la politique, la culture et bien d'autres encore. Se connecter \u00e0 des inconnus du monde entier dans ChatRad par le biais d'une webcam est int\u00e9ressant et amusant. L'utilisation de votre webcam pour discuter avec des inconnus sur le site Web de ChatRad est gratuite et passionnante.<\/li>\n<li>Vitesse - Une autre chose sp\u00e9ciale \u00e0 mentionner \u00e0 propos de ChatRad est sa vitesse fulgurante. ChatRad vous permet de vous connecter avec des inconnus \u00e0 une vitesse fulgurante, ce qui rend vos conversations sans probl\u00e8me et sans accroc.<\/li>\n<\/ul>\n<p>L'\u00e9quipe de ChatRad travaille dur pour assurer votre s\u00e9curit\u00e9 dans le monde entier. Elle ne permet jamais qu'une information soit divulgu\u00e9e \u00e0 un tiers ou \u00e0 un autre utilisateur. C'est pourquoi vous ne devez jamais communiquer vos donn\u00e9es personnelles \u00e0 des inconnus. Il est pr\u00e9f\u00e9rable de rester en s\u00e9curit\u00e9 plut\u00f4t que d'\u00eatre de l'autre c\u00f4t\u00e9 du bateau.<\/p>\n<p>Suivez les conseils de s\u00e9curit\u00e9 pour vous assurer que vos donn\u00e9es ne sont pas identifiables par des inconnus, des personnes ou des agences.<\/p>","protected":false},"excerpt":{"rendered":"<p>Want to meet new and interesting people every day? Try ChatRad online video chat platform. This is a site that helps you to meet dozens of people every day through your webcam. Connecting with random strangers from across the globe is easy and instant. Thus, if you want to make new friends, or go for [&hellip;]<\/p>\n","protected":false},"author":6,"featured_media":559,"parent":0,"menu_order":0,"comment_status":"closed","ping_status":"closed","template":"","meta":{"footnotes":""},"class_list":["post-1327","page","type-page","status-publish","has-post-thumbnail","hentry"],"yoast_head":"<!-- This site is optimized with the Yoast SEO plugin v26.9 - https:\/\/yoast.com\/product\/yoast-seo-wordpress\/ -->\n<title>Chatrad - Talk To Strangers - Cam on StrangerCam.com<\/title>\n<meta name=\"description\" content=\"Like Chatrad? Come chat with more than 5.000.000 strangers on Stranger Cam for Free! Turn on your cam and find new friends &amp; maby a match!\" \/>\n<meta name=\"robots\" content=\"index, follow, max-snippet:-1, max-image-preview:large, max-video-preview:-1\" \/>\n<link rel=\"canonical\" href=\"https:\/\/strangercam.com\/fr\/chatrad\/\" \/>\n<meta property=\"og:locale\" content=\"fr_FR\" \/>\n<meta property=\"og:type\" content=\"article\" \/>\n<meta property=\"og:title\" content=\"Chatrad - Talk To Strangers - Cam on StrangerCam.com\" \/>\n<meta property=\"og:description\" content=\"Like Chatrad? Come chat with more than 5.000.000 strangers on Stranger Cam for Free! Turn on your cam and find new friends &amp; maby a match!\" \/>\n<meta property=\"og:url\" content=\"https:\/\/strangercam.com\/fr\/chatrad\/\" \/>\n<meta property=\"og:site_name\" content=\"Strangercam\" \/>\n<meta property=\"article:publisher\" content=\"https:\/\/www.facebook.com\/strangercam\" \/>\n<meta property=\"article:modified_time\" content=\"2023-08-21T10:24:41+00:00\" \/>\n<meta property=\"og:image\" content=\"https:\/\/strangercam.com\/wp-content\/uploads\/2020\/11\/stranger-cam-1.png\" \/>\n\t<meta property=\"og:image:width\" content=\"800\" \/>\n\t<meta property=\"og:image:height\" content=\"800\" \/>\n\t<meta property=\"og:image:type\" content=\"image\/png\" \/>\n<meta name=\"twitter:card\" content=\"summary_large_image\" \/>\n<meta name=\"twitter:site\" content=\"@strangercamapp\" \/>\n<meta name=\"twitter:label1\" content=\"Dur\u00e9e de lecture estim\u00e9e\" \/>\n\t<meta name=\"twitter:data1\" content=\"2 minutes\" \/>\n<script type=\"application\/ld+json\" class=\"yoast-schema-graph\">{\"@context\":\"https:\/\/schema.org\",\"@graph\":[{\"@type\":\"WebPage\",\"@id\":\"https:\/\/strangercam.com\/chatrad\/\",\"url\":\"https:\/\/strangercam.com\/chatrad\/\",\"name\":\"Chatrad - Talk To Strangers - Cam on StrangerCam.com\",\"isPartOf\":{\"@id\":\"https:\/\/strangercam.com\/#website\"},\"primaryImageOfPage\":{\"@id\":\"https:\/\/strangercam.com\/chatrad\/#primaryimage\"},\"image\":{\"@id\":\"https:\/\/strangercam.com\/chatrad\/#primaryimage\"},\"thumbnailUrl\":\"https:\/\/strangercam.com\/wp-content\/uploads\/2020\/11\/stranger-cam-1.png\",\"datePublished\":\"2021-04-06T09:24:02+00:00\",\"dateModified\":\"2023-08-21T10:24:41+00:00\",\"description\":\"Like Chatrad? Come chat with more than 5.000.000 strangers on Stranger Cam for Free! Turn on your cam and find new friends & maby a match!\",\"breadcrumb\":{\"@id\":\"https:\/\/strangercam.com\/chatrad\/#breadcrumb\"},\"inLanguage\":\"fr-FR\",\"potentialAction\":[{\"@type\":\"ReadAction\",\"target\":[\"https:\/\/strangercam.com\/chatrad\/\"]}]},{\"@type\":\"ImageObject\",\"inLanguage\":\"fr-FR\",\"@id\":\"https:\/\/strangercam.com\/chatrad\/#primaryimage\",\"url\":\"https:\/\/strangercam.com\/wp-content\/uploads\/2020\/11\/stranger-cam-1.png\",\"contentUrl\":\"https:\/\/strangercam.com\/wp-content\/uploads\/2020\/11\/stranger-cam-1.png\",\"width\":800,\"height\":800,\"caption\":\"stranger cam random video chat\"},{\"@type\":\"BreadcrumbList\",\"@id\":\"https:\/\/strangercam.com\/chatrad\/#breadcrumb\",\"itemListElement\":[{\"@type\":\"ListItem\",\"position\":1,\"name\":\"Home\",\"item\":\"https:\/\/strangercam.com\/\"},{\"@type\":\"ListItem\",\"position\":2,\"name\":\"Chatrad\"}]},{\"@type\":\"WebSite\",\"@id\":\"https:\/\/strangercam.com\/#website\",\"url\":\"https:\/\/strangercam.com\/\",\"name\":\"Strangercam\",\"description\":\"Random Video Chat with Strangers\",\"publisher\":{\"@id\":\"https:\/\/strangercam.com\/#organization\"},\"alternateName\":\"Strangercam.com\",\"potentialAction\":[{\"@type\":\"SearchAction\",\"target\":{\"@type\":\"EntryPoint\",\"urlTemplate\":\"https:\/\/strangercam.com\/?s={search_term_string}\"},\"query-input\":{\"@type\":\"PropertyValueSpecification\",\"valueRequired\":true,\"valueName\":\"search_term_string\"}}],\"inLanguage\":\"fr-FR\"},{\"@type\":\"Organization\",\"@id\":\"https:\/\/strangercam.com\/#organization\",\"name\":\"Strangercam\",\"alternateName\":\"Strangercam.com\",\"url\":\"https:\/\/strangercam.com\/\",\"logo\":{\"@type\":\"ImageObject\",\"inLanguage\":\"fr-FR\",\"@id\":\"https:\/\/strangercam.com\/#\/schema\/logo\/image\/\",\"url\":\"https:\/\/strangercam.com\/wp-content\/uploads\/2020\/11\/cropped-new-favicon-black.png\",\"contentUrl\":\"https:\/\/strangercam.com\/wp-content\/uploads\/2020\/11\/cropped-new-favicon-black.png\",\"width\":512,\"height\":512,\"caption\":\"Strangercam\"},\"image\":{\"@id\":\"https:\/\/strangercam.com\/#\/schema\/logo\/image\/\"},\"sameAs\":[\"https:\/\/www.facebook.com\/strangercam\",\"https:\/\/x.com\/strangercamapp\"]}]}<\/script>\n<!-- \/ Yoast SEO plugin. -->","yoast_head_json":{"title":"Chatrad - Talk To Strangers - Cam sur StrangerCam.com","description":"Vous aimez Chatrad ? Venez discuter avec plus de 5.000.000 d'inconnus sur Stranger Cam gratuitement ! Allume ta cam\u00e9ra et trouve de nouveaux amis et peut-\u00eatre un partenaire !","robots":{"index":"index","follow":"follow","max-snippet":"max-snippet:-1","max-image-preview":"max-image-preview:large","max-video-preview":"max-video-preview:-1"},"canonical":"https:\/\/strangercam.com\/fr\/chatrad\/","og_locale":"fr_FR","og_type":"article","og_title":"Chatrad - Talk To Strangers - Cam on StrangerCam.com","og_description":"Like Chatrad? Come chat with more than 5.000.000 strangers on Stranger Cam for Free! Turn on your cam and find new friends & maby a match!","og_url":"https:\/\/strangercam.com\/fr\/chatrad\/","og_site_name":"Strangercam","article_publisher":"https:\/\/www.facebook.com\/strangercam","article_modified_time":"2023-08-21T10:24:41+00:00","og_image":[{"width":800,"height":800,"url":"https:\/\/strangercam.com\/wp-content\/uploads\/2020\/11\/stranger-cam-1.png","type":"image\/png"}],"twitter_card":"summary_large_image","twitter_site":"@strangercamapp","twitter_misc":{"Dur\u00e9e de lecture estim\u00e9e":"2 minutes"},"schema":{"@context":"https:\/\/schema.org","@graph":[{"@type":"WebPage","@id":"https:\/\/strangercam.com\/chatrad\/","url":"https:\/\/strangercam.com\/chatrad\/","name":"Chatrad - Talk To Strangers - Cam sur StrangerCam.com","isPartOf":{"@id":"https:\/\/strangercam.com\/#website"},"primaryImageOfPage":{"@id":"https:\/\/strangercam.com\/chatrad\/#primaryimage"},"image":{"@id":"https:\/\/strangercam.com\/chatrad\/#primaryimage"},"thumbnailUrl":"https:\/\/strangercam.com\/wp-content\/uploads\/2020\/11\/stranger-cam-1.png","datePublished":"2021-04-06T09:24:02+00:00","dateModified":"2023-08-21T10:24:41+00:00","description":"Vous aimez Chatrad ? Venez discuter avec plus de 5.000.000 d'inconnus sur Stranger Cam gratuitement ! Allume ta cam\u00e9ra et trouve de nouveaux amis et peut-\u00eatre un partenaire !","breadcrumb":{"@id":"https:\/\/strangercam.com\/chatrad\/#breadcrumb"},"inLanguage":"fr-FR","potentialAction":[{"@type":"ReadAction","target":["https:\/\/strangercam.com\/chatrad\/"]}]},{"@type":"ImageObject","inLanguage":"fr-FR","@id":"https:\/\/strangercam.com\/chatrad\/#primaryimage","url":"https:\/\/strangercam.com\/wp-content\/uploads\/2020\/11\/stranger-cam-1.png","contentUrl":"https:\/\/strangercam.com\/wp-content\/uploads\/2020\/11\/stranger-cam-1.png","width":800,"height":800,"caption":"stranger cam random video chat"},{"@type":"BreadcrumbList","@id":"https:\/\/strangercam.com\/chatrad\/#breadcrumb","itemListElement":[{"@type":"ListItem","position":1,"name":"Home","item":"https:\/\/strangercam.com\/"},{"@type":"ListItem","position":2,"name":"Chatrad"}]},{"@type":"WebSite","@id":"https:\/\/strangercam.com\/#website","url":"https:\/\/strangercam.com\/","name":"Strangercam","description":"Chat vid\u00e9o al\u00e9atoire avec des inconnus","publisher":{"@id":"https:\/\/strangercam.com\/#organization"},"alternateName":"Strangercam.com","potentialAction":[{"@type":"SearchAction","target":{"@type":"EntryPoint","urlTemplate":"https:\/\/strangercam.com\/?s={search_term_string}"},"query-input":{"@type":"PropertyValueSpecification","valueRequired":true,"valueName":"search_term_string"}}],"inLanguage":"fr-FR"},{"@type":"Organization","@id":"https:\/\/strangercam.com\/#organization","name":"Strangercam","alternateName":"Strangercam.com","url":"https:\/\/strangercam.com\/","logo":{"@type":"ImageObject","inLanguage":"fr-FR","@id":"https:\/\/strangercam.com\/#\/schema\/logo\/image\/","url":"https:\/\/strangercam.com\/wp-content\/uploads\/2020\/11\/cropped-new-favicon-black.png","contentUrl":"https:\/\/strangercam.com\/wp-content\/uploads\/2020\/11\/cropped-new-favicon-black.png","width":512,"height":512,"caption":"Strangercam"},"image":{"@id":"https:\/\/strangercam.com\/#\/schema\/logo\/image\/"},"sameAs":["https:\/\/www.facebook.com\/strangercam","https:\/\/x.com\/strangercamapp"]}]}},"_links":{"self":[{"href":"https:\/\/strangercam.com\/fr\/wp-json\/wp\/v2\/pages\/1327","targetHints":{"allow":["GET"]}}],"collection":[{"href":"https:\/\/strangercam.com\/fr\/wp-json\/wp\/v2\/pages"}],"about":[{"href":"https:\/\/strangercam.com\/fr\/wp-json\/wp\/v2\/types\/page"}],"author":[{"embeddable":true,"href":"https:\/\/strangercam.com\/fr\/wp-json\/wp\/v2\/users\/6"}],"replies":[{"embeddable":true,"href":"https:\/\/strangercam.com\/fr\/wp-json\/wp\/v2\/comments?post=1327"}],"version-history":[{"count":0,"href":"https:\/\/strangercam.com\/fr\/wp-json\/wp\/v2\/pages\/1327\/revisions"}],"wp:featuredmedia":[{"embeddable":true,"href":"https:\/\/strangercam.com\/fr\/wp-json\/wp\/v2\/media\/559"}],"wp:attachment":[{"href":"https:\/\/strangercam.com\/fr\/wp-json\/wp\/v2\/media?parent=1327"}],"curies":[{"name":"wp","href":"https:\/\/api.w.org\/{rel}","templated":true}]}}