{"id":1319,"date":"2021-04-06T11:11:22","date_gmt":"2021-04-06T09:11:22","guid":{"rendered":"https:\/\/strangercam.com\/?page_id=1319"},"modified":"2023-08-21T11:40:39","modified_gmt":"2023-08-21T09:40:39","slug":"camloo","status":"publish","type":"page","link":"https:\/\/strangercam.com\/fr\/camloo\/","title":{"rendered":"Camloo"},"content":{"rendered":"<p>Camloo est une vid\u00e9o en direct <a href=\"https:\/\/strangercam.com\/fr\/chatroulette\/\">chat<\/a> un logiciel qui vous aide \u00e0 <a href=\"https:\/\/strangercam.com\/fr\/coomeet\/\">rencontrer<\/a> des personnes au hasard sur l'internet. L'avantage d'utiliser le Camloo est qu'il vous permet d'entrer en contact avec des personnes du monde entier d'un simple clic. Gr\u00e2ce aux derniers appels vid\u00e9o, vous pouvez vous faire des amis facilement par le biais de bavardages, de rencontres en ligne, de conversations et autres, du bout des doigts.<\/p>\n<p>Camloo vous aide \u00e0 rencontrer des personnes int\u00e9ressantes du monde entier gr\u00e2ce \u00e0 des conversations al\u00e9atoires. De plus, cette application vous permet de communiquer avec des inconnus pour vous connecter instantan\u00e9ment gr\u00e2ce \u00e0 des conversations \u00e9nergiques.<\/p>\n<p>Qu'attendez-vous pour rejoindre cette int\u00e9ressante communaut\u00e9 de Camloo ?<\/p>\n<h2>Caract\u00e9ristiques de Camloo<\/h2>\n<p>Faire la connaissance de personnes diff\u00e9rentes \u00e0 travers le monde est non seulement facile mais aussi simple avec Camloo. Si vous \u00eates de ceux qui attendent impatiemment de sortir avec quelqu'un, alors Camloo est la plateforme id\u00e9ale pour vous. Avec Camloo dans votre smartphone, vous pouvez faire de nouvelles d\u00e9couvertes chaque jour.<\/p>\n<p>De plus, c'est la plateforme id\u00e9ale pour partager vos sentiments, vos id\u00e9es ou m\u00eame vos discussions personnelles avec quelqu'un.<br \/>\nCamloo peut contribuer \u00e0 rapprocher tous les gens gr\u00e2ce au monde de l'Internet. Avec Camloo dans votre main, vous ne vous sentirez plus jamais seul. Les caract\u00e9ristiques du Camloo vous aideront \u00e0 vous connecter instantan\u00e9ment avec votre partenaire.<\/p>\n<p>Connectez-vous d\u00e9sormais \u00e0 des conversations plus significatives avec des inconnus du monde entier, en toute simplicit\u00e9 et sans aucune interruption.<\/p>\n<h2>Caract\u00e9ristiques du chat vid\u00e9o al\u00e9atoire<\/h2>\n<ul>\n<li>Chat facile - Se connecter avec des inconnus dans Camloo est simple et facile. De plus, le chat vid\u00e9o est gratuit. Vous pouvez m\u00eame utiliser une version plus personnalis\u00e9e de Camloo qui vous aidera \u00e0 explorer des fonctions plus int\u00e9ressantes de cette plateforme.<\/li>\n<li>Trouver la meilleure correspondance - Si vous souhaitez passer \u00e0 un autre appel dans Camloo, vous pouvez le faire en un tour de main. Il vous suffit d'appuyer sur la fl\u00e8che suivante pour <a href=\"https:\/\/strangercam.com\/fr\/american-random-video-call\/\">appel vid\u00e9o<\/a> \u00e0 une autre personne apr\u00e8s avoir termin\u00e9 l'appel pr\u00e9c\u00e9dent. Facile, n'est-ce pas ?<\/li>\n<li>Se faire de nouveaux amis - La communaut\u00e9 Camloo attend de vous que vous rencontriez chaque jour de nouvelles personnes int\u00e9ressantes. Mieux vaut ne pas les faire attendre. Se faire de nouveaux amis et socialiser sur cette grande plateforme n'est pas seulement la meilleure chose \u00e0 faire, c'est aussi la meilleure chose \u00e0 faire pour vous.<\/li>\n<li>Mettez en valeur votre talent - Vous avez une belle voix ? Votre danse fait-elle danser le monde entier ? Alors Camloo est la meilleure plateforme dont vous avez besoin. Camloo peut exploiter le meilleur de votre talent et vous aider \u00e0 devenir une superstar.<\/li>\n<li>Purement s\u00fbr - L'\u00e9quipe de Camloo travaille dur pour vous permettre de chatter facilement et en toute s\u00e9curit\u00e9. Non seulement vous n'avez pas \u00e0 vous inqui\u00e9ter, mais vous n'avez pas non plus \u00e0 craindre le piratage et d'autres probl\u00e8mes de s\u00e9curit\u00e9. N'oubliez pas de consulter leurs conseils en mati\u00e8re de confidentialit\u00e9 pour une totale tranquillit\u00e9 d'esprit.<\/li>\n<\/ul>\n<h2>Le pour et le contre de Camloo<\/h2>\n<p>Il existe de nombreuses applications de rencontres, mais Camloo est diff\u00e9rente. Ce n'est pas seulement un moyen de rencontrer des gens au hasard, c'est un moyen de rencontrer des gens au hasard et de s'amuser. Mais le jeu en vaut-il vraiment la chandelle ? Examinons les avantages et les inconv\u00e9nients de Camloo.<\/p>\n<h4>AVANTAGES :<\/h4>\n<ul>\n<li style=\"font-weight: 400;\" aria-level=\"1\">C'est gratuit ! Vous n'avez rien \u00e0 payer pour utiliser l'application.<\/li>\n<li style=\"font-weight: 400;\" aria-level=\"1\">Il est facile \u00e0 utiliser. L'interface est simple et directe.<\/li>\n<li style=\"font-weight: 400;\" aria-level=\"1\">Il est anonyme. Vous n'avez pas besoin d'utiliser votre vrai nom ni aucune information personnelle.<\/li>\n<li style=\"font-weight: 400;\" aria-level=\"1\">C'est rapide. Vous pouvez rapidement parcourir les profils et trouver quelqu'un avec qui discuter.<\/li>\n<\/ul>\n<h4>CONS :<\/h4>\n<ul>\n<li style=\"font-weight: 400;\" aria-level=\"1\">Elle n'est pas tr\u00e8s populaire. Il n'y a pas encore beaucoup d'utilisateurs sur l'application, donc vos options peuvent \u00eatre limit\u00e9es.<\/li>\n<li style=\"font-weight: 400;\" aria-level=\"1\">Elle n'est pas tr\u00e8s connue. Camloo n'est pas aussi connue que d'autres applications de rencontres, il peut donc \u00eatre plus difficile de trouver des partenaires.<\/li>\n<\/ul>\n<h2>Comment utiliser Camloo ?<\/h2>\n<p>Si vous cherchez un nouveau moyen de rencontrer des gens au hasard, Camloo est une excellente option. Voici comment l'utiliser :<\/p>\n<ol>\n<li style=\"font-weight: 400;\" aria-level=\"1\">Ouvrez un compte. Vous devrez fournir quelques informations de base telles que votre nom et votre adresse \u00e9lectronique.<\/li>\n<li style=\"font-weight: 400;\" aria-level=\"1\">Une fois connect\u00e9, vous verrez une liste de tous les utilisateurs disponibles. Vous pouvez les parcourir ou utiliser la fonction de recherche pour trouver quelqu'un en particulier.<\/li>\n<li style=\"font-weight: 400;\" aria-level=\"1\">Lorsque vous trouvez quelqu'un \u00e0 qui vous voulez parler, il vous suffit de cliquer sur son nom pour acc\u00e9der \u00e0 sa page de profil. \u00c0 partir de l\u00e0, vous pouvez entamer une conversation en tapant dans la zone de texte situ\u00e9e en bas de la page.<\/li>\n<li style=\"font-weight: 400;\" aria-level=\"1\">C'est tout ! Vous pouvez continuer \u00e0 discuter aussi longtemps que vous le souhaitez ou passer \u00e0 quelqu'un d'autre \u00e0 tout moment.<\/li>\n<\/ol>\n<h2>Pourquoi Camloo est une plateforme de chat vid\u00e9o al\u00e9atoire si populaire ?<\/h2>\n<p>Camloo est une nouvelle plateforme de chat vid\u00e9o al\u00e9atoire qui fait fureur sur Internet. Les raisons de la popularit\u00e9 de Camloo sont nombreuses, mais l'une des principales est qu'elle permet aux utilisateurs de rencontrer de nouvelles personnes du monde entier d'une mani\u00e8re amusante et interactive.<\/p>\n<p>Une autre raison pour laquelle Camloo est si populaire est qu'il s'agit d'un moyen tr\u00e8s s\u00fbr de discuter avec des inconnus. Toutes les conversations sont crypt\u00e9es et Camloo offre \u00e9galement un certain nombre de fonctions de s\u00e9curit\u00e9, telles que la possibilit\u00e9 de signaler les utilisateurs qui se comportent de mani\u00e8re inappropri\u00e9e.<\/p>\n<p>Si vous \u00eates \u00e0 la recherche d'un moyen nouveau et excitant de rencontrer des personnes au hasard dans le monde entier, n'h\u00e9sitez pas \u00e0 visiter Camloo !<\/p>\n<h2>Comment tirer le meilleur parti de Camloo ?<\/h2>\n<p>Si vous aimez rencontrer de nouvelles personnes et vous faire des amis, Camloo est la plateforme id\u00e9ale pour vous. Camloo est un nouveau site de r\u00e9seautage social qui vous aide \u00e0 entrer en contact avec des personnes au hasard dans le monde entier. Vous pouvez utiliser Camloo pour discuter avec de nouveaux amis, rencontrer de nouvelles personnes et m\u00eame trouver l'amour. Mais comment tirer le meilleur parti de Camloo ? Voici quelques conseils :<\/p>\n<ol>\n<li style=\"font-weight: 400;\" aria-level=\"1\">\u00a0Utilisez la fonction de recherche pour trouver des personnes qui partagent vos int\u00e9r\u00eats. Vous pourrez ainsi engager plus facilement la conversation.<\/li>\n<li style=\"font-weight: 400;\" aria-level=\"1\">\u00a0Rejoignez des groupes et participez aux discussions. C'est un excellent moyen de rencontrer de nouvelles personnes et de se faire des amis.<\/li>\n<li style=\"font-weight: 400;\" aria-level=\"1\">Soyez actif sur le site. Plus vous \u00eates actif, plus il y a de chances que les gens veuillent devenir vos amis.<\/li>\n<li style=\"font-weight: 400;\" aria-level=\"1\">Soyez vous-m\u00eame ! N'ayez pas peur de montrer votre personnalit\u00e9 sur Camloo. C'est un excellent moyen de se faire des amis et de rencontrer de nouvelles personnes.<\/li>\n<\/ol>\n<h2>Le Camloo est-il s\u00fbr ?<\/h2>\n<p>Lorsqu'il s'agit de rencontres en ligne, la s\u00e9curit\u00e9 est toujours une pr\u00e9occupation majeure. Alors, Camloo est-il s\u00fbr ? La r\u00e9ponse courte est oui, Camloo est un moyen s\u00fbr et s\u00e9curis\u00e9 de rencontrer de nouvelles personnes en ligne. Voici quelques-unes des mesures que nous prenons pour assurer la s\u00e9curit\u00e9 de nos membres :<\/p>\n<p>Nous n'autorisons les membres \u00e0 s'inscrire qu'avec une adresse \u00e9lectronique valide. Cela nous permet de v\u00e9rifier chaque membre et de nous assurer qu'il est bien celui qu'il pr\u00e9tend \u00eatre.<\/p>\n<p>Nous avons mis en place une politique anti-spam stricte. Cela signifie que les membres ne peuvent envoyer des messages qu'\u00e0 d'autres membres qui ont mutuellement accept\u00e9 de discuter. Cela permet de r\u00e9duire le nombre de messages ind\u00e9sirables et de spams.<\/p>\n<p>Nous mod\u00e9rons tous les profils et toutes les photos avant qu'ils ne soient mis en ligne sur le site. Cela permet de s'assurer que tous les membres sont authentiques et qu'il n'y a pas de faux profils ou de fausses photos.<\/p>\n<p>Nous disposons d'une \u00e9quipe d\u00e9vou\u00e9e de repr\u00e9sentants du service client\u00e8le qui sont disponibles 24 heures sur 24 et 7 jours sur 7 pour r\u00e9pondre \u00e0 toutes les questions que vous pourriez avoir.<\/p>\n<p>Rassurez-vous, Camloo est un moyen s\u00fbr et s\u00e9curis\u00e9 de rencontrer de nouvelles personnes en ligne.<\/p>\n<h2>Mesures pr\u00e9ventives \u00e0 prendre lors de l'utilisation d'une plateforme de chat vid\u00e9o al\u00e9atoire :<\/h2>\n<p>Lors de l'utilisation d'un <a href=\"https:\/\/strangercam.com\/fr\/chathub\/\">chat vid\u00e9o al\u00e9atoire<\/a> il est important de prendre des mesures pr\u00e9ventives pour assurer votre s\u00e9curit\u00e9. Voici quelques conseils :<\/p>\n<ul>\n<li style=\"font-weight: 400;\" aria-level=\"1\">Ne donnez jamais d'informations personnelles telles que votre nom, votre adresse ou votre num\u00e9ro de t\u00e9l\u00e9phone.<\/li>\n<li style=\"font-weight: 400;\" aria-level=\"1\">Si un interlocuteur vous demande des informations personnelles, refusez poliment et mettez fin \u00e0 la conversation.<\/li>\n<li style=\"font-weight: 400;\" aria-level=\"1\">\u00c9vitez d'envoyer ou d'accepter tout type de fichier provenant d'une personne que vous ne connaissez pas. Ces fichiers peuvent contenir des virus ou des logiciels malveillants susceptibles d'endommager votre ordinateur.<\/li>\n<li style=\"font-weight: 400;\" aria-level=\"1\">Si vous vous sentez mal \u00e0 l'aise ou menac\u00e9 pendant un chat, mettez imm\u00e9diatement fin \u00e0 la conversation et signalez l'utilisateur aux administrateurs de la plateforme.<\/li>\n<\/ul>\n<h2>Conclusion<\/h2>\n<p>Camloo est un excellent moyen de rencontrer de nouvelles personnes, que vous soyez \u00e0 la recherche de l'amour ou que vous souhaitiez simplement vous faire de nouveaux amis. L'avantage de Camloo est que son utilisation est totalement gratuite, vous n'avez donc rien \u00e0 perdre en l'essayant. Pourquoi ne pas vous inscrire aujourd'hui et voir qui vous rencontrerez ?<\/p>","protected":false},"excerpt":{"rendered":"<p>Camloo is a live video chat software that helps you to meet random people over the internet. The benefit of using Camloo is that enables you to connect with different people around the world with the click of your finger. With its latest video-enabled calling, you can make friends easily through random chit-chats, online dating, [&hellip;]<\/p>\n","protected":false},"author":6,"featured_media":559,"parent":0,"menu_order":0,"comment_status":"closed","ping_status":"closed","template":"","meta":{"footnotes":""},"class_list":["post-1319","page","type-page","status-publish","has-post-thumbnail","hentry"],"yoast_head":"<!-- This site is optimized with the Yoast SEO plugin v27.4 - https:\/\/yoast.com\/product\/yoast-seo-wordpress\/ -->\n<title>Camloo - Free Random Video Chat - Cam on StrangerCam.com<\/title>\n<meta name=\"description\" content=\"Like Camloo? Come chat with more than 5.000.000 strangers on Stranger Cam for Free! Turn on your cam and find new friends &amp; maby a match!\" \/>\n<meta name=\"robots\" content=\"index, follow, max-snippet:-1, max-image-preview:large, max-video-preview:-1\" \/>\n<link rel=\"canonical\" href=\"https:\/\/strangercam.com\/fr\/camloo\/\" \/>\n<meta property=\"og:locale\" content=\"fr_FR\" \/>\n<meta property=\"og:type\" content=\"article\" \/>\n<meta property=\"og:title\" content=\"Camloo - Free Random Video Chat - Cam on StrangerCam.com\" \/>\n<meta property=\"og:description\" content=\"Like Camloo? Come chat with more than 5.000.000 strangers on Stranger Cam for Free! Turn on your cam and find new friends &amp; maby a match!\" \/>\n<meta property=\"og:url\" content=\"https:\/\/strangercam.com\/fr\/camloo\/\" \/>\n<meta property=\"og:site_name\" content=\"Strangercam\" \/>\n<meta property=\"article:publisher\" content=\"https:\/\/www.facebook.com\/strangercam\" \/>\n<meta property=\"article:modified_time\" content=\"2023-08-21T09:40:39+00:00\" \/>\n<meta property=\"og:image\" content=\"https:\/\/strangercam.com\/wp-content\/uploads\/2020\/11\/stranger-cam-1.png\" \/>\n\t<meta property=\"og:image:width\" content=\"800\" \/>\n\t<meta property=\"og:image:height\" content=\"800\" \/>\n\t<meta property=\"og:image:type\" content=\"image\/png\" \/>\n<meta name=\"twitter:card\" content=\"summary_large_image\" \/>\n<meta name=\"twitter:site\" content=\"@strangercamapp\" \/>\n<meta name=\"twitter:label1\" content=\"Dur\u00e9e de lecture estim\u00e9e\" \/>\n\t<meta name=\"twitter:data1\" content=\"7 minutes\" \/>\n<script type=\"application\/ld+json\" class=\"yoast-schema-graph\">{\"@context\":\"https:\\\/\\\/schema.org\",\"@graph\":[{\"@type\":\"WebPage\",\"@id\":\"https:\\\/\\\/strangercam.com\\\/camloo\\\/\",\"url\":\"https:\\\/\\\/strangercam.com\\\/camloo\\\/\",\"name\":\"Camloo - Free Random Video Chat - Cam on StrangerCam.com\",\"isPartOf\":{\"@id\":\"https:\\\/\\\/strangercam.com\\\/#website\"},\"primaryImageOfPage\":{\"@id\":\"https:\\\/\\\/strangercam.com\\\/camloo\\\/#primaryimage\"},\"image\":{\"@id\":\"https:\\\/\\\/strangercam.com\\\/camloo\\\/#primaryimage\"},\"thumbnailUrl\":\"https:\\\/\\\/strangercam.com\\\/wp-content\\\/uploads\\\/2020\\\/11\\\/stranger-cam-1.png\",\"datePublished\":\"2021-04-06T09:11:22+00:00\",\"dateModified\":\"2023-08-21T09:40:39+00:00\",\"description\":\"Like Camloo? Come chat with more than 5.000.000 strangers on Stranger Cam for Free! Turn on your cam and find new friends & maby a match!\",\"breadcrumb\":{\"@id\":\"https:\\\/\\\/strangercam.com\\\/camloo\\\/#breadcrumb\"},\"inLanguage\":\"fr-FR\",\"potentialAction\":[{\"@type\":\"ReadAction\",\"target\":[\"https:\\\/\\\/strangercam.com\\\/camloo\\\/\"]}]},{\"@type\":\"ImageObject\",\"inLanguage\":\"fr-FR\",\"@id\":\"https:\\\/\\\/strangercam.com\\\/camloo\\\/#primaryimage\",\"url\":\"https:\\\/\\\/strangercam.com\\\/wp-content\\\/uploads\\\/2020\\\/11\\\/stranger-cam-1.png\",\"contentUrl\":\"https:\\\/\\\/strangercam.com\\\/wp-content\\\/uploads\\\/2020\\\/11\\\/stranger-cam-1.png\",\"width\":800,\"height\":800,\"caption\":\"stranger cam random video chat\"},{\"@type\":\"BreadcrumbList\",\"@id\":\"https:\\\/\\\/strangercam.com\\\/camloo\\\/#breadcrumb\",\"itemListElement\":[{\"@type\":\"ListItem\",\"position\":1,\"name\":\"Home\",\"item\":\"https:\\\/\\\/strangercam.com\\\/\"},{\"@type\":\"ListItem\",\"position\":2,\"name\":\"Camloo\"}]},{\"@type\":\"WebSite\",\"@id\":\"https:\\\/\\\/strangercam.com\\\/#website\",\"url\":\"https:\\\/\\\/strangercam.com\\\/\",\"name\":\"Strangercam\",\"description\":\"Random Video Chat with Strangers\",\"publisher\":{\"@id\":\"https:\\\/\\\/strangercam.com\\\/#organization\"},\"alternateName\":\"Strangercam.com\",\"potentialAction\":[{\"@type\":\"SearchAction\",\"target\":{\"@type\":\"EntryPoint\",\"urlTemplate\":\"https:\\\/\\\/strangercam.com\\\/?s={search_term_string}\"},\"query-input\":{\"@type\":\"PropertyValueSpecification\",\"valueRequired\":true,\"valueName\":\"search_term_string\"}}],\"inLanguage\":\"fr-FR\"},{\"@type\":\"Organization\",\"@id\":\"https:\\\/\\\/strangercam.com\\\/#organization\",\"name\":\"Strangercam\",\"alternateName\":\"Strangercam.com\",\"url\":\"https:\\\/\\\/strangercam.com\\\/\",\"logo\":{\"@type\":\"ImageObject\",\"inLanguage\":\"fr-FR\",\"@id\":\"https:\\\/\\\/strangercam.com\\\/#\\\/schema\\\/logo\\\/image\\\/\",\"url\":\"https:\\\/\\\/strangercam.com\\\/wp-content\\\/uploads\\\/2020\\\/11\\\/cropped-new-favicon-black.png\",\"contentUrl\":\"https:\\\/\\\/strangercam.com\\\/wp-content\\\/uploads\\\/2020\\\/11\\\/cropped-new-favicon-black.png\",\"width\":512,\"height\":512,\"caption\":\"Strangercam\"},\"image\":{\"@id\":\"https:\\\/\\\/strangercam.com\\\/#\\\/schema\\\/logo\\\/image\\\/\"},\"sameAs\":[\"https:\\\/\\\/www.facebook.com\\\/strangercam\",\"https:\\\/\\\/x.com\\\/strangercamapp\"]}]}<\/script>\n<!-- \/ Yoast SEO plugin. -->","yoast_head_json":{"title":"Camloo - Chat vid\u00e9o al\u00e9atoire gratuit - Cam sur StrangerCam.com","description":"Vous aimez Camloo ? Venez discuter avec plus de 5.000.000 d'inconnus sur Stranger Cam gratuitement ! Allume ta cam\u00e9ra et trouve de nouveaux amis et peut-\u00eatre un partenaire !","robots":{"index":"index","follow":"follow","max-snippet":"max-snippet:-1","max-image-preview":"max-image-preview:large","max-video-preview":"max-video-preview:-1"},"canonical":"https:\/\/strangercam.com\/fr\/camloo\/","og_locale":"fr_FR","og_type":"article","og_title":"Camloo - Free Random Video Chat - Cam on StrangerCam.com","og_description":"Like Camloo? Come chat with more than 5.000.000 strangers on Stranger Cam for Free! Turn on your cam and find new friends & maby a match!","og_url":"https:\/\/strangercam.com\/fr\/camloo\/","og_site_name":"Strangercam","article_publisher":"https:\/\/www.facebook.com\/strangercam","article_modified_time":"2023-08-21T09:40:39+00:00","og_image":[{"width":800,"height":800,"url":"https:\/\/strangercam.com\/wp-content\/uploads\/2020\/11\/stranger-cam-1.png","type":"image\/png"}],"twitter_card":"summary_large_image","twitter_site":"@strangercamapp","twitter_misc":{"Dur\u00e9e de lecture estim\u00e9e":"7 minutes"},"schema":{"@context":"https:\/\/schema.org","@graph":[{"@type":"WebPage","@id":"https:\/\/strangercam.com\/camloo\/","url":"https:\/\/strangercam.com\/camloo\/","name":"Camloo - Chat vid\u00e9o al\u00e9atoire gratuit - Cam sur StrangerCam.com","isPartOf":{"@id":"https:\/\/strangercam.com\/#website"},"primaryImageOfPage":{"@id":"https:\/\/strangercam.com\/camloo\/#primaryimage"},"image":{"@id":"https:\/\/strangercam.com\/camloo\/#primaryimage"},"thumbnailUrl":"https:\/\/strangercam.com\/wp-content\/uploads\/2020\/11\/stranger-cam-1.png","datePublished":"2021-04-06T09:11:22+00:00","dateModified":"2023-08-21T09:40:39+00:00","description":"Vous aimez Camloo ? Venez discuter avec plus de 5.000.000 d'inconnus sur Stranger Cam gratuitement ! Allume ta cam\u00e9ra et trouve de nouveaux amis et peut-\u00eatre un partenaire !","breadcrumb":{"@id":"https:\/\/strangercam.com\/camloo\/#breadcrumb"},"inLanguage":"fr-FR","potentialAction":[{"@type":"ReadAction","target":["https:\/\/strangercam.com\/camloo\/"]}]},{"@type":"ImageObject","inLanguage":"fr-FR","@id":"https:\/\/strangercam.com\/camloo\/#primaryimage","url":"https:\/\/strangercam.com\/wp-content\/uploads\/2020\/11\/stranger-cam-1.png","contentUrl":"https:\/\/strangercam.com\/wp-content\/uploads\/2020\/11\/stranger-cam-1.png","width":800,"height":800,"caption":"stranger cam random video chat"},{"@type":"BreadcrumbList","@id":"https:\/\/strangercam.com\/camloo\/#breadcrumb","itemListElement":[{"@type":"ListItem","position":1,"name":"Home","item":"https:\/\/strangercam.com\/"},{"@type":"ListItem","position":2,"name":"Camloo"}]},{"@type":"WebSite","@id":"https:\/\/strangercam.com\/#website","url":"https:\/\/strangercam.com\/","name":"Strangercam","description":"Chat vid\u00e9o al\u00e9atoire avec des inconnus","publisher":{"@id":"https:\/\/strangercam.com\/#organization"},"alternateName":"Strangercam.com","potentialAction":[{"@type":"SearchAction","target":{"@type":"EntryPoint","urlTemplate":"https:\/\/strangercam.com\/?s={search_term_string}"},"query-input":{"@type":"PropertyValueSpecification","valueRequired":true,"valueName":"search_term_string"}}],"inLanguage":"fr-FR"},{"@type":"Organization","@id":"https:\/\/strangercam.com\/#organization","name":"Strangercam","alternateName":"Strangercam.com","url":"https:\/\/strangercam.com\/","logo":{"@type":"ImageObject","inLanguage":"fr-FR","@id":"https:\/\/strangercam.com\/#\/schema\/logo\/image\/","url":"https:\/\/strangercam.com\/wp-content\/uploads\/2020\/11\/cropped-new-favicon-black.png","contentUrl":"https:\/\/strangercam.com\/wp-content\/uploads\/2020\/11\/cropped-new-favicon-black.png","width":512,"height":512,"caption":"Strangercam"},"image":{"@id":"https:\/\/strangercam.com\/#\/schema\/logo\/image\/"},"sameAs":["https:\/\/www.facebook.com\/strangercam","https:\/\/x.com\/strangercamapp"]}]}},"_links":{"self":[{"href":"https:\/\/strangercam.com\/fr\/wp-json\/wp\/v2\/pages\/1319","targetHints":{"allow":["GET"]}}],"collection":[{"href":"https:\/\/strangercam.com\/fr\/wp-json\/wp\/v2\/pages"}],"about":[{"href":"https:\/\/strangercam.com\/fr\/wp-json\/wp\/v2\/types\/page"}],"author":[{"embeddable":true,"href":"https:\/\/strangercam.com\/fr\/wp-json\/wp\/v2\/users\/6"}],"replies":[{"embeddable":true,"href":"https:\/\/strangercam.com\/fr\/wp-json\/wp\/v2\/comments?post=1319"}],"version-history":[{"count":0,"href":"https:\/\/strangercam.com\/fr\/wp-json\/wp\/v2\/pages\/1319\/revisions"}],"wp:featuredmedia":[{"embeddable":true,"href":"https:\/\/strangercam.com\/fr\/wp-json\/wp\/v2\/media\/559"}],"wp:attachment":[{"href":"https:\/\/strangercam.com\/fr\/wp-json\/wp\/v2\/media?parent=1319"}],"curies":[{"name":"wp","href":"https:\/\/api.w.org\/{rel}","templated":true}]}}