{"id":1311,"date":"2021-04-06T10:56:49","date_gmt":"2021-04-06T08:56:49","guid":{"rendered":"https:\/\/strangercam.com\/?page_id=1311"},"modified":"2023-08-21T12:24:41","modified_gmt":"2023-08-21T10:24:41","slug":"holla","status":"publish","type":"page","link":"https:\/\/strangercam.com\/fr\/holla\/","title":{"rendered":"Holla"},"content":{"rendered":"<p>Il n'a jamais \u00e9t\u00e9 facile de se connecter et de parler physiquement en t\u00eate-\u00e0-t\u00eate par l'interm\u00e9diaire d'un t\u00e9l\u00e9phone portable. <a href=\"https:\/\/strangercam.com\/fr\/mili\/\">vivre<\/a> vid\u00e9o <a href=\"https:\/\/strangercam.com\/fr\/chatroulette\/\">chat<\/a> avec votre parent \u00e9loign\u00e9 ou vos amis dans le pass\u00e9. Aujourd'hui, le chat vid\u00e9o a \u00e9limin\u00e9 cette barri\u00e8re et ramen\u00e9 un millier de kilom\u00e8tres de distance \u00e0 votre domicile. Vous pouvez d\u00e9sormais facilement tenir une <a href=\"https:\/\/strangercam.com\/fr\/rabbit-video-chat\/\">chat vid\u00e9o<\/a> avec vos amis ou votre famille dans des pays lointains gr\u00e2ce \u00e0 Holla.<\/p>\n<p>Facilement disponible dans plus de 40 pays, Holla est consid\u00e9r\u00e9 comme le meilleur chat vid\u00e9o en 2020. Vous pouvez avoir un <a href=\"https:\/\/strangercam.com\/fr\/american-random-video-call\/\">appel vid\u00e9o<\/a> \u00e0 n'importe quel inconnu du monde entier. Cette plateforme compte plus de 30 millions d'utilisateurs enregistr\u00e9s dans 190 pays diff\u00e9rents.<\/p>\n<h2>Avantages<\/h2>\n<ul>\n<li>Meilleur logiciel vid\u00e9o - Ce logiciel est consid\u00e9r\u00e9 comme le meilleur logiciel vid\u00e9o de 2020. En effet, ce logiciel vous permet de communiquer avec un inconnu au hasard par le biais d'un chat vid\u00e9o, d'un chat vocal et m\u00eame d'un chat textuel. Toutes ces fonctionnalit\u00e9s sont gratuites. De plus, il vous permet de vous faire des amis dans le monde entier en faisant glisser votre doigt et vous permet de choisir parmi des milliers d'options.<br \/>\nUn son incomparable et<\/li>\n<li>Qualit\u00e9 - Le Holla vous offre la possibilit\u00e9 de parler avec vos amis, des inconnus ou m\u00eame des membres de votre famille vivant \u00e0 des milliers de kilom\u00e8tres, en toute tranquillit\u00e9. En effet, il vous donne la libert\u00e9 de choisir et de communiquer gr\u00e2ce \u00e0 un son et une qualit\u00e9 incomparables, de sorte que votre appel ne sera pas interrompu en raison d'un r\u00e9seau ou d'une qualit\u00e9 de son m\u00e9diocres.<\/li>\n<li>Vari\u00e9t\u00e9 de fonctionnalit\u00e9s - En outre, ce logiciel peut \u00eatre utilis\u00e9 sur n'importe quel r\u00e9seau, qu'il s'agisse d'une connexion 3G, 4G ou m\u00eame d'un r\u00e9seau Wi-Fi. Il vous permet \u00e9galement d'utiliser le chat vid\u00e9o en direct gratuit, le chat vocal en direct gratuit et le chat textuel gratuit. Holla offre \u00e0 ses utilisateurs la possibilit\u00e9 d'effectuer des appels vid\u00e9o directs en t\u00eate-\u00e0-t\u00eate. Il vous suffit de s\u00e9lectionner le sexe et la r\u00e9gion de votre choix. S\u00fbr et solide \u00e0 utiliser, vous pouvez facilement <a href=\"https:\/\/strangercam.com\/fr\/coomeet\/\">rencontrer<\/a> de nouvelles personnes dans le monde entier sans aucun probl\u00e8me.<\/li>\n<\/ul>\n<h3>Principales fonctionnalit\u00e9s du Holla<\/h3>\n<p>En utilisant Holla, on peut s'attendre \u00e0 de nombreuses surprises. En d'autres termes, lors d'un chat vid\u00e9o, ou m\u00eame lors d'un chat avec un inconnu, vous aurez plein de surprises. De plus, vous ne savez pas qui vous rencontrerez dans la minute qui suit. Tous les jeunes talents se retrouvent sur cette plateforme pour se rencontrer et se faire de nouveaux amis en ligne gr\u00e2ce \u00e0 des conversations en temps r\u00e9el.<\/p>\n<p>Toute la d\u00e9finition du chat vid\u00e9o gratuit en direct vous attend avec des filtres vid\u00e9o et des autocollants qui cr\u00e9ent une exp\u00e9rience \u00e9tonnante pour vous. L'utilisation de Holla est gratuite, mais vous pouvez obtenir des fonctions premium qui ne sont disponibles que dans le chat vid\u00e9o en direct, avec des flux vid\u00e9o personnalis\u00e9s et des correspondances.<\/p>","protected":false},"excerpt":{"rendered":"<p>It was never easy to connect and talk one-on-one physically through a live video chat with your distant relative, or friends in earlier days. Today, video chatting has eliminated that barrier and brought a thousand kilometres of distance to your home. You can now easily hold a video chat with your friends, or family in [&hellip;]<\/p>\n","protected":false},"author":6,"featured_media":559,"parent":0,"menu_order":0,"comment_status":"closed","ping_status":"closed","template":"","meta":{"footnotes":""},"class_list":["post-1311","page","type-page","status-publish","has-post-thumbnail","hentry"],"yoast_head":"<!-- This site is optimized with the Yoast SEO plugin v27.4 - https:\/\/yoast.com\/product\/yoast-seo-wordpress\/ -->\n<title>Holla - Best Random Video Chat - Cam on StrangerCam.com<\/title>\n<meta name=\"description\" content=\"Like Holla? Come chat with more than 5.000.000 strangers on Stranger Cam for Free! Turn on your cam and find new friends &amp; maby a match!\" \/>\n<meta name=\"robots\" content=\"index, follow, max-snippet:-1, max-image-preview:large, max-video-preview:-1\" \/>\n<link rel=\"canonical\" href=\"https:\/\/strangercam.com\/fr\/holla\/\" \/>\n<meta property=\"og:locale\" content=\"fr_FR\" \/>\n<meta property=\"og:type\" content=\"article\" \/>\n<meta property=\"og:title\" content=\"Holla - Best Random Video Chat - Cam on StrangerCam.com\" \/>\n<meta property=\"og:description\" content=\"Like Holla? Come chat with more than 5.000.000 strangers on Stranger Cam for Free! Turn on your cam and find new friends &amp; maby a match!\" \/>\n<meta property=\"og:url\" content=\"https:\/\/strangercam.com\/fr\/holla\/\" \/>\n<meta property=\"og:site_name\" content=\"Strangercam\" \/>\n<meta property=\"article:publisher\" content=\"https:\/\/www.facebook.com\/strangercam\" \/>\n<meta property=\"article:modified_time\" content=\"2023-08-21T10:24:41+00:00\" \/>\n<meta property=\"og:image\" content=\"https:\/\/strangercam.com\/wp-content\/uploads\/2020\/11\/stranger-cam-1.png\" \/>\n\t<meta property=\"og:image:width\" content=\"800\" \/>\n\t<meta property=\"og:image:height\" content=\"800\" \/>\n\t<meta property=\"og:image:type\" content=\"image\/png\" \/>\n<meta name=\"twitter:card\" content=\"summary_large_image\" \/>\n<meta name=\"twitter:site\" content=\"@strangercamapp\" \/>\n<meta name=\"twitter:label1\" content=\"Dur\u00e9e de lecture estim\u00e9e\" \/>\n\t<meta name=\"twitter:data1\" content=\"2 minutes\" \/>\n<script type=\"application\/ld+json\" class=\"yoast-schema-graph\">{\"@context\":\"https:\\\/\\\/schema.org\",\"@graph\":[{\"@type\":\"WebPage\",\"@id\":\"https:\\\/\\\/strangercam.com\\\/holla\\\/\",\"url\":\"https:\\\/\\\/strangercam.com\\\/holla\\\/\",\"name\":\"Holla - Best Random Video Chat - Cam on StrangerCam.com\",\"isPartOf\":{\"@id\":\"https:\\\/\\\/strangercam.com\\\/#website\"},\"primaryImageOfPage\":{\"@id\":\"https:\\\/\\\/strangercam.com\\\/holla\\\/#primaryimage\"},\"image\":{\"@id\":\"https:\\\/\\\/strangercam.com\\\/holla\\\/#primaryimage\"},\"thumbnailUrl\":\"https:\\\/\\\/strangercam.com\\\/wp-content\\\/uploads\\\/2020\\\/11\\\/stranger-cam-1.png\",\"datePublished\":\"2021-04-06T08:56:49+00:00\",\"dateModified\":\"2023-08-21T10:24:41+00:00\",\"description\":\"Like Holla? Come chat with more than 5.000.000 strangers on Stranger Cam for Free! Turn on your cam and find new friends & maby a match!\",\"breadcrumb\":{\"@id\":\"https:\\\/\\\/strangercam.com\\\/holla\\\/#breadcrumb\"},\"inLanguage\":\"fr-FR\",\"potentialAction\":[{\"@type\":\"ReadAction\",\"target\":[\"https:\\\/\\\/strangercam.com\\\/holla\\\/\"]}]},{\"@type\":\"ImageObject\",\"inLanguage\":\"fr-FR\",\"@id\":\"https:\\\/\\\/strangercam.com\\\/holla\\\/#primaryimage\",\"url\":\"https:\\\/\\\/strangercam.com\\\/wp-content\\\/uploads\\\/2020\\\/11\\\/stranger-cam-1.png\",\"contentUrl\":\"https:\\\/\\\/strangercam.com\\\/wp-content\\\/uploads\\\/2020\\\/11\\\/stranger-cam-1.png\",\"width\":800,\"height\":800,\"caption\":\"stranger cam random video chat\"},{\"@type\":\"BreadcrumbList\",\"@id\":\"https:\\\/\\\/strangercam.com\\\/holla\\\/#breadcrumb\",\"itemListElement\":[{\"@type\":\"ListItem\",\"position\":1,\"name\":\"Home\",\"item\":\"https:\\\/\\\/strangercam.com\\\/\"},{\"@type\":\"ListItem\",\"position\":2,\"name\":\"Holla\"}]},{\"@type\":\"WebSite\",\"@id\":\"https:\\\/\\\/strangercam.com\\\/#website\",\"url\":\"https:\\\/\\\/strangercam.com\\\/\",\"name\":\"Strangercam\",\"description\":\"Random Video Chat with Strangers\",\"publisher\":{\"@id\":\"https:\\\/\\\/strangercam.com\\\/#organization\"},\"alternateName\":\"Strangercam.com\",\"potentialAction\":[{\"@type\":\"SearchAction\",\"target\":{\"@type\":\"EntryPoint\",\"urlTemplate\":\"https:\\\/\\\/strangercam.com\\\/?s={search_term_string}\"},\"query-input\":{\"@type\":\"PropertyValueSpecification\",\"valueRequired\":true,\"valueName\":\"search_term_string\"}}],\"inLanguage\":\"fr-FR\"},{\"@type\":\"Organization\",\"@id\":\"https:\\\/\\\/strangercam.com\\\/#organization\",\"name\":\"Strangercam\",\"alternateName\":\"Strangercam.com\",\"url\":\"https:\\\/\\\/strangercam.com\\\/\",\"logo\":{\"@type\":\"ImageObject\",\"inLanguage\":\"fr-FR\",\"@id\":\"https:\\\/\\\/strangercam.com\\\/#\\\/schema\\\/logo\\\/image\\\/\",\"url\":\"https:\\\/\\\/strangercam.com\\\/wp-content\\\/uploads\\\/2020\\\/11\\\/cropped-new-favicon-black.png\",\"contentUrl\":\"https:\\\/\\\/strangercam.com\\\/wp-content\\\/uploads\\\/2020\\\/11\\\/cropped-new-favicon-black.png\",\"width\":512,\"height\":512,\"caption\":\"Strangercam\"},\"image\":{\"@id\":\"https:\\\/\\\/strangercam.com\\\/#\\\/schema\\\/logo\\\/image\\\/\"},\"sameAs\":[\"https:\\\/\\\/www.facebook.com\\\/strangercam\",\"https:\\\/\\\/x.com\\\/strangercamapp\"]}]}<\/script>\n<!-- \/ Yoast SEO plugin. -->","yoast_head_json":{"title":"Holla - Best Random Video Chat - Cam on StrangerCam.com","description":"Vous aimez Holla ? Venez discuter avec plus de 5.000.000 d'inconnus sur Stranger Cam gratuitement ! Allume ta cam\u00e9ra et trouve de nouveaux amis et peut-\u00eatre un partenaire !","robots":{"index":"index","follow":"follow","max-snippet":"max-snippet:-1","max-image-preview":"max-image-preview:large","max-video-preview":"max-video-preview:-1"},"canonical":"https:\/\/strangercam.com\/fr\/holla\/","og_locale":"fr_FR","og_type":"article","og_title":"Holla - Best Random Video Chat - Cam on StrangerCam.com","og_description":"Like Holla? Come chat with more than 5.000.000 strangers on Stranger Cam for Free! Turn on your cam and find new friends & maby a match!","og_url":"https:\/\/strangercam.com\/fr\/holla\/","og_site_name":"Strangercam","article_publisher":"https:\/\/www.facebook.com\/strangercam","article_modified_time":"2023-08-21T10:24:41+00:00","og_image":[{"width":800,"height":800,"url":"https:\/\/strangercam.com\/wp-content\/uploads\/2020\/11\/stranger-cam-1.png","type":"image\/png"}],"twitter_card":"summary_large_image","twitter_site":"@strangercamapp","twitter_misc":{"Dur\u00e9e de lecture estim\u00e9e":"2 minutes"},"schema":{"@context":"https:\/\/schema.org","@graph":[{"@type":"WebPage","@id":"https:\/\/strangercam.com\/holla\/","url":"https:\/\/strangercam.com\/holla\/","name":"Holla - Best Random Video Chat - Cam on StrangerCam.com","isPartOf":{"@id":"https:\/\/strangercam.com\/#website"},"primaryImageOfPage":{"@id":"https:\/\/strangercam.com\/holla\/#primaryimage"},"image":{"@id":"https:\/\/strangercam.com\/holla\/#primaryimage"},"thumbnailUrl":"https:\/\/strangercam.com\/wp-content\/uploads\/2020\/11\/stranger-cam-1.png","datePublished":"2021-04-06T08:56:49+00:00","dateModified":"2023-08-21T10:24:41+00:00","description":"Vous aimez Holla ? Venez discuter avec plus de 5.000.000 d'inconnus sur Stranger Cam gratuitement ! Allume ta cam\u00e9ra et trouve de nouveaux amis et peut-\u00eatre un partenaire !","breadcrumb":{"@id":"https:\/\/strangercam.com\/holla\/#breadcrumb"},"inLanguage":"fr-FR","potentialAction":[{"@type":"ReadAction","target":["https:\/\/strangercam.com\/holla\/"]}]},{"@type":"ImageObject","inLanguage":"fr-FR","@id":"https:\/\/strangercam.com\/holla\/#primaryimage","url":"https:\/\/strangercam.com\/wp-content\/uploads\/2020\/11\/stranger-cam-1.png","contentUrl":"https:\/\/strangercam.com\/wp-content\/uploads\/2020\/11\/stranger-cam-1.png","width":800,"height":800,"caption":"stranger cam random video chat"},{"@type":"BreadcrumbList","@id":"https:\/\/strangercam.com\/holla\/#breadcrumb","itemListElement":[{"@type":"ListItem","position":1,"name":"Home","item":"https:\/\/strangercam.com\/"},{"@type":"ListItem","position":2,"name":"Holla"}]},{"@type":"WebSite","@id":"https:\/\/strangercam.com\/#website","url":"https:\/\/strangercam.com\/","name":"Strangercam","description":"Chat vid\u00e9o al\u00e9atoire avec des inconnus","publisher":{"@id":"https:\/\/strangercam.com\/#organization"},"alternateName":"Strangercam.com","potentialAction":[{"@type":"SearchAction","target":{"@type":"EntryPoint","urlTemplate":"https:\/\/strangercam.com\/?s={search_term_string}"},"query-input":{"@type":"PropertyValueSpecification","valueRequired":true,"valueName":"search_term_string"}}],"inLanguage":"fr-FR"},{"@type":"Organization","@id":"https:\/\/strangercam.com\/#organization","name":"Strangercam","alternateName":"Strangercam.com","url":"https:\/\/strangercam.com\/","logo":{"@type":"ImageObject","inLanguage":"fr-FR","@id":"https:\/\/strangercam.com\/#\/schema\/logo\/image\/","url":"https:\/\/strangercam.com\/wp-content\/uploads\/2020\/11\/cropped-new-favicon-black.png","contentUrl":"https:\/\/strangercam.com\/wp-content\/uploads\/2020\/11\/cropped-new-favicon-black.png","width":512,"height":512,"caption":"Strangercam"},"image":{"@id":"https:\/\/strangercam.com\/#\/schema\/logo\/image\/"},"sameAs":["https:\/\/www.facebook.com\/strangercam","https:\/\/x.com\/strangercamapp"]}]}},"_links":{"self":[{"href":"https:\/\/strangercam.com\/fr\/wp-json\/wp\/v2\/pages\/1311","targetHints":{"allow":["GET"]}}],"collection":[{"href":"https:\/\/strangercam.com\/fr\/wp-json\/wp\/v2\/pages"}],"about":[{"href":"https:\/\/strangercam.com\/fr\/wp-json\/wp\/v2\/types\/page"}],"author":[{"embeddable":true,"href":"https:\/\/strangercam.com\/fr\/wp-json\/wp\/v2\/users\/6"}],"replies":[{"embeddable":true,"href":"https:\/\/strangercam.com\/fr\/wp-json\/wp\/v2\/comments?post=1311"}],"version-history":[{"count":0,"href":"https:\/\/strangercam.com\/fr\/wp-json\/wp\/v2\/pages\/1311\/revisions"}],"wp:featuredmedia":[{"embeddable":true,"href":"https:\/\/strangercam.com\/fr\/wp-json\/wp\/v2\/media\/559"}],"wp:attachment":[{"href":"https:\/\/strangercam.com\/fr\/wp-json\/wp\/v2\/media?parent=1311"}],"curies":[{"name":"wp","href":"https:\/\/api.w.org\/{rel}","templated":true}]}}