{"id":13057,"date":"2025-10-24T10:20:35","date_gmt":"2025-10-24T08:20:35","guid":{"rendered":"https:\/\/strangercam.com\/?page_id=13057"},"modified":"2025-10-24T10:20:35","modified_gmt":"2025-10-24T08:20:35","slug":"umingle","status":"publish","type":"page","link":"https:\/\/strangercam.com\/fr\/umingle\/","title":{"rendered":"Umingle"},"content":{"rendered":"<p>Dans l'\u00e8re post-Omegle, des douzaines d'images vid\u00e9o al\u00e9atoires sont utilis\u00e9es pour la transmission de donn\u00e9es. <a href=\"https:\/\/strangercam.com\/fr\/chathub\/\">chat<\/a> De nombreuses plateformes ont vu le jour, toutes tentant de capturer l'excitation des conversations spontan\u00e9es en ligne. Cependant, peu d'entre elles parviennent \u00e0 combiner simplicit\u00e9, rapidit\u00e9 et s\u00e9curit\u00e9 d'une mani\u00e8re qui fonctionne r\u00e9ellement. Umingle est l'un des nouveaux venus dans ce domaine. Il s'agit d'une plateforme mondiale de chat vid\u00e9o al\u00e9atoire con\u00e7ue pour les personnes qui veulent <a href=\"https:\/\/strangercam.com\/fr\/coomeet\/\">rencontrer<\/a> Les \u00e9trangers se connectent instantan\u00e9ment, sans inscription ni fonctions compliqu\u00e9es.<\/p>\n<p>Con\u00e7u pour une g\u00e9n\u00e9ration qui privil\u00e9gie les interactions rapides et authentiques, Umingle apporte une touche de modernit\u00e9 \u00e0 l'exp\u00e9rience classique consistant \u00e0 \"parler \u00e0 des inconnus\". Mais comment se situe-t-il par rapport \u00e0 des noms bien \u00e9tablis comme Ohmegle, Lotta et ChatRT ? Voyons cela de plus pr\u00e8s.<\/p>\n<h2>Qu'est-ce que l'Umingle ?<\/h2>\n<p>Umingle est une plateforme gratuite de chat vid\u00e9o al\u00e9atoire qui met en relation des utilisateurs du monde entier pour des conversations en face \u00e0 face et en temps r\u00e9el. Vous n'avez pas besoin de cr\u00e9er un compte, de t\u00e9l\u00e9charger une photo ou de v\u00e9rifier votre identit\u00e9. Il vous suffit de cliquer sur \"Commencer le chat\" et vous serez instantan\u00e9ment mis en relation avec un inconnu.<\/p>\n<p>Le nom du site refl\u00e8te parfaitement son objectif : \"se m\u00ealer\" en ligne, de mani\u00e8re d\u00e9contract\u00e9e et libre. Contrairement aux applications de rencontre qui exigent des bios, des swipes et une attente interminable, Umingle vous offre une interaction directe et spontan\u00e9e d\u00e8s votre arriv\u00e9e.<\/p>\n<h2>Quel est l'objectif de l'Umingle ?<\/h2>\n<p>La mission d'Umingle est simple : rendre les rencontres en ligne amusantes, rapides et sans friction.<\/p>\n<p>Il est con\u00e7u pour les utilisateurs qui :<\/p>\n<ul>\n<li>La simplicit\u00e9 du chat vid\u00e9o de type Omegle vous manque<\/li>\n<li>Vous souhaitez rencontrer de nouvelles personnes de mani\u00e8re anonyme et sans pression ?<\/li>\n<li>Pr\u00e9f\u00e9rer les conversations rapides et spontan\u00e9es aux profils \u00e9labor\u00e9s.<\/li>\n<li>Profiter d'un \u00e9change culturel et d'une connexion mondiale<\/li>\n<\/ul>\n<p>Que vous cherchiez \u00e0 vous faire des amis, \u00e0 pratiquer une langue, \u00e0 flirter ou simplement \u00e0 passer le temps, Umingle cr\u00e9e un espace num\u00e9rique accueillant pour des interactions authentiques en t\u00eate-\u00e0-t\u00eate.<\/p>\n<h2>Caract\u00e9ristiques principales<\/h2>\n<p>1. Chat vid\u00e9o al\u00e9atoire instantan\u00e9<br \/>\nLa principale caract\u00e9ristique d'Umingle est son syst\u00e8me de chat vid\u00e9o en direct. En un clic, vous \u00eates mis en relation avec une nouvelle personne, instantan\u00e9ment. Il n'y a pas de file d'attente, ni de temps d'attente, ni d'inscription.<\/p>\n<p>2. Bouton \"Skip\/Next\" (Sauter\/Suivant)<br \/>\nVous n'aimez pas votre chat actuel ? Cliquez simplement sur \"Suivant\" pour passer \u00e0 autre chose et rencontrer quelqu'un d'autre. C'est rapide et fluide, ce qui vous permet de rencontrer des dizaines de nouvelles personnes en quelques minutes.<\/p>\n<p>3. Option de chat textuel<br \/>\nOutre la vid\u00e9o, Umingle propose une fonction de chat textuel, id\u00e9ale pour briser la glace ou discuter tranquillement lorsque vous ne voulez pas utiliser votre microphone.<\/p>\n<p>4. 100% Exp\u00e9rience anonyme<br \/>\nUmingle ne vous demande ni votre nom, ni votre adresse \u00e9lectronique, ni votre num\u00e9ro de t\u00e9l\u00e9phone. Votre vie priv\u00e9e est respect\u00e9e d\u00e8s le d\u00e9part et vous restez totalement anonyme tout au long de vos discussions.<\/p>\n<p>5. Convivialit\u00e9 pour les mobiles et les ordinateurs de bureau<br \/>\nLa plateforme est con\u00e7ue pour fonctionner parfaitement sur les navigateurs de bureau et les appareils mobiles. Que vous utilisiez votre t\u00e9l\u00e9phone ou votre ordinateur portable, l'interface s'adapte parfaitement pour des discussions vid\u00e9o et textuelles fluides.<\/p>\n<p>6. Interface l\u00e9g\u00e8re et moderne<br \/>\nUmingle pr\u00e9sente un design \u00e9pur\u00e9 et minimaliste. Il n'y a pas de fen\u00eatres pop-up g\u00eanantes ni de publicit\u00e9s excessives, mais une grande fen\u00eatre vid\u00e9o, des boutons intuitifs et des connexions rapides.<\/p>\n<p>7. Outils de rapport et de mod\u00e9ration<br \/>\nLa s\u00e9curit\u00e9 des utilisateurs est une priorit\u00e9 absolue. Si vous rencontrez un comportement inappropri\u00e9, le bouton de rapport vous permet de signaler instantan\u00e9ment le chat. Umingle utilise un m\u00e9lange de filtres d'intelligence artificielle et de mod\u00e9ration humaine pour maintenir un environnement s\u00fbr.<\/p>\n<h2>Umingle est-il gratuit ?<\/h2>\n<p>Oui - Umingle est 100% libre d'utilisation.<\/p>\n<p>Toutes les fonctionnalit\u00e9s de base sont disponibles gratuitement :<\/p>\n<ul>\n<li>Discussions vid\u00e9o et textuelles illimit\u00e9es et al\u00e9atoires<\/li>\n<li>Fonctionnalit\u00e9 de saut instantan\u00e9\/suivant<\/li>\n<li>Compatibilit\u00e9 avec les t\u00e9l\u00e9phones portables et les ordinateurs de bureau<\/li>\n<\/ul>\n<p>Il n'y a pas d'abonnement, de pi\u00e8ces de monnaie ou de mises \u00e0 niveau payantes. La plateforme est enti\u00e8rement accessible \u00e0 tous, soutenue par une publicit\u00e9 l\u00e9g\u00e8re qui n'interf\u00e8re pas avec l'exp\u00e9rience du chat.<\/p>\n<h2>Qui utilise Umingle ?<\/h2>\n<p>Umingle attire un public diversifi\u00e9 et international qui aime socialiser en ligne :<\/p>\n<ul>\n<li>Tranche d'\u00e2ge : Principalement 18-35 ans (r\u00e9serv\u00e9 aux adultes, 18+)<\/li>\n<li>Base d'utilisateurs : \u00c9tudiants, voyageurs, jeunes professionnels et bavards occasionnels<\/li>\n<li>Pays : Populaire aux \u00c9tats-Unis, au Royaume-Uni, en France, en Inde, au Br\u00e9sil et aux Philippines.<\/li>\n<li>Motivations : Rencontrer de nouveaux amis, flirter occasionnellement, \u00e9changer des cultures, pratiquer une langue ou simplement se d\u00e9sennuyer.<\/li>\n<\/ul>\n<p>Ce qui rend Umingle attrayant, c'est sa communaut\u00e9 \u00e9quilibr\u00e9e et amicale. Bien qu'il ait une port\u00e9e mondiale, l'interface et la mod\u00e9ration permettent de maintenir un environnement plus positif et plus respectueux que sur de nombreuses plateformes de chat al\u00e9atoire plus anciennes.<\/p>\n<h2>S\u00e9curit\u00e9, vie priv\u00e9e et mod\u00e9ration<\/h2>\n<p>Umingle comprend que l'anonymat peut attirer le meilleur comme le pire des comportements en ligne. Pour y rem\u00e9dier, il applique des mesures de s\u00e9curit\u00e9 strictes et une mod\u00e9ration communautaire.<\/p>\n<h3>Vie priv\u00e9e<\/h3>\n<ul>\n<li>Aucune inscription ou information personnelle n'est requise<\/li>\n<li>Les chats ne sont ni enregistr\u00e9s ni stock\u00e9s<\/li>\n<li>L'acc\u00e8s \u00e0 la webcam et au microphone est enti\u00e8rement contr\u00f4l\u00e9 par l'utilisateur.<\/li>\n<li>Le cryptage HTTPS garantit des connexions s\u00e9curis\u00e9es<\/li>\n<\/ul>\n<h3>La mod\u00e9ration<\/h3>\n<ul>\n<li>La d\u00e9tection de contenu bas\u00e9e sur l'IA permet d'identifier les comportements inappropri\u00e9s<\/li>\n<li>Les outils de rapport de l'utilisateur permettent de signaler rapidement les violations<\/li>\n<li>Des mod\u00e9rateurs humains examinent les rapports et \u00e9liminent les r\u00e9cidivistes.<\/li>\n<\/ul>\n<h3>Conseils de s\u00e9curit\u00e9<\/h3>\n<ul>\n<li>Ne jamais communiquer de donn\u00e9es personnelles telles que le nom complet, l'adresse ou les adresses de r\u00e9seaux sociaux.<\/li>\n<li>Mettez fin \u00e0 toute discussion qui vous met mal \u00e0 l'aise.<\/li>\n<li>Utiliser \"Skip\" et \"Report\" chaque fois que cela est n\u00e9cessaire<\/li>\n<li>Traiter chaque interaction comme anonyme et temporaire<\/li>\n<\/ul>\n<h2>Exp\u00e9rience et conception des utilisateurs<\/h2>\n<p>Umingle offre une exp\u00e9rience fluide, rapide et sans encombrement, moderne et intuitive :<\/p>\n<ul>\n<li>Page d'accueil : Mise en page simple avec un bouton \"Start Chat\" bien visible et des lignes directrices claires.<\/li>\n<li>Interface vid\u00e9o : De grands panneaux vid\u00e9o et des commandes faciles d'acc\u00e8s pour le saut, le texte et le rapport.<\/li>\n<li>Performances : Connexions rapides, d\u00e9calage minimal et reconnexions rapides entre les chats.<\/li>\n<li>Optimisation mobile : Parfaitement adapt\u00e9 aux smartphones et aux tablettes<\/li>\n<li>Style visuel : Un design \u00e9pur\u00e9 et minimal qui met l'accent sur la vid\u00e9o et non sur des \u00e9l\u00e9ments distrayants.<\/li>\n<\/ul>\n<p>Dans l'ensemble, Umingle donne une impression de professionnalisme et de l\u00e9g\u00e8ret\u00e9, \u00e9vitant ainsi l'aspect d\u00e9suet des anciens sites de chat al\u00e9atoire.<\/p>\n<h2>Umingle vs. autres plateformes de chat al\u00e9atoire<\/h2>\n<p>Comment Umingle se situe-t-il par rapport \u00e0 d'autres solutions de type Omegle ?<\/p>\n<table>\n<thead>\n<tr>\n<th>Fonctionnalit\u00e9<\/th>\n<th>Umingle<\/th>\n<th><a href=\"https:\/\/strangercam.com\/fr\/omegle\/\">Omegle<\/a> (ferm\u00e9)<\/th>\n<th>Ohmegle<\/th>\n<th>Lotta<\/th>\n<th>ChatRT<\/th>\n<th>MatchPub<\/th>\n<th><a href=\"https:\/\/strangercam.com\/fr\/ometv\/\">OmeTV<\/a><\/th>\n<\/tr>\n<\/thead>\n<tbody>\n<tr>\n<td>Random Video Chat avec des Inconnus<\/td>\n<td>Oui<\/td>\n<td>Oui<\/td>\n<td>Oui<\/td>\n<td>Oui<\/td>\n<td>Oui<\/td>\n<td>Oui<\/td>\n<td>Oui<\/td>\n<\/tr>\n<tr>\n<td>Option de chat textuel<\/td>\n<td>Oui<\/td>\n<td>Oui<\/td>\n<td>Oui<\/td>\n<td>Oui<\/td>\n<td>Oui<\/td>\n<td>Oui<\/td>\n<td>Oui<\/td>\n<\/tr>\n<tr>\n<td>Inscription n\u00e9cessaire<\/td>\n<td>Non<\/td>\n<td>Non<\/td>\n<td>Non<\/td>\n<td>Non<\/td>\n<td>Non<\/td>\n<td>Non<\/td>\n<td>Non<\/td>\n<\/tr>\n<tr>\n<td>Adapt\u00e9e aux mobiles<\/td>\n<td>Excellent<\/td>\n<td>Pauvre<\/td>\n<td>Excellent<\/td>\n<td>Excellent<\/td>\n<td>Excellent<\/td>\n<td>Excellent<\/td>\n<td>Bon<\/td>\n<\/tr>\n<tr>\n<td>Filtres de genre\/r\u00e9gion<\/td>\n<td>Non<\/td>\n<td>Non<\/td>\n<td>Non<\/td>\n<td>Non<\/td>\n<td>Non<\/td>\n<td>Non<\/td>\n<td>Pay\u00e9<\/td>\n<\/tr>\n<tr>\n<td>Outils de mod\u00e9ration<\/td>\n<td>Fort<\/td>\n<td>Faible<\/td>\n<td>Mod\u00e9r\u00e9<\/td>\n<td>Bon<\/td>\n<td>Fort<\/td>\n<td>Bon<\/td>\n<td>Fort<\/td>\n<\/tr>\n<tr>\n<td>Utilisation gratuite<\/td>\n<td>Oui<\/td>\n<td>Oui<\/td>\n<td>Oui<\/td>\n<td>Oui<\/td>\n<td>Oui<\/td>\n<td>Oui<\/td>\n<td>Oui\/Pay\u00e9<\/td>\n<\/tr>\n<\/tbody>\n<\/table>\n<p>R\u00e9sum\u00e9 : Umingle est le plus comparable \u00e0 ChatRT et Lotta - tous gratuits, anonymes et rapides - mais il se distingue par son interface plus propre et son exp\u00e9rience mobile plus fluide. Bien qu'il n'offre pas encore de filtres avanc\u00e9s, sa simplicit\u00e9 fait partie de son charme.<\/p>\n<h2>Avantages et inconv\u00e9nients<\/h2>\n<p>Pour :<\/p>\n<ul>\n<li>100% gratuit sans enregistrement<\/li>\n<li>Chat vid\u00e9o al\u00e9atoire rapide et anonyme<\/li>\n<li>Design \u00e9pur\u00e9 et moderne avec des performances fluides<\/li>\n<li>Fonctionne parfaitement sur mobile et sur ordinateur<\/li>\n<li>Options de saut instantan\u00e9 et de chat textuel<\/li>\n<li>Outils de mod\u00e9ration et de reporting performants<\/li>\n<\/ul>\n<p>Cons :<\/p>\n<ul>\n<li>Pas de filtre de genre ou de pays<\/li>\n<li>Utilisateurs inappropri\u00e9s occasionnels (communs \u00e0 tous les sites de chat anonymes)<\/li>\n<li>Plus d'utilisateurs masculins que f\u00e9minins<\/li>\n<li>Pas de profil ni de syst\u00e8me d'amis<\/li>\n<li>La base d'utilisateurs continue de cro\u00eetre par rapport aux alternatives plus anciennes<\/li>\n<\/ul>\n<h2>Cas d'utilisation id\u00e9aux<\/h2>\n<p>Umingle est parfait pour :<\/p>\n<ul>\n<li>Ventilateurs de Omegle et <a href=\"https:\/\/strangercam.com\/fr\/chatroulette\/\">Chatroulette<\/a> qui souhaitent un remplacement moderne<\/li>\n<li>Les personnes qui appr\u00e9cient les conversations anonymes et individuelles<\/li>\n<li>Personnes apprenant une langue ou voyageant \u00e0 la recherche de connexions mondiales<\/li>\n<li>\u00c9tudiants et jeunes adultes cherchant \u00e0 se rencontrer de mani\u00e8re d\u00e9contract\u00e9e<\/li>\n<li>Les utilisateurs mobiles \u00e0 la recherche d'un chat vid\u00e9o al\u00e9atoire rapide et gratuit<\/li>\n<\/ul>\n<p>Moins id\u00e9al pour :<\/p>\n<ul>\n<li>Utilisateurs mineurs (strictement 18+)<\/li>\n<li>Ceux qui souhaitent des filtres de rencontre ou des options de remise en correspondance<\/li>\n<li>Personnes \u00e0 la recherche de contacts \u00e0 long terme ou de profils sociaux<\/li>\n<\/ul>\n<p>Umingle est l'une des plateformes de chat vid\u00e9o al\u00e9atoire de type Omegle les plus prometteuses en 2025. Elle reprend tout ce qui rendait les discussions spontan\u00e9es en ligne amusantes - simplicit\u00e9, rapidit\u00e9 et port\u00e9e mondiale - tout en l'actualisant avec un design moderne et adapt\u00e9 aux mobiles et des outils de s\u00e9curit\u00e9 solides.<\/p>\n<p>Si vous recherchez un moyen rapide, gratuit et anonyme de rencontrer des inconnus en ligne, Umingle r\u00e9pond exactement \u00e0 vos attentes. Avec des performances fluides, des rapports faciles et une base d'utilisateurs accueillante, il devient rapidement l'un des meilleurs nouveaux sites de chat al\u00e9atoire de l'ann\u00e9e.<\/p>\n<p>Que vous souhaitiez vous faire des amis, flirter ou simplement passer le temps, Umingle vaut absolument la peine d'\u00eatre essay\u00e9.<\/p>","protected":false},"excerpt":{"rendered":"<p>In the post-Omegle era, dozens of random video chat platforms have emerged, all trying to capture the excitement of spontaneous online conversations. Few, however, manage to combine simplicity, speed, and safety in a way that actually works. Umingle is one of the newest entrants in this space \u2014 a global random video chat platform built [&hellip;]<\/p>\n","protected":false},"author":6,"featured_media":0,"parent":0,"menu_order":0,"comment_status":"closed","ping_status":"closed","template":"","meta":{"footnotes":""},"class_list":["post-13057","page","type-page","status-publish","hentry"],"yoast_head":"<!-- This site is optimized with the Yoast SEO plugin v26.9 - https:\/\/yoast.com\/product\/yoast-seo-wordpress\/ -->\n<title>Umingle - Chat with Strangers - StrangerCam.com<\/title>\n<meta name=\"description\" content=\"Like Umingle? Come chat with more than 5.000.000 strangers on Strangercam for Free! Turn on your cam and find new friends &amp; maby a match!\" \/>\n<meta name=\"robots\" content=\"index, follow, max-snippet:-1, max-image-preview:large, max-video-preview:-1\" \/>\n<link rel=\"canonical\" href=\"https:\/\/strangercam.com\/fr\/umingle\/\" \/>\n<meta property=\"og:locale\" content=\"fr_FR\" \/>\n<meta property=\"og:type\" content=\"article\" \/>\n<meta property=\"og:title\" content=\"Umingle - Chat with Strangers - StrangerCam.com\" \/>\n<meta property=\"og:description\" content=\"Like Umingle? Come chat with more than 5.000.000 strangers on Strangercam for Free! Turn on your cam and find new friends &amp; maby a match!\" \/>\n<meta property=\"og:url\" content=\"https:\/\/strangercam.com\/fr\/umingle\/\" \/>\n<meta property=\"og:site_name\" content=\"Strangercam\" \/>\n<meta property=\"article:publisher\" content=\"https:\/\/www.facebook.com\/strangercam\" \/>\n<meta property=\"og:image\" content=\"https:\/\/strangercam.com\/wp-content\/uploads\/2021\/10\/Untitled-2.png\" \/>\n\t<meta property=\"og:image:width\" content=\"800\" \/>\n\t<meta property=\"og:image:height\" content=\"532\" \/>\n\t<meta property=\"og:image:type\" content=\"image\/png\" \/>\n<meta name=\"twitter:card\" content=\"summary_large_image\" \/>\n<meta name=\"twitter:site\" content=\"@strangercamapp\" \/>\n<meta name=\"twitter:label1\" content=\"Dur\u00e9e de lecture estim\u00e9e\" \/>\n\t<meta name=\"twitter:data1\" content=\"6 minutes\" \/>\n<script type=\"application\/ld+json\" class=\"yoast-schema-graph\">{\"@context\":\"https:\/\/schema.org\",\"@graph\":[{\"@type\":\"WebPage\",\"@id\":\"https:\/\/strangercam.com\/umingle\/\",\"url\":\"https:\/\/strangercam.com\/umingle\/\",\"name\":\"Umingle - Chat with Strangers - StrangerCam.com\",\"isPartOf\":{\"@id\":\"https:\/\/strangercam.com\/#website\"},\"datePublished\":\"2025-10-24T08:20:35+00:00\",\"description\":\"Like Umingle? Come chat with more than 5.000.000 strangers on Strangercam for Free! Turn on your cam and find new friends & maby a match!\",\"breadcrumb\":{\"@id\":\"https:\/\/strangercam.com\/umingle\/#breadcrumb\"},\"inLanguage\":\"fr-FR\",\"potentialAction\":[{\"@type\":\"ReadAction\",\"target\":[\"https:\/\/strangercam.com\/umingle\/\"]}]},{\"@type\":\"BreadcrumbList\",\"@id\":\"https:\/\/strangercam.com\/umingle\/#breadcrumb\",\"itemListElement\":[{\"@type\":\"ListItem\",\"position\":1,\"name\":\"Home\",\"item\":\"https:\/\/strangercam.com\/\"},{\"@type\":\"ListItem\",\"position\":2,\"name\":\"Umingle\"}]},{\"@type\":\"WebSite\",\"@id\":\"https:\/\/strangercam.com\/#website\",\"url\":\"https:\/\/strangercam.com\/\",\"name\":\"Strangercam\",\"description\":\"Random Video Chat with Strangers\",\"publisher\":{\"@id\":\"https:\/\/strangercam.com\/#organization\"},\"alternateName\":\"Strangercam.com\",\"potentialAction\":[{\"@type\":\"SearchAction\",\"target\":{\"@type\":\"EntryPoint\",\"urlTemplate\":\"https:\/\/strangercam.com\/?s={search_term_string}\"},\"query-input\":{\"@type\":\"PropertyValueSpecification\",\"valueRequired\":true,\"valueName\":\"search_term_string\"}}],\"inLanguage\":\"fr-FR\"},{\"@type\":\"Organization\",\"@id\":\"https:\/\/strangercam.com\/#organization\",\"name\":\"Strangercam\",\"alternateName\":\"Strangercam.com\",\"url\":\"https:\/\/strangercam.com\/\",\"logo\":{\"@type\":\"ImageObject\",\"inLanguage\":\"fr-FR\",\"@id\":\"https:\/\/strangercam.com\/#\/schema\/logo\/image\/\",\"url\":\"https:\/\/strangercam.com\/wp-content\/uploads\/2020\/11\/cropped-new-favicon-black.png\",\"contentUrl\":\"https:\/\/strangercam.com\/wp-content\/uploads\/2020\/11\/cropped-new-favicon-black.png\",\"width\":512,\"height\":512,\"caption\":\"Strangercam\"},\"image\":{\"@id\":\"https:\/\/strangercam.com\/#\/schema\/logo\/image\/\"},\"sameAs\":[\"https:\/\/www.facebook.com\/strangercam\",\"https:\/\/x.com\/strangercamapp\"]}]}<\/script>\n<!-- \/ Yoast SEO plugin. -->","yoast_head_json":{"title":"Umingle - Chat avec des \u00e9trangers - StrangerCam.com","description":"Vous aimez Umingle ? Venez discuter avec plus de 5.000.000 d'inconnus sur Strangercam gratuitement ! Allumez votre cam\u00e9ra et trouvez de nouveaux amis et peut-\u00eatre un partenaire !","robots":{"index":"index","follow":"follow","max-snippet":"max-snippet:-1","max-image-preview":"max-image-preview:large","max-video-preview":"max-video-preview:-1"},"canonical":"https:\/\/strangercam.com\/fr\/umingle\/","og_locale":"fr_FR","og_type":"article","og_title":"Umingle - Chat with Strangers - StrangerCam.com","og_description":"Like Umingle? Come chat with more than 5.000.000 strangers on Strangercam for Free! Turn on your cam and find new friends & maby a match!","og_url":"https:\/\/strangercam.com\/fr\/umingle\/","og_site_name":"Strangercam","article_publisher":"https:\/\/www.facebook.com\/strangercam","og_image":[{"width":800,"height":532,"url":"https:\/\/strangercam.com\/wp-content\/uploads\/2021\/10\/Untitled-2.png","type":"image\/png"}],"twitter_card":"summary_large_image","twitter_site":"@strangercamapp","twitter_misc":{"Dur\u00e9e de lecture estim\u00e9e":"6 minutes"},"schema":{"@context":"https:\/\/schema.org","@graph":[{"@type":"WebPage","@id":"https:\/\/strangercam.com\/umingle\/","url":"https:\/\/strangercam.com\/umingle\/","name":"Umingle - Chat avec des \u00e9trangers - StrangerCam.com","isPartOf":{"@id":"https:\/\/strangercam.com\/#website"},"datePublished":"2025-10-24T08:20:35+00:00","description":"Vous aimez Umingle ? Venez discuter avec plus de 5.000.000 d'inconnus sur Strangercam gratuitement ! Allumez votre cam\u00e9ra et trouvez de nouveaux amis et peut-\u00eatre un partenaire !","breadcrumb":{"@id":"https:\/\/strangercam.com\/umingle\/#breadcrumb"},"inLanguage":"fr-FR","potentialAction":[{"@type":"ReadAction","target":["https:\/\/strangercam.com\/umingle\/"]}]},{"@type":"BreadcrumbList","@id":"https:\/\/strangercam.com\/umingle\/#breadcrumb","itemListElement":[{"@type":"ListItem","position":1,"name":"Home","item":"https:\/\/strangercam.com\/"},{"@type":"ListItem","position":2,"name":"Umingle"}]},{"@type":"WebSite","@id":"https:\/\/strangercam.com\/#website","url":"https:\/\/strangercam.com\/","name":"Strangercam","description":"Chat vid\u00e9o al\u00e9atoire avec des inconnus","publisher":{"@id":"https:\/\/strangercam.com\/#organization"},"alternateName":"Strangercam.com","potentialAction":[{"@type":"SearchAction","target":{"@type":"EntryPoint","urlTemplate":"https:\/\/strangercam.com\/?s={search_term_string}"},"query-input":{"@type":"PropertyValueSpecification","valueRequired":true,"valueName":"search_term_string"}}],"inLanguage":"fr-FR"},{"@type":"Organization","@id":"https:\/\/strangercam.com\/#organization","name":"Strangercam","alternateName":"Strangercam.com","url":"https:\/\/strangercam.com\/","logo":{"@type":"ImageObject","inLanguage":"fr-FR","@id":"https:\/\/strangercam.com\/#\/schema\/logo\/image\/","url":"https:\/\/strangercam.com\/wp-content\/uploads\/2020\/11\/cropped-new-favicon-black.png","contentUrl":"https:\/\/strangercam.com\/wp-content\/uploads\/2020\/11\/cropped-new-favicon-black.png","width":512,"height":512,"caption":"Strangercam"},"image":{"@id":"https:\/\/strangercam.com\/#\/schema\/logo\/image\/"},"sameAs":["https:\/\/www.facebook.com\/strangercam","https:\/\/x.com\/strangercamapp"]}]}},"_links":{"self":[{"href":"https:\/\/strangercam.com\/fr\/wp-json\/wp\/v2\/pages\/13057","targetHints":{"allow":["GET"]}}],"collection":[{"href":"https:\/\/strangercam.com\/fr\/wp-json\/wp\/v2\/pages"}],"about":[{"href":"https:\/\/strangercam.com\/fr\/wp-json\/wp\/v2\/types\/page"}],"author":[{"embeddable":true,"href":"https:\/\/strangercam.com\/fr\/wp-json\/wp\/v2\/users\/6"}],"replies":[{"embeddable":true,"href":"https:\/\/strangercam.com\/fr\/wp-json\/wp\/v2\/comments?post=13057"}],"version-history":[{"count":1,"href":"https:\/\/strangercam.com\/fr\/wp-json\/wp\/v2\/pages\/13057\/revisions"}],"predecessor-version":[{"id":13058,"href":"https:\/\/strangercam.com\/fr\/wp-json\/wp\/v2\/pages\/13057\/revisions\/13058"}],"wp:attachment":[{"href":"https:\/\/strangercam.com\/fr\/wp-json\/wp\/v2\/media?parent=13057"}],"curies":[{"name":"wp","href":"https:\/\/api.w.org\/{rel}","templated":true}]}}