{"id":1303,"date":"2025-08-05T10:30:38","date_gmt":"2025-08-05T08:30:38","guid":{"rendered":"https:\/\/strangercam.com\/?page_id=1303"},"modified":"2025-08-05T10:41:12","modified_gmt":"2025-08-05T08:41:12","slug":"application-singe","status":"publish","type":"page","link":"https:\/\/strangercam.com\/fr\/monkey-app\/","title":{"rendered":"Monkey App"},"content":{"rendered":"<p>Le monde de la vid\u00e9o en ligne <a href=\"https:\/\/strangercam.com\/fr\/chatroulette\/\">chat<\/a> Avec l'\u00e9volution des r\u00e9seaux sociaux, de nouvelles applications apparaissent constamment pour r\u00e9pondre aux besoins d'un public plus jeune et plus mobile. Monkey App est l'une de ces plates-formes. <a href=\"https:\/\/strangercam.com\/fr\/chathub\/\">chat vid\u00e9o al\u00e9atoire<\/a> avec la d\u00e9couverte sociale et la vid\u00e9o de courte dur\u00e9e, cr\u00e9ant ainsi un espace unique qui fait partie int\u00e9grante de la vie de l'entreprise. <a href=\"https:\/\/strangercam.com\/fr\/omegle\/\">Omegle<\/a>, Il s'agit en partie de TikTok et en partie d'un groupe de discussion.<\/p>\n<p>Mais Monkey App sort-il du lot ? Est-il s\u00fbr, engageant et vaut-il la peine que vous y consacriez du temps ? Dans cet examen approfondi, nous couvrons tout ce que vous devez savoir sur Monkey : comment il fonctionne, quelles sont ses fonctionnalit\u00e9s, \u00e0 qui il s'adresse et comment il se compare \u00e0 d'autres plateformes sociales et de chat vid\u00e9o de premier plan.<\/p>\n<h2>Qu'est-ce que le Monkey App ?<\/h2>\n<p>Monkey App est une plateforme mobile de chat vid\u00e9o al\u00e9atoire et de d\u00e9couverte sociale qui connecte les utilisateurs pour des conversations vid\u00e9o en direct, en t\u00eate-\u00e0-t\u00eate, et des salles de groupe interactives. Lanc\u00e9 en 2016 et relanc\u00e9 plusieurs fois depuis, Monkey est particuli\u00e8rement populaire parmi la g\u00e9n\u00e9ration Z et les jeunes mill\u00e9niaux, offrant une exp\u00e9rience qui est autant ax\u00e9e sur l'amusement et la cr\u00e9ativit\u00e9 que sur la rencontre de nouvelles personnes.<\/p>\n<p>Contrairement aux sites de chat al\u00e9atoire classiques qui se concentrent uniquement sur l'anonymat, Monkey int\u00e8gre des \u00e9l\u00e9ments de m\u00e9dias sociaux, avec des profils d'utilisateurs, de courts clips vid\u00e9o et du contenu tendance, ce qui en fait l'une des communaut\u00e9s de chat vid\u00e9o les plus dynamiques qui soient.<\/p>\n<h2>Quel est l'objectif de Monkey App ?<\/h2>\n<p>La mission de Monkey App est de rendre la socialisation en ligne spontan\u00e9e, cr\u00e9ative et amusante. L'application vise \u00e0 :<\/p>\n<ul>\n<li>Connecter les gens instantan\u00e9ment via la vid\u00e9o en direct et le chat de groupe<\/li>\n<li>Encourager l'expression cr\u00e9ative par le biais d'introductions vid\u00e9o, de clips et de contenu tendance<\/li>\n<li>Favoriser un espace s\u00fbr et convivial pour les jeunes, propice \u00e0 une interaction authentique et \u00e0 l'amiti\u00e9.<\/li>\n<\/ul>\n<p>Monkey n'est pas seulement une application de chat al\u00e9atoire ; c'est une exp\u00e9rience de d\u00e9couverte sociale compl\u00e8te pour la g\u00e9n\u00e9ration TikTok - o\u00f9 vous pouvez montrer votre personnalit\u00e9, d\u00e9couvrir de nouvelles tendances et construire un r\u00e9seau mondial d'amis en temps r\u00e9el.<\/p>\n<h2>Caract\u00e9ristiques principales<\/h2>\n<p>1. Chat vid\u00e9o al\u00e9atoire en t\u00eate-\u00e0-t\u00eate<br \/>\nLe c\u0153ur de Monkey est la mise en relation vid\u00e9o instantan\u00e9e et en direct. Appuyez sur \"D\u00e9marrer\" et vous \u00eates jumel\u00e9 avec un autre utilisateur pour une discussion rapide de cam\u00e9ra \u00e0 cam\u00e9ra, qui dure g\u00e9n\u00e9ralement 15 secondes, mais vous pouvez convenir mutuellement de prolonger la session pour une conversation plus longue.<\/p>\n<p>2. Salles vid\u00e9o de groupe (\"Hubs\")<br \/>\nMonkey permet aux utilisateurs de rejoindre ou de cr\u00e9er des \"hubs\" th\u00e9matiques, c'est-\u00e0-dire des salles de groupe virtuelles bas\u00e9es sur des centres d'int\u00e9r\u00eat, de la musique, des jeux ou des tendances. Plusieurs utilisateurs peuvent y discuter par vid\u00e9o, interagir par texte et envoyer des r\u00e9actions dans une atmosph\u00e8re anim\u00e9e et festive.<\/p>\n<p>3. Profils sociaux et clips vid\u00e9o<br \/>\nContrairement aux anciennes applications de chat, Monkey vous permet de cr\u00e9er un profil avec une photo, un \u00e2ge et des centres d'int\u00e9r\u00eat. Vous pouvez t\u00e9l\u00e9charger de courtes vid\u00e9os d'introduction ou des clips (comme sur TikTok), ce qui permet aux autres de vous d\u00e9couvrir et de se connecter avec vous en fonction de votre personnalit\u00e9.<\/p>\n<p>4. Contenu tendance et classements<br \/>\nMonkey propose des sections d'utilisateurs \"tendance\" et \"en vedette\", pr\u00e9sentant des profils populaires et des clips vid\u00e9o cr\u00e9atifs. Les utilisateurs peuvent monter en grade gr\u00e2ce \u00e0 leur activit\u00e9, ce qui rend la plateforme comp\u00e9titive et interactive.<\/p>\n<p>5. Chat textuel et messagerie instantan\u00e9e<br \/>\nSi vous n'\u00eates pas pr\u00eat pour la vid\u00e9o, Monkey propose \u00e9galement un service de chat textuel. Vous pouvez envoyer des messages directs, des emojis ou rejoindre des fils de discussion en cours dans les hubs.<\/p>\n<p>6. Filtres de correspondance<br \/>\nLes utilisateurs Premium peuvent utiliser des filtres de genre et de r\u00e9gion pour une exp\u00e9rience plus personnalis\u00e9e, tandis que les utilisateurs gratuits b\u00e9n\u00e9ficient de connexions mondiales al\u00e9atoires.<\/p>\n<p>7. Outils de signalement et de s\u00e9curit\u00e9<br \/>\nMonkey propose des outils de signalement, de blocage et de mod\u00e9ration int\u00e9gr\u00e9s \u00e0 l'application. La plateforme utilise \u00e9galement la mod\u00e9ration par IA pour aider \u00e0 maintenir les chats positifs et exempts de contenu abusif ou inappropri\u00e9.<\/p>\n<h2>Le Monkey App est-il gratuit ?<\/h2>\n<p>Le t\u00e9l\u00e9chargement et l'utilisation de Monkey sont gratuits, avec un acc\u00e8s au chat vid\u00e9o al\u00e9atoire, aux hubs et \u00e0 la messagerie de base. Cependant, certaines fonctionnalit\u00e9s premium, telles que les filtres de correspondance avanc\u00e9s, les chats vid\u00e9o prolong\u00e9s ou les am\u00e9liorations de profil, peuvent n\u00e9cessiter des achats in-app ou un abonnement.<\/p>\n<p>Tous les utilisateurs peuvent :<\/p>\n<ul>\n<li>Join chats vid\u00e9o en direct et hubs de groupe<\/li>\n<li>Naviguer et se connecter avec des profils en vogue<\/li>\n<li>Cr\u00e9er un profil personnel et t\u00e9l\u00e9charger des clips<\/li>\n<li>Utiliser des outils de s\u00e9curit\u00e9 et de mod\u00e9ration<\/li>\n<\/ul>\n<p>Les fonctionnalit\u00e9s Premium (payantes) comprennent<\/p>\n<ul>\n<li>Correspondance entre les sexes et les r\u00e9gions<\/li>\n<li>Temps d'ajout illimit\u00e9 dans les chats<\/li>\n<li>Exposition prioritaire dans les sections en vogue<\/li>\n<\/ul>\n<p>Les prix sont comp\u00e9titifs par rapport \u00e0 d'autres applications sociales et sont clairement indiqu\u00e9s sur la page de la boutique de l'application.<\/p>\n<h2>Qui utilise le Monkey App ?<\/h2>\n<p>Monkey est destin\u00e9 \u00e0 un public jeune, international et socialement actif :<\/p>\n<ul>\n<li>L'\u00e2ge : 18-25 ans est le groupe d\u00e9mographique principal (Monkey est strictement r\u00e9serv\u00e9 aux 18 ans et plus)<\/li>\n<li>Sites d'implantation : \u00c9tats-Unis, Canada, Royaume-Uni, Europe, Br\u00e9sil, Inde, Asie du Sud-Est, etc.<\/li>\n<li>Utilisateurs : \u00c9tudiants, cr\u00e9ateurs, musiciens, influenceurs et tous ceux qui recherchent une interaction spontan\u00e9e et cr\u00e9ative.<\/li>\n<\/ul>\n<p>La plateforme attire les personnes qui aiment le contenu de type TikTok, qui aiment rencontrer de nouveaux amis ou qui veulent simplement passer le temps et partager leur personnalit\u00e9 avec le monde entier.<\/p>\n<h2>S\u00e9curit\u00e9, vie priv\u00e9e et mod\u00e9ration<\/h2>\n<p>Monkey App reconna\u00eet l'importance de la s\u00e9curit\u00e9, en particulier pour son jeune public, et applique plusieurs mesures :<\/p>\n<h3>Vie priv\u00e9e<\/h3>\n<ul>\n<li>Les utilisateurs peuvent contr\u00f4ler ce qu'ils partagent sur leur profil<\/li>\n<li>Les chats ne sont pas archiv\u00e9s publiquement ni consultables.<\/li>\n<li>Le partage de coordonn\u00e9es personnelles n'est pas autoris\u00e9 dans les chats publics.<\/li>\n<\/ul>\n<h3>La mod\u00e9ration<\/h3>\n<ul>\n<li>Filtrage de contenu pilot\u00e9 par l'IA : D\u00e9tecte la nudit\u00e9, les abus ou les violations de r\u00e8gles<\/li>\n<li>Signalement et blocage manuels : Les utilisateurs peuvent signaler instantan\u00e9ment les comportements inappropri\u00e9s<\/li>\n<li>Lignes directrices pour la communaut\u00e9 : R\u00e8gles strictes concernant l'intimidation, le harc\u00e8lement et le partage de contenu<\/li>\n<\/ul>\n<p>Monkey est con\u00e7u comme une plateforme positive et adapt\u00e9e aux jeunes, mais comme pour toute application de chat en direct, les utilisateurs doivent faire preuve de prudence et \u00e9viter de communiquer des informations personnelles \u00e0 des inconnus.<\/p>\n<h2>Exp\u00e9rience et conception des utilisateurs<\/h2>\n<p>Le design de Monkey est jeune, intuitif et optimis\u00e9 pour les mobiles :<\/p>\n<ul>\n<li>L'application s'ouvre sur une interface \u00e9pur\u00e9e, avec des options claires pour chatter, rejoindre des hubs ou parcourir des contenus tendance.<\/li>\n<li>Les fen\u00eatres des profils et des vid\u00e9os sont grandes et faciles \u00e0 parcourir<\/li>\n<li>Les ic\u00f4nes color\u00e9es, les animations et l'int\u00e9gration de la musique donnent \u00e0 l'application un caract\u00e8re ludique et festif.<\/li>\n<li>Les notifications et les messages sont simples et non intrusifs.<\/li>\n<\/ul>\n<p>Les performances sont fluides sur les appareils Android et iOS, avec des mises \u00e0 jour fr\u00e9quentes et de nouvelles fonctionnalit\u00e9s ajout\u00e9es pour garder les choses fra\u00eeches.<\/p>\n<h2>Monkey App vs Autres applications de chat vid\u00e9o et de d\u00e9couverte sociale<\/h2>\n<p>Comment Monkey se compare-t-il aux autres plateformes de chat vid\u00e9o ?<\/p>\n<table>\n<thead>\n<tr>\n<th>Fonctionnalit\u00e9<\/th>\n<th>Singe<\/th>\n<th><a href=\"https:\/\/strangercam.com\/fr\/ometv\/\">OmeTV<\/a><\/th>\n<th>Azar<\/th>\n<th>ChitChatTV<\/th>\n<th>Yubo<\/th>\n<\/tr>\n<\/thead>\n<tbody>\n<tr>\n<td>Chat vid\u00e9o individuel<\/td>\n<td>Oui<\/td>\n<td>Oui<\/td>\n<td>Oui<\/td>\n<td>Oui<\/td>\n<td>Oui<\/td>\n<\/tr>\n<tr>\n<td>Salles vid\u00e9o de groupe<\/td>\n<td>Oui<\/td>\n<td>Non<\/td>\n<td>Non<\/td>\n<td>Non<\/td>\n<td>Oui<\/td>\n<\/tr>\n<tr>\n<td>Profils sociaux\/Clips<\/td>\n<td>Oui<\/td>\n<td>Non<\/td>\n<td>Oui<\/td>\n<td>Non<\/td>\n<td>Oui<\/td>\n<\/tr>\n<tr>\n<td>Filtres de correspondance<\/td>\n<td>Pay\u00e9<\/td>\n<td>Pay\u00e9<\/td>\n<td>Pay\u00e9<\/td>\n<td>Non<\/td>\n<td>Limit\u00e9e<\/td>\n<\/tr>\n<tr>\n<td>Utilisation gratuite<\/td>\n<td>Oui<\/td>\n<td>Oui<\/td>\n<td>Oui<\/td>\n<td>Oui<\/td>\n<td>Oui<\/td>\n<\/tr>\n<tr>\n<td>Trending Content<\/td>\n<td>Oui<\/td>\n<td>Non<\/td>\n<td>Non<\/td>\n<td>Non<\/td>\n<td>Oui<\/td>\n<\/tr>\n<tr>\n<td>Focus sur l'\u00e2ge<\/td>\n<td>18-25<\/td>\n<td>18+<\/td>\n<td>18+<\/td>\n<td>18+<\/td>\n<td>18-25<\/td>\n<\/tr>\n<tr>\n<td>La conception mobile d'abord<\/td>\n<td>Oui<\/td>\n<td>Oui<\/td>\n<td>Oui<\/td>\n<td>Oui<\/td>\n<td>Oui<\/td>\n<\/tr>\n<\/tbody>\n<\/table>\n<p>R\u00e9sum\u00e9 : Monkey se distingue par son m\u00e9lange de chat vid\u00e9o en direct, de contenu cr\u00e9atif, de salles de groupe et d'un \u00e9l\u00e9ment social amusant et comp\u00e9titif. Il s'agit moins d'anonymat pur que de d\u00e9couverte et d'expression de la personnalit\u00e9 en temps r\u00e9el.<\/p>\n<h2>Avantages et inconv\u00e9nients<\/h2>\n<p>Pour :<\/p>\n<ul>\n<li>Chat vid\u00e9o gratuit et instantan\u00e9 avec des inconnus dans le monde entier<\/li>\n<li>Des centres de groupe uniques pour des rencontres vid\u00e9o \u00e0 th\u00e8me<\/li>\n<li>Fonctionnalit\u00e9s sociales amusantes et cr\u00e9atives et personnalisation du profil<\/li>\n<li>Une communaut\u00e9 jeune et dynamique<\/li>\n<li>Filtres de correspondance de qualit\u00e9 sup\u00e9rieure et options de chat \u00e9tendues<\/li>\n<li>Des outils de s\u00e9curit\u00e9 et de mod\u00e9ration solides<\/li>\n<\/ul>\n<p>Cons :<\/p>\n<ul>\n<li>Con\u00e7u pour les 18-25 ans, les utilisateurs plus \u00e2g\u00e9s risquent de ne pas s'y sentir \u00e0 leur place.<\/li>\n<li>Achats in-app pour certains filtres et fonctionnalit\u00e9s<\/li>\n<li>Certains utilisateurs peuvent faire un usage abusif de la plateforme, malgr\u00e9 la mod\u00e9ration.<\/li>\n<li>Application mobile requise - pas de version navigateur pour les utilisateurs de bureau<\/li>\n<li>Le rythme rapide peut ne pas convenir \u00e0 tout le monde<\/li>\n<\/ul>\n<h2>Cas d'utilisation id\u00e9aux<\/h2>\n<p>Monkey est parfait pour :<\/p>\n<ul>\n<li>Jeunes adultes souhaitant <a href=\"https:\/\/strangercam.com\/fr\/coomeet\/\">rencontrer<\/a> de nouvelles personnes dans un environnement en ligne vivant et cr\u00e9atif<\/li>\n<li>Les fans de TikTok ou d'Instagram Reels qui appr\u00e9cient \u00e9galement les conversations en direct.<\/li>\n<li>Utilisateurs souhaitant rejoindre des groupes de discussion vid\u00e9o ou des salons sociaux \u00e0 th\u00e8me<\/li>\n<li>Cr\u00e9ateurs, musiciens ou influenceurs \u00e0 la recherche de visibilit\u00e9 et d'engagement du public.<\/li>\n<\/ul>\n<p>Moins id\u00e9al pour :<\/p>\n<ul>\n<li>Utilisateurs \u00e0 la recherche d'un chat purement anonyme ou textuel<\/li>\n<li>Adultes de plus de 30 ans (l'ambiance est tr\u00e8s Gen Z)<\/li>\n<li>Ceux qui n'ont pas acc\u00e8s \u00e0 un appareil mobile compatible<\/li>\n<\/ul>\n<p>Monkey App est la premi\u00e8re plateforme de chat vid\u00e9o et de d\u00e9couverte sociale pour la g\u00e9n\u00e9ration Z en 2025. Elle combine la spontan\u00e9it\u00e9 du chat al\u00e9atoire classique avec la cr\u00e9ativit\u00e9 et la communaut\u00e9 des applications sociales modernes, ce qui la rend amusante, s\u00fbre et tr\u00e8s engageante pour les jeunes adultes du monde entier.<\/p>\n<p>Que vous souhaitiez discuter en t\u00eate-\u00e0-t\u00eate, rejoindre un groupe ou partager vos propres vid\u00e9os et centres d'int\u00e9r\u00eat, Monkey offre un espace ludique et unique pour se connecter. Si vous cherchez un moyen rapide, visuel et social de vous faire de nouveaux amis et de vous exprimer, Monkey App vaut vraiment la peine d'\u00eatre essay\u00e9.<\/p>","protected":false},"excerpt":{"rendered":"<p>As the world of online video chat and social networking evolves, new apps are constantly emerging to cater to the needs of a younger, more mobile-first audience. Monkey App is one such platform, blending the thrill of random video chat with social discovery and short-form video\u2014creating a unique space that feels part Omegle, part TikTok, [&hellip;]<\/p>\n","protected":false},"author":6,"featured_media":0,"parent":0,"menu_order":0,"comment_status":"closed","ping_status":"closed","template":"","meta":{"footnotes":""},"class_list":["post-1303","page","type-page","status-publish","hentry"],"yoast_head":"<!-- This site is optimized with the Yoast SEO plugin v27.4 - https:\/\/yoast.com\/product\/yoast-seo-wordpress\/ -->\n<title>Monkey App - Random Video Chat Omegle - StrangerCam.com<\/title>\n<meta name=\"description\" content=\"Like Monkey App? Come chat with more than 5.000.000 strangers on Strangercam for Free! Turn on your cam and find new friends &amp; maby a match!\" \/>\n<meta name=\"robots\" content=\"index, follow, max-snippet:-1, max-image-preview:large, max-video-preview:-1\" \/>\n<link rel=\"canonical\" href=\"https:\/\/strangercam.com\/fr\/application-singe\/\" \/>\n<meta property=\"og:locale\" content=\"fr_FR\" \/>\n<meta property=\"og:type\" content=\"article\" \/>\n<meta property=\"og:title\" content=\"Monkey App - Random Video Chat Omegle - StrangerCam.com\" \/>\n<meta property=\"og:description\" content=\"Like Monkey App? Come chat with more than 5.000.000 strangers on Strangercam for Free! Turn on your cam and find new friends &amp; maby a match!\" \/>\n<meta property=\"og:url\" content=\"https:\/\/strangercam.com\/fr\/application-singe\/\" \/>\n<meta property=\"og:site_name\" content=\"Strangercam\" \/>\n<meta property=\"article:publisher\" content=\"https:\/\/www.facebook.com\/strangercam\" \/>\n<meta property=\"article:modified_time\" content=\"2025-08-05T08:41:12+00:00\" \/>\n<meta property=\"og:image\" content=\"https:\/\/strangercam.com\/wp-content\/uploads\/2021\/10\/Untitled-2.png\" \/>\n\t<meta property=\"og:image:width\" content=\"800\" \/>\n\t<meta property=\"og:image:height\" content=\"532\" \/>\n\t<meta property=\"og:image:type\" content=\"image\/png\" \/>\n<meta name=\"twitter:card\" content=\"summary_large_image\" \/>\n<meta name=\"twitter:site\" content=\"@strangercamapp\" \/>\n<meta name=\"twitter:label1\" content=\"Dur\u00e9e de lecture estim\u00e9e\" \/>\n\t<meta name=\"twitter:data1\" content=\"6 minutes\" \/>\n<script type=\"application\/ld+json\" class=\"yoast-schema-graph\">{\"@context\":\"https:\\\/\\\/schema.org\",\"@graph\":[{\"@type\":\"WebPage\",\"@id\":\"https:\\\/\\\/strangercam.com\\\/monkey-app\\\/\",\"url\":\"https:\\\/\\\/strangercam.com\\\/monkey-app\\\/\",\"name\":\"Monkey App - Random Video Chat Omegle - StrangerCam.com\",\"isPartOf\":{\"@id\":\"https:\\\/\\\/strangercam.com\\\/#website\"},\"datePublished\":\"2025-08-05T08:30:38+00:00\",\"dateModified\":\"2025-08-05T08:41:12+00:00\",\"description\":\"Like Monkey App? Come chat with more than 5.000.000 strangers on Strangercam for Free! Turn on your cam and find new friends & maby a match!\",\"breadcrumb\":{\"@id\":\"https:\\\/\\\/strangercam.com\\\/monkey-app\\\/#breadcrumb\"},\"inLanguage\":\"fr-FR\",\"potentialAction\":[{\"@type\":\"ReadAction\",\"target\":[\"https:\\\/\\\/strangercam.com\\\/monkey-app\\\/\"]}]},{\"@type\":\"BreadcrumbList\",\"@id\":\"https:\\\/\\\/strangercam.com\\\/monkey-app\\\/#breadcrumb\",\"itemListElement\":[{\"@type\":\"ListItem\",\"position\":1,\"name\":\"Home\",\"item\":\"https:\\\/\\\/strangercam.com\\\/\"},{\"@type\":\"ListItem\",\"position\":2,\"name\":\"Monkey App\"}]},{\"@type\":\"WebSite\",\"@id\":\"https:\\\/\\\/strangercam.com\\\/#website\",\"url\":\"https:\\\/\\\/strangercam.com\\\/\",\"name\":\"Strangercam\",\"description\":\"Random Video Chat with Strangers\",\"publisher\":{\"@id\":\"https:\\\/\\\/strangercam.com\\\/#organization\"},\"alternateName\":\"Strangercam.com\",\"potentialAction\":[{\"@type\":\"SearchAction\",\"target\":{\"@type\":\"EntryPoint\",\"urlTemplate\":\"https:\\\/\\\/strangercam.com\\\/?s={search_term_string}\"},\"query-input\":{\"@type\":\"PropertyValueSpecification\",\"valueRequired\":true,\"valueName\":\"search_term_string\"}}],\"inLanguage\":\"fr-FR\"},{\"@type\":\"Organization\",\"@id\":\"https:\\\/\\\/strangercam.com\\\/#organization\",\"name\":\"Strangercam\",\"alternateName\":\"Strangercam.com\",\"url\":\"https:\\\/\\\/strangercam.com\\\/\",\"logo\":{\"@type\":\"ImageObject\",\"inLanguage\":\"fr-FR\",\"@id\":\"https:\\\/\\\/strangercam.com\\\/#\\\/schema\\\/logo\\\/image\\\/\",\"url\":\"https:\\\/\\\/strangercam.com\\\/wp-content\\\/uploads\\\/2020\\\/11\\\/cropped-new-favicon-black.png\",\"contentUrl\":\"https:\\\/\\\/strangercam.com\\\/wp-content\\\/uploads\\\/2020\\\/11\\\/cropped-new-favicon-black.png\",\"width\":512,\"height\":512,\"caption\":\"Strangercam\"},\"image\":{\"@id\":\"https:\\\/\\\/strangercam.com\\\/#\\\/schema\\\/logo\\\/image\\\/\"},\"sameAs\":[\"https:\\\/\\\/www.facebook.com\\\/strangercam\",\"https:\\\/\\\/x.com\\\/strangercamapp\"]}]}<\/script>\n<!-- \/ Yoast SEO plugin. -->","yoast_head_json":{"title":"Monkey App - Chat vid\u00e9o al\u00e9atoire Omegle - StrangerCam.com","description":"Vous aimez Monkey App ? Venez discuter avec plus de 5.000.000 d'inconnus sur Strangercam gratuitement ! Allume ta cam\u00e9ra et trouve de nouveaux amis et peut-\u00eatre un partenaire !","robots":{"index":"index","follow":"follow","max-snippet":"max-snippet:-1","max-image-preview":"max-image-preview:large","max-video-preview":"max-video-preview:-1"},"canonical":"https:\/\/strangercam.com\/fr\/application-singe\/","og_locale":"fr_FR","og_type":"article","og_title":"Monkey App - Random Video Chat Omegle - StrangerCam.com","og_description":"Like Monkey App? Come chat with more than 5.000.000 strangers on Strangercam for Free! Turn on your cam and find new friends & maby a match!","og_url":"https:\/\/strangercam.com\/fr\/application-singe\/","og_site_name":"Strangercam","article_publisher":"https:\/\/www.facebook.com\/strangercam","article_modified_time":"2025-08-05T08:41:12+00:00","og_image":[{"width":800,"height":532,"url":"https:\/\/strangercam.com\/wp-content\/uploads\/2021\/10\/Untitled-2.png","type":"image\/png"}],"twitter_card":"summary_large_image","twitter_site":"@strangercamapp","twitter_misc":{"Dur\u00e9e de lecture estim\u00e9e":"6 minutes"},"schema":{"@context":"https:\/\/schema.org","@graph":[{"@type":"WebPage","@id":"https:\/\/strangercam.com\/monkey-app\/","url":"https:\/\/strangercam.com\/monkey-app\/","name":"Monkey App - Chat vid\u00e9o al\u00e9atoire Omegle - StrangerCam.com","isPartOf":{"@id":"https:\/\/strangercam.com\/#website"},"datePublished":"2025-08-05T08:30:38+00:00","dateModified":"2025-08-05T08:41:12+00:00","description":"Vous aimez Monkey App ? Venez discuter avec plus de 5.000.000 d'inconnus sur Strangercam gratuitement ! Allume ta cam\u00e9ra et trouve de nouveaux amis et peut-\u00eatre un partenaire !","breadcrumb":{"@id":"https:\/\/strangercam.com\/monkey-app\/#breadcrumb"},"inLanguage":"fr-FR","potentialAction":[{"@type":"ReadAction","target":["https:\/\/strangercam.com\/monkey-app\/"]}]},{"@type":"BreadcrumbList","@id":"https:\/\/strangercam.com\/monkey-app\/#breadcrumb","itemListElement":[{"@type":"ListItem","position":1,"name":"Home","item":"https:\/\/strangercam.com\/"},{"@type":"ListItem","position":2,"name":"Monkey App"}]},{"@type":"WebSite","@id":"https:\/\/strangercam.com\/#website","url":"https:\/\/strangercam.com\/","name":"Strangercam","description":"Chat vid\u00e9o al\u00e9atoire avec des inconnus","publisher":{"@id":"https:\/\/strangercam.com\/#organization"},"alternateName":"Strangercam.com","potentialAction":[{"@type":"SearchAction","target":{"@type":"EntryPoint","urlTemplate":"https:\/\/strangercam.com\/?s={search_term_string}"},"query-input":{"@type":"PropertyValueSpecification","valueRequired":true,"valueName":"search_term_string"}}],"inLanguage":"fr-FR"},{"@type":"Organization","@id":"https:\/\/strangercam.com\/#organization","name":"Strangercam","alternateName":"Strangercam.com","url":"https:\/\/strangercam.com\/","logo":{"@type":"ImageObject","inLanguage":"fr-FR","@id":"https:\/\/strangercam.com\/#\/schema\/logo\/image\/","url":"https:\/\/strangercam.com\/wp-content\/uploads\/2020\/11\/cropped-new-favicon-black.png","contentUrl":"https:\/\/strangercam.com\/wp-content\/uploads\/2020\/11\/cropped-new-favicon-black.png","width":512,"height":512,"caption":"Strangercam"},"image":{"@id":"https:\/\/strangercam.com\/#\/schema\/logo\/image\/"},"sameAs":["https:\/\/www.facebook.com\/strangercam","https:\/\/x.com\/strangercamapp"]}]}},"_links":{"self":[{"href":"https:\/\/strangercam.com\/fr\/wp-json\/wp\/v2\/pages\/1303","targetHints":{"allow":["GET"]}}],"collection":[{"href":"https:\/\/strangercam.com\/fr\/wp-json\/wp\/v2\/pages"}],"about":[{"href":"https:\/\/strangercam.com\/fr\/wp-json\/wp\/v2\/types\/page"}],"author":[{"embeddable":true,"href":"https:\/\/strangercam.com\/fr\/wp-json\/wp\/v2\/users\/6"}],"replies":[{"embeddable":true,"href":"https:\/\/strangercam.com\/fr\/wp-json\/wp\/v2\/comments?post=1303"}],"version-history":[{"count":1,"href":"https:\/\/strangercam.com\/fr\/wp-json\/wp\/v2\/pages\/1303\/revisions"}],"predecessor-version":[{"id":12953,"href":"https:\/\/strangercam.com\/fr\/wp-json\/wp\/v2\/pages\/1303\/revisions\/12953"}],"wp:attachment":[{"href":"https:\/\/strangercam.com\/fr\/wp-json\/wp\/v2\/media?parent=1303"}],"curies":[{"name":"wp","href":"https:\/\/api.w.org\/{rel}","templated":true}]}}