{"id":13024,"date":"2025-09-10T11:58:44","date_gmt":"2025-09-10T09:58:44","guid":{"rendered":"https:\/\/strangercam.com\/?page_id=13024"},"modified":"2025-09-10T11:58:57","modified_gmt":"2025-09-10T09:58:57","slug":"dialogue-aerien","status":"publish","type":"page","link":"https:\/\/strangercam.com\/fr\/airtalk\/","title":{"rendered":"AirTALK"},"content":{"rendered":"<p>La demande de vid\u00e9os rapides, anonymes et spontan\u00e9es <a href=\"https:\/\/strangercam.com\/fr\/chathub\/\">chat<\/a> se sont d\u00e9velopp\u00e9es rapidement depuis l'arr\u00eat de Omegle. De nouvelles applications et de nouveaux sites web font la course pour devenir la prochaine grande destination pour les conversations al\u00e9atoires. AirTALK est l'un des nouveaux noms de cet espace : il propose un chat vid\u00e9o instantan\u00e9 en t\u00eate-\u00e0-t\u00eate avec des inconnus, associ\u00e9 \u00e0 une conception l\u00e9g\u00e8re et adapt\u00e9e aux mobiles qui facilite la mise en relation avec des personnes du monde entier.<\/p>\n<p>Mais qu'en est-il d'AirTALK en 2025 ? S'agit-il d'un v\u00e9ritable <a href=\"https:\/\/strangercam.com\/fr\/omegle\/\">Omegle<\/a> et apporte-t-il quelque chose de nouveau ? Dans cet article, nous allons explorer tout ce que vous devez savoir sur AirTALK : son objectif, ses caract\u00e9ristiques, son public, ses mesures de s\u00e9curit\u00e9, ses avantages et ses inconv\u00e9nients, et comment il se compare aux autres plateformes de chat vid\u00e9o al\u00e9atoire.<\/p>\n<h2>Qu'est-ce que AirTALK ?<\/h2>\n<p>AirTALK est une application et un site web de chat vid\u00e9o al\u00e9atoire qui permet aux utilisateurs de <a href=\"https:\/\/strangercam.com\/fr\/coomeet\/\">rencontrer<\/a> Les \u00e9trangers se rencontrent instantan\u00e9ment par le biais d'appels vid\u00e9o individuels en direct. Comme Omegle et <a href=\"https:\/\/strangercam.com\/fr\/chatroulette\/\">Chatroulette<\/a> Avant cela, AirTALK ne n\u00e9cessite pas de processus d'inscription compliqu\u00e9 : il suffit de taper pour commencer et vous \u00eates instantan\u00e9ment mis en relation avec quelqu'un de nouveau.<\/p>\n<p>L'accent est mis sur la simplicit\u00e9, l'anonymat et la rapidit\u00e9. Contrairement aux applications sociales o\u00f9 les profils et les algorithmes dominent, AirTALK se concentre sur l'interaction en direct et sans sc\u00e9nario. Le design est \u00e9l\u00e9gant, les temps de chargement sont rapides et l'optimisation mobile facilite l'utilisation en d\u00e9placement.<\/p>\n<h2>Quel est l'objectif d'AirTALK ?<\/h2>\n<p>La mission d'AirTALK est de rendre la communication mondiale facile et amusante. La plateforme existe pour les personnes qui :<\/p>\n<ul>\n<li>Vous voulez une alternative anonyme et sans fioritures \u00e0 Omegle ?<\/li>\n<li>Rencontrez des inconnus par chat vid\u00e9o en temps r\u00e9el<\/li>\n<li>Pr\u00e9f\u00e9rer les conversations rapides et spontan\u00e9es aux fils d'actualit\u00e9 sociale.<\/li>\n<li>Vous cherchez un moyen amusant, s\u00fbr et gratuit de lutter contre l'ennui ?<\/li>\n<\/ul>\n<p>Pensez \u00e0 AirTALK comme \u00e0 un lieu de rencontre virtuel o\u00f9 vous ne savez jamais qui vous allez rencontrer. C'est l'id\u00e9al pour discuter, pratiquer des langues, se faire des amis ou simplement profiter d'une interaction non sc\u00e9naris\u00e9e.<\/p>\n<h2>Caract\u00e9ristiques principales<\/h2>\n<p>1. Chat vid\u00e9o al\u00e9atoire instantan\u00e9<br \/>\nLa fonction principale est le chat vid\u00e9o en direct, en t\u00eate-\u00e0-t\u00eate. Vous \u00eates instantan\u00e9ment mis en relation avec un autre utilisateur en ligne pour une conversation priv\u00e9e. Pas de salle d'attente, pas de file d'attente, juste une mise en relation rapide.<\/p>\n<p>2. Bouton \"Skip\/Next\" (Sauter\/Suivant)<br \/>\nLa discussion ne vous pla\u00eet pas ? Appuyez sur \"Suivant\" pour passer instantan\u00e9ment \u00e0 autre chose. La fonction de saut permet de parcourir les conversations rapidement et en toute transparence.<\/p>\n<p>3. Option de chat textuel<br \/>\nAirTALK prend \u00e9galement en charge la messagerie textuelle en plus de la vid\u00e9o. Cette fonction est utile pour briser la glace, surmonter les barri\u00e8res linguistiques ou lorsque vous ne voulez pas allumer votre micro.<\/p>\n<p>4. Aucune inscription n'est requise<br \/>\nVous n'avez pas besoin de cr\u00e9er un compte ou de partager des informations personnelles. AirTALK est con\u00e7u pour l'anonymat, ce qui permet aux utilisateurs de se lancer directement dans le chat.<\/p>\n<p>5. Convivialit\u00e9 pour les mobiles et les ordinateurs de bureau<br \/>\nLa plateforme est con\u00e7ue selon une approche ax\u00e9e sur le mobile, mais fonctionne tout aussi bien sur ordinateur. Que ce soit sur votre t\u00e9l\u00e9phone ou votre ordinateur portable, l'interface s'adapte pour une exp\u00e9rience optimis\u00e9e.<\/p>\n<p>6. L\u00e9ger, design moderne<br \/>\nL'interface d'AirTALK est \u00e9pur\u00e9e et minimaliste. Les fen\u00eatres vid\u00e9o sont grandes et claires, et les commandes - saut, silence, rapport - sont faciles \u00e0 trouver.<\/p>\n<p>7. Outils de s\u00e9curit\u00e9 et de signalement<br \/>\nChaque chat comprend un bouton de signalement permettant aux utilisateurs de signaler les comportements inappropri\u00e9s. Des mod\u00e9rateurs et des filtres bas\u00e9s sur l'intelligence artificielle aident \u00e0 faire respecter les r\u00e8gles de la communaut\u00e9.<\/p>\n<h2>AirTALK est-il gratuit ?<\/h2>\n<p>Oui, AirTALK est enti\u00e8rement gratuit. Toutes les fonctions essentielles - chat vid\u00e9o, chat texte, saut et rapport - sont disponibles gratuitement.<\/p>\n<p>Il y en a :<\/p>\n<ul>\n<li>Pas d'abonnement<\/li>\n<li>Pas de syst\u00e8me de jetons<\/li>\n<li>Pas de murs payants cach\u00e9s<\/li>\n<\/ul>\n<p>La plateforme peut afficher de l\u00e9g\u00e8res publicit\u00e9s pour couvrir les co\u00fbts op\u00e9rationnels, mais celles-ci n'interf\u00e8rent pas avec l'exp\u00e9rience du chat.<\/p>\n<h2>Qui utilise AirTALK ?<\/h2>\n<p>AirTALK attire un public diversifi\u00e9 et international :<\/p>\n<ul>\n<li>Tranche d'\u00e2ge : Principalement 18-35 ans (strictement adultes, 18+ seulement)<\/li>\n<li>Types d'utilisateurs : \u00c9tudiants, jeunes professionnels, voyageurs et bavards occasionnels<\/li>\n<li>G\u00e9ographie : Populaire aux \u00c9tats-Unis, en Europe, en Am\u00e9rique du Sud, en Inde et en Asie du Sud-Est.<\/li>\n<li>Motivations : Rencontrer de nouveaux amis, pratiquer des langues, flirter, \u00e9changer des cultures ou simplement passer le temps.<\/li>\n<\/ul>\n<p>En raison de son lancement r\u00e9cent, le public d'AirTALK est plus jeune et plus au fait de la technologie, en particulier ceux qui utilisaient auparavant Omegle et qui cherchent maintenant d'autres solutions.<\/p>\n<h2>S\u00e9curit\u00e9, vie priv\u00e9e et mod\u00e9ration<\/h2>\n<p>AirTALK accorde une grande importance \u00e0 la s\u00e9curit\u00e9 et \u00e0 la confidentialit\u00e9 des utilisateurs.<\/p>\n<h3>Vie priv\u00e9e<\/h3>\n<ul>\n<li>Aucune donn\u00e9e personnelle, aucun courriel, aucun num\u00e9ro de t\u00e9l\u00e9phone n'est requis.<\/li>\n<li>Les chats ne sont ni enregistr\u00e9s ni stock\u00e9s<\/li>\n<li>Les utilisateurs restent anonymes \u00e0 moins qu'ils ne choisissent de partager des informations<\/li>\n<\/ul>\n<h3>La mod\u00e9ration<\/h3>\n<ul>\n<li>Signalement dans le chat : Signalez instantan\u00e9ment un comportement abusif ou inappropri\u00e9<\/li>\n<li>Filtres aliment\u00e9s par l'IA : D\u00e9tecter les contenus explicites et bloquer les contrevenants<\/li>\n<li>Mod\u00e9ration humaine : Examiner les rapports et appliquer les interdictions aux r\u00e9cidivistes<\/li>\n<\/ul>\n<h3>Conseils de s\u00e9curit\u00e9<\/h3>\n<ul>\n<li>Ne communiquez pas de donn\u00e9es sensibles (nom, adresse, r\u00e9seaux sociaux).<\/li>\n<li>Mettre fin \u00e0 toute discussion qui vous met mal \u00e0 l'aise<\/li>\n<li>Utilisez \"Skip\" et \"Report\" pour que votre exp\u00e9rience reste positive.<\/li>\n<\/ul>\n<h2>Exp\u00e9rience et conception des utilisateurs<\/h2>\n<p>AirTALK offre une exp\u00e9rience utilisateur fluide et agr\u00e9able :<\/p>\n<ul>\n<li>Page d'accueil : Mise en page simple avec un grand bouton \"Start Chat\" et des lignes directrices pour la communaut\u00e9.<\/li>\n<li>Interface de chat vid\u00e9o : Fen\u00eatres vid\u00e9o nettes avec commandes intuitives de saut et de mise en sourdine<\/li>\n<li>Optimisation mobile : Fonctionne rapidement sur les t\u00e9l\u00e9phones, avec une conception r\u00e9active pour toutes les tailles d'\u00e9cran.<\/li>\n<li>Performance : Un d\u00e9calage minimal, des temps de chargement rapides et des transitions transparentes entre les chats.<\/li>\n<\/ul>\n<p>Compar\u00e9 aux anciens sites de discussion al\u00e9atoire, AirTALK est l\u00e9ger, moderne et soign\u00e9.<\/p>\n<h2>AirTALK vs. autres plateformes de chat al\u00e9atoire<\/h2>\n<p>Comment AirTALK se compare-t-il aux autres solutions Omegle ?<\/p>\n<table>\n<thead>\n<tr>\n<th>Fonctionnalit\u00e9<\/th>\n<th>AirTALK<\/th>\n<th>Omegle (ferm\u00e9)<\/th>\n<th>Ohmegle<\/th>\n<th>Lotta<\/th>\n<th>MatchPub<\/th>\n<th><a href=\"https:\/\/strangercam.com\/fr\/ometv\/\">OmeTV<\/a><\/th>\n<th>Chato<\/th>\n<\/tr>\n<\/thead>\n<tbody>\n<tr>\n<td>Chat vid\u00e9o<\/td>\n<td>Oui<\/td>\n<td>Oui<\/td>\n<td>Oui<\/td>\n<td>Oui<\/td>\n<td>Oui<\/td>\n<td>Oui<\/td>\n<td>Oui<\/td>\n<\/tr>\n<tr>\n<td>Chat textuel<\/td>\n<td>Oui<\/td>\n<td>Oui<\/td>\n<td>Oui<\/td>\n<td>Oui<\/td>\n<td>Oui<\/td>\n<td>Oui<\/td>\n<td>Oui<\/td>\n<\/tr>\n<tr>\n<td>Inscription n\u00e9cessaire<\/td>\n<td>Non<\/td>\n<td>Non<\/td>\n<td>Non<\/td>\n<td>Non<\/td>\n<td>Non<\/td>\n<td>Non<\/td>\n<td>Non<\/td>\n<\/tr>\n<tr>\n<td>Support mobile<\/td>\n<td>Excellent<\/td>\n<td>Pauvre<\/td>\n<td>Excellent<\/td>\n<td>Excellent<\/td>\n<td>Excellent<\/td>\n<td>Bon<\/td>\n<td>Excellent<\/td>\n<\/tr>\n<tr>\n<td>Filtres de genre\/r\u00e9gion<\/td>\n<td>Non<\/td>\n<td>Non<\/td>\n<td>Non<\/td>\n<td>Non<\/td>\n<td>Non<\/td>\n<td>Pay\u00e9<\/td>\n<td>Non<\/td>\n<\/tr>\n<tr>\n<td>Outils de mod\u00e9ration<\/td>\n<td>Fort<\/td>\n<td>Faible<\/td>\n<td>Mod\u00e9r\u00e9<\/td>\n<td>Bon<\/td>\n<td>Bon<\/td>\n<td>Fort<\/td>\n<td>Bon<\/td>\n<\/tr>\n<tr>\n<td>Utilisation gratuite<\/td>\n<td>Oui<\/td>\n<td>Oui<\/td>\n<td>Oui<\/td>\n<td>Oui<\/td>\n<td>Oui<\/td>\n<td>Oui\/Pay\u00e9<\/td>\n<td>Oui<\/td>\n<\/tr>\n<\/tbody>\n<\/table>\n<p>R\u00e9sum\u00e9 : AirTALK est le plus proche de Lotta, MatchPub et Chato : rapide, simple, gratuit et anonyme. Contrairement \u00e0 OmeTV, il n'offre pas de filtres premium, mais son design \u00e9pur\u00e9 et sa prise en charge mobile fluide le distinguent.<\/p>\n<h2>Avantages et inconv\u00e9nients<\/h2>\n<p>Pour :<\/p>\n<ul>\n<li>Gratuit et anonyme, aucune inscription n'est requise<\/li>\n<li>Connexions vid\u00e9o et textuelles rapides et fluides<\/li>\n<li>Interface l\u00e9g\u00e8re et moderne<\/li>\n<li>Conception optimis\u00e9e pour les mobiles<\/li>\n<li>Une base d'utilisateurs mondiale et diversifi\u00e9e<\/li>\n<li>Fonctionnalit\u00e9s efficaces de saut et de rapport<\/li>\n<\/ul>\n<p>Cons :<\/p>\n<ul>\n<li>Pas de filtres de genre ou de localisation<\/li>\n<li>Exposition occasionnelle \u00e0 un comportement inappropri\u00e9 (commun \u00e0 tous les sites de chat anonymes)<\/li>\n<li>Plus d'utilisateurs masculins que f\u00e9minins<\/li>\n<li>Pas de profils d'utilisateurs, de listes d'amis ou de possibilit\u00e9 de reprendre contact avec d'anciens utilisateurs.<\/li>\n<li>La communaut\u00e9 s'agrandit encore par rapport \u00e0 d'autres solutions plus importantes<\/li>\n<\/ul>\n<h2>Cas d'utilisation id\u00e9aux<\/h2>\n<p>AirTALK est parfait pour :<\/p>\n<ul>\n<li>Les fans de Omegle et Chatroulette \u00e0 la recherche d'un rempla\u00e7ant moderne<\/li>\n<li>Personnes recherchant des conversations rapides et anonymes sans inscription<\/li>\n<li>Les \u00e9tudiants et les voyageurs qui aiment les \u00e9changes culturels<\/li>\n<li>Les apprenants de langues s'exercent avec de vraies personnes dans le monde entier<\/li>\n<li>Les utilisateurs mobiles veulent des conversations vid\u00e9o fluides et mobiles<\/li>\n<\/ul>\n<p>Moins id\u00e9al pour :<\/p>\n<ul>\n<li>Utilisateurs de moins de 18 ans (r\u00e9serv\u00e9s aux adultes)<\/li>\n<li>Ceux qui recherchent des filtres ax\u00e9s sur les rencontres ou des jumelages cibl\u00e9s<\/li>\n<li>Les personnes qui souhaitent avoir des contacts \u00e0 long terme ou des listes d'amis<\/li>\n<\/ul>\n<p>AirTALK est l'une des nouvelles alternatives Omegle les plus prometteuses en 2025. Il propose des chats vid\u00e9o rapides, anonymes et gratuits, dans un format propre et adapt\u00e9 aux t\u00e9l\u00e9phones portables. Gr\u00e2ce \u00e0 de solides protections de la vie priv\u00e9e et \u00e0 des outils de rapport faciles \u00e0 utiliser, il semble plus s\u00fbr et plus perfectionn\u00e9 que de nombreuses plateformes plus anciennes.<\/p>\n<p>Si vous cherchez un moyen moderne et fiable de discuter avec des inconnus dans le monde entier, que ce soit pour vous amuser, pratiquer une langue ou avoir une conversation d\u00e9contract\u00e9e, AirTALK vaut vraiment la peine d'\u00eatre essay\u00e9.<\/p>","protected":false},"excerpt":{"rendered":"<p>The demand for fast, anonymous, and spontaneous video chat platforms has grown rapidly since Omegle\u2019s shutdown. New apps and websites are racing to become the next big destination for random conversations. AirTALK is one of the fresh names in this space\u2014offering instant one-on-one video chat with strangers, combined with a lightweight, mobile-friendly design that makes [&hellip;]<\/p>\n","protected":false},"author":6,"featured_media":0,"parent":0,"menu_order":0,"comment_status":"closed","ping_status":"closed","template":"","meta":{"footnotes":""},"class_list":["post-13024","page","type-page","status-publish","hentry"],"yoast_head":"<!-- This site is optimized with the Yoast SEO plugin v27.4 - https:\/\/yoast.com\/product\/yoast-seo-wordpress\/ -->\n<title>AirTALK - Voice Call with Strangers - StrangerCam.com<\/title>\n<meta name=\"description\" content=\"Like AirTALK? Come chat with more than 5.000.000 strangers on Strangercam for Free! Turn on your cam and find new friends &amp; maby a match!\" \/>\n<meta name=\"robots\" content=\"index, follow, max-snippet:-1, max-image-preview:large, max-video-preview:-1\" \/>\n<link rel=\"canonical\" href=\"https:\/\/strangercam.com\/fr\/dialogue-aerien\/\" \/>\n<meta property=\"og:locale\" content=\"fr_FR\" \/>\n<meta property=\"og:type\" content=\"article\" \/>\n<meta property=\"og:title\" content=\"AirTALK - Voice Call with Strangers - StrangerCam.com\" \/>\n<meta property=\"og:description\" content=\"Like AirTALK? Come chat with more than 5.000.000 strangers on Strangercam for Free! Turn on your cam and find new friends &amp; maby a match!\" \/>\n<meta property=\"og:url\" content=\"https:\/\/strangercam.com\/fr\/dialogue-aerien\/\" \/>\n<meta property=\"og:site_name\" content=\"Strangercam\" \/>\n<meta property=\"article:publisher\" content=\"https:\/\/www.facebook.com\/strangercam\" \/>\n<meta property=\"article:modified_time\" content=\"2025-09-10T09:58:57+00:00\" \/>\n<meta property=\"og:image\" content=\"https:\/\/strangercam.com\/wp-content\/uploads\/2021\/10\/Untitled-2.png\" \/>\n\t<meta property=\"og:image:width\" content=\"800\" \/>\n\t<meta property=\"og:image:height\" content=\"532\" \/>\n\t<meta property=\"og:image:type\" content=\"image\/png\" \/>\n<meta name=\"twitter:card\" content=\"summary_large_image\" \/>\n<meta name=\"twitter:site\" content=\"@strangercamapp\" \/>\n<meta name=\"twitter:label1\" content=\"Dur\u00e9e de lecture estim\u00e9e\" \/>\n\t<meta name=\"twitter:data1\" content=\"5 minutes\" \/>\n<script type=\"application\/ld+json\" class=\"yoast-schema-graph\">{\"@context\":\"https:\\\/\\\/schema.org\",\"@graph\":[{\"@type\":\"WebPage\",\"@id\":\"https:\\\/\\\/strangercam.com\\\/airtalk\\\/\",\"url\":\"https:\\\/\\\/strangercam.com\\\/airtalk\\\/\",\"name\":\"AirTALK - Voice Call with Strangers - StrangerCam.com\",\"isPartOf\":{\"@id\":\"https:\\\/\\\/strangercam.com\\\/#website\"},\"datePublished\":\"2025-09-10T09:58:44+00:00\",\"dateModified\":\"2025-09-10T09:58:57+00:00\",\"description\":\"Like AirTALK? Come chat with more than 5.000.000 strangers on Strangercam for Free! Turn on your cam and find new friends & maby a match!\",\"breadcrumb\":{\"@id\":\"https:\\\/\\\/strangercam.com\\\/airtalk\\\/#breadcrumb\"},\"inLanguage\":\"fr-FR\",\"potentialAction\":[{\"@type\":\"ReadAction\",\"target\":[\"https:\\\/\\\/strangercam.com\\\/airtalk\\\/\"]}]},{\"@type\":\"BreadcrumbList\",\"@id\":\"https:\\\/\\\/strangercam.com\\\/airtalk\\\/#breadcrumb\",\"itemListElement\":[{\"@type\":\"ListItem\",\"position\":1,\"name\":\"Home\",\"item\":\"https:\\\/\\\/strangercam.com\\\/\"},{\"@type\":\"ListItem\",\"position\":2,\"name\":\"AirTALK\"}]},{\"@type\":\"WebSite\",\"@id\":\"https:\\\/\\\/strangercam.com\\\/#website\",\"url\":\"https:\\\/\\\/strangercam.com\\\/\",\"name\":\"Strangercam\",\"description\":\"Random Video Chat with Strangers\",\"publisher\":{\"@id\":\"https:\\\/\\\/strangercam.com\\\/#organization\"},\"alternateName\":\"Strangercam.com\",\"potentialAction\":[{\"@type\":\"SearchAction\",\"target\":{\"@type\":\"EntryPoint\",\"urlTemplate\":\"https:\\\/\\\/strangercam.com\\\/?s={search_term_string}\"},\"query-input\":{\"@type\":\"PropertyValueSpecification\",\"valueRequired\":true,\"valueName\":\"search_term_string\"}}],\"inLanguage\":\"fr-FR\"},{\"@type\":\"Organization\",\"@id\":\"https:\\\/\\\/strangercam.com\\\/#organization\",\"name\":\"Strangercam\",\"alternateName\":\"Strangercam.com\",\"url\":\"https:\\\/\\\/strangercam.com\\\/\",\"logo\":{\"@type\":\"ImageObject\",\"inLanguage\":\"fr-FR\",\"@id\":\"https:\\\/\\\/strangercam.com\\\/#\\\/schema\\\/logo\\\/image\\\/\",\"url\":\"https:\\\/\\\/strangercam.com\\\/wp-content\\\/uploads\\\/2020\\\/11\\\/cropped-new-favicon-black.png\",\"contentUrl\":\"https:\\\/\\\/strangercam.com\\\/wp-content\\\/uploads\\\/2020\\\/11\\\/cropped-new-favicon-black.png\",\"width\":512,\"height\":512,\"caption\":\"Strangercam\"},\"image\":{\"@id\":\"https:\\\/\\\/strangercam.com\\\/#\\\/schema\\\/logo\\\/image\\\/\"},\"sameAs\":[\"https:\\\/\\\/www.facebook.com\\\/strangercam\",\"https:\\\/\\\/x.com\\\/strangercamapp\"]}]}<\/script>\n<!-- \/ Yoast SEO plugin. -->","yoast_head_json":{"title":"AirTALK - Appel vocal avec des inconnus - StrangerCam.com","description":"Vous aimez AirTALK ? Venez discuter avec plus de 5.000.000 d'inconnus sur Strangercam gratuitement ! Allume ta cam\u00e9ra et trouve de nouveaux amis et peut-\u00eatre un partenaire !","robots":{"index":"index","follow":"follow","max-snippet":"max-snippet:-1","max-image-preview":"max-image-preview:large","max-video-preview":"max-video-preview:-1"},"canonical":"https:\/\/strangercam.com\/fr\/dialogue-aerien\/","og_locale":"fr_FR","og_type":"article","og_title":"AirTALK - Voice Call with Strangers - StrangerCam.com","og_description":"Like AirTALK? Come chat with more than 5.000.000 strangers on Strangercam for Free! Turn on your cam and find new friends & maby a match!","og_url":"https:\/\/strangercam.com\/fr\/dialogue-aerien\/","og_site_name":"Strangercam","article_publisher":"https:\/\/www.facebook.com\/strangercam","article_modified_time":"2025-09-10T09:58:57+00:00","og_image":[{"width":800,"height":532,"url":"https:\/\/strangercam.com\/wp-content\/uploads\/2021\/10\/Untitled-2.png","type":"image\/png"}],"twitter_card":"summary_large_image","twitter_site":"@strangercamapp","twitter_misc":{"Dur\u00e9e de lecture estim\u00e9e":"5 minutes"},"schema":{"@context":"https:\/\/schema.org","@graph":[{"@type":"WebPage","@id":"https:\/\/strangercam.com\/airtalk\/","url":"https:\/\/strangercam.com\/airtalk\/","name":"AirTALK - Appel vocal avec des inconnus - StrangerCam.com","isPartOf":{"@id":"https:\/\/strangercam.com\/#website"},"datePublished":"2025-09-10T09:58:44+00:00","dateModified":"2025-09-10T09:58:57+00:00","description":"Vous aimez AirTALK ? Venez discuter avec plus de 5.000.000 d'inconnus sur Strangercam gratuitement ! Allume ta cam\u00e9ra et trouve de nouveaux amis et peut-\u00eatre un partenaire !","breadcrumb":{"@id":"https:\/\/strangercam.com\/airtalk\/#breadcrumb"},"inLanguage":"fr-FR","potentialAction":[{"@type":"ReadAction","target":["https:\/\/strangercam.com\/airtalk\/"]}]},{"@type":"BreadcrumbList","@id":"https:\/\/strangercam.com\/airtalk\/#breadcrumb","itemListElement":[{"@type":"ListItem","position":1,"name":"Home","item":"https:\/\/strangercam.com\/"},{"@type":"ListItem","position":2,"name":"AirTALK"}]},{"@type":"WebSite","@id":"https:\/\/strangercam.com\/#website","url":"https:\/\/strangercam.com\/","name":"Strangercam","description":"Chat vid\u00e9o al\u00e9atoire avec des inconnus","publisher":{"@id":"https:\/\/strangercam.com\/#organization"},"alternateName":"Strangercam.com","potentialAction":[{"@type":"SearchAction","target":{"@type":"EntryPoint","urlTemplate":"https:\/\/strangercam.com\/?s={search_term_string}"},"query-input":{"@type":"PropertyValueSpecification","valueRequired":true,"valueName":"search_term_string"}}],"inLanguage":"fr-FR"},{"@type":"Organization","@id":"https:\/\/strangercam.com\/#organization","name":"Strangercam","alternateName":"Strangercam.com","url":"https:\/\/strangercam.com\/","logo":{"@type":"ImageObject","inLanguage":"fr-FR","@id":"https:\/\/strangercam.com\/#\/schema\/logo\/image\/","url":"https:\/\/strangercam.com\/wp-content\/uploads\/2020\/11\/cropped-new-favicon-black.png","contentUrl":"https:\/\/strangercam.com\/wp-content\/uploads\/2020\/11\/cropped-new-favicon-black.png","width":512,"height":512,"caption":"Strangercam"},"image":{"@id":"https:\/\/strangercam.com\/#\/schema\/logo\/image\/"},"sameAs":["https:\/\/www.facebook.com\/strangercam","https:\/\/x.com\/strangercamapp"]}]}},"_links":{"self":[{"href":"https:\/\/strangercam.com\/fr\/wp-json\/wp\/v2\/pages\/13024","targetHints":{"allow":["GET"]}}],"collection":[{"href":"https:\/\/strangercam.com\/fr\/wp-json\/wp\/v2\/pages"}],"about":[{"href":"https:\/\/strangercam.com\/fr\/wp-json\/wp\/v2\/types\/page"}],"author":[{"embeddable":true,"href":"https:\/\/strangercam.com\/fr\/wp-json\/wp\/v2\/users\/6"}],"replies":[{"embeddable":true,"href":"https:\/\/strangercam.com\/fr\/wp-json\/wp\/v2\/comments?post=13024"}],"version-history":[{"count":1,"href":"https:\/\/strangercam.com\/fr\/wp-json\/wp\/v2\/pages\/13024\/revisions"}],"predecessor-version":[{"id":13025,"href":"https:\/\/strangercam.com\/fr\/wp-json\/wp\/v2\/pages\/13024\/revisions\/13025"}],"wp:attachment":[{"href":"https:\/\/strangercam.com\/fr\/wp-json\/wp\/v2\/media?parent=13024"}],"curies":[{"name":"wp","href":"https:\/\/api.w.org\/{rel}","templated":true}]}}