{"id":13020,"date":"2025-09-10T11:53:09","date_gmt":"2025-09-10T09:53:09","guid":{"rendered":"https:\/\/strangercam.com\/?page_id=13020"},"modified":"2025-09-10T11:53:09","modified_gmt":"2025-09-10T09:53:09","slug":"chato","status":"publish","type":"page","link":"https:\/\/strangercam.com\/fr\/chato\/","title":{"rendered":"Chato"},"content":{"rendered":"<p>Avec <a href=\"https:\/\/strangercam.com\/fr\/omegle\/\">Omegle<\/a> Depuis, une vague de nouvelles plateformes est apparue pour combler le vide pour les personnes qui souhaitent toujours avoir des conversations anonymes et al\u00e9atoires avec des inconnus en ligne. Chato est l'un des nouveaux concurrents en 2025, se positionnant comme une alternative rapide, gratuite et adapt\u00e9e aux mobiles Omegle. Son objectif est simple : la vid\u00e9o en t\u00eate-\u00e0-t\u00eate <a href=\"https:\/\/strangercam.com\/fr\/chathub\/\">chat<\/a> avec des inconnus, sans qu'il soit n\u00e9cessaire de s'inscrire, de t\u00e9l\u00e9charger ou d'utiliser des fonctions compliqu\u00e9es.<\/p>\n<p>Mais Chato tient-il sa promesse d'\u00eatre un site de chat al\u00e9atoire de premier plan ? Dans quelle mesure est-il s\u00fbr, qui l'utilise et comment se compare-t-il \u00e0 d'autres alternatives comme Lotta, Ohmegle et MatchPub ? Dans cet article, nous vous pr\u00e9sentons tout ce que vous devez savoir sur Chato avant de vous lancer.<\/p>\n<h2>Qu'est-ce que Chato ?<\/h2>\n<p>Chato est un site de chat vid\u00e9o al\u00e9atoire bas\u00e9 sur un navigateur qui met en relation des inconnus du monde entier pour des conversations priv\u00e9es, en direct et en face \u00e0 face. Comme Omegle, il ne n\u00e9cessite aucune inscription. Il vous suffit de cliquer sur \"D\u00e9marrer\", d'autoriser votre cam\u00e9ra et votre microphone et d'\u00eatre mis en relation instantan\u00e9ment avec quelqu'un de nouveau.<\/p>\n<p>La plateforme met l'accent sur la simplicit\u00e9 et la rapidit\u00e9, en privil\u00e9giant les conversations plut\u00f4t que les fonctionnalit\u00e9s. Le design moderne de Chato et ses performances mobiles fluides en font une option attrayante pour les utilisateurs fatigu\u00e9s des sites encombrants et obsol\u00e8tes.<\/p>\n<h2>Quel est l'objectif du Chato ?<\/h2>\n<p>La mission de Chato est de recr\u00e9er le plaisir des conversations anonymes en ligne qui ont rendu Omegle c\u00e9l\u00e8bre, tout en am\u00e9liorant la convivialit\u00e9 et la s\u00e9curit\u00e9. Ses objectifs sont les suivants :<\/p>\n<ul>\n<li>Fournir des chats spontan\u00e9s en t\u00eate-\u00e0-t\u00eate sans demander d'informations personnelles<\/li>\n<li>Offrir une plateforme gratuite et facile d'acc\u00e8s qui fonctionne instantan\u00e9ment sur ordinateur ou sur mobile<\/li>\n<li>Cr\u00e9er un environnement convivial et s\u00fbr pour que les utilisateurs du monde entier puissent <a href=\"https:\/\/strangercam.com\/fr\/coomeet\/\">rencontrer<\/a> nouvelles personnes<\/li>\n<li>Donner aux utilisateurs la libert\u00e9 de sauter, de passer \u00e0 autre chose ou de rester aussi longtemps qu'ils le souhaitent.<\/li>\n<\/ul>\n<p>Que vous cherchiez \u00e0 vous faire des amis, \u00e0 pratiquer des langues, \u00e0 flirter ou simplement \u00e0 vous ennuyer, Chato offre un espace l\u00e9ger pour entrer en contact avec des inconnus.<\/p>\n<h2>Caract\u00e9ristiques principales<\/h2>\n<p>1. Chat vid\u00e9o al\u00e9atoire instantan\u00e9<br \/>\nLe c\u0153ur de Chato, ce sont les conversations priv\u00e9es, en t\u00eate-\u00e0-t\u00eate, de cam\u00e9ra \u00e0 cam\u00e9ra. Les rencontres sont instantan\u00e9es, sans file d'attente ni d\u00e9lai, ce qui permet des rencontres rapides.<\/p>\n<p>2. Bouton \"Skip\/Next\" (Sauter\/Suivant)<br \/>\nLa discussion ne vous pla\u00eet pas ? Appuyez sur \"Suivant\" pour passer instantan\u00e9ment \u00e0 un autre utilisateur. Ce m\u00e9canisme de cycle rapide rend les choses amusantes et dynamiques.<\/p>\n<p>3. Option de chat textuel<br \/>\nEn plus de la vid\u00e9o, Chato inclut la messagerie texte pendant les sessions. Elle est utile pour briser la glace, surmonter les barri\u00e8res linguistiques ou discuter tranquillement sans audio.<\/p>\n<p>4. Pas d'inscription n\u00e9cessaire<br \/>\nChato ne n\u00e9cessite pas de compte, d'email ou de num\u00e9ro de t\u00e9l\u00e9phone. L'exp\u00e9rience reste ainsi totalement anonyme et sans probl\u00e8me.<\/p>\n<p>5. Compatibilit\u00e9 avec les t\u00e9l\u00e9phones portables et les ordinateurs de bureau<br \/>\nLa plateforme est optimis\u00e9e pour tous les appareils. Que vous soyez sur un ordinateur portable ou un smartphone, Chato se charge rapidement et fonctionne de mani\u00e8re fluide.<\/p>\n<p>6. Outils de rapport et de blocage<br \/>\nChato inclut un bouton de rapport dans chaque chat, permettant aux utilisateurs de signaler les comportements abusifs ou inappropri\u00e9s. Des outils de blocage permettent d'\u00e9viter les rencontres r\u00e9p\u00e9t\u00e9es avec des utilisateurs perturbateurs.<\/p>\n<p>7. L\u00e9ger, design minimal<br \/>\nL'interface est moderne et sans distraction. Avec de grandes fen\u00eatres vid\u00e9o et des commandes simples, l'accent est mis sur la conversation.<\/p>\n<h2>Chato est-il libre ?<\/h2>\n<p>Oui, Chato est 100% gratuit. Contrairement \u00e0 certains concurrents, il ne cache pas de fonctionnalit\u00e9s derri\u00e8re des abonnements ou des jetons.<\/p>\n<p>Vous pouvez :<\/p>\n<ul>\n<li>D\u00e9marrer des chats illimit\u00e9s avec des inconnus<\/li>\n<li>Utiliser le chat textuel en m\u00eame temps que la vid\u00e9o<\/li>\n<li>Sauter et rendre compte aussi souvent que n\u00e9cessaire<\/li>\n<li>Acc\u00e9der \u00e0 la plateforme \u00e0 partir d'un t\u00e9l\u00e9phone portable ou d'un ordinateur de bureau<\/li>\n<\/ul>\n<p>Le site peut contenir de l\u00e9g\u00e8res publicit\u00e9s pour soutenir les op\u00e9rations, mais il n'y a pas de frais cach\u00e9s ou de fonctions payantes.<\/p>\n<h2>Qui utilise Chato ?<\/h2>\n<p>Le public de Chato est tr\u00e8s vari\u00e9, les utilisateurs se connectant dans le monde entier :<\/p>\n<ul>\n<li>\u00c2ge : Principalement 18-35 ans (strictement 18+)<\/li>\n<li>Localisation : Utilisateurs actifs aux \u00c9tats-Unis, au Royaume-Uni, en Europe, en Inde, au Br\u00e9sil et en Asie du Sud-Est<\/li>\n<li>Motivations : Rencontrer de nouveaux amis, flirter, pratiquer la langue ou simplement passer le temps.<\/li>\n<\/ul>\n<p>En raison de son accessibilit\u00e9 et de sa gratuit\u00e9, Chato tend \u00e0 attirer un large \u00e9ventail de personnalit\u00e9s. Comme la plupart des sites de chat al\u00e9atoire, la base d'utilisateurs est plut\u00f4t masculine, bien que la participation f\u00e9minine augmente au fur et \u00e0 mesure que la mod\u00e9ration s'am\u00e9liore.<\/p>\n<h2>S\u00e9curit\u00e9, vie priv\u00e9e et mod\u00e9ration<\/h2>\n<p>Chato \u00e9quilibre l'anonymat avec des fonctions de s\u00e9curit\u00e9 afin de fournir un environnement s\u00e9curis\u00e9 aux utilisateurs :<\/p>\n<h3>Vie priv\u00e9e<\/h3>\n<ul>\n<li>Pas d'inscription ni de donn\u00e9es personnelles requises<\/li>\n<li>Les chats ne sont pas sauvegard\u00e9s ou enregistr\u00e9s<\/li>\n<li>L'acc\u00e8s \u00e0 la webcam et au microphone est temporaire et toujours sous le contr\u00f4le de l'utilisateur.<\/li>\n<\/ul>\n<h3>La mod\u00e9ration<\/h3>\n<ul>\n<li>Signalement dans le chat pour signaler les utilisateurs abusifs ou offensants<\/li>\n<li>Contr\u00f4le des contenus pilot\u00e9 par l'IA pour r\u00e9duire les contenus explicites ou pr\u00e9judiciables<\/li>\n<li>La mod\u00e9ration humaine pour faire respecter les interdictions \u00e0 l'encontre des contrevenants<\/li>\n<\/ul>\n<h3>Conseils pour une utilisation s\u00fbre<\/h3>\n<ul>\n<li>\u00c9viter de communiquer des informations personnelles (nom, adresse, m\u00e9dias sociaux)<\/li>\n<li>Utilisez \"Skip\" et \"Report\" chaque fois que vous vous sentez mal \u00e0 l'aise.<\/li>\n<li>Traiter les interactions comme temporaires et anonymes<\/li>\n<\/ul>\n<h2>Exp\u00e9rience et conception des utilisateurs<\/h2>\n<p>Chato est con\u00e7u pour \u00eatre simple et rapide :<\/p>\n<ul>\n<li>Page d'accueil : Elle comporte un bouton \"Start Chat\" en gras et des informations rapides sur les r\u00e8gles et la protection de la vie priv\u00e9e.<\/li>\n<li>Interface vid\u00e9o : De grandes fen\u00eatres vid\u00e9o claires avec des commandes intuitives pour le saut, la mise en sourdine et les rapports.<\/li>\n<li>Performance : Transitions fluides entre les chats avec un d\u00e9calage minimal<\/li>\n<li>Exp\u00e9rience mobile : Optimis\u00e9 pour les petits \u00e9crans, convivial et rapide \u00e0 charger<\/li>\n<\/ul>\n<p>Contrairement aux sites plus anciens, Chato \u00e9vite l'encombrement, les publicit\u00e9s excessives ou les menus d\u00e9routants, ce qui rend l'exp\u00e9rience l\u00e9g\u00e8re et agr\u00e9able.<\/p>\n<h2>Chato vs. autres plateformes de chat vid\u00e9o al\u00e9atoire<\/h2>\n<p>Comment Chato se compare-t-il aux autres sites de type Omegle ?<\/p>\n<table>\n<thead>\n<tr>\n<th>Fonctionnalit\u00e9<\/th>\n<th>Chato<\/th>\n<th>Omegle (ferm\u00e9)<\/th>\n<th>Ohmegle<\/th>\n<th>Lotta<\/th>\n<th>MatchPub<\/th>\n<th><a href=\"https:\/\/strangercam.com\/fr\/ometv\/\">OmeTV<\/a><\/th>\n<\/tr>\n<\/thead>\n<tbody>\n<tr>\n<td>Chat vid\u00e9o<\/td>\n<td>Oui<\/td>\n<td>Oui<\/td>\n<td>Oui<\/td>\n<td>Oui<\/td>\n<td>Oui<\/td>\n<td>Oui<\/td>\n<\/tr>\n<tr>\n<td>Chat textuel<\/td>\n<td>Oui<\/td>\n<td>Oui<\/td>\n<td>Oui<\/td>\n<td>Oui<\/td>\n<td>Oui<\/td>\n<td>Oui<\/td>\n<\/tr>\n<tr>\n<td>Inscription n\u00e9cessaire<\/td>\n<td>Non<\/td>\n<td>Non<\/td>\n<td>Non<\/td>\n<td>Non<\/td>\n<td>Non<\/td>\n<td>Non<\/td>\n<\/tr>\n<tr>\n<td>Support mobile<\/td>\n<td>Excellent<\/td>\n<td>Pauvre<\/td>\n<td>Excellent<\/td>\n<td>Excellent<\/td>\n<td>Excellent<\/td>\n<td>Bon<\/td>\n<\/tr>\n<tr>\n<td>Filtres de genre\/r\u00e9gion<\/td>\n<td>Non<\/td>\n<td>Non<\/td>\n<td>Non<\/td>\n<td>Non<\/td>\n<td>Non<\/td>\n<td>Pay\u00e9<\/td>\n<\/tr>\n<tr>\n<td>Outils de mod\u00e9ration<\/td>\n<td>Bon<\/td>\n<td>Faible<\/td>\n<td>Mod\u00e9r\u00e9<\/td>\n<td>Bon<\/td>\n<td>Bon<\/td>\n<td>Fort<\/td>\n<\/tr>\n<tr>\n<td>Utilisation gratuite<\/td>\n<td>Oui<\/td>\n<td>Oui<\/td>\n<td>Oui<\/td>\n<td>Oui<\/td>\n<td>Oui<\/td>\n<td>Oui\/Pay\u00e9<\/td>\n<\/tr>\n<\/tbody>\n<\/table>\n<p>R\u00e9sum\u00e9 : Chato est le plus proche dans l'esprit de Lotta et MatchPub - rapide, gratuit, anonyme et l\u00e9ger. Bien qu'il n'offre pas de filtres avanc\u00e9s comme OmeTV, il excelle en termes de facilit\u00e9 d'utilisation et de performances mobiles.<\/p>\n<h2>Avantages et inconv\u00e9nients<\/h2>\n<p>Pour :<\/p>\n<ul>\n<li>100% gratuit, sans inscription pr\u00e9alable<\/li>\n<li>Exp\u00e9rience de chat enti\u00e8rement anonyme<\/li>\n<li>Correspondance et transitions rapides et fluides<\/li>\n<li>Interface moderne et optimis\u00e9e pour les mobiles<\/li>\n<li>Outils simples de saut et de rapport<\/li>\n<li>Une base d'utilisateurs internationale et diversifi\u00e9e<\/li>\n<\/ul>\n<p>Cons :<\/p>\n<ul>\n<li>Pas de filtres de genre ou de localisation<\/li>\n<li>Exposition occasionnelle \u00e0 un comportement inappropri\u00e9 (commun \u00e0 toutes les plateformes anonymes)<\/li>\n<li>Plus d'utilisateurs masculins que f\u00e9minins<\/li>\n<li>Pas de profils, de listes d'amis ou de fonctions de mise en relation<\/li>\n<li>La base d'utilisateurs est encore en construction par rapport aux alternatives plus anciennes<\/li>\n<\/ul>\n<h2>Cas d'utilisation id\u00e9aux<\/h2>\n<p>Chato est parfait pour :<\/p>\n<ul>\n<li>Ventilateurs de Omegle et <a href=\"https:\/\/strangercam.com\/fr\/chatroulette\/\">Chatroulette<\/a> \u00e0 la recherche d'un rempla\u00e7ant moderne<\/li>\n<li>Personnes souhaitant discuter rapidement et anonymement sans s'inscrire<\/li>\n<li>\u00c9tudiants, voyageurs et apprenants de langues int\u00e9ress\u00e9s par les \u00e9changes culturels<\/li>\n<li>Adultes \u00e0 la recherche d'interactions spontan\u00e9es et d\u00e9contract\u00e9es dans le monde entier<\/li>\n<li>Les utilisateurs mobiles qui veulent une exp\u00e9rience fluide et fiable en d\u00e9placement<\/li>\n<\/ul>\n<p>Moins id\u00e9al pour :<\/p>\n<ul>\n<li>Utilisateurs de moins de 18 ans (r\u00e9serv\u00e9s aux adultes)<\/li>\n<li>Ceux qui souhaitent des filtres avanc\u00e9s pour les rencontres ou l'appariement<\/li>\n<li>Personnes \u00e0 la recherche de profils ou de connexions \u00e0 long terme<\/li>\n<\/ul>\n<p>Chato est l'une des nouvelles alternatives Omegle les plus prometteuses en 2025, offrant des chats vid\u00e9o rapides et anonymes dans un format moderne et convivial. Son mod\u00e8le gratuit et sans inscription permet de rester accessible, tandis que des outils de confidentialit\u00e9 et de signalement solides contribuent \u00e0 cr\u00e9er un environnement plus s\u00fbr que les sites plus anciens.<\/p>\n<p>Si vous cherchez une plateforme l\u00e9g\u00e8re et facile \u00e0 utiliser pour rencontrer des inconnus dans le monde entier - que ce soit pour le plaisir, l'amiti\u00e9 ou le flirt occasionnel - Chato vaut absolument la peine d'\u00eatre essay\u00e9. Il permet de retrouver la spontan\u00e9it\u00e9 de Omegle tout en actualisant l'exp\u00e9rience pour les utilisateurs d'aujourd'hui.<\/p>","protected":false},"excerpt":{"rendered":"<p>With Omegle gone, a wave of new platforms has appeared to fill the gap for people who still want anonymous, random conversations with strangers online. Chato is one of the newer contenders in 2025, positioning itself as a fast, free, and mobile-friendly Omegle alternative. Its focus is simple: one-on-one video chat with strangers, without the [&hellip;]<\/p>\n","protected":false},"author":6,"featured_media":0,"parent":0,"menu_order":0,"comment_status":"closed","ping_status":"closed","template":"","meta":{"footnotes":""},"class_list":["post-13020","page","type-page","status-publish","hentry"],"yoast_head":"<!-- This site is optimized with the Yoast SEO plugin v27.4 - https:\/\/yoast.com\/product\/yoast-seo-wordpress\/ -->\n<title>Chato - Video Chat &amp; Have Fun - StrangerCam.com<\/title>\n<meta name=\"description\" content=\"Like Chato? Come chat with more than 5.000.000 strangers on Strangercam for Free! Turn on your cam and find new friends &amp; maby a match!\" \/>\n<meta name=\"robots\" content=\"index, follow, max-snippet:-1, max-image-preview:large, max-video-preview:-1\" \/>\n<link rel=\"canonical\" href=\"https:\/\/strangercam.com\/fr\/chato\/\" \/>\n<meta property=\"og:locale\" content=\"fr_FR\" \/>\n<meta property=\"og:type\" content=\"article\" \/>\n<meta property=\"og:title\" content=\"Chato - Video Chat &amp; Have Fun - StrangerCam.com\" \/>\n<meta property=\"og:description\" content=\"Like Chato? Come chat with more than 5.000.000 strangers on Strangercam for Free! Turn on your cam and find new friends &amp; maby a match!\" \/>\n<meta property=\"og:url\" content=\"https:\/\/strangercam.com\/fr\/chato\/\" \/>\n<meta property=\"og:site_name\" content=\"Strangercam\" \/>\n<meta property=\"article:publisher\" content=\"https:\/\/www.facebook.com\/strangercam\" \/>\n<meta property=\"og:image\" content=\"https:\/\/strangercam.com\/wp-content\/uploads\/2021\/10\/Untitled-2.png\" \/>\n\t<meta property=\"og:image:width\" content=\"800\" \/>\n\t<meta property=\"og:image:height\" content=\"532\" \/>\n\t<meta property=\"og:image:type\" content=\"image\/png\" \/>\n<meta name=\"twitter:card\" content=\"summary_large_image\" \/>\n<meta name=\"twitter:site\" content=\"@strangercamapp\" \/>\n<meta name=\"twitter:label1\" content=\"Dur\u00e9e de lecture estim\u00e9e\" \/>\n\t<meta name=\"twitter:data1\" content=\"5 minutes\" \/>\n<script type=\"application\/ld+json\" class=\"yoast-schema-graph\">{\"@context\":\"https:\\\/\\\/schema.org\",\"@graph\":[{\"@type\":\"WebPage\",\"@id\":\"https:\\\/\\\/strangercam.com\\\/chato\\\/\",\"url\":\"https:\\\/\\\/strangercam.com\\\/chato\\\/\",\"name\":\"Chato - Video Chat & Have Fun - StrangerCam.com\",\"isPartOf\":{\"@id\":\"https:\\\/\\\/strangercam.com\\\/#website\"},\"datePublished\":\"2025-09-10T09:53:09+00:00\",\"description\":\"Like Chato? Come chat with more than 5.000.000 strangers on Strangercam for Free! Turn on your cam and find new friends & maby a match!\",\"breadcrumb\":{\"@id\":\"https:\\\/\\\/strangercam.com\\\/chato\\\/#breadcrumb\"},\"inLanguage\":\"fr-FR\",\"potentialAction\":[{\"@type\":\"ReadAction\",\"target\":[\"https:\\\/\\\/strangercam.com\\\/chato\\\/\"]}]},{\"@type\":\"BreadcrumbList\",\"@id\":\"https:\\\/\\\/strangercam.com\\\/chato\\\/#breadcrumb\",\"itemListElement\":[{\"@type\":\"ListItem\",\"position\":1,\"name\":\"Home\",\"item\":\"https:\\\/\\\/strangercam.com\\\/\"},{\"@type\":\"ListItem\",\"position\":2,\"name\":\"Chato\"}]},{\"@type\":\"WebSite\",\"@id\":\"https:\\\/\\\/strangercam.com\\\/#website\",\"url\":\"https:\\\/\\\/strangercam.com\\\/\",\"name\":\"Strangercam\",\"description\":\"Random Video Chat with Strangers\",\"publisher\":{\"@id\":\"https:\\\/\\\/strangercam.com\\\/#organization\"},\"alternateName\":\"Strangercam.com\",\"potentialAction\":[{\"@type\":\"SearchAction\",\"target\":{\"@type\":\"EntryPoint\",\"urlTemplate\":\"https:\\\/\\\/strangercam.com\\\/?s={search_term_string}\"},\"query-input\":{\"@type\":\"PropertyValueSpecification\",\"valueRequired\":true,\"valueName\":\"search_term_string\"}}],\"inLanguage\":\"fr-FR\"},{\"@type\":\"Organization\",\"@id\":\"https:\\\/\\\/strangercam.com\\\/#organization\",\"name\":\"Strangercam\",\"alternateName\":\"Strangercam.com\",\"url\":\"https:\\\/\\\/strangercam.com\\\/\",\"logo\":{\"@type\":\"ImageObject\",\"inLanguage\":\"fr-FR\",\"@id\":\"https:\\\/\\\/strangercam.com\\\/#\\\/schema\\\/logo\\\/image\\\/\",\"url\":\"https:\\\/\\\/strangercam.com\\\/wp-content\\\/uploads\\\/2020\\\/11\\\/cropped-new-favicon-black.png\",\"contentUrl\":\"https:\\\/\\\/strangercam.com\\\/wp-content\\\/uploads\\\/2020\\\/11\\\/cropped-new-favicon-black.png\",\"width\":512,\"height\":512,\"caption\":\"Strangercam\"},\"image\":{\"@id\":\"https:\\\/\\\/strangercam.com\\\/#\\\/schema\\\/logo\\\/image\\\/\"},\"sameAs\":[\"https:\\\/\\\/www.facebook.com\\\/strangercam\",\"https:\\\/\\\/x.com\\\/strangercamapp\"]}]}<\/script>\n<!-- \/ Yoast SEO plugin. -->","yoast_head_json":{"title":"Chato - Video Chat &amp; Have Fun - StrangerCam.com","description":"Vous aimez Chato ? Venez discuter avec plus de 5.000.000 d'inconnus sur Strangercam gratuitement ! Allume ta cam\u00e9ra et trouve de nouveaux amis et peut-\u00eatre un partenaire !","robots":{"index":"index","follow":"follow","max-snippet":"max-snippet:-1","max-image-preview":"max-image-preview:large","max-video-preview":"max-video-preview:-1"},"canonical":"https:\/\/strangercam.com\/fr\/chato\/","og_locale":"fr_FR","og_type":"article","og_title":"Chato - Video Chat & Have Fun - StrangerCam.com","og_description":"Like Chato? Come chat with more than 5.000.000 strangers on Strangercam for Free! Turn on your cam and find new friends & maby a match!","og_url":"https:\/\/strangercam.com\/fr\/chato\/","og_site_name":"Strangercam","article_publisher":"https:\/\/www.facebook.com\/strangercam","og_image":[{"width":800,"height":532,"url":"https:\/\/strangercam.com\/wp-content\/uploads\/2021\/10\/Untitled-2.png","type":"image\/png"}],"twitter_card":"summary_large_image","twitter_site":"@strangercamapp","twitter_misc":{"Dur\u00e9e de lecture estim\u00e9e":"5 minutes"},"schema":{"@context":"https:\/\/schema.org","@graph":[{"@type":"WebPage","@id":"https:\/\/strangercam.com\/chato\/","url":"https:\/\/strangercam.com\/chato\/","name":"Chato - Video Chat &amp; Have Fun - StrangerCam.com","isPartOf":{"@id":"https:\/\/strangercam.com\/#website"},"datePublished":"2025-09-10T09:53:09+00:00","description":"Vous aimez Chato ? Venez discuter avec plus de 5.000.000 d'inconnus sur Strangercam gratuitement ! Allume ta cam\u00e9ra et trouve de nouveaux amis et peut-\u00eatre un partenaire !","breadcrumb":{"@id":"https:\/\/strangercam.com\/chato\/#breadcrumb"},"inLanguage":"fr-FR","potentialAction":[{"@type":"ReadAction","target":["https:\/\/strangercam.com\/chato\/"]}]},{"@type":"BreadcrumbList","@id":"https:\/\/strangercam.com\/chato\/#breadcrumb","itemListElement":[{"@type":"ListItem","position":1,"name":"Home","item":"https:\/\/strangercam.com\/"},{"@type":"ListItem","position":2,"name":"Chato"}]},{"@type":"WebSite","@id":"https:\/\/strangercam.com\/#website","url":"https:\/\/strangercam.com\/","name":"Strangercam","description":"Chat vid\u00e9o al\u00e9atoire avec des inconnus","publisher":{"@id":"https:\/\/strangercam.com\/#organization"},"alternateName":"Strangercam.com","potentialAction":[{"@type":"SearchAction","target":{"@type":"EntryPoint","urlTemplate":"https:\/\/strangercam.com\/?s={search_term_string}"},"query-input":{"@type":"PropertyValueSpecification","valueRequired":true,"valueName":"search_term_string"}}],"inLanguage":"fr-FR"},{"@type":"Organization","@id":"https:\/\/strangercam.com\/#organization","name":"Strangercam","alternateName":"Strangercam.com","url":"https:\/\/strangercam.com\/","logo":{"@type":"ImageObject","inLanguage":"fr-FR","@id":"https:\/\/strangercam.com\/#\/schema\/logo\/image\/","url":"https:\/\/strangercam.com\/wp-content\/uploads\/2020\/11\/cropped-new-favicon-black.png","contentUrl":"https:\/\/strangercam.com\/wp-content\/uploads\/2020\/11\/cropped-new-favicon-black.png","width":512,"height":512,"caption":"Strangercam"},"image":{"@id":"https:\/\/strangercam.com\/#\/schema\/logo\/image\/"},"sameAs":["https:\/\/www.facebook.com\/strangercam","https:\/\/x.com\/strangercamapp"]}]}},"_links":{"self":[{"href":"https:\/\/strangercam.com\/fr\/wp-json\/wp\/v2\/pages\/13020","targetHints":{"allow":["GET"]}}],"collection":[{"href":"https:\/\/strangercam.com\/fr\/wp-json\/wp\/v2\/pages"}],"about":[{"href":"https:\/\/strangercam.com\/fr\/wp-json\/wp\/v2\/types\/page"}],"author":[{"embeddable":true,"href":"https:\/\/strangercam.com\/fr\/wp-json\/wp\/v2\/users\/6"}],"replies":[{"embeddable":true,"href":"https:\/\/strangercam.com\/fr\/wp-json\/wp\/v2\/comments?post=13020"}],"version-history":[{"count":1,"href":"https:\/\/strangercam.com\/fr\/wp-json\/wp\/v2\/pages\/13020\/revisions"}],"predecessor-version":[{"id":13021,"href":"https:\/\/strangercam.com\/fr\/wp-json\/wp\/v2\/pages\/13020\/revisions\/13021"}],"wp:attachment":[{"href":"https:\/\/strangercam.com\/fr\/wp-json\/wp\/v2\/media?parent=13020"}],"curies":[{"name":"wp","href":"https:\/\/api.w.org\/{rel}","templated":true}]}}