{"id":13018,"date":"2025-09-10T11:48:32","date_gmt":"2025-09-10T09:48:32","guid":{"rendered":"https:\/\/strangercam.com\/?page_id=13018"},"modified":"2025-09-10T11:48:32","modified_gmt":"2025-09-10T09:48:32","slug":"matchpub","status":"publish","type":"page","link":"https:\/\/strangercam.com\/fr\/matchpub\/","title":{"rendered":"MatchPub"},"content":{"rendered":"<p>La demande de vid\u00e9os spontan\u00e9es et anonymes <a href=\"https:\/\/strangercam.com\/fr\/chathub\/\">chat<\/a> continue de cro\u00eetre, car les gens cherchent de nouveaux moyens de socialiser en ligne. Apr\u00e8s la fermeture de <a href=\"https:\/\/strangercam.com\/fr\/omegle\/\">Omegle<\/a>, Depuis, de nombreuses alternatives ont vu le jour, chacune proposant sa propre version de la formule. MatchPub est l'une des plates-formes les plus r\u00e9centes dans ce domaine, combinant l'excitation du jumelage vid\u00e9o al\u00e9atoire avec une ambiance vivante et sociale qui la fait ressembler \u00e0 un lieu de rencontre num\u00e9rique plut\u00f4t qu'\u00e0 une application de chat comme les autres.<\/p>\n<p>Mais MatchPub se distingue-t-il vraiment en 2025 ? Comment se compare-t-il \u00e0 d'autres sites de type Omegle tels que ChitChatTV, Lotta et Ohmegle ? Dans cet article, nous allons examiner en profondeur tout ce que vous devez savoir sur MatchPub : ses caract\u00e9ristiques, sa base d'utilisateurs, ses normes de s\u00e9curit\u00e9, ses avantages et ses inconv\u00e9nients, et si cela vaut la peine d'y consacrer du temps.<\/p>\n<h2>Qu'est-ce que MatchPub ?<\/h2>\n<p>MatchPub est un site de chat vid\u00e9o al\u00e9atoire bas\u00e9 sur un navigateur, con\u00e7u pour connecter instantan\u00e9ment des inconnus pour des conversations vid\u00e9o en t\u00eate-\u00e0-t\u00eate. Comme Omegle et <a href=\"https:\/\/strangercam.com\/fr\/chatroulette\/\">Chatroulette<\/a> Avant cela, MatchPub garde les choses simples : vous n'avez pas besoin de vous inscrire, de cr\u00e9er un profil ou de t\u00e9l\u00e9charger une application. Au lieu de cela, vous pouvez vous lancer dans un chat en direct en quelques secondes.<\/p>\n<p>Le th\u00e8me du \"pub\" refl\u00e8te sa mission : MatchPub vise \u00e0 recr\u00e9er l'atmosph\u00e8re d\u00e9contract\u00e9e et sociale des rencontres dans un bar ou un caf\u00e9, mais dans un environnement num\u00e9rique. Il est con\u00e7u pour \u00eatre amical, accueillant et global.<\/p>\n<h2>Quel est l'objectif de MatchPub ?<\/h2>\n<p>L'objectif de MatchPub est de rendre les rencontres en ligne aussi faciles et amusantes que les conversations dans la vie r\u00e9elle. Il s'adresse aux utilisateurs qui en ont assez des applications sociales tr\u00e8s encadr\u00e9es, des inscriptions compliqu\u00e9es ou du \"swiping\" sans fin. Au lieu de cela, il met l'accent sur :<\/p>\n<ul>\n<li>Spontan\u00e9it\u00e9 : <a href=\"https:\/\/strangercam.com\/fr\/coomeet\/\">Rencontrer<\/a> quelqu'un de nouveau instantan\u00e9ment en un seul clic<\/li>\n<li>Anonymat : Aucun profil ou d\u00e9tail personnel n'est requis<\/li>\n<li>Une port\u00e9e mondiale : Discuter avec des personnes du monde entier<\/li>\n<li>L'esprit de la communaut\u00e9 : Un espace amusant et d\u00e9contract\u00e9 qui semble moins anonyme que Omegle, mais plus accessible qu'une application de rencontre.<\/li>\n<\/ul>\n<p>Que vous cherchiez \u00e0 vous faire des amis, \u00e0 pratiquer une langue, \u00e0 flirter ou simplement \u00e0 passer le temps, MatchPub offre un espace de conversation d\u00e9contract\u00e9e et non sc\u00e9naris\u00e9e.<\/p>\n<h2>Caract\u00e9ristiques principales<\/h2>\n<p>1. Chat vid\u00e9o al\u00e9atoire en t\u00eate-\u00e0-t\u00eate<br \/>\nLa principale caract\u00e9ristique de MatchPub est de proposer des conversations priv\u00e9es, de cam\u00e9ra \u00e0 cam\u00e9ra, avec des inconnus. L'appariement est instantan\u00e9 et chaque session est l'occasion de rencontrer quelqu'un de totalement nouveau.<\/p>\n<p>2. Bouton \"Skip\/Next\" (Sauter\/Suivant)<br \/>\nLa discussion ne vous pla\u00eet pas ? Cliquez sur \"Suivant\" et passez instantan\u00e9ment \u00e0 un autre utilisateur. Il n'y a pas de p\u00e9nalit\u00e9 en cas de saut et les connexions se chargent rapidement.<\/p>\n<p>3. Mode Chat textuel<br \/>\nPour les utilisateurs qui pr\u00e9f\u00e8rent taper \u00e0 la machine ou lorsque la vid\u00e9o n'est pas envisageable, MatchPub propose \u00e9galement un mode de discussion en texte seul. Ce mode est id\u00e9al pour briser la glace ou pour les personnes dont la bande passante est limit\u00e9e.<\/p>\n<p>4. Pas d'inscription n\u00e9cessaire<br \/>\nMatchPub est totalement anonyme. Vous n'avez pas besoin de vous inscrire, de cr\u00e9er un compte ou de fournir des informations personnelles. Il vous suffit de cliquer et de commencer \u00e0 chatter.<\/p>\n<p>5. Compatibilit\u00e9 avec les t\u00e9l\u00e9phones portables et les ordinateurs de bureau<br \/>\nLe site fonctionne parfaitement sur les navigateurs de bureau et les navigateurs mobiles. Son design \u00e9pur\u00e9 et r\u00e9actif le rend aussi facile \u00e0 utiliser sur votre t\u00e9l\u00e9phone que sur un ordinateur.<\/p>\n<p>6. Outils de rapport et de blocage<br \/>\nUn bouton \"Signaler\" visible permet aux utilisateurs de signaler les comportements inappropri\u00e9s. Vous pouvez \u00e9galement bloquer les partenaires de discussion perturbateurs, ce qui garantit une exp\u00e9rience plus positive.<\/p>\n<p>7. Conception l\u00e9g\u00e8re et rapide<br \/>\nMatchPub se charge rapidement et passe d'un chat \u00e0 l'autre de mani\u00e8re transparente, m\u00eame sur les appareils de milieu de gamme et les r\u00e9seaux mobiles.<\/p>\n<h2>MatchPub est-il gratuit ?<\/h2>\n<p>Oui, MatchPub est 100% gratuit. Toutes ses fonctionnalit\u00e9s de base - chat vid\u00e9o, chat texte, saut de ligne et rapports - sont accessibles \u00e0 tous.<\/p>\n<p>Il y en a :<\/p>\n<ul>\n<li>Pas d'abonnement<\/li>\n<li>Pas de jetons ni de cr\u00e9dits<\/li>\n<li>Pas de co\u00fbts cach\u00e9s<\/li>\n<\/ul>\n<p>La plateforme peut diffuser de l\u00e9g\u00e8res publicit\u00e9s pour couvrir les co\u00fbts, mais celles-ci ne sont pas intrusives et n'interf\u00e8rent pas avec l'exp\u00e9rience du chat.<\/p>\n<h2>Qui utilise MatchPub ?<\/h2>\n<p>MatchPub attire un public mondial de bavards occasionnels, notamment :<\/p>\n<ul>\n<li>\u00c2ge : Principalement 18-35 ans (strictement adultes, 18+ seulement)<\/li>\n<li>Localisation : Utilisateurs des \u00c9tats-Unis, du Royaume-Uni, d'Europe, d'Inde, du Br\u00e9sil, d'Asie du Sud-Est et d'ailleurs.<\/li>\n<li>Raisons de s'inscrire : Se faire des amis, pratiquer des langues, flirter, d\u00e9couvrir des cultures ou simplement passer le temps.<\/li>\n<\/ul>\n<p>Compar\u00e9 aux anciennes plateformes, MatchPub semble plus jeune et plus frais, attirant particuli\u00e8rement les personnes qui appr\u00e9cient la spontan\u00e9it\u00e9 de Omegle mais souhaitent une exp\u00e9rience plus fluide et plus moderne.<\/p>\n<h2>S\u00e9curit\u00e9, vie priv\u00e9e et mod\u00e9ration<\/h2>\n<p>MatchPub reconna\u00eet que le chat anonyme comporte des risques et a int\u00e9gr\u00e9 des outils pour promouvoir la s\u00e9curit\u00e9 et la confidentialit\u00e9.<\/p>\n<h3>Vie priv\u00e9e<\/h3>\n<ul>\n<li>Aucun compte ni aucune information personnelle n'est n\u00e9cessaire<\/li>\n<li>Aucun chat n'est sauvegard\u00e9, enregistr\u00e9 ou rendu public.<\/li>\n<li>Vous contr\u00f4lez votre cam\u00e9ra et votre microphone \u00e0 tout moment<\/li>\n<\/ul>\n<h3>La mod\u00e9ration<\/h3>\n<ul>\n<li>Signalement dans le chat : Signalez rapidement les contenus inappropri\u00e9s ou le harc\u00e8lement<\/li>\n<li>Filtres de contenu bas\u00e9s sur l'IA : D\u00e9tecter et limiter les comportements abusifs ou explicites<\/li>\n<li>Mod\u00e9rateurs humains : examinent les rapports et appliquent les interdictions aux r\u00e9cidivistes<\/li>\n<\/ul>\n<h3>Conseils aux utilisateurs<\/h3>\n<ul>\n<li>Ne jamais communiquer d'informations personnelles dans un chat<\/li>\n<li>Utiliser les boutons \"sauter\" et \"rapporter\" chaque fois que cela est n\u00e9cessaire<\/li>\n<li>Tenez-vous-en \u00e0 des conversations l\u00e9g\u00e8res et d\u00e9contract\u00e9es jusqu'\u00e0 ce que vous ayez confiance en votre interlocuteur.<\/li>\n<\/ul>\n<h2>Exp\u00e9rience et conception des utilisateurs<\/h2>\n<p>MatchPub offre un design \u00e9pur\u00e9, moderne et intuitif :<\/p>\n<ul>\n<li>La page d'accueil pr\u00e9sente un bouton \"Start Chat\" clair et des lignes directrices de base pour la communaut\u00e9.<\/li>\n<li>Les fen\u00eatres vid\u00e9o sont grandes, nettes et r\u00e9actives<\/li>\n<li>Les boutons pour sauter, mettre en sourdine et rapporter sont faciles \u00e0 trouver et \u00e0 utiliser.<\/li>\n<li>Les versions mobile et de bureau sont aussi fluides et fiables l'une que l'autre<\/li>\n<li>Les temps de chargement sont courts, avec des transitions instantan\u00e9es entre les chats.<\/li>\n<\/ul>\n<p>Contrairement aux sites encombr\u00e9s ou satur\u00e9s de publicit\u00e9, MatchPub est frais et minimaliste, et met l'accent sur la conversation.<\/p>\n<h2>MatchPub vs. autres plateformes de chat vid\u00e9o al\u00e9atoire<\/h2>\n<p>Comment MatchPub se situe-t-il par rapport \u00e0 ses principaux concurrents ?<\/p>\n<table>\n<thead>\n<tr>\n<th>Fonctionnalit\u00e9<\/th>\n<th>MatchPub<\/th>\n<th>Omegle (ferm\u00e9)<\/th>\n<th>Ohmegle<\/th>\n<th><a href=\"https:\/\/strangercam.com\/fr\/ometv\/\">OmeTV<\/a><\/th>\n<th>Lotta<\/th>\n<th>ChitChatTV<\/th>\n<\/tr>\n<\/thead>\n<tbody>\n<tr>\n<td>Random Video Chat avec des Inconnus<\/td>\n<td>Oui<\/td>\n<td>Oui<\/td>\n<td>Oui<\/td>\n<td>Oui<\/td>\n<td>Oui<\/td>\n<td>Oui<\/td>\n<\/tr>\n<tr>\n<td>Option de chat textuel<\/td>\n<td>Oui<\/td>\n<td>Oui<\/td>\n<td>Oui<\/td>\n<td>Oui<\/td>\n<td>Oui<\/td>\n<td>Oui<\/td>\n<\/tr>\n<tr>\n<td>Inscription n\u00e9cessaire<\/td>\n<td>Non<\/td>\n<td>Non<\/td>\n<td>Non<\/td>\n<td>Non<\/td>\n<td>Non<\/td>\n<td>Non<\/td>\n<\/tr>\n<tr>\n<td>Adapt\u00e9e aux mobiles<\/td>\n<td>Excellent<\/td>\n<td>Pauvre<\/td>\n<td>Excellent<\/td>\n<td>Bon<\/td>\n<td>Excellent<\/td>\n<td>Excellent<\/td>\n<\/tr>\n<tr>\n<td>Filtres de genre\/r\u00e9gion<\/td>\n<td>Non<\/td>\n<td>Non<\/td>\n<td>Non<\/td>\n<td>Pay\u00e9<\/td>\n<td>Non<\/td>\n<td>Non<\/td>\n<\/tr>\n<tr>\n<td>Outils de mod\u00e9ration<\/td>\n<td>Bon<\/td>\n<td>Faible<\/td>\n<td>Mod\u00e9r\u00e9<\/td>\n<td>Fort<\/td>\n<td>Bon<\/td>\n<td>Bon<\/td>\n<\/tr>\n<tr>\n<td>Utilisation gratuite<\/td>\n<td>Oui<\/td>\n<td>Oui<\/td>\n<td>Oui<\/td>\n<td>Oui\/Pay\u00e9<\/td>\n<td>Oui<\/td>\n<td>Oui<\/td>\n<\/tr>\n<\/tbody>\n<\/table>\n<p>R\u00e9sum\u00e9 : MatchPub est le plus proche dans l'esprit de Ohmegle et Lotta - rapide, gratuit, anonyme et moderne. Il n'offre pas de filtres avanc\u00e9s comme OmeTV, mais il compense par sa simplicit\u00e9 et sa facilit\u00e9 d'utilisation.<\/p>\n<h2>Avantages et inconv\u00e9nients<\/h2>\n<p>Pour :<\/p>\n<ul>\n<li>100% gratuit, sans inscription pr\u00e9alable<\/li>\n<li>Exp\u00e9rience de chat anonyme et priv\u00e9<\/li>\n<li>Conception moderne et r\u00e9active pour les ordinateurs de bureau et les t\u00e9l\u00e9phones portables<\/li>\n<li>Connexions vid\u00e9o et textuelles rapides et stables<\/li>\n<li>Outils simples de saut et de rapport<\/li>\n<li>Une base d'utilisateurs internationale et diversifi\u00e9e<\/li>\n<\/ul>\n<p>Cons :<\/p>\n<ul>\n<li>Pas de filtres de genre ou de localisation<\/li>\n<li>Contenu inappropri\u00e9 occasionnel (commun \u00e0 toutes les plateformes de chat anonyme)<\/li>\n<li>Plus d'utilisateurs masculins que f\u00e9minins<\/li>\n<li>Pas de profil d'utilisateur ni d'historique de chat<\/li>\n<li>Aucun moyen de reprendre contact avec d'anciens utilisateurs<\/li>\n<\/ul>\n<h2>Cas d'utilisation id\u00e9aux<\/h2>\n<p>MatchPub est parfait pour :<\/p>\n<ul>\n<li>Les amateurs de Omegle et Chatroulette \u00e0 la recherche d'une solution de remplacement moderne<\/li>\n<li>Adultes cherchant \u00e0 discuter de mani\u00e8re spontan\u00e9e et d\u00e9contract\u00e9e avec des inconnus<\/li>\n<li>Voyageurs, \u00e9tudiants et apprenants de langues int\u00e9ress\u00e9s par la conversation mondiale<\/li>\n<li>Les personnes qui privil\u00e9gient l'anonymat et n'aiment pas s'inscrire \u00e0 des applications ou \u00e0 des comptes<\/li>\n<li>Toute personne cherchant \u00e0 passer le temps et \u00e0 faire des rencontres sociales non sc\u00e9naris\u00e9es<\/li>\n<\/ul>\n<p>Il est moins id\u00e9al pour :<\/p>\n<ul>\n<li>Utilisateurs de moins de 18 ans (r\u00e9serv\u00e9s aux adultes)<\/li>\n<li>Ceux qui recherchent des filtres sp\u00e9cifiques aux rencontres ou des correspondances s\u00e9lectionn\u00e9es<\/li>\n<li>Les personnes souhaitant des connexions \u00e0 long terme ou la possibilit\u00e9 de se reconnecter avec d'anciens chats.<\/li>\n<\/ul>\n<p>MatchPub est l'une des meilleures nouvelles plateformes de chat vid\u00e9o al\u00e9atoire de type Omegle en 2025. Elle combine des connexions instantan\u00e9es et anonymes avec une interface moderne, de bonnes performances mobiles et des outils de mod\u00e9ration simples mais efficaces.<\/p>\n<p>Si vous \u00eates \u00e0 la recherche d'une plateforme qui offre l'excitation de Omegle avec un design plus fluide et une communaut\u00e9 plus fra\u00eeche, MatchPub vaut vraiment la peine d'\u00eatre essay\u00e9. C'est gratuit, rapide et amusant, l'endroit id\u00e9al pour d\u00e9couvrir de nouveaux visages et de nouvelles conversations dans le monde entier.<\/p>","protected":false},"excerpt":{"rendered":"<p>The demand for spontaneous, anonymous video chat platforms continues to grow as people seek new ways to socialize online. Following the closure of Omegle, a variety of alternatives have appeared, each offering their own twist on the formula. MatchPub is one of the newer platforms in this space\u2014combining the excitement of random video matching with [&hellip;]<\/p>\n","protected":false},"author":6,"featured_media":0,"parent":0,"menu_order":0,"comment_status":"closed","ping_status":"closed","template":"","meta":{"footnotes":""},"class_list":["post-13018","page","type-page","status-publish","hentry"],"yoast_head":"<!-- This site is optimized with the Yoast SEO plugin v27.4 - https:\/\/yoast.com\/product\/yoast-seo-wordpress\/ -->\n<title>MatchPub - Live 1:1 Video Chat - StrangerCam.com<\/title>\n<meta name=\"description\" content=\"Like MatchPub? Come chat with more than 5.000.000 strangers on Strangercam for Free! Turn on your cam and find new friends &amp; maby a match!\" \/>\n<meta name=\"robots\" content=\"index, follow, max-snippet:-1, max-image-preview:large, max-video-preview:-1\" \/>\n<link rel=\"canonical\" href=\"https:\/\/strangercam.com\/fr\/matchpub\/\" \/>\n<meta property=\"og:locale\" content=\"fr_FR\" \/>\n<meta property=\"og:type\" content=\"article\" \/>\n<meta property=\"og:title\" content=\"MatchPub - Live 1:1 Video Chat - StrangerCam.com\" \/>\n<meta property=\"og:description\" content=\"Like MatchPub? Come chat with more than 5.000.000 strangers on Strangercam for Free! Turn on your cam and find new friends &amp; maby a match!\" \/>\n<meta property=\"og:url\" content=\"https:\/\/strangercam.com\/fr\/matchpub\/\" \/>\n<meta property=\"og:site_name\" content=\"Strangercam\" \/>\n<meta property=\"article:publisher\" content=\"https:\/\/www.facebook.com\/strangercam\" \/>\n<meta property=\"og:image\" content=\"https:\/\/strangercam.com\/wp-content\/uploads\/2021\/10\/Untitled-2.png\" \/>\n\t<meta property=\"og:image:width\" content=\"800\" \/>\n\t<meta property=\"og:image:height\" content=\"532\" \/>\n\t<meta property=\"og:image:type\" content=\"image\/png\" \/>\n<meta name=\"twitter:card\" content=\"summary_large_image\" \/>\n<meta name=\"twitter:site\" content=\"@strangercamapp\" \/>\n<meta name=\"twitter:label1\" content=\"Dur\u00e9e de lecture estim\u00e9e\" \/>\n\t<meta name=\"twitter:data1\" content=\"6 minutes\" \/>\n<script type=\"application\/ld+json\" class=\"yoast-schema-graph\">{\"@context\":\"https:\\\/\\\/schema.org\",\"@graph\":[{\"@type\":\"WebPage\",\"@id\":\"https:\\\/\\\/strangercam.com\\\/matchpub\\\/\",\"url\":\"https:\\\/\\\/strangercam.com\\\/matchpub\\\/\",\"name\":\"MatchPub - Live 1:1 Video Chat - StrangerCam.com\",\"isPartOf\":{\"@id\":\"https:\\\/\\\/strangercam.com\\\/#website\"},\"datePublished\":\"2025-09-10T09:48:32+00:00\",\"description\":\"Like MatchPub? Come chat with more than 5.000.000 strangers on Strangercam for Free! Turn on your cam and find new friends & maby a match!\",\"breadcrumb\":{\"@id\":\"https:\\\/\\\/strangercam.com\\\/matchpub\\\/#breadcrumb\"},\"inLanguage\":\"fr-FR\",\"potentialAction\":[{\"@type\":\"ReadAction\",\"target\":[\"https:\\\/\\\/strangercam.com\\\/matchpub\\\/\"]}]},{\"@type\":\"BreadcrumbList\",\"@id\":\"https:\\\/\\\/strangercam.com\\\/matchpub\\\/#breadcrumb\",\"itemListElement\":[{\"@type\":\"ListItem\",\"position\":1,\"name\":\"Home\",\"item\":\"https:\\\/\\\/strangercam.com\\\/\"},{\"@type\":\"ListItem\",\"position\":2,\"name\":\"MatchPub\"}]},{\"@type\":\"WebSite\",\"@id\":\"https:\\\/\\\/strangercam.com\\\/#website\",\"url\":\"https:\\\/\\\/strangercam.com\\\/\",\"name\":\"Strangercam\",\"description\":\"Random Video Chat with Strangers\",\"publisher\":{\"@id\":\"https:\\\/\\\/strangercam.com\\\/#organization\"},\"alternateName\":\"Strangercam.com\",\"potentialAction\":[{\"@type\":\"SearchAction\",\"target\":{\"@type\":\"EntryPoint\",\"urlTemplate\":\"https:\\\/\\\/strangercam.com\\\/?s={search_term_string}\"},\"query-input\":{\"@type\":\"PropertyValueSpecification\",\"valueRequired\":true,\"valueName\":\"search_term_string\"}}],\"inLanguage\":\"fr-FR\"},{\"@type\":\"Organization\",\"@id\":\"https:\\\/\\\/strangercam.com\\\/#organization\",\"name\":\"Strangercam\",\"alternateName\":\"Strangercam.com\",\"url\":\"https:\\\/\\\/strangercam.com\\\/\",\"logo\":{\"@type\":\"ImageObject\",\"inLanguage\":\"fr-FR\",\"@id\":\"https:\\\/\\\/strangercam.com\\\/#\\\/schema\\\/logo\\\/image\\\/\",\"url\":\"https:\\\/\\\/strangercam.com\\\/wp-content\\\/uploads\\\/2020\\\/11\\\/cropped-new-favicon-black.png\",\"contentUrl\":\"https:\\\/\\\/strangercam.com\\\/wp-content\\\/uploads\\\/2020\\\/11\\\/cropped-new-favicon-black.png\",\"width\":512,\"height\":512,\"caption\":\"Strangercam\"},\"image\":{\"@id\":\"https:\\\/\\\/strangercam.com\\\/#\\\/schema\\\/logo\\\/image\\\/\"},\"sameAs\":[\"https:\\\/\\\/www.facebook.com\\\/strangercam\",\"https:\\\/\\\/x.com\\\/strangercamapp\"]}]}<\/script>\n<!-- \/ Yoast SEO plugin. -->","yoast_head_json":{"title":"MatchPub - Chat vid\u00e9o en direct 1:1 - StrangerCam.com","description":"Vous aimez MatchPub ? Venez discuter avec plus de 5.000.000 d'inconnus sur Strangercam gratuitement ! Allumez votre cam\u00e9ra et trouvez de nouveaux amis et peut-\u00eatre un partenaire !","robots":{"index":"index","follow":"follow","max-snippet":"max-snippet:-1","max-image-preview":"max-image-preview:large","max-video-preview":"max-video-preview:-1"},"canonical":"https:\/\/strangercam.com\/fr\/matchpub\/","og_locale":"fr_FR","og_type":"article","og_title":"MatchPub - Live 1:1 Video Chat - StrangerCam.com","og_description":"Like MatchPub? Come chat with more than 5.000.000 strangers on Strangercam for Free! Turn on your cam and find new friends & maby a match!","og_url":"https:\/\/strangercam.com\/fr\/matchpub\/","og_site_name":"Strangercam","article_publisher":"https:\/\/www.facebook.com\/strangercam","og_image":[{"width":800,"height":532,"url":"https:\/\/strangercam.com\/wp-content\/uploads\/2021\/10\/Untitled-2.png","type":"image\/png"}],"twitter_card":"summary_large_image","twitter_site":"@strangercamapp","twitter_misc":{"Dur\u00e9e de lecture estim\u00e9e":"6 minutes"},"schema":{"@context":"https:\/\/schema.org","@graph":[{"@type":"WebPage","@id":"https:\/\/strangercam.com\/matchpub\/","url":"https:\/\/strangercam.com\/matchpub\/","name":"MatchPub - Chat vid\u00e9o en direct 1:1 - StrangerCam.com","isPartOf":{"@id":"https:\/\/strangercam.com\/#website"},"datePublished":"2025-09-10T09:48:32+00:00","description":"Vous aimez MatchPub ? Venez discuter avec plus de 5.000.000 d'inconnus sur Strangercam gratuitement ! Allumez votre cam\u00e9ra et trouvez de nouveaux amis et peut-\u00eatre un partenaire !","breadcrumb":{"@id":"https:\/\/strangercam.com\/matchpub\/#breadcrumb"},"inLanguage":"fr-FR","potentialAction":[{"@type":"ReadAction","target":["https:\/\/strangercam.com\/matchpub\/"]}]},{"@type":"BreadcrumbList","@id":"https:\/\/strangercam.com\/matchpub\/#breadcrumb","itemListElement":[{"@type":"ListItem","position":1,"name":"Home","item":"https:\/\/strangercam.com\/"},{"@type":"ListItem","position":2,"name":"MatchPub"}]},{"@type":"WebSite","@id":"https:\/\/strangercam.com\/#website","url":"https:\/\/strangercam.com\/","name":"Strangercam","description":"Chat vid\u00e9o al\u00e9atoire avec des inconnus","publisher":{"@id":"https:\/\/strangercam.com\/#organization"},"alternateName":"Strangercam.com","potentialAction":[{"@type":"SearchAction","target":{"@type":"EntryPoint","urlTemplate":"https:\/\/strangercam.com\/?s={search_term_string}"},"query-input":{"@type":"PropertyValueSpecification","valueRequired":true,"valueName":"search_term_string"}}],"inLanguage":"fr-FR"},{"@type":"Organization","@id":"https:\/\/strangercam.com\/#organization","name":"Strangercam","alternateName":"Strangercam.com","url":"https:\/\/strangercam.com\/","logo":{"@type":"ImageObject","inLanguage":"fr-FR","@id":"https:\/\/strangercam.com\/#\/schema\/logo\/image\/","url":"https:\/\/strangercam.com\/wp-content\/uploads\/2020\/11\/cropped-new-favicon-black.png","contentUrl":"https:\/\/strangercam.com\/wp-content\/uploads\/2020\/11\/cropped-new-favicon-black.png","width":512,"height":512,"caption":"Strangercam"},"image":{"@id":"https:\/\/strangercam.com\/#\/schema\/logo\/image\/"},"sameAs":["https:\/\/www.facebook.com\/strangercam","https:\/\/x.com\/strangercamapp"]}]}},"_links":{"self":[{"href":"https:\/\/strangercam.com\/fr\/wp-json\/wp\/v2\/pages\/13018","targetHints":{"allow":["GET"]}}],"collection":[{"href":"https:\/\/strangercam.com\/fr\/wp-json\/wp\/v2\/pages"}],"about":[{"href":"https:\/\/strangercam.com\/fr\/wp-json\/wp\/v2\/types\/page"}],"author":[{"embeddable":true,"href":"https:\/\/strangercam.com\/fr\/wp-json\/wp\/v2\/users\/6"}],"replies":[{"embeddable":true,"href":"https:\/\/strangercam.com\/fr\/wp-json\/wp\/v2\/comments?post=13018"}],"version-history":[{"count":1,"href":"https:\/\/strangercam.com\/fr\/wp-json\/wp\/v2\/pages\/13018\/revisions"}],"predecessor-version":[{"id":13019,"href":"https:\/\/strangercam.com\/fr\/wp-json\/wp\/v2\/pages\/13018\/revisions\/13019"}],"wp:attachment":[{"href":"https:\/\/strangercam.com\/fr\/wp-json\/wp\/v2\/media?parent=13018"}],"curies":[{"name":"wp","href":"https:\/\/api.w.org\/{rel}","templated":true}]}}