{"id":12954,"date":"2025-08-05T10:47:17","date_gmt":"2025-08-05T08:47:17","guid":{"rendered":"https:\/\/strangercam.com\/?page_id=12954"},"modified":"2025-08-05T10:47:38","modified_gmt":"2025-08-05T08:47:38","slug":"appel-video-gratuit-avec-une-fille-au-hasard","status":"publish","type":"page","link":"https:\/\/strangercam.com\/fr\/free-video-call-app-with-random-girl\/","title":{"rendered":"Appel vid\u00e9o gratuit avec une fille au hasard"},"content":{"rendered":"<p>Vous \u00eates \u00e0 la recherche d'une application gratuite d'appel vid\u00e9o avec des filles au hasard ? Vous n'\u00eates pas le seul. Chaque mois, des millions de personnes sont \u00e0 la recherche de chats vid\u00e9o authentiques et spontan\u00e9s avec de nouvelles personnes - en particulier avec des filles qui sont amusantes, amicales et int\u00e9ress\u00e9es par une nouvelle rencontre. Que vous vous sentiez seul, que vous vous ennuyiez ou que vous soyez simplement curieux, trouver la bonne plateforme fait toute la diff\u00e9rence.<\/p>\n<p>Dans ce guide complet, vous d\u00e9couvrirez tout ce que vous devez savoir : le fonctionnement de ces applications, les fonctionnalit\u00e9s \u00e0 rechercher, les conseils de s\u00e9curit\u00e9 et une comparaison d\u00e9taill\u00e9e des meilleurs sites et applications. \u00c0 la fin, vous saurez pourquoi StrangerCam est l'un des meilleurs choix si vous voulez une application d'appel vid\u00e9o gratuit avec une fille au hasard - et comment commencer d\u00e8s aujourd'hui.<\/p>\n<h2>Qu'est-ce qu'une application gratuite d'appel vid\u00e9o avec une fille au hasard ?<\/h2>\n<p>Une application gratuite d'appel vid\u00e9o avec une fille au hasard est une application web ou mobile qui vous permet de vous connecter instantan\u00e9ment par webcam et microphone avec des utilisatrices au hasard dans le monde entier. Il vous suffit d'entrer sur le site, d'appuyer sur un bouton et, en quelques secondes, vous \u00eates mis en relation avec une fille qui cherche \u00e9galement \u00e0... <a href=\"https:\/\/strangercam.com\/fr\/chathub\/\">chat<\/a>. Il n'est pas n\u00e9cessaire de s'inscrire, de payer ou de communiquer ses donn\u00e9es personnelles.<\/p>\n<p>Ces applications ont vu leur popularit\u00e9 exploser en raison de leur simplicit\u00e9 et de l'excitation de rencontrer quelqu'un de nouveau en face \u00e0 face. Bien que la technologie sous-jacente soit similaire \u00e0 celle des outils de vid\u00e9oconf\u00e9rence, l'accent est mis sur la d\u00e9couverte sociale amusante et al\u00e9atoire, et non sur le travail ou les affaires.<\/p>\n<h2>Pourquoi les gens recherchent-ils des chats vid\u00e9o al\u00e9atoires avec des filles ?<\/h2>\n<p>L'augmentation de la popularit\u00e9 de mots-cl\u00e9s tels que \"application d'appel vid\u00e9o gratuit avec une fille au hasard\" r\u00e9v\u00e8le une tendance croissante :<\/p>\n<ul>\n<li>Solitude et isolement : De nombreux utilisateurs, en particulier apr\u00e8s la pand\u00e9mie, ont besoin d'une interaction authentique, mais ne veulent pas utiliser les applications de rencontres traditionnelles ou les m\u00e9dias sociaux.<\/li>\n<li>L'excitation de l'inconnu : il est excitant de ne pas savoir qui vous rencontrerez ensuite - chaque conversation est une surprise.<\/li>\n<li>Se faire des amis ou flirter : Certains utilisateurs souhaitent simplement parler, se faire de nouveaux amis ou flirter de mani\u00e8re inoffensive dans un environnement s\u00fbr et contr\u00f4l\u00e9.<\/li>\n<li>\u00c9viter les faux et les robots : Contrairement au chat textuel, le chat vid\u00e9o permet de filtrer les robots et les attrape-nigauds, afin que vous sachiez que vous parlez \u00e0 une vraie personne.<\/li>\n<\/ul>\n<h2>Comment fonctionnent ces applications ?<\/h2>\n<p>Le fonctionnement de base d'une application gratuite d'appel vid\u00e9o avec une fille au hasard est extr\u00eamement simple :<\/p>\n<ol>\n<li>Acc\u00e9dez \u00e0 l'application ou au site sur votre t\u00e9l\u00e9phone ou votre ordinateur. Aucune installation n'est n\u00e9cessaire pour les versions web.<\/li>\n<li>Accordez l'acc\u00e8s \u00e0 la cam\u00e9ra et au microphone lorsque vous y \u00eates invit\u00e9. Cela est n\u00e9cessaire pour le chat vid\u00e9o en direct.<\/li>\n<li>Appuyez sur \"D\u00e9marrer\" ou \"Suivant\". L'application vous mettra instantan\u00e9ment en relation avec un utilisateur choisi au hasard, souvent en fonction du sexe ou de la localisation.<\/li>\n<li>Chat en direct par vid\u00e9o. Si vous ne vous sentez pas \u00e0 l'aise, cliquez simplement sur \"Suivant\" pour passer \u00e0 autre chose.<\/li>\n<li>Aucune inscription ni aucun paiement n'est requis sur les plateformes r\u00e9ellement gratuites.<\/li>\n<\/ol>\n<p>Certaines plateformes proposent des fonctionnalit\u00e9s telles que des filtres de genre, des correspondances bas\u00e9es sur la localisation, des traductions dans le chat et des outils de signalement pour am\u00e9liorer votre exp\u00e9rience et votre s\u00e9curit\u00e9.<\/p>\n<h2>Principales caract\u00e9ristiques \u00e0 rechercher<\/h2>\n<p>Pour choisir la meilleure application gratuite d'appel vid\u00e9o avec une fille au hasard, voici ce que vous devez rechercher :<\/p>\n<h3>1. Filtres de genre authentiques<\/h3>\n<p>De nombreux utilisateurs recherchent sp\u00e9cifiquement des filles, mais toutes les applications n'offrent pas un v\u00e9ritable choix de sexe. Certaines simulent la fonction ou ne la rendent accessible qu'aux utilisateurs payants. Recherchez des plateformes qui proposent un v\u00e9ritable filtre de genre gratuit.<\/p>\n<h3>2. Pas d'inscription n\u00e9cessaire<\/h3>\n<p>Les meilleures plateformes vous permettent d'acc\u00e9der directement au chat, sans avoir besoin d'un compte ou d'une connexion.<\/p>\n<h3>3. Adapt\u00e9 aux mobiles et aux ordinateurs de bureau<\/h3>\n<p>La conception r\u00e9active ou les applications d\u00e9di\u00e9es vous permettent d'utiliser le service sur n'importe quel appareil, qu'il s'agisse d'un ordinateur portable ou d'un t\u00e9l\u00e9phone.<\/p>\n<h3>4. Vie priv\u00e9e et s\u00e9curit\u00e9<\/h3>\n<p>Le cryptage avanc\u00e9, l'absence de collecte de donn\u00e9es et des fonctionnalit\u00e9s telles que les options \"flou\" ou \"masque\" contribuent \u00e0 la s\u00e9curit\u00e9 de vos chats vid\u00e9o.<\/p>\n<h3>5. Mod\u00e9ration et signalement des utilisateurs<\/h3>\n<p>Une mod\u00e9ration active et un signalement ais\u00e9 permettent de maintenir la communaut\u00e9 s\u00fbre et exempte d'abus, de spam ou de contenu inappropri\u00e9.<\/p>\n<h3>6. Pas de co\u00fbts cach\u00e9s<\/h3>\n<p>Une application vraiment gratuite ne vous demandera pas soudainement de l'argent ou ne vous limitera pas apr\u00e8s quelques discussions.<\/p>\n<h2>Meilleures applications gratuites d'appel vid\u00e9o avec une fille au hasard (2025)<\/h2>\n<p>Voyons comment les meilleures plateformes se comparent pour les utilisateurs qui souhaitent passer des appels vid\u00e9o avec des filles au hasard. Ce tableau r\u00e9sume les principales caract\u00e9ristiques :<\/p>\n<table>\n<thead>\n<tr>\n<th>Plate-forme<\/th>\n<th align=\"center\">Filtre de genre gratuit<\/th>\n<th align=\"center\">Pas d'inscription<\/th>\n<th align=\"center\">Support mobile<\/th>\n<th align=\"center\">Mod\u00e9ration stricte<\/th>\n<th>Notes<\/th>\n<\/tr>\n<\/thead>\n<tbody>\n<tr>\n<td>StrangerCam<\/td>\n<td align=\"center\">\u2705<\/td>\n<td align=\"center\">\u2705<\/td>\n<td align=\"center\">\u2705<\/td>\n<td align=\"center\">\u2705<\/td>\n<td>100% filtre de genre r\u00e9el et gratuit<\/td>\n<\/tr>\n<tr>\n<td><a href=\"https:\/\/strangercam.com\/fr\/chatroulette\/\">Chatroulette<\/a><\/td>\n<td align=\"center\">\u274c (Pay\u00e9)<\/td>\n<td align=\"center\">\u2705<\/td>\n<td align=\"center\">\u2705<\/td>\n<td align=\"center\">\u2705<\/td>\n<td>Filtre antisexiste payant<\/td>\n<\/tr>\n<tr>\n<td>Chatrandom<\/td>\n<td align=\"center\">\u274c (Pay\u00e9)<\/td>\n<td align=\"center\">\u2705<\/td>\n<td align=\"center\">\u2705<\/td>\n<td align=\"center\">\u2705<\/td>\n<td>Filtre antisexiste payant<\/td>\n<\/tr>\n<tr>\n<td><a href=\"https:\/\/strangercam.com\/fr\/ometv\/\">OmeTV<\/a><\/td>\n<td align=\"center\">\u274c (Al\u00e9atoire)<\/td>\n<td align=\"center\">\u2705<\/td>\n<td align=\"center\">\u2705<\/td>\n<td align=\"center\">\u2705<\/td>\n<td>Pas de s\u00e9lection fiable du sexe<\/td>\n<\/tr>\n<tr>\n<td>Shagle<\/td>\n<td align=\"center\">\u274c (Pay\u00e9)<\/td>\n<td align=\"center\">\u2705<\/td>\n<td align=\"center\">\u2705<\/td>\n<td align=\"center\">\u2705<\/td>\n<td>Filtre antisexiste payant<\/td>\n<\/tr>\n<tr>\n<td><a href=\"https:\/\/strangercam.com\/fr\/coomeet\/\">CooMeet<\/a><\/td>\n<td align=\"center\">\u2705 (Essai gratuit)<\/td>\n<td align=\"center\">\u274c<\/td>\n<td align=\"center\">\u2705<\/td>\n<td align=\"center\">\u2705<\/td>\n<td>Seuls les premiers chats sont gratuits, puis payants<\/td>\n<\/tr>\n<tr>\n<td>LuckyCrush<\/td>\n<td align=\"center\">\u2705 (Pay\u00e9)<\/td>\n<td align=\"center\">\u274c<\/td>\n<td align=\"center\">\u2705<\/td>\n<td align=\"center\">\u2705<\/td>\n<td>Correspondance des sexes uniquement pour les utilisateurs payants<\/td>\n<\/tr>\n<\/tbody>\n<\/table>\n<p>StrangerCam est l'une des rares plateformes \u00e0 proposer un filtre de genre r\u00e9el r\u00e9ellement gratuit et sans inscription pour les appels vid\u00e9o avec des filles.<\/p>\n<h2>Pourquoi StrangerCam est un choix de premier ordre<\/h2>\n<p>Si votre objectif est de trouver une application d'appel vid\u00e9o gratuit avec une fille au hasard, StrangerCam offre plusieurs avantages uniques qui en font une application \u00e0 part en 2025 :<\/p>\n<h3>1. Connexions femelles authentiques<\/h3>\n<p>Contrairement \u00e0 la plupart des concurrents, StrangerCam offre un v\u00e9ritable filtre de genre fonctionnel sans vous faire payer. Si vous souhaitez rencontrer des filles et discuter avec elles, et non des hommes au hasard ou des robots, vous \u00eates au bon endroit.<\/p>\n<h3>2. 100% Gratuit &amp; sans inscription pr\u00e9alable<\/h3>\n<p>Commencez \u00e0 chatter imm\u00e9diatement - pas d'e-mail, pas de connexion, pas de frais et pas de limites.<\/p>\n<h3>3. Interface moderne et propre<\/h3>\n<p>Une conception optimis\u00e9e pour les mobiles et conviviale permet d'obtenir une qualit\u00e9 vid\u00e9o et audio fluide sur n'importe quel appareil.<\/p>\n<h3>4. Forte mod\u00e9ration et respect de la vie priv\u00e9e<\/h3>\n<p>StrangerCam dispose d'outils de signalement robustes, d'une mod\u00e9ration active et d'un syst\u00e8me anti-bot strict pour garder les chats s\u00fbrs et agr\u00e9ables. Vous pouvez bloquer, signaler ou sauter n'importe qui instantan\u00e9ment.<\/p>\n<h3>5. Une base d'utilisateurs diversifi\u00e9e \u00e0 l'\u00e9chelle mondiale<\/h3>\n<p>Rencontrez des filles du monde entier, 24 heures sur 24, 7 jours sur 7. Que vous cherchiez quelqu'un pr\u00e8s de chez vous ou que vous vouliez chatter \u00e0 l'\u00e9tranger, vous trouverez toujours quelqu'un de nouveau.<\/p>\n<h3>6. Une exp\u00e9rience amusante et spontan\u00e9e<\/h3>\n<p>Pas de profil, pas de swiping, pas de pression. Il suffit de cliquer et de se connecter avec de vraies filles, gratuitement.<\/p>\n<h2>T\u00e9moignages d'utilisateurs r\u00e9els<\/h2>\n<p>Vous n'\u00eates toujours pas s\u00fbr ? Voici quelques exp\u00e9riences r\u00e9elles d'utilisateurs qui ont trouv\u00e9 ce qu'ils cherchaient :<\/p>\n<blockquote><p><em>\"J'ai essay\u00e9 un grand nombre d'applications, mais StrangerCam est la seule o\u00f9 j'ai pu rencontrer et discuter avec de vraies filles gratuitement. Pas de murs payants cach\u00e9s, il suffit de cliquer et de parler !<\/em><br \/>\n- Daniel, 27 ans<\/p><\/blockquote>\n<blockquote><p><em>\"En tant que femme, j'aime pouvoir choisir \u00e0 qui parler et me sentir en s\u00e9curit\u00e9. Il y a de la mod\u00e9ration et la possibilit\u00e9 de sauter instantan\u00e9ment si quelqu'un me met mal \u00e0 l'aise.<\/em><br \/>\n- Samantha, 22 ans<\/p><\/blockquote>\n<blockquote><p><em>\"C'est bien qu'il n'y ait pas besoin de s'inscrire. J'ai parl\u00e9 \u00e0 quelqu'un du Br\u00e9sil dans la minute qui a suivi mon inscription. C'est une fa\u00e7on amusante de passer la soir\u00e9e.<\/em><br \/>\n- Alex, 24 ans<\/p><\/blockquote>\n<blockquote><p><em>\"J'\u00e9tais sceptique quant \u00e0 la gratuit\u00e9 du filtre de genre, mais il fonctionne. J'ai rencontr\u00e9 des filles vraiment sympas avec qui discuter, et je n'ai jamais pay\u00e9 un centime.\"<\/em><br \/>\n- Mike, 31 ans<\/p><\/blockquote>\n<h2>Conseils de s\u00e9curit\u00e9 pour le chat vid\u00e9o en ligne<\/h2>\n<p>Lorsque vous utilisez une application gratuite d'appel vid\u00e9o, votre s\u00e9curit\u00e9 et votre vie priv\u00e9e doivent toujours primer. Voici quelques conseils essentiels :<\/p>\n<h3>1. Ne jamais communiquer d'informations personnelles<\/h3>\n<p>Ne donnez pas votre vrai nom, votre adresse, votre num\u00e9ro de t\u00e9l\u00e9phone ou toute autre information personnelle \u00e0 des inconnus.<\/p>\n<h3>2. Utiliser les contr\u00f4les de la plate-forme<\/h3>\n<p>Si une personne vous met mal \u00e0 l'aise, utilisez imm\u00e9diatement les boutons \"Suivant\", \"Bloquer\" ou \"Signaler\".<\/p>\n<h3>3. Attention aux escroqueries<\/h3>\n<p>N'envoyez jamais d'argent, ne cliquez pas sur des liens suspects et n'acceptez pas les demandes de quitter la plateforme pour une autre application de chat.<\/p>\n<h3>4. V\u00e9rifiez vos ant\u00e9c\u00e9dents<\/h3>\n<p>Faites attention \u00e0 ce que votre appareil photo montre derri\u00e8re vous pour \u00e9viter de r\u00e9v\u00e9ler des d\u00e9tails personnels.<\/p>\n<h3>5. Si vous avez moins de 18 ans, n'utilisez pas le chat pour adultes<\/h3>\n<p>Respectez toujours les restrictions d'\u00e2ge et n'utilisez jamais d'applications de chat vid\u00e9o al\u00e9atoires si vous n'avez pas l'\u00e2ge requis.<\/p>\n<h3>6. Utiliser un surnom<\/h3>\n<p>Si la plateforme vous permet de choisir un nom d'utilisateur ou un nom d'affichage, n'utilisez pas votre vrai nom.<\/p>\n<h2>Comment d\u00e9marrer - \u00e9tape par \u00e9tape<\/h2>\n<p>L'utilisation d'une application gratuite d'appel vid\u00e9o avec une fille au hasard est simple et prend moins d'une minute. Voici comment proc\u00e9der :<\/p>\n<ol>\n<li>Ouvrez la plateforme (sur votre t\u00e9l\u00e9phone ou votre ordinateur).<\/li>\n<li>Autorisez l'acc\u00e8s \u00e0 la cam\u00e9ra et au microphone lorsque vous y \u00eates invit\u00e9.<\/li>\n<li>S\u00e9lectionnez votre sexe (choisissez \"fille\" ou \"femme\" si possible).<\/li>\n<li>Cliquez sur \"Start\" ou \"Connect\". Vous serez instantan\u00e9ment mis en relation avec une fille au hasard.<\/li>\n<li>Profitez de votre chat ! Si vous souhaitez rencontrer quelqu'un d'autre, appuyez simplement sur \"Suivant\".<\/li>\n<li>R\u00e9p\u00e9tez autant que vous le souhaitez - c'est 100% gratuit et illimit\u00e9.<\/li>\n<\/ol>\n<p>Conseil de pro : utilisez des \u00e9couteurs pour une meilleure qualit\u00e9 de son et une plus grande confidentialit\u00e9.<\/p>\n<h2>Questions fr\u00e9quemment pos\u00e9es<\/h2>\n<h3>Est-ce vraiment gratuit de faire des appels vid\u00e9o avec des filles au hasard ?<\/h3>\n<p>Oui, StrangerCam et une poign\u00e9e d'autres plateformes vous permettent de chatter avec des filles gratuitement - aucun paiement, cr\u00e9dit ou compte premium n'est n\u00e9cessaire.<\/p>\n<h3>Dois-je m'inscrire ou cr\u00e9er un compte ?<\/h3>\n<p>Non. Les meilleures applications gratuites d'appels vid\u00e9o ne n\u00e9cessitent pas d'inscription ni d'envoi d'e-mail pour d\u00e9marrer.<\/p>\n<h3>Les personnes que je rencontre sont-elles r\u00e9elles ?<\/h3>\n<p>Sur StrangerCam, la mod\u00e9ration active et la v\u00e9rification vid\u00e9o permettent de s'assurer que vous discutez avec de vrais utilisateurs, et non avec des robots ou des imposteurs.<\/p>\n<h3>Puis-je utiliser mon t\u00e9l\u00e9phone ?<\/h3>\n<p>Oui. StrangerCam est enti\u00e8rement adapt\u00e9 aux mobiles, vous pouvez donc chatter \u00e0 partir de n'importe quel t\u00e9l\u00e9phone ou tablette moderne.<\/p>\n<h3>Est-il s\u00fbr ?<\/h3>\n<p>Bien que StrangerCam offre de solides fonctions de confidentialit\u00e9 et de s\u00e9curit\u00e9, vous devez toujours suivre les r\u00e8gles de base de la s\u00e9curit\u00e9 sur Internet (voir les conseils de s\u00e9curit\u00e9 ci-dessus).<\/p>\n<h3>Puis-je choisir de ne discuter qu'avec des filles ?<\/h3>\n<p>Oui, le filtre de genre de StrangerCam vous permet de choisir de ne rencontrer que des utilisateurs f\u00e9minins - gratuitement.<\/p>\n<p>Si vous avez d\u00e9j\u00e0 cherch\u00e9 une application d'appel vid\u00e9o gratuit avec une fille au hasard, la bonne nouvelle est qu'elle existe vraiment, et qu'elle est meilleure que jamais en 2025. StrangerCam associe un design moderne et intuitif \u00e0 un filtre de genre r\u00e9ellement gratuit et \u00e0 une mod\u00e9ration en temps r\u00e9el pour cr\u00e9er l'une des meilleures exp\u00e9riences de chat vid\u00e9o en ligne.<\/p>\n<p>Ne perdez pas votre temps avec des applications qui promettent un chat vid\u00e9o gratuit mais qui vous obligent \u00e0 payer ou \u00e0 vous inscrire juste pour parler \u00e0 des filles. Choisissez une plateforme o\u00f9 vous pouvez vous connecter, rire et vous faire de nouveaux amis instantan\u00e9ment et gratuitement.<\/p>\n<p>Pr\u00eat \u00e0 rencontrer quelqu'un de nouveau ? Essayez une application d'appel vid\u00e9o gratuite d\u00e8s maintenant et d\u00e9couvrez l'excitation du chat vid\u00e9o al\u00e9atoire avec de vraies filles - sans engagement.<\/p>","protected":false},"excerpt":{"rendered":"<p>Are you searching for a free video call app with random girls? You\u2019re not alone. Millions of people every month are looking for genuine, spontaneous video chats with new people \u2013 especially with girls who are fun, friendly, and interested in meeting someone new. Whether you\u2019re feeling lonely, bored, or just curious, finding the right [&hellip;]<\/p>\n","protected":false},"author":8,"featured_media":0,"parent":0,"menu_order":0,"comment_status":"closed","ping_status":"closed","template":"","meta":{"footnotes":""},"class_list":["post-12954","page","type-page","status-publish","hentry"],"yoast_head":"<!-- This site is optimized with the Yoast SEO plugin v27.4 - https:\/\/yoast.com\/product\/yoast-seo-wordpress\/ -->\n<title>Free Video Call App With Random Girl - StrangerCam.com<\/title>\n<meta name=\"description\" content=\"Free Video Call App With Random Girl anonymously with over 5.000.000 strangers. No Sign-Up Required! Cam with strangers on StrangerCam.com.\" \/>\n<meta name=\"robots\" content=\"index, follow, max-snippet:-1, max-image-preview:large, max-video-preview:-1\" \/>\n<link rel=\"canonical\" href=\"https:\/\/strangercam.com\/fr\/appel-video-gratuit-avec-une-fille-au-hasard\/\" \/>\n<meta property=\"og:locale\" content=\"fr_FR\" \/>\n<meta property=\"og:type\" content=\"article\" \/>\n<meta property=\"og:title\" content=\"Free Video Call App With Random Girl - StrangerCam.com\" \/>\n<meta property=\"og:description\" content=\"Free Video Call App With Random Girl anonymously with over 5.000.000 strangers. No Sign-Up Required! Cam with strangers on StrangerCam.com.\" \/>\n<meta property=\"og:url\" content=\"https:\/\/strangercam.com\/fr\/appel-video-gratuit-avec-une-fille-au-hasard\/\" \/>\n<meta property=\"og:site_name\" content=\"Strangercam\" \/>\n<meta property=\"article:publisher\" content=\"https:\/\/www.facebook.com\/strangercam\" \/>\n<meta property=\"article:modified_time\" content=\"2025-08-05T08:47:38+00:00\" \/>\n<meta property=\"og:image\" content=\"https:\/\/strangercam.com\/wp-content\/uploads\/2021\/10\/Untitled-2.png\" \/>\n\t<meta property=\"og:image:width\" content=\"800\" \/>\n\t<meta property=\"og:image:height\" content=\"532\" \/>\n\t<meta property=\"og:image:type\" content=\"image\/png\" \/>\n<meta name=\"twitter:card\" content=\"summary_large_image\" \/>\n<meta name=\"twitter:site\" content=\"@strangercamapp\" \/>\n<meta name=\"twitter:label1\" content=\"Dur\u00e9e de lecture estim\u00e9e\" \/>\n\t<meta name=\"twitter:data1\" content=\"7 minutes\" \/>\n<script type=\"application\/ld+json\" class=\"yoast-schema-graph\">{\"@context\":\"https:\\\/\\\/schema.org\",\"@graph\":[{\"@type\":\"WebPage\",\"@id\":\"https:\\\/\\\/strangercam.com\\\/free-video-call-app-with-random-girl\\\/\",\"url\":\"https:\\\/\\\/strangercam.com\\\/free-video-call-app-with-random-girl\\\/\",\"name\":\"Free Video Call App With Random Girl - StrangerCam.com\",\"isPartOf\":{\"@id\":\"https:\\\/\\\/strangercam.com\\\/#website\"},\"datePublished\":\"2025-08-05T08:47:17+00:00\",\"dateModified\":\"2025-08-05T08:47:38+00:00\",\"description\":\"Free Video Call App With Random Girl anonymously with over 5.000.000 strangers. No Sign-Up Required! Cam with strangers on StrangerCam.com.\",\"breadcrumb\":{\"@id\":\"https:\\\/\\\/strangercam.com\\\/free-video-call-app-with-random-girl\\\/#breadcrumb\"},\"inLanguage\":\"fr-FR\",\"potentialAction\":[{\"@type\":\"ReadAction\",\"target\":[\"https:\\\/\\\/strangercam.com\\\/free-video-call-app-with-random-girl\\\/\"]}]},{\"@type\":\"BreadcrumbList\",\"@id\":\"https:\\\/\\\/strangercam.com\\\/free-video-call-app-with-random-girl\\\/#breadcrumb\",\"itemListElement\":[{\"@type\":\"ListItem\",\"position\":1,\"name\":\"Home\",\"item\":\"https:\\\/\\\/strangercam.com\\\/\"},{\"@type\":\"ListItem\",\"position\":2,\"name\":\"Free Video Call App With Random Girl\"}]},{\"@type\":\"WebSite\",\"@id\":\"https:\\\/\\\/strangercam.com\\\/#website\",\"url\":\"https:\\\/\\\/strangercam.com\\\/\",\"name\":\"Strangercam\",\"description\":\"Random Video Chat with Strangers\",\"publisher\":{\"@id\":\"https:\\\/\\\/strangercam.com\\\/#organization\"},\"alternateName\":\"Strangercam.com\",\"potentialAction\":[{\"@type\":\"SearchAction\",\"target\":{\"@type\":\"EntryPoint\",\"urlTemplate\":\"https:\\\/\\\/strangercam.com\\\/?s={search_term_string}\"},\"query-input\":{\"@type\":\"PropertyValueSpecification\",\"valueRequired\":true,\"valueName\":\"search_term_string\"}}],\"inLanguage\":\"fr-FR\"},{\"@type\":\"Organization\",\"@id\":\"https:\\\/\\\/strangercam.com\\\/#organization\",\"name\":\"Strangercam\",\"alternateName\":\"Strangercam.com\",\"url\":\"https:\\\/\\\/strangercam.com\\\/\",\"logo\":{\"@type\":\"ImageObject\",\"inLanguage\":\"fr-FR\",\"@id\":\"https:\\\/\\\/strangercam.com\\\/#\\\/schema\\\/logo\\\/image\\\/\",\"url\":\"https:\\\/\\\/strangercam.com\\\/wp-content\\\/uploads\\\/2020\\\/11\\\/cropped-new-favicon-black.png\",\"contentUrl\":\"https:\\\/\\\/strangercam.com\\\/wp-content\\\/uploads\\\/2020\\\/11\\\/cropped-new-favicon-black.png\",\"width\":512,\"height\":512,\"caption\":\"Strangercam\"},\"image\":{\"@id\":\"https:\\\/\\\/strangercam.com\\\/#\\\/schema\\\/logo\\\/image\\\/\"},\"sameAs\":[\"https:\\\/\\\/www.facebook.com\\\/strangercam\",\"https:\\\/\\\/x.com\\\/strangercamapp\"]}]}<\/script>\n<!-- \/ Yoast SEO plugin. -->","yoast_head_json":{"title":"Appel vid\u00e9o gratuit avec une fille au hasard - StrangerCam.com","description":"Appel vid\u00e9o gratuit avec une fille au hasard, anonymement avec plus de 5.000.000 d'inconnus. Aucune inscription requise ! Campez avec des inconnus sur StrangerCam.com.","robots":{"index":"index","follow":"follow","max-snippet":"max-snippet:-1","max-image-preview":"max-image-preview:large","max-video-preview":"max-video-preview:-1"},"canonical":"https:\/\/strangercam.com\/fr\/appel-video-gratuit-avec-une-fille-au-hasard\/","og_locale":"fr_FR","og_type":"article","og_title":"Free Video Call App With Random Girl - StrangerCam.com","og_description":"Free Video Call App With Random Girl anonymously with over 5.000.000 strangers. No Sign-Up Required! Cam with strangers on StrangerCam.com.","og_url":"https:\/\/strangercam.com\/fr\/appel-video-gratuit-avec-une-fille-au-hasard\/","og_site_name":"Strangercam","article_publisher":"https:\/\/www.facebook.com\/strangercam","article_modified_time":"2025-08-05T08:47:38+00:00","og_image":[{"width":800,"height":532,"url":"https:\/\/strangercam.com\/wp-content\/uploads\/2021\/10\/Untitled-2.png","type":"image\/png"}],"twitter_card":"summary_large_image","twitter_site":"@strangercamapp","twitter_misc":{"Dur\u00e9e de lecture estim\u00e9e":"7 minutes"},"schema":{"@context":"https:\/\/schema.org","@graph":[{"@type":"WebPage","@id":"https:\/\/strangercam.com\/free-video-call-app-with-random-girl\/","url":"https:\/\/strangercam.com\/free-video-call-app-with-random-girl\/","name":"Appel vid\u00e9o gratuit avec une fille au hasard - StrangerCam.com","isPartOf":{"@id":"https:\/\/strangercam.com\/#website"},"datePublished":"2025-08-05T08:47:17+00:00","dateModified":"2025-08-05T08:47:38+00:00","description":"Appel vid\u00e9o gratuit avec une fille au hasard, anonymement avec plus de 5.000.000 d'inconnus. Aucune inscription requise ! Campez avec des inconnus sur StrangerCam.com.","breadcrumb":{"@id":"https:\/\/strangercam.com\/free-video-call-app-with-random-girl\/#breadcrumb"},"inLanguage":"fr-FR","potentialAction":[{"@type":"ReadAction","target":["https:\/\/strangercam.com\/free-video-call-app-with-random-girl\/"]}]},{"@type":"BreadcrumbList","@id":"https:\/\/strangercam.com\/free-video-call-app-with-random-girl\/#breadcrumb","itemListElement":[{"@type":"ListItem","position":1,"name":"Home","item":"https:\/\/strangercam.com\/"},{"@type":"ListItem","position":2,"name":"Free Video Call App With Random Girl"}]},{"@type":"WebSite","@id":"https:\/\/strangercam.com\/#website","url":"https:\/\/strangercam.com\/","name":"Strangercam","description":"Chat vid\u00e9o al\u00e9atoire avec des inconnus","publisher":{"@id":"https:\/\/strangercam.com\/#organization"},"alternateName":"Strangercam.com","potentialAction":[{"@type":"SearchAction","target":{"@type":"EntryPoint","urlTemplate":"https:\/\/strangercam.com\/?s={search_term_string}"},"query-input":{"@type":"PropertyValueSpecification","valueRequired":true,"valueName":"search_term_string"}}],"inLanguage":"fr-FR"},{"@type":"Organization","@id":"https:\/\/strangercam.com\/#organization","name":"Strangercam","alternateName":"Strangercam.com","url":"https:\/\/strangercam.com\/","logo":{"@type":"ImageObject","inLanguage":"fr-FR","@id":"https:\/\/strangercam.com\/#\/schema\/logo\/image\/","url":"https:\/\/strangercam.com\/wp-content\/uploads\/2020\/11\/cropped-new-favicon-black.png","contentUrl":"https:\/\/strangercam.com\/wp-content\/uploads\/2020\/11\/cropped-new-favicon-black.png","width":512,"height":512,"caption":"Strangercam"},"image":{"@id":"https:\/\/strangercam.com\/#\/schema\/logo\/image\/"},"sameAs":["https:\/\/www.facebook.com\/strangercam","https:\/\/x.com\/strangercamapp"]}]}},"_links":{"self":[{"href":"https:\/\/strangercam.com\/fr\/wp-json\/wp\/v2\/pages\/12954","targetHints":{"allow":["GET"]}}],"collection":[{"href":"https:\/\/strangercam.com\/fr\/wp-json\/wp\/v2\/pages"}],"about":[{"href":"https:\/\/strangercam.com\/fr\/wp-json\/wp\/v2\/types\/page"}],"author":[{"embeddable":true,"href":"https:\/\/strangercam.com\/fr\/wp-json\/wp\/v2\/users\/8"}],"replies":[{"embeddable":true,"href":"https:\/\/strangercam.com\/fr\/wp-json\/wp\/v2\/comments?post=12954"}],"version-history":[{"count":1,"href":"https:\/\/strangercam.com\/fr\/wp-json\/wp\/v2\/pages\/12954\/revisions"}],"predecessor-version":[{"id":12955,"href":"https:\/\/strangercam.com\/fr\/wp-json\/wp\/v2\/pages\/12954\/revisions\/12955"}],"wp:attachment":[{"href":"https:\/\/strangercam.com\/fr\/wp-json\/wp\/v2\/media?parent=12954"}],"curies":[{"name":"wp","href":"https:\/\/api.w.org\/{rel}","templated":true}]}}