{"id":12944,"date":"2025-07-28T11:56:56","date_gmt":"2025-07-28T09:56:56","guid":{"rendered":"https:\/\/strangercam.com\/?page_id=12944"},"modified":"2025-07-28T11:56:56","modified_gmt":"2025-07-28T09:56:56","slug":"lotta","status":"publish","type":"page","link":"https:\/\/strangercam.com\/fr\/lotta\/","title":{"rendered":"Lotta"},"content":{"rendered":"<p>Comme les plateformes classiques de chat vid\u00e9o al\u00e9atoire telles que <a href=\"https:\/\/strangercam.com\/fr\/omegle\/\">Omegle<\/a> Bien qu'il ne soit plus sous les feux de la rampe, une nouvelle vague de sites se met en place pour offrir aux utilisateurs la m\u00eame exp\u00e9rience spontan\u00e9e et anonyme, avec une touche de modernit\u00e9. Lotta est l'une des alternatives les plus r\u00e9centes et \u00e0 la croissance la plus rapide en 2025, combinant l'excitation du chat al\u00e9atoire de cam\u00e9ra \u00e0 cam\u00e9ra avec une vitesse et une s\u00e9curit\u00e9 accrues, ainsi qu'une interface \u00e9l\u00e9gante et adapt\u00e9e aux t\u00e9l\u00e9phones portables.<\/p>\n<p>Mais Lotta vaut-il la peine d'\u00eatre utilis\u00e9 ? Se d\u00e9marque-t-il des autres nouveaux sites de chat vid\u00e9o de type Omegle ? Dans cet article complet, nous aborderons tout ce que vous devez savoir : comment fonctionne Lotta, quelles sont ses fonctionnalit\u00e9s, qui l'utilise et comment il se compare aux autres grandes plateformes de chat al\u00e9atoire en 2025.<\/p>\n<h2>Qu'est-ce que le Lotta ?<\/h2>\n<p>Lotta est une plateforme de chat vid\u00e9o al\u00e9atoire bas\u00e9e sur un navigateur, con\u00e7ue pour des connexions instantan\u00e9es et anonymes avec des inconnus du monde entier. Les utilisateurs peuvent s'inscrire d'un simple clic - aucune inscription, aucun profil, aucun t\u00e9l\u00e9chargement d'application n'est n\u00e9cessaire. Le site est con\u00e7u pour \u00eatre rapide et simple, et vous permet de d\u00e9marrer des chats vid\u00e9o en direct en quelques secondes.<\/p>\n<p>Tout comme Omegle, Lotta met en relation des utilisateurs un \u00e0 un pour des conversations vid\u00e9o priv\u00e9es. Mais alors que l'interface de Omegle semble aujourd'hui d\u00e9pass\u00e9e et que sa mod\u00e9ration est incoh\u00e9rente, Lotta offre une exp\u00e9rience plus moderne, plus s\u00fbre et plus conviviale, tout en restant 100% gratuit.<\/p>\n<h2>Quel est l'objectif de Lotta ?<\/h2>\n<p>Lotta a \u00e9t\u00e9 cr\u00e9\u00e9 pour faire revivre la magie du chat vid\u00e9o anonyme et al\u00e9atoire qui a fait de Omegle un ph\u00e9nom\u00e8ne culturel, mais avec des am\u00e9liorations essentielles pour les utilisateurs d'aujourd'hui :<\/p>\n<ul>\n<li>Rencontres spontan\u00e9es, en face \u00e0 face : <a href=\"https:\/\/strangercam.com\/fr\/coomeet\/\">Rencontrer<\/a> quelqu'un de nouveau, \u00e0 tout moment, de n'importe o\u00f9.<\/li>\n<li>Un v\u00e9ritable anonymat : Pas de profil, pas d'inscription, pas de m\u00e9dias sociaux.<\/li>\n<li>S\u00e9curit\u00e9 moderne et mod\u00e9ration : Maintenir des conversations s\u00fbres et accueillantes.<\/li>\n<li>Un acc\u00e8s rapide et sans friction : Commencez \u00e0 chatter instantan\u00e9ment sur votre ordinateur ou votre t\u00e9l\u00e9phone portable.<\/li>\n<\/ul>\n<p>Que vous souhaitiez vous faire de nouveaux amis, pratiquer une langue, flirter ou simplement discuter avec un inconnu, Lotta est fait pour vous.<\/p>\n<h2>Caract\u00e9ristiques principales<\/h2>\n<p>1. Chat vid\u00e9o al\u00e9atoire en t\u00eate-\u00e0-t\u00eate<br \/>\nLa fonction principale de Lotta est le chat instantan\u00e9 et priv\u00e9 de cam\u00e9ra \u00e0 cam\u00e9ra. Cliquez sur \"D\u00e9marrer\", activez votre webcam et votre micro, et vous \u00eates jumel\u00e9 en quelques secondes. Pas de nom d'utilisateur ni de biographie, juste vous et un inconnu, face \u00e0 face.<\/p>\n<p>2. Option de chat textuel<br \/>\nOutre la vid\u00e9o, le Lotta permet aux utilisateurs d'envoyer des messages textuels dans le cadre du chat. Cette fonction est utile pour briser la glace, surmonter les barri\u00e8res linguistiques ou si vous pr\u00e9f\u00e9rez ne pas parler \u00e0 voix haute.<\/p>\n<p>3. Bouton Suivant\/Saut<br \/>\nSi vous ne vous sentez pas \u00e0 l'aise, il vous suffit de cliquer sur \"Suivant\" pour \u00eatre instantan\u00e9ment mis en relation avec quelqu'un d'autre. Il n'y a pas de p\u00e9nalit\u00e9 ni de limite au nombre de fois o\u00f9 vous pouvez passer \u00e0 autre chose.<\/p>\n<p>4. 100% Anonyme, pas d'enregistrement<br \/>\nVous n'avez pas besoin de vous inscrire, de cr\u00e9er un profil ou de partager des informations personnelles. Toutes les sessions sont temporaires et priv\u00e9es, ce qui fait de Lotta l'une des exp\u00e9riences de chat les plus anonymes qui soient.<\/p>\n<p>5. Conception moderne et optimis\u00e9e pour les mobiles<br \/>\nLotta fonctionne de mani\u00e8re transparente sur les navigateurs de bureau et mobiles. L'interface est propre et r\u00e9active, ce qui facilite le chat sur votre t\u00e9l\u00e9phone, votre tablette ou votre ordinateur portable, sans aucun t\u00e9l\u00e9chargement.<\/p>\n<p>6. Outils de mod\u00e9ration et de rapport<br \/>\nPour assurer la s\u00e9curit\u00e9 de la plateforme, Lotta propose un bouton de signalement dans le chat et utilise une combinaison de mod\u00e9ration automatis\u00e9e (aliment\u00e9e par l'IA) et humaine. Les utilisateurs peuvent signaler instantan\u00e9ment tout contenu ou comportement inappropri\u00e9.<\/p>\n<p>7. Correspondance rapide et faible latence<br \/>\nLe moteur de correspondance de Lotta est con\u00e7u pour la vitesse. Les connexions vid\u00e9o sont rapides et stables, avec un d\u00e9calage minimal, m\u00eame pendant les heures de pointe ou sur les appareils mobiles.<\/p>\n<h2>Le Lotta est-il gratuit ?<\/h2>\n<p>Oui, l'utilisation de Lotta est enti\u00e8rement gratuite. Toutes les fonctionnalit\u00e9s de base - chat vid\u00e9o, chat texte et saut illimit\u00e9 - sont accessibles \u00e0 tous, sans mur d'entr\u00e9e ni abonnement cach\u00e9.<\/p>\n<p>Le site peut contenir des publicit\u00e9s l\u00e9g\u00e8res et non intrusives pour soutenir les op\u00e9rations, mais celles-ci n'interrompent jamais l'exp\u00e9rience du chat et n'en limitent pas l'acc\u00e8s.<\/p>\n<h2>Qui utilise le Lotta ?<\/h2>\n<p>Lotta est en train de se constituer rapidement une base d'utilisateurs diversifi\u00e9e et mondiale :<\/p>\n<ul>\n<li>\u00c2ge : Principalement 18-35 ans (strictement adultes)<\/li>\n<li>Localisation : Utilisateurs des \u00c9tats-Unis, du Canada, du Royaume-Uni, de l'Allemagne, de l'Inde, du Br\u00e9sil, de l'Asie du Sud-Est, etc.<\/li>\n<li>Int\u00e9r\u00eats : Flirter, se faire des amis, \u00e9change de langues, conversation d\u00e9contract\u00e9e, d\u00e9couverte culturelle<\/li>\n<\/ul>\n<p>En raison de sa nouveaut\u00e9, le Lotta tend \u00e0 attirer les utilisateurs f\u00e9rus de technologie, les \u00e9tudiants et ceux qui regrettent l'\u00e9nergie non sc\u00e9naris\u00e9e du Omegle classique. La r\u00e9partition par sexe est similaire \u00e0 celle des autres <a href=\"https:\/\/strangercam.com\/fr\/bazoocam\/\">came<\/a> Il compte plus d'utilisateurs masculins que f\u00e9minins, mais la participation des femmes augmente \u00e0 mesure que le site gagne en popularit\u00e9 et en r\u00e9putation.<\/p>\n<h2>S\u00e9curit\u00e9, vie priv\u00e9e et mod\u00e9ration<\/h2>\n<p>Lotta reconna\u00eet que l'anonymat apporte \u00e0 la fois libert\u00e9 et risque. La plateforme adopte une approche proactive de la s\u00e9curit\u00e9 et de la confidentialit\u00e9 des utilisateurs :<\/p>\n<h3>Vie priv\u00e9e<\/h3>\n<ul>\n<li>Pas d'inscription ni de donn\u00e9es personnelles requises<\/li>\n<li>Les chats ne sont ni enregistr\u00e9s ni stock\u00e9s<\/li>\n<li>Vous contr\u00f4lez votre webcam\/micro \u00e0 tout moment<\/li>\n<li>Pas de partage d'IP avec les partenaires de chat<\/li>\n<\/ul>\n<h3>La mod\u00e9ration<\/h3>\n<ul>\n<li>Bouton de signalement dans le chat : Signaler instantan\u00e9ment tout comportement inappropri\u00e9 ou abusif<\/li>\n<li>Filtrage de contenu aliment\u00e9 par l'IA : D\u00e9tecte et bloque certaines violations en temps r\u00e9el<\/li>\n<li>Mod\u00e9rateurs humains : examinent les rapports et appliquent les r\u00e8gles de la plateforme<\/li>\n<\/ul>\n<h3>Meilleures pratiques<\/h3>\n<ul>\n<li>Ne jamais communiquer d'informations personnelles dans un chat<\/li>\n<li>Utilisez les boutons \"Suivant\" et \"Rapport\" chaque fois que vous vous sentez mal \u00e0 l'aise.<\/li>\n<li>N'oubliez pas que toutes les interactions se font avec des inconnus ; faites preuve de la prudence habituelle sur Internet.<\/li>\n<\/ul>\n<h2>Exp\u00e9rience et conception des utilisateurs<\/h2>\n<p>L'interface utilisateur de Lotta est l'une de ses meilleures caract\u00e9ristiques. Elle est moderne, minimale et sans distraction :<\/p>\n<ul>\n<li>La page d'accueil pr\u00e9sente un bouton \"Start Chat\" en gras avec des informations et des r\u00e8gles de confidentialit\u00e9 claires.<\/li>\n<li>En quelques secondes, vous \u00eates jumel\u00e9 et vous discutez en direct.<\/li>\n<li>Les fen\u00eatres vid\u00e9o sont grandes et les commandes de mise en sourdine, de saut et de rapport sont faciles \u00e0 utiliser.<\/li>\n<li>L'interface mobile est tout aussi propre et utilisable que la version de bureau.<\/li>\n<\/ul>\n<p>Lotta \u00e9vite les pop-ups, les publicit\u00e9s excessives et les demandes d'enregistrement, pour une exp\u00e9rience de chat agr\u00e9able et sans friction \u00e0 chaque fois.<\/p>\n<h2>Lotta vs. autres plateformes de chat vid\u00e9o al\u00e9atoire<\/h2>\n<p>Comment le Lotta se compare-t-il aux alternatives du Omegle en 2025 ?<\/p>\n<table>\n<thead>\n<tr>\n<th>Fonctionnalit\u00e9<\/th>\n<th>Lotta<\/th>\n<th>Omegle (ferm\u00e9)<\/th>\n<th>Ohmegle<\/th>\n<th><a href=\"https:\/\/strangercam.com\/fr\/ometv\/\">OmeTV<\/a><\/th>\n<th>Chaty<\/th>\n<th>ChitChatTV<\/th>\n<\/tr>\n<\/thead>\n<tbody>\n<tr>\n<td>Chat vid\u00e9o<\/td>\n<td>Oui<\/td>\n<td>Oui<\/td>\n<td>Oui<\/td>\n<td>Oui<\/td>\n<td>Oui<\/td>\n<td>Oui<\/td>\n<\/tr>\n<tr>\n<td>Chat textuel<\/td>\n<td>Oui<\/td>\n<td>Oui<\/td>\n<td>Oui<\/td>\n<td>Oui<\/td>\n<td>Oui<\/td>\n<td>Oui<\/td>\n<\/tr>\n<tr>\n<td>Inscription n\u00e9cessaire<\/td>\n<td>Non<\/td>\n<td>Non<\/td>\n<td>Non<\/td>\n<td>Non<\/td>\n<td>Non<\/td>\n<td>Non<\/td>\n<\/tr>\n<tr>\n<td>Support mobile<\/td>\n<td>Excellent<\/td>\n<td>Pauvre<\/td>\n<td>Excellent<\/td>\n<td>Bon<\/td>\n<td>Excellent<\/td>\n<td>Excellent<\/td>\n<\/tr>\n<tr>\n<td>Filtre de genre\/r\u00e9gion<\/td>\n<td>Non<\/td>\n<td>Non<\/td>\n<td>Non<\/td>\n<td>Pay\u00e9<\/td>\n<td>Non<\/td>\n<td>Non<\/td>\n<\/tr>\n<tr>\n<td>Mod\u00e9ration\/rapport<\/td>\n<td>Bon<\/td>\n<td>Faible<\/td>\n<td>Mod\u00e9r\u00e9<\/td>\n<td>Fort<\/td>\n<td>Mod\u00e9r\u00e9<\/td>\n<td>Bon<\/td>\n<\/tr>\n<tr>\n<td>Utilisation gratuite<\/td>\n<td>Oui<\/td>\n<td>Oui<\/td>\n<td>Oui<\/td>\n<td>Oui\/Pay\u00e9<\/td>\n<td>Oui<\/td>\n<td>Oui<\/td>\n<\/tr>\n<\/tbody>\n<\/table>\n<p>R\u00e9sum\u00e9 : Lotta rivalise avec Ohmegle, Chaty et ChitChatTV en termes de vitesse et de facilit\u00e9 d'utilisation, mais se distingue par son nouveau design et son exp\u00e9rience fluide, en particulier pour les nouveaux utilisateurs et les utilisateurs mobiles.<\/p>\n<h2>Avantages et inconv\u00e9nients<\/h2>\n<p>Pour :<\/p>\n<ul>\n<li>100% acc\u00e8s gratuit et instantan\u00e9 - aucune inscription n\u00e9cessaire<\/li>\n<li>Enti\u00e8rement anonyme et priv\u00e9<\/li>\n<li>Connexions vid\u00e9o et textuelles rapides et stables<\/li>\n<li>Interface \u00e9l\u00e9gante, moderne et optimis\u00e9e pour les mobiles<\/li>\n<li>Outils robustes de reporting et de mod\u00e9ration<\/li>\n<li>Id\u00e9al pour les conversations informelles dans le monde entier<\/li>\n<\/ul>\n<p>Cons :<\/p>\n<ul>\n<li>Pas de filtre de sexe ou de lieu (les correspondances sont al\u00e9atoires)<\/li>\n<li>Exposition occasionnelle \u00e0 des comportements inappropri\u00e9s (malgr\u00e9 la mod\u00e9ration)<\/li>\n<li>Pas de profil d'utilisateur, de liste d'amis ou de possibilit\u00e9 de se reconnecter<\/li>\n<li>Plus d'utilisateurs masculins que f\u00e9minins (fr\u00e9quent dans ce cr\u00e9neau)<\/li>\n<li>La plateforme continue d'accro\u00eetre sa base d'utilisateurs par rapport aux g\u00e9ants plus anciens<\/li>\n<\/ul>\n<h2>Cas d'utilisation id\u00e9aux<\/h2>\n<p>Lotta est parfait pour :<\/p>\n<p>Ventilateurs de Omegle, <a href=\"https:\/\/strangercam.com\/fr\/chatroulette\/\">Chatroulette<\/a>, ou Ohmegle \u00e0 la recherche d'une nouvelle plateforme<\/p>\n<p>Utilisateurs souhaitant un chat rapide, anonyme et vid\u00e9o sans enregistrement<\/p>\n<p>Les apprenants de langues, les expatri\u00e9s et les voyageurs souhaitant avoir des conversations globales<\/p>\n<p>Les personnes qui cherchent \u00e0 se rencontrer spontan\u00e9ment, \u00e0 s'amuser ou \u00e0 se d\u00e9sennuyer.<\/p>\n<p>Il est moins id\u00e9al pour :<\/p>\n<ul>\n<li>Ceux qui recherchent des fonctions sp\u00e9cifiques aux rencontres ou des filtres d'utilisateurs<\/li>\n<li>Utilisateurs de moins de 18 ans (condition d'\u00e2ge stricte)<\/li>\n<li>Les personnes souhaitant reprendre contact avec des utilisateurs sp\u00e9cifiques ou \u00e9tablir des discussions \u00e0 long terme<\/li>\n<\/ul>\n<p>Lotta est l'un des meilleurs nouveaux sites de chat vid\u00e9o de type Omegle en 2025, offrant des connexions instantan\u00e9es et anonymes avec des inconnus dans un format moderne et convivial. L'absence d'inscription, la rapidit\u00e9 de la mise en relation et l'importance accord\u00e9e \u00e0 la confidentialit\u00e9 et \u00e0 la s\u00e9curit\u00e9 en font un digne successeur du chat vid\u00e9o al\u00e9atoire classique.<\/p>\n<p>Si vous souhaitez rencontrer de nouvelles personnes, vous faire des amis, flirter ou simplement discuter en temps r\u00e9el avec quelqu'un \u00e0 travers le monde, PT154T m\u00e9rite absolument d'\u00eatre essay\u00e9. Son design original, ses performances fiables et ses fonctionnalit\u00e9s accessibles en font un choix de premier ordre pour la prochaine g\u00e9n\u00e9ration de chatteurs al\u00e9atoires.<\/p>","protected":false},"excerpt":{"rendered":"<p>As classic random video chat platforms like Omegle fade from the spotlight, a new wave of sites is stepping up to offer users the same spontaneous, anonymous experience\u2014with a modern twist. Lotta is one of the newest and fastest-growing alternatives in 2025, combining the core excitement of random cam-to-cam chat with improved speed, security, and [&hellip;]<\/p>\n","protected":false},"author":6,"featured_media":0,"parent":0,"menu_order":0,"comment_status":"closed","ping_status":"closed","template":"","meta":{"footnotes":""},"class_list":["post-12944","page","type-page","status-publish","hentry"],"yoast_head":"<!-- This site is optimized with the Yoast SEO plugin v27.4 - https:\/\/yoast.com\/product\/yoast-seo-wordpress\/ -->\n<title>Lotta - Meet Strangers &amp; Video Chat Online - StrangerCam<\/title>\n<meta name=\"description\" content=\"Like Lotta? Come chat with more than 5.000.000 strangers on Stranger Cam for Free! Turn on your cam and find new friends &amp; maby a match!\" \/>\n<meta name=\"robots\" content=\"index, follow, max-snippet:-1, max-image-preview:large, max-video-preview:-1\" \/>\n<link rel=\"canonical\" href=\"https:\/\/strangercam.com\/fr\/lotta\/\" \/>\n<meta property=\"og:locale\" content=\"fr_FR\" \/>\n<meta property=\"og:type\" content=\"article\" \/>\n<meta property=\"og:title\" content=\"Lotta - Meet Strangers &amp; Video Chat Online - StrangerCam\" \/>\n<meta property=\"og:description\" content=\"Like Lotta? Come chat with more than 5.000.000 strangers on Stranger Cam for Free! Turn on your cam and find new friends &amp; maby a match!\" \/>\n<meta property=\"og:url\" content=\"https:\/\/strangercam.com\/fr\/lotta\/\" \/>\n<meta property=\"og:site_name\" content=\"Strangercam\" \/>\n<meta property=\"article:publisher\" content=\"https:\/\/www.facebook.com\/strangercam\" \/>\n<meta property=\"og:image\" content=\"https:\/\/strangercam.com\/wp-content\/uploads\/2021\/10\/Untitled-2.png\" \/>\n\t<meta property=\"og:image:width\" content=\"800\" \/>\n\t<meta property=\"og:image:height\" content=\"532\" \/>\n\t<meta property=\"og:image:type\" content=\"image\/png\" \/>\n<meta name=\"twitter:card\" content=\"summary_large_image\" \/>\n<meta name=\"twitter:site\" content=\"@strangercamapp\" \/>\n<meta name=\"twitter:label1\" content=\"Dur\u00e9e de lecture estim\u00e9e\" \/>\n\t<meta name=\"twitter:data1\" content=\"6 minutes\" \/>\n<script type=\"application\/ld+json\" class=\"yoast-schema-graph\">{\"@context\":\"https:\\\/\\\/schema.org\",\"@graph\":[{\"@type\":\"WebPage\",\"@id\":\"https:\\\/\\\/strangercam.com\\\/lotta\\\/\",\"url\":\"https:\\\/\\\/strangercam.com\\\/lotta\\\/\",\"name\":\"Lotta - Meet Strangers & Video Chat Online - StrangerCam\",\"isPartOf\":{\"@id\":\"https:\\\/\\\/strangercam.com\\\/#website\"},\"datePublished\":\"2025-07-28T09:56:56+00:00\",\"description\":\"Like Lotta? Come chat with more than 5.000.000 strangers on Stranger Cam for Free! Turn on your cam and find new friends & maby a match!\",\"breadcrumb\":{\"@id\":\"https:\\\/\\\/strangercam.com\\\/lotta\\\/#breadcrumb\"},\"inLanguage\":\"fr-FR\",\"potentialAction\":[{\"@type\":\"ReadAction\",\"target\":[\"https:\\\/\\\/strangercam.com\\\/lotta\\\/\"]}]},{\"@type\":\"BreadcrumbList\",\"@id\":\"https:\\\/\\\/strangercam.com\\\/lotta\\\/#breadcrumb\",\"itemListElement\":[{\"@type\":\"ListItem\",\"position\":1,\"name\":\"Home\",\"item\":\"https:\\\/\\\/strangercam.com\\\/\"},{\"@type\":\"ListItem\",\"position\":2,\"name\":\"Lotta\"}]},{\"@type\":\"WebSite\",\"@id\":\"https:\\\/\\\/strangercam.com\\\/#website\",\"url\":\"https:\\\/\\\/strangercam.com\\\/\",\"name\":\"Strangercam\",\"description\":\"Random Video Chat with Strangers\",\"publisher\":{\"@id\":\"https:\\\/\\\/strangercam.com\\\/#organization\"},\"alternateName\":\"Strangercam.com\",\"potentialAction\":[{\"@type\":\"SearchAction\",\"target\":{\"@type\":\"EntryPoint\",\"urlTemplate\":\"https:\\\/\\\/strangercam.com\\\/?s={search_term_string}\"},\"query-input\":{\"@type\":\"PropertyValueSpecification\",\"valueRequired\":true,\"valueName\":\"search_term_string\"}}],\"inLanguage\":\"fr-FR\"},{\"@type\":\"Organization\",\"@id\":\"https:\\\/\\\/strangercam.com\\\/#organization\",\"name\":\"Strangercam\",\"alternateName\":\"Strangercam.com\",\"url\":\"https:\\\/\\\/strangercam.com\\\/\",\"logo\":{\"@type\":\"ImageObject\",\"inLanguage\":\"fr-FR\",\"@id\":\"https:\\\/\\\/strangercam.com\\\/#\\\/schema\\\/logo\\\/image\\\/\",\"url\":\"https:\\\/\\\/strangercam.com\\\/wp-content\\\/uploads\\\/2020\\\/11\\\/cropped-new-favicon-black.png\",\"contentUrl\":\"https:\\\/\\\/strangercam.com\\\/wp-content\\\/uploads\\\/2020\\\/11\\\/cropped-new-favicon-black.png\",\"width\":512,\"height\":512,\"caption\":\"Strangercam\"},\"image\":{\"@id\":\"https:\\\/\\\/strangercam.com\\\/#\\\/schema\\\/logo\\\/image\\\/\"},\"sameAs\":[\"https:\\\/\\\/www.facebook.com\\\/strangercam\",\"https:\\\/\\\/x.com\\\/strangercamapp\"]}]}<\/script>\n<!-- \/ Yoast SEO plugin. -->","yoast_head_json":{"title":"Lotta - Meet Strangers &amp; Video Chat Online - StrangerCam","description":"Vous aimez Lotta ? Venez discuter avec plus de 5.000.000 d'inconnus sur Stranger Cam gratuitement ! Allume ta cam\u00e9ra et trouve de nouveaux amis et peut-\u00eatre un partenaire !","robots":{"index":"index","follow":"follow","max-snippet":"max-snippet:-1","max-image-preview":"max-image-preview:large","max-video-preview":"max-video-preview:-1"},"canonical":"https:\/\/strangercam.com\/fr\/lotta\/","og_locale":"fr_FR","og_type":"article","og_title":"Lotta - Meet Strangers & Video Chat Online - StrangerCam","og_description":"Like Lotta? Come chat with more than 5.000.000 strangers on Stranger Cam for Free! Turn on your cam and find new friends & maby a match!","og_url":"https:\/\/strangercam.com\/fr\/lotta\/","og_site_name":"Strangercam","article_publisher":"https:\/\/www.facebook.com\/strangercam","og_image":[{"width":800,"height":532,"url":"https:\/\/strangercam.com\/wp-content\/uploads\/2021\/10\/Untitled-2.png","type":"image\/png"}],"twitter_card":"summary_large_image","twitter_site":"@strangercamapp","twitter_misc":{"Dur\u00e9e de lecture estim\u00e9e":"6 minutes"},"schema":{"@context":"https:\/\/schema.org","@graph":[{"@type":"WebPage","@id":"https:\/\/strangercam.com\/lotta\/","url":"https:\/\/strangercam.com\/lotta\/","name":"Lotta - Meet Strangers &amp; Video Chat Online - StrangerCam","isPartOf":{"@id":"https:\/\/strangercam.com\/#website"},"datePublished":"2025-07-28T09:56:56+00:00","description":"Vous aimez Lotta ? Venez discuter avec plus de 5.000.000 d'inconnus sur Stranger Cam gratuitement ! Allume ta cam\u00e9ra et trouve de nouveaux amis et peut-\u00eatre un partenaire !","breadcrumb":{"@id":"https:\/\/strangercam.com\/lotta\/#breadcrumb"},"inLanguage":"fr-FR","potentialAction":[{"@type":"ReadAction","target":["https:\/\/strangercam.com\/lotta\/"]}]},{"@type":"BreadcrumbList","@id":"https:\/\/strangercam.com\/lotta\/#breadcrumb","itemListElement":[{"@type":"ListItem","position":1,"name":"Home","item":"https:\/\/strangercam.com\/"},{"@type":"ListItem","position":2,"name":"Lotta"}]},{"@type":"WebSite","@id":"https:\/\/strangercam.com\/#website","url":"https:\/\/strangercam.com\/","name":"Strangercam","description":"Chat vid\u00e9o al\u00e9atoire avec des inconnus","publisher":{"@id":"https:\/\/strangercam.com\/#organization"},"alternateName":"Strangercam.com","potentialAction":[{"@type":"SearchAction","target":{"@type":"EntryPoint","urlTemplate":"https:\/\/strangercam.com\/?s={search_term_string}"},"query-input":{"@type":"PropertyValueSpecification","valueRequired":true,"valueName":"search_term_string"}}],"inLanguage":"fr-FR"},{"@type":"Organization","@id":"https:\/\/strangercam.com\/#organization","name":"Strangercam","alternateName":"Strangercam.com","url":"https:\/\/strangercam.com\/","logo":{"@type":"ImageObject","inLanguage":"fr-FR","@id":"https:\/\/strangercam.com\/#\/schema\/logo\/image\/","url":"https:\/\/strangercam.com\/wp-content\/uploads\/2020\/11\/cropped-new-favicon-black.png","contentUrl":"https:\/\/strangercam.com\/wp-content\/uploads\/2020\/11\/cropped-new-favicon-black.png","width":512,"height":512,"caption":"Strangercam"},"image":{"@id":"https:\/\/strangercam.com\/#\/schema\/logo\/image\/"},"sameAs":["https:\/\/www.facebook.com\/strangercam","https:\/\/x.com\/strangercamapp"]}]}},"_links":{"self":[{"href":"https:\/\/strangercam.com\/fr\/wp-json\/wp\/v2\/pages\/12944","targetHints":{"allow":["GET"]}}],"collection":[{"href":"https:\/\/strangercam.com\/fr\/wp-json\/wp\/v2\/pages"}],"about":[{"href":"https:\/\/strangercam.com\/fr\/wp-json\/wp\/v2\/types\/page"}],"author":[{"embeddable":true,"href":"https:\/\/strangercam.com\/fr\/wp-json\/wp\/v2\/users\/6"}],"replies":[{"embeddable":true,"href":"https:\/\/strangercam.com\/fr\/wp-json\/wp\/v2\/comments?post=12944"}],"version-history":[{"count":1,"href":"https:\/\/strangercam.com\/fr\/wp-json\/wp\/v2\/pages\/12944\/revisions"}],"predecessor-version":[{"id":12945,"href":"https:\/\/strangercam.com\/fr\/wp-json\/wp\/v2\/pages\/12944\/revisions\/12945"}],"wp:attachment":[{"href":"https:\/\/strangercam.com\/fr\/wp-json\/wp\/v2\/media?parent=12944"}],"curies":[{"name":"wp","href":"https:\/\/api.w.org\/{rel}","templated":true}]}}