{"id":12942,"date":"2025-07-28T11:02:46","date_gmt":"2025-07-28T09:02:46","guid":{"rendered":"https:\/\/strangercam.com\/?page_id=12942"},"modified":"2025-07-28T11:02:46","modified_gmt":"2025-07-28T09:02:46","slug":"chatiwi","status":"publish","type":"page","link":"https:\/\/strangercam.com\/fr\/chatiwi\/","title":{"rendered":"Chatiwi"},"content":{"rendered":"<p>Le monde de l'internet <a href=\"https:\/\/strangercam.com\/fr\/chatroulette\/\">chat<\/a> Les salons ont \u00e9volu\u00e9 rapidement, mais la demande de plateformes sociales simples, instantan\u00e9es et anonymes est plus forte que jamais. Alors que les anciens sites comme <a href=\"https:\/\/strangercam.com\/fr\/chatiw\/\">Chatiw<\/a> et <a href=\"https:\/\/strangercam.com\/fr\/chatib\/\">Chatib<\/a> Les utilisateurs ont du mal \u00e0 r\u00e9pondre aux attentes des utilisateurs modernes, et Chatiwi se pr\u00e9sente comme une nouvelle alternative en proposant des salons de discussion en direct classiques, une messagerie priv\u00e9e et une communaut\u00e9 mondiale conviviale, le tout sur une plateforme gratuite et facile d'acc\u00e8s.<\/p>\n<p>Alors, comment Chatiwi se compare-t-il aux g\u00e9ants qui l'ont inspir\u00e9 ? Est-il vraiment gratuit, s\u00fbr et convivial ? Dans cet examen approfondi, nous allons explorer ce qu'offre Chatiwi, qui l'utilise et comment il se situe par rapport aux autres plateformes de chat de premier plan en 2025.<\/p>\n<h2>Qu'est-ce que le Chatiwi ?<\/h2>\n<p>Chatiwi est un site de chat moderne, bas\u00e9 sur un navigateur, qui s'inspire de la simplicit\u00e9 et de l'accessibilit\u00e9 des plateformes classiques telles que Chatiw et Chatib. Sa promesse principale est de mettre en relation des personnes du monde entier instantan\u00e9ment, sans inscription ni t\u00e9l\u00e9chargement. Que vous soyez int\u00e9ress\u00e9 par les salons de discussion publics ou par les conversations priv\u00e9es en t\u00eate-\u00e0-t\u00eate, Chatiwi vous permet de participer \u00e0 l'action avec un simple pseudo et un clic.<\/p>\n<p>En mettant l'accent sur un design \u00e9pur\u00e9, une compatibilit\u00e9 mobile r\u00e9active et un environnement de chat s\u00e9curis\u00e9, Chatiwi est rapidement devenu un favori parmi les utilisateurs \u00e0 la recherche de conversations authentiques et de nouveaux amis en ligne.<\/p>\n<h2>Quel est l'objectif de Chatiwi ?<\/h2>\n<p>La mission de Chatiwi est de rendre la socialisation en ligne amusante, rapide et r\u00e9ellement accessible \u00e0 tous. Contrairement aux applications qui n\u00e9cessitent une inscription, une cr\u00e9ation de profil ou l'installation d'une application, Chatiwi se limite \u00e0 l'essentiel : connecter de vraies personnes pour discuter en direct sur des sujets qui les int\u00e9ressent.<\/p>\n<p>Les principaux objectifs sont les suivants<\/p>\n<ul>\n<li>Mise \u00e0 disposition d'espaces de discussion ouverts et th\u00e9matiques pour les discussions de groupe<\/li>\n<li>Permettre des discussions priv\u00e9es transparentes pour des connexions plus personnelles<\/li>\n<li>Cr\u00e9er un environnement accueillant pour des personnes de toutes origines, de tous \u00e2ges et de tous int\u00e9r\u00eats<\/li>\n<li>Veiller \u00e0 ce que tout le monde puisse participer \u00e0 la conversation instantan\u00e9ment, sans barri\u00e8res<\/li>\n<\/ul>\n<p>Que vous souhaitiez discuter de musique, de vos hobbies, des \u00e9v\u00e9nements mondiaux ou simplement saluer quelqu'un de nouveau, Chatiwi vous offre un espace flexible pour le faire.<\/p>\n<h2>Caract\u00e9ristiques principales<\/h2>\n<p>1. Salles de chat publiques en direct<br \/>\nLe principal attrait de Chatiwi est sa vari\u00e9t\u00e9 de salons de discussion ouverts et th\u00e9matiques. De la \u201cdiscussion g\u00e9n\u00e9rale\u201d aux salons sp\u00e9cialis\u00e9s, les utilisateurs peuvent participer \u00e0 n'importe quelle discussion d'un simple clic, discuter en temps r\u00e9el, et <a href=\"https:\/\/strangercam.com\/fr\/coomeet\/\">rencontrer<\/a> des personnes du monde entier.<\/p>\n<p>2. Chat priv\u00e9 en t\u00eate-\u00e0-t\u00eate<br \/>\nVous souhaitez une conversation plus personnelle ? Chatiwi permet aux utilisateurs de passer des salles publiques \u00e0 la messagerie priv\u00e9e, ce qui permet de nouer des liens plus profonds, de donner des conseils amicaux ou d'avoir des discussions confidentielles.<\/p>\n<p>3. Aucune inscription n'est requise<br \/>\nComme les meilleurs sites de chat \u00e0 l'ancienne, Chatiwi vous permet de commencer \u00e0 chatter imm\u00e9diatement. Il vous suffit de choisir un pseudo - pas besoin d'email, de num\u00e9ro de t\u00e9l\u00e9phone ou de m\u00e9dia social.<\/p>\n<p>4. Multi-appareils et adapt\u00e9 aux mobiles<br \/>\nChatiwi est enti\u00e8rement r\u00e9actif et fonctionne parfaitement sur les navigateurs de bureau et les navigateurs mobiles, ce qui en fait un outil id\u00e9al pour les discussions en d\u00e9placement.<\/p>\n<p>5. Interface simple et moderne<br \/>\nLa conception \u00e9pur\u00e9e du site r\u00e9duit les distractions au minimum. Les messages sont clairs, les salles sont faciles \u00e0 parcourir et les commandes essentielles (sourdine, blocage, rapport) sont toujours \u00e0 port\u00e9e de main.<\/p>\n<p>6. S\u00e9curit\u00e9 des utilisateurs et outils de mod\u00e9ration<br \/>\nChatiwi utilise une combinaison de mod\u00e9rateurs en direct et de fonctions de signalement en salle pour aider \u00e0 maintenir un environnement s\u00fbr et respectueux.<\/p>\n<p>7. Large \u00e9ventail de sujets<br \/>\nDes salons de discussion r\u00e9gionaux aux groupes d'int\u00e9r\u00eat, il y a un espace pour chacun, que vous souhaitiez discuter de musique, de sport, de la vie ou simplement passer du temps ensemble.<\/p>\n<h2>Le Chatiwi est-il gratuit ?<\/h2>\n<p>Chatiwi est 100% gratuit. Il n'y a pas de frais cach\u00e9s, d'abonnements ou de murs payants. Toutes les fonctionnalit\u00e9s - salles publiques, messagerie priv\u00e9e et outils de mod\u00e9ration - sont accessibles \u00e0 tous.<\/p>\n<p>La plateforme peut afficher des publicit\u00e9s l\u00e9g\u00e8res et non intrusives pour soutenir le site, mais celles-ci n'interf\u00e8rent jamais avec l'exp\u00e9rience du chat.<\/p>\n<h2>Qui utilise le Chatiwi ?<\/h2>\n<p>Le Chatiwi attire une base d'utilisateurs mondiale et diversifi\u00e9e, tout comme le Chatiw et le Chatib. Les utilisateurs types sont les suivants :<\/p>\n<ul>\n<li>Adultes \u00e2g\u00e9s de 18 \u00e0 40 ans, bien qu'il y ait un m\u00e9lange de participants plus \u00e2g\u00e9s et plus jeunes.<\/li>\n<li>Personnes originaires d'Am\u00e9rique du Nord, d'Europe, d'Am\u00e9rique du Sud, d'Inde et du Moyen-Orient<\/li>\n<li>\u00c9tudiants, professionnels, voyageurs, expatri\u00e9s et toute personne cherchant \u00e0 se lier d'amiti\u00e9 ou \u00e0 avoir une conversation d\u00e9contract\u00e9e.<\/li>\n<\/ul>\n<p>Raisons courantes d'adh\u00e9rer \u00e0 Chatiwi :<\/p>\n<ul>\n<li>Se faire de nouveaux amis et \u00e9largir son cercle social<\/li>\n<li>Passer le temps, se d\u00e9tendre ou \u00e9chapper au stress quotidien<\/li>\n<li>Discuter des loisirs, de la musique, de la culture ou des \u00e9v\u00e9nements mondiaux<\/li>\n<li>Chercher des conseils, partager des histoires ou simplement discuter pour le plaisir<\/li>\n<\/ul>\n<p>La diversit\u00e9 des salons de discussion permet \u00e0 chacun de trouver un espace o\u00f9 il se sent \u00e0 l'aise et int\u00e9gr\u00e9.<\/p>\n<h2>S\u00e9curit\u00e9, vie priv\u00e9e et mod\u00e9ration<\/h2>\n<p>Chatiwi accorde une grande importance \u00e0 la confidentialit\u00e9 des utilisateurs et \u00e0 la s\u00e9curit\u00e9 des conversations. Voici comment la plateforme est s\u00e9curis\u00e9e et accueillante :<\/p>\n<h3>Vie priv\u00e9e<\/h3>\n<ul>\n<li>Pas de cr\u00e9ation de compte ou d'informations personnelles n\u00e9cessaires<\/li>\n<li>Les chats ne sont pas archiv\u00e9s publiquement ni consultables.<\/li>\n<li>Les utilisateurs interagissent par le biais de surnoms choisis<\/li>\n<\/ul>\n<h3>La mod\u00e9ration<\/h3>\n<ul>\n<li>Des mod\u00e9rateurs en direct supervisent les salles publiques pendant les heures de pointe<\/li>\n<li>Le signalement et le blocage dans le chat permettent aux utilisateurs de signaler les comportements inappropri\u00e9s ou les spams.<\/li>\n<li>Des directives communautaires claires contre l'intimidation, le harc\u00e8lement et les comportements perturbateurs<\/li>\n<\/ul>\n<h3>Contr\u00f4le de l'utilisateur<\/h3>\n<ul>\n<li>Bloquer ou mettre en sourdine instantan\u00e9ment tout utilisateur perturbateur<\/li>\n<li>Changez facilement de salle ou de pseudo \u00e0 tout moment<\/li>\n<li>Ne discuter en priv\u00e9 qu'avec des utilisateurs en qui vous avez confiance<\/li>\n<\/ul>\n<p>Bien qu'aucun salon de discussion ne puisse garantir une exp\u00e9rience parfaite, la mod\u00e9ration active de Chatiwi et les outils de s\u00e9curit\u00e9 mis en place par les utilisateurs en font un meilleur choix que la plupart des salons pour des conversations respectueuses et amicales.<\/p>\n<h2>Exp\u00e9rience et conception des utilisateurs<\/h2>\n<p>Chatiwi offre une exp\u00e9rience de chat fluide et intuitive :<\/p>\n<ul>\n<li>La page d'accueil permet de s\u00e9lectionner facilement une chambre et de saisir un surnom<\/li>\n<li>Les salons de discussion se chargent instantan\u00e9ment, m\u00eame sur les appareils mobiles<\/li>\n<li>La transmission des messages est rapide et fiable, m\u00eame en p\u00e9riode d'affluence.<\/li>\n<li>Les notifications et les invitations \u00e0 des discussions priv\u00e9es sont faciles \u00e0 g\u00e9rer<\/li>\n<li>Les commandes de blocage, de mise en sourdine ou de signalement sont bien visibles et faciles \u00e0 utiliser.<\/li>\n<\/ul>\n<p>Chatiwi \u00e9vite les encombrements, les fen\u00eatres contextuelles et les menus d\u00e9routants, ce qui le rend accessible aux utilisateurs de tous \u00e2ges et de tous horizons techniques.<\/p>\n<h2>Chatiwi vs. autres plateformes de salons de discussion<\/h2>\n<p>Comment le Chatiwi se situe-t-il par rapport \u00e0 ses pr\u00e9d\u00e9cesseurs et \u00e0 ses pairs ?<\/p>\n<table>\n<thead>\n<tr>\n<th>Fonctionnalit\u00e9<\/th>\n<th>Chatiwi<\/th>\n<th>Chatiw<\/th>\n<th>Chatib<\/th>\n<th>OnlineFreeChat<\/th>\n<th><a href=\"https:\/\/strangercam.com\/fr\/wireclub\/\">Wireclub<\/a><\/th>\n<\/tr>\n<\/thead>\n<tbody>\n<tr>\n<td>Acc\u00e8s gratuit<\/td>\n<td>Oui<\/td>\n<td>Oui<\/td>\n<td>Oui<\/td>\n<td>Oui<\/td>\n<td>Oui<\/td>\n<\/tr>\n<tr>\n<td>Pas d'inscription n\u00e9cessaire<\/td>\n<td>Oui<\/td>\n<td>Oui<\/td>\n<td>Oui<\/td>\n<td>Oui<\/td>\n<td>Non<\/td>\n<\/tr>\n<tr>\n<td>Salles de chat th\u00e9matiques<\/td>\n<td>Oui<\/td>\n<td>Oui<\/td>\n<td>Oui<\/td>\n<td>Oui<\/td>\n<td>Oui<\/td>\n<\/tr>\n<tr>\n<td>Messagerie priv\u00e9e<\/td>\n<td>Oui<\/td>\n<td>Oui<\/td>\n<td>Oui<\/td>\n<td>Oui<\/td>\n<td>Oui<\/td>\n<\/tr>\n<tr>\n<td>Support mobile<\/td>\n<td>Excellent<\/td>\n<td>Bon<\/td>\n<td>Bon<\/td>\n<td>Excellent<\/td>\n<td>Bon<\/td>\n<\/tr>\n<tr>\n<td>Outils de mod\u00e9ration<\/td>\n<td>Fort<\/td>\n<td>Mod\u00e9r\u00e9<\/td>\n<td>Mod\u00e9r\u00e9<\/td>\n<td>Fort<\/td>\n<td>Fort<\/td>\n<\/tr>\n<tr>\n<td>Annonces<\/td>\n<td>Minime<\/td>\n<td>Oui<\/td>\n<td>Oui<\/td>\n<td>Minime<\/td>\n<td>Oui<\/td>\n<\/tr>\n<\/tbody>\n<\/table>\n<p>R\u00e9sum\u00e9 : Chatiwi \u00e9gale ou d\u00e9passe ses rivaux dans tous les domaines importants - en offrant un acc\u00e8s instantan\u00e9 et gratuit, un design moderne et une mod\u00e9ration efficace, avec un meilleur support mobile et une communaut\u00e9 plus accueillante.<\/p>\n<h2>Avantages et inconv\u00e9nients<\/h2>\n<p>Pour :<\/p>\n<ul>\n<li>100% chat gratuit et anonyme<\/li>\n<li>Aucune inscription ni t\u00e9l\u00e9chargement n'est n\u00e9cessaire<\/li>\n<li>Base d'utilisateurs mondiale conviviale et active<\/li>\n<li>Options de chat en groupe et en priv\u00e9<\/li>\n<li>Interface rapide et moderne avec un support mobile solide<\/li>\n<li>Mod\u00e9ration active et outils de s\u00e9curit\u00e9 robustes<\/li>\n<\/ul>\n<p>Cons :<\/p>\n<ul>\n<li>Pas de chat vid\u00e9o (uniquement textuel)<\/li>\n<li>Utilisateurs perturbateurs occasionnels, mais g\u00e9n\u00e9ralement trait\u00e9s rapidement<\/li>\n<li>Pas de profils \u00e0 long terme ni d'historique de l'utilisateur<\/li>\n<li>La popularit\u00e9 des chambres peut fluctuer en p\u00e9riode creuse.<\/li>\n<\/ul>\n<h2>Cas d'utilisation id\u00e9aux<\/h2>\n<p>Chatiwi est parfait pour :<\/p>\n<ul>\n<li>Tous ceux qui ont appr\u00e9ci\u00e9 le Chatiw ou le Chatib classique, mais qui souhaitent une exp\u00e9rience plus moderne et adapt\u00e9e \u00e0 la mobilit\u00e9.<\/li>\n<li>Les personnes \u00e0 la recherche d'un moyen rapide, gratuit et facile de discuter avec des inconnus<\/li>\n<li>Expatri\u00e9s, voyageurs ou apprenants de langues cherchant \u00e0 se connecter dans le monde entier<\/li>\n<li>Les utilisateurs qui privil\u00e9gient le respect de la vie priv\u00e9e et la simplicit\u00e9 dans la socialisation en ligne<\/li>\n<\/ul>\n<p>Moins id\u00e9al pour :<\/p>\n<ul>\n<li>Ceux qui recherchent sp\u00e9cifiquement des plateformes de chat vid\u00e9o<\/li>\n<li>Utilisateurs de moins de 18 ans (la plateforme est r\u00e9serv\u00e9e aux adultes)<\/li>\n<li>Personnes souhaitant des fonctions avanc\u00e9es de mise en relation ou de rencontre<\/li>\n<\/ul>\n<p>Chatiwi est une alternative de premier ordre \u00e0 Chatiw et Chatib, offrant le meilleur des salons de discussion en ligne classiques avec une touche de modernit\u00e9. Rapide, gratuit, anonyme et compatible avec les t\u00e9l\u00e9phones portables, c'est l'un des moyens les plus faciles de rencontrer de nouvelles personnes, de se faire des amis ou de profiter d'une discussion de groupe anim\u00e9e en 2025.<\/p>\n<p>Gr\u00e2ce \u00e0 une mod\u00e9ration efficace, une conception conviviale et une communaut\u00e9 mondiale accueillante, Chatiwi offre exactement ce que les utilisateurs attendent d'une plateforme de chat : des conversations spontan\u00e9es, authentiques et s\u00fbres, \u00e0 tout moment et en tout lieu.<\/p>\n<p>Si vous \u00eates \u00e0 la recherche d'un salon de discussion simple et accessible \u00e0 rejoindre aujourd'hui, Chatiwi vaut vraiment la peine d'\u00eatre essay\u00e9.<\/p>","protected":false},"excerpt":{"rendered":"<p>The world of online chat rooms has evolved rapidly, but the demand for simple, instant, and anonymous social platforms is stronger than ever. As older sites like Chatiw and Chatib struggle to keep up with modern user expectations, Chatiwi steps in as a new alternative\u2014offering classic live chat rooms, private messaging, and a friendly, global [&hellip;]<\/p>\n","protected":false},"author":6,"featured_media":0,"parent":0,"menu_order":0,"comment_status":"closed","ping_status":"closed","template":"","meta":{"footnotes":""},"class_list":["post-12942","page","type-page","status-publish","hentry"],"yoast_head":"<!-- This site is optimized with the Yoast SEO plugin v27.4 - https:\/\/yoast.com\/product\/yoast-seo-wordpress\/ -->\n<title>Chatiwi - Your Anonymous Encrypted Chat - StrangerCam<\/title>\n<meta name=\"description\" content=\"Like Chatiwi? Come chat with more than 5.000.000 strangers on Stranger Cam for Free! Turn on your cam and find new friends &amp; maby a match!\" \/>\n<meta name=\"robots\" content=\"index, follow, max-snippet:-1, max-image-preview:large, max-video-preview:-1\" \/>\n<link rel=\"canonical\" href=\"https:\/\/strangercam.com\/fr\/chatiwi\/\" \/>\n<meta property=\"og:locale\" content=\"fr_FR\" \/>\n<meta property=\"og:type\" content=\"article\" \/>\n<meta property=\"og:title\" content=\"Chatiwi - Your Anonymous Encrypted Chat - StrangerCam\" \/>\n<meta property=\"og:description\" content=\"Like Chatiwi? Come chat with more than 5.000.000 strangers on Stranger Cam for Free! Turn on your cam and find new friends &amp; maby a match!\" \/>\n<meta property=\"og:url\" content=\"https:\/\/strangercam.com\/fr\/chatiwi\/\" \/>\n<meta property=\"og:site_name\" content=\"Strangercam\" \/>\n<meta property=\"article:publisher\" content=\"https:\/\/www.facebook.com\/strangercam\" \/>\n<meta property=\"og:image\" content=\"https:\/\/strangercam.com\/wp-content\/uploads\/2021\/10\/Untitled-2.png\" \/>\n\t<meta property=\"og:image:width\" content=\"800\" \/>\n\t<meta property=\"og:image:height\" content=\"532\" \/>\n\t<meta property=\"og:image:type\" content=\"image\/png\" \/>\n<meta name=\"twitter:card\" content=\"summary_large_image\" \/>\n<meta name=\"twitter:site\" content=\"@strangercamapp\" \/>\n<meta name=\"twitter:label1\" content=\"Dur\u00e9e de lecture estim\u00e9e\" \/>\n\t<meta name=\"twitter:data1\" content=\"6 minutes\" \/>\n<script type=\"application\/ld+json\" class=\"yoast-schema-graph\">{\"@context\":\"https:\\\/\\\/schema.org\",\"@graph\":[{\"@type\":\"WebPage\",\"@id\":\"https:\\\/\\\/strangercam.com\\\/chatiwi\\\/\",\"url\":\"https:\\\/\\\/strangercam.com\\\/chatiwi\\\/\",\"name\":\"Chatiwi - Your Anonymous Encrypted Chat - StrangerCam\",\"isPartOf\":{\"@id\":\"https:\\\/\\\/strangercam.com\\\/#website\"},\"datePublished\":\"2025-07-28T09:02:46+00:00\",\"description\":\"Like Chatiwi? Come chat with more than 5.000.000 strangers on Stranger Cam for Free! Turn on your cam and find new friends & maby a match!\",\"breadcrumb\":{\"@id\":\"https:\\\/\\\/strangercam.com\\\/chatiwi\\\/#breadcrumb\"},\"inLanguage\":\"fr-FR\",\"potentialAction\":[{\"@type\":\"ReadAction\",\"target\":[\"https:\\\/\\\/strangercam.com\\\/chatiwi\\\/\"]}]},{\"@type\":\"BreadcrumbList\",\"@id\":\"https:\\\/\\\/strangercam.com\\\/chatiwi\\\/#breadcrumb\",\"itemListElement\":[{\"@type\":\"ListItem\",\"position\":1,\"name\":\"Home\",\"item\":\"https:\\\/\\\/strangercam.com\\\/\"},{\"@type\":\"ListItem\",\"position\":2,\"name\":\"Chatiwi\"}]},{\"@type\":\"WebSite\",\"@id\":\"https:\\\/\\\/strangercam.com\\\/#website\",\"url\":\"https:\\\/\\\/strangercam.com\\\/\",\"name\":\"Strangercam\",\"description\":\"Random Video Chat with Strangers\",\"publisher\":{\"@id\":\"https:\\\/\\\/strangercam.com\\\/#organization\"},\"alternateName\":\"Strangercam.com\",\"potentialAction\":[{\"@type\":\"SearchAction\",\"target\":{\"@type\":\"EntryPoint\",\"urlTemplate\":\"https:\\\/\\\/strangercam.com\\\/?s={search_term_string}\"},\"query-input\":{\"@type\":\"PropertyValueSpecification\",\"valueRequired\":true,\"valueName\":\"search_term_string\"}}],\"inLanguage\":\"fr-FR\"},{\"@type\":\"Organization\",\"@id\":\"https:\\\/\\\/strangercam.com\\\/#organization\",\"name\":\"Strangercam\",\"alternateName\":\"Strangercam.com\",\"url\":\"https:\\\/\\\/strangercam.com\\\/\",\"logo\":{\"@type\":\"ImageObject\",\"inLanguage\":\"fr-FR\",\"@id\":\"https:\\\/\\\/strangercam.com\\\/#\\\/schema\\\/logo\\\/image\\\/\",\"url\":\"https:\\\/\\\/strangercam.com\\\/wp-content\\\/uploads\\\/2020\\\/11\\\/cropped-new-favicon-black.png\",\"contentUrl\":\"https:\\\/\\\/strangercam.com\\\/wp-content\\\/uploads\\\/2020\\\/11\\\/cropped-new-favicon-black.png\",\"width\":512,\"height\":512,\"caption\":\"Strangercam\"},\"image\":{\"@id\":\"https:\\\/\\\/strangercam.com\\\/#\\\/schema\\\/logo\\\/image\\\/\"},\"sameAs\":[\"https:\\\/\\\/www.facebook.com\\\/strangercam\",\"https:\\\/\\\/x.com\\\/strangercamapp\"]}]}<\/script>\n<!-- \/ Yoast SEO plugin. -->","yoast_head_json":{"title":"Chatiwi - Votre chat crypt\u00e9 anonyme - StrangerCam","description":"Vous aimez Chatiwi ? Venez discuter avec plus de 5.000.000 d'inconnus sur Stranger Cam gratuitement ! Allume ta cam\u00e9ra et trouve de nouveaux amis et peut-\u00eatre un partenaire !","robots":{"index":"index","follow":"follow","max-snippet":"max-snippet:-1","max-image-preview":"max-image-preview:large","max-video-preview":"max-video-preview:-1"},"canonical":"https:\/\/strangercam.com\/fr\/chatiwi\/","og_locale":"fr_FR","og_type":"article","og_title":"Chatiwi - Your Anonymous Encrypted Chat - StrangerCam","og_description":"Like Chatiwi? Come chat with more than 5.000.000 strangers on Stranger Cam for Free! Turn on your cam and find new friends & maby a match!","og_url":"https:\/\/strangercam.com\/fr\/chatiwi\/","og_site_name":"Strangercam","article_publisher":"https:\/\/www.facebook.com\/strangercam","og_image":[{"width":800,"height":532,"url":"https:\/\/strangercam.com\/wp-content\/uploads\/2021\/10\/Untitled-2.png","type":"image\/png"}],"twitter_card":"summary_large_image","twitter_site":"@strangercamapp","twitter_misc":{"Dur\u00e9e de lecture estim\u00e9e":"6 minutes"},"schema":{"@context":"https:\/\/schema.org","@graph":[{"@type":"WebPage","@id":"https:\/\/strangercam.com\/chatiwi\/","url":"https:\/\/strangercam.com\/chatiwi\/","name":"Chatiwi - Votre chat crypt\u00e9 anonyme - StrangerCam","isPartOf":{"@id":"https:\/\/strangercam.com\/#website"},"datePublished":"2025-07-28T09:02:46+00:00","description":"Vous aimez Chatiwi ? Venez discuter avec plus de 5.000.000 d'inconnus sur Stranger Cam gratuitement ! Allume ta cam\u00e9ra et trouve de nouveaux amis et peut-\u00eatre un partenaire !","breadcrumb":{"@id":"https:\/\/strangercam.com\/chatiwi\/#breadcrumb"},"inLanguage":"fr-FR","potentialAction":[{"@type":"ReadAction","target":["https:\/\/strangercam.com\/chatiwi\/"]}]},{"@type":"BreadcrumbList","@id":"https:\/\/strangercam.com\/chatiwi\/#breadcrumb","itemListElement":[{"@type":"ListItem","position":1,"name":"Home","item":"https:\/\/strangercam.com\/"},{"@type":"ListItem","position":2,"name":"Chatiwi"}]},{"@type":"WebSite","@id":"https:\/\/strangercam.com\/#website","url":"https:\/\/strangercam.com\/","name":"Strangercam","description":"Chat vid\u00e9o al\u00e9atoire avec des inconnus","publisher":{"@id":"https:\/\/strangercam.com\/#organization"},"alternateName":"Strangercam.com","potentialAction":[{"@type":"SearchAction","target":{"@type":"EntryPoint","urlTemplate":"https:\/\/strangercam.com\/?s={search_term_string}"},"query-input":{"@type":"PropertyValueSpecification","valueRequired":true,"valueName":"search_term_string"}}],"inLanguage":"fr-FR"},{"@type":"Organization","@id":"https:\/\/strangercam.com\/#organization","name":"Strangercam","alternateName":"Strangercam.com","url":"https:\/\/strangercam.com\/","logo":{"@type":"ImageObject","inLanguage":"fr-FR","@id":"https:\/\/strangercam.com\/#\/schema\/logo\/image\/","url":"https:\/\/strangercam.com\/wp-content\/uploads\/2020\/11\/cropped-new-favicon-black.png","contentUrl":"https:\/\/strangercam.com\/wp-content\/uploads\/2020\/11\/cropped-new-favicon-black.png","width":512,"height":512,"caption":"Strangercam"},"image":{"@id":"https:\/\/strangercam.com\/#\/schema\/logo\/image\/"},"sameAs":["https:\/\/www.facebook.com\/strangercam","https:\/\/x.com\/strangercamapp"]}]}},"_links":{"self":[{"href":"https:\/\/strangercam.com\/fr\/wp-json\/wp\/v2\/pages\/12942","targetHints":{"allow":["GET"]}}],"collection":[{"href":"https:\/\/strangercam.com\/fr\/wp-json\/wp\/v2\/pages"}],"about":[{"href":"https:\/\/strangercam.com\/fr\/wp-json\/wp\/v2\/types\/page"}],"author":[{"embeddable":true,"href":"https:\/\/strangercam.com\/fr\/wp-json\/wp\/v2\/users\/6"}],"replies":[{"embeddable":true,"href":"https:\/\/strangercam.com\/fr\/wp-json\/wp\/v2\/comments?post=12942"}],"version-history":[{"count":1,"href":"https:\/\/strangercam.com\/fr\/wp-json\/wp\/v2\/pages\/12942\/revisions"}],"predecessor-version":[{"id":12943,"href":"https:\/\/strangercam.com\/fr\/wp-json\/wp\/v2\/pages\/12942\/revisions\/12943"}],"wp:attachment":[{"href":"https:\/\/strangercam.com\/fr\/wp-json\/wp\/v2\/media?parent=12942"}],"curies":[{"name":"wp","href":"https:\/\/api.w.org\/{rel}","templated":true}]}}