{"id":12939,"date":"2025-07-28T11:00:18","date_gmt":"2025-07-28T09:00:18","guid":{"rendered":"https:\/\/strangercam.com\/?page_id=12939"},"modified":"2025-07-28T11:00:18","modified_gmt":"2025-07-28T09:00:18","slug":"chitchattv","status":"publish","type":"page","link":"https:\/\/strangercam.com\/fr\/chitchattv\/","title":{"rendered":"ChitChatTV"},"content":{"rendered":"<p>Avec l'essor (et parfois le d\u00e9clin) de la vid\u00e9o populaire <a href=\"https:\/\/strangercam.com\/fr\/chathub\/\">chat<\/a> des applications telles que Monkey, Azar et <a href=\"https:\/\/strangercam.com\/fr\/ometv\/\">OmeTV<\/a>, Avec ChitChatTV, la sc\u00e8ne du chat en ligne n'a jamais \u00e9t\u00e9 aussi comp\u00e9titive, ni aussi innovante. ChitChatTV est un nouveau concurrent dans le domaine du chat vid\u00e9o al\u00e9atoire, promettant des connexions instantan\u00e9es, globales et individuelles, ainsi qu'une exp\u00e9rience vivante et adapt\u00e9e aux t\u00e9l\u00e9phones portables, qui s\u00e9duit la g\u00e9n\u00e9ration TikTok et au-del\u00e0.<\/p>\n<p>Le ChitChatTV est-il \u00e0 la hauteur de ses pr\u00e9d\u00e9cesseurs ? Comment fonctionne-t-il, \u00e0 qui s'adresse-t-il et s'agit-il vraiment de la meilleure nouvelle fa\u00e7on de faire des affaires ? <a href=\"https:\/\/strangercam.com\/fr\/coomeet\/\">rencontrer<\/a> \u00e9trangers en ligne ? Dans cet examen approfondi, nous explorons tout ce que vous devez savoir sur ChitChatTV : ses caract\u00e9ristiques, son exp\u00e9rience utilisateur, ses normes de s\u00e9curit\u00e9 et sa comparaison avec les plus grands noms du chat vid\u00e9o pour 2025.<\/p>\n<h2>Qu'est-ce que le ChitChatTV ?<\/h2>\n<p>ChitChatTV est une plateforme moderne de chat vid\u00e9o al\u00e9atoire par navigateur qui vous met instantan\u00e9ment en contact avec des inconnus du monde entier pour des conversations priv\u00e9es, en direct et en face \u00e0 face. Comme Monkey et OmeTV, ChitChatTV est con\u00e7u pour des connexions spontan\u00e9es en temps r\u00e9el, sans inscription pr\u00e9alable et en mettant l'accent sur la rapidit\u00e9, la simplicit\u00e9 et l'amusement.<\/p>\n<p>La plateforme s'adresse \u00e0 un public international diversifi\u00e9, que vous cherchiez \u00e0 vous faire des amis, \u00e0 pratiquer une langue, \u00e0 flirter ou simplement \u00e0 passer le temps dans un environnement social s\u00fbr. Gr\u00e2ce \u00e0 une conception ax\u00e9e sur le mobile, ChitChatTV est facile \u00e0 utiliser sur les t\u00e9l\u00e9phones et les ordinateurs de bureau, ce qui le rend accessible aux utilisateurs o\u00f9 qu'ils se trouvent.<\/p>\n<h2>Quel est l'objectif du ChitChatTV ?<\/h2>\n<p>La mission de ChitChatTV est de faire revivre l'enthousiasme des rencontres en ligne dans un environnement s\u00fbr, convivial et moderne. Il se distingue en mettant l'accent sur :<\/p>\n<ul>\n<li>Acc\u00e8s rapide et sans friction - pas de t\u00e9l\u00e9chargements, pas de profils, pas de m\u00e9dias sociaux requis<\/li>\n<li>Une interaction humaine r\u00e9elle et non sc\u00e9naris\u00e9e, plut\u00f4t qu'un contenu curat\u00e9 ou algorithmique<\/li>\n<li>Une ambiance fra\u00eeche et jeune qui attire \u00e0 la fois la g\u00e9n\u00e9ration Z et les mill\u00e9niaux \u00e0 la recherche d'exp\u00e9riences sociales num\u00e9riques plus authentiques.<\/li>\n<\/ul>\n<p>Que vous souhaitiez rire rapidement, rencontrer un ami international ou \u00e9chapper \u00e0 l'ennui, le ChitChatTV est con\u00e7u pour \u00eatre l'endroit o\u00f9 les conversations internationales commencent.<\/p>\n<h2>Caract\u00e9ristiques principales<\/h2>\n<p>1. Chat vid\u00e9o al\u00e9atoire instantan\u00e9<br \/>\nLa principale caract\u00e9ristique de ChitChatTV est son chat vid\u00e9o en t\u00eate-\u00e0-t\u00eate : cliquez pour d\u00e9marrer et vous \u00eates instantan\u00e9ment mis en relation avec un autre utilisateur en ligne pour une conversation priv\u00e9e en direct. Il n'y a pas d'attente pour les approbations, les correspondances ou les files d'attente dans les salles : il n'y a que vous et votre partenaire de chat, face \u00e0 face.<\/p>\n<p>2. Bouton \"Suivant\/Saut\" pour une mise en correspondance rapide<br \/>\nSi vous ne vous sentez pas concern\u00e9 par une conversation particuli\u00e8re, vous pouvez passer instantan\u00e9ment \u00e0 l'utilisateur suivant. Cette exp\u00e9rience de cycle rapide imite le style rapide et addictif qui a rendu Monkey et <a href=\"https:\/\/strangercam.com\/fr\/omegle\/\">Omegle<\/a> populaire.<\/p>\n<p>3. Chat textuel et Emojis<br \/>\nEn plus de la vid\u00e9o, vous pouvez envoyer des messages textuels et des emojis dans le chat. C'est id\u00e9al pour briser la glace, partager des blagues ou communiquer en cas de barri\u00e8re linguistique.<\/p>\n<p>4. Pas d'inscription ni de cr\u00e9ation de compte<br \/>\nChitChatTV est synonyme de confidentialit\u00e9 et de rapidit\u00e9. Les utilisateurs n'ont pas besoin de s'inscrire ou de fournir des informations personnelles pour commencer \u00e0 chatter, ce qui garantit l'anonymat et la simplicit\u00e9 de l'exp\u00e9rience.<\/p>\n<p>5. Conception adapt\u00e9e au mobile d'abord<br \/>\nLa plateforme fonctionne de mani\u00e8re transparente sur les navigateurs mobiles et de bureau. L'interface utilisateur est optimis\u00e9e pour le tactile, rapide \u00e0 charger et facile \u00e0 naviguer, ce qui la rend id\u00e9ale pour les discussions en d\u00e9placement.<\/p>\n<p>6. Port\u00e9e mondiale et communaut\u00e9 multilingue<br \/>\nChitChatTV met en relation des personnes du monde entier, ce qui facilite la rencontre de nouveaux amis, la pratique de diff\u00e9rentes langues et l'exp\u00e9rience d'une vari\u00e9t\u00e9 de cultures en temps r\u00e9el.<\/p>\n<p>7. Outils de s\u00e9curit\u00e9 et de mod\u00e9ration<br \/>\nLa s\u00e9curit\u00e9 des utilisateurs est assur\u00e9e par un bouton de signalement dans le chat et des syst\u00e8mes de mod\u00e9ration (aliment\u00e9s par l'IA et \u00e9valu\u00e9s par des humains) qui visent \u00e0 limiter les comportements inappropri\u00e9s et \u00e0 rendre la plateforme accueillante pour tous.<\/p>\n<h2>Le ChitChatTV est-il gratuit ?<\/h2>\n<p>Oui, l'utilisation de ChitChatTV est totalement gratuite. Il existe :<\/p>\n<ul>\n<li>Pas de murs payants, d'abonnements ou de jetons<\/li>\n<li>Acc\u00e8s illimit\u00e9 au chat vid\u00e9o et textuel<\/li>\n<li>Pas besoin de comptes premium pour d\u00e9bloquer les fonctionnalit\u00e9s<\/li>\n<\/ul>\n<p>Bien qu'il puisse y avoir des publicit\u00e9s occasionnelles non intrusives pour soutenir la plateforme, tous les utilisateurs ont un acc\u00e8s \u00e9gal \u00e0 l'exp\u00e9rience de base du chat.<\/p>\n<h2>Qui utilise le ChitChatTV ?<\/h2>\n<p>Le design et l'ambiance de ChitChatTV attirent un large public international :<\/p>\n<ul>\n<li>Tranche d'\u00e2ge : Principalement 18-30 ans, mais des adultes de tous \u00e2ges participent.<\/li>\n<li>Base d'utilisateurs : \u00c9tudiants, jeunes professionnels, voyageurs, nomades num\u00e9riques, apprenants de langues et bavards occasionnels.<\/li>\n<li>Localisation : Bases d'utilisateurs actifs aux \u00c9tats-Unis, au Royaume-Uni, en Europe, au Br\u00e9sil, en Inde, en Asie du Sud-Est, etc.<\/li>\n<\/ul>\n<p>Les gens rejoignent ChitChatTV pour diverses raisons :<\/p>\n<ul>\n<li>Se faire de nouveaux amis et \u00e9largir son cercle social mondial<\/li>\n<li>Flirter ou trouver des c\u00e9libataires partageant les m\u00eames id\u00e9es dans un espace s\u00fbr et sans pression<\/li>\n<li>Pratiquer des langues ou d\u00e9couvrir des cultures diff\u00e9rentes<\/li>\n<li>Passer le temps, \u00e9chapper \u00e0 l'ennui ou rechercher des conversations authentiques<\/li>\n<\/ul>\n<h2>S\u00e9curit\u00e9, vie priv\u00e9e et mod\u00e9ration<\/h2>\n<p>ChitChatTV comprend que la confidentialit\u00e9 et la s\u00e9curit\u00e9 sont cruciales pour les plateformes de chat vid\u00e9o, et met en \u0153uvre plusieurs mesures pour prot\u00e9ger les utilisateurs :<\/p>\n<h3>Vie priv\u00e9e<\/h3>\n<ul>\n<li>Aucun compte, aucune inscription, aucune information personnelle n'est requise.<\/li>\n<li>Les chats ne sont pas sauvegard\u00e9s ni rendus publics<\/li>\n<li>Vous contr\u00f4lez \u00e0 tout moment l'acc\u00e8s \u00e0 votre webcam et \u00e0 votre microphone.<\/li>\n<\/ul>\n<h3>La mod\u00e9ration<\/h3>\n<ul>\n<li>Signalement en temps r\u00e9el dans le chat : Signalez facilement tout comportement inappropri\u00e9<\/li>\n<li>D\u00e9tection bas\u00e9e sur l'IA : Filtre et bloque certains contenus explicites<\/li>\n<li>Mod\u00e9rateurs humains : examinent les utilisateurs signal\u00e9s et appliquent les lignes directrices de la communaut\u00e9<\/li>\n<li>Blocage rapide : Sautez ou bloquez instantan\u00e9ment toute personne qui vous met mal \u00e0 l'aise.<\/li>\n<\/ul>\n<h3>Conseils aux utilisateurs<\/h3>\n<ul>\n<li>Ne jamais communiquer de donn\u00e9es personnelles telles que le nom complet, l'adresse ou les liens vers les r\u00e9seaux sociaux.<\/li>\n<li>Utilisez les boutons \"Suivant\" et \"Rapport\" si n\u00e9cessaire.<\/li>\n<li>Mettez fin \u00e0 toute discussion qui vous semble inconfortable ou suspecte.<\/li>\n<\/ul>\n<p>ChitChatTV est r\u00e9serv\u00e9 aux adultes (18+), et les utilisateurs sont encourag\u00e9s \u00e0 garder les interactions respectueuses et l\u00e9g\u00e8res.<\/p>\n<h2>Exp\u00e9rience et conception des utilisateurs<\/h2>\n<p>ChitChatTV offre une interface moderne, simple et intuitive. La page d'accueil pr\u00e9sente un bouton \"D\u00e9marrer le chat\" en gras et des informations claires sur la confidentialit\u00e9 et les r\u00e8gles. En deux clics, vous \u00eates en direct dans un chat priv\u00e9.<\/p>\n<p>Faits marquants :<\/p>\n<ul>\n<li>Chargement rapide et correspondance quasi instantan\u00e9e<\/li>\n<li>Des fen\u00eatres vid\u00e9o larges et claires pour faciliter les conversations en face \u00e0 face<\/li>\n<li>Commandes fluides pour couper, sauter, signaler et terminer les conversations<\/li>\n<li>Une mise en page claire, sans pop-up ni encombrement<\/li>\n<li>Forte compatibilit\u00e9 mobile pour discuter partout et \u00e0 tout moment<\/li>\n<\/ul>\n<p>Compar\u00e9 aux anciens sites de chat, ChitChatTV est plus l\u00e9ger, plus rapide et plus attrayant, en particulier pour les jeunes et les utilisateurs de t\u00e9l\u00e9phones portables.<\/p>\n<h2>ChitChatTV vs. autres plateformes de chat vid\u00e9o<\/h2>\n<p>Comment ChitChatTV se situe-t-il par rapport aux principales applications de chat vid\u00e9o en 2025 ?<\/p>\n<table>\n<thead>\n<tr>\n<th>Fonctionnalit\u00e9<\/th>\n<th>ChitChatTV<\/th>\n<th>Singe<\/th>\n<th>Azar<\/th>\n<th>OmeTV<\/th>\n<th>Chaty<\/th>\n<\/tr>\n<\/thead>\n<tbody>\n<tr>\n<td>Random Video Chat avec des Inconnus<\/td>\n<td>Oui<\/td>\n<td>Oui<\/td>\n<td>Oui<\/td>\n<td>Oui<\/td>\n<td>Oui<\/td>\n<\/tr>\n<tr>\n<td>Option de chat textuel<\/td>\n<td>Oui<\/td>\n<td>Oui<\/td>\n<td>Oui<\/td>\n<td>Oui<\/td>\n<td>Oui<\/td>\n<\/tr>\n<tr>\n<td>Inscription n\u00e9cessaire<\/td>\n<td>Non<\/td>\n<td>Oui<\/td>\n<td>Oui<\/td>\n<td>Non<\/td>\n<td>Non<\/td>\n<\/tr>\n<tr>\n<td>Adapt\u00e9e aux mobiles<\/td>\n<td>Excellent<\/td>\n<td>Excellent<\/td>\n<td>Excellent<\/td>\n<td>Bon<\/td>\n<td>Excellent<\/td>\n<\/tr>\n<tr>\n<td>Filtres de genre\/r\u00e9gion<\/td>\n<td>Non<\/td>\n<td>Non<\/td>\n<td>Pay\u00e9<\/td>\n<td>Pay\u00e9<\/td>\n<td>Non<\/td>\n<\/tr>\n<tr>\n<td>Utilisation gratuite<\/td>\n<td>Oui<\/td>\n<td>Oui<\/td>\n<td>Oui\/Pay\u00e9<\/td>\n<td>Oui\/Pay\u00e9<\/td>\n<td>Oui<\/td>\n<\/tr>\n<tr>\n<td>Mod\u00e9ration\/rapport<\/td>\n<td>Bon<\/td>\n<td>Mod\u00e9r\u00e9<\/td>\n<td>Bon<\/td>\n<td>Fort<\/td>\n<td>Mod\u00e9r\u00e9<\/td>\n<\/tr>\n<\/tbody>\n<\/table>\n<p>R\u00e9sum\u00e9 : ChitChatTV est proche de l'ambiance spontan\u00e9e et rapide de Monkey et Azar, mais se distingue par son approche v\u00e9ritablement anonyme, sans enregistrement requis, et par son excellente assistance mobile.<\/p>\n<h2>Avantages et inconv\u00e9nients<\/h2>\n<p>Pour :<\/p>\n<ul>\n<li>100% gratuit et accessible - pas besoin de s'inscrire ou d'utiliser une application<\/li>\n<li>Mise en relation rapide et anonyme pour un chat vid\u00e9o en t\u00eate-\u00e0-t\u00eate \u00e0 l'\u00e9chelle mondiale<\/li>\n<li>Interface moderne et optimis\u00e9e pour les mobiles<\/li>\n<li>Chat textuel simple et prise en charge des emoji<\/li>\n<li>Outils robustes de s\u00e9curit\u00e9, de signalement et de mod\u00e9ration<\/li>\n<li>Accueil des utilisateurs du monde entier<\/li>\n<\/ul>\n<p>Cons :<\/p>\n<ul>\n<li>Pas de filtres pour le sexe ou la r\u00e9gion (les correspondances sont totalement al\u00e9atoires)<\/li>\n<li>Comportement inappropri\u00e9 occasionnel, malgr\u00e9 la mod\u00e9ration<\/li>\n<li>Plus d'utilisateurs masculins que f\u00e9minins (fr\u00e9quent dans ce cr\u00e9neau)<\/li>\n<li>Pas de profils, de listes d'amis ou de possibilit\u00e9 de se reconnecter<\/li>\n<li>R\u00e9serv\u00e9 aux adultes (18+)<\/li>\n<\/ul>\n<h2>Cas d'utilisation id\u00e9aux<\/h2>\n<p>ChitChatTV est parfait pour :<\/p>\n<ul>\n<li>Les fans de Monkey, OmeTV et Azar recherchent une nouvelle exp\u00e9rience de chat vid\u00e9o anonyme.<\/li>\n<li>Jeunes adultes et \u00e9tudiants souhaitant \u00e9largir leur r\u00e9seau social mondial<\/li>\n<li>Les apprenants de langues, les voyageurs et les expatri\u00e9s \u00e0 la recherche d'un \u00e9change culturel spontan\u00e9<\/li>\n<li>Toute personne souhaitant passer le temps, se faire des amis ou trouver un partenaire de chat dans un environnement s\u00fbr.<\/li>\n<\/ul>\n<p>Il est moins id\u00e9al pour :<\/p>\n<ul>\n<li>Utilisateurs de moins de 18 ans (condition d'\u00e2ge stricte)<\/li>\n<li>Ceux qui recherchent des filtres sp\u00e9cifiques aux rencontres, des correspondances ou des relations \u00e0 long terme<\/li>\n<li>Les gens ne sont pas \u00e0 l'aise avec les interactions vid\u00e9o non sc\u00e9naris\u00e9es en direct<\/li>\n<\/ul>\n<p>ChitChatTV est une alternative moderne et conviviale aux plateformes de chat vid\u00e9o al\u00e9atoire les plus populaires, offrant des connexions rapides, anonymes et globales \u00e0 la nouvelle g\u00e9n\u00e9ration de chatteurs en ligne. Gr\u00e2ce \u00e0 son interface \u00e9pur\u00e9e, \u00e0 sa conception ax\u00e9e sur le mobile et \u00e0 son engagement en faveur de la protection de la vie priv\u00e9e des utilisateurs, ChitChatTV capture l'enthousiasme du chat classique <a href=\"https:\/\/strangercam.com\/fr\/chatroulette\/\">roulette<\/a> mais avec une sensation de s\u00e9curit\u00e9 et de fra\u00eecheur pour 2025.<\/p>\n<p>Si vous \u00eates pr\u00eat \u00e0 d\u00e9couvrir de nouveaux visages, \u00e0 vous faire des amis ou simplement \u00e0 vous amuser en discutant avec des inconnus du monde entier, ChitChatTV vaut vraiment la peine d'\u00eatre essay\u00e9 - pas d'inscription, pas de tracas, juste des conversations en direct.<\/p>","protected":false},"excerpt":{"rendered":"<p>With the rise (and sometimes fall) of popular video chat apps like Monkey, Azar, and OmeTV, the online chat scene has never been more competitive\u2014or more innovative. ChitChatTV is a new contender in the random video chat space, promising instant, global, one-on-one connections and a lively, mobile-friendly experience that appeals to the TikTok generation and [&hellip;]<\/p>\n","protected":false},"author":6,"featured_media":0,"parent":0,"menu_order":0,"comment_status":"closed","ping_status":"closed","template":"","meta":{"footnotes":""},"class_list":["post-12939","page","type-page","status-publish","hentry"],"yoast_head":"<!-- This site is optimized with the Yoast SEO plugin v27.4 - https:\/\/yoast.com\/product\/yoast-seo-wordpress\/ -->\n<title>ChitChatTV - ChitChat Video Chat - StrangerCam<\/title>\n<meta name=\"description\" content=\"Like ChitChatTV? Come chat with more than 5.000.000 strangers on Stranger Cam for Free! Turn on your cam and find new friends &amp; maby a match!\" \/>\n<meta name=\"robots\" content=\"index, follow, max-snippet:-1, max-image-preview:large, max-video-preview:-1\" \/>\n<link rel=\"canonical\" href=\"https:\/\/strangercam.com\/fr\/chitchattv\/\" \/>\n<meta property=\"og:locale\" content=\"fr_FR\" \/>\n<meta property=\"og:type\" content=\"article\" \/>\n<meta property=\"og:title\" content=\"ChitChatTV - ChitChat Video Chat - StrangerCam\" \/>\n<meta property=\"og:description\" content=\"Like ChitChatTV? Come chat with more than 5.000.000 strangers on Stranger Cam for Free! Turn on your cam and find new friends &amp; maby a match!\" \/>\n<meta property=\"og:url\" content=\"https:\/\/strangercam.com\/fr\/chitchattv\/\" \/>\n<meta property=\"og:site_name\" content=\"Strangercam\" \/>\n<meta property=\"article:publisher\" content=\"https:\/\/www.facebook.com\/strangercam\" \/>\n<meta property=\"og:image\" content=\"https:\/\/strangercam.com\/wp-content\/uploads\/2021\/10\/Untitled-2.png\" \/>\n\t<meta property=\"og:image:width\" content=\"800\" \/>\n\t<meta property=\"og:image:height\" content=\"532\" \/>\n\t<meta property=\"og:image:type\" content=\"image\/png\" \/>\n<meta name=\"twitter:card\" content=\"summary_large_image\" \/>\n<meta name=\"twitter:site\" content=\"@strangercamapp\" \/>\n<meta name=\"twitter:label1\" content=\"Dur\u00e9e de lecture estim\u00e9e\" \/>\n\t<meta name=\"twitter:data1\" content=\"6 minutes\" \/>\n<script type=\"application\/ld+json\" class=\"yoast-schema-graph\">{\"@context\":\"https:\\\/\\\/schema.org\",\"@graph\":[{\"@type\":\"WebPage\",\"@id\":\"https:\\\/\\\/strangercam.com\\\/chitchattv\\\/\",\"url\":\"https:\\\/\\\/strangercam.com\\\/chitchattv\\\/\",\"name\":\"ChitChatTV - ChitChat Video Chat - StrangerCam\",\"isPartOf\":{\"@id\":\"https:\\\/\\\/strangercam.com\\\/#website\"},\"datePublished\":\"2025-07-28T09:00:18+00:00\",\"description\":\"Like ChitChatTV? Come chat with more than 5.000.000 strangers on Stranger Cam for Free! Turn on your cam and find new friends & maby a match!\",\"breadcrumb\":{\"@id\":\"https:\\\/\\\/strangercam.com\\\/chitchattv\\\/#breadcrumb\"},\"inLanguage\":\"fr-FR\",\"potentialAction\":[{\"@type\":\"ReadAction\",\"target\":[\"https:\\\/\\\/strangercam.com\\\/chitchattv\\\/\"]}]},{\"@type\":\"BreadcrumbList\",\"@id\":\"https:\\\/\\\/strangercam.com\\\/chitchattv\\\/#breadcrumb\",\"itemListElement\":[{\"@type\":\"ListItem\",\"position\":1,\"name\":\"Home\",\"item\":\"https:\\\/\\\/strangercam.com\\\/\"},{\"@type\":\"ListItem\",\"position\":2,\"name\":\"ChitChatTV\"}]},{\"@type\":\"WebSite\",\"@id\":\"https:\\\/\\\/strangercam.com\\\/#website\",\"url\":\"https:\\\/\\\/strangercam.com\\\/\",\"name\":\"Strangercam\",\"description\":\"Random Video Chat with Strangers\",\"publisher\":{\"@id\":\"https:\\\/\\\/strangercam.com\\\/#organization\"},\"alternateName\":\"Strangercam.com\",\"potentialAction\":[{\"@type\":\"SearchAction\",\"target\":{\"@type\":\"EntryPoint\",\"urlTemplate\":\"https:\\\/\\\/strangercam.com\\\/?s={search_term_string}\"},\"query-input\":{\"@type\":\"PropertyValueSpecification\",\"valueRequired\":true,\"valueName\":\"search_term_string\"}}],\"inLanguage\":\"fr-FR\"},{\"@type\":\"Organization\",\"@id\":\"https:\\\/\\\/strangercam.com\\\/#organization\",\"name\":\"Strangercam\",\"alternateName\":\"Strangercam.com\",\"url\":\"https:\\\/\\\/strangercam.com\\\/\",\"logo\":{\"@type\":\"ImageObject\",\"inLanguage\":\"fr-FR\",\"@id\":\"https:\\\/\\\/strangercam.com\\\/#\\\/schema\\\/logo\\\/image\\\/\",\"url\":\"https:\\\/\\\/strangercam.com\\\/wp-content\\\/uploads\\\/2020\\\/11\\\/cropped-new-favicon-black.png\",\"contentUrl\":\"https:\\\/\\\/strangercam.com\\\/wp-content\\\/uploads\\\/2020\\\/11\\\/cropped-new-favicon-black.png\",\"width\":512,\"height\":512,\"caption\":\"Strangercam\"},\"image\":{\"@id\":\"https:\\\/\\\/strangercam.com\\\/#\\\/schema\\\/logo\\\/image\\\/\"},\"sameAs\":[\"https:\\\/\\\/www.facebook.com\\\/strangercam\",\"https:\\\/\\\/x.com\\\/strangercamapp\"]}]}<\/script>\n<!-- \/ Yoast SEO plugin. -->","yoast_head_json":{"title":"ChitChatTV - ChitChat Video Chat - StrangerCam","description":"Vous aimez ChitChatTV ? Venez discuter avec plus de 5.000.000 d'inconnus sur Stranger Cam gratuitement ! Allume ta cam\u00e9ra et trouve de nouveaux amis et peut-\u00eatre un partenaire !","robots":{"index":"index","follow":"follow","max-snippet":"max-snippet:-1","max-image-preview":"max-image-preview:large","max-video-preview":"max-video-preview:-1"},"canonical":"https:\/\/strangercam.com\/fr\/chitchattv\/","og_locale":"fr_FR","og_type":"article","og_title":"ChitChatTV - ChitChat Video Chat - StrangerCam","og_description":"Like ChitChatTV? Come chat with more than 5.000.000 strangers on Stranger Cam for Free! Turn on your cam and find new friends & maby a match!","og_url":"https:\/\/strangercam.com\/fr\/chitchattv\/","og_site_name":"Strangercam","article_publisher":"https:\/\/www.facebook.com\/strangercam","og_image":[{"width":800,"height":532,"url":"https:\/\/strangercam.com\/wp-content\/uploads\/2021\/10\/Untitled-2.png","type":"image\/png"}],"twitter_card":"summary_large_image","twitter_site":"@strangercamapp","twitter_misc":{"Dur\u00e9e de lecture estim\u00e9e":"6 minutes"},"schema":{"@context":"https:\/\/schema.org","@graph":[{"@type":"WebPage","@id":"https:\/\/strangercam.com\/chitchattv\/","url":"https:\/\/strangercam.com\/chitchattv\/","name":"ChitChatTV - ChitChat Video Chat - StrangerCam","isPartOf":{"@id":"https:\/\/strangercam.com\/#website"},"datePublished":"2025-07-28T09:00:18+00:00","description":"Vous aimez ChitChatTV ? Venez discuter avec plus de 5.000.000 d'inconnus sur Stranger Cam gratuitement ! Allume ta cam\u00e9ra et trouve de nouveaux amis et peut-\u00eatre un partenaire !","breadcrumb":{"@id":"https:\/\/strangercam.com\/chitchattv\/#breadcrumb"},"inLanguage":"fr-FR","potentialAction":[{"@type":"ReadAction","target":["https:\/\/strangercam.com\/chitchattv\/"]}]},{"@type":"BreadcrumbList","@id":"https:\/\/strangercam.com\/chitchattv\/#breadcrumb","itemListElement":[{"@type":"ListItem","position":1,"name":"Home","item":"https:\/\/strangercam.com\/"},{"@type":"ListItem","position":2,"name":"ChitChatTV"}]},{"@type":"WebSite","@id":"https:\/\/strangercam.com\/#website","url":"https:\/\/strangercam.com\/","name":"Strangercam","description":"Chat vid\u00e9o al\u00e9atoire avec des inconnus","publisher":{"@id":"https:\/\/strangercam.com\/#organization"},"alternateName":"Strangercam.com","potentialAction":[{"@type":"SearchAction","target":{"@type":"EntryPoint","urlTemplate":"https:\/\/strangercam.com\/?s={search_term_string}"},"query-input":{"@type":"PropertyValueSpecification","valueRequired":true,"valueName":"search_term_string"}}],"inLanguage":"fr-FR"},{"@type":"Organization","@id":"https:\/\/strangercam.com\/#organization","name":"Strangercam","alternateName":"Strangercam.com","url":"https:\/\/strangercam.com\/","logo":{"@type":"ImageObject","inLanguage":"fr-FR","@id":"https:\/\/strangercam.com\/#\/schema\/logo\/image\/","url":"https:\/\/strangercam.com\/wp-content\/uploads\/2020\/11\/cropped-new-favicon-black.png","contentUrl":"https:\/\/strangercam.com\/wp-content\/uploads\/2020\/11\/cropped-new-favicon-black.png","width":512,"height":512,"caption":"Strangercam"},"image":{"@id":"https:\/\/strangercam.com\/#\/schema\/logo\/image\/"},"sameAs":["https:\/\/www.facebook.com\/strangercam","https:\/\/x.com\/strangercamapp"]}]}},"_links":{"self":[{"href":"https:\/\/strangercam.com\/fr\/wp-json\/wp\/v2\/pages\/12939","targetHints":{"allow":["GET"]}}],"collection":[{"href":"https:\/\/strangercam.com\/fr\/wp-json\/wp\/v2\/pages"}],"about":[{"href":"https:\/\/strangercam.com\/fr\/wp-json\/wp\/v2\/types\/page"}],"author":[{"embeddable":true,"href":"https:\/\/strangercam.com\/fr\/wp-json\/wp\/v2\/users\/6"}],"replies":[{"embeddable":true,"href":"https:\/\/strangercam.com\/fr\/wp-json\/wp\/v2\/comments?post=12939"}],"version-history":[{"count":2,"href":"https:\/\/strangercam.com\/fr\/wp-json\/wp\/v2\/pages\/12939\/revisions"}],"predecessor-version":[{"id":12941,"href":"https:\/\/strangercam.com\/fr\/wp-json\/wp\/v2\/pages\/12939\/revisions\/12941"}],"wp:attachment":[{"href":"https:\/\/strangercam.com\/fr\/wp-json\/wp\/v2\/media?parent=12939"}],"curies":[{"name":"wp","href":"https:\/\/api.w.org\/{rel}","templated":true}]}}